{"id":5,"date":"2022-08-29T10:53:50","date_gmt":"2022-08-29T07:53:50","guid":{"rendered":"https:\/\/help.jamk.fi\/ops-kasikirja\/etusivu\/"},"modified":"2024-04-24T15:23:38","modified_gmt":"2024-04-24T12:23:38","slug":"etusivu","status":"publish","type":"page","link":"https:\/\/help.jamk.fi\/ops-kasikirja\/fi\/","title":{"rendered":"Opetussuunnitelmaty\u00f6n ohjesivusto"},"content":{"rendered":"\n<div id=\"image-and-text-block_89a4c48d4ee154f3f0b94a77d368a4c6\" class=\"image-and-text block-image-and-text pink\">\n  <div class=\"block-image-and-text__wrapper container\">\n    <div class=\"row left\">\n      <div class=\"col-12 col-md-6 img-column\">\n        <div class=\"img-column__wrapper single_img\">\n                      <img decoding=\"async\" class=\"\" src=\"https:\/\/help.jamk.fi\/ops-kasikirja\/wp-content\/uploads\/sites\/61\/2023\/11\/Opiskelukuva_Jamk.jpg\" alt=\"Kuvituskuva\" \/>\n                  <\/div>\n      <\/div>\n      <div class=\"col-12 col-md-6 texts-column\">\n        <div class=\"texts-column__wrapper\">\n                      <h2 class=\"texts-column__wrapper--title \">Opetussuunnitelmaty\u00f6n ohjesivusto<\/h2>\n                                <div class=\"texts-column__wrapper--text_area\"><p>T\u00e4lt\u00e4 sivustolta l\u00f6yd\u00e4t AMK- ja YAMK-tutkintojen opetussuunnitelmaty\u00f6h\u00f6n liittyvi\u00e4 ohjeistuksia ja tausta-ajatuksia teemoittain.<\/p>\n<\/div>\n                    \n        <\/div>\n      <\/div>\n    <\/div>\n  <\/div>\n<\/div>\n\n<div id=\"link-lifts-block_e2b3c4c20e97557dd02e59f3ab7713b6\" class=\"link-lifts block-link-lifts\">\n  <div class=\"row\">\n            <div class=\"col-12 col-lg-4 block-link-lifts__column\">\n          <div class=\"block-link-lifts__item lilac\">\n            <h3 class=\"block-link-lifts__item--heading\">MIKSI? \u2013 OPS-linjaukset ja tausta-ajatukset<\/h3>\n                          <ul class=\"block-link-lifts__item--link-list\">\n                                                                        <li>\n                                              <a class=\"link-list\" href=\"https:\/\/help.jamk.fi\/ops-kasikirja\/fi\/ops-linjaukset\/\" target=\"_self\">OPS-linjaukset, periaatteet ja k\u00e4sitteet<\/a>\n                                          <\/li>\n                                                                                          <li>\n                                              <a class=\"link-list\" href=\"https:\/\/help.jamk.fi\/ops-kasikirja\/fi\/opiskelijalahtoisyys-tyoelamalaheisyys\/\" target=\"_self\">Opiskelijal\u00e4ht\u00f6isyys ja ty\u00f6el\u00e4m\u00e4l\u00e4heisyys<\/a>\n                                          <\/li>\n                                                                                          <li>\n                                              <a class=\"link-list\" href=\"https:\/\/help.jamk.fi\/ops-kasikirja\/osaamisperustaisuus\/\" target=\"_self\">Osaamisperustaisuus, modulaarisuus ja arviointi<\/a>\n                                          <\/li>\n                                                                                          <li>\n                                              <a class=\"link-list\" href=\"https:\/\/help.jamk.fi\/ops-kasikirja\/fi\/ennakointi\/\" target=\"_self\">Osaamisen ennakointi<\/a>\n                                          <\/li>\n                                                                                          <li>\n                                              <a class=\"link-list\" href=\"https:\/\/help.jamk.fi\/ops-kasikirja\/fi\/laatu\/\" target=\"_self\">Opetussuunnitelmien laadunhallinnan l\u00e4ht\u00f6kohdat<\/a>\n                                          <\/li>\n                                                <\/ul>\n            \n          <\/div>\n        <\/div>\n            <div class=\"col-12 col-lg-4 block-link-lifts__column\">\n          <div class=\"block-link-lifts__item lilac\">\n            <h3 class=\"block-link-lifts__item--heading\">MIT\u00c4? \u2013 OPSien yhteiset teemat<\/h3>\n                          <ul class=\"block-link-lifts__item--link-list\">\n                                                                        <li>\n                                              <a class=\"link-list\" href=\"https:\/\/help.jamk.fi\/ops-kasikirja\/fi\/tulevaisuuden-tyoelamataidot\/\" target=\"_self\">Tulevaisuuden ty\u00f6el\u00e4m\u00e4taidot<\/a>\n                                          <\/li>\n                                                                                          <li>\n                                              <a class=\"link-list\" href=\"https:\/\/help.jamk.fi\/ops-kasikirja\/fi\/yrittajyys-ja-innovaatiot\/\" target=\"_self\">Yritt\u00e4jyys ja innovaatiot<\/a>\n                                          <\/li>\n                                                                                          <li>\n                                              <a class=\"link-list\" href=\"https:\/\/help.jamk.fi\/ops-kasikirja\/fi\/kansainvalisyys\/\" target=\"_self\">Kansainv\u00e4lisyys<\/a>\n                                          <\/li>\n                                                                                          <li>\n                                              <a class=\"link-list\" href=\"https:\/\/help.jamk.fi\/ops-kasikirja\/fi\/vastuullinen-asiantuntijuus-ja-kestava-kehitys\/\" target=\"_self\">Vastuullinen asiantuntijuus ja kest\u00e4v\u00e4 kehitys<\/a>\n                                          <\/li>\n                                                                                          <li>\n                                              <a class=\"link-list\" href=\"https:\/\/help.jamk.fi\/ops-kasikirja\/fi\/asiantuntijan-digiosaaminen\/\" target=\"_self\">Asiantuntijan digiosaaminen<\/a>\n                                          <\/li>\n                                                                                          <li>\n                                              <a class=\"link-list\" href=\"https:\/\/help.jamk.fi\/ops-kasikirja\/fi\/jatkuva-oppiminen-ja-korkeakouluyhteistyo\/\" target=\"_self\">Jatkuva oppiminen ja korkeakouluyhteisty\u00f6<\/a>\n                                          <\/li>\n                                                <\/ul>\n            \n          <\/div>\n        <\/div>\n            <div class=\"col-12 col-lg-4 block-link-lifts__column\">\n          <div class=\"block-link-lifts__item lilac\">\n            <h3 class=\"block-link-lifts__item--heading\">MITEN? \u2013 Opetussuunnitelmaty\u00f6n tueksi<\/h3>\n                          <ul class=\"block-link-lifts__item--link-list\">\n                                                                        <li>\n                                              <a class=\"link-list\" href=\"https:\/\/help.jamk.fi\/ops-kasikirja\/fi\/opiskelijat-mukana-ops-tyossa\/\" target=\"_self\">Opiskelijat mukana OPS-ty\u00f6ss\u00e4<\/a>\n                                          <\/li>\n                                                                                          <li>\n                                              <a class=\"link-list\" href=\"https:\/\/help.jamk.fi\/ops-kasikirja\/fi\/tyoelama-mukana-ops-tyossa\/\" target=\"_self\">Ty\u00f6el\u00e4m\u00e4 mukana OPS-ty\u00f6ss\u00e4<\/a>\n                                          <\/li>\n                                                                                          <li>\n                                              <a class=\"link-list\" href=\"https:\/\/help.jamk.fi\/ops-kasikirja\/fi\/tyonjako-roolit-ja-vastuut\/\" target=\"_self\">Ty\u00f6njako: roolit ja vastuut OPS-ty\u00f6ss\u00e4<\/a>\n                                          <\/li>\n                                                                                          <li>\n                                              <a class=\"link-list\" href=\"https:\/\/help.jamk.fi\/ops-kasikirja\/fi\/oppimisen-ja-oppimateriaalien-avoimuus\/\" target=\"_self\">Oppimisen ja oppimateriaalien avoimuus<\/a>\n                                          <\/li>\n                                                                                          <li>\n                                              <a class=\"link-list\" href=\"https:\/\/help.jamk.fi\/ops-kasikirja\/fi\/opetussuunnitelmat-pepissa\/\" target=\"_self\">Opetussuunnitelmat Pepiss\u00e4<\/a>\n                                          <\/li>\n                                                                                          <li>\n                                              <a class=\"link-list\" href=\"https:\/\/help.jamk.fi\/ops-kasikirja\/fi\/toteutusten-tarkistuslista\/\" target=\"_self\">Toteutusten tarkistuslista (Peppi)<\/a>\n                                          <\/li>\n                                                <\/ul>\n            \n          <\/div>\n        <\/div>\n      <\/div>\n<\/div>","protected":false},"excerpt":{"rendered":"","protected":false},"author":79,"featured_media":0,"parent":0,"menu_order":0,"comment_status":"closed","ping_status":"closed","template":"templates\/template-full-width.php","meta":{"_acf_changed":false,"_relevanssi_hide_post":"","_relevanssi_hide_content":"","_relevanssi_pin_for_all":"","_relevanssi_pin_keywords":"","_relevanssi_unpin_keywords":"","_relevanssi_related_keywords":"","_relevanssi_related_include_ids":"","_relevanssi_related_exclude_ids":"","_relevanssi_related_no_append":"","_relevanssi_related_not_related":"","_relevanssi_related_posts":"","_relevanssi_noindex_reason":"","footnotes":""},"categories":[],"tags":[16,20,26],"class_list":["post-5","page","type-page","status-publish","hentry","tag-ohjeet","tag-opetussuunnitelma","tag-ops-tyo"],"acf":[],"yoast_head":"<!-- This site is optimized with the Yoast SEO plugin v27.4 - https:\/\/yoast.com\/product\/yoast-seo-wordpress\/ -->\n<title>Opetussuunnitelmaty\u00f6n ohjesivusto - Ops-k\u00e4sikirja<\/title>\n<meta name=\"robots\" content=\"index, follow, max-snippet:-1, max-image-preview:large, max-video-preview:-1\" \/>\n<link rel=\"canonical\" href=\"https:\/\/help.jamk.fi\/ops-kasikirja\/fi\/\" \/>\n<meta property=\"og:locale\" content=\"fi_FI\" \/>\n<meta property=\"og:type\" content=\"article\" \/>\n<meta property=\"og:title\" content=\"Opetussuunnitelmaty\u00f6n ohjesivusto - Ops-k\u00e4sikirja\" \/>\n<meta property=\"og:url\" content=\"https:\/\/help.jamk.fi\/ops-kasikirja\/fi\/\" \/>\n<meta property=\"og:site_name\" content=\"Ops-k\u00e4sikirja\" \/>\n<meta property=\"article:modified_time\" content=\"2024-04-24T12:23:38+00:00\" \/>\n<meta name=\"twitter:card\" content=\"summary_large_image\" \/>\n<script type=\"application\/ld+json\" class=\"yoast-schema-graph\">{\"@context\":\"https:\\\/\\\/schema.org\",\"@graph\":[{\"@type\":\"WebPage\",\"@id\":\"https:\\\/\\\/help.jamk.fi\\\/ops-kasikirja\\\/fi\\\/\",\"url\":\"https:\\\/\\\/help.jamk.fi\\\/ops-kasikirja\\\/fi\\\/\",\"name\":\"Opetussuunnitelmaty\u00f6n ohjesivusto - Ops-k\u00e4sikirja\",\"isPartOf\":{\"@id\":\"https:\\\/\\\/help.jamk.fi\\\/ops-kasikirja\\\/#website\"},\"datePublished\":\"2022-08-29T07:53:50+00:00\",\"dateModified\":\"2024-04-24T12:23:38+00:00\",\"breadcrumb\":{\"@id\":\"https:\\\/\\\/help.jamk.fi\\\/ops-kasikirja\\\/fi\\\/#breadcrumb\"},\"inLanguage\":\"fi\",\"potentialAction\":[{\"@type\":\"ReadAction\",\"target\":[\"https:\\\/\\\/help.jamk.fi\\\/ops-kasikirja\\\/fi\\\/\"]}]},{\"@type\":\"BreadcrumbList\",\"@id\":\"https:\\\/\\\/help.jamk.fi\\\/ops-kasikirja\\\/fi\\\/#breadcrumb\",\"itemListElement\":[{\"@type\":\"ListItem\",\"position\":1,\"name\":\"Etusivu\",\"item\":\"https:\\\/\\\/help.jamk.fi\\\/ops-kasikirja\\\/fi\\\/\"},{\"@type\":\"ListItem\",\"position\":2,\"name\":\"Opetussuunnitelmaty\u00f6n ohjesivusto\"}]},{\"@type\":\"WebSite\",\"@id\":\"https:\\\/\\\/help.jamk.fi\\\/ops-kasikirja\\\/#website\",\"url\":\"https:\\\/\\\/help.jamk.fi\\\/ops-kasikirja\\\/\",\"name\":\"Ops-k\u00e4sikirja\",\"description\":\"\",\"potentialAction\":[{\"@type\":\"SearchAction\",\"target\":{\"@type\":\"EntryPoint\",\"urlTemplate\":\"https:\\\/\\\/help.jamk.fi\\\/ops-kasikirja\\\/?s={search_term_string}\"},\"query-input\":{\"@type\":\"PropertyValueSpecification\",\"valueRequired\":true,\"valueName\":\"search_term_string\"}}],\"inLanguage\":\"fi\"}]}<\/script>\n<!-- \/ Yoast SEO plugin. -->","yoast_head_json":{"title":"Opetussuunnitelmaty\u00f6n ohjesivusto - Ops-k\u00e4sikirja","robots":{"index":"index","follow":"follow","max-snippet":"max-snippet:-1","max-image-preview":"max-image-preview:large","max-video-preview":"max-video-preview:-1"},"canonical":"https:\/\/help.jamk.fi\/ops-kasikirja\/fi\/","og_locale":"fi_FI","og_type":"article","og_title":"Opetussuunnitelmaty\u00f6n ohjesivusto - Ops-k\u00e4sikirja","og_url":"https:\/\/help.jamk.fi\/ops-kasikirja\/fi\/","og_site_name":"Ops-k\u00e4sikirja","article_modified_time":"2024-04-24T12:23:38+00:00","twitter_card":"summary_large_image","schema":{"@context":"https:\/\/schema.org","@graph":[{"@type":"WebPage","@id":"https:\/\/help.jamk.fi\/ops-kasikirja\/fi\/","url":"https:\/\/help.jamk.fi\/ops-kasikirja\/fi\/","name":"Opetussuunnitelmaty\u00f6n ohjesivusto - Ops-k\u00e4sikirja","isPartOf":{"@id":"https:\/\/help.jamk.fi\/ops-kasikirja\/#website"},"datePublished":"2022-08-29T07:53:50+00:00","dateModified":"2024-04-24T12:23:38+00:00","breadcrumb":{"@id":"https:\/\/help.jamk.fi\/ops-kasikirja\/fi\/#breadcrumb"},"inLanguage":"fi","potentialAction":[{"@type":"ReadAction","target":["https:\/\/help.jamk.fi\/ops-kasikirja\/fi\/"]}]},{"@type":"BreadcrumbList","@id":"https:\/\/help.jamk.fi\/ops-kasikirja\/fi\/#breadcrumb","itemListElement":[{"@type":"ListItem","position":1,"name":"Etusivu","item":"https:\/\/help.jamk.fi\/ops-kasikirja\/fi\/"},{"@type":"ListItem","position":2,"name":"Opetussuunnitelmaty\u00f6n ohjesivusto"}]},{"@type":"WebSite","@id":"https:\/\/help.jamk.fi\/ops-kasikirja\/#website","url":"https:\/\/help.jamk.fi\/ops-kasikirja\/","name":"Ops-k\u00e4sikirja","description":"","potentialAction":[{"@type":"SearchAction","target":{"@type":"EntryPoint","urlTemplate":"https:\/\/help.jamk.fi\/ops-kasikirja\/?s={search_term_string}"},"query-input":{"@type":"PropertyValueSpecification","valueRequired":true,"valueName":"search_term_string"}}],"inLanguage":"fi"}]}},"_links":{"self":[{"href":"https:\/\/help.jamk.fi\/ops-kasikirja\/wp-json\/wp\/v2\/pages\/5","targetHints":{"allow":["GET"]}}],"collection":[{"href":"https:\/\/help.jamk.fi\/ops-kasikirja\/wp-json\/wp\/v2\/pages"}],"about":[{"href":"https:\/\/help.jamk.fi\/ops-kasikirja\/wp-json\/wp\/v2\/types\/page"}],"author":[{"embeddable":true,"href":"https:\/\/help.jamk.fi\/ops-kasikirja\/wp-json\/wp\/v2\/users\/79"}],"replies":[{"embeddable":true,"href":"https:\/\/help.jamk.fi\/ops-kasikirja\/wp-json\/wp\/v2\/comments?post=5"}],"version-history":[{"count":35,"href":"https:\/\/help.jamk.fi\/ops-kasikirja\/wp-json\/wp\/v2\/pages\/5\/revisions"}],"predecessor-version":[{"id":483,"href":"https:\/\/help.jamk.fi\/ops-kasikirja\/wp-json\/wp\/v2\/pages\/5\/revisions\/483"}],"wp:attachment":[{"href":"https:\/\/help.jamk.fi\/ops-kasikirja\/wp-json\/wp\/v2\/media?parent=5"}],"wp:term":[{"taxonomy":"category","embeddable":true,"href":"https:\/\/help.jamk.fi\/ops-kasikirja\/wp-json\/wp\/v2\/categories?post=5"},{"taxonomy":"post_tag","embeddable":true,"href":"https:\/\/help.jamk.fi\/ops-kasikirja\/wp-json\/wp\/v2\/tags?post=5"}],"curies":[{"name":"wp","href":"https:\/\/api.w.org\/{rel}","templated":true}]}}