{"id":518,"date":"2024-05-20T15:08:00","date_gmt":"2024-05-20T12:08:00","guid":{"rendered":"https:\/\/help.jamk.fi\/ops-kasikirja\/?page_id=518"},"modified":"2024-05-20T15:08:01","modified_gmt":"2024-05-20T12:08:01","slug":"work-skills-of-the-future","status":"publish","type":"page","link":"https:\/\/help.jamk.fi\/ops-kasikirja\/en\/work-skills-of-the-future\/","title":{"rendered":"Work skills of the future"},"content":{"rendered":"\n<h2 class=\"wp-block-heading\">Competitive competence for work<\/h2>\n\n\n\n<p>Jamk aims to educate specialists who respond to employers\u2019 future challenges through innovation and competitive competence. An underlying theme of all curricula is the development of future work skills while supporting students\u2019 professional growth. Future work skills are developed alongside substance studies. Pedagogical choices can support the development of necessary work skills. Identified future work skills are introduced to curricula as evaluated learning outcomes. Cooperation with the representatives of business and industry supports the development of curricula and makes the required competence more concrete for students.<\/p>\n\n\n\n<h2 class=\"wp-block-heading\">Helpful questions for curriculum work<\/h2>\n\n\n\n<ul class=\"wp-block-list\">\n<li>Is the curriculum open and flexible for the current needs of business and industry?<\/li>\n\n\n\n<li>How are work skills apparent in course descriptions and operating methods throughout the studies?<\/li>\n\n\n\n<li>How well do the intended learning outcomes and contents of the courses respond to the challenges and needs of work in the future?<\/li>\n\n\n\n<li>Do the intended learning outcomes support the development of transferable skills (e.g. work community skills, ethical competence, internationalisation skills, interaction and communication skills)?<\/li>\n\n\n\n<li>What kind of work skills is the student expected to have?<\/li>\n\n\n\n<li>How is the student supported in finding the future competence that is suitable for them?<\/li>\n\n\n\n<li>How is the student supported in identifying their competence and putting it into words?<\/li>\n\n\n\n<li>What kinds of pedagogical choices offer the student opportunities to learn work skills?<\/li>\n\n\n\n<li>How do the studies outline the future operating environment?<\/li>\n\n\n\n<li>Are courses\u2019 intended learning outcomes described in a way that enables studification?<\/li>\n<\/ul>\n\n\n\n<h2 class=\"wp-block-heading\">Materials to support curriculum work<\/h2>\n\n\n\n<ul class=\"wp-block-list\">\n<li>Information about professions\u2019 employment prospects and competence needs: <a href=\"https:\/\/www.foreammatti.fi\/\">http:\/\/www.foreammatti.fi\/<\/a> (Finnish web page)<\/li>\n\n\n\n<li>What kinds of tasks higher education graduates work in: <a href=\"https:\/\/toissa.fi\/en_US\/about-service\">https:\/\/toissa.fi\/<\/a><\/li>\n\n\n\n<li>AVOP feedback<\/li>\n\n\n\n<li>Career monitoring survey for our alumni who graduated five years ago. Information on successful employment cooperation and career guidance from the perspective of our alumni. <a href=\"https:\/\/amk-uraseuranta.turkuamk.fi\/en\/results\/\">https:\/\/amk-uraseuranta.turkuamk.fi\/en\/results\/<\/a><\/li>\n\n\n\n<li>Self-evaluation tool for working life cooperation for planning teaching. This self-evaluation tool allows teachers to evaluate what kind of employment-oriented pedagogical solutions could be used in the learning process. The development of the tool has only just started, and the first version has now been published (<a href=\"https:\/\/www.finna.fi\/L1Record\/aoe.1479\">Self-evaluation tool for working life cooperation for planning teaching | Library of Open Educational Resources | Finna<\/a>, Finnish web page).<\/li>\n\n\n\n<li>Laitinen-V\u00e4\u00e4n\u00e4nen, S. 2020. Ty\u00f6el\u00e4m\u00e4yhteisty\u00f6 opetuksen suunnittelussa \u2013 itsearviointimittaria kehitt\u00e4m\u00e4ss\u00e4. (Employment cooperation in the planning of teaching \u2013 developing a self-evaluation tool.) In Kohti oppimisen uutta ekosysteemi\u00e4. (Towards a new ecosystem of learning.) Eds. M. I. Koskinen, R. Nakamura, H. Yli-Knuuttila &amp; P. Tyrv\u00e4inen. Jyv\u00e4skyl\u00e4: Jamk University of Applied Sciences, 97\u2013102. <a href=\"https:\/\/www.theseus.fi\/handle\/10024\/334584\">http:\/\/urn.fi\/URN:ISBN:978-951-830-562-3<\/a> (Finnish web page)<\/li>\n\n\n\n<li><a href=\"https:\/\/tulevaisuusohjaus.fi\/english\/\">https:\/\/tulevaisuusohjaus.fi\/<\/a><\/li>\n\n\n\n<li>Get a Life \u2013 a future-oriented employment simulation for higher education students: <a href=\"https:\/\/getalife.fi\/index_en.html\">http:\/\/getalife.fi\/<\/a> . The simulation available on the website allows users to follow several possible career and life paths and take a peek into a changing future. This simulation is not a prediction tool, but an opportunity to reflect on personal choices and opportunities.<\/li>\n\n\n\n<li>Example of global career guidance services online: <a href=\"https:\/\/www.pivotplanet.com\/\">https:\/\/www.pivotplanet.com\/<\/a><\/li>\n<\/ul>\n\n\n\n<p class=\"has-text-align-right\"><em>Anne Hakala 26.1.2023<\/em><\/p>\n","protected":false},"excerpt":{"rendered":"<p>Competitive competence for work Jamk aims to educate specialists who respond to employers\u2019 future challenges through innovation and competitive competence. An underlying theme of all curricula is the development of future work skills while supporting students\u2019 professional growth. Future work skills are developed alongside substance studies. Pedagogical choices can support the development of necessary work [&hellip;]<\/p>\n","protected":false},"author":79,"featured_media":0,"parent":0,"menu_order":6,"comment_status":"closed","ping_status":"closed","template":"","meta":{"_acf_changed":false,"_relevanssi_hide_post":"","_relevanssi_hide_content":"","_relevanssi_pin_for_all":"","_relevanssi_pin_keywords":"","_relevanssi_unpin_keywords":"","_relevanssi_related_keywords":"","_relevanssi_related_include_ids":"","_relevanssi_related_exclude_ids":"","_relevanssi_related_no_append":"","_relevanssi_related_not_related":"","_relevanssi_related_posts":"","_relevanssi_noindex_reason":"","footnotes":""},"categories":[],"tags":[],"class_list":["post-518","page","type-page","status-publish","hentry"],"acf":[],"yoast_head":"<!-- This site is optimized with the Yoast SEO plugin v27.4 - https:\/\/yoast.com\/product\/yoast-seo-wordpress\/ -->\n<title>Work skills of the future - Ops-k\u00e4sikirja<\/title>\n<meta name=\"robots\" content=\"index, follow, max-snippet:-1, max-image-preview:large, max-video-preview:-1\" \/>\n<link rel=\"canonical\" href=\"https:\/\/help.jamk.fi\/ops-kasikirja\/en\/work-skills-of-the-future\/\" \/>\n<meta property=\"og:locale\" content=\"fi_FI\" \/>\n<meta property=\"og:type\" content=\"article\" \/>\n<meta property=\"og:title\" content=\"Work skills of the future - Ops-k\u00e4sikirja\" \/>\n<meta property=\"og:description\" content=\"Competitive competence for work Jamk aims to educate specialists who respond to employers\u2019 future challenges through innovation and competitive competence. An underlying theme of all curricula is the development of future work skills while supporting students\u2019 professional growth. Future work skills are developed alongside substance studies. Pedagogical choices can support the development of necessary work [&hellip;]\" \/>\n<meta property=\"og:url\" content=\"https:\/\/help.jamk.fi\/ops-kasikirja\/en\/work-skills-of-the-future\/\" \/>\n<meta property=\"og:site_name\" content=\"Ops-k\u00e4sikirja\" \/>\n<meta property=\"article:modified_time\" content=\"2024-05-20T12:08:01+00:00\" \/>\n<meta name=\"twitter:card\" content=\"summary_large_image\" \/>\n<meta name=\"twitter:label1\" content=\"Arvioitu lukuaika\" \/>\n\t<meta name=\"twitter:data1\" content=\"3 minuuttia\" \/>\n<script type=\"application\/ld+json\" class=\"yoast-schema-graph\">{\"@context\":\"https:\\\/\\\/schema.org\",\"@graph\":[{\"@type\":\"WebPage\",\"@id\":\"https:\\\/\\\/help.jamk.fi\\\/ops-kasikirja\\\/en\\\/work-skills-of-the-future\\\/\",\"url\":\"https:\\\/\\\/help.jamk.fi\\\/ops-kasikirja\\\/en\\\/work-skills-of-the-future\\\/\",\"name\":\"Work skills of the future - Ops-k\u00e4sikirja\",\"isPartOf\":{\"@id\":\"https:\\\/\\\/help.jamk.fi\\\/ops-kasikirja\\\/#website\"},\"datePublished\":\"2024-05-20T12:08:00+00:00\",\"dateModified\":\"2024-05-20T12:08:01+00:00\",\"breadcrumb\":{\"@id\":\"https:\\\/\\\/help.jamk.fi\\\/ops-kasikirja\\\/en\\\/work-skills-of-the-future\\\/#breadcrumb\"},\"inLanguage\":\"fi\",\"potentialAction\":[{\"@type\":\"ReadAction\",\"target\":[\"https:\\\/\\\/help.jamk.fi\\\/ops-kasikirja\\\/en\\\/work-skills-of-the-future\\\/\"]}]},{\"@type\":\"BreadcrumbList\",\"@id\":\"https:\\\/\\\/help.jamk.fi\\\/ops-kasikirja\\\/en\\\/work-skills-of-the-future\\\/#breadcrumb\",\"itemListElement\":[{\"@type\":\"ListItem\",\"position\":1,\"name\":\"Etusivu\",\"item\":\"https:\\\/\\\/help.jamk.fi\\\/ops-kasikirja\\\/fi\\\/\"},{\"@type\":\"ListItem\",\"position\":2,\"name\":\"Work skills of the future\"}]},{\"@type\":\"WebSite\",\"@id\":\"https:\\\/\\\/help.jamk.fi\\\/ops-kasikirja\\\/#website\",\"url\":\"https:\\\/\\\/help.jamk.fi\\\/ops-kasikirja\\\/\",\"name\":\"Ops-k\u00e4sikirja\",\"description\":\"\",\"potentialAction\":[{\"@type\":\"SearchAction\",\"target\":{\"@type\":\"EntryPoint\",\"urlTemplate\":\"https:\\\/\\\/help.jamk.fi\\\/ops-kasikirja\\\/?s={search_term_string}\"},\"query-input\":{\"@type\":\"PropertyValueSpecification\",\"valueRequired\":true,\"valueName\":\"search_term_string\"}}],\"inLanguage\":\"fi\"}]}<\/script>\n<!-- \/ Yoast SEO plugin. -->","yoast_head_json":{"title":"Work skills of the future - Ops-k\u00e4sikirja","robots":{"index":"index","follow":"follow","max-snippet":"max-snippet:-1","max-image-preview":"max-image-preview:large","max-video-preview":"max-video-preview:-1"},"canonical":"https:\/\/help.jamk.fi\/ops-kasikirja\/en\/work-skills-of-the-future\/","og_locale":"fi_FI","og_type":"article","og_title":"Work skills of the future - Ops-k\u00e4sikirja","og_description":"Competitive competence for work Jamk aims to educate specialists who respond to employers\u2019 future challenges through innovation and competitive competence. An underlying theme of all curricula is the development of future work skills while supporting students\u2019 professional growth. Future work skills are developed alongside substance studies. Pedagogical choices can support the development of necessary work [&hellip;]","og_url":"https:\/\/help.jamk.fi\/ops-kasikirja\/en\/work-skills-of-the-future\/","og_site_name":"Ops-k\u00e4sikirja","article_modified_time":"2024-05-20T12:08:01+00:00","twitter_card":"summary_large_image","twitter_misc":{"Arvioitu lukuaika":"3 minuuttia"},"schema":{"@context":"https:\/\/schema.org","@graph":[{"@type":"WebPage","@id":"https:\/\/help.jamk.fi\/ops-kasikirja\/en\/work-skills-of-the-future\/","url":"https:\/\/help.jamk.fi\/ops-kasikirja\/en\/work-skills-of-the-future\/","name":"Work skills of the future - Ops-k\u00e4sikirja","isPartOf":{"@id":"https:\/\/help.jamk.fi\/ops-kasikirja\/#website"},"datePublished":"2024-05-20T12:08:00+00:00","dateModified":"2024-05-20T12:08:01+00:00","breadcrumb":{"@id":"https:\/\/help.jamk.fi\/ops-kasikirja\/en\/work-skills-of-the-future\/#breadcrumb"},"inLanguage":"fi","potentialAction":[{"@type":"ReadAction","target":["https:\/\/help.jamk.fi\/ops-kasikirja\/en\/work-skills-of-the-future\/"]}]},{"@type":"BreadcrumbList","@id":"https:\/\/help.jamk.fi\/ops-kasikirja\/en\/work-skills-of-the-future\/#breadcrumb","itemListElement":[{"@type":"ListItem","position":1,"name":"Etusivu","item":"https:\/\/help.jamk.fi\/ops-kasikirja\/fi\/"},{"@type":"ListItem","position":2,"name":"Work skills of the future"}]},{"@type":"WebSite","@id":"https:\/\/help.jamk.fi\/ops-kasikirja\/#website","url":"https:\/\/help.jamk.fi\/ops-kasikirja\/","name":"Ops-k\u00e4sikirja","description":"","potentialAction":[{"@type":"SearchAction","target":{"@type":"EntryPoint","urlTemplate":"https:\/\/help.jamk.fi\/ops-kasikirja\/?s={search_term_string}"},"query-input":{"@type":"PropertyValueSpecification","valueRequired":true,"valueName":"search_term_string"}}],"inLanguage":"fi"}]}},"_links":{"self":[{"href":"https:\/\/help.jamk.fi\/ops-kasikirja\/wp-json\/wp\/v2\/pages\/518","targetHints":{"allow":["GET"]}}],"collection":[{"href":"https:\/\/help.jamk.fi\/ops-kasikirja\/wp-json\/wp\/v2\/pages"}],"about":[{"href":"https:\/\/help.jamk.fi\/ops-kasikirja\/wp-json\/wp\/v2\/types\/page"}],"author":[{"embeddable":true,"href":"https:\/\/help.jamk.fi\/ops-kasikirja\/wp-json\/wp\/v2\/users\/79"}],"replies":[{"embeddable":true,"href":"https:\/\/help.jamk.fi\/ops-kasikirja\/wp-json\/wp\/v2\/comments?post=518"}],"version-history":[{"count":1,"href":"https:\/\/help.jamk.fi\/ops-kasikirja\/wp-json\/wp\/v2\/pages\/518\/revisions"}],"predecessor-version":[{"id":519,"href":"https:\/\/help.jamk.fi\/ops-kasikirja\/wp-json\/wp\/v2\/pages\/518\/revisions\/519"}],"wp:attachment":[{"href":"https:\/\/help.jamk.fi\/ops-kasikirja\/wp-json\/wp\/v2\/media?parent=518"}],"wp:term":[{"taxonomy":"category","embeddable":true,"href":"https:\/\/help.jamk.fi\/ops-kasikirja\/wp-json\/wp\/v2\/categories?post=518"},{"taxonomy":"post_tag","embeddable":true,"href":"https:\/\/help.jamk.fi\/ops-kasikirja\/wp-json\/wp\/v2\/tags?post=518"}],"curies":[{"name":"wp","href":"https:\/\/api.w.org\/{rel}","templated":true}]}}