{"id":520,"date":"2024-05-20T15:21:51","date_gmt":"2024-05-20T12:21:51","guid":{"rendered":"https:\/\/help.jamk.fi\/ops-kasikirja\/?page_id=520"},"modified":"2026-04-13T10:48:35","modified_gmt":"2026-04-13T07:48:35","slug":"entrepreneurship-and-innovations","status":"publish","type":"page","link":"https:\/\/help.jamk.fi\/ops-kasikirja\/en\/entrepreneurship-and-innovations\/","title":{"rendered":"Entrepreneurship and innovations"},"content":{"rendered":"\n<h2 class=\"wp-block-heading\">Innovation and Entrepreneurship Competence<\/h2>\n\n\n\n<p>In the innovation and entrepreneurship study module (formerly Jamk Future Factory), student teams learn by working on and solving genuine development challenges from the world of work. In addition to transdisciplinary and working life-oriented project studies, studies enable developing future employment skills, an entrepreneurial approach, personal career path and employment networks. The study module also introduces the basics of sustainable development.<\/p>\n\n\n\n<h2 class=\"wp-block-heading\">Innovation and Entrepreneurship module 11 cr<\/h2>\n\n\n\n<p>Courses:<\/p>\n\n\n\n<ol class=\"wp-block-list\">\n<li>Kest\u00e4v\u00e4n kehityksen perusteet \/ Basics of Sustainable Development 1 cr (MOOC)<\/li>\n\n\n\n<li>InnoFlash 2 cr<\/li>\n\n\n\n<li>Yritt\u00e4jyys \/ Entrepreneurship 3 cr<\/li>\n\n\n\n<li>Ty\u00f6el\u00e4m\u00e4projekti \/ Working Life Project 5 cr<\/li>\n<\/ol>\n\n\n\n<p>The innovation and entrepreneurship module is shared and compulsory for all Bachelor\u2019s degree students.<\/p>\n\n\n\n<p>There are 1200 to 2000 students taking the course each year. The Jamk Future Factory team is responsible for coordinating of the study module.<\/p>\n\n\n\n<h2 class=\"wp-block-heading\">Elective entrepreneurship studies<\/h2>\n\n\n\n<p>In addition to the compulsory innovation, entrepreneurship, and working-life project studies, students can supplement their competence with elective entrepreneurship studies. Jamk works with EduJyv\u00e4skyl\u00e4 educational institutions to produce courses that support entrepreneurship. The elective entrepreneurship studies are available on the curricula page in Peppi.<\/p>\n\n\n\n<p>Future Factory also conducts practical pedagogical research in the Jamk competence area of transformative learning. While students learn, Future Factory researches and develops new pedagogical solutions, such as using digitalisation to support students\u2019 self-directed learning and guidance.<\/p>\n\n\n\n<h2 class=\"wp-block-heading\">Materials to support curriculum work<\/h2>\n\n\n\n<p><a href=\"https:\/\/opetussuunnitelmat.peppi.jamk.fi\/offerings\/10\/41362?lang=en\" target=\"_blank\" rel=\"noreferrer noopener\">Shared Entrepreneurship Studies For Bachelor&#8217;s and Master&#8217;s Student (Peppi, curricula)<\/a><\/p>\n\n\n\n<p><a href=\"https:\/\/jamkstudent.sharepoint.com\/sites\/Future-Factory-Elmo\/SitePages\/en\/Etusivu.aspx\" target=\"_blank\" rel=\"noreferrer noopener\">Jamk Future Factory\u00ae (Elmo intranet, login required)<\/a><\/p>\n\n\n\n<p><a href=\"https:\/\/www.jamk.fi\/en\/services\/student-projects-and-recruitment\/jamk-future-factoryr-fuel-for-creativity\" target=\"_blank\" rel=\"noreferrer noopener\">Jamk Future Factory\u00ae &#8211; Fuel for Creativity! (jamk.fi)<\/a><\/p>\n\n\n\n<p><a href=\"https:\/\/edufutura.fi\/en\/for-the-student\/entrepreunershipstudies\/\" target=\"_blank\" rel=\"noreferrer noopener\">Entrepreneurship &#8211; EduJyv\u00e4skyl\u00e4 (edujyvaskyla.fi)<\/a><\/p>\n\n\n\n<p><\/p>\n\n\n\n<p class=\"has-text-align-right\"><em>Mari Hakkarainen 13.4.2026<\/em><\/p>\n\n\n\n<p><\/p>\n","protected":false},"excerpt":{"rendered":"<p>Innovation and Entrepreneurship Competence In the innovation and entrepreneurship study module (formerly Jamk Future Factory), student teams learn by working on and solving genuine development challenges from the world of work. In addition to transdisciplinary and working life-oriented project studies, studies enable developing future employment skills, an entrepreneurial approach, personal career path and employment networks. [&hellip;]<\/p>\n","protected":false},"author":79,"featured_media":0,"parent":0,"menu_order":7,"comment_status":"closed","ping_status":"closed","template":"","meta":{"_acf_changed":false,"_relevanssi_hide_post":"","_relevanssi_hide_content":"","_relevanssi_pin_for_all":"","_relevanssi_pin_keywords":"","_relevanssi_unpin_keywords":"","_relevanssi_related_keywords":"","_relevanssi_related_include_ids":"","_relevanssi_related_exclude_ids":"","_relevanssi_related_no_append":"","_relevanssi_related_not_related":"","_relevanssi_related_posts":"","_relevanssi_noindex_reason":"","footnotes":""},"categories":[],"tags":[],"class_list":["post-520","page","type-page","status-publish","hentry"],"acf":[],"yoast_head":"<!-- This site is optimized with the Yoast SEO plugin v27.4 - https:\/\/yoast.com\/product\/yoast-seo-wordpress\/ -->\n<title>Entrepreneurship and innovations - Ops-k\u00e4sikirja<\/title>\n<meta name=\"robots\" content=\"index, follow, max-snippet:-1, max-image-preview:large, max-video-preview:-1\" \/>\n<link rel=\"canonical\" href=\"https:\/\/help.jamk.fi\/ops-kasikirja\/en\/entrepreneurship-and-innovations\/\" \/>\n<meta property=\"og:locale\" content=\"fi_FI\" \/>\n<meta property=\"og:type\" content=\"article\" \/>\n<meta property=\"og:title\" content=\"Entrepreneurship and innovations - Ops-k\u00e4sikirja\" \/>\n<meta property=\"og:description\" content=\"Innovation and Entrepreneurship Competence In the innovation and entrepreneurship study module (formerly Jamk Future Factory), student teams learn by working on and solving genuine development challenges from the world of work. In addition to transdisciplinary and working life-oriented project studies, studies enable developing future employment skills, an entrepreneurial approach, personal career path and employment networks. [&hellip;]\" \/>\n<meta property=\"og:url\" content=\"https:\/\/help.jamk.fi\/ops-kasikirja\/en\/entrepreneurship-and-innovations\/\" \/>\n<meta property=\"og:site_name\" content=\"Ops-k\u00e4sikirja\" \/>\n<meta property=\"article:modified_time\" content=\"2026-04-13T07:48:35+00:00\" \/>\n<meta name=\"twitter:card\" content=\"summary_large_image\" \/>\n<meta name=\"twitter:label1\" content=\"Arvioitu lukuaika\" \/>\n\t<meta name=\"twitter:data1\" content=\"2 minuuttia\" \/>\n<script type=\"application\/ld+json\" class=\"yoast-schema-graph\">{\"@context\":\"https:\\\/\\\/schema.org\",\"@graph\":[{\"@type\":\"WebPage\",\"@id\":\"https:\\\/\\\/help.jamk.fi\\\/ops-kasikirja\\\/en\\\/entrepreneurship-and-innovations\\\/\",\"url\":\"https:\\\/\\\/help.jamk.fi\\\/ops-kasikirja\\\/en\\\/entrepreneurship-and-innovations\\\/\",\"name\":\"Entrepreneurship and innovations - Ops-k\u00e4sikirja\",\"isPartOf\":{\"@id\":\"https:\\\/\\\/help.jamk.fi\\\/ops-kasikirja\\\/#website\"},\"datePublished\":\"2024-05-20T12:21:51+00:00\",\"dateModified\":\"2026-04-13T07:48:35+00:00\",\"breadcrumb\":{\"@id\":\"https:\\\/\\\/help.jamk.fi\\\/ops-kasikirja\\\/en\\\/entrepreneurship-and-innovations\\\/#breadcrumb\"},\"inLanguage\":\"fi\",\"potentialAction\":[{\"@type\":\"ReadAction\",\"target\":[\"https:\\\/\\\/help.jamk.fi\\\/ops-kasikirja\\\/en\\\/entrepreneurship-and-innovations\\\/\"]}]},{\"@type\":\"BreadcrumbList\",\"@id\":\"https:\\\/\\\/help.jamk.fi\\\/ops-kasikirja\\\/en\\\/entrepreneurship-and-innovations\\\/#breadcrumb\",\"itemListElement\":[{\"@type\":\"ListItem\",\"position\":1,\"name\":\"Etusivu\",\"item\":\"https:\\\/\\\/help.jamk.fi\\\/ops-kasikirja\\\/fi\\\/\"},{\"@type\":\"ListItem\",\"position\":2,\"name\":\"Entrepreneurship and innovations\"}]},{\"@type\":\"WebSite\",\"@id\":\"https:\\\/\\\/help.jamk.fi\\\/ops-kasikirja\\\/#website\",\"url\":\"https:\\\/\\\/help.jamk.fi\\\/ops-kasikirja\\\/\",\"name\":\"Ops-k\u00e4sikirja\",\"description\":\"\",\"potentialAction\":[{\"@type\":\"SearchAction\",\"target\":{\"@type\":\"EntryPoint\",\"urlTemplate\":\"https:\\\/\\\/help.jamk.fi\\\/ops-kasikirja\\\/?s={search_term_string}\"},\"query-input\":{\"@type\":\"PropertyValueSpecification\",\"valueRequired\":true,\"valueName\":\"search_term_string\"}}],\"inLanguage\":\"fi\"}]}<\/script>\n<!-- \/ Yoast SEO plugin. -->","yoast_head_json":{"title":"Entrepreneurship and innovations - Ops-k\u00e4sikirja","robots":{"index":"index","follow":"follow","max-snippet":"max-snippet:-1","max-image-preview":"max-image-preview:large","max-video-preview":"max-video-preview:-1"},"canonical":"https:\/\/help.jamk.fi\/ops-kasikirja\/en\/entrepreneurship-and-innovations\/","og_locale":"fi_FI","og_type":"article","og_title":"Entrepreneurship and innovations - Ops-k\u00e4sikirja","og_description":"Innovation and Entrepreneurship Competence In the innovation and entrepreneurship study module (formerly Jamk Future Factory), student teams learn by working on and solving genuine development challenges from the world of work. In addition to transdisciplinary and working life-oriented project studies, studies enable developing future employment skills, an entrepreneurial approach, personal career path and employment networks. [&hellip;]","og_url":"https:\/\/help.jamk.fi\/ops-kasikirja\/en\/entrepreneurship-and-innovations\/","og_site_name":"Ops-k\u00e4sikirja","article_modified_time":"2026-04-13T07:48:35+00:00","twitter_card":"summary_large_image","twitter_misc":{"Arvioitu lukuaika":"2 minuuttia"},"schema":{"@context":"https:\/\/schema.org","@graph":[{"@type":"WebPage","@id":"https:\/\/help.jamk.fi\/ops-kasikirja\/en\/entrepreneurship-and-innovations\/","url":"https:\/\/help.jamk.fi\/ops-kasikirja\/en\/entrepreneurship-and-innovations\/","name":"Entrepreneurship and innovations - Ops-k\u00e4sikirja","isPartOf":{"@id":"https:\/\/help.jamk.fi\/ops-kasikirja\/#website"},"datePublished":"2024-05-20T12:21:51+00:00","dateModified":"2026-04-13T07:48:35+00:00","breadcrumb":{"@id":"https:\/\/help.jamk.fi\/ops-kasikirja\/en\/entrepreneurship-and-innovations\/#breadcrumb"},"inLanguage":"fi","potentialAction":[{"@type":"ReadAction","target":["https:\/\/help.jamk.fi\/ops-kasikirja\/en\/entrepreneurship-and-innovations\/"]}]},{"@type":"BreadcrumbList","@id":"https:\/\/help.jamk.fi\/ops-kasikirja\/en\/entrepreneurship-and-innovations\/#breadcrumb","itemListElement":[{"@type":"ListItem","position":1,"name":"Etusivu","item":"https:\/\/help.jamk.fi\/ops-kasikirja\/fi\/"},{"@type":"ListItem","position":2,"name":"Entrepreneurship and innovations"}]},{"@type":"WebSite","@id":"https:\/\/help.jamk.fi\/ops-kasikirja\/#website","url":"https:\/\/help.jamk.fi\/ops-kasikirja\/","name":"Ops-k\u00e4sikirja","description":"","potentialAction":[{"@type":"SearchAction","target":{"@type":"EntryPoint","urlTemplate":"https:\/\/help.jamk.fi\/ops-kasikirja\/?s={search_term_string}"},"query-input":{"@type":"PropertyValueSpecification","valueRequired":true,"valueName":"search_term_string"}}],"inLanguage":"fi"}]}},"_links":{"self":[{"href":"https:\/\/help.jamk.fi\/ops-kasikirja\/wp-json\/wp\/v2\/pages\/520","targetHints":{"allow":["GET"]}}],"collection":[{"href":"https:\/\/help.jamk.fi\/ops-kasikirja\/wp-json\/wp\/v2\/pages"}],"about":[{"href":"https:\/\/help.jamk.fi\/ops-kasikirja\/wp-json\/wp\/v2\/types\/page"}],"author":[{"embeddable":true,"href":"https:\/\/help.jamk.fi\/ops-kasikirja\/wp-json\/wp\/v2\/users\/79"}],"replies":[{"embeddable":true,"href":"https:\/\/help.jamk.fi\/ops-kasikirja\/wp-json\/wp\/v2\/comments?post=520"}],"version-history":[{"count":6,"href":"https:\/\/help.jamk.fi\/ops-kasikirja\/wp-json\/wp\/v2\/pages\/520\/revisions"}],"predecessor-version":[{"id":660,"href":"https:\/\/help.jamk.fi\/ops-kasikirja\/wp-json\/wp\/v2\/pages\/520\/revisions\/660"}],"wp:attachment":[{"href":"https:\/\/help.jamk.fi\/ops-kasikirja\/wp-json\/wp\/v2\/media?parent=520"}],"wp:term":[{"taxonomy":"category","embeddable":true,"href":"https:\/\/help.jamk.fi\/ops-kasikirja\/wp-json\/wp\/v2\/categories?post=520"},{"taxonomy":"post_tag","embeddable":true,"href":"https:\/\/help.jamk.fi\/ops-kasikirja\/wp-json\/wp\/v2\/tags?post=520"}],"curies":[{"name":"wp","href":"https:\/\/api.w.org\/{rel}","templated":true}]}}