{"id":56,"date":"2023-01-27T09:47:44","date_gmt":"2023-01-27T07:47:44","guid":{"rendered":"https:\/\/help.jamk.fi\/ops-kasikirja\/tulevaisuuden-tyoelamataidot\/"},"modified":"2023-11-15T13:04:25","modified_gmt":"2023-11-15T11:04:25","slug":"tulevaisuuden-tyoelamataidot","status":"publish","type":"page","link":"https:\/\/help.jamk.fi\/ops-kasikirja\/fi\/tulevaisuuden-tyoelamataidot\/","title":{"rendered":"Tulevaisuuden ty\u00f6el\u00e4m\u00e4taidot"},"content":{"rendered":"\n<h2 class=\"wp-block-heading\">Kilpailukykyist\u00e4 osaamista ty\u00f6el\u00e4m\u00e4\u00e4n<\/h2>\n\n\n\n<p>Jamkin tavoitteena on kouluttaa asiantuntijoita, jotka vastaavat tulevaisuuden ty\u00f6el\u00e4m\u00e4n haasteisiin innovaatioilla ja kilpailukykyisell\u00e4 osaamisella. Kaikkien opetussuunnitelmien yhteisen\u00e4 teemana on tulevaisuudessa tarvittavien ty\u00f6el\u00e4m\u00e4taitojen kehittyminen tukien opiskelijan ammatillista kasvua. Tulevaisuuden ty\u00f6el\u00e4m\u00e4taidot kehittyv\u00e4t substanssiopintojen yhteydess\u00e4. Pedagogisilla valinnoilla voidaan tukea tarvittavien ty\u00f6el\u00e4m\u00e4taitojen kehittymist\u00e4. Tunnistetut tulevaisuuden ty\u00f6el\u00e4m\u00e4taidot avataan OPSeissa arvioitaviksi osaamistavoitteiksi. Ty\u00f6el\u00e4m\u00e4n edustajien kanssa teht\u00e4v\u00e4 yhteisty\u00f6 tukee OPSien kehitt\u00e4mist\u00e4 ja konkretisoi tarvittavaa osaamista opiskelijoille.<\/p>\n\n\n\n<h2 class=\"wp-block-heading\">Auttavia kysymyksi\u00e4 OPS-ty\u00f6h\u00f6n<\/h2>\n\n\n\n<ul class=\"wp-block-list\">\n<li>Onko opetussuunnitelma avoin ja joustava ty\u00f6el\u00e4m\u00e4n ajankohtaisille tarpeille?<\/li>\n\n\n\n<li>Miten ty\u00f6el\u00e4m\u00e4taidot n\u00e4kyv\u00e4t opintojaksokuvauksissa ja toimintatavoissa l\u00e4pi opintojen?<\/li>\n\n\n\n<li>Miten hyvin opintojaksojen osaamistavoitteet ja sis\u00e4ll\u00f6t vastaavat tulevaisuuden ty\u00f6el\u00e4m\u00e4n haasteisiin ja tarpeisiin?<\/li>\n\n\n\n<li>Tukevatko osaamistavoitteet ty\u00f6el\u00e4m\u00e4valmiuksien kehittymist\u00e4 (esim. ty\u00f6yhteis\u00f6taidot, eettinen osaaminen, kansainv\u00e4lisyystaidot, vuorovaikutus- ja viestint\u00e4taidot)<\/li>\n\n\n\n<li>Mink\u00e4laisia ty\u00f6el\u00e4m\u00e4taitoja opiskelijalla odotetaan olevan?<\/li>\n\n\n\n<li>Miten opiskelijaa tuetaan l\u00f6yt\u00e4m\u00e4\u00e4n itselle sopiva tulevaisuudessa tarvittava osaaminen?<\/li>\n\n\n\n<li>Miten opiskelijaa tuetaan oman osaamisen tunnistamisessa ja sanoittamisessa?<\/li>\n\n\n\n<li>Mink\u00e4laiset pedagogiset valinnat tarjoavat opiskelijalle mahdollisuuksia oppia ty\u00f6el\u00e4m\u00e4taitoja?<\/li>\n\n\n\n<li>Miten opinnoissa hahmotetaan tulevaisuuden toimintaymp\u00e4rist\u00f6\u00e4?<\/li>\n\n\n\n<li>Onko opintojaksojen osaamistavoitteet kuvattu niin, ett\u00e4 opinnollistaminen mahdollistuu?<\/li>\n<\/ul>\n\n\n\n<h2 class=\"wp-block-heading\">Materiaalia OPS-ty\u00f6n tueksi<\/h2>\n\n\n\n<ul class=\"wp-block-list\">\n<li>Tietoa ammattien ty\u00f6llisyysn\u00e4kymist\u00e4 ja osaamistarpeista: <a href=\"http:\/\/www.foreammatti.fi\/\" target=\"_blank\" rel=\"noreferrer noopener\">http:\/\/www.foreammatti.fi\/<\/a><\/li>\n\n\n\n<li>Millaisissa teht\u00e4viss\u00e4 yliopistoista ja ammattikorkeakouluista valmistuneet ty\u00f6skentelev\u00e4t: <a href=\"https:\/\/toissa.fi\/\" target=\"_blank\" rel=\"noreferrer noopener\">https:\/\/toissa.fi\/<\/a><\/li>\n\n\n\n<li>AVOP-palaute<\/li>\n\n\n\n<li>Uraseurantakysely viisi vuotta sitten valmistuneille alumneillemme. Tietoja ty\u00f6el\u00e4m\u00e4yhteisty\u00f6n ja uraohjauksen onnistumisesta alumniemme n\u00e4k\u00f6kulmasta. <a href=\"https:\/\/amk-uraseuranta.turkuamk.fi\/tulokset\/\" target=\"_blank\" rel=\"noreferrer noopener\">https:\/\/amk-uraseuranta.turkuamk.fi\/tulokset\/<\/a><\/li>\n\n\n\n<li>Itsearviointity\u00f6kalu ty\u00f6el\u00e4m\u00e4yhteisty\u00f6st\u00e4 opetuksen suunnitteluun. Itsearviointity\u00f6kalun avulla opettaja voi arvioida millaisia ty\u00f6el\u00e4m\u00e4l\u00e4heisi\u00e4 pedagogisia ratkaisuja oppimisprosessissa voitaisiin k\u00e4ytt\u00e4\u00e4. Ty\u00f6kalun kehitt\u00e4minen on vasta alussa ja nyt julkaistu arviointity\u00f6kalu on ensimm\u00e4inen versio (<a href=\"https:\/\/www.finna.fi\/L1Record\/aoe.1479\" target=\"_blank\" rel=\"noreferrer noopener\">Itsearviointity\u00f6kalu ty\u00f6el\u00e4m\u00e4yhteisty\u00f6st\u00e4 verkko-opetuksen suunnitteluun | Avointen oppimateriaalien kirjasto | Finna.fi<\/a>).\n<ul class=\"wp-block-list\">\n<li>Laitinen-V\u00e4\u00e4n\u00e4nen, S. 2020. Ty\u00f6el\u00e4m\u00e4yhteisty\u00f6 opetuksen suunnittelussa \u2013 itsearviointimittaria kehitt\u00e4m\u00e4ss\u00e4. Teoksessa Kohti oppimisen uutta ekosysteemi\u00e4. Toim. M. I. Koskinen, R. Nakamura, H. Yli-Knuuttila &amp; P. Tyrv\u00e4inen. Jyv\u00e4skyl\u00e4: Jyv\u00e4skyl\u00e4n ammattikorkeakoulu, 97\u2013102. <a href=\"http:\/\/urn.fi\/URN:ISBN:978-951-830-562-3\" target=\"_blank\" rel=\"noreferrer noopener\">http:\/\/urn.fi\/URN:ISBN:978-951-830-562-3<\/a><\/li>\n<\/ul>\n<\/li>\n\n\n\n<li><a href=\"https:\/\/tulevaisuusohjaus.fi\/\" target=\"_blank\" rel=\"noreferrer noopener\">https:\/\/tulevaisuusohjaus.fi\/<\/a><\/li>\n\n\n\n<li>Get a Life &#8211; tulevaisuusorientoitunut ty\u00f6el\u00e4m\u00e4simulaatio korkeakouluopiskelijoille: <a href=\"http:\/\/getalife.fi\/\" target=\"_blank\" rel=\"noreferrer noopener\">http:\/\/getalife.fi\/<\/a> . Sivustolta l\u00f6ytyv\u00e4ss\u00e4 simulaatiossa voi luoda useita mahdollisia ura- ja el\u00e4m\u00e4npolkuja ja kurkistaa muuttuvaan tulevaisuuteen. T\u00e4m\u00e4 simulaatio ei ole ennustusty\u00f6kalu, vaan tarjoaa mahdollisuuden mietti\u00e4 omia valintoja ja mahdollisuuksia.<\/li>\n\n\n\n<li>Esimerkki globaaleista uraohjauspalveluista online: <a href=\"https:\/\/www.pivotplanet.com\/\" target=\"_blank\" rel=\"noreferrer noopener\">https:\/\/www.pivotplanet.com\/<\/a><\/li>\n<\/ul>\n\n\n\n<hr class=\"wp-block-separator has-alpha-channel-opacity\"\/>\n\n\n\n<p class=\"has-text-align-right\"><sub>Anne Hakala 26.1.2023<\/sub><\/p>\n","protected":false},"excerpt":{"rendered":"<p>Kilpailukykyist\u00e4 osaamista ty\u00f6el\u00e4m\u00e4\u00e4n Jamkin tavoitteena on kouluttaa asiantuntijoita, jotka vastaavat tulevaisuuden ty\u00f6el\u00e4m\u00e4n haasteisiin innovaatioilla ja kilpailukykyisell\u00e4 osaamisella. Kaikkien opetussuunnitelmien yhteisen\u00e4 teemana on tulevaisuudessa tarvittavien ty\u00f6el\u00e4m\u00e4taitojen kehittyminen tukien opiskelijan ammatillista kasvua. Tulevaisuuden ty\u00f6el\u00e4m\u00e4taidot kehittyv\u00e4t substanssiopintojen yhteydess\u00e4. Pedagogisilla valinnoilla voidaan tukea tarvittavien ty\u00f6el\u00e4m\u00e4taitojen kehittymist\u00e4. Tunnistetut tulevaisuuden ty\u00f6el\u00e4m\u00e4taidot avataan OPSeissa arvioitaviksi osaamistavoitteiksi. Ty\u00f6el\u00e4m\u00e4n edustajien kanssa teht\u00e4v\u00e4 yhteisty\u00f6 tukee [&hellip;]<\/p>\n","protected":false},"author":79,"featured_media":0,"parent":0,"menu_order":6,"comment_status":"closed","ping_status":"closed","template":"","meta":{"_acf_changed":false,"_relevanssi_hide_post":"","_relevanssi_hide_content":"","_relevanssi_pin_for_all":"","_relevanssi_pin_keywords":"","_relevanssi_unpin_keywords":"","_relevanssi_related_keywords":"","_relevanssi_related_include_ids":"","_relevanssi_related_exclude_ids":"","_relevanssi_related_no_append":"","_relevanssi_related_not_related":"","_relevanssi_related_posts":"","_relevanssi_noindex_reason":"","footnotes":""},"categories":[],"tags":[],"class_list":["post-56","page","type-page","status-publish","hentry"],"acf":[],"yoast_head":"<!-- This site is optimized with the Yoast SEO plugin v27.4 - https:\/\/yoast.com\/product\/yoast-seo-wordpress\/ -->\n<title>Tulevaisuuden ty\u00f6el\u00e4m\u00e4taidot - Ops-k\u00e4sikirja<\/title>\n<meta name=\"robots\" content=\"index, follow, max-snippet:-1, max-image-preview:large, max-video-preview:-1\" \/>\n<link rel=\"canonical\" href=\"https:\/\/help.jamk.fi\/ops-kasikirja\/fi\/tulevaisuuden-tyoelamataidot\/\" \/>\n<meta property=\"og:locale\" content=\"fi_FI\" \/>\n<meta property=\"og:type\" content=\"article\" \/>\n<meta property=\"og:title\" content=\"Tulevaisuuden ty\u00f6el\u00e4m\u00e4taidot - Ops-k\u00e4sikirja\" \/>\n<meta property=\"og:description\" content=\"Kilpailukykyist\u00e4 osaamista ty\u00f6el\u00e4m\u00e4\u00e4n Jamkin tavoitteena on kouluttaa asiantuntijoita, jotka vastaavat tulevaisuuden ty\u00f6el\u00e4m\u00e4n haasteisiin innovaatioilla ja kilpailukykyisell\u00e4 osaamisella. Kaikkien opetussuunnitelmien yhteisen\u00e4 teemana on tulevaisuudessa tarvittavien ty\u00f6el\u00e4m\u00e4taitojen kehittyminen tukien opiskelijan ammatillista kasvua. Tulevaisuuden ty\u00f6el\u00e4m\u00e4taidot kehittyv\u00e4t substanssiopintojen yhteydess\u00e4. Pedagogisilla valinnoilla voidaan tukea tarvittavien ty\u00f6el\u00e4m\u00e4taitojen kehittymist\u00e4. Tunnistetut tulevaisuuden ty\u00f6el\u00e4m\u00e4taidot avataan OPSeissa arvioitaviksi osaamistavoitteiksi. Ty\u00f6el\u00e4m\u00e4n edustajien kanssa teht\u00e4v\u00e4 yhteisty\u00f6 tukee [&hellip;]\" \/>\n<meta property=\"og:url\" content=\"https:\/\/help.jamk.fi\/ops-kasikirja\/fi\/tulevaisuuden-tyoelamataidot\/\" \/>\n<meta property=\"og:site_name\" content=\"Ops-k\u00e4sikirja\" \/>\n<meta property=\"article:modified_time\" content=\"2023-11-15T11:04:25+00:00\" \/>\n<meta name=\"twitter:card\" content=\"summary_large_image\" \/>\n<meta name=\"twitter:label1\" content=\"Arvioitu lukuaika\" \/>\n\t<meta name=\"twitter:data1\" content=\"2 minuuttia\" \/>\n<script type=\"application\/ld+json\" class=\"yoast-schema-graph\">{\"@context\":\"https:\\\/\\\/schema.org\",\"@graph\":[{\"@type\":\"WebPage\",\"@id\":\"https:\\\/\\\/help.jamk.fi\\\/ops-kasikirja\\\/fi\\\/tulevaisuuden-tyoelamataidot\\\/\",\"url\":\"https:\\\/\\\/help.jamk.fi\\\/ops-kasikirja\\\/fi\\\/tulevaisuuden-tyoelamataidot\\\/\",\"name\":\"Tulevaisuuden ty\u00f6el\u00e4m\u00e4taidot - Ops-k\u00e4sikirja\",\"isPartOf\":{\"@id\":\"https:\\\/\\\/help.jamk.fi\\\/ops-kasikirja\\\/#website\"},\"datePublished\":\"2023-01-27T07:47:44+00:00\",\"dateModified\":\"2023-11-15T11:04:25+00:00\",\"breadcrumb\":{\"@id\":\"https:\\\/\\\/help.jamk.fi\\\/ops-kasikirja\\\/fi\\\/tulevaisuuden-tyoelamataidot\\\/#breadcrumb\"},\"inLanguage\":\"fi\",\"potentialAction\":[{\"@type\":\"ReadAction\",\"target\":[\"https:\\\/\\\/help.jamk.fi\\\/ops-kasikirja\\\/fi\\\/tulevaisuuden-tyoelamataidot\\\/\"]}]},{\"@type\":\"BreadcrumbList\",\"@id\":\"https:\\\/\\\/help.jamk.fi\\\/ops-kasikirja\\\/fi\\\/tulevaisuuden-tyoelamataidot\\\/#breadcrumb\",\"itemListElement\":[{\"@type\":\"ListItem\",\"position\":1,\"name\":\"Etusivu\",\"item\":\"https:\\\/\\\/help.jamk.fi\\\/ops-kasikirja\\\/fi\\\/\"},{\"@type\":\"ListItem\",\"position\":2,\"name\":\"Tulevaisuuden ty\u00f6el\u00e4m\u00e4taidot\"}]},{\"@type\":\"WebSite\",\"@id\":\"https:\\\/\\\/help.jamk.fi\\\/ops-kasikirja\\\/#website\",\"url\":\"https:\\\/\\\/help.jamk.fi\\\/ops-kasikirja\\\/\",\"name\":\"Ops-k\u00e4sikirja\",\"description\":\"\",\"potentialAction\":[{\"@type\":\"SearchAction\",\"target\":{\"@type\":\"EntryPoint\",\"urlTemplate\":\"https:\\\/\\\/help.jamk.fi\\\/ops-kasikirja\\\/?s={search_term_string}\"},\"query-input\":{\"@type\":\"PropertyValueSpecification\",\"valueRequired\":true,\"valueName\":\"search_term_string\"}}],\"inLanguage\":\"fi\"}]}<\/script>\n<!-- \/ Yoast SEO plugin. -->","yoast_head_json":{"title":"Tulevaisuuden ty\u00f6el\u00e4m\u00e4taidot - Ops-k\u00e4sikirja","robots":{"index":"index","follow":"follow","max-snippet":"max-snippet:-1","max-image-preview":"max-image-preview:large","max-video-preview":"max-video-preview:-1"},"canonical":"https:\/\/help.jamk.fi\/ops-kasikirja\/fi\/tulevaisuuden-tyoelamataidot\/","og_locale":"fi_FI","og_type":"article","og_title":"Tulevaisuuden ty\u00f6el\u00e4m\u00e4taidot - Ops-k\u00e4sikirja","og_description":"Kilpailukykyist\u00e4 osaamista ty\u00f6el\u00e4m\u00e4\u00e4n Jamkin tavoitteena on kouluttaa asiantuntijoita, jotka vastaavat tulevaisuuden ty\u00f6el\u00e4m\u00e4n haasteisiin innovaatioilla ja kilpailukykyisell\u00e4 osaamisella. Kaikkien opetussuunnitelmien yhteisen\u00e4 teemana on tulevaisuudessa tarvittavien ty\u00f6el\u00e4m\u00e4taitojen kehittyminen tukien opiskelijan ammatillista kasvua. Tulevaisuuden ty\u00f6el\u00e4m\u00e4taidot kehittyv\u00e4t substanssiopintojen yhteydess\u00e4. Pedagogisilla valinnoilla voidaan tukea tarvittavien ty\u00f6el\u00e4m\u00e4taitojen kehittymist\u00e4. Tunnistetut tulevaisuuden ty\u00f6el\u00e4m\u00e4taidot avataan OPSeissa arvioitaviksi osaamistavoitteiksi. Ty\u00f6el\u00e4m\u00e4n edustajien kanssa teht\u00e4v\u00e4 yhteisty\u00f6 tukee [&hellip;]","og_url":"https:\/\/help.jamk.fi\/ops-kasikirja\/fi\/tulevaisuuden-tyoelamataidot\/","og_site_name":"Ops-k\u00e4sikirja","article_modified_time":"2023-11-15T11:04:25+00:00","twitter_card":"summary_large_image","twitter_misc":{"Arvioitu lukuaika":"2 minuuttia"},"schema":{"@context":"https:\/\/schema.org","@graph":[{"@type":"WebPage","@id":"https:\/\/help.jamk.fi\/ops-kasikirja\/fi\/tulevaisuuden-tyoelamataidot\/","url":"https:\/\/help.jamk.fi\/ops-kasikirja\/fi\/tulevaisuuden-tyoelamataidot\/","name":"Tulevaisuuden ty\u00f6el\u00e4m\u00e4taidot - Ops-k\u00e4sikirja","isPartOf":{"@id":"https:\/\/help.jamk.fi\/ops-kasikirja\/#website"},"datePublished":"2023-01-27T07:47:44+00:00","dateModified":"2023-11-15T11:04:25+00:00","breadcrumb":{"@id":"https:\/\/help.jamk.fi\/ops-kasikirja\/fi\/tulevaisuuden-tyoelamataidot\/#breadcrumb"},"inLanguage":"fi","potentialAction":[{"@type":"ReadAction","target":["https:\/\/help.jamk.fi\/ops-kasikirja\/fi\/tulevaisuuden-tyoelamataidot\/"]}]},{"@type":"BreadcrumbList","@id":"https:\/\/help.jamk.fi\/ops-kasikirja\/fi\/tulevaisuuden-tyoelamataidot\/#breadcrumb","itemListElement":[{"@type":"ListItem","position":1,"name":"Etusivu","item":"https:\/\/help.jamk.fi\/ops-kasikirja\/fi\/"},{"@type":"ListItem","position":2,"name":"Tulevaisuuden ty\u00f6el\u00e4m\u00e4taidot"}]},{"@type":"WebSite","@id":"https:\/\/help.jamk.fi\/ops-kasikirja\/#website","url":"https:\/\/help.jamk.fi\/ops-kasikirja\/","name":"Ops-k\u00e4sikirja","description":"","potentialAction":[{"@type":"SearchAction","target":{"@type":"EntryPoint","urlTemplate":"https:\/\/help.jamk.fi\/ops-kasikirja\/?s={search_term_string}"},"query-input":{"@type":"PropertyValueSpecification","valueRequired":true,"valueName":"search_term_string"}}],"inLanguage":"fi"}]}},"_links":{"self":[{"href":"https:\/\/help.jamk.fi\/ops-kasikirja\/wp-json\/wp\/v2\/pages\/56","targetHints":{"allow":["GET"]}}],"collection":[{"href":"https:\/\/help.jamk.fi\/ops-kasikirja\/wp-json\/wp\/v2\/pages"}],"about":[{"href":"https:\/\/help.jamk.fi\/ops-kasikirja\/wp-json\/wp\/v2\/types\/page"}],"author":[{"embeddable":true,"href":"https:\/\/help.jamk.fi\/ops-kasikirja\/wp-json\/wp\/v2\/users\/79"}],"replies":[{"embeddable":true,"href":"https:\/\/help.jamk.fi\/ops-kasikirja\/wp-json\/wp\/v2\/comments?post=56"}],"version-history":[{"count":2,"href":"https:\/\/help.jamk.fi\/ops-kasikirja\/wp-json\/wp\/v2\/pages\/56\/revisions"}],"predecessor-version":[{"id":386,"href":"https:\/\/help.jamk.fi\/ops-kasikirja\/wp-json\/wp\/v2\/pages\/56\/revisions\/386"}],"wp:attachment":[{"href":"https:\/\/help.jamk.fi\/ops-kasikirja\/wp-json\/wp\/v2\/media?parent=56"}],"wp:term":[{"taxonomy":"category","embeddable":true,"href":"https:\/\/help.jamk.fi\/ops-kasikirja\/wp-json\/wp\/v2\/categories?post=56"},{"taxonomy":"post_tag","embeddable":true,"href":"https:\/\/help.jamk.fi\/ops-kasikirja\/wp-json\/wp\/v2\/tags?post=56"}],"curies":[{"name":"wp","href":"https:\/\/api.w.org\/{rel}","templated":true}]}}