{"id":59,"date":"2023-01-30T07:04:33","date_gmt":"2023-01-30T05:04:33","guid":{"rendered":"https:\/\/help.jamk.fi\/ops-kasikirja\/jatkuva-oppiminen-ja-korkeakouluyhteistyo\/"},"modified":"2026-04-13T09:59:42","modified_gmt":"2026-04-13T06:59:42","slug":"jatkuva-oppiminen-ja-korkeakouluyhteistyo","status":"publish","type":"page","link":"https:\/\/help.jamk.fi\/ops-kasikirja\/fi\/jatkuva-oppiminen-ja-korkeakouluyhteistyo\/","title":{"rendered":"Jatkuva oppiminen ja korkeakouluyhteisty\u00f6"},"content":{"rendered":"\n<h2 class=\"wp-block-heading\">Miten huomioimme jatkuvan oppimisen ja korkeakouluyhteisty\u00f6n OPS-ty\u00f6ss\u00e4<\/h2>\n\n\n\n<ul class=\"wp-block-list\">\n<li>Tuotamme ajankohtaista ja laadukasta, tulevaisuuteen suuntautuvaa koulutustarjontaa, joka vastaa ty\u00f6el\u00e4m\u00e4n tarpeisiin ja palvelee tutkintokoulutuksen lis\u00e4ksi my\u00f6s jatkuvaa oppimista.<\/li>\n\n\n\n<li>Teemme ty\u00f6njakoon perustuvaa tavoitteellista yhteisty\u00f6t\u00e4 kotimaisten ja kansainv\u00e4listen korkeakoulujen ja verkostojen kanssa Jamkin profiilin mukaisesti.<\/li>\n\n\n\n<li>Mahdollistamme ja kannustamme opiskelijoita ristiinopiskeluun tarjoamalla Jamkin opintoja muiden korkeakoulujen opiskelijoille sek\u00e4 hyv\u00e4ksilukemalla muualla suoritetut opinnot osaksi henkil\u00f6kohtaista opiskelusuunnitelmaa.<\/li>\n<\/ul>\n\n\n\n<h2 class=\"wp-block-heading\">Jatkuva oppiminen<\/h2>\n\n\n\n<p>Jatkuva oppiminen on keskeinen osa korkeakoulujen koulutusteht\u00e4v\u00e4\u00e4. Sen tavoitteena on vastata ty\u00f6el\u00e4m\u00e4n muutoksista aiheutuviin osaamistarpeisiin ja palvella ty\u00f6ik\u00e4ist\u00e4 v\u00e4est\u00f6\u00e4 tarjoamalla mahdollisuuksia osaamisen yll\u00e4pit\u00e4miseen ja p\u00e4ivitt\u00e4miseen. Opetussuunnitelmaty\u00f6ss\u00e4 t\u00e4m\u00e4 tarkoittaa, ett\u00e4 tutkintokoulutuksen rakenteet palvelevat useita oppijaryhmi\u00e4 ja sama opintotarjonta on hy\u00f6dynnett\u00e4viss\u00e4 sek\u00e4 tutkinto-opiskelijoille ett\u00e4 osaamistaan t\u00e4ydent\u00e4ville.<\/p>\n\n\n\n<p>Jatkuvaa oppimista edistet\u00e4\u00e4n opetussuunnitelmaty\u00f6ss\u00e4 osaamisperustaisella ja modulaarisella rakenteella. Opintojaksot ja opintokokonaisuudet kuvataan selkein\u00e4 osaamisina, joita voidaan yhdistell\u00e4 ja hy\u00f6dynt\u00e4\u00e4 joustavasti tutkinnon osina tai erillisin\u00e4 opintoina. Modulaarisuus tukee yksil\u00f6llisi\u00e4 opintopolkuja, auttaa oppijoita tunnistamaan omaa osaamistaan ja sen kehittymist\u00e4 sek\u00e4 mahdollistaa opintojen yhdistelemisen eri koulutuksista ja korkeakouluista. Opintokokonaisuudet toimivat rakenteina, jotka tukevat ristiinopiskelua ja korkeakoulujen v\u00e4list\u00e4 yhteisty\u00f6t\u00e4.<\/p>\n\n\n\n<p>Jatkuvan oppimisen keskeinen toteutusmuoto ovat pienet osaamiskokonaisuudet, jotka suunnitellaan ja toteutetaan tiiviiss\u00e4 ty\u00f6el\u00e4m\u00e4yhteisty\u00f6ss\u00e4 ennakoitujen ja yhdess\u00e4 tunnistettujen osaamistarpeiden pohjalta. Osaamistavoitteet kuvaavat ty\u00f6ss\u00e4 n\u00e4kyv\u00e4\u00e4 ja sovellettavaa osaamista. Oppiminen toteutetaan mahdollisuuksien mukaan osana ty\u00f6t\u00e4, ja ty\u00f6paikat tunnistetaan formaaleiksi oppimisymp\u00e4rist\u00f6iksi. Osaamisen arviointi toteutetaan soveltuvin osin n\u00e4ytt\u00f6perusteisesti ja se kytkeytyy autenttisiin ty\u00f6el\u00e4m\u00e4tilanteisiin. Pienet osaamiskokonaisuudet ovat modulaarisia ja pinoutuvia, ja ne voivat kytkeyty\u00e4 osaksi tutkintoja ja yksil\u00f6llisi\u00e4 osaamispolkuja.<\/p>\n\n\n\n<h2 class=\"wp-block-heading\">Ristiinopiskelu ja korkeakouluyhteisty\u00f6<\/h2>\n\n\n\n<p>Korkeakoulujen yhteisty\u00f6 lis\u00e4\u00e4 opiskelun joustavuutta, laajentaa opintotarjontaa ja edist\u00e4\u00e4 opiskelijoiden liikkuvuutta sek\u00e4 vahvistaa korkeakoulujen v\u00e4list\u00e4 ty\u00f6njakoa, koulutuksen laatua ja resurssien tehokasta hy\u00f6dynt\u00e4mist\u00e4. Ristiinopiskelu tarkoittaa mahdollisuutta suorittaa opintoja my\u00f6s toisessa korkeakoulussa, ja se perustuu korkeakoulujen v\u00e4lisiin opetusyhteisty\u00f6verkostoihin ja sopimuksiin.<\/p>\n\n\n\n<p>Jamk tekee tavoitteellista yhteisty\u00f6t\u00e4 alueellisella, kansallisella ja kansainv\u00e4lisell\u00e4 tasolla eri oppilaitosten, korkeakoulujen ja verkostojen kanssa.<\/p>\n\n\n\n<h3 class=\"wp-block-heading\">Jamkin keskeiset verkostot<\/h3>\n\n\n\n<p>Jyv\u00e4skyl\u00e4n ammattikorkeakoulu ja Jyv\u00e4skyl\u00e4n yliopisto muodostavat yhteisen korkeakoulukonsernin, jonka nimen\u00e4 t\u00e4ll\u00e4 hetkell\u00e4 on Jyv\u00e4skyl\u00e4n korkeakoulut. Konsernin tavoitteena on rakentaa yhteisesti tutkintoja ja ty\u00f6njakoa valituilla aloilla tukien korkeakoulujen strategisia p\u00e4\u00e4m\u00e4\u00e4ri\u00e4.<\/p>\n\n\n\n<p>EduJyv\u00e4skyl\u00e4 on Jyv\u00e4skyl\u00e4n koulutuskuntayhtym\u00e4 Gradian, Jyv\u00e4skyl\u00e4n ammattikorkeakoulun ja Jyv\u00e4skyl\u00e4n yliopiston oppimisen, tutkimuksen ja kehitt\u00e4misen osaamiskeskittym\u00e4. EduJyv\u00e4skyl\u00e4-yhteisty\u00f6 mahdollistaa opiskelijalle monipuolisen ristiinopiskelun ja joustavat opintopolut, jolloin opiskelija voi hy\u00f6dynt\u00e4\u00e4 verkoston opintotarjontaa osana henkil\u00f6kohtaista opiskelusuunnitelmaa.<\/p>\n\n\n\n<p>Kansallisella tasolla Jamk on mukana kaikkien Suomen korkeakoulujen yhteisess\u00e4 Digivisio 2030 -hankkeessa, jonka tavoitteena on edist\u00e4\u00e4 jatkuvaa oppimista. Opin.fi -palvelu kokoaa korkeakoulujen avoimen opintotarjonnan kaikkien oppijoiden saataville yhteen paikkaan. Tulevaisuudessa palvelun k\u00e4ytt\u00f6 laajenee my\u00f6s tutkinto-opiskelijoille.<\/p>\n\n\n\n<p>CampusOnline on ammattikorkeakoulujen v\u00e4linen opetusyhteisty\u00f6verkosto, josta l\u00f6ytyy opintoja l\u00e4hes kaikista Suomen ammattikorkeakouluista. Verkoston opintotarjonta l\u00f6ytyy opiskelijan omasta Pepist\u00e4, Ristiinopiskelu-otsikon alta.<\/p>\n\n\n\n<p>Kansainv\u00e4lisell\u00e4 tasolla Jamk on mukana Eurooppa-yliopisto E\u00b3UDRES\u00b2 verkostossa. Eurooppa-yliopistot ovat EU-maiden korkeakoulujen verkostoja, jotka kehitt\u00e4v\u00e4t korkeatasoista koulutusta, tutkimusta ja innovaatioita sek\u00e4 lis\u00e4\u00e4v\u00e4t liikkuvuutta. E\u00b3UDRES\u00b2 keskittyy kehitt\u00e4m\u00e4\u00e4n toiminta-alueensa kest\u00e4v\u00e4n kehityksen mukaista elinkeinoel\u00e4m\u00e4\u00e4, yritt\u00e4jyytt\u00e4 ja kilpailukyky\u00e4 ja siten koko alueen osaamista ja verkottumista. E\u00b3UDRES\u00b2 yhteisty\u00f6 mahdollistaa opiskelijalle monipuolisen ristiinopiskelun ja opiskelija voi hy\u00f6dynt\u00e4\u00e4 verkoston opintotarjontaa osana henkil\u00f6kohtaista opiskelusuunnitelmaa. Tarjonta on l\u00f6ydett\u00e4viss\u00e4 E\u00b3UDRES\u00b2 Arena-digialustalla.<\/p>\n\n\n\n<p>N\u00e4iden lis\u00e4ksi Jamkilla ja koulutusaloilla on my\u00f6s muita kansallisia ja kansainv\u00e4lisi\u00e4 verkostoja, joissa opetusyhteisty\u00f6t\u00e4 tehd\u00e4\u00e4n.<\/p>\n\n\n\n<hr class=\"wp-block-separator has-alpha-channel-opacity\"\/>\n\n\n\n<p class=\"has-text-align-right\"><sub>13.4.2026<\/sub><\/p>\n\n\n\n<p><\/p>\n","protected":false},"excerpt":{"rendered":"<p>Miten huomioimme jatkuvan oppimisen ja korkeakouluyhteisty\u00f6n OPS-ty\u00f6ss\u00e4 Jatkuva oppiminen Jatkuva oppiminen on keskeinen osa korkeakoulujen koulutusteht\u00e4v\u00e4\u00e4. Sen tavoitteena on vastata ty\u00f6el\u00e4m\u00e4n muutoksista aiheutuviin osaamistarpeisiin ja palvella ty\u00f6ik\u00e4ist\u00e4 v\u00e4est\u00f6\u00e4 tarjoamalla mahdollisuuksia osaamisen yll\u00e4pit\u00e4miseen ja p\u00e4ivitt\u00e4miseen. Opetussuunnitelmaty\u00f6ss\u00e4 t\u00e4m\u00e4 tarkoittaa, ett\u00e4 tutkintokoulutuksen rakenteet palvelevat useita oppijaryhmi\u00e4 ja sama opintotarjonta on hy\u00f6dynnett\u00e4viss\u00e4 sek\u00e4 tutkinto-opiskelijoille ett\u00e4 osaamistaan t\u00e4ydent\u00e4ville. Jatkuvaa oppimista [&hellip;]<\/p>\n","protected":false},"author":79,"featured_media":0,"parent":0,"menu_order":11,"comment_status":"closed","ping_status":"closed","template":"","meta":{"_acf_changed":false,"_relevanssi_hide_post":"","_relevanssi_hide_content":"","_relevanssi_pin_for_all":"","_relevanssi_pin_keywords":"","_relevanssi_unpin_keywords":"","_relevanssi_related_keywords":"","_relevanssi_related_include_ids":"","_relevanssi_related_exclude_ids":"","_relevanssi_related_no_append":"","_relevanssi_related_not_related":"","_relevanssi_related_posts":"","_relevanssi_noindex_reason":"","footnotes":""},"categories":[],"tags":[],"class_list":["post-59","page","type-page","status-publish","hentry"],"acf":[],"yoast_head":"<!-- This site is optimized with the Yoast SEO plugin v27.4 - https:\/\/yoast.com\/product\/yoast-seo-wordpress\/ -->\n<title>Jatkuva oppiminen ja korkeakouluyhteisty\u00f6 - Ops-k\u00e4sikirja<\/title>\n<meta name=\"robots\" content=\"index, follow, max-snippet:-1, max-image-preview:large, max-video-preview:-1\" \/>\n<link rel=\"canonical\" href=\"https:\/\/help.jamk.fi\/ops-kasikirja\/fi\/jatkuva-oppiminen-ja-korkeakouluyhteistyo\/\" \/>\n<meta property=\"og:locale\" content=\"fi_FI\" \/>\n<meta property=\"og:type\" content=\"article\" \/>\n<meta property=\"og:title\" content=\"Jatkuva oppiminen ja korkeakouluyhteisty\u00f6 - Ops-k\u00e4sikirja\" \/>\n<meta property=\"og:description\" content=\"Miten huomioimme jatkuvan oppimisen ja korkeakouluyhteisty\u00f6n OPS-ty\u00f6ss\u00e4 Jatkuva oppiminen Jatkuva oppiminen on keskeinen osa korkeakoulujen koulutusteht\u00e4v\u00e4\u00e4. Sen tavoitteena on vastata ty\u00f6el\u00e4m\u00e4n muutoksista aiheutuviin osaamistarpeisiin ja palvella ty\u00f6ik\u00e4ist\u00e4 v\u00e4est\u00f6\u00e4 tarjoamalla mahdollisuuksia osaamisen yll\u00e4pit\u00e4miseen ja p\u00e4ivitt\u00e4miseen. Opetussuunnitelmaty\u00f6ss\u00e4 t\u00e4m\u00e4 tarkoittaa, ett\u00e4 tutkintokoulutuksen rakenteet palvelevat useita oppijaryhmi\u00e4 ja sama opintotarjonta on hy\u00f6dynnett\u00e4viss\u00e4 sek\u00e4 tutkinto-opiskelijoille ett\u00e4 osaamistaan t\u00e4ydent\u00e4ville. Jatkuvaa oppimista [&hellip;]\" \/>\n<meta property=\"og:url\" content=\"https:\/\/help.jamk.fi\/ops-kasikirja\/fi\/jatkuva-oppiminen-ja-korkeakouluyhteistyo\/\" \/>\n<meta property=\"og:site_name\" content=\"Ops-k\u00e4sikirja\" \/>\n<meta property=\"article:modified_time\" content=\"2026-04-13T06:59:42+00:00\" \/>\n<meta name=\"twitter:card\" content=\"summary_large_image\" \/>\n<meta name=\"twitter:label1\" content=\"Arvioitu lukuaika\" \/>\n\t<meta name=\"twitter:data1\" content=\"3 minuuttia\" \/>\n<script type=\"application\/ld+json\" class=\"yoast-schema-graph\">{\"@context\":\"https:\\\/\\\/schema.org\",\"@graph\":[{\"@type\":\"WebPage\",\"@id\":\"https:\\\/\\\/help.jamk.fi\\\/ops-kasikirja\\\/fi\\\/jatkuva-oppiminen-ja-korkeakouluyhteistyo\\\/\",\"url\":\"https:\\\/\\\/help.jamk.fi\\\/ops-kasikirja\\\/fi\\\/jatkuva-oppiminen-ja-korkeakouluyhteistyo\\\/\",\"name\":\"Jatkuva oppiminen ja korkeakouluyhteisty\u00f6 - Ops-k\u00e4sikirja\",\"isPartOf\":{\"@id\":\"https:\\\/\\\/help.jamk.fi\\\/ops-kasikirja\\\/#website\"},\"datePublished\":\"2023-01-30T05:04:33+00:00\",\"dateModified\":\"2026-04-13T06:59:42+00:00\",\"breadcrumb\":{\"@id\":\"https:\\\/\\\/help.jamk.fi\\\/ops-kasikirja\\\/fi\\\/jatkuva-oppiminen-ja-korkeakouluyhteistyo\\\/#breadcrumb\"},\"inLanguage\":\"fi\",\"potentialAction\":[{\"@type\":\"ReadAction\",\"target\":[\"https:\\\/\\\/help.jamk.fi\\\/ops-kasikirja\\\/fi\\\/jatkuva-oppiminen-ja-korkeakouluyhteistyo\\\/\"]}]},{\"@type\":\"BreadcrumbList\",\"@id\":\"https:\\\/\\\/help.jamk.fi\\\/ops-kasikirja\\\/fi\\\/jatkuva-oppiminen-ja-korkeakouluyhteistyo\\\/#breadcrumb\",\"itemListElement\":[{\"@type\":\"ListItem\",\"position\":1,\"name\":\"Etusivu\",\"item\":\"https:\\\/\\\/help.jamk.fi\\\/ops-kasikirja\\\/fi\\\/\"},{\"@type\":\"ListItem\",\"position\":2,\"name\":\"Jatkuva oppiminen ja korkeakouluyhteisty\u00f6\"}]},{\"@type\":\"WebSite\",\"@id\":\"https:\\\/\\\/help.jamk.fi\\\/ops-kasikirja\\\/#website\",\"url\":\"https:\\\/\\\/help.jamk.fi\\\/ops-kasikirja\\\/\",\"name\":\"Ops-k\u00e4sikirja\",\"description\":\"\",\"potentialAction\":[{\"@type\":\"SearchAction\",\"target\":{\"@type\":\"EntryPoint\",\"urlTemplate\":\"https:\\\/\\\/help.jamk.fi\\\/ops-kasikirja\\\/?s={search_term_string}\"},\"query-input\":{\"@type\":\"PropertyValueSpecification\",\"valueRequired\":true,\"valueName\":\"search_term_string\"}}],\"inLanguage\":\"fi\"}]}<\/script>\n<!-- \/ Yoast SEO plugin. -->","yoast_head_json":{"title":"Jatkuva oppiminen ja korkeakouluyhteisty\u00f6 - Ops-k\u00e4sikirja","robots":{"index":"index","follow":"follow","max-snippet":"max-snippet:-1","max-image-preview":"max-image-preview:large","max-video-preview":"max-video-preview:-1"},"canonical":"https:\/\/help.jamk.fi\/ops-kasikirja\/fi\/jatkuva-oppiminen-ja-korkeakouluyhteistyo\/","og_locale":"fi_FI","og_type":"article","og_title":"Jatkuva oppiminen ja korkeakouluyhteisty\u00f6 - Ops-k\u00e4sikirja","og_description":"Miten huomioimme jatkuvan oppimisen ja korkeakouluyhteisty\u00f6n OPS-ty\u00f6ss\u00e4 Jatkuva oppiminen Jatkuva oppiminen on keskeinen osa korkeakoulujen koulutusteht\u00e4v\u00e4\u00e4. Sen tavoitteena on vastata ty\u00f6el\u00e4m\u00e4n muutoksista aiheutuviin osaamistarpeisiin ja palvella ty\u00f6ik\u00e4ist\u00e4 v\u00e4est\u00f6\u00e4 tarjoamalla mahdollisuuksia osaamisen yll\u00e4pit\u00e4miseen ja p\u00e4ivitt\u00e4miseen. Opetussuunnitelmaty\u00f6ss\u00e4 t\u00e4m\u00e4 tarkoittaa, ett\u00e4 tutkintokoulutuksen rakenteet palvelevat useita oppijaryhmi\u00e4 ja sama opintotarjonta on hy\u00f6dynnett\u00e4viss\u00e4 sek\u00e4 tutkinto-opiskelijoille ett\u00e4 osaamistaan t\u00e4ydent\u00e4ville. Jatkuvaa oppimista [&hellip;]","og_url":"https:\/\/help.jamk.fi\/ops-kasikirja\/fi\/jatkuva-oppiminen-ja-korkeakouluyhteistyo\/","og_site_name":"Ops-k\u00e4sikirja","article_modified_time":"2026-04-13T06:59:42+00:00","twitter_card":"summary_large_image","twitter_misc":{"Arvioitu lukuaika":"3 minuuttia"},"schema":{"@context":"https:\/\/schema.org","@graph":[{"@type":"WebPage","@id":"https:\/\/help.jamk.fi\/ops-kasikirja\/fi\/jatkuva-oppiminen-ja-korkeakouluyhteistyo\/","url":"https:\/\/help.jamk.fi\/ops-kasikirja\/fi\/jatkuva-oppiminen-ja-korkeakouluyhteistyo\/","name":"Jatkuva oppiminen ja korkeakouluyhteisty\u00f6 - Ops-k\u00e4sikirja","isPartOf":{"@id":"https:\/\/help.jamk.fi\/ops-kasikirja\/#website"},"datePublished":"2023-01-30T05:04:33+00:00","dateModified":"2026-04-13T06:59:42+00:00","breadcrumb":{"@id":"https:\/\/help.jamk.fi\/ops-kasikirja\/fi\/jatkuva-oppiminen-ja-korkeakouluyhteistyo\/#breadcrumb"},"inLanguage":"fi","potentialAction":[{"@type":"ReadAction","target":["https:\/\/help.jamk.fi\/ops-kasikirja\/fi\/jatkuva-oppiminen-ja-korkeakouluyhteistyo\/"]}]},{"@type":"BreadcrumbList","@id":"https:\/\/help.jamk.fi\/ops-kasikirja\/fi\/jatkuva-oppiminen-ja-korkeakouluyhteistyo\/#breadcrumb","itemListElement":[{"@type":"ListItem","position":1,"name":"Etusivu","item":"https:\/\/help.jamk.fi\/ops-kasikirja\/fi\/"},{"@type":"ListItem","position":2,"name":"Jatkuva oppiminen ja korkeakouluyhteisty\u00f6"}]},{"@type":"WebSite","@id":"https:\/\/help.jamk.fi\/ops-kasikirja\/#website","url":"https:\/\/help.jamk.fi\/ops-kasikirja\/","name":"Ops-k\u00e4sikirja","description":"","potentialAction":[{"@type":"SearchAction","target":{"@type":"EntryPoint","urlTemplate":"https:\/\/help.jamk.fi\/ops-kasikirja\/?s={search_term_string}"},"query-input":{"@type":"PropertyValueSpecification","valueRequired":true,"valueName":"search_term_string"}}],"inLanguage":"fi"}]}},"_links":{"self":[{"href":"https:\/\/help.jamk.fi\/ops-kasikirja\/wp-json\/wp\/v2\/pages\/59","targetHints":{"allow":["GET"]}}],"collection":[{"href":"https:\/\/help.jamk.fi\/ops-kasikirja\/wp-json\/wp\/v2\/pages"}],"about":[{"href":"https:\/\/help.jamk.fi\/ops-kasikirja\/wp-json\/wp\/v2\/types\/page"}],"author":[{"embeddable":true,"href":"https:\/\/help.jamk.fi\/ops-kasikirja\/wp-json\/wp\/v2\/users\/79"}],"replies":[{"embeddable":true,"href":"https:\/\/help.jamk.fi\/ops-kasikirja\/wp-json\/wp\/v2\/comments?post=59"}],"version-history":[{"count":3,"href":"https:\/\/help.jamk.fi\/ops-kasikirja\/wp-json\/wp\/v2\/pages\/59\/revisions"}],"predecessor-version":[{"id":648,"href":"https:\/\/help.jamk.fi\/ops-kasikirja\/wp-json\/wp\/v2\/pages\/59\/revisions\/648"}],"wp:attachment":[{"href":"https:\/\/help.jamk.fi\/ops-kasikirja\/wp-json\/wp\/v2\/media?parent=59"}],"wp:term":[{"taxonomy":"category","embeddable":true,"href":"https:\/\/help.jamk.fi\/ops-kasikirja\/wp-json\/wp\/v2\/categories?post=59"},{"taxonomy":"post_tag","embeddable":true,"href":"https:\/\/help.jamk.fi\/ops-kasikirja\/wp-json\/wp\/v2\/tags?post=59"}],"curies":[{"name":"wp","href":"https:\/\/api.w.org\/{rel}","templated":true}]}}