{"id":62,"date":"2023-05-23T12:28:52","date_gmt":"2023-05-23T09:28:52","guid":{"rendered":"https:\/\/help.jamk.fi\/ops-kasikirja\/kansainvalisyys\/"},"modified":"2026-04-13T14:00:09","modified_gmt":"2026-04-13T11:00:09","slug":"kansainvalisyys","status":"publish","type":"page","link":"https:\/\/help.jamk.fi\/ops-kasikirja\/fi\/kansainvalisyys\/","title":{"rendered":"Kansainv\u00e4lisyys"},"content":{"rendered":"\n<h2 class=\"wp-block-heading\">Miksi kansainv\u00e4listy\u00e4?<\/h2>\n\n\n\n<ul class=\"wp-block-list\">\n<li>El\u00e4mme monikulttuurisessa maailmassa<\/li>\n\n\n\n<li>Monikulttuurinen opiskeluyhteis\u00f6<\/li>\n\n\n\n<li>Ty\u00f6el\u00e4m\u00e4n tarve kansainv\u00e4lisille osaajille \u2013 monikulttuurinen ty\u00f6yhteis\u00f6, eri puolilla maailmaa toimivat tiimil\u00e4iset<\/li>\n\n\n\n<li>Toimintaymp\u00e4rist\u00f6n muutokset ja uudenlaiset osaajatarpeet<\/li>\n\n\n\n<li>Euroopan komission tavoite; Kansainv\u00e4lisen liikkuvuuden ja osaamisen edist\u00e4minen opintojen aikana, joka edist\u00e4\u00e4 eurooppalaista ty\u00f6voiman liikkuvuutta<\/li>\n\n\n\n<li>Opetus- ja kulttuuriministeri\u00f6n kanssa on sovittu monipuolisen opiskelija- ja harjoitteluliikkuvuuden edist\u00e4minen huomioiden erilaiset opiskelijaprofiilit.<\/li>\n\n\n\n<li>Kansainv\u00e4lisen osaamisen ja sen kehitt\u00e4misen tarve opintojen aikana on edelleen t\u00e4rke\u00e4\u00e4, vaikka sit\u00e4 ei en\u00e4\u00e4 erikseen ammattikorkeakoulujen rahoitusmittareissa olekaan.\n<ul class=\"wp-block-list\">\n<li>Hakijoiden opiskelupaikan valintaan voi vaikuttaa se, mink\u00e4laisia kansainv\u00e4listymisen mahdollisuuksia korkeakoulu tarjoaa.<\/li>\n<\/ul>\n<\/li>\n<\/ul>\n\n\n\n<h2 class=\"wp-block-heading\">Kansainv\u00e4linen osaaminen ty\u00f6el\u00e4m\u00e4ss\u00e4<\/h2>\n\n\n\n<p>Erilaisista selvityksist\u00e4 k\u00e4y esille se, ett\u00e4 vaikka monet ty\u00f6nantajat eiv\u00e4t v\u00e4ltt\u00e4m\u00e4tt\u00e4 pid\u00e4 kansainv\u00e4list\u00e4 kokemusta merkitt\u00e4v\u00e4n\u00e4 rekrytointikriteerin\u00e4, he arvostavat valmiuksia, joita katsovat kansainv\u00e4lisen kokemuksen tuottavan. Ty\u00f6el\u00e4m\u00e4 kaipaa uudenlaisia kansainv\u00e4lisi\u00e4 osaajia ratkaisemaan haasteita, joita syntyy globaalien megatrendien muuttaessa yritysten toimintakentt\u00e4\u00e4. Tulevaisuuden menestyksen kannalta on t\u00e4rke\u00e4\u00e4, ett\u00e4 sek\u00e4 ty\u00f6el\u00e4m\u00e4 ett\u00e4 opiskelijat itse oppivat tunnistamaan ja tuomaan esille piilossa olevan osaamispotentiaalinsa. Ty\u00f6el\u00e4m\u00e4n voimavara on my\u00f6s monikulttuurisuus, joka kehitt\u00e4\u00e4 ja luo uudenlaisia toimintatapoja osaamisen rinnalla.<\/p>\n\n\n\n<h2 class=\"wp-block-heading\">Kansainv\u00e4lisyyden muodot<\/h2>\n\n\n\n<ul class=\"wp-block-list\">\n<li>Ulkomailla tapahtuva kansainv\u00e4lisyysosaamisen kehitt\u00e4minen (kansainv\u00e4listyminen)<\/li>\n\n\n\n<li>Suomessa tapahtuva kansainv\u00e4lisyysosaamisen kehitt\u00e4minen (kotikansainv\u00e4listyminen)<\/li>\n\n\n\n<li>Kieliosaaminen<\/li>\n\n\n\n<li>Kulttuuri\/monikulttuuriosaaminen<\/li>\n\n\n\n<li>Substanssiosaaminen<\/li>\n<\/ul>\n\n\n\n<h2 class=\"wp-block-heading\">Kansainv\u00e4listymisen tavat<\/h2>\n\n\n\n<ul class=\"wp-block-list\">\n<li>Ulkomaisessa korkeakoulussa tapahtuva osaamisen kehittyminen\/kehitt\u00e4minen opintojen kautta\n<ul class=\"wp-block-list\">\n<li>Erityisosaamisen opiskelumahdollisuudet, mit\u00e4 ulkomainen korkeakoulu tarjoaa<\/li>\n\n\n\n<li>Oman substanssialan osaamisen kehitt\u00e4minen, ulkomaisen korkeakoulun opintotarjonta<\/li>\n\n\n\n<li>Kielitaidon kehitt\u00e4minen \u2013 englanti, kohdemaan kieli, muut kielet<\/li>\n\n\n\n<li>Kulttuuriosaamisen\/monikulttuuriosaamisen kehitt\u00e4minen \u2013 maan kulttuuri, eri kulttuurien toimintatavat<\/li>\n\n\n\n<li>Double Degree\/Joint Degree \u2013opiskelumahdollisuuksien hy\u00f6dynt\u00e4minen<\/li>\n<\/ul>\n<\/li>\n\n\n\n<li>Ulkomailla harjoittelu ulkomaisessa\/kansainv\u00e4lisesti toimivassa yrityksess\u00e4\/organisaatiossa\n<ul class=\"wp-block-list\">\n<li>Oman alan ammatillisen osaamisen kehitt\u00e4minen<\/li>\n\n\n\n<li>Ulkomaisen ty\u00f6kulttuuriin tutustuminen, omaksuminen<\/li>\n\n\n\n<li>Monikulttuurisessa ty\u00f6yhteis\u00f6ss\u00e4\/tiimeiss\u00e4 toimiminen<\/li>\n<\/ul>\n<\/li>\n\n\n\n<li>Opintomatkat, Intensiivikurssit, Summer Schoolit yms.<\/li>\n\n\n\n<li>Physical, Virtual and Blended Mobility<\/li>\n\n\n\n<li>Vihre\u00e4 liikkuvuus lis\u00e4\u00e4 ymp\u00e4rist\u00f6tietoisuutta liikkuvuudessa ja kannustaa kest\u00e4v\u00e4mp\u00e4\u00e4n kansainv\u00e4listymiseen.<\/li>\n\n\n\n<li>EUDRES-verkoston yhteisty\u00f6<\/li>\n<\/ul>\n\n\n\n<h2 class=\"wp-block-heading\">Kotikansainv\u00e4listymisen tavat<\/h2>\n\n\n\n<ul class=\"wp-block-list\">\n<li>Englanninkieliset tutkinto-ohjelmat<\/li>\n\n\n\n<li>Englanninkieliset opintojaksot<\/li>\n\n\n\n<li>Opintomatkat, Summer School, intensiivikurssit yms<\/li>\n\n\n\n<li>Kieli- ja kulttuuriopinnot<\/li>\n\n\n\n<li>Ulkomaisten\/kansainv\u00e4listen osaajien luennot<\/li>\n\n\n\n<li>Ulkomaisten partnereiden kanssa toteutetut yhteiset opintojaksot (Physical, Virtual and Blended Mobility)<\/li>\n\n\n\n<li>Harjoittelu kansainv\u00e4lisess\u00e4 yrityksess\u00e4 ja monikulttuurisissa tiimeiss\u00e4<\/li>\n\n\n\n<li>Kansainv\u00e4lisiin projekteihin osallistuminen<\/li>\n\n\n\n<li>Verkostoituminen ulkomaalaisten opiskelijoiden kanssa esim. ryhm\u00e4ty\u00f6t, vapaa-aika, Learning Cafe, Each One Teach One yms<\/li>\n\n\n\n<li>Tutorina toimiminen ulkomaisille opiskelijoille<\/li>\n\n\n\n<li>JAMKOn toimintaan osallistuminen<\/li>\n<\/ul>\n\n\n\n<h2 class=\"wp-block-heading\">Opetussuunnitelma<\/h2>\n\n\n\n<p><em>Joustava opiskelupolku ja yksil\u00f6llinen tutkinto<\/em><\/p>\n\n\n\n<p>Opetussuunnitelmassa tulee olla erilaisia vaihtoehtoja kansainv\u00e4listymiselle ja kansainv\u00e4lisen osaamisen kehitt\u00e4miselle. Opetussuunnitelma antaa mahdollisuuden kansainv\u00e4lisen osaamisen kartuttamiselle opintojen aikana.<\/p>\n\n\n\n<p>Kannustava ilmapiiri, rohkaisu, tuki ja ohjaus kansainv\u00e4listymisen mahdollisuuksille ovat t\u00e4rkeit\u00e4, kuten my\u00f6s henkil\u00f6kohtaisen kasvun mahdollisuus vuorovaikutuksessa, viestint\u00e4- ja kommunikointitaidoissa, sosiaaliset taidoissa sek\u00e4 yhteisty\u00f6taidoissa. <\/p>\n\n\n\n<p>Opetussuunnitelmia laadittaessa otettava huomioon ty\u00f6el\u00e4m\u00e4n muutokset ja erilaisten osaajien tarve nyt ja tulevaisuudessa. Yksil\u00f6llinen tutkinto on kilpailuvaltti ty\u00f6markkinoilla.<\/p>\n\n\n\n<p>\u201dKansainv\u00e4liset kokemukset synnytt\u00e4v\u00e4t uudenlaista osaamista, jota suomalaiset ty\u00f6nantajat arvostavat.\u201d<\/p>\n\n\n\n<hr class=\"wp-block-separator has-alpha-channel-opacity\"\/>\n\n\n\n<p class=\"has-text-align-right\"><em><sub>Nina Bj\u00f6rn 13.4.2026<\/sub><\/em><\/p>\n","protected":false},"excerpt":{"rendered":"<p>Miksi kansainv\u00e4listy\u00e4? Kansainv\u00e4linen osaaminen ty\u00f6el\u00e4m\u00e4ss\u00e4 Erilaisista selvityksist\u00e4 k\u00e4y esille se, ett\u00e4 vaikka monet ty\u00f6nantajat eiv\u00e4t v\u00e4ltt\u00e4m\u00e4tt\u00e4 pid\u00e4 kansainv\u00e4list\u00e4 kokemusta merkitt\u00e4v\u00e4n\u00e4 rekrytointikriteerin\u00e4, he arvostavat valmiuksia, joita katsovat kansainv\u00e4lisen kokemuksen tuottavan. Ty\u00f6el\u00e4m\u00e4 kaipaa uudenlaisia kansainv\u00e4lisi\u00e4 osaajia ratkaisemaan haasteita, joita syntyy globaalien megatrendien muuttaessa yritysten toimintakentt\u00e4\u00e4. Tulevaisuuden menestyksen kannalta on t\u00e4rke\u00e4\u00e4, ett\u00e4 sek\u00e4 ty\u00f6el\u00e4m\u00e4 ett\u00e4 opiskelijat itse oppivat [&hellip;]<\/p>\n","protected":false},"author":79,"featured_media":0,"parent":0,"menu_order":8,"comment_status":"closed","ping_status":"closed","template":"","meta":{"_acf_changed":false,"_relevanssi_hide_post":"","_relevanssi_hide_content":"","_relevanssi_pin_for_all":"","_relevanssi_pin_keywords":"","_relevanssi_unpin_keywords":"","_relevanssi_related_keywords":"","_relevanssi_related_include_ids":"","_relevanssi_related_exclude_ids":"","_relevanssi_related_no_append":"","_relevanssi_related_not_related":"","_relevanssi_related_posts":"","_relevanssi_noindex_reason":"","footnotes":""},"categories":[],"tags":[],"class_list":["post-62","page","type-page","status-publish","hentry"],"acf":[],"yoast_head":"<!-- This site is optimized with the Yoast SEO plugin v27.4 - https:\/\/yoast.com\/product\/yoast-seo-wordpress\/ -->\n<title>Kansainv\u00e4lisyys - Ops-k\u00e4sikirja<\/title>\n<meta name=\"robots\" content=\"index, follow, max-snippet:-1, max-image-preview:large, max-video-preview:-1\" \/>\n<link rel=\"canonical\" href=\"https:\/\/help.jamk.fi\/ops-kasikirja\/fi\/kansainvalisyys\/\" \/>\n<meta property=\"og:locale\" content=\"fi_FI\" \/>\n<meta property=\"og:type\" content=\"article\" \/>\n<meta property=\"og:title\" content=\"Kansainv\u00e4lisyys - Ops-k\u00e4sikirja\" \/>\n<meta property=\"og:description\" content=\"Miksi kansainv\u00e4listy\u00e4? Kansainv\u00e4linen osaaminen ty\u00f6el\u00e4m\u00e4ss\u00e4 Erilaisista selvityksist\u00e4 k\u00e4y esille se, ett\u00e4 vaikka monet ty\u00f6nantajat eiv\u00e4t v\u00e4ltt\u00e4m\u00e4tt\u00e4 pid\u00e4 kansainv\u00e4list\u00e4 kokemusta merkitt\u00e4v\u00e4n\u00e4 rekrytointikriteerin\u00e4, he arvostavat valmiuksia, joita katsovat kansainv\u00e4lisen kokemuksen tuottavan. Ty\u00f6el\u00e4m\u00e4 kaipaa uudenlaisia kansainv\u00e4lisi\u00e4 osaajia ratkaisemaan haasteita, joita syntyy globaalien megatrendien muuttaessa yritysten toimintakentt\u00e4\u00e4. Tulevaisuuden menestyksen kannalta on t\u00e4rke\u00e4\u00e4, ett\u00e4 sek\u00e4 ty\u00f6el\u00e4m\u00e4 ett\u00e4 opiskelijat itse oppivat [&hellip;]\" \/>\n<meta property=\"og:url\" content=\"https:\/\/help.jamk.fi\/ops-kasikirja\/fi\/kansainvalisyys\/\" \/>\n<meta property=\"og:site_name\" content=\"Ops-k\u00e4sikirja\" \/>\n<meta property=\"article:modified_time\" content=\"2026-04-13T11:00:09+00:00\" \/>\n<meta name=\"twitter:card\" content=\"summary_large_image\" \/>\n<meta name=\"twitter:label1\" content=\"Arvioitu lukuaika\" \/>\n\t<meta name=\"twitter:data1\" content=\"3 minuuttia\" \/>\n<script type=\"application\/ld+json\" class=\"yoast-schema-graph\">{\"@context\":\"https:\\\/\\\/schema.org\",\"@graph\":[{\"@type\":\"WebPage\",\"@id\":\"https:\\\/\\\/help.jamk.fi\\\/ops-kasikirja\\\/fi\\\/kansainvalisyys\\\/\",\"url\":\"https:\\\/\\\/help.jamk.fi\\\/ops-kasikirja\\\/fi\\\/kansainvalisyys\\\/\",\"name\":\"Kansainv\u00e4lisyys - Ops-k\u00e4sikirja\",\"isPartOf\":{\"@id\":\"https:\\\/\\\/help.jamk.fi\\\/ops-kasikirja\\\/#website\"},\"datePublished\":\"2023-05-23T09:28:52+00:00\",\"dateModified\":\"2026-04-13T11:00:09+00:00\",\"breadcrumb\":{\"@id\":\"https:\\\/\\\/help.jamk.fi\\\/ops-kasikirja\\\/fi\\\/kansainvalisyys\\\/#breadcrumb\"},\"inLanguage\":\"fi\",\"potentialAction\":[{\"@type\":\"ReadAction\",\"target\":[\"https:\\\/\\\/help.jamk.fi\\\/ops-kasikirja\\\/fi\\\/kansainvalisyys\\\/\"]}]},{\"@type\":\"BreadcrumbList\",\"@id\":\"https:\\\/\\\/help.jamk.fi\\\/ops-kasikirja\\\/fi\\\/kansainvalisyys\\\/#breadcrumb\",\"itemListElement\":[{\"@type\":\"ListItem\",\"position\":1,\"name\":\"Etusivu\",\"item\":\"https:\\\/\\\/help.jamk.fi\\\/ops-kasikirja\\\/fi\\\/\"},{\"@type\":\"ListItem\",\"position\":2,\"name\":\"Kansainv\u00e4lisyys\"}]},{\"@type\":\"WebSite\",\"@id\":\"https:\\\/\\\/help.jamk.fi\\\/ops-kasikirja\\\/#website\",\"url\":\"https:\\\/\\\/help.jamk.fi\\\/ops-kasikirja\\\/\",\"name\":\"Ops-k\u00e4sikirja\",\"description\":\"\",\"potentialAction\":[{\"@type\":\"SearchAction\",\"target\":{\"@type\":\"EntryPoint\",\"urlTemplate\":\"https:\\\/\\\/help.jamk.fi\\\/ops-kasikirja\\\/?s={search_term_string}\"},\"query-input\":{\"@type\":\"PropertyValueSpecification\",\"valueRequired\":true,\"valueName\":\"search_term_string\"}}],\"inLanguage\":\"fi\"}]}<\/script>\n<!-- \/ Yoast SEO plugin. -->","yoast_head_json":{"title":"Kansainv\u00e4lisyys - Ops-k\u00e4sikirja","robots":{"index":"index","follow":"follow","max-snippet":"max-snippet:-1","max-image-preview":"max-image-preview:large","max-video-preview":"max-video-preview:-1"},"canonical":"https:\/\/help.jamk.fi\/ops-kasikirja\/fi\/kansainvalisyys\/","og_locale":"fi_FI","og_type":"article","og_title":"Kansainv\u00e4lisyys - Ops-k\u00e4sikirja","og_description":"Miksi kansainv\u00e4listy\u00e4? Kansainv\u00e4linen osaaminen ty\u00f6el\u00e4m\u00e4ss\u00e4 Erilaisista selvityksist\u00e4 k\u00e4y esille se, ett\u00e4 vaikka monet ty\u00f6nantajat eiv\u00e4t v\u00e4ltt\u00e4m\u00e4tt\u00e4 pid\u00e4 kansainv\u00e4list\u00e4 kokemusta merkitt\u00e4v\u00e4n\u00e4 rekrytointikriteerin\u00e4, he arvostavat valmiuksia, joita katsovat kansainv\u00e4lisen kokemuksen tuottavan. Ty\u00f6el\u00e4m\u00e4 kaipaa uudenlaisia kansainv\u00e4lisi\u00e4 osaajia ratkaisemaan haasteita, joita syntyy globaalien megatrendien muuttaessa yritysten toimintakentt\u00e4\u00e4. Tulevaisuuden menestyksen kannalta on t\u00e4rke\u00e4\u00e4, ett\u00e4 sek\u00e4 ty\u00f6el\u00e4m\u00e4 ett\u00e4 opiskelijat itse oppivat [&hellip;]","og_url":"https:\/\/help.jamk.fi\/ops-kasikirja\/fi\/kansainvalisyys\/","og_site_name":"Ops-k\u00e4sikirja","article_modified_time":"2026-04-13T11:00:09+00:00","twitter_card":"summary_large_image","twitter_misc":{"Arvioitu lukuaika":"3 minuuttia"},"schema":{"@context":"https:\/\/schema.org","@graph":[{"@type":"WebPage","@id":"https:\/\/help.jamk.fi\/ops-kasikirja\/fi\/kansainvalisyys\/","url":"https:\/\/help.jamk.fi\/ops-kasikirja\/fi\/kansainvalisyys\/","name":"Kansainv\u00e4lisyys - Ops-k\u00e4sikirja","isPartOf":{"@id":"https:\/\/help.jamk.fi\/ops-kasikirja\/#website"},"datePublished":"2023-05-23T09:28:52+00:00","dateModified":"2026-04-13T11:00:09+00:00","breadcrumb":{"@id":"https:\/\/help.jamk.fi\/ops-kasikirja\/fi\/kansainvalisyys\/#breadcrumb"},"inLanguage":"fi","potentialAction":[{"@type":"ReadAction","target":["https:\/\/help.jamk.fi\/ops-kasikirja\/fi\/kansainvalisyys\/"]}]},{"@type":"BreadcrumbList","@id":"https:\/\/help.jamk.fi\/ops-kasikirja\/fi\/kansainvalisyys\/#breadcrumb","itemListElement":[{"@type":"ListItem","position":1,"name":"Etusivu","item":"https:\/\/help.jamk.fi\/ops-kasikirja\/fi\/"},{"@type":"ListItem","position":2,"name":"Kansainv\u00e4lisyys"}]},{"@type":"WebSite","@id":"https:\/\/help.jamk.fi\/ops-kasikirja\/#website","url":"https:\/\/help.jamk.fi\/ops-kasikirja\/","name":"Ops-k\u00e4sikirja","description":"","potentialAction":[{"@type":"SearchAction","target":{"@type":"EntryPoint","urlTemplate":"https:\/\/help.jamk.fi\/ops-kasikirja\/?s={search_term_string}"},"query-input":{"@type":"PropertyValueSpecification","valueRequired":true,"valueName":"search_term_string"}}],"inLanguage":"fi"}]}},"_links":{"self":[{"href":"https:\/\/help.jamk.fi\/ops-kasikirja\/wp-json\/wp\/v2\/pages\/62","targetHints":{"allow":["GET"]}}],"collection":[{"href":"https:\/\/help.jamk.fi\/ops-kasikirja\/wp-json\/wp\/v2\/pages"}],"about":[{"href":"https:\/\/help.jamk.fi\/ops-kasikirja\/wp-json\/wp\/v2\/types\/page"}],"author":[{"embeddable":true,"href":"https:\/\/help.jamk.fi\/ops-kasikirja\/wp-json\/wp\/v2\/users\/79"}],"replies":[{"embeddable":true,"href":"https:\/\/help.jamk.fi\/ops-kasikirja\/wp-json\/wp\/v2\/comments?post=62"}],"version-history":[{"count":3,"href":"https:\/\/help.jamk.fi\/ops-kasikirja\/wp-json\/wp\/v2\/pages\/62\/revisions"}],"predecessor-version":[{"id":673,"href":"https:\/\/help.jamk.fi\/ops-kasikirja\/wp-json\/wp\/v2\/pages\/62\/revisions\/673"}],"wp:attachment":[{"href":"https:\/\/help.jamk.fi\/ops-kasikirja\/wp-json\/wp\/v2\/media?parent=62"}],"wp:term":[{"taxonomy":"category","embeddable":true,"href":"https:\/\/help.jamk.fi\/ops-kasikirja\/wp-json\/wp\/v2\/categories?post=62"},{"taxonomy":"post_tag","embeddable":true,"href":"https:\/\/help.jamk.fi\/ops-kasikirja\/wp-json\/wp\/v2\/tags?post=62"}],"curies":[{"name":"wp","href":"https:\/\/api.w.org\/{rel}","templated":true}]}}