{"id":68,"date":"2023-05-31T05:34:35","date_gmt":"2023-05-31T02:34:35","guid":{"rendered":"https:\/\/help.jamk.fi\/ops-kasikirja\/vastuullinen-asiantuntijuus-ja-kestava-kehitys\/"},"modified":"2024-05-23T09:08:02","modified_gmt":"2024-05-23T06:08:02","slug":"vastuullinen-asiantuntijuus-ja-kestava-kehitys","status":"publish","type":"page","link":"https:\/\/help.jamk.fi\/ops-kasikirja\/fi\/vastuullinen-asiantuntijuus-ja-kestava-kehitys\/","title":{"rendered":"Vastuullinen asiantuntijuus ja kest\u00e4v\u00e4 kehitys"},"content":{"rendered":"\n<p>Jamk on strategiansa mukaisesti sitoutunut huomioimaan kaikessa toiminnassaan vastuullisuuden toimien ekologisesti, sosiaalisesti ja kulttuurisesti sek\u00e4 taloudellisesti kest\u00e4v\u00e4ll\u00e4 tavalla. Jamk toteuttaa Arenen Kest\u00e4v\u00e4, vastuullinen ja hiilineutraali ammattikorkeakoulu 2030 -ohjelmaa ja sen koulutuslupausta: \u201dKest\u00e4v\u00e4n kehityksen taidot kaikille\u201d. Jamk kouluttaa vastuullisia asiantuntijoita, jotka osaavat edist\u00e4\u00e4 kest\u00e4v\u00e4\u00e4 kehityst\u00e4 ty\u00f6ss\u00e4\u00e4n ja vastaavat ty\u00f6el\u00e4m\u00e4n haasteisiin innovaatioilla ja kilpailukykyisell\u00e4 osaamisella. Vastuullisen asiantuntijuuden kasvu ei p\u00e4\u00e4ty tutkinnon valmistumiseen, vaan jatkuu ty\u00f6el\u00e4m\u00e4ss\u00e4 osana jatkuvaa oppimista ja ammatillista kasvua.<\/p>\n\n\n\n<p>Jamkin osaamisperusteisessa tutkintokoulutuksessa kest\u00e4v\u00e4n kehityksen osaaminen m\u00e4\u00e4ritell\u00e4\u00e4n Arenen vuonna 2022 julkaiseman suosituksen mukaisesti seuraavasti:<\/p>\n\n\n\n<div class=\"wp-block-columns is-layout-flex wp-container-core-columns-is-layout-9d6595d7 wp-block-columns-is-layout-flex\">\n<div class=\"wp-block-column is-layout-flow wp-block-column-is-layout-flow\">\n<p><strong>AMK-tutkinnot<\/strong><\/p>\n\n\n\n<p>Valmistuva opiskelija tuntee kest\u00e4v\u00e4n kehityksen periaatteet, edist\u00e4\u00e4 niiden toteutumista sek\u00e4 toimii vastuullisesti ammattilaisena ja yhteiskunnan j\u00e4senen\u00e4. <\/p>\n\n\n\n<ul class=\"wp-block-list\">\n<li>H\u00e4n osaa k\u00e4ytt\u00e4\u00e4 omaan alaansa liittyv\u00e4\u00e4 tietoa kest\u00e4vien ratkaisujen ja toimintamallien etsimiseen, k\u00e4ytt\u00f6\u00f6nottamiseen ja vakiinnuttamiseen.<\/li>\n\n\n\n<li>Lis\u00e4ksi h\u00e4n ymm\u00e4rt\u00e4\u00e4 kest\u00e4vyyshaasteita, niiden keskin\u00e4isi\u00e4 riippuvuuksia sek\u00e4 asioiden ja ongelmien monia n\u00e4k\u00f6kulmia.<\/li>\n<\/ul>\n<\/div>\n\n\n\n<div class=\"wp-block-column is-layout-flow wp-block-column-is-layout-flow\">\n<p><strong>YAMK-tutkinnot<\/strong><\/p>\n\n\n\n<p>Valmistuva opiskelija kehitt\u00e4\u00e4 ja johtaa kest\u00e4vi\u00e4 ja vastuullisia toimintatapoja ty\u00f6ss\u00e4\u00e4n sek\u00e4 tukee kest\u00e4vyysmuutosta ty\u00f6yhteis\u00f6ss\u00e4\u00e4n ja yhteiskunnassa. <\/p>\n\n\n\n<ul class=\"wp-block-list\">\n<li>H\u00e4n osaa soveltaa kest\u00e4v\u00e4n kehityksen tietoa ja tulevaisuuskuvia kokonaisvaltaisesti kest\u00e4vien ratkaisujen perustana. <\/li>\n\n\n\n<li>H\u00e4n osaa analysoida ja arvioida monialaisten kompleksisten ongelmien systeemisi\u00e4 riippuvuuksia ja ratkaisujen erilaisia ulottuvuuksia. <\/li>\n\n\n\n<li>Lis\u00e4ksi h\u00e4n kykenee johtamaan ty\u00f6yhteis\u00f6ss\u00e4\u00e4n kest\u00e4vien ratkaisujen ja toimintamallien etsimist\u00e4, k\u00e4ytt\u00f6\u00f6nottamista ja vakiinnuttamista.<\/li>\n<\/ul>\n<\/div>\n<\/div>\n\n\n\n<div class=\"wp-block-columns is-layout-flex wp-container-core-columns-is-layout-9d6595d7 wp-block-columns-is-layout-flex\">\n<div class=\"wp-block-column is-layout-flow wp-block-column-is-layout-flow\">\n<p>OPS 2024 -opinnot k\u00e4ynnistyv\u00e4t kaikille AMK-opiskelijoille yhteisell\u00e4 Kest\u00e4v\u00e4n kehityksen perusteet \/ Basics of Sustainable Development 1 op- opintojaksolla, jolla varmistetaan yhteinen perusosaaminen. T\u00e4m\u00e4n j\u00e4lkeen kest\u00e4v\u00e4n kehityksen opinnot integroidaan tutkintokohtaisesti osaksi ammatillisen ydinosaamisen opintoja. YAMK tutkinto-ohjelmissa kest\u00e4v\u00e4n kehityksen osaaminen sis\u00e4ltyy syvent\u00e4viin ammattiopintoihin.<\/p>\n\n\n\n<h2 class=\"wp-block-heading\">YK:n kest\u00e4v\u00e4n kehityksen tavoitteet viitekehyksen\u00e4<\/h2>\n\n\n\n<p>YK:n kest\u00e4v\u00e4n kehityksen tavoitteet ja alatavoitteet muodostavat viitekehyksen vastuullisen asiantuntijuuden kehittymiselle eri tutkinto-ohjelmissa. Valitut tavoitteet ja alatavoitteet kuvaavat konkreettisesti, mink\u00e4 tavoitteiden edist\u00e4miseen kussakin AMK- ja YAMK-tutkinnossa on erityisesti sitouduttu. Kun valitut kest\u00e4v\u00e4n kehityksen tavoitteet yhdistyv\u00e4t kest\u00e4v\u00e4n kehityksen osaamiseen, konkretisoituu k\u00e4yt\u00e4nn\u00f6ss\u00e4, miten juuri tietyst\u00e4 tutkinnosta valmistuva asiantuntija voi omassa ty\u00f6ss\u00e4\u00e4n edist\u00e4\u00e4 kest\u00e4v\u00e4\u00e4 kehityst\u00e4.<\/p>\n\n\n\n<figure class=\"wp-block-image size-full\"><img loading=\"lazy\" decoding=\"async\" width=\"1777\" height=\"1346\" src=\"https:\/\/help.jamk.fi\/ops-kasikirja\/wp-content\/uploads\/sites\/61\/2023\/06\/Wedding-cake-EN.jpg\" alt=\"SDGs Wedding cake\" class=\"wp-image-295\"\/><figcaption class=\"wp-element-caption\">Kuvio 1. Agenda 2030:n tavoitteiden suhteiden hierarkkinen hahmottaminen (Johan Rockstr\u00f6m &amp; Pavan Sukhdeev 2015)<\/figcaption><\/figure>\n\n\n\n<h2 class=\"wp-block-heading\">Vinkkej\u00e4 kest\u00e4v\u00e4\u00e4 kehityst\u00e4 edist\u00e4v\u00e4n opetussuunnitelman laatimiseen<\/h2>\n\n\n\n<ul class=\"wp-block-list\">\n<li><strong>Tunnista<\/strong>, miten kest\u00e4v\u00e4 kehitys on tai voi olla osa tutkintoa ja sen ammatti-identiteetti\u00e4 hy\u00f6dynt\u00e4en tunnistamisen ty\u00f6kaluina YK:n kest\u00e4v\u00e4n kehityksen tavoitteita ja alatavoitteita.<\/li>\n\n\n\n<li><strong>Hahmota<\/strong>, millaisesta kest\u00e4v\u00e4n kehityksen osaamisesta: tiedoista, taidoista, arvoista ja asenteista ko. kokonaisuus muodostuu. Mihin tutkinto-ohjelman ammatillisiin kokonaisuuksiin ko. osaaminen kytkeytyy? Mihin opintojaksoihin tai harjoitteluun kest\u00e4v\u00e4n kehityksen osaaminen sis\u00e4llytet\u00e4\u00e4n?<\/li>\n\n\n\n<li><strong>Suunnittele arviointi<\/strong>. Kest\u00e4v\u00e4n kehityksen osaamisen arviointi edellytt\u00e4\u00e4 sopivien arviointimenetelmien k\u00e4ytt\u00f6\u00e4 ja kest\u00e4v\u00e4n kehityksen osaamisen sis\u00e4llytt\u00e4mist\u00e4 opintojaksojen arviointikriteereihin.<\/li>\n\n\n\n<li><strong>Suunnittele pedagogiset ratkaisut<\/strong>. Millaisilla pedagogisilla ratkaisuilla ja oppimisymp\u00e4rist\u00f6ill\u00e4 tuetaan opiskelijan kest\u00e4v\u00e4n kehityksen osaamisen kehittymist\u00e4 opintopolun eri vaiheissa?<\/li>\n<\/ul>\n\n\n\n<h2 class=\"wp-block-heading\">Materiaalia OPS-ty\u00f6n tueksi<\/h2>\n\n\n\n<p>Kest\u00e4v\u00e4, vastuullinen ja hiilineutraali ammattikorkeakoulu (2020). <a href=\"http:\/\/www.arene.fi\/julkaisut\/raportit\/kestava-vastuullinen-ja-hiilineutraali-ammattikorkeakoulu-ammattikorkeakoulujen-kestavan-kehityksen-ja-vastuullisuuden-ohjelma\/\" target=\"_blank\" rel=\"noreferrer noopener\">http:\/\/www.arene.fi\/julkaisut\/raportit\/kestava-vastuullinen-ja-hiilineutraali-ammattikorkeakoulu-ammattikorkeakoulujen-kestavan-kehityksen-ja-vastuullisuuden-ohjelma\/<\/a><\/p>\n\n\n\n<p><a href=\"https:\/\/www.jamk.fi\/fi\/jamk\" target=\"_blank\" rel=\"noreferrer noopener\">Jamk strategia 2020-2030 (jamk.fi)<\/a><\/p>\n\n\n\n<p><a href=\"https:\/\/www.theseus.fi\/bitstream\/handle\/10024\/803224\/17_2023_Kestavan_ammattikorkeakoulutuksen_kasikirja.pdf?sequence=1&amp;isAllowed=y\" target=\"_blank\" rel=\"noreferrer noopener\">Kest\u00e4v\u00e4n ammattikorkeakoulutuksen k\u00e4sikirja (theseus.fi)<\/a><\/p>\n\n\n\n<p><a href=\"https:\/\/www.jamk.fi\/fi\/jamk\/vastuullinen-ja-kestava-jamk\" target=\"_blank\" rel=\"noreferrer noopener\">Vastuullinen ja kest\u00e4v\u00e4 Jamk &#8211; verkkosivut<\/a><\/p>\n\n\n\n<p><a rel=\"noreferrer noopener\" href=\"https:\/\/www.un.org\/sustainabledevelopment\/sustainable-development-goals\/\" target=\"_blank\">YK:n kest\u00e4v\u00e4n kehityksen tavoitteet<\/a> <\/p>\n\n\n\n<p><a href=\"https:\/\/www.ykliitto.fi\/kestava-kehitys\" target=\"_blank\" rel=\"noreferrer noopener\">Kest\u00e4v\u00e4 kehitys | Suomen YK-liitto<\/a><\/p>\n\n\n\n<p>Suositus ammattikorkeakoulujen yhteisist\u00e4 kompetensseista ja niiden soveltamisesta 2022. <a href=\"https:\/\/www.arene.fi\/wp-content\/uploads\/Raportit\/2022\/Kompetenssit\/Suositus%20ammattikorkeakoulujen%20yhteisiksi%20kompetensseiksi.pdf?_t=1642539572\" target=\"_blank\" rel=\"noreferrer noopener\">https:\/\/www.arene.fi\/wp-content\/uploads\/Raportit\/2022\/Kompetenssit\/Suositus%20ammattikorkeakoulujen%20yhteisiksi%20kompetensseiksi.pdf?_t=1642539572<\/a><\/p>\n\n\n\n<p><a href=\"https:\/\/www.stockholmresilience.org\/research\/research-news\/2016-06-14-how-food-connects-all-the-sdgs.html\" target=\"_blank\" rel=\"noreferrer noopener\">The SDGs wedding cake &#8211; Stockholm Resilience Centre<\/a><\/p>\n\n\n\n<p><a href=\"https:\/\/www.theseus.fi\/bitstream\/handle\/10024\/791317\/JAMKJULKAISUJA3222023_web.pdf?sequence=2&amp;isAllowed=y\" target=\"_blank\" rel=\"noreferrer noopener\">Koulutuksen kehitt\u00e4misen katsaus 2022 \u2013 Kest\u00e4v\u00e4\u00e4 ja vastuullista osaamista ty\u00f6el\u00e4m\u00e4\u00e4n (theseus.fi<\/a>)<\/p>\n\n\n\n<p><a href=\"https:\/\/www.sitra.fi\/uutiset\/megatrendit-2023-naita-kehityskulkuja-emme-voi-ohittaa\/\" target=\"_blank\" rel=\"noreferrer noopener\">SITRA (2023). Megatrendit 2023: N\u00e4it\u00e4 kehityskulkuja emme voi ohittaa &#8211; Sitra<\/a><\/p>\n<\/div>\n<\/div>\n\n\n\n<hr class=\"wp-block-separator has-alpha-channel-opacity\"\/>\n\n\n\n<p class=\"has-text-align-right\"><sub><em>Leena Liimatainen 30.5.2023<\/em><\/sub><\/p>\n","protected":false},"excerpt":{"rendered":"<p>Jamk on strategiansa mukaisesti sitoutunut huomioimaan kaikessa toiminnassaan vastuullisuuden toimien ekologisesti, sosiaalisesti ja kulttuurisesti sek\u00e4 taloudellisesti kest\u00e4v\u00e4ll\u00e4 tavalla. Jamk toteuttaa Arenen Kest\u00e4v\u00e4, vastuullinen ja hiilineutraali ammattikorkeakoulu 2030 -ohjelmaa ja sen koulutuslupausta: \u201dKest\u00e4v\u00e4n kehityksen taidot kaikille\u201d. Jamk kouluttaa vastuullisia asiantuntijoita, jotka osaavat edist\u00e4\u00e4 kest\u00e4v\u00e4\u00e4 kehityst\u00e4 ty\u00f6ss\u00e4\u00e4n ja vastaavat ty\u00f6el\u00e4m\u00e4n haasteisiin innovaatioilla ja kilpailukykyisell\u00e4 osaamisella. Vastuullisen asiantuntijuuden [&hellip;]<\/p>\n","protected":false},"author":79,"featured_media":0,"parent":0,"menu_order":9,"comment_status":"closed","ping_status":"closed","template":"","meta":{"_acf_changed":false,"_relevanssi_hide_post":"","_relevanssi_hide_content":"","_relevanssi_pin_for_all":"","_relevanssi_pin_keywords":"","_relevanssi_unpin_keywords":"","_relevanssi_related_keywords":"","_relevanssi_related_include_ids":"","_relevanssi_related_exclude_ids":"","_relevanssi_related_no_append":"","_relevanssi_related_not_related":"","_relevanssi_related_posts":"","_relevanssi_noindex_reason":"","footnotes":""},"categories":[],"tags":[],"class_list":["post-68","page","type-page","status-publish","hentry"],"acf":[],"yoast_head":"<!-- This site is optimized with the Yoast SEO plugin v27.4 - https:\/\/yoast.com\/product\/yoast-seo-wordpress\/ -->\n<title>Vastuullinen asiantuntijuus ja kest\u00e4v\u00e4 kehitys - Ops-k\u00e4sikirja<\/title>\n<meta name=\"robots\" content=\"index, follow, max-snippet:-1, max-image-preview:large, max-video-preview:-1\" \/>\n<link rel=\"canonical\" href=\"https:\/\/help.jamk.fi\/ops-kasikirja\/fi\/vastuullinen-asiantuntijuus-ja-kestava-kehitys\/\" \/>\n<meta property=\"og:locale\" content=\"fi_FI\" \/>\n<meta property=\"og:type\" content=\"article\" \/>\n<meta property=\"og:title\" content=\"Vastuullinen asiantuntijuus ja kest\u00e4v\u00e4 kehitys - Ops-k\u00e4sikirja\" \/>\n<meta property=\"og:description\" content=\"Jamk on strategiansa mukaisesti sitoutunut huomioimaan kaikessa toiminnassaan vastuullisuuden toimien ekologisesti, sosiaalisesti ja kulttuurisesti sek\u00e4 taloudellisesti kest\u00e4v\u00e4ll\u00e4 tavalla. Jamk toteuttaa Arenen Kest\u00e4v\u00e4, vastuullinen ja hiilineutraali ammattikorkeakoulu 2030 -ohjelmaa ja sen koulutuslupausta: \u201dKest\u00e4v\u00e4n kehityksen taidot kaikille\u201d. Jamk kouluttaa vastuullisia asiantuntijoita, jotka osaavat edist\u00e4\u00e4 kest\u00e4v\u00e4\u00e4 kehityst\u00e4 ty\u00f6ss\u00e4\u00e4n ja vastaavat ty\u00f6el\u00e4m\u00e4n haasteisiin innovaatioilla ja kilpailukykyisell\u00e4 osaamisella. Vastuullisen asiantuntijuuden [&hellip;]\" \/>\n<meta property=\"og:url\" content=\"https:\/\/help.jamk.fi\/ops-kasikirja\/fi\/vastuullinen-asiantuntijuus-ja-kestava-kehitys\/\" \/>\n<meta property=\"og:site_name\" content=\"Ops-k\u00e4sikirja\" \/>\n<meta property=\"article:modified_time\" content=\"2024-05-23T06:08:02+00:00\" \/>\n<meta property=\"og:image\" content=\"https:\/\/help.jamk.fi\/ops-kasikirja\/wp-content\/uploads\/sites\/61\/2023\/06\/Wedding-cake-EN.jpg\" \/>\n<meta name=\"twitter:card\" content=\"summary_large_image\" \/>\n<meta name=\"twitter:label1\" content=\"Arvioitu lukuaika\" \/>\n\t<meta name=\"twitter:data1\" content=\"4 minuuttia\" \/>\n<script type=\"application\/ld+json\" class=\"yoast-schema-graph\">{\"@context\":\"https:\\\/\\\/schema.org\",\"@graph\":[{\"@type\":\"WebPage\",\"@id\":\"https:\\\/\\\/help.jamk.fi\\\/ops-kasikirja\\\/fi\\\/vastuullinen-asiantuntijuus-ja-kestava-kehitys\\\/\",\"url\":\"https:\\\/\\\/help.jamk.fi\\\/ops-kasikirja\\\/fi\\\/vastuullinen-asiantuntijuus-ja-kestava-kehitys\\\/\",\"name\":\"Vastuullinen asiantuntijuus ja kest\u00e4v\u00e4 kehitys - Ops-k\u00e4sikirja\",\"isPartOf\":{\"@id\":\"https:\\\/\\\/help.jamk.fi\\\/ops-kasikirja\\\/#website\"},\"primaryImageOfPage\":{\"@id\":\"https:\\\/\\\/help.jamk.fi\\\/ops-kasikirja\\\/fi\\\/vastuullinen-asiantuntijuus-ja-kestava-kehitys\\\/#primaryimage\"},\"image\":{\"@id\":\"https:\\\/\\\/help.jamk.fi\\\/ops-kasikirja\\\/fi\\\/vastuullinen-asiantuntijuus-ja-kestava-kehitys\\\/#primaryimage\"},\"thumbnailUrl\":\"https:\\\/\\\/help.jamk.fi\\\/ops-kasikirja\\\/wp-content\\\/uploads\\\/sites\\\/61\\\/2023\\\/06\\\/Wedding-cake-EN.jpg\",\"datePublished\":\"2023-05-31T02:34:35+00:00\",\"dateModified\":\"2024-05-23T06:08:02+00:00\",\"breadcrumb\":{\"@id\":\"https:\\\/\\\/help.jamk.fi\\\/ops-kasikirja\\\/fi\\\/vastuullinen-asiantuntijuus-ja-kestava-kehitys\\\/#breadcrumb\"},\"inLanguage\":\"fi\",\"potentialAction\":[{\"@type\":\"ReadAction\",\"target\":[\"https:\\\/\\\/help.jamk.fi\\\/ops-kasikirja\\\/fi\\\/vastuullinen-asiantuntijuus-ja-kestava-kehitys\\\/\"]}]},{\"@type\":\"ImageObject\",\"inLanguage\":\"fi\",\"@id\":\"https:\\\/\\\/help.jamk.fi\\\/ops-kasikirja\\\/fi\\\/vastuullinen-asiantuntijuus-ja-kestava-kehitys\\\/#primaryimage\",\"url\":\"https:\\\/\\\/help.jamk.fi\\\/ops-kasikirja\\\/wp-content\\\/uploads\\\/sites\\\/61\\\/2023\\\/06\\\/Wedding-cake-EN.jpg\",\"contentUrl\":\"https:\\\/\\\/help.jamk.fi\\\/ops-kasikirja\\\/wp-content\\\/uploads\\\/sites\\\/61\\\/2023\\\/06\\\/Wedding-cake-EN.jpg\",\"width\":1777,\"height\":1346,\"caption\":\"Kuvio 1. Agenda 2030:n tavoitteiden suhteiden hierarkkinen hahmottaminen (Johan Rockstr\u00f6m &amp; Pavan Sukhdeev 2015)\"},{\"@type\":\"BreadcrumbList\",\"@id\":\"https:\\\/\\\/help.jamk.fi\\\/ops-kasikirja\\\/fi\\\/vastuullinen-asiantuntijuus-ja-kestava-kehitys\\\/#breadcrumb\",\"itemListElement\":[{\"@type\":\"ListItem\",\"position\":1,\"name\":\"Etusivu\",\"item\":\"https:\\\/\\\/help.jamk.fi\\\/ops-kasikirja\\\/fi\\\/\"},{\"@type\":\"ListItem\",\"position\":2,\"name\":\"Vastuullinen asiantuntijuus ja kest\u00e4v\u00e4 kehitys\"}]},{\"@type\":\"WebSite\",\"@id\":\"https:\\\/\\\/help.jamk.fi\\\/ops-kasikirja\\\/#website\",\"url\":\"https:\\\/\\\/help.jamk.fi\\\/ops-kasikirja\\\/\",\"name\":\"Ops-k\u00e4sikirja\",\"description\":\"\",\"potentialAction\":[{\"@type\":\"SearchAction\",\"target\":{\"@type\":\"EntryPoint\",\"urlTemplate\":\"https:\\\/\\\/help.jamk.fi\\\/ops-kasikirja\\\/?s={search_term_string}\"},\"query-input\":{\"@type\":\"PropertyValueSpecification\",\"valueRequired\":true,\"valueName\":\"search_term_string\"}}],\"inLanguage\":\"fi\"}]}<\/script>\n<!-- \/ Yoast SEO plugin. -->","yoast_head_json":{"title":"Vastuullinen asiantuntijuus ja kest\u00e4v\u00e4 kehitys - Ops-k\u00e4sikirja","robots":{"index":"index","follow":"follow","max-snippet":"max-snippet:-1","max-image-preview":"max-image-preview:large","max-video-preview":"max-video-preview:-1"},"canonical":"https:\/\/help.jamk.fi\/ops-kasikirja\/fi\/vastuullinen-asiantuntijuus-ja-kestava-kehitys\/","og_locale":"fi_FI","og_type":"article","og_title":"Vastuullinen asiantuntijuus ja kest\u00e4v\u00e4 kehitys - Ops-k\u00e4sikirja","og_description":"Jamk on strategiansa mukaisesti sitoutunut huomioimaan kaikessa toiminnassaan vastuullisuuden toimien ekologisesti, sosiaalisesti ja kulttuurisesti sek\u00e4 taloudellisesti kest\u00e4v\u00e4ll\u00e4 tavalla. Jamk toteuttaa Arenen Kest\u00e4v\u00e4, vastuullinen ja hiilineutraali ammattikorkeakoulu 2030 -ohjelmaa ja sen koulutuslupausta: \u201dKest\u00e4v\u00e4n kehityksen taidot kaikille\u201d. Jamk kouluttaa vastuullisia asiantuntijoita, jotka osaavat edist\u00e4\u00e4 kest\u00e4v\u00e4\u00e4 kehityst\u00e4 ty\u00f6ss\u00e4\u00e4n ja vastaavat ty\u00f6el\u00e4m\u00e4n haasteisiin innovaatioilla ja kilpailukykyisell\u00e4 osaamisella. Vastuullisen asiantuntijuuden [&hellip;]","og_url":"https:\/\/help.jamk.fi\/ops-kasikirja\/fi\/vastuullinen-asiantuntijuus-ja-kestava-kehitys\/","og_site_name":"Ops-k\u00e4sikirja","article_modified_time":"2024-05-23T06:08:02+00:00","og_image":[{"url":"https:\/\/help.jamk.fi\/ops-kasikirja\/wp-content\/uploads\/sites\/61\/2023\/06\/Wedding-cake-EN.jpg","type":"","width":"","height":""}],"twitter_card":"summary_large_image","twitter_misc":{"Arvioitu lukuaika":"4 minuuttia"},"schema":{"@context":"https:\/\/schema.org","@graph":[{"@type":"WebPage","@id":"https:\/\/help.jamk.fi\/ops-kasikirja\/fi\/vastuullinen-asiantuntijuus-ja-kestava-kehitys\/","url":"https:\/\/help.jamk.fi\/ops-kasikirja\/fi\/vastuullinen-asiantuntijuus-ja-kestava-kehitys\/","name":"Vastuullinen asiantuntijuus ja kest\u00e4v\u00e4 kehitys - Ops-k\u00e4sikirja","isPartOf":{"@id":"https:\/\/help.jamk.fi\/ops-kasikirja\/#website"},"primaryImageOfPage":{"@id":"https:\/\/help.jamk.fi\/ops-kasikirja\/fi\/vastuullinen-asiantuntijuus-ja-kestava-kehitys\/#primaryimage"},"image":{"@id":"https:\/\/help.jamk.fi\/ops-kasikirja\/fi\/vastuullinen-asiantuntijuus-ja-kestava-kehitys\/#primaryimage"},"thumbnailUrl":"https:\/\/help.jamk.fi\/ops-kasikirja\/wp-content\/uploads\/sites\/61\/2023\/06\/Wedding-cake-EN.jpg","datePublished":"2023-05-31T02:34:35+00:00","dateModified":"2024-05-23T06:08:02+00:00","breadcrumb":{"@id":"https:\/\/help.jamk.fi\/ops-kasikirja\/fi\/vastuullinen-asiantuntijuus-ja-kestava-kehitys\/#breadcrumb"},"inLanguage":"fi","potentialAction":[{"@type":"ReadAction","target":["https:\/\/help.jamk.fi\/ops-kasikirja\/fi\/vastuullinen-asiantuntijuus-ja-kestava-kehitys\/"]}]},{"@type":"ImageObject","inLanguage":"fi","@id":"https:\/\/help.jamk.fi\/ops-kasikirja\/fi\/vastuullinen-asiantuntijuus-ja-kestava-kehitys\/#primaryimage","url":"https:\/\/help.jamk.fi\/ops-kasikirja\/wp-content\/uploads\/sites\/61\/2023\/06\/Wedding-cake-EN.jpg","contentUrl":"https:\/\/help.jamk.fi\/ops-kasikirja\/wp-content\/uploads\/sites\/61\/2023\/06\/Wedding-cake-EN.jpg","width":1777,"height":1346,"caption":"Kuvio 1. Agenda 2030:n tavoitteiden suhteiden hierarkkinen hahmottaminen (Johan Rockstr\u00f6m &amp; Pavan Sukhdeev 2015)"},{"@type":"BreadcrumbList","@id":"https:\/\/help.jamk.fi\/ops-kasikirja\/fi\/vastuullinen-asiantuntijuus-ja-kestava-kehitys\/#breadcrumb","itemListElement":[{"@type":"ListItem","position":1,"name":"Etusivu","item":"https:\/\/help.jamk.fi\/ops-kasikirja\/fi\/"},{"@type":"ListItem","position":2,"name":"Vastuullinen asiantuntijuus ja kest\u00e4v\u00e4 kehitys"}]},{"@type":"WebSite","@id":"https:\/\/help.jamk.fi\/ops-kasikirja\/#website","url":"https:\/\/help.jamk.fi\/ops-kasikirja\/","name":"Ops-k\u00e4sikirja","description":"","potentialAction":[{"@type":"SearchAction","target":{"@type":"EntryPoint","urlTemplate":"https:\/\/help.jamk.fi\/ops-kasikirja\/?s={search_term_string}"},"query-input":{"@type":"PropertyValueSpecification","valueRequired":true,"valueName":"search_term_string"}}],"inLanguage":"fi"}]}},"_links":{"self":[{"href":"https:\/\/help.jamk.fi\/ops-kasikirja\/wp-json\/wp\/v2\/pages\/68","targetHints":{"allow":["GET"]}}],"collection":[{"href":"https:\/\/help.jamk.fi\/ops-kasikirja\/wp-json\/wp\/v2\/pages"}],"about":[{"href":"https:\/\/help.jamk.fi\/ops-kasikirja\/wp-json\/wp\/v2\/types\/page"}],"author":[{"embeddable":true,"href":"https:\/\/help.jamk.fi\/ops-kasikirja\/wp-json\/wp\/v2\/users\/79"}],"replies":[{"embeddable":true,"href":"https:\/\/help.jamk.fi\/ops-kasikirja\/wp-json\/wp\/v2\/comments?post=68"}],"version-history":[{"count":12,"href":"https:\/\/help.jamk.fi\/ops-kasikirja\/wp-json\/wp\/v2\/pages\/68\/revisions"}],"predecessor-version":[{"id":527,"href":"https:\/\/help.jamk.fi\/ops-kasikirja\/wp-json\/wp\/v2\/pages\/68\/revisions\/527"}],"wp:attachment":[{"href":"https:\/\/help.jamk.fi\/ops-kasikirja\/wp-json\/wp\/v2\/media?parent=68"}],"wp:term":[{"taxonomy":"category","embeddable":true,"href":"https:\/\/help.jamk.fi\/ops-kasikirja\/wp-json\/wp\/v2\/categories?post=68"},{"taxonomy":"post_tag","embeddable":true,"href":"https:\/\/help.jamk.fi\/ops-kasikirja\/wp-json\/wp\/v2\/tags?post=68"}],"curies":[{"name":"wp","href":"https:\/\/api.w.org\/{rel}","templated":true}]}}