{"id":77,"date":"2023-06-19T06:05:21","date_gmt":"2023-06-19T03:05:21","guid":{"rendered":"https:\/\/help.jamk.fi\/ops-kasikirja\/yrittajyys-ja-innovaatiot\/"},"modified":"2026-04-13T10:31:08","modified_gmt":"2026-04-13T07:31:08","slug":"yrittajyys-ja-innovaatiot","status":"publish","type":"page","link":"https:\/\/help.jamk.fi\/ops-kasikirja\/fi\/yrittajyys-ja-innovaatiot\/","title":{"rendered":"Yritt\u00e4jyys ja innovaatiot"},"content":{"rendered":"\n<h2 class=\"wp-block-heading\">Innovaatio- ja yritt\u00e4jyysosaaminen<\/h2>\n\n\n\n<p>Innovaatio- ja yritt\u00e4jyysosaaminen -opintokokonaisuudessa (entinen&nbsp;Jamk Future&nbsp;Factory)&nbsp;opitaan tekem\u00e4ll\u00e4 ja ratkomalla aitoja ty\u00f6el\u00e4m\u00e4n kehitt\u00e4mishaasteita opiskelijatiimeiss\u00e4. Monialaisen ja ty\u00f6el\u00e4m\u00e4l\u00e4heisen projektiopiskelun&nbsp;lis\u00e4ksi opintokokonaisuudessa&nbsp;kehitet\u00e4\u00e4n&nbsp;tulevaisuuden ty\u00f6el\u00e4m\u00e4taitoja, yritt\u00e4j\u00e4m\u00e4ist\u00e4 ty\u00f6otetta, omaa urapolkua ja ty\u00f6el\u00e4m\u00e4verkostoja.&nbsp;Opintokokonaisuudessa perehdyt\u00e4\u00e4n my\u00f6s kest\u00e4v\u00e4n kehityksen perusteisiin.<\/p>\n\n\n\n<h2 class=\"wp-block-heading\">Innovaatio- ja yritt\u00e4jyysosaaminen \u2013opintokokonaisuus 11 op<\/h2>\n\n\n\n<p>Opintojaksot:<\/p>\n\n\n\n<ol class=\"wp-block-list\">\n<li>Kest\u00e4v\u00e4n kehityksen perusteet \/ Basics of Sustainable Development 1 op (MOOC)<\/li>\n\n\n\n<li>InnoFlash 2 op<\/li>\n\n\n\n<li>Yritt\u00e4jyys \/ Entrepreneurship 3 op<\/li>\n\n\n\n<li>Ty\u00f6el\u00e4m\u00e4projekti \/ Working Life Project 5 cr<\/li>\n<\/ol>\n\n\n\n<p>Innovaatio- ja&nbsp;yritt\u00e4jyysosaaminen -opintokokonaisuus on kaikille AMK-tutkinto-opiskelijoille yhteinen ja pakollinen.<br>Jokaista opintojaksoa suorittamassa on vuosittain 1200\u20132000 opiskelijaa. Opintokokonaisuuden koordinoinnista vastaa Jamkin Future Factory -tiimi.<\/p>\n\n\n\n<h2 class=\"wp-block-heading\">Vapaasti valittavat yritt\u00e4jyysopinnot<\/h2>\n\n\n\n<p>Pakollisten innovaatio-, yritt\u00e4jyys- ja ty\u00f6el\u00e4m\u00e4projektiopintojen lis\u00e4ksi osaamista voi t\u00e4ydent\u00e4\u00e4 vapaasti valittavilla yritt\u00e4jyysopinnoilla. Jamk toteuttaa yhdess\u00e4 EduJyv\u00e4skyl\u00e4-oppilaitosten kanssa yritt\u00e4jyytt\u00e4 tukevia opintojaksoja. Vapaasti valittavat yritt\u00e4jyysopinnot l\u00f6ytyv\u00e4t Pepin opetussuunnitelmat-sivustolta.<\/p>\n\n\n\n<p>Future Factoryssa tehd\u00e4\u00e4n my\u00f6s Jamkin uudistuva oppiminen -vahvuusalan k\u00e4yt\u00e4nt\u00f6l\u00e4ht\u00f6ist\u00e4 pedagogista tutkimusta. Samalla kun opiskelijat oppivat, tutkitaan ja kehitet\u00e4\u00e4n uusia pedagogisia ratkaisuja, kuten esimeriksi digitalisaation hy\u00f6dynt\u00e4mist\u00e4 opiskelijan itseohjautuvan oppimisen ja ohjaamisen tukena.<\/p>\n\n\n\n<h2 class=\"wp-block-heading\">Materiaalia OPS-ty\u00f6n tueksi<\/h2>\n\n\n\n<p><a href=\"https:\/\/opetussuunnitelmat.peppi.jamk.fi\/offerings\/10\/41362\" target=\"_blank\" rel=\"noreferrer noopener\">Vapaasti valittavat yritt\u00e4jyysopinnot (Peppi, opetussuunnitelmat)<\/a><\/p>\n\n\n\n<p><a href=\"https:\/\/jamkstudent.sharepoint.com\/sites\/Future-Factory-Elmo\" target=\"_blank\" rel=\"noreferrer noopener\">Jamk Future Factory\u00ae (Elmo-intra, vaatii kirjautumisen)<\/a><\/p>\n\n\n\n<p><a href=\"https:\/\/www.jamk.fi\/fi\/palvelut\/opiskelijaprojektit-ja-tyovoima\/jamk-future-factoryr-fuel-for-creativity\" target=\"_blank\" rel=\"noreferrer noopener\">Jamk Future Factory\u00ae &#8211; Fuel for Creativity! (jamk.fi)<\/a><\/p>\n\n\n\n<p><a href=\"https:\/\/edujyvaskyla.fi\/opiskelijalle\/yrittajyys\" target=\"_blank\" rel=\"noreferrer noopener\">Yritt\u00e4jyys &#8211; EduJyv\u00e4skyl\u00e4 (edujyvaskyla.fi)<\/a><\/p>\n\n\n\n<hr class=\"wp-block-separator has-alpha-channel-opacity\"\/>\n\n\n\n<p class=\"has-text-align-right\"><em><sub>Mari Hakkarainen 13.4.2026<\/sub><\/em><\/p>\n","protected":false},"excerpt":{"rendered":"<p>Innovaatio- ja yritt\u00e4jyysosaaminen Innovaatio- ja yritt\u00e4jyysosaaminen -opintokokonaisuudessa (entinen&nbsp;Jamk Future&nbsp;Factory)&nbsp;opitaan tekem\u00e4ll\u00e4 ja ratkomalla aitoja ty\u00f6el\u00e4m\u00e4n kehitt\u00e4mishaasteita opiskelijatiimeiss\u00e4. Monialaisen ja ty\u00f6el\u00e4m\u00e4l\u00e4heisen projektiopiskelun&nbsp;lis\u00e4ksi opintokokonaisuudessa&nbsp;kehitet\u00e4\u00e4n&nbsp;tulevaisuuden ty\u00f6el\u00e4m\u00e4taitoja, yritt\u00e4j\u00e4m\u00e4ist\u00e4 ty\u00f6otetta, omaa urapolkua ja ty\u00f6el\u00e4m\u00e4verkostoja.&nbsp;Opintokokonaisuudessa perehdyt\u00e4\u00e4n my\u00f6s kest\u00e4v\u00e4n kehityksen perusteisiin. Innovaatio- ja yritt\u00e4jyysosaaminen \u2013opintokokonaisuus 11 op Opintojaksot: Innovaatio- ja&nbsp;yritt\u00e4jyysosaaminen -opintokokonaisuus on kaikille AMK-tutkinto-opiskelijoille yhteinen ja pakollinen.Jokaista opintojaksoa suorittamassa on vuosittain 1200\u20132000 opiskelijaa. [&hellip;]<\/p>\n","protected":false},"author":79,"featured_media":0,"parent":0,"menu_order":7,"comment_status":"closed","ping_status":"closed","template":"","meta":{"_acf_changed":false,"_relevanssi_hide_post":"","_relevanssi_hide_content":"","_relevanssi_pin_for_all":"","_relevanssi_pin_keywords":"","_relevanssi_unpin_keywords":"","_relevanssi_related_keywords":"","_relevanssi_related_include_ids":"","_relevanssi_related_exclude_ids":"","_relevanssi_related_no_append":"","_relevanssi_related_not_related":"","_relevanssi_related_posts":"","_relevanssi_noindex_reason":"","footnotes":""},"categories":[],"tags":[],"class_list":["post-77","page","type-page","status-publish","hentry"],"acf":[],"yoast_head":"<!-- This site is optimized with the Yoast SEO plugin v27.4 - https:\/\/yoast.com\/product\/yoast-seo-wordpress\/ -->\n<title>Yritt\u00e4jyys ja innovaatiot - Ops-k\u00e4sikirja<\/title>\n<meta name=\"robots\" content=\"index, follow, max-snippet:-1, max-image-preview:large, max-video-preview:-1\" \/>\n<link rel=\"canonical\" href=\"https:\/\/help.jamk.fi\/ops-kasikirja\/fi\/yrittajyys-ja-innovaatiot\/\" \/>\n<meta property=\"og:locale\" content=\"fi_FI\" \/>\n<meta property=\"og:type\" content=\"article\" \/>\n<meta property=\"og:title\" content=\"Yritt\u00e4jyys ja innovaatiot - Ops-k\u00e4sikirja\" \/>\n<meta property=\"og:description\" content=\"Innovaatio- ja yritt\u00e4jyysosaaminen Innovaatio- ja yritt\u00e4jyysosaaminen -opintokokonaisuudessa (entinen&nbsp;Jamk Future&nbsp;Factory)&nbsp;opitaan tekem\u00e4ll\u00e4 ja ratkomalla aitoja ty\u00f6el\u00e4m\u00e4n kehitt\u00e4mishaasteita opiskelijatiimeiss\u00e4. Monialaisen ja ty\u00f6el\u00e4m\u00e4l\u00e4heisen projektiopiskelun&nbsp;lis\u00e4ksi opintokokonaisuudessa&nbsp;kehitet\u00e4\u00e4n&nbsp;tulevaisuuden ty\u00f6el\u00e4m\u00e4taitoja, yritt\u00e4j\u00e4m\u00e4ist\u00e4 ty\u00f6otetta, omaa urapolkua ja ty\u00f6el\u00e4m\u00e4verkostoja.&nbsp;Opintokokonaisuudessa perehdyt\u00e4\u00e4n my\u00f6s kest\u00e4v\u00e4n kehityksen perusteisiin. Innovaatio- ja yritt\u00e4jyysosaaminen \u2013opintokokonaisuus 11 op Opintojaksot: Innovaatio- ja&nbsp;yritt\u00e4jyysosaaminen -opintokokonaisuus on kaikille AMK-tutkinto-opiskelijoille yhteinen ja pakollinen.Jokaista opintojaksoa suorittamassa on vuosittain 1200\u20132000 opiskelijaa. [&hellip;]\" \/>\n<meta property=\"og:url\" content=\"https:\/\/help.jamk.fi\/ops-kasikirja\/fi\/yrittajyys-ja-innovaatiot\/\" \/>\n<meta property=\"og:site_name\" content=\"Ops-k\u00e4sikirja\" \/>\n<meta property=\"article:modified_time\" content=\"2026-04-13T07:31:08+00:00\" \/>\n<meta name=\"twitter:card\" content=\"summary_large_image\" \/>\n<meta name=\"twitter:label1\" content=\"Arvioitu lukuaika\" \/>\n\t<meta name=\"twitter:data1\" content=\"2 minuuttia\" \/>\n<script type=\"application\/ld+json\" class=\"yoast-schema-graph\">{\"@context\":\"https:\\\/\\\/schema.org\",\"@graph\":[{\"@type\":\"WebPage\",\"@id\":\"https:\\\/\\\/help.jamk.fi\\\/ops-kasikirja\\\/fi\\\/yrittajyys-ja-innovaatiot\\\/\",\"url\":\"https:\\\/\\\/help.jamk.fi\\\/ops-kasikirja\\\/fi\\\/yrittajyys-ja-innovaatiot\\\/\",\"name\":\"Yritt\u00e4jyys ja innovaatiot - Ops-k\u00e4sikirja\",\"isPartOf\":{\"@id\":\"https:\\\/\\\/help.jamk.fi\\\/ops-kasikirja\\\/#website\"},\"datePublished\":\"2023-06-19T03:05:21+00:00\",\"dateModified\":\"2026-04-13T07:31:08+00:00\",\"breadcrumb\":{\"@id\":\"https:\\\/\\\/help.jamk.fi\\\/ops-kasikirja\\\/fi\\\/yrittajyys-ja-innovaatiot\\\/#breadcrumb\"},\"inLanguage\":\"fi\",\"potentialAction\":[{\"@type\":\"ReadAction\",\"target\":[\"https:\\\/\\\/help.jamk.fi\\\/ops-kasikirja\\\/fi\\\/yrittajyys-ja-innovaatiot\\\/\"]}]},{\"@type\":\"BreadcrumbList\",\"@id\":\"https:\\\/\\\/help.jamk.fi\\\/ops-kasikirja\\\/fi\\\/yrittajyys-ja-innovaatiot\\\/#breadcrumb\",\"itemListElement\":[{\"@type\":\"ListItem\",\"position\":1,\"name\":\"Etusivu\",\"item\":\"https:\\\/\\\/help.jamk.fi\\\/ops-kasikirja\\\/fi\\\/\"},{\"@type\":\"ListItem\",\"position\":2,\"name\":\"Yritt\u00e4jyys ja innovaatiot\"}]},{\"@type\":\"WebSite\",\"@id\":\"https:\\\/\\\/help.jamk.fi\\\/ops-kasikirja\\\/#website\",\"url\":\"https:\\\/\\\/help.jamk.fi\\\/ops-kasikirja\\\/\",\"name\":\"Ops-k\u00e4sikirja\",\"description\":\"\",\"potentialAction\":[{\"@type\":\"SearchAction\",\"target\":{\"@type\":\"EntryPoint\",\"urlTemplate\":\"https:\\\/\\\/help.jamk.fi\\\/ops-kasikirja\\\/?s={search_term_string}\"},\"query-input\":{\"@type\":\"PropertyValueSpecification\",\"valueRequired\":true,\"valueName\":\"search_term_string\"}}],\"inLanguage\":\"fi\"}]}<\/script>\n<!-- \/ Yoast SEO plugin. -->","yoast_head_json":{"title":"Yritt\u00e4jyys ja innovaatiot - Ops-k\u00e4sikirja","robots":{"index":"index","follow":"follow","max-snippet":"max-snippet:-1","max-image-preview":"max-image-preview:large","max-video-preview":"max-video-preview:-1"},"canonical":"https:\/\/help.jamk.fi\/ops-kasikirja\/fi\/yrittajyys-ja-innovaatiot\/","og_locale":"fi_FI","og_type":"article","og_title":"Yritt\u00e4jyys ja innovaatiot - Ops-k\u00e4sikirja","og_description":"Innovaatio- ja yritt\u00e4jyysosaaminen Innovaatio- ja yritt\u00e4jyysosaaminen -opintokokonaisuudessa (entinen&nbsp;Jamk Future&nbsp;Factory)&nbsp;opitaan tekem\u00e4ll\u00e4 ja ratkomalla aitoja ty\u00f6el\u00e4m\u00e4n kehitt\u00e4mishaasteita opiskelijatiimeiss\u00e4. Monialaisen ja ty\u00f6el\u00e4m\u00e4l\u00e4heisen projektiopiskelun&nbsp;lis\u00e4ksi opintokokonaisuudessa&nbsp;kehitet\u00e4\u00e4n&nbsp;tulevaisuuden ty\u00f6el\u00e4m\u00e4taitoja, yritt\u00e4j\u00e4m\u00e4ist\u00e4 ty\u00f6otetta, omaa urapolkua ja ty\u00f6el\u00e4m\u00e4verkostoja.&nbsp;Opintokokonaisuudessa perehdyt\u00e4\u00e4n my\u00f6s kest\u00e4v\u00e4n kehityksen perusteisiin. Innovaatio- ja yritt\u00e4jyysosaaminen \u2013opintokokonaisuus 11 op Opintojaksot: Innovaatio- ja&nbsp;yritt\u00e4jyysosaaminen -opintokokonaisuus on kaikille AMK-tutkinto-opiskelijoille yhteinen ja pakollinen.Jokaista opintojaksoa suorittamassa on vuosittain 1200\u20132000 opiskelijaa. [&hellip;]","og_url":"https:\/\/help.jamk.fi\/ops-kasikirja\/fi\/yrittajyys-ja-innovaatiot\/","og_site_name":"Ops-k\u00e4sikirja","article_modified_time":"2026-04-13T07:31:08+00:00","twitter_card":"summary_large_image","twitter_misc":{"Arvioitu lukuaika":"2 minuuttia"},"schema":{"@context":"https:\/\/schema.org","@graph":[{"@type":"WebPage","@id":"https:\/\/help.jamk.fi\/ops-kasikirja\/fi\/yrittajyys-ja-innovaatiot\/","url":"https:\/\/help.jamk.fi\/ops-kasikirja\/fi\/yrittajyys-ja-innovaatiot\/","name":"Yritt\u00e4jyys ja innovaatiot - Ops-k\u00e4sikirja","isPartOf":{"@id":"https:\/\/help.jamk.fi\/ops-kasikirja\/#website"},"datePublished":"2023-06-19T03:05:21+00:00","dateModified":"2026-04-13T07:31:08+00:00","breadcrumb":{"@id":"https:\/\/help.jamk.fi\/ops-kasikirja\/fi\/yrittajyys-ja-innovaatiot\/#breadcrumb"},"inLanguage":"fi","potentialAction":[{"@type":"ReadAction","target":["https:\/\/help.jamk.fi\/ops-kasikirja\/fi\/yrittajyys-ja-innovaatiot\/"]}]},{"@type":"BreadcrumbList","@id":"https:\/\/help.jamk.fi\/ops-kasikirja\/fi\/yrittajyys-ja-innovaatiot\/#breadcrumb","itemListElement":[{"@type":"ListItem","position":1,"name":"Etusivu","item":"https:\/\/help.jamk.fi\/ops-kasikirja\/fi\/"},{"@type":"ListItem","position":2,"name":"Yritt\u00e4jyys ja innovaatiot"}]},{"@type":"WebSite","@id":"https:\/\/help.jamk.fi\/ops-kasikirja\/#website","url":"https:\/\/help.jamk.fi\/ops-kasikirja\/","name":"Ops-k\u00e4sikirja","description":"","potentialAction":[{"@type":"SearchAction","target":{"@type":"EntryPoint","urlTemplate":"https:\/\/help.jamk.fi\/ops-kasikirja\/?s={search_term_string}"},"query-input":{"@type":"PropertyValueSpecification","valueRequired":true,"valueName":"search_term_string"}}],"inLanguage":"fi"}]}},"_links":{"self":[{"href":"https:\/\/help.jamk.fi\/ops-kasikirja\/wp-json\/wp\/v2\/pages\/77","targetHints":{"allow":["GET"]}}],"collection":[{"href":"https:\/\/help.jamk.fi\/ops-kasikirja\/wp-json\/wp\/v2\/pages"}],"about":[{"href":"https:\/\/help.jamk.fi\/ops-kasikirja\/wp-json\/wp\/v2\/types\/page"}],"author":[{"embeddable":true,"href":"https:\/\/help.jamk.fi\/ops-kasikirja\/wp-json\/wp\/v2\/users\/79"}],"replies":[{"embeddable":true,"href":"https:\/\/help.jamk.fi\/ops-kasikirja\/wp-json\/wp\/v2\/comments?post=77"}],"version-history":[{"count":5,"href":"https:\/\/help.jamk.fi\/ops-kasikirja\/wp-json\/wp\/v2\/pages\/77\/revisions"}],"predecessor-version":[{"id":653,"href":"https:\/\/help.jamk.fi\/ops-kasikirja\/wp-json\/wp\/v2\/pages\/77\/revisions\/653"}],"wp:attachment":[{"href":"https:\/\/help.jamk.fi\/ops-kasikirja\/wp-json\/wp\/v2\/media?parent=77"}],"wp:term":[{"taxonomy":"category","embeddable":true,"href":"https:\/\/help.jamk.fi\/ops-kasikirja\/wp-json\/wp\/v2\/categories?post=77"},{"taxonomy":"post_tag","embeddable":true,"href":"https:\/\/help.jamk.fi\/ops-kasikirja\/wp-json\/wp\/v2\/tags?post=77"}],"curies":[{"name":"wp","href":"https:\/\/api.w.org\/{rel}","templated":true}]}}