{"id":80,"date":"2023-06-20T12:13:53","date_gmt":"2023-06-20T09:13:53","guid":{"rendered":"https:\/\/help.jamk.fi\/ops-kasikirja\/opiskelijat-mukana-ops-tyossa\/"},"modified":"2026-04-13T12:09:52","modified_gmt":"2026-04-13T09:09:52","slug":"opiskelijat-mukana-ops-tyossa","status":"publish","type":"page","link":"https:\/\/help.jamk.fi\/ops-kasikirja\/fi\/opiskelijat-mukana-ops-tyossa\/","title":{"rendered":"Opiskelijat mukana OPS-ty\u00f6ss\u00e4"},"content":{"rendered":"\n<p>Opetussuunnitelmaa tehdess\u00e4 tulee huomioida opetussuunnitelman kohde eli opiskelijat. Opiskelijoille tulee antaa mahdollisuus osallistua OPSin uudistamiseen tai p\u00e4ivitt\u00e4miseen ja opiskelijoiden kokemus tulee huomioida lopullisessa OPSissa. Opiskelijoilla on kokemus opintojaksoista, jotka ovat hy\u00f6dyllisi\u00e4, mit\u00e4 tarvitaan omalle alalle lis\u00e4\u00e4, mutta my\u00f6s opintojaksoista, joita ei ole koettu hy\u00f6dylliseksi. Opiskelijoiden kanssa syntyv\u00e4 keskustelu opetussuunnitelman sis\u00e4ll\u00f6st\u00e4 on my\u00f6s t\u00e4rke\u00e4\u00e4 uuden opetussuunnitelma luomisessa.<\/p>\n\n\n\n<p>Kuinka sitten opiskelijat voisivat olla mukana OPS-ty\u00f6ss\u00e4? Kevyimmill\u00e4\u00e4n se on palautteen ker\u00e4\u00e4mist\u00e4 opetuksesta, sen ajankohtaisuudesta ja kehitt\u00e4misest\u00e4. Enemm\u00e4n osallistavaa ty\u00f6t\u00e4 olisi opiskelijoiden kanssa keskustelu ja yhteiset ty\u00f6pajat oman tutkinto-ohjelman sis\u00e4ll\u00e4. T\u00e4ll\u00f6in opiskelijat p\u00e4\u00e4sev\u00e4t kertomaan n\u00e4kemyksens\u00e4 ja kokemuksensa edellisen opetussuunnitelman sis\u00e4ll\u00f6st\u00e4 ja n\u00e4iden pohjalta seuraavassa opetussuunnitelmassa voidaan huomioida korjattavia asioita, mutta my\u00f6s pit\u00e4\u00e4 siell\u00e4 hyv\u00e4ksi koettuja asioita.<\/p>\n\n\n\n<p>Koko Jamkin tasolla OPS-ty\u00f6ss\u00e4 olisi hyv\u00e4 olla ryhm\u00e4 eri tutkintojen opiskelijoita, jolloin eri taustaiset opiskelijat p\u00e4\u00e4sisiv\u00e4t kertomaan n\u00e4kemyksi\u00e4\u00e4n yleisesti OPS-ty\u00f6st\u00e4.<\/p>\n\n\n\n<hr class=\"wp-block-separator has-alpha-channel-opacity\"\/>\n\n\n\n<p class=\"has-text-align-right\"><em><sub>Lauri Kujala (JAMKO) 20.6.2023, p\u00e4ivitetty 13.4.2026<\/sub><\/em><\/p>\n","protected":false},"excerpt":{"rendered":"<p>Opetussuunnitelmaa tehdess\u00e4 tulee huomioida opetussuunnitelman kohde eli opiskelijat. Opiskelijoille tulee antaa mahdollisuus osallistua OPSin uudistamiseen tai p\u00e4ivitt\u00e4miseen ja opiskelijoiden kokemus tulee huomioida lopullisessa OPSissa. Opiskelijoilla on kokemus opintojaksoista, jotka ovat hy\u00f6dyllisi\u00e4, mit\u00e4 tarvitaan omalle alalle lis\u00e4\u00e4, mutta my\u00f6s opintojaksoista, joita ei ole koettu hy\u00f6dylliseksi. Opiskelijoiden kanssa syntyv\u00e4 keskustelu opetussuunnitelman sis\u00e4ll\u00f6st\u00e4 on my\u00f6s t\u00e4rke\u00e4\u00e4 uuden opetussuunnitelma [&hellip;]<\/p>\n","protected":false},"author":79,"featured_media":0,"parent":0,"menu_order":12,"comment_status":"closed","ping_status":"closed","template":"","meta":{"_acf_changed":false,"_relevanssi_hide_post":"","_relevanssi_hide_content":"","_relevanssi_pin_for_all":"","_relevanssi_pin_keywords":"","_relevanssi_unpin_keywords":"","_relevanssi_related_keywords":"","_relevanssi_related_include_ids":"","_relevanssi_related_exclude_ids":"","_relevanssi_related_no_append":"","_relevanssi_related_not_related":"","_relevanssi_related_posts":"","_relevanssi_noindex_reason":"","footnotes":""},"categories":[],"tags":[],"class_list":["post-80","page","type-page","status-publish","hentry"],"acf":[],"yoast_head":"<!-- This site is optimized with the Yoast SEO plugin v27.4 - https:\/\/yoast.com\/product\/yoast-seo-wordpress\/ -->\n<title>Opiskelijat mukana OPS-ty\u00f6ss\u00e4 - Ops-k\u00e4sikirja<\/title>\n<meta name=\"robots\" content=\"index, follow, max-snippet:-1, max-image-preview:large, max-video-preview:-1\" \/>\n<link rel=\"canonical\" href=\"https:\/\/help.jamk.fi\/ops-kasikirja\/fi\/opiskelijat-mukana-ops-tyossa\/\" \/>\n<meta property=\"og:locale\" content=\"fi_FI\" \/>\n<meta property=\"og:type\" content=\"article\" \/>\n<meta property=\"og:title\" content=\"Opiskelijat mukana OPS-ty\u00f6ss\u00e4 - Ops-k\u00e4sikirja\" \/>\n<meta property=\"og:description\" content=\"Opetussuunnitelmaa tehdess\u00e4 tulee huomioida opetussuunnitelman kohde eli opiskelijat. Opiskelijoille tulee antaa mahdollisuus osallistua OPSin uudistamiseen tai p\u00e4ivitt\u00e4miseen ja opiskelijoiden kokemus tulee huomioida lopullisessa OPSissa. Opiskelijoilla on kokemus opintojaksoista, jotka ovat hy\u00f6dyllisi\u00e4, mit\u00e4 tarvitaan omalle alalle lis\u00e4\u00e4, mutta my\u00f6s opintojaksoista, joita ei ole koettu hy\u00f6dylliseksi. Opiskelijoiden kanssa syntyv\u00e4 keskustelu opetussuunnitelman sis\u00e4ll\u00f6st\u00e4 on my\u00f6s t\u00e4rke\u00e4\u00e4 uuden opetussuunnitelma [&hellip;]\" \/>\n<meta property=\"og:url\" content=\"https:\/\/help.jamk.fi\/ops-kasikirja\/fi\/opiskelijat-mukana-ops-tyossa\/\" \/>\n<meta property=\"og:site_name\" content=\"Ops-k\u00e4sikirja\" \/>\n<meta property=\"article:modified_time\" content=\"2026-04-13T09:09:52+00:00\" \/>\n<meta name=\"twitter:card\" content=\"summary_large_image\" \/>\n<meta name=\"twitter:label1\" content=\"Arvioitu lukuaika\" \/>\n\t<meta name=\"twitter:data1\" content=\"1 minuutti\" \/>\n<script type=\"application\/ld+json\" class=\"yoast-schema-graph\">{\"@context\":\"https:\\\/\\\/schema.org\",\"@graph\":[{\"@type\":\"WebPage\",\"@id\":\"https:\\\/\\\/help.jamk.fi\\\/ops-kasikirja\\\/fi\\\/opiskelijat-mukana-ops-tyossa\\\/\",\"url\":\"https:\\\/\\\/help.jamk.fi\\\/ops-kasikirja\\\/fi\\\/opiskelijat-mukana-ops-tyossa\\\/\",\"name\":\"Opiskelijat mukana OPS-ty\u00f6ss\u00e4 - Ops-k\u00e4sikirja\",\"isPartOf\":{\"@id\":\"https:\\\/\\\/help.jamk.fi\\\/ops-kasikirja\\\/#website\"},\"datePublished\":\"2023-06-20T09:13:53+00:00\",\"dateModified\":\"2026-04-13T09:09:52+00:00\",\"breadcrumb\":{\"@id\":\"https:\\\/\\\/help.jamk.fi\\\/ops-kasikirja\\\/fi\\\/opiskelijat-mukana-ops-tyossa\\\/#breadcrumb\"},\"inLanguage\":\"fi\",\"potentialAction\":[{\"@type\":\"ReadAction\",\"target\":[\"https:\\\/\\\/help.jamk.fi\\\/ops-kasikirja\\\/fi\\\/opiskelijat-mukana-ops-tyossa\\\/\"]}]},{\"@type\":\"BreadcrumbList\",\"@id\":\"https:\\\/\\\/help.jamk.fi\\\/ops-kasikirja\\\/fi\\\/opiskelijat-mukana-ops-tyossa\\\/#breadcrumb\",\"itemListElement\":[{\"@type\":\"ListItem\",\"position\":1,\"name\":\"Etusivu\",\"item\":\"https:\\\/\\\/help.jamk.fi\\\/ops-kasikirja\\\/fi\\\/\"},{\"@type\":\"ListItem\",\"position\":2,\"name\":\"Opiskelijat mukana OPS-ty\u00f6ss\u00e4\"}]},{\"@type\":\"WebSite\",\"@id\":\"https:\\\/\\\/help.jamk.fi\\\/ops-kasikirja\\\/#website\",\"url\":\"https:\\\/\\\/help.jamk.fi\\\/ops-kasikirja\\\/\",\"name\":\"Ops-k\u00e4sikirja\",\"description\":\"\",\"potentialAction\":[{\"@type\":\"SearchAction\",\"target\":{\"@type\":\"EntryPoint\",\"urlTemplate\":\"https:\\\/\\\/help.jamk.fi\\\/ops-kasikirja\\\/?s={search_term_string}\"},\"query-input\":{\"@type\":\"PropertyValueSpecification\",\"valueRequired\":true,\"valueName\":\"search_term_string\"}}],\"inLanguage\":\"fi\"}]}<\/script>\n<!-- \/ Yoast SEO plugin. -->","yoast_head_json":{"title":"Opiskelijat mukana OPS-ty\u00f6ss\u00e4 - Ops-k\u00e4sikirja","robots":{"index":"index","follow":"follow","max-snippet":"max-snippet:-1","max-image-preview":"max-image-preview:large","max-video-preview":"max-video-preview:-1"},"canonical":"https:\/\/help.jamk.fi\/ops-kasikirja\/fi\/opiskelijat-mukana-ops-tyossa\/","og_locale":"fi_FI","og_type":"article","og_title":"Opiskelijat mukana OPS-ty\u00f6ss\u00e4 - Ops-k\u00e4sikirja","og_description":"Opetussuunnitelmaa tehdess\u00e4 tulee huomioida opetussuunnitelman kohde eli opiskelijat. Opiskelijoille tulee antaa mahdollisuus osallistua OPSin uudistamiseen tai p\u00e4ivitt\u00e4miseen ja opiskelijoiden kokemus tulee huomioida lopullisessa OPSissa. Opiskelijoilla on kokemus opintojaksoista, jotka ovat hy\u00f6dyllisi\u00e4, mit\u00e4 tarvitaan omalle alalle lis\u00e4\u00e4, mutta my\u00f6s opintojaksoista, joita ei ole koettu hy\u00f6dylliseksi. Opiskelijoiden kanssa syntyv\u00e4 keskustelu opetussuunnitelman sis\u00e4ll\u00f6st\u00e4 on my\u00f6s t\u00e4rke\u00e4\u00e4 uuden opetussuunnitelma [&hellip;]","og_url":"https:\/\/help.jamk.fi\/ops-kasikirja\/fi\/opiskelijat-mukana-ops-tyossa\/","og_site_name":"Ops-k\u00e4sikirja","article_modified_time":"2026-04-13T09:09:52+00:00","twitter_card":"summary_large_image","twitter_misc":{"Arvioitu lukuaika":"1 minuutti"},"schema":{"@context":"https:\/\/schema.org","@graph":[{"@type":"WebPage","@id":"https:\/\/help.jamk.fi\/ops-kasikirja\/fi\/opiskelijat-mukana-ops-tyossa\/","url":"https:\/\/help.jamk.fi\/ops-kasikirja\/fi\/opiskelijat-mukana-ops-tyossa\/","name":"Opiskelijat mukana OPS-ty\u00f6ss\u00e4 - Ops-k\u00e4sikirja","isPartOf":{"@id":"https:\/\/help.jamk.fi\/ops-kasikirja\/#website"},"datePublished":"2023-06-20T09:13:53+00:00","dateModified":"2026-04-13T09:09:52+00:00","breadcrumb":{"@id":"https:\/\/help.jamk.fi\/ops-kasikirja\/fi\/opiskelijat-mukana-ops-tyossa\/#breadcrumb"},"inLanguage":"fi","potentialAction":[{"@type":"ReadAction","target":["https:\/\/help.jamk.fi\/ops-kasikirja\/fi\/opiskelijat-mukana-ops-tyossa\/"]}]},{"@type":"BreadcrumbList","@id":"https:\/\/help.jamk.fi\/ops-kasikirja\/fi\/opiskelijat-mukana-ops-tyossa\/#breadcrumb","itemListElement":[{"@type":"ListItem","position":1,"name":"Etusivu","item":"https:\/\/help.jamk.fi\/ops-kasikirja\/fi\/"},{"@type":"ListItem","position":2,"name":"Opiskelijat mukana OPS-ty\u00f6ss\u00e4"}]},{"@type":"WebSite","@id":"https:\/\/help.jamk.fi\/ops-kasikirja\/#website","url":"https:\/\/help.jamk.fi\/ops-kasikirja\/","name":"Ops-k\u00e4sikirja","description":"","potentialAction":[{"@type":"SearchAction","target":{"@type":"EntryPoint","urlTemplate":"https:\/\/help.jamk.fi\/ops-kasikirja\/?s={search_term_string}"},"query-input":{"@type":"PropertyValueSpecification","valueRequired":true,"valueName":"search_term_string"}}],"inLanguage":"fi"}]}},"_links":{"self":[{"href":"https:\/\/help.jamk.fi\/ops-kasikirja\/wp-json\/wp\/v2\/pages\/80","targetHints":{"allow":["GET"]}}],"collection":[{"href":"https:\/\/help.jamk.fi\/ops-kasikirja\/wp-json\/wp\/v2\/pages"}],"about":[{"href":"https:\/\/help.jamk.fi\/ops-kasikirja\/wp-json\/wp\/v2\/types\/page"}],"author":[{"embeddable":true,"href":"https:\/\/help.jamk.fi\/ops-kasikirja\/wp-json\/wp\/v2\/users\/79"}],"replies":[{"embeddable":true,"href":"https:\/\/help.jamk.fi\/ops-kasikirja\/wp-json\/wp\/v2\/comments?post=80"}],"version-history":[{"count":3,"href":"https:\/\/help.jamk.fi\/ops-kasikirja\/wp-json\/wp\/v2\/pages\/80\/revisions"}],"predecessor-version":[{"id":665,"href":"https:\/\/help.jamk.fi\/ops-kasikirja\/wp-json\/wp\/v2\/pages\/80\/revisions\/665"}],"wp:attachment":[{"href":"https:\/\/help.jamk.fi\/ops-kasikirja\/wp-json\/wp\/v2\/media?parent=80"}],"wp:term":[{"taxonomy":"category","embeddable":true,"href":"https:\/\/help.jamk.fi\/ops-kasikirja\/wp-json\/wp\/v2\/categories?post=80"},{"taxonomy":"post_tag","embeddable":true,"href":"https:\/\/help.jamk.fi\/ops-kasikirja\/wp-json\/wp\/v2\/tags?post=80"}],"curies":[{"name":"wp","href":"https:\/\/api.w.org\/{rel}","templated":true}]}}