{"id":83,"date":"2023-06-22T04:36:23","date_gmt":"2023-06-22T01:36:23","guid":{"rendered":"https:\/\/help.jamk.fi\/ops-kasikirja\/oppimisen-ja-oppimateriaalien-avoimuus\/"},"modified":"2026-04-07T10:22:25","modified_gmt":"2026-04-07T07:22:25","slug":"oppimisen-ja-oppimateriaalien-avoimuus","status":"publish","type":"page","link":"https:\/\/help.jamk.fi\/ops-kasikirja\/fi\/oppimisen-ja-oppimateriaalien-avoimuus\/","title":{"rendered":"Oppimisen ja oppimateriaalien avoimuus"},"content":{"rendered":"\n<p>Osana suomalaista korkeakouluyhteis\u00f6\u00e4 Jamk on sitoutunut Jamkin avoimen tieteen ja tutkimuksen periaatteisiin (ks.<a href=\"https:\/\/www.jamk.fi\/fi\/tutkimus-ja-kehitys\/avoin-tiede-ja-tutkimus\" target=\"_blank\" rel=\"noreferrer noopener\"> Jamkin avoin tiede ja tutkimus -sivusto<\/a>). Avoin oppiminen ja avoimet oppimateriaalit ovat t\u00e4rke\u00e4 osa n\u00e4it\u00e4 periaatteita.<\/p>\n\n\n\n<p>\u201d<strong>Edist\u00e4mme avoimia oppimis- ja opetusk\u00e4yt\u00e4nt\u00f6jen hy\u00f6dynt\u00e4mist\u00e4.<\/strong> Opetusta kehitet\u00e4\u00e4n yhdess\u00e4 opiskelijoiden, opetushenkil\u00f6st\u00f6n ja ty\u00f6el\u00e4m\u00e4n kanssa, ja opiskelijalle mahdollistamme yksil\u00f6lliset valinnat tunnustamalla ja tunnistamalla niin korkeakoulussa kuin muulla tavoin hankittua osaamista. Oppijan aktiivista roolia oman oppimisensa suunnittelussa kehitet\u00e4\u00e4n. \u201d<\/p>\n\n\n\n<p>\u201dKehit\u00e4mme yhdess\u00e4 henkil\u00f6st\u00f6n kanssa jamkilaisten <strong>tietoisuutta avoimista oppimateriaaleista sek\u00e4 niihin liittyvist\u00e4 tekij\u00e4noikeuksista ja lisensseist\u00e4<\/strong>. <strong>Kannustamme jakamaan opetuksen suunnitteluun ja j\u00e4rjest\u00e4miseen liittyvi\u00e4 aineistoja avoimina materiaaleina<\/strong> Jamkin sivustojen kautta sek\u00e4 valtakunnallisissa tietovarannoissa.&nbsp; Avointa oppimateriaalia tulisi jakaa toimitetuilla, laadukkailla sek\u00e4 elinkaareltaan ja tietoturvaltaan varmistetuilla julkaisualustoilla.\u201d  <\/p>\n\n\n\n<p>Opetussuunnitelmien ja HOPSien n\u00e4k\u00f6kulmasta t\u00e4m\u00e4 tarkoittaa sit\u00e4, ett\u00e4 pyrimme mahdollistamaan ja tukemaan opiskelijoiden yksil\u00f6llisi\u00e4 valintoja hyv\u00e4ksym\u00e4ll\u00e4 toisessa korkeakoulussa suoritettuja opintoja hyv\u00e4ksiluk\u00e4yt\u00e4nt\u00f6jen mukaisesti ja sallimalla ristiinopiskelun. Lis\u00e4ksi tunnistamme ja tunnustamme muulla tavoin hankittua osaamista tutkintos\u00e4\u00e4nn\u00f6n mukaisesti. Noudatamme kansallisia suosituksia <a href=\"https:\/\/avointiede.fi\/fi\/asiantuntijaryhmat\/oppimisen-avoimuus\/miten-huomioit-laadun-avoimissa-oppimis-ja-opetuskaytanteissa\">avointen oppimis- ja opetusk\u00e4yt\u00e4nteiden laadusta<\/a> ja <a href=\"https:\/\/avointiede.fi\/fi\/asiantuntijaryhmat\/oppimisen-avoimuus\/miten-huomioit-saavutettavuuden-avoimissa-oppimateriaaleissa\">avointen oppimisymp\u00e4rist\u00f6jen saavutettavuudesta<\/a>.<\/p>\n\n\n\n<p>Opintojaksojen suunnittelun, toteutussuunnitelmien ja pedagogisten k\u00e4sikirjoitusten yhteydess\u00e4 arvioimme, millaista avointa oppimateriaalia opintojaksolla voidaan hy\u00f6dynt\u00e4\u00e4 ja millaista avointa oppimateriaalia voimme tuottaa itse.<\/p>\n\n\n\n<h2 class=\"wp-block-heading\">Mit\u00e4 on avoin oppimateriaali?<\/h2>\n\n\n\n<p>Avoin oppimateriaali tarkoittaa oppimisen avoimuuden linjauksen mukaan pedagogisesti mielek\u00e4st\u00e4 ja oppimisessa hy\u00f6dynnett\u00e4viss\u00e4 olevaa kokonaisuutta (Oppimisen ja oppimateriaalien avoimuus 2022). Avointen oppimateriaalien kirjaston (aoe.fi) mukaan avoimet oppimateriaalit (Open Educational Resources, OER) ovat erimuotoisia digitaalisia tai muita opetukseen kohdennettuja materiaaleja. Ne on lisensoitu avoimella lisenssill\u00e4 tai ovat vapaasti jaossa olevia. Niit\u00e4 saa k\u00e4ytt\u00e4\u00e4 maksutta, muokkausta tai uudelleen jakamista voidaan v\u00e4h\u00e4isess\u00e4 m\u00e4\u00e4rin rajoittaa. Lisensoinnissa k\u00e4ytet\u00e4\u00e4n Creative Commons (CC) -lisenssej\u00e4. CC-lisensseill\u00e4 m\u00e4\u00e4ritell\u00e4\u00e4n ehdot, joilla materiaalia voi k\u00e4ytt\u00e4\u00e4 uudelleen eik\u00e4 niill\u00e4 luovuta tekij\u00e4noikeuksista.<\/p>\n\n\n\n<p>Jamkin oma avointen oppimateriaalien alusta tarjoaa mahdollisuuden julkaista oppimateriaaleja laajaan k\u00e4ytt\u00f6\u00f6n. Avointen oppimateriaalien alustalla julkaistun materiaalin kuvailutiedot vied\u00e4\u00e4n my\u00f6s avointen oppimateriaalien kirjastoon (aoe.fi). Lis\u00e4tietoja julkaisemisesta avointen oppimateriaalien alustalla ja apua oppimateriaalituotantoon l\u00f6yd\u00e4t sivustolta: <a href=\"https:\/\/oppimateriaalit.jamk.fi\/fi\/\">Jamkin avoimet oppimateriaalit<\/a>.<\/p>\n\n\n\n<p>Oppimateriaalin tekij\u00e4 tai tekij\u00e4t m\u00e4\u00e4ritt\u00e4v\u00e4t itse avoimen oppimateriaalin k\u00e4ytt\u00f6oikeudet Creative Commons -lisenssill\u00e4. CC-lisensseill\u00e4 m\u00e4\u00e4ritell\u00e4\u00e4n ehdot, joilla materiaalia voi k\u00e4ytt\u00e4\u00e4 uudelleen eik\u00e4 niill\u00e4 luovuta tekij\u00e4noikeuksista (Ohje avoimesta lisenssoinnista 2020). Kansallisen suosituksen mukaisia lisenssej\u00e4 avoimille oppimateriaaleille ovat Creative Commons Nime\u00e4 4.0 (CC BY 4.0) tai Creative Commons Nime\u00e4-JaaSamoin 4.0 (CC BY-SA 4.0) -lisenssit, jotka antavat oikeuden maksuttomaan p\u00e4\u00e4syyn, uudelleenk\u00e4ytt\u00f6\u00f6n, uudelleen soveltamiseen, muokkaukseen ja edelleen jakamiseen (Oppimisen ja oppimateriaalien avoimuus 2022). <strong>CC BY -lisenssin<\/strong> mukaan sinut mainitaan oppimateriaalin tekij\u00e4n\u00e4 ja muut k\u00e4ytt\u00e4j\u00e4t saavat vapaasti k\u00e4ytt\u00e4\u00e4 oppimateriaaliasi osana oppimis-, opetus- ja koulutustarpeitaan. Alkuper\u00e4inen tekij\u00e4, k\u00e4ytetty lisenssi, julkaisupaikka sek\u00e4 tehdyt muutokset t\u00e4ytyy mainita my\u00f6s uuden, muokatun materiaalin yhteydess\u00e4. <strong>CC BY-SA -lisenssi<\/strong> on muuten sama kuin CC BY, mutta se rajaa, ett\u00e4 mahdollisia muunnelmia ja uudelleen ty\u00f6st\u00f6j\u00e4 ei voi julkaista muulla kuin alkuper\u00e4isell\u00e4 lisenssill\u00e4. (<a href=\"https:\/\/aoe.fi\/#\/lisatietoa\" target=\"_blank\" rel=\"noreferrer noopener\">Usein kysytyt kysymykset aoe.fi, <\/a>22.6.2023.)<\/p>\n\n\n\n<p>Avointen oppimateriaalien kirjastossa (aoe.fi) voit l\u00f6yt\u00e4\u00e4 sek\u00e4 julkaista omia, avoimeen k\u00e4ytt\u00f6\u00f6n tarkoitettuja oppimateriaaleja.<\/p>\n\n\n\n<h2 class=\"wp-block-heading\">Linkit<\/h2>\n\n\n\n<p><a href=\"https:\/\/avointiede.fi\/fi\/asiantuntijaryhmat\/oppimisen-avoimuus\/miten-huomioit-laadun-avoimissa-oppimis-ja-opetuskaytanteissa\">Avoin tiede: Miten huomioit laadun avoimissa oppimis- ja opetusk\u00e4yt\u00e4nteiss\u00e4?<\/a><\/p>\n\n\n\n<p><a href=\"https:\/\/avointiede.fi\/fi\/asiantuntijaryhmat\/oppimisen-avoimuus\/miten-huomioit-saavutettavuuden-avoimissa-oppimateriaaleissa\">Avoin tiede: Miten huomioit saavutettavuuden avoimissa oppimisymp\u00e4rist\u00f6iss\u00e4?<\/a><\/p>\n\n\n\n<p><a href=\"https:\/\/aoe.fi\/#\/etusivu\">Avointen oppimateriaalien kirjasto<\/a><\/p>\n\n\n\n<p><a href=\"https:\/\/creativecommons.fi\/lisenssit\/\" target=\"_blank\" rel=\"noreferrer noopener\">Creative Commons -lisenssit<\/a><\/p>\n\n\n\n<p><a href=\"https:\/\/www.jamk.fi\/fi\/tutkimus-ja-kehitys\/avoin-tiede-ja-tutkimus\" target=\"_blank\" rel=\"noreferrer noopener\">Jamkin avoin tiede ja tutkimus -sivusto<\/a><\/p>\n\n\n\n<p><a href=\"https:\/\/oppimateriaalit.jamk.fi\/fi\/\">Jamkin Avointen oppimateriaalien alusta<\/a><\/p>\n\n\n\n<p><a href=\"https:\/\/edition.fi\/tsv\/catalog\/book\/69\">Ohje avoimesta lisenssoinnista<\/a><\/p>\n\n\n\n<p><a href=\"https:\/\/edition.fi\/tsv\/catalog\/book\/419\" target=\"_blank\" rel=\"noreferrer noopener\">Oppimisen ja oppimateriaalien avoimuus. Korkeakoulu- ja tutkimusyhteis\u00f6n kansallinen linjaus ja toimenpideohjelma 2021\u20132025. Osalinjaukset 1 (Oppimateriaalien avoin saatavuus) ja 2 (Avoimet oppimis- ja opetusk\u00e4yt\u00e4nn\u00f6t)<\/a><\/p>\n\n\n\n<p><a href=\"https:\/\/www.unesco.org\/en\/legal-affairs\/recommendation-open-educational-resources-oer\">UNESCOn avointen oppimateriaalien suositus<\/a><\/p>\n\n\n\n<hr class=\"wp-block-separator has-alpha-channel-opacity\"\/>\n\n\n\n<p class=\"has-text-align-right is-style-default\">Sirpa Tuomi ja Jari Parkkinen 7.4.2026<\/p>\n","protected":false},"excerpt":{"rendered":"<p>Osana suomalaista korkeakouluyhteis\u00f6\u00e4 Jamk on sitoutunut Jamkin avoimen tieteen ja tutkimuksen periaatteisiin (ks. Jamkin avoin tiede ja tutkimus -sivusto). Avoin oppiminen ja avoimet oppimateriaalit ovat t\u00e4rke\u00e4 osa n\u00e4it\u00e4 periaatteita. \u201dEdist\u00e4mme avoimia oppimis- ja opetusk\u00e4yt\u00e4nt\u00f6jen hy\u00f6dynt\u00e4mist\u00e4. Opetusta kehitet\u00e4\u00e4n yhdess\u00e4 opiskelijoiden, opetushenkil\u00f6st\u00f6n ja ty\u00f6el\u00e4m\u00e4n kanssa, ja opiskelijalle mahdollistamme yksil\u00f6lliset valinnat tunnustamalla ja tunnistamalla niin korkeakoulussa kuin muulla [&hellip;]<\/p>\n","protected":false},"author":79,"featured_media":0,"parent":0,"menu_order":15,"comment_status":"closed","ping_status":"closed","template":"","meta":{"_acf_changed":false,"_relevanssi_hide_post":"","_relevanssi_hide_content":"","_relevanssi_pin_for_all":"","_relevanssi_pin_keywords":"","_relevanssi_unpin_keywords":"","_relevanssi_related_keywords":"","_relevanssi_related_include_ids":"","_relevanssi_related_exclude_ids":"","_relevanssi_related_no_append":"","_relevanssi_related_not_related":"","_relevanssi_related_posts":"","_relevanssi_noindex_reason":"","footnotes":""},"categories":[],"tags":[106,111,117,121],"class_list":["post-83","page","type-page","status-publish","hentry","tag-cc-lisenssit","tag-kayttooikeus","tag-oppimateriaalien-avoimuus","tag-tekijanoikeudet"],"acf":[],"yoast_head":"<!-- This site is optimized with the Yoast SEO plugin v27.4 - https:\/\/yoast.com\/product\/yoast-seo-wordpress\/ -->\n<title>Oppimisen ja oppimateriaalien avoimuus - Ops-k\u00e4sikirja<\/title>\n<meta name=\"robots\" content=\"index, follow, max-snippet:-1, max-image-preview:large, max-video-preview:-1\" \/>\n<link rel=\"canonical\" href=\"https:\/\/help.jamk.fi\/ops-kasikirja\/fi\/oppimisen-ja-oppimateriaalien-avoimuus\/\" \/>\n<meta property=\"og:locale\" content=\"fi_FI\" \/>\n<meta property=\"og:type\" content=\"article\" \/>\n<meta property=\"og:title\" content=\"Oppimisen ja oppimateriaalien avoimuus - Ops-k\u00e4sikirja\" \/>\n<meta property=\"og:description\" content=\"Osana suomalaista korkeakouluyhteis\u00f6\u00e4 Jamk on sitoutunut Jamkin avoimen tieteen ja tutkimuksen periaatteisiin (ks. Jamkin avoin tiede ja tutkimus -sivusto). Avoin oppiminen ja avoimet oppimateriaalit ovat t\u00e4rke\u00e4 osa n\u00e4it\u00e4 periaatteita. \u201dEdist\u00e4mme avoimia oppimis- ja opetusk\u00e4yt\u00e4nt\u00f6jen hy\u00f6dynt\u00e4mist\u00e4. Opetusta kehitet\u00e4\u00e4n yhdess\u00e4 opiskelijoiden, opetushenkil\u00f6st\u00f6n ja ty\u00f6el\u00e4m\u00e4n kanssa, ja opiskelijalle mahdollistamme yksil\u00f6lliset valinnat tunnustamalla ja tunnistamalla niin korkeakoulussa kuin muulla [&hellip;]\" \/>\n<meta property=\"og:url\" content=\"https:\/\/help.jamk.fi\/ops-kasikirja\/fi\/oppimisen-ja-oppimateriaalien-avoimuus\/\" \/>\n<meta property=\"og:site_name\" content=\"Ops-k\u00e4sikirja\" \/>\n<meta property=\"article:modified_time\" content=\"2026-04-07T07:22:25+00:00\" \/>\n<meta name=\"twitter:card\" content=\"summary_large_image\" \/>\n<meta name=\"twitter:label1\" content=\"Arvioitu lukuaika\" \/>\n\t<meta name=\"twitter:data1\" content=\"4 minuuttia\" \/>\n<script type=\"application\/ld+json\" class=\"yoast-schema-graph\">{\"@context\":\"https:\\\/\\\/schema.org\",\"@graph\":[{\"@type\":\"WebPage\",\"@id\":\"https:\\\/\\\/help.jamk.fi\\\/ops-kasikirja\\\/fi\\\/oppimisen-ja-oppimateriaalien-avoimuus\\\/\",\"url\":\"https:\\\/\\\/help.jamk.fi\\\/ops-kasikirja\\\/fi\\\/oppimisen-ja-oppimateriaalien-avoimuus\\\/\",\"name\":\"Oppimisen ja oppimateriaalien avoimuus - Ops-k\u00e4sikirja\",\"isPartOf\":{\"@id\":\"https:\\\/\\\/help.jamk.fi\\\/ops-kasikirja\\\/#website\"},\"datePublished\":\"2023-06-22T01:36:23+00:00\",\"dateModified\":\"2026-04-07T07:22:25+00:00\",\"breadcrumb\":{\"@id\":\"https:\\\/\\\/help.jamk.fi\\\/ops-kasikirja\\\/fi\\\/oppimisen-ja-oppimateriaalien-avoimuus\\\/#breadcrumb\"},\"inLanguage\":\"fi\",\"potentialAction\":[{\"@type\":\"ReadAction\",\"target\":[\"https:\\\/\\\/help.jamk.fi\\\/ops-kasikirja\\\/fi\\\/oppimisen-ja-oppimateriaalien-avoimuus\\\/\"]}]},{\"@type\":\"BreadcrumbList\",\"@id\":\"https:\\\/\\\/help.jamk.fi\\\/ops-kasikirja\\\/fi\\\/oppimisen-ja-oppimateriaalien-avoimuus\\\/#breadcrumb\",\"itemListElement\":[{\"@type\":\"ListItem\",\"position\":1,\"name\":\"Etusivu\",\"item\":\"https:\\\/\\\/help.jamk.fi\\\/ops-kasikirja\\\/fi\\\/\"},{\"@type\":\"ListItem\",\"position\":2,\"name\":\"Oppimisen ja oppimateriaalien avoimuus\"}]},{\"@type\":\"WebSite\",\"@id\":\"https:\\\/\\\/help.jamk.fi\\\/ops-kasikirja\\\/#website\",\"url\":\"https:\\\/\\\/help.jamk.fi\\\/ops-kasikirja\\\/\",\"name\":\"Ops-k\u00e4sikirja\",\"description\":\"\",\"potentialAction\":[{\"@type\":\"SearchAction\",\"target\":{\"@type\":\"EntryPoint\",\"urlTemplate\":\"https:\\\/\\\/help.jamk.fi\\\/ops-kasikirja\\\/?s={search_term_string}\"},\"query-input\":{\"@type\":\"PropertyValueSpecification\",\"valueRequired\":true,\"valueName\":\"search_term_string\"}}],\"inLanguage\":\"fi\"}]}<\/script>\n<!-- \/ Yoast SEO plugin. -->","yoast_head_json":{"title":"Oppimisen ja oppimateriaalien avoimuus - Ops-k\u00e4sikirja","robots":{"index":"index","follow":"follow","max-snippet":"max-snippet:-1","max-image-preview":"max-image-preview:large","max-video-preview":"max-video-preview:-1"},"canonical":"https:\/\/help.jamk.fi\/ops-kasikirja\/fi\/oppimisen-ja-oppimateriaalien-avoimuus\/","og_locale":"fi_FI","og_type":"article","og_title":"Oppimisen ja oppimateriaalien avoimuus - Ops-k\u00e4sikirja","og_description":"Osana suomalaista korkeakouluyhteis\u00f6\u00e4 Jamk on sitoutunut Jamkin avoimen tieteen ja tutkimuksen periaatteisiin (ks. Jamkin avoin tiede ja tutkimus -sivusto). Avoin oppiminen ja avoimet oppimateriaalit ovat t\u00e4rke\u00e4 osa n\u00e4it\u00e4 periaatteita. \u201dEdist\u00e4mme avoimia oppimis- ja opetusk\u00e4yt\u00e4nt\u00f6jen hy\u00f6dynt\u00e4mist\u00e4. Opetusta kehitet\u00e4\u00e4n yhdess\u00e4 opiskelijoiden, opetushenkil\u00f6st\u00f6n ja ty\u00f6el\u00e4m\u00e4n kanssa, ja opiskelijalle mahdollistamme yksil\u00f6lliset valinnat tunnustamalla ja tunnistamalla niin korkeakoulussa kuin muulla [&hellip;]","og_url":"https:\/\/help.jamk.fi\/ops-kasikirja\/fi\/oppimisen-ja-oppimateriaalien-avoimuus\/","og_site_name":"Ops-k\u00e4sikirja","article_modified_time":"2026-04-07T07:22:25+00:00","twitter_card":"summary_large_image","twitter_misc":{"Arvioitu lukuaika":"4 minuuttia"},"schema":{"@context":"https:\/\/schema.org","@graph":[{"@type":"WebPage","@id":"https:\/\/help.jamk.fi\/ops-kasikirja\/fi\/oppimisen-ja-oppimateriaalien-avoimuus\/","url":"https:\/\/help.jamk.fi\/ops-kasikirja\/fi\/oppimisen-ja-oppimateriaalien-avoimuus\/","name":"Oppimisen ja oppimateriaalien avoimuus - Ops-k\u00e4sikirja","isPartOf":{"@id":"https:\/\/help.jamk.fi\/ops-kasikirja\/#website"},"datePublished":"2023-06-22T01:36:23+00:00","dateModified":"2026-04-07T07:22:25+00:00","breadcrumb":{"@id":"https:\/\/help.jamk.fi\/ops-kasikirja\/fi\/oppimisen-ja-oppimateriaalien-avoimuus\/#breadcrumb"},"inLanguage":"fi","potentialAction":[{"@type":"ReadAction","target":["https:\/\/help.jamk.fi\/ops-kasikirja\/fi\/oppimisen-ja-oppimateriaalien-avoimuus\/"]}]},{"@type":"BreadcrumbList","@id":"https:\/\/help.jamk.fi\/ops-kasikirja\/fi\/oppimisen-ja-oppimateriaalien-avoimuus\/#breadcrumb","itemListElement":[{"@type":"ListItem","position":1,"name":"Etusivu","item":"https:\/\/help.jamk.fi\/ops-kasikirja\/fi\/"},{"@type":"ListItem","position":2,"name":"Oppimisen ja oppimateriaalien avoimuus"}]},{"@type":"WebSite","@id":"https:\/\/help.jamk.fi\/ops-kasikirja\/#website","url":"https:\/\/help.jamk.fi\/ops-kasikirja\/","name":"Ops-k\u00e4sikirja","description":"","potentialAction":[{"@type":"SearchAction","target":{"@type":"EntryPoint","urlTemplate":"https:\/\/help.jamk.fi\/ops-kasikirja\/?s={search_term_string}"},"query-input":{"@type":"PropertyValueSpecification","valueRequired":true,"valueName":"search_term_string"}}],"inLanguage":"fi"}]}},"_links":{"self":[{"href":"https:\/\/help.jamk.fi\/ops-kasikirja\/wp-json\/wp\/v2\/pages\/83","targetHints":{"allow":["GET"]}}],"collection":[{"href":"https:\/\/help.jamk.fi\/ops-kasikirja\/wp-json\/wp\/v2\/pages"}],"about":[{"href":"https:\/\/help.jamk.fi\/ops-kasikirja\/wp-json\/wp\/v2\/types\/page"}],"author":[{"embeddable":true,"href":"https:\/\/help.jamk.fi\/ops-kasikirja\/wp-json\/wp\/v2\/users\/79"}],"replies":[{"embeddable":true,"href":"https:\/\/help.jamk.fi\/ops-kasikirja\/wp-json\/wp\/v2\/comments?post=83"}],"version-history":[{"count":17,"href":"https:\/\/help.jamk.fi\/ops-kasikirja\/wp-json\/wp\/v2\/pages\/83\/revisions"}],"predecessor-version":[{"id":644,"href":"https:\/\/help.jamk.fi\/ops-kasikirja\/wp-json\/wp\/v2\/pages\/83\/revisions\/644"}],"wp:attachment":[{"href":"https:\/\/help.jamk.fi\/ops-kasikirja\/wp-json\/wp\/v2\/media?parent=83"}],"wp:term":[{"taxonomy":"category","embeddable":true,"href":"https:\/\/help.jamk.fi\/ops-kasikirja\/wp-json\/wp\/v2\/categories?post=83"},{"taxonomy":"post_tag","embeddable":true,"href":"https:\/\/help.jamk.fi\/ops-kasikirja\/wp-json\/wp\/v2\/tags?post=83"}],"curies":[{"name":"wp","href":"https:\/\/api.w.org\/{rel}","templated":true}]}}