{"id":25,"date":"2020-02-25T07:13:28","date_gmt":"2020-02-25T05:13:28","guid":{"rendered":"https:\/\/help.jamk.fi\/panopto\/etusivu\/kayttoehdot\/"},"modified":"2023-12-14T15:05:33","modified_gmt":"2023-12-14T13:05:33","slug":"kayttoehdot","status":"publish","type":"page","link":"https:\/\/help.jamk.fi\/panopto\/fi\/etusivu\/kayttoehdot\/","title":{"rendered":"K\u00e4ytt\u00f6ehdot"},"content":{"rendered":"\n<p>Panopton Aineiston k\u00e4ytt\u00f6oikeudesta sovitaan seuraavasti:<\/p>\n\n\n\n<p><em>Tekij\u00e4\/Tekij\u00e4t vakuuttaa\/vakuuttavat, ettei Aineisto sis\u00e4ll\u00e4 sellaista materiaalia, jonka k\u00e4ytt\u00e4minen loukkaa jonkun kolmannen osapuolen tekij\u00e4noikeutta tai muita oikeuksia. <\/em><br><em>Tekij\u00e4t\/Tekij\u00e4t antaa\/antavat Jamkille oikeuden k\u00e4ytt\u00e4\u00e4 Aineistoa ja liitt\u00e4\u00e4 Aineiston osaksi mit\u00e4 tahansa muuta aineistoa mill\u00e4 tahansa, Jamkin parhaaksi katsomalla tavalla. Oikeus k\u00e4ytt\u00e4\u00e4 Aineistoa sis\u00e4lt\u00e4\u00e4 oikeuden muokata Aineistoa, valmistaa kappaleita Aineistosta ja saattaa Aineisto yleis\u00f6n saataviin, mutta k\u00e4ytt\u00f6oikeuden laajuus ei ole mill\u00e4\u00e4n lailla rajattu vain n\u00e4ihin oikeuksiin. <\/em><\/p>\n\n\n\n<p><em>Tekij\u00e4ll\u00e4\/Tekij\u00f6ill\u00e4 s\u00e4ilyy omistusoikeus Aineistoon eik\u00e4 Jamkin k\u00e4ytt\u00f6oikeus mill\u00e4\u00e4n lailla rajoita Tekij\u00e4n\/Tekij\u00f6iden oikeutta k\u00e4ytt\u00e4\u00e4 Aineistoa muissa teht\u00e4viss\u00e4 tai yhteyksiss\u00e4. <\/em><br><em>Aineistoa k\u00e4ytett\u00e4ess\u00e4 Tekij\u00e4n\/Tekij\u00f6iden nimi mainitaan. <\/em><\/p>\n\n\n\n<p><em>K\u00e4ytt\u00f6oikeus on voimassa toistaiseksi. T\u00e4m\u00e4 sopimus astuu voimaan, kun Aineisto tallennetaan Panoptoon.<\/em><\/p>\n\n\n\n<div><em>Tallenteiden elinkaari on lukuun ottamatta henkil\u00f6kohtaisia My Foldereita oletuksena kaksi vuotta viimeisest\u00e4 katselusta, jonka j\u00e4lkeen ne poistuvat automaattisesti ensin roskakoriin ja 90 vuorokauden j\u00e4lkeen lopullisesti roskakorista. My Foldereissa elinkaari on 1 vuosi viimeisest\u00e4 katselusta. Hankevideoiden osalta noudatetaan hankkeessa m\u00e4\u00e4ritelty\u00e4 s\u00e4ilytysaikaa. Tarvittaessa elinkaarta jatketaan perustellusta tarpeesta.<\/em><\/div>\n","protected":false},"excerpt":{"rendered":"<p>Panopton Aineiston k\u00e4ytt\u00f6oikeudesta sovitaan seuraavasti: Tekij\u00e4\/Tekij\u00e4t vakuuttaa\/vakuuttavat, ettei Aineisto sis\u00e4ll\u00e4 sellaista materiaalia, jonka k\u00e4ytt\u00e4minen loukkaa jonkun kolmannen osapuolen tekij\u00e4noikeutta tai muita oikeuksia. Tekij\u00e4t\/Tekij\u00e4t antaa\/antavat Jamkille oikeuden k\u00e4ytt\u00e4\u00e4 Aineistoa ja liitt\u00e4\u00e4 Aineiston osaksi mit\u00e4 tahansa muuta aineistoa mill\u00e4 tahansa, Jamkin parhaaksi katsomalla tavalla. Oikeus k\u00e4ytt\u00e4\u00e4 Aineistoa sis\u00e4lt\u00e4\u00e4 oikeuden muokata Aineistoa, valmistaa kappaleita Aineistosta ja saattaa Aineisto [&hellip;]<\/p>\n","protected":false},"author":73,"featured_media":0,"parent":7,"menu_order":5,"comment_status":"closed","ping_status":"closed","template":"","meta":{"_acf_changed":false,"_relevanssi_hide_post":"","_relevanssi_hide_content":"","_relevanssi_pin_for_all":"","_relevanssi_pin_keywords":"","_relevanssi_unpin_keywords":"","_relevanssi_related_keywords":"","_relevanssi_related_include_ids":"","_relevanssi_related_exclude_ids":"","_relevanssi_related_no_append":"","_relevanssi_related_not_related":"","_relevanssi_related_posts":"","_relevanssi_noindex_reason":"","footnotes":""},"categories":[],"tags":[],"class_list":["post-25","page","type-page","status-publish","hentry"],"acf":[],"yoast_head":"<!-- This site is optimized with the Yoast SEO plugin v27.3 - https:\/\/yoast.com\/product\/yoast-seo-wordpress\/ -->\n<title>K\u00e4ytt\u00f6ehdot - Panopto<\/title>\n<meta name=\"robots\" content=\"index, follow, max-snippet:-1, max-image-preview:large, max-video-preview:-1\" \/>\n<link rel=\"canonical\" href=\"https:\/\/help.jamk.fi\/panopto\/fi\/etusivu\/kayttoehdot\/\" \/>\n<meta property=\"og:locale\" content=\"fi_FI\" \/>\n<meta property=\"og:type\" content=\"article\" \/>\n<meta property=\"og:title\" content=\"K\u00e4ytt\u00f6ehdot - Panopto\" \/>\n<meta property=\"og:description\" content=\"Panopton Aineiston k\u00e4ytt\u00f6oikeudesta sovitaan seuraavasti: Tekij\u00e4\/Tekij\u00e4t vakuuttaa\/vakuuttavat, ettei Aineisto sis\u00e4ll\u00e4 sellaista materiaalia, jonka k\u00e4ytt\u00e4minen loukkaa jonkun kolmannen osapuolen tekij\u00e4noikeutta tai muita oikeuksia. Tekij\u00e4t\/Tekij\u00e4t antaa\/antavat Jamkille oikeuden k\u00e4ytt\u00e4\u00e4 Aineistoa ja liitt\u00e4\u00e4 Aineiston osaksi mit\u00e4 tahansa muuta aineistoa mill\u00e4 tahansa, Jamkin parhaaksi katsomalla tavalla. Oikeus k\u00e4ytt\u00e4\u00e4 Aineistoa sis\u00e4lt\u00e4\u00e4 oikeuden muokata Aineistoa, valmistaa kappaleita Aineistosta ja saattaa Aineisto [&hellip;]\" \/>\n<meta property=\"og:url\" content=\"https:\/\/help.jamk.fi\/panopto\/fi\/etusivu\/kayttoehdot\/\" \/>\n<meta property=\"og:site_name\" content=\"Panopto\" \/>\n<meta property=\"article:modified_time\" content=\"2023-12-14T13:05:33+00:00\" \/>\n<meta name=\"twitter:card\" content=\"summary_large_image\" \/>\n<meta name=\"twitter:label1\" content=\"Arvioitu lukuaika\" \/>\n\t<meta name=\"twitter:data1\" content=\"1 minuutti\" \/>\n<script type=\"application\/ld+json\" class=\"yoast-schema-graph\">{\"@context\":\"https:\\\/\\\/schema.org\",\"@graph\":[{\"@type\":\"WebPage\",\"@id\":\"https:\\\/\\\/help.jamk.fi\\\/panopto\\\/fi\\\/etusivu\\\/kayttoehdot\\\/\",\"url\":\"https:\\\/\\\/help.jamk.fi\\\/panopto\\\/fi\\\/etusivu\\\/kayttoehdot\\\/\",\"name\":\"K\u00e4ytt\u00f6ehdot - Panopto\",\"isPartOf\":{\"@id\":\"https:\\\/\\\/help.jamk.fi\\\/panopto\\\/#website\"},\"datePublished\":\"2020-02-25T05:13:28+00:00\",\"dateModified\":\"2023-12-14T13:05:33+00:00\",\"breadcrumb\":{\"@id\":\"https:\\\/\\\/help.jamk.fi\\\/panopto\\\/fi\\\/etusivu\\\/kayttoehdot\\\/#breadcrumb\"},\"inLanguage\":\"fi\",\"potentialAction\":[{\"@type\":\"ReadAction\",\"target\":[\"https:\\\/\\\/help.jamk.fi\\\/panopto\\\/fi\\\/etusivu\\\/kayttoehdot\\\/\"]}]},{\"@type\":\"BreadcrumbList\",\"@id\":\"https:\\\/\\\/help.jamk.fi\\\/panopto\\\/fi\\\/etusivu\\\/kayttoehdot\\\/#breadcrumb\",\"itemListElement\":[{\"@type\":\"ListItem\",\"position\":1,\"name\":\"Etusivu\",\"item\":\"https:\\\/\\\/help.jamk.fi\\\/panopto\\\/fi\\\/\"},{\"@type\":\"ListItem\",\"position\":2,\"name\":\"Panopto\",\"item\":\"https:\\\/\\\/help.jamk.fi\\\/panopto\\\/fi\\\/\"},{\"@type\":\"ListItem\",\"position\":3,\"name\":\"K\u00e4ytt\u00f6ehdot\"}]},{\"@type\":\"WebSite\",\"@id\":\"https:\\\/\\\/help.jamk.fi\\\/panopto\\\/#website\",\"url\":\"https:\\\/\\\/help.jamk.fi\\\/panopto\\\/\",\"name\":\"Panopto\",\"description\":\"\",\"potentialAction\":[{\"@type\":\"SearchAction\",\"target\":{\"@type\":\"EntryPoint\",\"urlTemplate\":\"https:\\\/\\\/help.jamk.fi\\\/panopto\\\/?s={search_term_string}\"},\"query-input\":{\"@type\":\"PropertyValueSpecification\",\"valueRequired\":true,\"valueName\":\"search_term_string\"}}],\"inLanguage\":\"fi\"}]}<\/script>\n<!-- \/ Yoast SEO plugin. -->","yoast_head_json":{"title":"K\u00e4ytt\u00f6ehdot - Panopto","robots":{"index":"index","follow":"follow","max-snippet":"max-snippet:-1","max-image-preview":"max-image-preview:large","max-video-preview":"max-video-preview:-1"},"canonical":"https:\/\/help.jamk.fi\/panopto\/fi\/etusivu\/kayttoehdot\/","og_locale":"fi_FI","og_type":"article","og_title":"K\u00e4ytt\u00f6ehdot - Panopto","og_description":"Panopton Aineiston k\u00e4ytt\u00f6oikeudesta sovitaan seuraavasti: Tekij\u00e4\/Tekij\u00e4t vakuuttaa\/vakuuttavat, ettei Aineisto sis\u00e4ll\u00e4 sellaista materiaalia, jonka k\u00e4ytt\u00e4minen loukkaa jonkun kolmannen osapuolen tekij\u00e4noikeutta tai muita oikeuksia. Tekij\u00e4t\/Tekij\u00e4t antaa\/antavat Jamkille oikeuden k\u00e4ytt\u00e4\u00e4 Aineistoa ja liitt\u00e4\u00e4 Aineiston osaksi mit\u00e4 tahansa muuta aineistoa mill\u00e4 tahansa, Jamkin parhaaksi katsomalla tavalla. Oikeus k\u00e4ytt\u00e4\u00e4 Aineistoa sis\u00e4lt\u00e4\u00e4 oikeuden muokata Aineistoa, valmistaa kappaleita Aineistosta ja saattaa Aineisto [&hellip;]","og_url":"https:\/\/help.jamk.fi\/panopto\/fi\/etusivu\/kayttoehdot\/","og_site_name":"Panopto","article_modified_time":"2023-12-14T13:05:33+00:00","twitter_card":"summary_large_image","twitter_misc":{"Arvioitu lukuaika":"1 minuutti"},"schema":{"@context":"https:\/\/schema.org","@graph":[{"@type":"WebPage","@id":"https:\/\/help.jamk.fi\/panopto\/fi\/etusivu\/kayttoehdot\/","url":"https:\/\/help.jamk.fi\/panopto\/fi\/etusivu\/kayttoehdot\/","name":"K\u00e4ytt\u00f6ehdot - Panopto","isPartOf":{"@id":"https:\/\/help.jamk.fi\/panopto\/#website"},"datePublished":"2020-02-25T05:13:28+00:00","dateModified":"2023-12-14T13:05:33+00:00","breadcrumb":{"@id":"https:\/\/help.jamk.fi\/panopto\/fi\/etusivu\/kayttoehdot\/#breadcrumb"},"inLanguage":"fi","potentialAction":[{"@type":"ReadAction","target":["https:\/\/help.jamk.fi\/panopto\/fi\/etusivu\/kayttoehdot\/"]}]},{"@type":"BreadcrumbList","@id":"https:\/\/help.jamk.fi\/panopto\/fi\/etusivu\/kayttoehdot\/#breadcrumb","itemListElement":[{"@type":"ListItem","position":1,"name":"Etusivu","item":"https:\/\/help.jamk.fi\/panopto\/fi\/"},{"@type":"ListItem","position":2,"name":"Panopto","item":"https:\/\/help.jamk.fi\/panopto\/fi\/"},{"@type":"ListItem","position":3,"name":"K\u00e4ytt\u00f6ehdot"}]},{"@type":"WebSite","@id":"https:\/\/help.jamk.fi\/panopto\/#website","url":"https:\/\/help.jamk.fi\/panopto\/","name":"Panopto","description":"","potentialAction":[{"@type":"SearchAction","target":{"@type":"EntryPoint","urlTemplate":"https:\/\/help.jamk.fi\/panopto\/?s={search_term_string}"},"query-input":{"@type":"PropertyValueSpecification","valueRequired":true,"valueName":"search_term_string"}}],"inLanguage":"fi"}]}},"_links":{"self":[{"href":"https:\/\/help.jamk.fi\/panopto\/wp-json\/wp\/v2\/pages\/25","targetHints":{"allow":["GET"]}}],"collection":[{"href":"https:\/\/help.jamk.fi\/panopto\/wp-json\/wp\/v2\/pages"}],"about":[{"href":"https:\/\/help.jamk.fi\/panopto\/wp-json\/wp\/v2\/types\/page"}],"author":[{"embeddable":true,"href":"https:\/\/help.jamk.fi\/panopto\/wp-json\/wp\/v2\/users\/73"}],"replies":[{"embeddable":true,"href":"https:\/\/help.jamk.fi\/panopto\/wp-json\/wp\/v2\/comments?post=25"}],"version-history":[{"count":3,"href":"https:\/\/help.jamk.fi\/panopto\/wp-json\/wp\/v2\/pages\/25\/revisions"}],"predecessor-version":[{"id":521,"href":"https:\/\/help.jamk.fi\/panopto\/wp-json\/wp\/v2\/pages\/25\/revisions\/521"}],"up":[{"embeddable":true,"href":"https:\/\/help.jamk.fi\/panopto\/wp-json\/wp\/v2\/pages\/7"}],"wp:attachment":[{"href":"https:\/\/help.jamk.fi\/panopto\/wp-json\/wp\/v2\/media?parent=25"}],"wp:term":[{"taxonomy":"category","embeddable":true,"href":"https:\/\/help.jamk.fi\/panopto\/wp-json\/wp\/v2\/categories?post=25"},{"taxonomy":"post_tag","embeddable":true,"href":"https:\/\/help.jamk.fi\/panopto\/wp-json\/wp\/v2\/tags?post=25"}],"curies":[{"name":"wp","href":"https:\/\/api.w.org\/{rel}","templated":true}]}}