{"id":52,"date":"2021-12-21T07:22:42","date_gmt":"2021-12-21T05:22:42","guid":{"rendered":"https:\/\/help.jamk.fi\/panopto\/opettajalle\/"},"modified":"2025-04-24T10:52:37","modified_gmt":"2025-04-24T07:52:37","slug":"opettajalle","status":"publish","type":"page","link":"https:\/\/help.jamk.fi\/panopto\/fi\/opettajalle\/","title":{"rendered":"Opettajalle"},"content":{"rendered":"\n<h2 class=\"wp-block-heading\">N\u00e4in p\u00e4\u00e4set alkuun <\/h2>\n\n\n\n<ol class=\"wp-block-list\">\n<li>Kirjaudu <a href=\"https:\/\/panopto.jamk.fi\">Panoptoon<\/a> Jamkin tunnuksilla<\/li>\n\n\n\n<li>Ensimm\u00e4isell\u00e4 kirjautumiskerralla sinun t\u00e4ytyy hyv\u00e4ksy\u00e4 <a href=\"https:\/\/help.jamk.fi\/panopto\/fi\/etusivu\/kayttoehdot\/\">k\u00e4ytt\u00f6ehdot<\/a><\/li>\n\n\n\n<li>Selaimessa voit ladata videotallenteita Panoptoon, tarvittaessa editoida ja jakaa tallenteen.\n<ul class=\"wp-block-list\">\n<li>Panopto on kehitt\u00e4nyt my\u00f6s selaimessa toimivan Panopto Capturen, jolla voit tehd\u00e4 ruutukaappausvideoita tietokoneesi n\u00e4yt\u00f6lt\u00e4 selaimessa. L\u00f6yd\u00e4t Panopto Capturen Panoptosta Create-painikkeen alta.<\/li>\n\n\n\n<li>Toinen vaihtoehto tallenteiden tekemiseen Panoptossa on se, ett\u00e4 lataat Panopto Recorder-sovelluksen Software Center-palvelusta ty\u00f6koneellesi. Recorderilla voit tallentaa kuvaruutukaappausvideoita tietokoneesi n\u00e4yt\u00f6lt\u00e4 ja toteuttaa suoria l\u00e4hetyksi\u00e4 (webcast).<\/li>\n\n\n\n<li>Voit my\u00f6s ladata Panopton mobiilisovelluksen \u00e4lylaitteellesi (Android, Apple) sovelluskaupasta. Mobiilisovelluksella voi katsella ja tallentaa videoita.<\/li>\n<\/ul>\n<\/li>\n\n\n\n<li>Liity &#8221;Verkko-opetus @ JAMK -Teams-ryhm\u00e4\u00e4n ja seuraa siell\u00e4 Panopto-kanavaa. Siell\u00e4 tiedotetaan ajankohtaisia asioita ja koulutuksista. <\/li>\n<\/ol>\n\n\n\n<h2 class=\"wp-block-heading\">Panopton kansioiden ominaisuuksia <\/h2>\n\n\n\n<ul class=\"wp-block-list\">\n<li>My folder-kansiossa&nbsp;videot&nbsp;s\u00e4ilyv\u00e4t&nbsp;1 vuoden&nbsp;viimeisest\u00e4&nbsp;katselukerrasta.&nbsp;<\/li>\n\n\n\n<li>Muissa&nbsp;Panopton&nbsp;kansioissa,&nbsp;esimerkiksi&nbsp;Jamkin&nbsp;eri&nbsp;yksik\u00f6ille&nbsp;rakennetuissa&nbsp;kansioissa,&nbsp;videot&nbsp;s\u00e4ilyv\u00e4t&nbsp;2&nbsp;vuotta&nbsp;viimeisest\u00e4&nbsp;katselukerrasta.&nbsp;<\/li>\n\n\n\n<li>Yksik\u00f6iden&nbsp;kansion&nbsp;alle&nbsp;voidaan&nbsp;luoda&nbsp;opintojaksollesi&nbsp;kansio&nbsp;ja&nbsp;antaa&nbsp;vain&nbsp;sinulle&nbsp;kansioon&nbsp;k\u00e4ytt\u00f6oikeudet.&nbsp;Videoiden n\u00e4kyvyys m\u00e4\u00e4ritell\u00e4\u00e4n haluamallasi tavalla.&nbsp;<\/li>\n<\/ul>\n\n\n\n<h2 class=\"wp-block-heading\">Ohjeita Panopton k\u00e4ytt\u00f6\u00f6n<\/h2>\n\n\n\n<p><\/p>\n\n\n\n<figure class=\"wp-block-video\"><video controls src=\"https:\/\/panopto.jamk.fi\/Panopto\/Content\/Sessions2\/438ee3e2-26dc-428c-a366-ab8900a9fc5f\/6765bf69-51f0-47af-ab3b-ab8900a9fc63-bc1eae06-db95-4a5d-9b2a-ab8900b0802c.mp4?invocationId=3501466e-5995-ec11-8fec-afea7a38e521\"><\/video><figcaption class=\"wp-element-caption\">Video-ohje: Panopton k\u00e4ytt\u00f6\u00f6notto ja rakenne (kesto 2:10)<\/figcaption><\/figure>\n\n\n\n<figure class=\"wp-block-video\"><video controls src=\"https:\/\/panopto.jamk.fi\/Panopto\/Content\/Sessions2\/7334f39a-f0cf-44ad-9306-ab91007d1e89\/a02aa99c-b040-4db4-9c46-ab91007d1e92-749b16f7-c8dc-4360-8b88-ab910089b3c0.mp4?invocationId=856fb7ea-5995-ec11-8fec-afea7a38e521\"><\/video><figcaption class=\"wp-element-caption\">Video-ohje: Videon editointi (kesto 3:29)<\/figcaption><\/figure>\n\n\n\n<p>Panopton perusteet -videosarja koostuu 11 lyhyest\u00e4 videosta, jonka avulla otat Panopton k\u00e4ytt\u00f6\u00f6si nopeasti ja vaivattomasti.<\/p>\n\n\n\n<figure class=\"wp-block-video\"><video controls src=\"https:\/\/panopto.jamk.fi\/Panopto\/Content\/Sessions2\/438ee3e2-26dc-428c-a366-ab8900a9fc5f\/6765bf69-51f0-47af-ab3b-ab8900a9fc63-bc1eae06-db95-4a5d-9b2a-ab8900b0802c.mp4?invocationId=856cb8e2-3862-ec11-9e6e-b2253a8b3b4a\"><\/video><\/figure>\n\n\n\n<h2 class=\"wp-block-heading\">Tutustu my\u00f6s seuraaviin Panopton ohjeisiin <\/h2>\n\n\n\n<ol class=\"wp-block-list\">\n<li><a href=\"https:\/\/help.jamk.fi\/panopto\/fi\/opettajalle\/panopto-ja-moodle\/\">Moodle-kurssin ja Panopton yhdist\u00e4minen sek\u00e4 videomuotoisten teht\u00e4vien palautus<\/a><\/li>\n\n\n\n<li><a href=\"https:\/\/help.jamk.fi\/panopto\/fi\/opettajalle\/zoom-panopto-moodle\/\">Zoomilla tehdyn tallenteen jakaminen Panoptosta Moodleen <\/a><\/li>\n<\/ol>\n\n\n\n<p><\/p>\n\n\n\n<h2 class=\"wp-block-heading\">Panopton valmistajan ohjeet <\/h2>\n\n\n\n<ol class=\"wp-block-list\">\n<li><a href=\"https:\/\/support.panopto.com\/s\/\">Panopton englanninkieliset ohjeistukset<\/a>&nbsp;<\/li>\n\n\n\n<li><a href=\"https:\/\/howtovideos.hosted.panopto.com\/Panopto\/Pages\/Folders\/DepartmentHome.aspx?folderID=4b9de7ae-0080-4158-8496-a9ba01692c2e\">Panopton englanninkieliset videotutoriaalit<\/a> <\/li>\n<\/ol>\n","protected":false},"excerpt":{"rendered":"<p>N\u00e4in p\u00e4\u00e4set alkuun Panopton kansioiden ominaisuuksia Ohjeita Panopton k\u00e4ytt\u00f6\u00f6n Panopton perusteet -videosarja koostuu 11 lyhyest\u00e4 videosta, jonka avulla otat Panopton k\u00e4ytt\u00f6\u00f6si nopeasti ja vaivattomasti. Tutustu my\u00f6s seuraaviin Panopton ohjeisiin Panopton valmistajan ohjeet<\/p>\n","protected":false},"author":73,"featured_media":0,"parent":0,"menu_order":0,"comment_status":"closed","ping_status":"closed","template":"","meta":{"_acf_changed":false,"_relevanssi_hide_post":"","_relevanssi_hide_content":"","_relevanssi_pin_for_all":"","_relevanssi_pin_keywords":"","_relevanssi_unpin_keywords":"","_relevanssi_related_keywords":"","_relevanssi_related_include_ids":"","_relevanssi_related_exclude_ids":"","_relevanssi_related_no_append":"","_relevanssi_related_not_related":"","_relevanssi_related_posts":"","_relevanssi_noindex_reason":"","footnotes":""},"categories":[],"tags":[],"class_list":["post-52","page","type-page","status-publish","hentry"],"acf":[],"yoast_head":"<!-- This site is optimized with the Yoast SEO plugin v27.3 - https:\/\/yoast.com\/product\/yoast-seo-wordpress\/ -->\n<title>Opettajalle - Panopto<\/title>\n<meta name=\"robots\" content=\"index, follow, max-snippet:-1, max-image-preview:large, max-video-preview:-1\" \/>\n<link rel=\"canonical\" href=\"https:\/\/help.jamk.fi\/panopto\/fi\/opettajalle\/\" \/>\n<meta property=\"og:locale\" content=\"fi_FI\" \/>\n<meta property=\"og:type\" content=\"article\" \/>\n<meta property=\"og:title\" content=\"Opettajalle - Panopto\" \/>\n<meta property=\"og:description\" content=\"N\u00e4in p\u00e4\u00e4set alkuun Panopton kansioiden ominaisuuksia Ohjeita Panopton k\u00e4ytt\u00f6\u00f6n Panopton perusteet -videosarja koostuu 11 lyhyest\u00e4 videosta, jonka avulla otat Panopton k\u00e4ytt\u00f6\u00f6si nopeasti ja vaivattomasti. Tutustu my\u00f6s seuraaviin Panopton ohjeisiin Panopton valmistajan ohjeet\" \/>\n<meta property=\"og:url\" content=\"https:\/\/help.jamk.fi\/panopto\/fi\/opettajalle\/\" \/>\n<meta property=\"og:site_name\" content=\"Panopto\" \/>\n<meta property=\"article:modified_time\" content=\"2025-04-24T07:52:37+00:00\" \/>\n<meta name=\"twitter:card\" content=\"summary_large_image\" \/>\n<meta name=\"twitter:label1\" content=\"Arvioitu lukuaika\" \/>\n\t<meta name=\"twitter:data1\" content=\"2 minuuttia\" \/>\n<script type=\"application\/ld+json\" class=\"yoast-schema-graph\">{\"@context\":\"https:\\\/\\\/schema.org\",\"@graph\":[{\"@type\":\"WebPage\",\"@id\":\"https:\\\/\\\/help.jamk.fi\\\/panopto\\\/fi\\\/opettajalle\\\/\",\"url\":\"https:\\\/\\\/help.jamk.fi\\\/panopto\\\/fi\\\/opettajalle\\\/\",\"name\":\"Opettajalle - Panopto\",\"isPartOf\":{\"@id\":\"https:\\\/\\\/help.jamk.fi\\\/panopto\\\/#website\"},\"datePublished\":\"2021-12-21T05:22:42+00:00\",\"dateModified\":\"2025-04-24T07:52:37+00:00\",\"breadcrumb\":{\"@id\":\"https:\\\/\\\/help.jamk.fi\\\/panopto\\\/fi\\\/opettajalle\\\/#breadcrumb\"},\"inLanguage\":\"fi\",\"potentialAction\":[{\"@type\":\"ReadAction\",\"target\":[\"https:\\\/\\\/help.jamk.fi\\\/panopto\\\/fi\\\/opettajalle\\\/\"]}]},{\"@type\":\"BreadcrumbList\",\"@id\":\"https:\\\/\\\/help.jamk.fi\\\/panopto\\\/fi\\\/opettajalle\\\/#breadcrumb\",\"itemListElement\":[{\"@type\":\"ListItem\",\"position\":1,\"name\":\"Etusivu\",\"item\":\"https:\\\/\\\/help.jamk.fi\\\/panopto\\\/fi\\\/\"},{\"@type\":\"ListItem\",\"position\":2,\"name\":\"Opettajalle\"}]},{\"@type\":\"WebSite\",\"@id\":\"https:\\\/\\\/help.jamk.fi\\\/panopto\\\/#website\",\"url\":\"https:\\\/\\\/help.jamk.fi\\\/panopto\\\/\",\"name\":\"Panopto\",\"description\":\"\",\"potentialAction\":[{\"@type\":\"SearchAction\",\"target\":{\"@type\":\"EntryPoint\",\"urlTemplate\":\"https:\\\/\\\/help.jamk.fi\\\/panopto\\\/?s={search_term_string}\"},\"query-input\":{\"@type\":\"PropertyValueSpecification\",\"valueRequired\":true,\"valueName\":\"search_term_string\"}}],\"inLanguage\":\"fi\"}]}<\/script>\n<!-- \/ Yoast SEO plugin. -->","yoast_head_json":{"title":"Opettajalle - Panopto","robots":{"index":"index","follow":"follow","max-snippet":"max-snippet:-1","max-image-preview":"max-image-preview:large","max-video-preview":"max-video-preview:-1"},"canonical":"https:\/\/help.jamk.fi\/panopto\/fi\/opettajalle\/","og_locale":"fi_FI","og_type":"article","og_title":"Opettajalle - Panopto","og_description":"N\u00e4in p\u00e4\u00e4set alkuun Panopton kansioiden ominaisuuksia Ohjeita Panopton k\u00e4ytt\u00f6\u00f6n Panopton perusteet -videosarja koostuu 11 lyhyest\u00e4 videosta, jonka avulla otat Panopton k\u00e4ytt\u00f6\u00f6si nopeasti ja vaivattomasti. Tutustu my\u00f6s seuraaviin Panopton ohjeisiin Panopton valmistajan ohjeet","og_url":"https:\/\/help.jamk.fi\/panopto\/fi\/opettajalle\/","og_site_name":"Panopto","article_modified_time":"2025-04-24T07:52:37+00:00","twitter_card":"summary_large_image","twitter_misc":{"Arvioitu lukuaika":"2 minuuttia"},"schema":{"@context":"https:\/\/schema.org","@graph":[{"@type":"WebPage","@id":"https:\/\/help.jamk.fi\/panopto\/fi\/opettajalle\/","url":"https:\/\/help.jamk.fi\/panopto\/fi\/opettajalle\/","name":"Opettajalle - Panopto","isPartOf":{"@id":"https:\/\/help.jamk.fi\/panopto\/#website"},"datePublished":"2021-12-21T05:22:42+00:00","dateModified":"2025-04-24T07:52:37+00:00","breadcrumb":{"@id":"https:\/\/help.jamk.fi\/panopto\/fi\/opettajalle\/#breadcrumb"},"inLanguage":"fi","potentialAction":[{"@type":"ReadAction","target":["https:\/\/help.jamk.fi\/panopto\/fi\/opettajalle\/"]}]},{"@type":"BreadcrumbList","@id":"https:\/\/help.jamk.fi\/panopto\/fi\/opettajalle\/#breadcrumb","itemListElement":[{"@type":"ListItem","position":1,"name":"Etusivu","item":"https:\/\/help.jamk.fi\/panopto\/fi\/"},{"@type":"ListItem","position":2,"name":"Opettajalle"}]},{"@type":"WebSite","@id":"https:\/\/help.jamk.fi\/panopto\/#website","url":"https:\/\/help.jamk.fi\/panopto\/","name":"Panopto","description":"","potentialAction":[{"@type":"SearchAction","target":{"@type":"EntryPoint","urlTemplate":"https:\/\/help.jamk.fi\/panopto\/?s={search_term_string}"},"query-input":{"@type":"PropertyValueSpecification","valueRequired":true,"valueName":"search_term_string"}}],"inLanguage":"fi"}]}},"_links":{"self":[{"href":"https:\/\/help.jamk.fi\/panopto\/wp-json\/wp\/v2\/pages\/52","targetHints":{"allow":["GET"]}}],"collection":[{"href":"https:\/\/help.jamk.fi\/panopto\/wp-json\/wp\/v2\/pages"}],"about":[{"href":"https:\/\/help.jamk.fi\/panopto\/wp-json\/wp\/v2\/types\/page"}],"author":[{"embeddable":true,"href":"https:\/\/help.jamk.fi\/panopto\/wp-json\/wp\/v2\/users\/73"}],"replies":[{"embeddable":true,"href":"https:\/\/help.jamk.fi\/panopto\/wp-json\/wp\/v2\/comments?post=52"}],"version-history":[{"count":19,"href":"https:\/\/help.jamk.fi\/panopto\/wp-json\/wp\/v2\/pages\/52\/revisions"}],"predecessor-version":[{"id":584,"href":"https:\/\/help.jamk.fi\/panopto\/wp-json\/wp\/v2\/pages\/52\/revisions\/584"}],"wp:attachment":[{"href":"https:\/\/help.jamk.fi\/panopto\/wp-json\/wp\/v2\/media?parent=52"}],"wp:term":[{"taxonomy":"category","embeddable":true,"href":"https:\/\/help.jamk.fi\/panopto\/wp-json\/wp\/v2\/categories?post=52"},{"taxonomy":"post_tag","embeddable":true,"href":"https:\/\/help.jamk.fi\/panopto\/wp-json\/wp\/v2\/tags?post=52"}],"curies":[{"name":"wp","href":"https:\/\/api.w.org\/{rel}","templated":true}]}}