{"id":55,"date":"2021-12-21T07:49:51","date_gmt":"2021-12-21T05:49:51","guid":{"rendered":"https:\/\/help.jamk.fi\/panopto\/opettajalle\/panopto-ja-moodle\/"},"modified":"2025-09-08T13:40:53","modified_gmt":"2025-09-08T10:40:53","slug":"panopto-ja-moodle","status":"publish","type":"page","link":"https:\/\/help.jamk.fi\/panopto\/fi\/opettajalle\/panopto-ja-moodle\/","title":{"rendered":"Moodle-kurssin ja Panopton yhdist\u00e4minen sek\u00e4 videomuotoisten teht\u00e4vien palautus"},"content":{"rendered":"\n<p>Jos opiskelijasi tekev\u00e4t opintojaksollasi videopalautuksia, yhdist\u00e4 Moodle ja Panopto. Alla olevalla videolla n\u00e4ytet\u00e4\u00e4n Moodlen ja Panopton yhdist\u00e4minen.<\/p>\n\n\n\r\n<div id=\"embed-block_7b8d80097e7b7309a0dea519c3ac96f9\" class=\"embed block-embed\">\r\n      <div class=\"block-embed__wrapper\">\r\n\r\n      \r\n          <div class=\"block-embed__cookie-notice--wrapper\" id=\"cookie-notice\">\r\n              <div class=\"block-embed__cookie-notice--text\">\r\n                                    <p>Hyv\u00e4ksy v\u00e4ltt\u00e4m\u00e4tt\u00f6m\u00e4t ev\u00e4steet n\u00e4hd\u00e4ksesi upotetun sis\u00e4ll\u00f6n: marketing.<\/p>\r\n                  <a href=\"#\" class=\"ch2-open-settings-btn\"> Hyv\u00e4ksy v\u00e4ltt\u00e4m\u00e4tt\u00f6m\u00e4t ev\u00e4steet<\/a>\r\n              <\/div>\r\n              <div class=\"block-embed__cookie-reload-notice\">\r\n                  <p class=\"cookie-reload-text\">\r\n                    (Jos olet hyv\u00e4ksynyt ev\u00e4steet, mutta n\u00e4et silti t\u00e4m\u00e4n viestin, lataa sivu uudelleen.)                  <\/p>\r\n                  <a href=\"#\" onclick=\"location.reload(); return false;\">\r\n                    Lataa sivu uudelleen                  <\/a>\r\n              <\/div>\r\n          <\/div>\r\n\r\n      \r\n      <\/div>\r\n<\/div>\r\n\n\n\n<h2 class=\"wp-block-heading\">Moodle-kurssin&nbsp;ja&nbsp;Panopton&nbsp;yhdist\u00e4minen&nbsp;<\/h2>\n\n\n\n<ol class=\"wp-block-list\">\n<li>Klikkaa&nbsp;Moodlessa&nbsp;Hallintaty\u00f6kaluista&nbsp;<strong>Muokkaustila&nbsp;p\u00e4\u00e4lle<\/strong>.&nbsp;<\/li>\n\n\n\n<li>Mene&nbsp;vasemman&nbsp;laidan&nbsp;navigaatioon,&nbsp;rullaile&nbsp;alas ja&nbsp;valitse&nbsp;<strong>Lis\u00e4\u00e4&nbsp;lohko<\/strong><em>.<\/em>&nbsp;Klikkaa&nbsp;Panopto.&nbsp;<\/li>\n\n\n\n<li>Panopto-lohko&nbsp;tulee&nbsp;n\u00e4kyville&nbsp;kurssin&nbsp;oikeaan&nbsp;alakulmaan.&nbsp;<\/li>\n\n\n\n<li>Kurssin Panopto-kansio syntyy automaattisesti.&nbsp;<\/li>\n\n\n\n<li>Panoptoon&nbsp;syntyy&nbsp;kansio&nbsp;kurssisi&nbsp;nimell\u00e4&nbsp;sek\u00e4&nbsp;kansio&nbsp;opiskelijoiden&nbsp;videopalautuksille&nbsp;<strong>kurssisinimi [assignments<\/strong>].&nbsp;<\/li>\n\n\n\n<li>Oletuksena&nbsp;kansio&nbsp;n\u00e4kyy&nbsp;kurssisi&nbsp;osallistujille.&nbsp;<\/li>\n<\/ol>\n\n\n\n<h2 class=\"wp-block-heading\">Opiskelijan&nbsp;videopalautukset&nbsp;Panoptoon&nbsp;<\/h2>\n\n\n\n<p>Jotta&nbsp;opiskelijasi&nbsp;voivat&nbsp;palauttaa&nbsp;videotiedostoja&nbsp;Panoptoon, tee&nbsp;seuraavat&nbsp;nelj\u00e4&nbsp;vaihetta:&nbsp;<\/p>\n\n\n\n<ol class=\"wp-block-list\">\n<li>Lis\u00e4\u00e4&nbsp;kurssillesi&nbsp;Teht\u00e4v\u00e4-aktiviteetti.&nbsp;<\/li>\n\n\n\n<li>Lis\u00e4\u00e4&nbsp;opiskelijoille&nbsp;ohjeet,&nbsp;miten&nbsp;videotiedoston&nbsp;palauttaminen&nbsp;Panoptoon&nbsp;tapahtuu.&nbsp;<\/li>\n\n\n\n<li>Valitse&nbsp;teht\u00e4v\u00e4n&nbsp;<strong>Palautusmuoto:&nbsp;Verkkoteksti<\/strong>.&nbsp;<\/li>\n\n\n\n<li>M\u00e4\u00e4rittele&nbsp;arviointi&nbsp;ja&nbsp;opiskelijoiden&nbsp;edistymisen&nbsp;seuranta.&nbsp;<\/li>\n<\/ol>\n\n\n\n<h2 class=\"wp-block-heading\">MALLI:&nbsp;Ohjeteksti&nbsp;videopalautuksen tekemiseen&nbsp;<\/h2>\n\n\n\n<p>(Korvaa ohjeessa kohdissa 6. ja 7. teksti <strong>t\u00e4m\u00e4nkurssinnimi<\/strong> oman kurssisi nimell\u00e4 ja koodilla.)<\/p>\n\n\n\n<ol class=\"wp-block-list\">\n<li>Klikkaa&nbsp;<strong>Lis\u00e4\u00e4&nbsp;palautus<\/strong>.<\/li>\n\n\n\n<li>Klikkaa avautuvalla sivulla\u00a0vihre\u00e4\u00e4\u00a0Panopto-painiketta\u00a0ty\u00f6kalupalkissa.\u00a0Huom. Panopto-painike on vain Moodlen Atto HTML- editorissa. K\u00e4y vaihtamassa editori klikkaamalla profiilikuvaasi oikeassa yl\u00e4kulmassa, valitse asetukset ja tekstieditorin asetukset. Valitse pudotusvalikosta Atto HTML ja tallenna.<\/li>\n\n\n\n<li>Klikkaa&nbsp;<strong>Upload<\/strong>.&nbsp;<\/li>\n\n\n\n<li>Avaa n\u00e4kym\u00e4n yl\u00e4laidasta pudotusvalikko ja etsi sielt\u00e4 Moodle. Klikkaa pient\u00e4 nuolikuvaketta Moodle-kansion edess\u00e4.&nbsp;<\/li>\n\n\n\n<li>Etsi t\u00e4m\u00e4nkurssinimi kansio ja klikkaa pient\u00e4 nuolikuvaketta kansion nimen edess\u00e4.&nbsp;<\/li>\n\n\n\n<li>Valitse teht\u00e4v\u00e4palautuskansio klikkaamalla <strong>t\u00e4m\u00e4nkurssinnimi [assignments]<\/strong>.&nbsp;<\/li>\n\n\n\n<li>Kun&nbsp;pudotusvalikossa&nbsp;lukee&nbsp;<strong>t\u00e4m\u00e4nkurssinnimi [assignments]<\/strong> raahaa videotiedosto koneeltasi tai hae se hakupainikkeen kautta.<\/li>\n\n\n\n<li>Kun video alkaa latautua Panoptoon, voit muuttaa videon nime\u00e4 t\u00e4m\u00e4nhetkist\u00e4 nime\u00e4 klikkaamalla. Hyv\u00e4 nimi videolle on esimerkiksi omaetunimi_omasukunimi tai ryhm\u00e4nne_nimi.&nbsp;<\/li>\n\n\n\n<li>Kun&nbsp;<strong>Insert-<\/strong>painike aktivoituu, voit klikata sit\u00e4 ja videosi lis\u00e4t\u00e4\u00e4n Panoptoon.&nbsp;<\/li>\n\n\n\n<li>Klikkaa <strong>Tallenna muutokset<\/strong>, jotta videopalautuksesi tallentuu. <\/li>\n<\/ol>\n\n\n\n<p>Huom. Jos&nbsp;haluat,&nbsp;ett\u00e4&nbsp;opiskelijat&nbsp;n\u00e4kev\u00e4t&nbsp;toistensa&nbsp;palauttamia&nbsp;videoita,&nbsp;klikkaa&nbsp;Panoptossa&nbsp;t\u00e4m\u00e4nkurssinnimi&nbsp;(assignments) -kansion asetusmutteria oikeassa yl\u00e4kulmassa, valitse avautuvassa n\u00e4kym\u00e4ss\u00e4 Settings ja laita rasti ruutuun kohtaan <strong>Allow viewers to see each other&#8217;s sessions.<\/strong> &nbsp;<\/p>\n\n\n\n<p>L\u00f6yd\u00e4t&nbsp;oman&nbsp;kurssisi&nbsp;Panopto-kansion,&nbsp;kun&nbsp;klikkaat&nbsp;Panopton&nbsp;vasemmassa&nbsp;laidassa&nbsp;Browse ja&nbsp;avaat&nbsp;Jamk-kansion&nbsp;ja&nbsp;sen&nbsp;sis\u00e4lt\u00e4&nbsp;Moodle-kansion.&nbsp;<\/p>\n\n\n\n<p><\/p>\n","protected":false},"excerpt":{"rendered":"<p>Jos opiskelijasi tekev\u00e4t opintojaksollasi videopalautuksia, yhdist\u00e4 Moodle ja Panopto. Alla olevalla videolla n\u00e4ytet\u00e4\u00e4n Moodlen ja Panopton yhdist\u00e4minen. Moodle-kurssin&nbsp;ja&nbsp;Panopton&nbsp;yhdist\u00e4minen&nbsp; Opiskelijan&nbsp;videopalautukset&nbsp;Panoptoon&nbsp; Jotta&nbsp;opiskelijasi&nbsp;voivat&nbsp;palauttaa&nbsp;videotiedostoja&nbsp;Panoptoon, tee&nbsp;seuraavat&nbsp;nelj\u00e4&nbsp;vaihetta:&nbsp; MALLI:&nbsp;Ohjeteksti&nbsp;videopalautuksen tekemiseen&nbsp; (Korvaa ohjeessa kohdissa 6. ja 7. teksti t\u00e4m\u00e4nkurssinnimi oman kurssisi nimell\u00e4 ja koodilla.) Huom. Jos&nbsp;haluat,&nbsp;ett\u00e4&nbsp;opiskelijat&nbsp;n\u00e4kev\u00e4t&nbsp;toistensa&nbsp;palauttamia&nbsp;videoita,&nbsp;klikkaa&nbsp;Panoptossa&nbsp;t\u00e4m\u00e4nkurssinnimi&nbsp;(assignments) -kansion asetusmutteria oikeassa yl\u00e4kulmassa, valitse avautuvassa n\u00e4kym\u00e4ss\u00e4 Settings ja laita rasti ruutuun kohtaan Allow viewers to see [&hellip;]<\/p>\n","protected":false},"author":73,"featured_media":0,"parent":52,"menu_order":1,"comment_status":"closed","ping_status":"closed","template":"","meta":{"_acf_changed":false,"_relevanssi_hide_post":"","_relevanssi_hide_content":"","_relevanssi_pin_for_all":"","_relevanssi_pin_keywords":"","_relevanssi_unpin_keywords":"","_relevanssi_related_keywords":"","_relevanssi_related_include_ids":"","_relevanssi_related_exclude_ids":"","_relevanssi_related_no_append":"","_relevanssi_related_not_related":"","_relevanssi_related_posts":"","_relevanssi_noindex_reason":"","footnotes":""},"categories":[],"tags":[],"class_list":["post-55","page","type-page","status-publish","hentry"],"acf":[],"yoast_head":"<!-- This site is optimized with the Yoast SEO plugin v27.3 - https:\/\/yoast.com\/product\/yoast-seo-wordpress\/ -->\n<title>Moodle-kurssin ja Panopton yhdist\u00e4minen sek\u00e4 videomuotoisten teht\u00e4vien palautus - Panopto<\/title>\n<meta name=\"robots\" content=\"index, follow, max-snippet:-1, max-image-preview:large, max-video-preview:-1\" \/>\n<link rel=\"canonical\" href=\"https:\/\/help.jamk.fi\/panopto\/fi\/opettajalle\/panopto-ja-moodle\/\" \/>\n<meta property=\"og:locale\" content=\"fi_FI\" \/>\n<meta property=\"og:type\" content=\"article\" \/>\n<meta property=\"og:title\" content=\"Moodle-kurssin ja Panopton yhdist\u00e4minen sek\u00e4 videomuotoisten teht\u00e4vien palautus - Panopto\" \/>\n<meta property=\"og:description\" content=\"Jos opiskelijasi tekev\u00e4t opintojaksollasi videopalautuksia, yhdist\u00e4 Moodle ja Panopto. Alla olevalla videolla n\u00e4ytet\u00e4\u00e4n Moodlen ja Panopton yhdist\u00e4minen. Moodle-kurssin&nbsp;ja&nbsp;Panopton&nbsp;yhdist\u00e4minen&nbsp; Opiskelijan&nbsp;videopalautukset&nbsp;Panoptoon&nbsp; Jotta&nbsp;opiskelijasi&nbsp;voivat&nbsp;palauttaa&nbsp;videotiedostoja&nbsp;Panoptoon, tee&nbsp;seuraavat&nbsp;nelj\u00e4&nbsp;vaihetta:&nbsp; MALLI:&nbsp;Ohjeteksti&nbsp;videopalautuksen tekemiseen&nbsp; (Korvaa ohjeessa kohdissa 6. ja 7. teksti t\u00e4m\u00e4nkurssinnimi oman kurssisi nimell\u00e4 ja koodilla.) Huom. Jos&nbsp;haluat,&nbsp;ett\u00e4&nbsp;opiskelijat&nbsp;n\u00e4kev\u00e4t&nbsp;toistensa&nbsp;palauttamia&nbsp;videoita,&nbsp;klikkaa&nbsp;Panoptossa&nbsp;t\u00e4m\u00e4nkurssinnimi&nbsp;(assignments) -kansion asetusmutteria oikeassa yl\u00e4kulmassa, valitse avautuvassa n\u00e4kym\u00e4ss\u00e4 Settings ja laita rasti ruutuun kohtaan Allow viewers to see [&hellip;]\" \/>\n<meta property=\"og:url\" content=\"https:\/\/help.jamk.fi\/panopto\/fi\/opettajalle\/panopto-ja-moodle\/\" \/>\n<meta property=\"og:site_name\" content=\"Panopto\" \/>\n<meta property=\"article:modified_time\" content=\"2025-09-08T10:40:53+00:00\" \/>\n<meta name=\"twitter:card\" content=\"summary_large_image\" \/>\n<meta name=\"twitter:label1\" content=\"Arvioitu lukuaika\" \/>\n\t<meta name=\"twitter:data1\" content=\"2 minuuttia\" \/>\n<script type=\"application\/ld+json\" class=\"yoast-schema-graph\">{\"@context\":\"https:\\\/\\\/schema.org\",\"@graph\":[{\"@type\":\"WebPage\",\"@id\":\"https:\\\/\\\/help.jamk.fi\\\/panopto\\\/fi\\\/opettajalle\\\/panopto-ja-moodle\\\/\",\"url\":\"https:\\\/\\\/help.jamk.fi\\\/panopto\\\/fi\\\/opettajalle\\\/panopto-ja-moodle\\\/\",\"name\":\"Moodle-kurssin ja Panopton yhdist\u00e4minen sek\u00e4 videomuotoisten teht\u00e4vien palautus - Panopto\",\"isPartOf\":{\"@id\":\"https:\\\/\\\/help.jamk.fi\\\/panopto\\\/#website\"},\"datePublished\":\"2021-12-21T05:49:51+00:00\",\"dateModified\":\"2025-09-08T10:40:53+00:00\",\"breadcrumb\":{\"@id\":\"https:\\\/\\\/help.jamk.fi\\\/panopto\\\/fi\\\/opettajalle\\\/panopto-ja-moodle\\\/#breadcrumb\"},\"inLanguage\":\"fi\",\"potentialAction\":[{\"@type\":\"ReadAction\",\"target\":[\"https:\\\/\\\/help.jamk.fi\\\/panopto\\\/fi\\\/opettajalle\\\/panopto-ja-moodle\\\/\"]}]},{\"@type\":\"BreadcrumbList\",\"@id\":\"https:\\\/\\\/help.jamk.fi\\\/panopto\\\/fi\\\/opettajalle\\\/panopto-ja-moodle\\\/#breadcrumb\",\"itemListElement\":[{\"@type\":\"ListItem\",\"position\":1,\"name\":\"Etusivu\",\"item\":\"https:\\\/\\\/help.jamk.fi\\\/panopto\\\/fi\\\/\"},{\"@type\":\"ListItem\",\"position\":2,\"name\":\"Opettajalle\",\"item\":\"https:\\\/\\\/help.jamk.fi\\\/panopto\\\/fi\\\/opettajalle\\\/\"},{\"@type\":\"ListItem\",\"position\":3,\"name\":\"Moodle-kurssin ja Panopton yhdist\u00e4minen sek\u00e4 videomuotoisten teht\u00e4vien palautus\"}]},{\"@type\":\"WebSite\",\"@id\":\"https:\\\/\\\/help.jamk.fi\\\/panopto\\\/#website\",\"url\":\"https:\\\/\\\/help.jamk.fi\\\/panopto\\\/\",\"name\":\"Panopto\",\"description\":\"\",\"potentialAction\":[{\"@type\":\"SearchAction\",\"target\":{\"@type\":\"EntryPoint\",\"urlTemplate\":\"https:\\\/\\\/help.jamk.fi\\\/panopto\\\/?s={search_term_string}\"},\"query-input\":{\"@type\":\"PropertyValueSpecification\",\"valueRequired\":true,\"valueName\":\"search_term_string\"}}],\"inLanguage\":\"fi\"}]}<\/script>\n<!-- \/ Yoast SEO plugin. -->","yoast_head_json":{"title":"Moodle-kurssin ja Panopton yhdist\u00e4minen sek\u00e4 videomuotoisten teht\u00e4vien palautus - Panopto","robots":{"index":"index","follow":"follow","max-snippet":"max-snippet:-1","max-image-preview":"max-image-preview:large","max-video-preview":"max-video-preview:-1"},"canonical":"https:\/\/help.jamk.fi\/panopto\/fi\/opettajalle\/panopto-ja-moodle\/","og_locale":"fi_FI","og_type":"article","og_title":"Moodle-kurssin ja Panopton yhdist\u00e4minen sek\u00e4 videomuotoisten teht\u00e4vien palautus - Panopto","og_description":"Jos opiskelijasi tekev\u00e4t opintojaksollasi videopalautuksia, yhdist\u00e4 Moodle ja Panopto. Alla olevalla videolla n\u00e4ytet\u00e4\u00e4n Moodlen ja Panopton yhdist\u00e4minen. Moodle-kurssin&nbsp;ja&nbsp;Panopton&nbsp;yhdist\u00e4minen&nbsp; Opiskelijan&nbsp;videopalautukset&nbsp;Panoptoon&nbsp; Jotta&nbsp;opiskelijasi&nbsp;voivat&nbsp;palauttaa&nbsp;videotiedostoja&nbsp;Panoptoon, tee&nbsp;seuraavat&nbsp;nelj\u00e4&nbsp;vaihetta:&nbsp; MALLI:&nbsp;Ohjeteksti&nbsp;videopalautuksen tekemiseen&nbsp; (Korvaa ohjeessa kohdissa 6. ja 7. teksti t\u00e4m\u00e4nkurssinnimi oman kurssisi nimell\u00e4 ja koodilla.) Huom. Jos&nbsp;haluat,&nbsp;ett\u00e4&nbsp;opiskelijat&nbsp;n\u00e4kev\u00e4t&nbsp;toistensa&nbsp;palauttamia&nbsp;videoita,&nbsp;klikkaa&nbsp;Panoptossa&nbsp;t\u00e4m\u00e4nkurssinnimi&nbsp;(assignments) -kansion asetusmutteria oikeassa yl\u00e4kulmassa, valitse avautuvassa n\u00e4kym\u00e4ss\u00e4 Settings ja laita rasti ruutuun kohtaan Allow viewers to see [&hellip;]","og_url":"https:\/\/help.jamk.fi\/panopto\/fi\/opettajalle\/panopto-ja-moodle\/","og_site_name":"Panopto","article_modified_time":"2025-09-08T10:40:53+00:00","twitter_card":"summary_large_image","twitter_misc":{"Arvioitu lukuaika":"2 minuuttia"},"schema":{"@context":"https:\/\/schema.org","@graph":[{"@type":"WebPage","@id":"https:\/\/help.jamk.fi\/panopto\/fi\/opettajalle\/panopto-ja-moodle\/","url":"https:\/\/help.jamk.fi\/panopto\/fi\/opettajalle\/panopto-ja-moodle\/","name":"Moodle-kurssin ja Panopton yhdist\u00e4minen sek\u00e4 videomuotoisten teht\u00e4vien palautus - Panopto","isPartOf":{"@id":"https:\/\/help.jamk.fi\/panopto\/#website"},"datePublished":"2021-12-21T05:49:51+00:00","dateModified":"2025-09-08T10:40:53+00:00","breadcrumb":{"@id":"https:\/\/help.jamk.fi\/panopto\/fi\/opettajalle\/panopto-ja-moodle\/#breadcrumb"},"inLanguage":"fi","potentialAction":[{"@type":"ReadAction","target":["https:\/\/help.jamk.fi\/panopto\/fi\/opettajalle\/panopto-ja-moodle\/"]}]},{"@type":"BreadcrumbList","@id":"https:\/\/help.jamk.fi\/panopto\/fi\/opettajalle\/panopto-ja-moodle\/#breadcrumb","itemListElement":[{"@type":"ListItem","position":1,"name":"Etusivu","item":"https:\/\/help.jamk.fi\/panopto\/fi\/"},{"@type":"ListItem","position":2,"name":"Opettajalle","item":"https:\/\/help.jamk.fi\/panopto\/fi\/opettajalle\/"},{"@type":"ListItem","position":3,"name":"Moodle-kurssin ja Panopton yhdist\u00e4minen sek\u00e4 videomuotoisten teht\u00e4vien palautus"}]},{"@type":"WebSite","@id":"https:\/\/help.jamk.fi\/panopto\/#website","url":"https:\/\/help.jamk.fi\/panopto\/","name":"Panopto","description":"","potentialAction":[{"@type":"SearchAction","target":{"@type":"EntryPoint","urlTemplate":"https:\/\/help.jamk.fi\/panopto\/?s={search_term_string}"},"query-input":{"@type":"PropertyValueSpecification","valueRequired":true,"valueName":"search_term_string"}}],"inLanguage":"fi"}]}},"_links":{"self":[{"href":"https:\/\/help.jamk.fi\/panopto\/wp-json\/wp\/v2\/pages\/55","targetHints":{"allow":["GET"]}}],"collection":[{"href":"https:\/\/help.jamk.fi\/panopto\/wp-json\/wp\/v2\/pages"}],"about":[{"href":"https:\/\/help.jamk.fi\/panopto\/wp-json\/wp\/v2\/types\/page"}],"author":[{"embeddable":true,"href":"https:\/\/help.jamk.fi\/panopto\/wp-json\/wp\/v2\/users\/73"}],"replies":[{"embeddable":true,"href":"https:\/\/help.jamk.fi\/panopto\/wp-json\/wp\/v2\/comments?post=55"}],"version-history":[{"count":22,"href":"https:\/\/help.jamk.fi\/panopto\/wp-json\/wp\/v2\/pages\/55\/revisions"}],"predecessor-version":[{"id":588,"href":"https:\/\/help.jamk.fi\/panopto\/wp-json\/wp\/v2\/pages\/55\/revisions\/588"}],"up":[{"embeddable":true,"href":"https:\/\/help.jamk.fi\/panopto\/wp-json\/wp\/v2\/pages\/52"}],"wp:attachment":[{"href":"https:\/\/help.jamk.fi\/panopto\/wp-json\/wp\/v2\/media?parent=55"}],"wp:term":[{"taxonomy":"category","embeddable":true,"href":"https:\/\/help.jamk.fi\/panopto\/wp-json\/wp\/v2\/categories?post=55"},{"taxonomy":"post_tag","embeddable":true,"href":"https:\/\/help.jamk.fi\/panopto\/wp-json\/wp\/v2\/tags?post=55"}],"curies":[{"name":"wp","href":"https:\/\/api.w.org\/{rel}","templated":true}]}}