{"id":64,"date":"2022-02-10T11:57:52","date_gmt":"2022-02-10T09:57:52","guid":{"rendered":"https:\/\/help.jamk.fi\/panopto\/opettajalle\/zoom-panopto-moodle\/"},"modified":"2024-01-24T13:54:40","modified_gmt":"2024-01-24T11:54:40","slug":"zoom-panopto-moodle","status":"publish","type":"page","link":"https:\/\/help.jamk.fi\/panopto\/fi\/opettajalle\/zoom-panopto-moodle\/","title":{"rendered":"Zoomilla tehdyn tallenteen jakaminen Panoptosta Moodleen"},"content":{"rendered":"\n<p>Jos valitset Zoomista pilvitallennuksen, tiedosto latautuu automaattisesti Panoptoon. L\u00f6yd\u00e4t sen omasta kansiostasi (My Folder).<\/p>\n\n\n\n<h2 class=\"wp-block-heading\" id=\"zoom-ja-sahkoposti\">Zoom<\/h2>\n\n\n\n<ol class=\"wp-block-list\">\n<li>Klikkaa <strong>Record-painiketta<\/strong> ja valitse <strong>Record to the cloud<\/strong>.<\/li>\n\n\n\n<li>Kun lopetat tallennuksen ja suljet tapaamisen, pilvitallenne siirtyy automaattisesti Panopto-videojakopalveluun.<\/li>\n\n\n\n<li>Ensimm\u00e4isell\u00e4 tallennuskerralla My Folderiin syntyy automaattisesti kansio nimelt\u00e4&nbsp;<strong>Zoom Cloud Meeting Recordings<\/strong>, jonne pilvitallenteet tallentuvat t\u00e4m\u00e4n j\u00e4lkeen.<\/li>\n\n\n\n<li>Jos et ole koskaan kirjautunut Panoptoon tai sinulla on useampi k\u00e4ytt\u00e4j\u00e4tili Panoptossa ja teet Zoomissa pilvitallenteen, tallenne menee Panoptossa Fallback-kansioon ja saat s\u00e4hk\u00f6posti-ilmoituksen: <em>Zoom-tallenteesi tallentui Panopton Fallback-kansioon, koska sinulle ei joko ole ennest\u00e4\u00e4n Panoptossa tili\u00e4 tai sinulle on siell\u00e4 useampi kuin yksi tili. Saadaksesi tallenteesi ota yhteytt\u00e4 Jamkin Helpdeskiin.<\/em><\/li>\n<\/ol>\n\n\n\n<h2 class=\"wp-block-heading\" id=\"panopto\">Panopto<\/h2>\n\n\n\n<ol class=\"wp-block-list\">\n<li>Siirry osoitteeseen <a href=\"https:\/\/panopto.jamk.fi\">https:\/\/panopto.jamk.fi<\/a>.<\/li>\n\n\n\n<li>Klikkaa <strong>Sign in<\/strong> ja kirjaudu Jamkin tunnuksillasi.<\/li>\n\n\n\n<li>L\u00f6yd\u00e4t pilvitallenteet My Folderin kansiosta nimelt\u00e4&nbsp;<strong>Zoom Cloud Meeting Recordings<\/strong>.<\/li>\n\n\n\n<li>Ensimm\u00e4isell\u00e4 kerralla kansion syntymisess\u00e4 ja aina tallenteen prosessoinnissa voi kest\u00e4\u00e4 jopa yht\u00e4 kauan kuin tallennus on kest\u00e4nyt, joten odota rauhassa.<\/li>\n\n\n\n<li>Voit jakaa videon suoraan <strong>Zoom Cloud Meeting Recordings<\/strong> -kansiosta.\n<ul class=\"wp-block-list\">\n<li>My Folder -kansiossa videosi s\u00e4ilyy 1 vuoden viimeisest\u00e4 katselukerrasta.<\/li>\n<\/ul>\n<\/li>\n\n\n\n<li>Voit my\u00f6s pyyt\u00e4\u00e4 verkkopedagogiikan suunnittelijaa lis\u00e4\u00e4m\u00e4\u00e4n sinulle kansion yksikk\u00f6si kansion alle ja siirt\u00e4\u00e4 tallenteen tuohon kansioon.\n<ul class=\"wp-block-list\">\n<li>Yksik\u00f6n kansion alla olevissa kansioissa videot s\u00e4ilyv\u00e4t 2 vuotta viimeisest\u00e4 katselukerrasta.<\/li>\n<\/ul>\n<\/li>\n<\/ol>\n\n\n\n<h2 class=\"wp-block-heading\" id=\"videotiedoston-siirto-panoptoon\">Videon katselulinkin jakaminen Panoptosta<\/h2>\n\n\n\n<ol class=\"wp-block-list\">\n<li>Klikkaa videon vieress\u00e4 olevaa <strong>Share<\/strong>-painiketta ja valitse, miten jaat videon.<\/li>\n\n\n\n<li>Klikkaa <strong>Change<\/strong> kohdassa <strong>Who can access this video<\/strong> ja voit valita jakoasetukset videollesi.<\/li>\n\n\n\n<li>Suositeltavaa on valita joko\n<ul class=\"wp-block-list\">\n<li><strong>Your Organization (unlisted) Anyone at your org who has the link<\/strong> (videon katselu vaatii kirjautumisen Jamkin tunnuksilla Panoptoon) tai<\/li>\n\n\n\n<li><strong>Public (unlisted) Anyone who has the link<\/strong> (videon katselu ei vaadi kirjautumista)<\/li>\n<\/ul>\n<\/li>\n\n\n\n<li>Kun olet valinnut sopivat jakoasetukset, valitse <strong>Copy link<\/strong>.<\/li>\n<\/ol>\n\n\n\n<h2 class=\"wp-block-heading\" id=\"moodle\">Videon katselulinkin lis\u00e4\u00e4minen Moodleen<\/h2>\n\n\n\n<ol class=\"wp-block-list\">\n<li>Siirry kurssillasi siihen kohtaan, johon haluat lis\u00e4t\u00e4 linkin tallenteeseen.<\/li>\n\n\n\n<li>Klikkaa <strong>Lis\u00e4\u00e4 aktiviteetti tai aineisto<\/strong> ja valitse <strong>Verkko-osoite<\/strong>.<\/li>\n\n\n\n<li>Anna linkille kuvaava nimi ja lis\u00e4\u00e4 nimen per\u00e4\u00e4n suluissa (avautuu Panoptossa).<\/li>\n\n\n\n<li>Kirjoita linkille tarvittaessa kuvaus tai mit\u00e4 opiskelijan pit\u00e4\u00e4 tehd\u00e4 videoon liittyen. Jos valitsit videon katseluasetukseksi, ett\u00e4 videon katselu vaatii kirjautumisen Panoptoon, tiedota t\u00e4st\u00e4 opiskelijoita kuvauskent\u00e4ss\u00e4. Jos kirjoitat kuvauksen, klikkaa aktiiviseksi ruutu <strong>N\u00e4yt\u00e4 kuvaus kurssisivulla<\/strong>.<\/li>\n\n\n\n<li>Valitse asetuksista kohta <strong>N\u00e4kyvyyteen liittyv\u00e4t asetukset<\/strong> ja valitse pudotusvalikosta <strong>Uusi ikkuna<\/strong>. Kun opiskelija klikkaa linkki\u00e4, linkki avautuu selaimessa uuteen v\u00e4lilehteen eik\u00e4 Moodlen p\u00e4\u00e4lle.<\/li>\n<\/ol>\n","protected":false},"excerpt":{"rendered":"<p>Jos valitset Zoomista pilvitallennuksen, tiedosto latautuu automaattisesti Panoptoon. L\u00f6yd\u00e4t sen omasta kansiostasi (My Folder). Zoom Panopto Videon katselulinkin jakaminen Panoptosta Videon katselulinkin lis\u00e4\u00e4minen Moodleen<\/p>\n","protected":false},"author":73,"featured_media":0,"parent":52,"menu_order":2,"comment_status":"closed","ping_status":"closed","template":"","meta":{"_acf_changed":false,"_relevanssi_hide_post":"","_relevanssi_hide_content":"","_relevanssi_pin_for_all":"","_relevanssi_pin_keywords":"","_relevanssi_unpin_keywords":"","_relevanssi_related_keywords":"","_relevanssi_related_include_ids":"","_relevanssi_related_exclude_ids":"","_relevanssi_related_no_append":"","_relevanssi_related_not_related":"","_relevanssi_related_posts":"","_relevanssi_noindex_reason":"","footnotes":""},"categories":[],"tags":[],"class_list":["post-64","page","type-page","status-publish","hentry"],"acf":[],"yoast_head":"<!-- This site is optimized with the Yoast SEO plugin v27.3 - https:\/\/yoast.com\/product\/yoast-seo-wordpress\/ -->\n<title>Zoomilla tehdyn tallenteen jakaminen Panoptosta Moodleen - Panopto<\/title>\n<meta name=\"robots\" content=\"index, follow, max-snippet:-1, max-image-preview:large, max-video-preview:-1\" \/>\n<link rel=\"canonical\" href=\"https:\/\/help.jamk.fi\/panopto\/fi\/opettajalle\/zoom-panopto-moodle\/\" \/>\n<meta property=\"og:locale\" content=\"fi_FI\" \/>\n<meta property=\"og:type\" content=\"article\" \/>\n<meta property=\"og:title\" content=\"Zoomilla tehdyn tallenteen jakaminen Panoptosta Moodleen - Panopto\" \/>\n<meta property=\"og:description\" content=\"Jos valitset Zoomista pilvitallennuksen, tiedosto latautuu automaattisesti Panoptoon. L\u00f6yd\u00e4t sen omasta kansiostasi (My Folder). Zoom Panopto Videon katselulinkin jakaminen Panoptosta Videon katselulinkin lis\u00e4\u00e4minen Moodleen\" \/>\n<meta property=\"og:url\" content=\"https:\/\/help.jamk.fi\/panopto\/fi\/opettajalle\/zoom-panopto-moodle\/\" \/>\n<meta property=\"og:site_name\" content=\"Panopto\" \/>\n<meta property=\"article:modified_time\" content=\"2024-01-24T11:54:40+00:00\" \/>\n<meta name=\"twitter:card\" content=\"summary_large_image\" \/>\n<meta name=\"twitter:label1\" content=\"Arvioitu lukuaika\" \/>\n\t<meta name=\"twitter:data1\" content=\"3 minuuttia\" \/>\n<script type=\"application\/ld+json\" class=\"yoast-schema-graph\">{\"@context\":\"https:\\\/\\\/schema.org\",\"@graph\":[{\"@type\":\"WebPage\",\"@id\":\"https:\\\/\\\/help.jamk.fi\\\/panopto\\\/fi\\\/opettajalle\\\/zoom-panopto-moodle\\\/\",\"url\":\"https:\\\/\\\/help.jamk.fi\\\/panopto\\\/fi\\\/opettajalle\\\/zoom-panopto-moodle\\\/\",\"name\":\"Zoomilla tehdyn tallenteen jakaminen Panoptosta Moodleen - Panopto\",\"isPartOf\":{\"@id\":\"https:\\\/\\\/help.jamk.fi\\\/panopto\\\/#website\"},\"datePublished\":\"2022-02-10T09:57:52+00:00\",\"dateModified\":\"2024-01-24T11:54:40+00:00\",\"breadcrumb\":{\"@id\":\"https:\\\/\\\/help.jamk.fi\\\/panopto\\\/fi\\\/opettajalle\\\/zoom-panopto-moodle\\\/#breadcrumb\"},\"inLanguage\":\"fi\",\"potentialAction\":[{\"@type\":\"ReadAction\",\"target\":[\"https:\\\/\\\/help.jamk.fi\\\/panopto\\\/fi\\\/opettajalle\\\/zoom-panopto-moodle\\\/\"]}]},{\"@type\":\"BreadcrumbList\",\"@id\":\"https:\\\/\\\/help.jamk.fi\\\/panopto\\\/fi\\\/opettajalle\\\/zoom-panopto-moodle\\\/#breadcrumb\",\"itemListElement\":[{\"@type\":\"ListItem\",\"position\":1,\"name\":\"Etusivu\",\"item\":\"https:\\\/\\\/help.jamk.fi\\\/panopto\\\/fi\\\/\"},{\"@type\":\"ListItem\",\"position\":2,\"name\":\"Opettajalle\",\"item\":\"https:\\\/\\\/help.jamk.fi\\\/panopto\\\/fi\\\/opettajalle\\\/\"},{\"@type\":\"ListItem\",\"position\":3,\"name\":\"Zoomilla tehdyn tallenteen jakaminen Panoptosta Moodleen\"}]},{\"@type\":\"WebSite\",\"@id\":\"https:\\\/\\\/help.jamk.fi\\\/panopto\\\/#website\",\"url\":\"https:\\\/\\\/help.jamk.fi\\\/panopto\\\/\",\"name\":\"Panopto\",\"description\":\"\",\"potentialAction\":[{\"@type\":\"SearchAction\",\"target\":{\"@type\":\"EntryPoint\",\"urlTemplate\":\"https:\\\/\\\/help.jamk.fi\\\/panopto\\\/?s={search_term_string}\"},\"query-input\":{\"@type\":\"PropertyValueSpecification\",\"valueRequired\":true,\"valueName\":\"search_term_string\"}}],\"inLanguage\":\"fi\"}]}<\/script>\n<!-- \/ Yoast SEO plugin. -->","yoast_head_json":{"title":"Zoomilla tehdyn tallenteen jakaminen Panoptosta Moodleen - Panopto","robots":{"index":"index","follow":"follow","max-snippet":"max-snippet:-1","max-image-preview":"max-image-preview:large","max-video-preview":"max-video-preview:-1"},"canonical":"https:\/\/help.jamk.fi\/panopto\/fi\/opettajalle\/zoom-panopto-moodle\/","og_locale":"fi_FI","og_type":"article","og_title":"Zoomilla tehdyn tallenteen jakaminen Panoptosta Moodleen - Panopto","og_description":"Jos valitset Zoomista pilvitallennuksen, tiedosto latautuu automaattisesti Panoptoon. L\u00f6yd\u00e4t sen omasta kansiostasi (My Folder). Zoom Panopto Videon katselulinkin jakaminen Panoptosta Videon katselulinkin lis\u00e4\u00e4minen Moodleen","og_url":"https:\/\/help.jamk.fi\/panopto\/fi\/opettajalle\/zoom-panopto-moodle\/","og_site_name":"Panopto","article_modified_time":"2024-01-24T11:54:40+00:00","twitter_card":"summary_large_image","twitter_misc":{"Arvioitu lukuaika":"3 minuuttia"},"schema":{"@context":"https:\/\/schema.org","@graph":[{"@type":"WebPage","@id":"https:\/\/help.jamk.fi\/panopto\/fi\/opettajalle\/zoom-panopto-moodle\/","url":"https:\/\/help.jamk.fi\/panopto\/fi\/opettajalle\/zoom-panopto-moodle\/","name":"Zoomilla tehdyn tallenteen jakaminen Panoptosta Moodleen - Panopto","isPartOf":{"@id":"https:\/\/help.jamk.fi\/panopto\/#website"},"datePublished":"2022-02-10T09:57:52+00:00","dateModified":"2024-01-24T11:54:40+00:00","breadcrumb":{"@id":"https:\/\/help.jamk.fi\/panopto\/fi\/opettajalle\/zoom-panopto-moodle\/#breadcrumb"},"inLanguage":"fi","potentialAction":[{"@type":"ReadAction","target":["https:\/\/help.jamk.fi\/panopto\/fi\/opettajalle\/zoom-panopto-moodle\/"]}]},{"@type":"BreadcrumbList","@id":"https:\/\/help.jamk.fi\/panopto\/fi\/opettajalle\/zoom-panopto-moodle\/#breadcrumb","itemListElement":[{"@type":"ListItem","position":1,"name":"Etusivu","item":"https:\/\/help.jamk.fi\/panopto\/fi\/"},{"@type":"ListItem","position":2,"name":"Opettajalle","item":"https:\/\/help.jamk.fi\/panopto\/fi\/opettajalle\/"},{"@type":"ListItem","position":3,"name":"Zoomilla tehdyn tallenteen jakaminen Panoptosta Moodleen"}]},{"@type":"WebSite","@id":"https:\/\/help.jamk.fi\/panopto\/#website","url":"https:\/\/help.jamk.fi\/panopto\/","name":"Panopto","description":"","potentialAction":[{"@type":"SearchAction","target":{"@type":"EntryPoint","urlTemplate":"https:\/\/help.jamk.fi\/panopto\/?s={search_term_string}"},"query-input":{"@type":"PropertyValueSpecification","valueRequired":true,"valueName":"search_term_string"}}],"inLanguage":"fi"}]}},"_links":{"self":[{"href":"https:\/\/help.jamk.fi\/panopto\/wp-json\/wp\/v2\/pages\/64","targetHints":{"allow":["GET"]}}],"collection":[{"href":"https:\/\/help.jamk.fi\/panopto\/wp-json\/wp\/v2\/pages"}],"about":[{"href":"https:\/\/help.jamk.fi\/panopto\/wp-json\/wp\/v2\/types\/page"}],"author":[{"embeddable":true,"href":"https:\/\/help.jamk.fi\/panopto\/wp-json\/wp\/v2\/users\/73"}],"replies":[{"embeddable":true,"href":"https:\/\/help.jamk.fi\/panopto\/wp-json\/wp\/v2\/comments?post=64"}],"version-history":[{"count":5,"href":"https:\/\/help.jamk.fi\/panopto\/wp-json\/wp\/v2\/pages\/64\/revisions"}],"predecessor-version":[{"id":552,"href":"https:\/\/help.jamk.fi\/panopto\/wp-json\/wp\/v2\/pages\/64\/revisions\/552"}],"up":[{"embeddable":true,"href":"https:\/\/help.jamk.fi\/panopto\/wp-json\/wp\/v2\/pages\/52"}],"wp:attachment":[{"href":"https:\/\/help.jamk.fi\/panopto\/wp-json\/wp\/v2\/media?parent=64"}],"wp:term":[{"taxonomy":"category","embeddable":true,"href":"https:\/\/help.jamk.fi\/panopto\/wp-json\/wp\/v2\/categories?post=64"},{"taxonomy":"post_tag","embeddable":true,"href":"https:\/\/help.jamk.fi\/panopto\/wp-json\/wp\/v2\/tags?post=64"}],"curies":[{"name":"wp","href":"https:\/\/api.w.org\/{rel}","templated":true}]}}