{"id":7,"date":"2020-02-24T09:49:45","date_gmt":"2020-02-24T07:49:45","guid":{"rendered":"https:\/\/help.jamk.fi\/panopto\/etusivu\/"},"modified":"2025-07-16T12:04:36","modified_gmt":"2025-07-16T09:04:36","slug":"etusivu","status":"publish","type":"page","link":"https:\/\/help.jamk.fi\/panopto\/fi\/","title":{"rendered":"Panopto"},"content":{"rendered":"\n<div id=\"text-column-block_6d8d7aeb1f8b68318f4ebc5d8fdb4eb5\" class=\"text-column block-text-column\">\n  <div class=\"block-text-column__wrapper\">\n                  <div class=\"row block-text-column__column-section\">\n          <div class=\"col-12 col-md-5 block-text-column__column-section--column\">\n            <div class=\"block-text-column__column-section--title-wrap\">\n                              <h2 class=\"\">Mik\u00e4 on Panopto?<\/h2>\n                          <\/div>\n          <\/div>\n          <div class=\"col-12 col-md-7 block-text-column__column-section--column\">\n                          <div class=\"block-text-column__column-section--text_area\">\n                <p>Panopto on Jamkin virallinen videoiden tallennus- ja jakelupalvelu.<\/p>\n<p>Panopton avulla voit esimerkiksi<\/p>\n<ul>\n<li>ladata ja jakaa sis\u00e4lt\u00f6\u00e4 (esimerkiksi Zoom-sovelluksella tehdyt tallenteet) sek\u00e4 m\u00e4\u00e4ritell\u00e4 katseluoikeudet<\/li>\n<li>tallentaa sis\u00e4lt\u00f6\u00e4 (Panopto Recorder-sovellus tai Panopto Capture selaimella nauhoittamiseen)<\/li>\n<li>luoda soittolistoja<\/li>\n<\/ul>\n<p>Panopto palvelee Jamkin henkil\u00f6kuntaa ja opiskelijoita. Kirjaudu <a href=\"https:\/\/panopto.jamk.fi\">Panoptoon<\/a> Jamkin tunnuksillasi.<\/p>\n              <\/div>\n                      <\/div>\n        <\/div>\n            <\/div>\n<\/div>\n\n\n  <div id=\"page-lift-block_8190603fefbf50091046d7a8a69a2ea2\" class=\"block-page-lift block-page-lift\">\n    \n    <ul class=\"page-lift-list row\">\n                <li class=\"page-lift-list__item col-12 col-md-6 col-lg-4\">\n            <div class=\"page-lift__item-wrap\">\n                              <picture class=\"page-lift__image\">\n                                      <img decoding=\"async\" class=\"page-lift__image--placeholder\" src=\"https:\/\/help.jamk.fi\/panopto\/wp-content\/themes\/jamk-help\/app\/img\/page-lift-placeholder.png\" alt=\"\">\n                                  <\/picture>\n                            <div class=\"page-lift__text-wrap\">\n                                      <h2 class=\"page-lift__heading\">\n                      <a class=\"page-lift__link--heading\" href=\"https:\/\/help.jamk.fi\/panopto\/fi\/opettajalle\/\">Opettajalle<\/a>\n                    <\/h2>\n                   \n                                  <span class=\"page-lift__excerpt body-small\">N\u00e4in p\u00e4\u00e4set alkuun Panopton kansioiden ominaisuuksia Ohjeita Panopton k\u00e4ytt\u00f6\u00f6n Panopton perusteet -videosarja&hellip;<\/span>\n                                                <a class=\"page-lift__link small-text-button-icon\" href=\"\" aria-hidden=\"true\" tabindex=\"-1\">\n                  Mene sivulle&nbsp;<i  ><svg aria-hidden=\"true\" viewBox=\"0 0 4 7\" fill=\"none\" xmlns=\"http:\/\/www.w3.org\/2000\/svg\"><path d=\"M1.696 7H0l2.208-3.312L0 .376h1.696l2.208 3.312L1.696 7z\" fill=\"#0D004C\"\/><\/svg><\/i>                <\/a>\n              <\/div>\n            <\/div>\n          <\/li>\n                <li class=\"page-lift-list__item col-12 col-md-6 col-lg-4\">\n            <div class=\"page-lift__item-wrap\">\n                              <picture class=\"page-lift__image\">\n                                      <img decoding=\"async\" class=\"page-lift__image--placeholder\" src=\"https:\/\/help.jamk.fi\/panopto\/wp-content\/themes\/jamk-help\/app\/img\/page-lift-placeholder.png\" alt=\"\">\n                                  <\/picture>\n                            <div class=\"page-lift__text-wrap\">\n                                      <h2 class=\"page-lift__heading\">\n                      <a class=\"page-lift__link--heading\" href=\"https:\/\/help.jamk.fi\/panopto\/fi\/kuinka\/\">Opiskelijalle<\/a>\n                    <\/h2>\n                   \n                                  <span class=\"page-lift__excerpt body-small\">Tutustu alla oleviin ohjeisiin Videotiedostojen palauttaminen Moodlen kautta Panoptoon &#8211; videotiedostojen palauttaminen&hellip;<\/span>\n                                                <a class=\"page-lift__link small-text-button-icon\" href=\"\" aria-hidden=\"true\" tabindex=\"-1\">\n                  Mene sivulle&nbsp;<i  ><svg aria-hidden=\"true\" viewBox=\"0 0 4 7\" fill=\"none\" xmlns=\"http:\/\/www.w3.org\/2000\/svg\"><path d=\"M1.696 7H0l2.208-3.312L0 .376h1.696l2.208 3.312L1.696 7z\" fill=\"#0D004C\"\/><\/svg><\/i>                <\/a>\n              <\/div>\n            <\/div>\n          <\/li>\n          <\/ul>\n  <\/div>\n","protected":false},"excerpt":{"rendered":"","protected":false},"author":73,"featured_media":0,"parent":0,"menu_order":0,"comment_status":"closed","ping_status":"closed","template":"templates\/template-full-width.php","meta":{"_acf_changed":false,"_relevanssi_hide_post":"","_relevanssi_hide_content":"","_relevanssi_pin_for_all":"","_relevanssi_pin_keywords":"panopto","_relevanssi_unpin_keywords":"","_relevanssi_related_keywords":"","_relevanssi_related_include_ids":"","_relevanssi_related_exclude_ids":"","_relevanssi_related_no_append":"","_relevanssi_related_not_related":"","_relevanssi_related_posts":"","_relevanssi_noindex_reason":"","footnotes":""},"categories":[],"tags":[],"class_list":["post-7","page","type-page","status-publish","hentry"],"acf":[],"yoast_head":"<!-- This site is optimized with the Yoast SEO plugin v27.3 - https:\/\/yoast.com\/product\/yoast-seo-wordpress\/ -->\n<title>Panopto - Panopto<\/title>\n<meta name=\"robots\" content=\"index, follow, max-snippet:-1, max-image-preview:large, max-video-preview:-1\" \/>\n<link rel=\"canonical\" href=\"https:\/\/help.jamk.fi\/panopto\/fi\/\" \/>\n<meta property=\"og:locale\" content=\"fi_FI\" \/>\n<meta property=\"og:type\" content=\"article\" \/>\n<meta property=\"og:title\" content=\"Panopto - Panopto\" \/>\n<meta property=\"og:url\" content=\"https:\/\/help.jamk.fi\/panopto\/fi\/\" \/>\n<meta property=\"og:site_name\" content=\"Panopto\" \/>\n<meta property=\"article:modified_time\" content=\"2025-07-16T09:04:36+00:00\" \/>\n<meta name=\"twitter:card\" content=\"summary_large_image\" \/>\n<script type=\"application\/ld+json\" class=\"yoast-schema-graph\">{\"@context\":\"https:\\\/\\\/schema.org\",\"@graph\":[{\"@type\":\"WebPage\",\"@id\":\"https:\\\/\\\/help.jamk.fi\\\/panopto\\\/fi\\\/\",\"url\":\"https:\\\/\\\/help.jamk.fi\\\/panopto\\\/fi\\\/\",\"name\":\"Panopto - Panopto\",\"isPartOf\":{\"@id\":\"https:\\\/\\\/help.jamk.fi\\\/panopto\\\/#website\"},\"datePublished\":\"2020-02-24T07:49:45+00:00\",\"dateModified\":\"2025-07-16T09:04:36+00:00\",\"breadcrumb\":{\"@id\":\"https:\\\/\\\/help.jamk.fi\\\/panopto\\\/fi\\\/#breadcrumb\"},\"inLanguage\":\"fi\",\"potentialAction\":[{\"@type\":\"ReadAction\",\"target\":[\"https:\\\/\\\/help.jamk.fi\\\/panopto\\\/fi\\\/\"]}]},{\"@type\":\"BreadcrumbList\",\"@id\":\"https:\\\/\\\/help.jamk.fi\\\/panopto\\\/fi\\\/#breadcrumb\",\"itemListElement\":[{\"@type\":\"ListItem\",\"position\":1,\"name\":\"Etusivu\",\"item\":\"https:\\\/\\\/help.jamk.fi\\\/panopto\\\/fi\\\/\"},{\"@type\":\"ListItem\",\"position\":2,\"name\":\"Panopto\"}]},{\"@type\":\"WebSite\",\"@id\":\"https:\\\/\\\/help.jamk.fi\\\/panopto\\\/#website\",\"url\":\"https:\\\/\\\/help.jamk.fi\\\/panopto\\\/\",\"name\":\"Panopto\",\"description\":\"\",\"potentialAction\":[{\"@type\":\"SearchAction\",\"target\":{\"@type\":\"EntryPoint\",\"urlTemplate\":\"https:\\\/\\\/help.jamk.fi\\\/panopto\\\/?s={search_term_string}\"},\"query-input\":{\"@type\":\"PropertyValueSpecification\",\"valueRequired\":true,\"valueName\":\"search_term_string\"}}],\"inLanguage\":\"fi\"}]}<\/script>\n<!-- \/ Yoast SEO plugin. -->","yoast_head_json":{"title":"Panopto - Panopto","robots":{"index":"index","follow":"follow","max-snippet":"max-snippet:-1","max-image-preview":"max-image-preview:large","max-video-preview":"max-video-preview:-1"},"canonical":"https:\/\/help.jamk.fi\/panopto\/fi\/","og_locale":"fi_FI","og_type":"article","og_title":"Panopto - Panopto","og_url":"https:\/\/help.jamk.fi\/panopto\/fi\/","og_site_name":"Panopto","article_modified_time":"2025-07-16T09:04:36+00:00","twitter_card":"summary_large_image","schema":{"@context":"https:\/\/schema.org","@graph":[{"@type":"WebPage","@id":"https:\/\/help.jamk.fi\/panopto\/fi\/","url":"https:\/\/help.jamk.fi\/panopto\/fi\/","name":"Panopto - Panopto","isPartOf":{"@id":"https:\/\/help.jamk.fi\/panopto\/#website"},"datePublished":"2020-02-24T07:49:45+00:00","dateModified":"2025-07-16T09:04:36+00:00","breadcrumb":{"@id":"https:\/\/help.jamk.fi\/panopto\/fi\/#breadcrumb"},"inLanguage":"fi","potentialAction":[{"@type":"ReadAction","target":["https:\/\/help.jamk.fi\/panopto\/fi\/"]}]},{"@type":"BreadcrumbList","@id":"https:\/\/help.jamk.fi\/panopto\/fi\/#breadcrumb","itemListElement":[{"@type":"ListItem","position":1,"name":"Etusivu","item":"https:\/\/help.jamk.fi\/panopto\/fi\/"},{"@type":"ListItem","position":2,"name":"Panopto"}]},{"@type":"WebSite","@id":"https:\/\/help.jamk.fi\/panopto\/#website","url":"https:\/\/help.jamk.fi\/panopto\/","name":"Panopto","description":"","potentialAction":[{"@type":"SearchAction","target":{"@type":"EntryPoint","urlTemplate":"https:\/\/help.jamk.fi\/panopto\/?s={search_term_string}"},"query-input":{"@type":"PropertyValueSpecification","valueRequired":true,"valueName":"search_term_string"}}],"inLanguage":"fi"}]}},"_links":{"self":[{"href":"https:\/\/help.jamk.fi\/panopto\/wp-json\/wp\/v2\/pages\/7","targetHints":{"allow":["GET"]}}],"collection":[{"href":"https:\/\/help.jamk.fi\/panopto\/wp-json\/wp\/v2\/pages"}],"about":[{"href":"https:\/\/help.jamk.fi\/panopto\/wp-json\/wp\/v2\/types\/page"}],"author":[{"embeddable":true,"href":"https:\/\/help.jamk.fi\/panopto\/wp-json\/wp\/v2\/users\/73"}],"replies":[{"embeddable":true,"href":"https:\/\/help.jamk.fi\/panopto\/wp-json\/wp\/v2\/comments?post=7"}],"version-history":[{"count":14,"href":"https:\/\/help.jamk.fi\/panopto\/wp-json\/wp\/v2\/pages\/7\/revisions"}],"predecessor-version":[{"id":586,"href":"https:\/\/help.jamk.fi\/panopto\/wp-json\/wp\/v2\/pages\/7\/revisions\/586"}],"wp:attachment":[{"href":"https:\/\/help.jamk.fi\/panopto\/wp-json\/wp\/v2\/media?parent=7"}],"wp:term":[{"taxonomy":"category","embeddable":true,"href":"https:\/\/help.jamk.fi\/panopto\/wp-json\/wp\/v2\/categories?post=7"},{"taxonomy":"post_tag","embeddable":true,"href":"https:\/\/help.jamk.fi\/panopto\/wp-json\/wp\/v2\/tags?post=7"}],"curies":[{"name":"wp","href":"https:\/\/api.w.org\/{rel}","templated":true}]}}