{"id":95,"date":"2022-10-10T08:42:06","date_gmt":"2022-10-10T05:42:06","guid":{"rendered":"https:\/\/help.jamk.fi\/panopto\/kuinka\/panopton-mobiilisovellus\/"},"modified":"2024-01-19T16:38:42","modified_gmt":"2024-01-19T14:38:42","slug":"panopton-mobiilisovellus","status":"publish","type":"page","link":"https:\/\/help.jamk.fi\/panopto\/fi\/kuinka\/panopton-mobiilisovellus\/","title":{"rendered":"Panopton mobiilisovellus"},"content":{"rendered":"\n<p>Voit ladata omalle mobiililaitteellesi Panopto-sovelluksen.<\/p>\n\n\n\n<ol class=\"wp-block-list\">\n<li>Etsi sovelluskaupastasi Panopto-sovellus ja lataa se laitteellesi.  <\/li>\n<\/ol>\n\n\n\n<figure class=\"wp-block-image size-full is-resized\"><img decoding=\"async\" src=\"https:\/\/help.jamk.fi\/panopto\/wp-content\/uploads\/sites\/88\/2023\/07\/Mobiilisovellus_kuva-1.jpg\" alt=\"\" class=\"wp-image-298\" style=\"width:333px;height:321px\"\/><\/figure>\n\n\n\n<p>2. Valitse<em> Enter a site manually<\/em> kolmen pisteen valikosta ja kirjoita sivuston osoitteeksi panopto.jamk.fi. <\/p>\n\n\n\n<figure class=\"wp-block-image size-large is-resized\"><img decoding=\"async\" src=\"https:\/\/help.jamk.fi\/panopto\/wp-content\/uploads\/sites\/88\/2023\/07\/Valitse-ensin-Jamkin-Panopto-3.jpg\" alt=\"\" class=\"wp-image-297\" style=\"width:337px;height:465px\"\/><\/figure>\n\n\n\n<figure class=\"wp-block-image size-large is-resized\"><img decoding=\"async\" src=\"https:\/\/help.jamk.fi\/panopto\/wp-content\/uploads\/sites\/88\/2023\/07\/Kirjoita-Jamkin-Panopton-sivusto-1.jpg\" alt=\"\" class=\"wp-image-299\" style=\"width:340px;height:457px\"\/><\/figure>\n\n\n\n<p>3. Valitse alasvetovalikosta Jyv\u00e4skyl\u00e4n ammattikorkeakoulu. <\/p>\n\n\n\n<figure class=\"wp-block-image size-large is-resized\"><img decoding=\"async\" src=\"https:\/\/help.jamk.fi\/panopto\/wp-content\/uploads\/sites\/88\/2023\/07\/Valitse-valikosta-Jamk-3.jpg\" alt=\"\" class=\"wp-image-301\" style=\"width:334px;height:252px\"\/><\/figure>\n\n\n\n<p>4. Kirjaudu omalla tunnuksella ja salasanalla. <\/p>\n\n\n\n<figure class=\"wp-block-image size-large is-resized\"><img decoding=\"async\" src=\"https:\/\/help.jamk.fi\/panopto\/wp-content\/uploads\/sites\/88\/2023\/07\/Kirjaudu-omilla-tunnuksillasi-2.jpg\" alt=\"\" class=\"wp-image-303\" style=\"width:363px;height:319px\"\/><\/figure>\n\n\n\n<p>5. Kun olet kirjautunut Panopto-sovellukseen, p\u00e4\u00e4set Jamkin Panopton eri kansioihin alakulman Browse-valikon kautta.  <\/p>\n\n\n\n<figure class=\"wp-block-image size-large is-resized\"><img decoding=\"async\" src=\"https:\/\/help.jamk.fi\/panopto\/wp-content\/uploads\/sites\/88\/2023\/07\/Nakyma-kirjautuneena-1.jpg\" alt=\"\" class=\"wp-image-305\" style=\"width:351px;height:719px\"\/><\/figure>\n","protected":false},"excerpt":{"rendered":"<p>Voit ladata omalle mobiililaitteellesi Panopto-sovelluksen. 2. Valitse Enter a site manually kolmen pisteen valikosta ja kirjoita sivuston osoitteeksi panopto.jamk.fi. 3. Valitse alasvetovalikosta Jyv\u00e4skyl\u00e4n ammattikorkeakoulu. 4. Kirjaudu omalla tunnuksella ja salasanalla. 5. Kun olet kirjautunut Panopto-sovellukseen, p\u00e4\u00e4set Jamkin Panopton eri kansioihin alakulman Browse-valikon kautta.<\/p>\n","protected":false},"author":73,"featured_media":0,"parent":34,"menu_order":2,"comment_status":"closed","ping_status":"closed","template":"","meta":{"_acf_changed":false,"_relevanssi_hide_post":"","_relevanssi_hide_content":"","_relevanssi_pin_for_all":"","_relevanssi_pin_keywords":"","_relevanssi_unpin_keywords":"","_relevanssi_related_keywords":"","_relevanssi_related_include_ids":"","_relevanssi_related_exclude_ids":"","_relevanssi_related_no_append":"","_relevanssi_related_not_related":"","_relevanssi_related_posts":"","_relevanssi_noindex_reason":"","footnotes":""},"categories":[],"tags":[],"class_list":["post-95","page","type-page","status-publish","hentry"],"acf":[],"yoast_head":"<!-- This site is optimized with the Yoast SEO plugin v27.3 - https:\/\/yoast.com\/product\/yoast-seo-wordpress\/ -->\n<title>Panopton mobiilisovellus - Panopto<\/title>\n<meta name=\"robots\" content=\"index, follow, max-snippet:-1, max-image-preview:large, max-video-preview:-1\" \/>\n<link rel=\"canonical\" href=\"https:\/\/help.jamk.fi\/panopto\/fi\/kuinka\/panopton-mobiilisovellus\/\" \/>\n<meta property=\"og:locale\" content=\"fi_FI\" \/>\n<meta property=\"og:type\" content=\"article\" \/>\n<meta property=\"og:title\" content=\"Panopton mobiilisovellus - Panopto\" \/>\n<meta property=\"og:description\" content=\"Voit ladata omalle mobiililaitteellesi Panopto-sovelluksen. 2. Valitse Enter a site manually kolmen pisteen valikosta ja kirjoita sivuston osoitteeksi panopto.jamk.fi. 3. Valitse alasvetovalikosta Jyv\u00e4skyl\u00e4n ammattikorkeakoulu. 4. Kirjaudu omalla tunnuksella ja salasanalla. 5. Kun olet kirjautunut Panopto-sovellukseen, p\u00e4\u00e4set Jamkin Panopton eri kansioihin alakulman Browse-valikon kautta.\" \/>\n<meta property=\"og:url\" content=\"https:\/\/help.jamk.fi\/panopto\/fi\/kuinka\/panopton-mobiilisovellus\/\" \/>\n<meta property=\"og:site_name\" content=\"Panopto\" \/>\n<meta property=\"article:modified_time\" content=\"2024-01-19T14:38:42+00:00\" \/>\n<meta property=\"og:image\" content=\"https:\/\/help.jamk.fi\/panopto\/wp-content\/uploads\/sites\/88\/2023\/07\/Mobiilisovellus_kuva-1.jpg\" \/>\n<meta name=\"twitter:card\" content=\"summary_large_image\" \/>\n<meta name=\"twitter:label1\" content=\"Arvioitu lukuaika\" \/>\n\t<meta name=\"twitter:data1\" content=\"2 minuuttia\" \/>\n<script type=\"application\/ld+json\" class=\"yoast-schema-graph\">{\"@context\":\"https:\\\/\\\/schema.org\",\"@graph\":[{\"@type\":\"WebPage\",\"@id\":\"https:\\\/\\\/help.jamk.fi\\\/panopto\\\/fi\\\/kuinka\\\/panopton-mobiilisovellus\\\/\",\"url\":\"https:\\\/\\\/help.jamk.fi\\\/panopto\\\/fi\\\/kuinka\\\/panopton-mobiilisovellus\\\/\",\"name\":\"Panopton mobiilisovellus - Panopto\",\"isPartOf\":{\"@id\":\"https:\\\/\\\/help.jamk.fi\\\/panopto\\\/#website\"},\"primaryImageOfPage\":{\"@id\":\"https:\\\/\\\/help.jamk.fi\\\/panopto\\\/fi\\\/kuinka\\\/panopton-mobiilisovellus\\\/#primaryimage\"},\"image\":{\"@id\":\"https:\\\/\\\/help.jamk.fi\\\/panopto\\\/fi\\\/kuinka\\\/panopton-mobiilisovellus\\\/#primaryimage\"},\"thumbnailUrl\":\"https:\\\/\\\/help.jamk.fi\\\/panopto\\\/wp-content\\\/uploads\\\/sites\\\/88\\\/2023\\\/07\\\/Mobiilisovellus_kuva-1.jpg\",\"datePublished\":\"2022-10-10T05:42:06+00:00\",\"dateModified\":\"2024-01-19T14:38:42+00:00\",\"breadcrumb\":{\"@id\":\"https:\\\/\\\/help.jamk.fi\\\/panopto\\\/fi\\\/kuinka\\\/panopton-mobiilisovellus\\\/#breadcrumb\"},\"inLanguage\":\"fi\",\"potentialAction\":[{\"@type\":\"ReadAction\",\"target\":[\"https:\\\/\\\/help.jamk.fi\\\/panopto\\\/fi\\\/kuinka\\\/panopton-mobiilisovellus\\\/\"]}]},{\"@type\":\"ImageObject\",\"inLanguage\":\"fi\",\"@id\":\"https:\\\/\\\/help.jamk.fi\\\/panopto\\\/fi\\\/kuinka\\\/panopton-mobiilisovellus\\\/#primaryimage\",\"url\":\"\",\"contentUrl\":\"\"},{\"@type\":\"BreadcrumbList\",\"@id\":\"https:\\\/\\\/help.jamk.fi\\\/panopto\\\/fi\\\/kuinka\\\/panopton-mobiilisovellus\\\/#breadcrumb\",\"itemListElement\":[{\"@type\":\"ListItem\",\"position\":1,\"name\":\"Etusivu\",\"item\":\"https:\\\/\\\/help.jamk.fi\\\/panopto\\\/fi\\\/\"},{\"@type\":\"ListItem\",\"position\":2,\"name\":\"Opiskelijalle\",\"item\":\"https:\\\/\\\/help.jamk.fi\\\/panopto\\\/fi\\\/kuinka\\\/\"},{\"@type\":\"ListItem\",\"position\":3,\"name\":\"Panopton mobiilisovellus\"}]},{\"@type\":\"WebSite\",\"@id\":\"https:\\\/\\\/help.jamk.fi\\\/panopto\\\/#website\",\"url\":\"https:\\\/\\\/help.jamk.fi\\\/panopto\\\/\",\"name\":\"Panopto\",\"description\":\"\",\"potentialAction\":[{\"@type\":\"SearchAction\",\"target\":{\"@type\":\"EntryPoint\",\"urlTemplate\":\"https:\\\/\\\/help.jamk.fi\\\/panopto\\\/?s={search_term_string}\"},\"query-input\":{\"@type\":\"PropertyValueSpecification\",\"valueRequired\":true,\"valueName\":\"search_term_string\"}}],\"inLanguage\":\"fi\"}]}<\/script>\n<!-- \/ Yoast SEO plugin. -->","yoast_head_json":{"title":"Panopton mobiilisovellus - Panopto","robots":{"index":"index","follow":"follow","max-snippet":"max-snippet:-1","max-image-preview":"max-image-preview:large","max-video-preview":"max-video-preview:-1"},"canonical":"https:\/\/help.jamk.fi\/panopto\/fi\/kuinka\/panopton-mobiilisovellus\/","og_locale":"fi_FI","og_type":"article","og_title":"Panopton mobiilisovellus - Panopto","og_description":"Voit ladata omalle mobiililaitteellesi Panopto-sovelluksen. 2. Valitse Enter a site manually kolmen pisteen valikosta ja kirjoita sivuston osoitteeksi panopto.jamk.fi. 3. Valitse alasvetovalikosta Jyv\u00e4skyl\u00e4n ammattikorkeakoulu. 4. Kirjaudu omalla tunnuksella ja salasanalla. 5. Kun olet kirjautunut Panopto-sovellukseen, p\u00e4\u00e4set Jamkin Panopton eri kansioihin alakulman Browse-valikon kautta.","og_url":"https:\/\/help.jamk.fi\/panopto\/fi\/kuinka\/panopton-mobiilisovellus\/","og_site_name":"Panopto","article_modified_time":"2024-01-19T14:38:42+00:00","og_image":[{"url":"https:\/\/help.jamk.fi\/panopto\/wp-content\/uploads\/sites\/88\/2023\/07\/Mobiilisovellus_kuva-1.jpg","type":"","width":"","height":""}],"twitter_card":"summary_large_image","twitter_misc":{"Arvioitu lukuaika":"2 minuuttia"},"schema":{"@context":"https:\/\/schema.org","@graph":[{"@type":"WebPage","@id":"https:\/\/help.jamk.fi\/panopto\/fi\/kuinka\/panopton-mobiilisovellus\/","url":"https:\/\/help.jamk.fi\/panopto\/fi\/kuinka\/panopton-mobiilisovellus\/","name":"Panopton mobiilisovellus - Panopto","isPartOf":{"@id":"https:\/\/help.jamk.fi\/panopto\/#website"},"primaryImageOfPage":{"@id":"https:\/\/help.jamk.fi\/panopto\/fi\/kuinka\/panopton-mobiilisovellus\/#primaryimage"},"image":{"@id":"https:\/\/help.jamk.fi\/panopto\/fi\/kuinka\/panopton-mobiilisovellus\/#primaryimage"},"thumbnailUrl":"https:\/\/help.jamk.fi\/panopto\/wp-content\/uploads\/sites\/88\/2023\/07\/Mobiilisovellus_kuva-1.jpg","datePublished":"2022-10-10T05:42:06+00:00","dateModified":"2024-01-19T14:38:42+00:00","breadcrumb":{"@id":"https:\/\/help.jamk.fi\/panopto\/fi\/kuinka\/panopton-mobiilisovellus\/#breadcrumb"},"inLanguage":"fi","potentialAction":[{"@type":"ReadAction","target":["https:\/\/help.jamk.fi\/panopto\/fi\/kuinka\/panopton-mobiilisovellus\/"]}]},{"@type":"ImageObject","inLanguage":"fi","@id":"https:\/\/help.jamk.fi\/panopto\/fi\/kuinka\/panopton-mobiilisovellus\/#primaryimage","url":"","contentUrl":""},{"@type":"BreadcrumbList","@id":"https:\/\/help.jamk.fi\/panopto\/fi\/kuinka\/panopton-mobiilisovellus\/#breadcrumb","itemListElement":[{"@type":"ListItem","position":1,"name":"Etusivu","item":"https:\/\/help.jamk.fi\/panopto\/fi\/"},{"@type":"ListItem","position":2,"name":"Opiskelijalle","item":"https:\/\/help.jamk.fi\/panopto\/fi\/kuinka\/"},{"@type":"ListItem","position":3,"name":"Panopton mobiilisovellus"}]},{"@type":"WebSite","@id":"https:\/\/help.jamk.fi\/panopto\/#website","url":"https:\/\/help.jamk.fi\/panopto\/","name":"Panopto","description":"","potentialAction":[{"@type":"SearchAction","target":{"@type":"EntryPoint","urlTemplate":"https:\/\/help.jamk.fi\/panopto\/?s={search_term_string}"},"query-input":{"@type":"PropertyValueSpecification","valueRequired":true,"valueName":"search_term_string"}}],"inLanguage":"fi"}]}},"_links":{"self":[{"href":"https:\/\/help.jamk.fi\/panopto\/wp-json\/wp\/v2\/pages\/95","targetHints":{"allow":["GET"]}}],"collection":[{"href":"https:\/\/help.jamk.fi\/panopto\/wp-json\/wp\/v2\/pages"}],"about":[{"href":"https:\/\/help.jamk.fi\/panopto\/wp-json\/wp\/v2\/types\/page"}],"author":[{"embeddable":true,"href":"https:\/\/help.jamk.fi\/panopto\/wp-json\/wp\/v2\/users\/73"}],"replies":[{"embeddable":true,"href":"https:\/\/help.jamk.fi\/panopto\/wp-json\/wp\/v2\/comments?post=95"}],"version-history":[{"count":4,"href":"https:\/\/help.jamk.fi\/panopto\/wp-json\/wp\/v2\/pages\/95\/revisions"}],"predecessor-version":[{"id":528,"href":"https:\/\/help.jamk.fi\/panopto\/wp-json\/wp\/v2\/pages\/95\/revisions\/528"}],"up":[{"embeddable":true,"href":"https:\/\/help.jamk.fi\/panopto\/wp-json\/wp\/v2\/pages\/34"}],"wp:attachment":[{"href":"https:\/\/help.jamk.fi\/panopto\/wp-json\/wp\/v2\/media?parent=95"}],"wp:term":[{"taxonomy":"category","embeddable":true,"href":"https:\/\/help.jamk.fi\/panopto\/wp-json\/wp\/v2\/categories?post=95"},{"taxonomy":"post_tag","embeddable":true,"href":"https:\/\/help.jamk.fi\/panopto\/wp-json\/wp\/v2\/tags?post=95"}],"curies":[{"name":"wp","href":"https:\/\/api.w.org\/{rel}","templated":true}]}}