{"id":4510,"date":"2019-11-05T12:36:50","date_gmt":"2019-11-05T10:36:50","guid":{"rendered":"https:\/\/help.jamk.fi\/peppi-ohjeet-henkilokunnalle\/opetussuunnittelu\/"},"modified":"2024-09-12T12:47:58","modified_gmt":"2024-09-12T09:47:58","slug":"opetussuunnittelu","status":"publish","type":"page","link":"https:\/\/help.jamk.fi\/peppi-ohjeet-henkilokunnalle\/fi\/opetussuunnittelu\/","title":{"rendered":"Opetussuunnittelu"},"content":{"rendered":"\n<p>Pepin Suunnittelijan ty\u00f6p\u00f6yd\u00e4ll\u00e4 Opetussuunnittelu -osiossa hallitaan opetussuunnitelmia sek\u00e4 niiden sis\u00e4lt\u00e4mi\u00e4 elementtej\u00e4: opintojaksoja, opintokokonaisuuksia sek\u00e4 erillisi\u00e4 opintokokonaisuuksia. Osiossa hallinnoidaan my\u00f6s rakennetta, opintojen ajoitusta, opintopolkuja ja j\u00e4sentelyj\u00e4.<\/p>\n\n\n\n<p>Opetussuunnittelu alkaa opetussuunnitelmien tekemisest\u00e4. Opetussuunnitelmat tehd\u00e4\u00e4n Jamkissa jokaiselle aloittavalle ryhm\u00e4lle tutkinto-ohjelmittain. Opetussuunnitelmia tekev\u00e4t Jamkissa p\u00e4\u00e4s\u00e4\u00e4nt\u00f6isesti tutkintovastaavat. My\u00f6s erikoistumiskoulutuksiin, AOKKin opettajan, erityisopettajan ja ohjaajan koulutuksiin tehd\u00e4\u00e4n opetussuunnitelmat vuosittain.<\/p>\n\n\n\n<h2 class=\"wp-block-heading\">K\u00e4\u00e4nn\u00f6kset<\/h2>\n\n\n\n<p>Tutkinto-ohjelman vastuulla on k\u00e4\u00e4nn\u00e4tt\u00e4\u00e4 seuraavat suomenkielisten tutkintojen tekstit englanniksi:<\/p>\n\n\n\n<ul class=\"wp-block-list\">\n<li>tutkintojen osaamiskuvaukset (j\u00e4sentely)<\/li>\n\n\n\n<li>opintojaksojen ja toteutusten kuvaukset<\/li>\n\n\n\n<li>opintokokonaisuuksien kuvaukset<\/li>\n<\/ul>\n\n\n\n<p>Tutkintojen kuvaukset k\u00e4\u00e4nn\u00e4tet\u00e4\u00e4n keskitetysti Koukessa.<\/p>\n","protected":false},"excerpt":{"rendered":"<p>Pepin Suunnittelijan ty\u00f6p\u00f6yd\u00e4ll\u00e4 Opetussuunnittelu -osiossa hallitaan opetussuunnitelmia sek\u00e4 niiden sis\u00e4lt\u00e4mi\u00e4 elementtej\u00e4: opintojaksoja, opintokokonaisuuksia sek\u00e4 erillisi\u00e4 opintokokonaisuuksia. Osiossa hallinnoidaan my\u00f6s rakennetta, opintojen ajoitusta, opintopolkuja ja j\u00e4sentelyj\u00e4. Opetussuunnittelu alkaa opetussuunnitelmien tekemisest\u00e4. Opetussuunnitelmat tehd\u00e4\u00e4n Jamkissa jokaiselle aloittavalle ryhm\u00e4lle tutkinto-ohjelmittain. Opetussuunnitelmia tekev\u00e4t Jamkissa p\u00e4\u00e4s\u00e4\u00e4nt\u00f6isesti tutkintovastaavat. My\u00f6s erikoistumiskoulutuksiin, AOKKin opettajan, erityisopettajan ja ohjaajan koulutuksiin tehd\u00e4\u00e4n opetussuunnitelmat vuosittain. K\u00e4\u00e4nn\u00f6kset Tutkinto-ohjelman vastuulla [&hellip;]<\/p>\n","protected":false},"author":79,"featured_media":0,"parent":0,"menu_order":0,"comment_status":"closed","ping_status":"open","template":"","meta":{"_acf_changed":false,"_relevanssi_hide_post":"","_relevanssi_hide_content":"","_relevanssi_pin_for_all":"","_relevanssi_pin_keywords":"","_relevanssi_unpin_keywords":"","_relevanssi_related_keywords":"","_relevanssi_related_include_ids":"","_relevanssi_related_exclude_ids":"","_relevanssi_related_no_append":"","_relevanssi_related_not_related":"","_relevanssi_related_posts":"","_relevanssi_noindex_reason":"","footnotes":""},"categories":[1],"tags":[],"class_list":["post-4510","page","type-page","status-publish","hentry","category-uncategorised"],"acf":[],"yoast_head":"<!-- This site is optimized with the Yoast SEO plugin v27.4 - https:\/\/yoast.com\/product\/yoast-seo-wordpress\/ -->\n<title>Opetussuunnittelu - Peppi-ohjeet henkil\u00f6kunnalle<\/title>\n<meta name=\"robots\" content=\"index, follow, max-snippet:-1, max-image-preview:large, max-video-preview:-1\" \/>\n<link rel=\"canonical\" href=\"https:\/\/help.jamk.fi\/peppi-ohjeet-henkilokunnalle\/fi\/opetussuunnittelu\/\" \/>\n<meta property=\"og:locale\" content=\"fi_FI\" \/>\n<meta property=\"og:type\" content=\"article\" \/>\n<meta property=\"og:title\" content=\"Opetussuunnittelu - Peppi-ohjeet henkil\u00f6kunnalle\" \/>\n<meta property=\"og:description\" content=\"Pepin Suunnittelijan ty\u00f6p\u00f6yd\u00e4ll\u00e4 Opetussuunnittelu -osiossa hallitaan opetussuunnitelmia sek\u00e4 niiden sis\u00e4lt\u00e4mi\u00e4 elementtej\u00e4: opintojaksoja, opintokokonaisuuksia sek\u00e4 erillisi\u00e4 opintokokonaisuuksia. Osiossa hallinnoidaan my\u00f6s rakennetta, opintojen ajoitusta, opintopolkuja ja j\u00e4sentelyj\u00e4. Opetussuunnittelu alkaa opetussuunnitelmien tekemisest\u00e4. Opetussuunnitelmat tehd\u00e4\u00e4n Jamkissa jokaiselle aloittavalle ryhm\u00e4lle tutkinto-ohjelmittain. Opetussuunnitelmia tekev\u00e4t Jamkissa p\u00e4\u00e4s\u00e4\u00e4nt\u00f6isesti tutkintovastaavat. My\u00f6s erikoistumiskoulutuksiin, AOKKin opettajan, erityisopettajan ja ohjaajan koulutuksiin tehd\u00e4\u00e4n opetussuunnitelmat vuosittain. K\u00e4\u00e4nn\u00f6kset Tutkinto-ohjelman vastuulla [&hellip;]\" \/>\n<meta property=\"og:url\" content=\"https:\/\/help.jamk.fi\/peppi-ohjeet-henkilokunnalle\/fi\/opetussuunnittelu\/\" \/>\n<meta property=\"og:site_name\" content=\"Peppi-ohjeet henkil\u00f6kunnalle\" \/>\n<meta property=\"article:modified_time\" content=\"2024-09-12T09:47:58+00:00\" \/>\n<meta name=\"twitter:card\" content=\"summary_large_image\" \/>\n<meta name=\"twitter:label1\" content=\"Arvioitu lukuaika\" \/>\n\t<meta name=\"twitter:data1\" content=\"1 minuutti\" \/>\n<script type=\"application\/ld+json\" class=\"yoast-schema-graph\">{\"@context\":\"https:\\\/\\\/schema.org\",\"@graph\":[{\"@type\":\"WebPage\",\"@id\":\"https:\\\/\\\/help.jamk.fi\\\/peppi-ohjeet-henkilokunnalle\\\/fi\\\/opetussuunnittelu\\\/\",\"url\":\"https:\\\/\\\/help.jamk.fi\\\/peppi-ohjeet-henkilokunnalle\\\/fi\\\/opetussuunnittelu\\\/\",\"name\":\"Opetussuunnittelu - Peppi-ohjeet henkil\u00f6kunnalle\",\"isPartOf\":{\"@id\":\"https:\\\/\\\/help.jamk.fi\\\/peppi-ohjeet-henkilokunnalle\\\/#website\"},\"datePublished\":\"2019-11-05T10:36:50+00:00\",\"dateModified\":\"2024-09-12T09:47:58+00:00\",\"breadcrumb\":{\"@id\":\"https:\\\/\\\/help.jamk.fi\\\/peppi-ohjeet-henkilokunnalle\\\/fi\\\/opetussuunnittelu\\\/#breadcrumb\"},\"inLanguage\":\"fi\",\"potentialAction\":[{\"@type\":\"ReadAction\",\"target\":[\"https:\\\/\\\/help.jamk.fi\\\/peppi-ohjeet-henkilokunnalle\\\/fi\\\/opetussuunnittelu\\\/\"]}]},{\"@type\":\"BreadcrumbList\",\"@id\":\"https:\\\/\\\/help.jamk.fi\\\/peppi-ohjeet-henkilokunnalle\\\/fi\\\/opetussuunnittelu\\\/#breadcrumb\",\"itemListElement\":[{\"@type\":\"ListItem\",\"position\":1,\"name\":\"Home\",\"item\":\"https:\\\/\\\/help.jamk.fi\\\/peppi-ohjeet-henkilokunnalle\\\/en\\\/\"},{\"@type\":\"ListItem\",\"position\":2,\"name\":\"Opetussuunnittelu\"}]},{\"@type\":\"WebSite\",\"@id\":\"https:\\\/\\\/help.jamk.fi\\\/peppi-ohjeet-henkilokunnalle\\\/#website\",\"url\":\"https:\\\/\\\/help.jamk.fi\\\/peppi-ohjeet-henkilokunnalle\\\/\",\"name\":\"Peppi-ohjeet henkil\u00f6kunnalle\",\"description\":\"\",\"potentialAction\":[{\"@type\":\"SearchAction\",\"target\":{\"@type\":\"EntryPoint\",\"urlTemplate\":\"https:\\\/\\\/help.jamk.fi\\\/peppi-ohjeet-henkilokunnalle\\\/?s={search_term_string}\"},\"query-input\":{\"@type\":\"PropertyValueSpecification\",\"valueRequired\":true,\"valueName\":\"search_term_string\"}}],\"inLanguage\":\"fi\"}]}<\/script>\n<!-- \/ Yoast SEO plugin. -->","yoast_head_json":{"title":"Opetussuunnittelu - Peppi-ohjeet henkil\u00f6kunnalle","robots":{"index":"index","follow":"follow","max-snippet":"max-snippet:-1","max-image-preview":"max-image-preview:large","max-video-preview":"max-video-preview:-1"},"canonical":"https:\/\/help.jamk.fi\/peppi-ohjeet-henkilokunnalle\/fi\/opetussuunnittelu\/","og_locale":"fi_FI","og_type":"article","og_title":"Opetussuunnittelu - Peppi-ohjeet henkil\u00f6kunnalle","og_description":"Pepin Suunnittelijan ty\u00f6p\u00f6yd\u00e4ll\u00e4 Opetussuunnittelu -osiossa hallitaan opetussuunnitelmia sek\u00e4 niiden sis\u00e4lt\u00e4mi\u00e4 elementtej\u00e4: opintojaksoja, opintokokonaisuuksia sek\u00e4 erillisi\u00e4 opintokokonaisuuksia. Osiossa hallinnoidaan my\u00f6s rakennetta, opintojen ajoitusta, opintopolkuja ja j\u00e4sentelyj\u00e4. Opetussuunnittelu alkaa opetussuunnitelmien tekemisest\u00e4. Opetussuunnitelmat tehd\u00e4\u00e4n Jamkissa jokaiselle aloittavalle ryhm\u00e4lle tutkinto-ohjelmittain. Opetussuunnitelmia tekev\u00e4t Jamkissa p\u00e4\u00e4s\u00e4\u00e4nt\u00f6isesti tutkintovastaavat. My\u00f6s erikoistumiskoulutuksiin, AOKKin opettajan, erityisopettajan ja ohjaajan koulutuksiin tehd\u00e4\u00e4n opetussuunnitelmat vuosittain. K\u00e4\u00e4nn\u00f6kset Tutkinto-ohjelman vastuulla [&hellip;]","og_url":"https:\/\/help.jamk.fi\/peppi-ohjeet-henkilokunnalle\/fi\/opetussuunnittelu\/","og_site_name":"Peppi-ohjeet henkil\u00f6kunnalle","article_modified_time":"2024-09-12T09:47:58+00:00","twitter_card":"summary_large_image","twitter_misc":{"Arvioitu lukuaika":"1 minuutti"},"schema":{"@context":"https:\/\/schema.org","@graph":[{"@type":"WebPage","@id":"https:\/\/help.jamk.fi\/peppi-ohjeet-henkilokunnalle\/fi\/opetussuunnittelu\/","url":"https:\/\/help.jamk.fi\/peppi-ohjeet-henkilokunnalle\/fi\/opetussuunnittelu\/","name":"Opetussuunnittelu - Peppi-ohjeet henkil\u00f6kunnalle","isPartOf":{"@id":"https:\/\/help.jamk.fi\/peppi-ohjeet-henkilokunnalle\/#website"},"datePublished":"2019-11-05T10:36:50+00:00","dateModified":"2024-09-12T09:47:58+00:00","breadcrumb":{"@id":"https:\/\/help.jamk.fi\/peppi-ohjeet-henkilokunnalle\/fi\/opetussuunnittelu\/#breadcrumb"},"inLanguage":"fi","potentialAction":[{"@type":"ReadAction","target":["https:\/\/help.jamk.fi\/peppi-ohjeet-henkilokunnalle\/fi\/opetussuunnittelu\/"]}]},{"@type":"BreadcrumbList","@id":"https:\/\/help.jamk.fi\/peppi-ohjeet-henkilokunnalle\/fi\/opetussuunnittelu\/#breadcrumb","itemListElement":[{"@type":"ListItem","position":1,"name":"Home","item":"https:\/\/help.jamk.fi\/peppi-ohjeet-henkilokunnalle\/en\/"},{"@type":"ListItem","position":2,"name":"Opetussuunnittelu"}]},{"@type":"WebSite","@id":"https:\/\/help.jamk.fi\/peppi-ohjeet-henkilokunnalle\/#website","url":"https:\/\/help.jamk.fi\/peppi-ohjeet-henkilokunnalle\/","name":"Peppi-ohjeet henkil\u00f6kunnalle","description":"","potentialAction":[{"@type":"SearchAction","target":{"@type":"EntryPoint","urlTemplate":"https:\/\/help.jamk.fi\/peppi-ohjeet-henkilokunnalle\/?s={search_term_string}"},"query-input":{"@type":"PropertyValueSpecification","valueRequired":true,"valueName":"search_term_string"}}],"inLanguage":"fi"}]}},"_links":{"self":[{"href":"https:\/\/help.jamk.fi\/peppi-ohjeet-henkilokunnalle\/wp-json\/wp\/v2\/pages\/4510","targetHints":{"allow":["GET"]}}],"collection":[{"href":"https:\/\/help.jamk.fi\/peppi-ohjeet-henkilokunnalle\/wp-json\/wp\/v2\/pages"}],"about":[{"href":"https:\/\/help.jamk.fi\/peppi-ohjeet-henkilokunnalle\/wp-json\/wp\/v2\/types\/page"}],"author":[{"embeddable":true,"href":"https:\/\/help.jamk.fi\/peppi-ohjeet-henkilokunnalle\/wp-json\/wp\/v2\/users\/79"}],"replies":[{"embeddable":true,"href":"https:\/\/help.jamk.fi\/peppi-ohjeet-henkilokunnalle\/wp-json\/wp\/v2\/comments?post=4510"}],"version-history":[{"count":3,"href":"https:\/\/help.jamk.fi\/peppi-ohjeet-henkilokunnalle\/wp-json\/wp\/v2\/pages\/4510\/revisions"}],"predecessor-version":[{"id":6279,"href":"https:\/\/help.jamk.fi\/peppi-ohjeet-henkilokunnalle\/wp-json\/wp\/v2\/pages\/4510\/revisions\/6279"}],"wp:attachment":[{"href":"https:\/\/help.jamk.fi\/peppi-ohjeet-henkilokunnalle\/wp-json\/wp\/v2\/media?parent=4510"}],"wp:term":[{"taxonomy":"category","embeddable":true,"href":"https:\/\/help.jamk.fi\/peppi-ohjeet-henkilokunnalle\/wp-json\/wp\/v2\/categories?post=4510"},{"taxonomy":"post_tag","embeddable":true,"href":"https:\/\/help.jamk.fi\/peppi-ohjeet-henkilokunnalle\/wp-json\/wp\/v2\/tags?post=4510"}],"curies":[{"name":"wp","href":"https:\/\/api.w.org\/{rel}","templated":true}]}}