{"id":4514,"date":"2019-11-06T10:57:07","date_gmt":"2019-11-06T08:57:07","guid":{"rendered":"https:\/\/help.jamk.fi\/peppi-ohjeet-henkilokunnalle\/resurssien-suunnittelu-ja-varaus\/lukujarjestysten-teko\/"},"modified":"2026-02-23T08:16:02","modified_gmt":"2026-02-23T06:16:02","slug":"lukujarjestysten-teko","status":"publish","type":"page","link":"https:\/\/help.jamk.fi\/peppi-ohjeet-henkilokunnalle\/fi\/resurssien-suunnittelu-ja-varaus\/lukujarjestysten-teko\/","title":{"rendered":"Lukuj\u00e4rjestysten teko"},"content":{"rendered":"\n<p>Pepiss\u00e4 ty\u00f6j\u00e4rjestyssuunnittelu tehd\u00e4\u00e4n opintojaksototeutuksien (kurssien) avulla. Vuosisuunnittelun puolella opintojaksototeutuksiin on liitetty eri resursseja ja t\u00e4t\u00e4 aiempaa suunnittelua hy\u00f6dynnet\u00e4\u00e4n suoraan my\u00f6s lukuj\u00e4rjestyssuunnittelussa. Opettajat merkitsev\u00e4t toteutuksiin omat rytmitys- ja tilatarpeensa, joita hy\u00f6dynnet\u00e4\u00e4n lukuj\u00e4rjestysten teon pohjana. <a href=\"https:\/\/help.jamk.fi\/peppi-ohjeet-henkilokunnalle\/fi\/opettajan-ohjeet\/toteutuksen-rytmitys-ja-tilatoiveet-opettajan-ohje\/\" target=\"_blank\" rel=\"noreferrer noopener\">Lue lis\u00e4\u00e4, kuinka rytmitys- ja tilatarpeet tehd\u00e4\u00e4n.<\/a><\/p>\n\n\n\n<p>Lukuj\u00e4rjestysvaraukset tehd\u00e4\u00e4n ensiksi <em>Luonnos<\/em>-tilassa. T\u00e4ll\u00f6in lukuj\u00e4rjestykset n\u00e4kyv\u00e4t pelk\u00e4st\u00e4\u00e4n lukuj\u00e4rjestysten tekij\u00f6ille. Kun olet tehnyt kaikki lukuj\u00e4rjestysvaraukset, <a href=\"https:\/\/help.jamk.fi\/peppi-ohjeet-henkilokunnalle\/fi\/resurssien-suunnittelu-ja-varaus\/varausten-listaus-ja-massahallinta\/\">voit muuttaa ne massamuokkauksena <em>Ehdotus<\/em>-tilaan<\/a>, jolloin ne n\u00e4kyv\u00e4t opettajille. Kun vaihdat varaukset <em>Julkais<\/em>tu-tilaan, ne n\u00e4kyv\u00e4t my\u00f6s opiskelijoille.<\/p>\n\n\n\n<ul class=\"wp-block-list\">\n<li>Ohjeet varausten tekoon ovat sivulla <a href=\"https:\/\/help.jamk.fi\/peppi-ohjeet-henkilokunnalle\/fi\/resurssien-suunnittelu-ja-varaus\/lukujarjestysten-teko\/lukujarjestysvarausten-tekeminen\/\">Lukuj\u00e4rjestysten tekeminen<\/a><\/li>\n\n\n\n<li><a href=\"https:\/\/help.jamk.fi\/peppi-ohjeet-henkilokunnalle\/fi\/resurssien-suunnittelu-ja-varaus\/lukujarjestysten-teko\/esimerkkeja-varausten-teosta\/\">Esimerkkiohjeita ja -videoita erilaisista varauksista on koottu t\u00e4lle sivulle<\/a><\/li>\n\n\n\n<li>Lukuj\u00e4rjestysten teko on keskitetty yksik\u00f6ihin nimetyille henkil\u00f6ille, yleens\u00e4 koulutuskoordinaattorille. <a href=\"https:\/\/help.jamk.fi\/peppi-ohjeet-henkilokunnalle\/fi\/opettajan-ohjeet\/opettajan-lukujarjestysvaraukset\/opettajan-lukujarjestyksien-muokkaus\/\">Opettajilla on jonkin verran muokkausoikeuksia omiin lukuj\u00e4rjestyksiins\u00e4<\/a>.<\/li>\n<\/ul>\n\n\n\n<h2 class=\"wp-block-heading\">1 Lukuj\u00e4rjestyksen teon n\u00e4kym\u00e4t<\/h2>\n\n\n\n<p>Suunnittele ja tee opetuksen varauksia -perusn\u00e4kym\u00e4 koostuu muutamasta kokonaisuudesta, jotka ovat v\u00e4lilehdet, toteutukset (valikot) ja resurssit, joille teet varausta (vihre\u00e4ll\u00e4 pohjalla olevat kohdat).<\/p>\n\n\n\n<p><iframe loading=\"lazy\" style=\"padding: 0px; border: 1px solid #464646;\" src=\"https:\/\/panopto.jamk.fi\/Panopto\/Pages\/Embed.aspx?id=2dac3d35-3613-4ee5-9e0d-ab970135b4b4&amp;v=1\" width=\"720\" height=\"405\" frameborder=\"0\" allowfullscreen=\"allowfullscreen\"><\/iframe><\/p>\n\n\n\n<figure class=\"wp-block-image\"><img loading=\"lazy\" decoding=\"async\" width=\"480\" height=\"584\" src=\"https:\/\/help.jamk.fi\/peppi-ohjeet-henkilokunnalle\/wp-content\/uploads\/sites\/131\/2019\/12\/SUunnittele-ja-tee-opetuksen-varauksia.jpg\" alt=\"Lukkarivarauksia tehdess\u00e4 toteutuksen tiedot tulevat automaattisesti mukaan, my\u00f6s opettajan rytmitystoiveet\" class=\"wp-image-320\"\/><\/figure>\n\n\n\n<h3 class=\"wp-block-heading\">1.1 V\u00e4lilehdet<\/h3>\n\n\n\n<figure class=\"wp-block-image\"><img loading=\"lazy\" decoding=\"async\" width=\"640\" height=\"61\" src=\"https:\/\/help.jamk.fi\/peppi-ohjeet-henkilokunnalle\/wp-content\/uploads\/sites\/131\/2019\/12\/Valilehdet.jpg\" alt=\"Kuva eri v\u00e4lilehdist\u00e4 Suunnittele ja tee opetuksen varauksia osioista\" class=\"wp-image-330\"\/><\/figure>\n\n\n\n<p>N\u00e4iden v\u00e4lilehtien avulla voit m\u00e4\u00e4ritt\u00e4\u00e4, kenen n\u00e4k\u00f6kulmasta haluat suunnitella lukuj\u00e4rjestyksi\u00e4 \u2013 tarkemmin ottaen kenen n\u00e4k\u00f6kulmasta haluat hakea toteutuksia. Toimintaperiaate on kaikilla v\u00e4lilehdill\u00e4 muuten sama, mutta eroa syntyy toteutuksien valitsemisessa, sill\u00e4 se riippuu v\u00e4lilehdest\u00e4.<\/p>\n\n\n\n<ul class=\"wp-block-list\">\n<li><strong>Omat toteutukset<\/strong> -v\u00e4lilehden kautta l\u00f6ytyy automaattisesti omat k\u00e4ynniss\u00e4 olevat ja tulevat toteutukset. Sen lis\u00e4ksi v\u00e4lilehdelt\u00e4 l\u00f6ytyy kaikki omat suosikkilistasi toteutuksista. <a href=\"https:\/\/help.jamk.fi\/peppi-ohjeet-henkilokunnalle\/fi\/resurssien-suunnittelu-ja-varaus\/suosikkilistat-ja-resurssijoukot\/\">Suosikkilistoja voi tehd\u00e4 p\u00e4\u00e4n\u00e4kym\u00e4n <em>\u201cM\u00e4\u00e4rittele resurssijoukot ja suosikit\u201d<\/em> -toiminnon kautta<\/a>.<\/li>\n\n\n\n<li><strong>Ryhm\u00e4n toteutukset<\/strong> -v\u00e4lilehden kautta voi sy\u00f6tt\u00e4\u00e4 ryhm\u00e4n tunnuksen, jonka j\u00e4lkeen alempaan Valitse toteutus -pudotusvalikkoon t\u00e4ydentyy kyseisen ryhm\u00e4n meneill\u00e4\u00e4n olevat ja tulevat toteutukset valittavaksi. Jos toteutuksille on m\u00e4\u00e4ritelty rytmitys ja tilatoiveet, saat valittua ne Valitse pohja -valikosta.<\/li>\n\n\n\n<li><strong>Opettajan toteutukset<\/strong> -v\u00e4lilehden kautta voi sy\u00f6tt\u00e4\u00e4 opettajan nimen, jonka j\u00e4lkeen alempaan Valitse toteutus -pudotusvalikkoon t\u00e4ydentyy kyseisen opettajan meneill\u00e4\u00e4n olevat ja tulevat toteutukset valittavaksi. Jos toteutuksille on m\u00e4\u00e4ritelty rytmitys ja tilatoiveet, saat valittua ne Valitse pohja -valikosta.<\/li>\n\n\n\n<li><strong>OPSien toteutukset<\/strong> -v\u00e4lilehden kautta voit suunnitella OPS-l\u00e4ht\u00f6isesti.<\/li>\n<\/ul>\n\n\n\n<h3 class=\"wp-block-heading\">1.2 Valitse toteutus<\/h3>\n\n\n\n<ul class=\"wp-block-list\">\n<li>T\u00e4ss\u00e4 kohdassa valitaan toteutus, jonka perusteella kohdan 2.3 kent\u00e4t t\u00e4ydentyv\u00e4t. Toteutuksen valinta riippuu hieman siit\u00e4, mink\u00e4 v\u00e4lilehden on valinnut, mutta valinta tapahtuu kaikilla v\u00e4lilehdill\u00e4 samalla idealla: ylimp\u00e4\u00e4n kentt\u00e4\u00e4n valitaan haluttu lista, joka voi olla esim. oma tallennettu lista, tietyn ryhm\u00e4n toteutukset tai tietyn opettajan toteutukset. Jos toteutuksille on m\u00e4\u00e4ritelty rytmitys- ja tilatarpeet, saat valittua ne Valitse pohja -valikosta.<\/li>\n\n\n\n<li>Alempaan pudotusvalikkoon t\u00e4ydentyy nyt \u00e4sken valitsemasi listan toteutukset. Valitse toteutus, jolle haluat tehd\u00e4 varauksen (kalenterimerkinn\u00e4n).<\/li>\n\n\n\n<li>Toteutuksia voi lis\u00e4t\u00e4 j\u00e4lkik\u00e4teen jo tehtyyn varaukseen.<\/li>\n<\/ul>\n\n\n\n<h3 class=\"wp-block-heading\">1.3 Resurssit, joille teen varausta<\/h3>\n\n\n\n<ul class=\"wp-block-list\">\n<li>Edellisess\u00e4 kohdassa valitun toteutuksen resurssit p\u00e4ivittyv\u00e4t t\u00e4m\u00e4n kohdan kenttiin (vihre\u00e4 laatikko). Resursseja ovat mm. toteutus, ryhm\u00e4t, opettajat (henkil\u00f6t).<\/li>\n\n\n\n<li>Toteutuksen tietojen lis\u00e4ksi voit valita my\u00f6s tilan ja\/tai v\u00e4lineen<\/li>\n\n\n\n<li>My\u00f6s kalenterin\u00e4kym\u00e4 p\u00e4ivittyy n\u00e4iden resurssien osalta eli n\u00e4et suoraan kaikkien t\u00e4ss\u00e4 kohdassa olevien resurssien kalenterin \u201cp\u00e4\u00e4llekk\u00e4in\u201d kalenterissa. Kun n\u00e4et kalenterissa tyhj\u00e4n kohdan, tied\u00e4t ett\u00e4 kaikilla valituilla resursseilla on tyhj\u00e4\u00e4 kalenterissa ja siihen kohtaan voi tehd\u00e4 varauksen.<\/li>\n\n\n\n<li>Tarvittaessa voit valita tilan vasta varauslomakkeella<\/li>\n\n\n\n<li>Resurssin vieress\u00e4 olevasta rastista saat poistettua ylim\u00e4\u00e4r\u00e4iset resurssit \u2013 esimerkiksi kun olet tekem\u00e4ss\u00e4 varausta toteutukselle, jolla on monta opettajaa, mutta haluat varauksen koskevan vain yht\u00e4 n\u00e4ist\u00e4 opettajista.<\/li>\n<\/ul>\n\n\n\n<h4 class=\"wp-block-heading\">Resurssien kiinnitys<\/h4>\n\n\n\n<p>Voit kiinnitt\u00e4\u00e4 &#8221;Resurssit joille teen varausta&#8221; osioon valitut resurssit niin, ettei mik\u00e4\u00e4n n\u00e4kym\u00e4ss\u00e4 tehty toiminto muuta kiinnitettyj\u00e4 resursseja.<\/p>\n\n\n\n<ul class=\"wp-block-list\">\n<li>Kiinnitys valitaan klikkaamalla auki olevaan lukko-ikonia, jolloin Resurssit joille teen varausta muuttuu lukutilaan ja lukko-ikoni vaihtuu lukituksi.<\/li>\n\n\n\n<li> Kiinnityksen ollessa p\u00e4\u00e4ll\u00e4\n<ul class=\"wp-block-list\">\n<li>n\u00e4et vain kiinnitettyjen resurssien varaukset<\/li>\n\n\n\n<li>et voi vaihtaa resursseja purkamatta lukitusta<\/li>\n\n\n\n<li>voit siirty\u00e4 Opetuksen suunnittelu ja varausosiossa eri n\u00e4kymiin, eik\u00e4 kiinnitys poistu<\/li>\n\n\n\n<li>voit muuttaa asetuksia ja siirty\u00e4 eri ajankohtaan, eik\u00e4 kiinnitys poistu<\/li>\n\n\n\n<li>jos klikkaat &#8221;Resurssit joille teen varausta&#8221; osion kentti\u00e4, saat kuvaavan ilmoituksen asiasta<\/li>\n\n\n\n<li>jos teet varauksen, jossa ei ole yht\u00e4\u00e4n kiinnitetty\u00e4 resurssia, varaus ei j\u00e4\u00e4 n\u00e4kym\u00e4\u00e4n ja saat kuvaavan ilmoituksen siit\u00e4.<\/li>\n<\/ul>\n<\/li>\n\n\n\n<li>Kiinnitys poistetaan klikkaamalla lukko-ikonia uudelleen, jolloin lukko aukeaa.<\/li>\n\n\n\n<li>Toiminto on sessiokohtainen, joten jos suljet selaimen, lukitus poistuu.<\/li>\n<\/ul>\n\n\n\n<p>T\u00e4ss\u00e4 voi hy\u00f6dynt\u00e4\u00e4 aiemmin tekemi\u00e4si suosikkilistoja. <a href=\"https:\/\/help.jamk.fi\/peppi-ohjeet-henkilokunnalle\/fi\/resurssien-suunnittelu-ja-varaus\/suosikkilistat-ja-resurssijoukot\/\" target=\"_blank\" rel=\"noreferrer noopener\">Lue suosikkilistojen teosta lis\u00e4\u00e4 t\u00e4\u00e4lt\u00e4<\/a><\/p>\n\n\n\n<h3 class=\"wp-block-heading\">1.4 N\u00e4kym\u00e4n asetukset<\/h3>\n\n\n\n<ul class=\"wp-block-list\">\n<li>N\u00e4kym\u00e4n asetuksessa on my\u00f6s omia v\u00e4lilehti\u00e4, joista voi valita kalenterin\u00e4kym\u00e4n (yleisin), ajoitusn\u00e4kym\u00e4n tai listan\u00e4kym\u00e4n. Ajoitus- ja listan\u00e4kym\u00e4t voivat olla hy\u00f6dyllisi\u00e4 joissain tilanteissa mutta yleisimmin k\u00e4ytet\u00e4\u00e4n kalenterin\u00e4kym\u00e4\u00e4.<\/li>\n\n\n\n<li>Voit selailla viikkoja eteen- tai taaksep\u00e4in nuolista<\/li>\n\n\n\n<li>Kalenterin asetukset -napin takaa voit s\u00e4\u00e4t\u00e4\u00e4 kalenterin\u00e4kym\u00e4n kokoa<\/li>\n\n\n\n<li>Voit my\u00f6s suoraan siirty\u00e4 tiettyyn p\u00e4iv\u00e4m\u00e4\u00e4r\u00e4\u00e4n <em>\u201cSiirry p\u00e4iv\u00e4\u00e4n\u201d<\/em> -napin kautta<\/li>\n\n\n\n<li>Voit katsella kalenteria p\u00e4iv\u00e4-, viikko- tai kuukausin\u00e4kym\u00e4n\u00e4<\/li>\n<\/ul>\n\n\n\n<h3 class=\"wp-block-heading\">1.5 Aktiivinen ajanjakso<\/h3>\n\n\n\n<p>T\u00e4m\u00e4n toiminnon avulla voit asettaa kalenterille oletusp\u00e4iv\u00e4n, jolloin kalenteri aukeaa t\u00e4ss\u00e4 n\u00e4kym\u00e4ss\u00e4 aina kyseiselle viikolle vaikka vaihtelet toteutusta. T\u00e4m\u00e4 toiminto on hy\u00f6dyllinen etenkin jos suunnitellaan lukuj\u00e4rjestyksi\u00e4 tulevaisuuteen alkaen p\u00e4iv\u00e4m\u00e4\u00e4r\u00e4st\u00e4 X \u2013 esimerkiksi kolmen kuukauden p\u00e4\u00e4st\u00e4 alkavalle periodille.<\/p>\n\n\n\n<p>Valitse aktiivinen ajanjakso klikkaamalla kalenterin kuvaketta ja valitse haluamasi oletusp\u00e4iv\u00e4:<\/p>\n\n\n\n<figure class=\"wp-block-image\"><img loading=\"lazy\" decoding=\"async\" width=\"640\" height=\"316\" src=\"https:\/\/help.jamk.fi\/peppi-ohjeet-henkilokunnalle\/wp-content\/uploads\/sites\/131\/2019\/12\/Aktiivinen-ajanjakso.jpg\" alt=\"Aktiivisen ajanjakson m\u00e4\u00e4ritt\u00e4minen\" class=\"wp-image-333\"\/><\/figure>\n\n\n\n<h3 class=\"wp-block-heading\">1.6 Kalenteri<\/h3>\n\n\n\n<p>T\u00e4ss\u00e4 kohdassa valitaan tietty p\u00e4iv\u00e4 ja kellonaika jolloin varaus halutaan toteutuvan. Valinta tapahtuu klikkaamalla oikeasta kohdasta kalenteria. T\u00e4m\u00e4n j\u00e4lkeen avautuu varauslomake, jossa voit viel\u00e4 tarkastaa ja muutella varauksen tietoja ennen varauksen tallentamista.<\/p>\n","protected":false},"excerpt":{"rendered":"<p>Pepiss\u00e4 ty\u00f6j\u00e4rjestyssuunnittelu tehd\u00e4\u00e4n opintojaksototeutuksien (kurssien) avulla. Vuosisuunnittelun puolella opintojaksototeutuksiin on liitetty eri resursseja ja t\u00e4t\u00e4 aiempaa suunnittelua hy\u00f6dynnet\u00e4\u00e4n suoraan my\u00f6s lukuj\u00e4rjestyssuunnittelussa. Opettajat merkitsev\u00e4t toteutuksiin omat rytmitys- ja tilatarpeensa, joita hy\u00f6dynnet\u00e4\u00e4n lukuj\u00e4rjestysten teon pohjana. Lue lis\u00e4\u00e4, kuinka rytmitys- ja tilatarpeet tehd\u00e4\u00e4n. Lukuj\u00e4rjestysvaraukset tehd\u00e4\u00e4n ensiksi Luonnos-tilassa. T\u00e4ll\u00f6in lukuj\u00e4rjestykset n\u00e4kyv\u00e4t pelk\u00e4st\u00e4\u00e4n lukuj\u00e4rjestysten tekij\u00f6ille. Kun olet tehnyt kaikki lukuj\u00e4rjestysvaraukset, [&hellip;]<\/p>\n","protected":false},"author":76,"featured_media":0,"parent":4511,"menu_order":4,"comment_status":"closed","ping_status":"open","template":"","meta":{"_acf_changed":false,"_relevanssi_hide_post":"","_relevanssi_hide_content":"","_relevanssi_pin_for_all":"","_relevanssi_pin_keywords":"","_relevanssi_unpin_keywords":"","_relevanssi_related_keywords":"","_relevanssi_related_include_ids":"","_relevanssi_related_exclude_ids":"","_relevanssi_related_no_append":"","_relevanssi_related_not_related":"","_relevanssi_related_posts":"","_relevanssi_noindex_reason":"","footnotes":""},"categories":[1],"tags":[],"class_list":["post-4514","page","type-page","status-publish","hentry","category-uncategorised"],"acf":[],"yoast_head":"<!-- This site is optimized with the Yoast SEO plugin v27.3 - https:\/\/yoast.com\/product\/yoast-seo-wordpress\/ -->\n<title>Lukuj\u00e4rjestysten teko - Peppi-ohjeet henkil\u00f6kunnalle<\/title>\n<meta name=\"robots\" content=\"index, follow, max-snippet:-1, max-image-preview:large, max-video-preview:-1\" \/>\n<link rel=\"canonical\" href=\"https:\/\/help.jamk.fi\/peppi-ohjeet-henkilokunnalle\/fi\/resurssien-suunnittelu-ja-varaus\/lukujarjestysten-teko\/\" \/>\n<meta property=\"og:locale\" content=\"fi_FI\" \/>\n<meta property=\"og:type\" content=\"article\" \/>\n<meta property=\"og:title\" content=\"Lukuj\u00e4rjestysten teko - Peppi-ohjeet henkil\u00f6kunnalle\" \/>\n<meta property=\"og:description\" content=\"Pepiss\u00e4 ty\u00f6j\u00e4rjestyssuunnittelu tehd\u00e4\u00e4n opintojaksototeutuksien (kurssien) avulla. Vuosisuunnittelun puolella opintojaksototeutuksiin on liitetty eri resursseja ja t\u00e4t\u00e4 aiempaa suunnittelua hy\u00f6dynnet\u00e4\u00e4n suoraan my\u00f6s lukuj\u00e4rjestyssuunnittelussa. Opettajat merkitsev\u00e4t toteutuksiin omat rytmitys- ja tilatarpeensa, joita hy\u00f6dynnet\u00e4\u00e4n lukuj\u00e4rjestysten teon pohjana. Lue lis\u00e4\u00e4, kuinka rytmitys- ja tilatarpeet tehd\u00e4\u00e4n. Lukuj\u00e4rjestysvaraukset tehd\u00e4\u00e4n ensiksi Luonnos-tilassa. T\u00e4ll\u00f6in lukuj\u00e4rjestykset n\u00e4kyv\u00e4t pelk\u00e4st\u00e4\u00e4n lukuj\u00e4rjestysten tekij\u00f6ille. Kun olet tehnyt kaikki lukuj\u00e4rjestysvaraukset, [&hellip;]\" \/>\n<meta property=\"og:url\" content=\"https:\/\/help.jamk.fi\/peppi-ohjeet-henkilokunnalle\/fi\/resurssien-suunnittelu-ja-varaus\/lukujarjestysten-teko\/\" \/>\n<meta property=\"og:site_name\" content=\"Peppi-ohjeet henkil\u00f6kunnalle\" \/>\n<meta property=\"article:modified_time\" content=\"2026-02-23T06:16:02+00:00\" \/>\n<meta property=\"og:image\" content=\"https:\/\/help.jamk.fi\/peppi-ohjeet-henkilokunnalle\/wp-content\/uploads\/sites\/131\/2019\/12\/SUunnittele-ja-tee-opetuksen-varauksia.jpg\" \/>\n\t<meta property=\"og:image:width\" content=\"480\" \/>\n\t<meta property=\"og:image:height\" content=\"584\" \/>\n\t<meta property=\"og:image:type\" content=\"image\/jpeg\" \/>\n<meta name=\"twitter:card\" content=\"summary_large_image\" \/>\n<meta name=\"twitter:label1\" content=\"Arvioitu lukuaika\" \/>\n\t<meta name=\"twitter:data1\" content=\"6 minuuttia\" \/>\n<script type=\"application\/ld+json\" class=\"yoast-schema-graph\">{\"@context\":\"https:\\\/\\\/schema.org\",\"@graph\":[{\"@type\":\"WebPage\",\"@id\":\"https:\\\/\\\/help.jamk.fi\\\/peppi-ohjeet-henkilokunnalle\\\/fi\\\/resurssien-suunnittelu-ja-varaus\\\/lukujarjestysten-teko\\\/\",\"url\":\"https:\\\/\\\/help.jamk.fi\\\/peppi-ohjeet-henkilokunnalle\\\/fi\\\/resurssien-suunnittelu-ja-varaus\\\/lukujarjestysten-teko\\\/\",\"name\":\"Lukuj\u00e4rjestysten teko - Peppi-ohjeet henkil\u00f6kunnalle\",\"isPartOf\":{\"@id\":\"https:\\\/\\\/help.jamk.fi\\\/peppi-ohjeet-henkilokunnalle\\\/#website\"},\"primaryImageOfPage\":{\"@id\":\"https:\\\/\\\/help.jamk.fi\\\/peppi-ohjeet-henkilokunnalle\\\/fi\\\/resurssien-suunnittelu-ja-varaus\\\/lukujarjestysten-teko\\\/#primaryimage\"},\"image\":{\"@id\":\"https:\\\/\\\/help.jamk.fi\\\/peppi-ohjeet-henkilokunnalle\\\/fi\\\/resurssien-suunnittelu-ja-varaus\\\/lukujarjestysten-teko\\\/#primaryimage\"},\"thumbnailUrl\":\"https:\\\/\\\/help.jamk.fi\\\/peppi-ohjeet-henkilokunnalle\\\/wp-content\\\/uploads\\\/sites\\\/131\\\/2019\\\/12\\\/SUunnittele-ja-tee-opetuksen-varauksia.jpg\",\"datePublished\":\"2019-11-06T08:57:07+00:00\",\"dateModified\":\"2026-02-23T06:16:02+00:00\",\"breadcrumb\":{\"@id\":\"https:\\\/\\\/help.jamk.fi\\\/peppi-ohjeet-henkilokunnalle\\\/fi\\\/resurssien-suunnittelu-ja-varaus\\\/lukujarjestysten-teko\\\/#breadcrumb\"},\"inLanguage\":\"fi\",\"potentialAction\":[{\"@type\":\"ReadAction\",\"target\":[\"https:\\\/\\\/help.jamk.fi\\\/peppi-ohjeet-henkilokunnalle\\\/fi\\\/resurssien-suunnittelu-ja-varaus\\\/lukujarjestysten-teko\\\/\"]}]},{\"@type\":\"ImageObject\",\"inLanguage\":\"fi\",\"@id\":\"https:\\\/\\\/help.jamk.fi\\\/peppi-ohjeet-henkilokunnalle\\\/fi\\\/resurssien-suunnittelu-ja-varaus\\\/lukujarjestysten-teko\\\/#primaryimage\",\"url\":\"https:\\\/\\\/help.jamk.fi\\\/peppi-ohjeet-henkilokunnalle\\\/wp-content\\\/uploads\\\/sites\\\/131\\\/2019\\\/12\\\/SUunnittele-ja-tee-opetuksen-varauksia.jpg\",\"contentUrl\":\"https:\\\/\\\/help.jamk.fi\\\/peppi-ohjeet-henkilokunnalle\\\/wp-content\\\/uploads\\\/sites\\\/131\\\/2019\\\/12\\\/SUunnittele-ja-tee-opetuksen-varauksia.jpg\",\"width\":480,\"height\":584,\"caption\":\"Lukkarivarauksia tehdess\u00e4 toteutuksen tiedot tulevat automaattisesti mukaan, my\u00f6s opettajan rytmitystoiveet\"},{\"@type\":\"BreadcrumbList\",\"@id\":\"https:\\\/\\\/help.jamk.fi\\\/peppi-ohjeet-henkilokunnalle\\\/fi\\\/resurssien-suunnittelu-ja-varaus\\\/lukujarjestysten-teko\\\/#breadcrumb\",\"itemListElement\":[{\"@type\":\"ListItem\",\"position\":1,\"name\":\"Home\",\"item\":\"https:\\\/\\\/help.jamk.fi\\\/peppi-ohjeet-henkilokunnalle\\\/en\\\/\"},{\"@type\":\"ListItem\",\"position\":2,\"name\":\"Resurssien suunnittelu ja varaus\",\"item\":\"https:\\\/\\\/help.jamk.fi\\\/peppi-ohjeet-henkilokunnalle\\\/fi\\\/resurssien-suunnittelu-ja-varaus\\\/\"},{\"@type\":\"ListItem\",\"position\":3,\"name\":\"Lukuj\u00e4rjestysten teko\"}]},{\"@type\":\"WebSite\",\"@id\":\"https:\\\/\\\/help.jamk.fi\\\/peppi-ohjeet-henkilokunnalle\\\/#website\",\"url\":\"https:\\\/\\\/help.jamk.fi\\\/peppi-ohjeet-henkilokunnalle\\\/\",\"name\":\"Peppi-ohjeet henkil\u00f6kunnalle\",\"description\":\"\",\"potentialAction\":[{\"@type\":\"SearchAction\",\"target\":{\"@type\":\"EntryPoint\",\"urlTemplate\":\"https:\\\/\\\/help.jamk.fi\\\/peppi-ohjeet-henkilokunnalle\\\/?s={search_term_string}\"},\"query-input\":{\"@type\":\"PropertyValueSpecification\",\"valueRequired\":true,\"valueName\":\"search_term_string\"}}],\"inLanguage\":\"fi\"}]}<\/script>\n<!-- \/ Yoast SEO plugin. -->","yoast_head_json":{"title":"Lukuj\u00e4rjestysten teko - Peppi-ohjeet henkil\u00f6kunnalle","robots":{"index":"index","follow":"follow","max-snippet":"max-snippet:-1","max-image-preview":"max-image-preview:large","max-video-preview":"max-video-preview:-1"},"canonical":"https:\/\/help.jamk.fi\/peppi-ohjeet-henkilokunnalle\/fi\/resurssien-suunnittelu-ja-varaus\/lukujarjestysten-teko\/","og_locale":"fi_FI","og_type":"article","og_title":"Lukuj\u00e4rjestysten teko - Peppi-ohjeet henkil\u00f6kunnalle","og_description":"Pepiss\u00e4 ty\u00f6j\u00e4rjestyssuunnittelu tehd\u00e4\u00e4n opintojaksototeutuksien (kurssien) avulla. Vuosisuunnittelun puolella opintojaksototeutuksiin on liitetty eri resursseja ja t\u00e4t\u00e4 aiempaa suunnittelua hy\u00f6dynnet\u00e4\u00e4n suoraan my\u00f6s lukuj\u00e4rjestyssuunnittelussa. Opettajat merkitsev\u00e4t toteutuksiin omat rytmitys- ja tilatarpeensa, joita hy\u00f6dynnet\u00e4\u00e4n lukuj\u00e4rjestysten teon pohjana. Lue lis\u00e4\u00e4, kuinka rytmitys- ja tilatarpeet tehd\u00e4\u00e4n. Lukuj\u00e4rjestysvaraukset tehd\u00e4\u00e4n ensiksi Luonnos-tilassa. T\u00e4ll\u00f6in lukuj\u00e4rjestykset n\u00e4kyv\u00e4t pelk\u00e4st\u00e4\u00e4n lukuj\u00e4rjestysten tekij\u00f6ille. Kun olet tehnyt kaikki lukuj\u00e4rjestysvaraukset, [&hellip;]","og_url":"https:\/\/help.jamk.fi\/peppi-ohjeet-henkilokunnalle\/fi\/resurssien-suunnittelu-ja-varaus\/lukujarjestysten-teko\/","og_site_name":"Peppi-ohjeet henkil\u00f6kunnalle","article_modified_time":"2026-02-23T06:16:02+00:00","og_image":[{"width":480,"height":584,"url":"https:\/\/help.jamk.fi\/peppi-ohjeet-henkilokunnalle\/wp-content\/uploads\/sites\/131\/2019\/12\/SUunnittele-ja-tee-opetuksen-varauksia.jpg","type":"image\/jpeg"}],"twitter_card":"summary_large_image","twitter_misc":{"Arvioitu lukuaika":"6 minuuttia"},"schema":{"@context":"https:\/\/schema.org","@graph":[{"@type":"WebPage","@id":"https:\/\/help.jamk.fi\/peppi-ohjeet-henkilokunnalle\/fi\/resurssien-suunnittelu-ja-varaus\/lukujarjestysten-teko\/","url":"https:\/\/help.jamk.fi\/peppi-ohjeet-henkilokunnalle\/fi\/resurssien-suunnittelu-ja-varaus\/lukujarjestysten-teko\/","name":"Lukuj\u00e4rjestysten teko - Peppi-ohjeet henkil\u00f6kunnalle","isPartOf":{"@id":"https:\/\/help.jamk.fi\/peppi-ohjeet-henkilokunnalle\/#website"},"primaryImageOfPage":{"@id":"https:\/\/help.jamk.fi\/peppi-ohjeet-henkilokunnalle\/fi\/resurssien-suunnittelu-ja-varaus\/lukujarjestysten-teko\/#primaryimage"},"image":{"@id":"https:\/\/help.jamk.fi\/peppi-ohjeet-henkilokunnalle\/fi\/resurssien-suunnittelu-ja-varaus\/lukujarjestysten-teko\/#primaryimage"},"thumbnailUrl":"https:\/\/help.jamk.fi\/peppi-ohjeet-henkilokunnalle\/wp-content\/uploads\/sites\/131\/2019\/12\/SUunnittele-ja-tee-opetuksen-varauksia.jpg","datePublished":"2019-11-06T08:57:07+00:00","dateModified":"2026-02-23T06:16:02+00:00","breadcrumb":{"@id":"https:\/\/help.jamk.fi\/peppi-ohjeet-henkilokunnalle\/fi\/resurssien-suunnittelu-ja-varaus\/lukujarjestysten-teko\/#breadcrumb"},"inLanguage":"fi","potentialAction":[{"@type":"ReadAction","target":["https:\/\/help.jamk.fi\/peppi-ohjeet-henkilokunnalle\/fi\/resurssien-suunnittelu-ja-varaus\/lukujarjestysten-teko\/"]}]},{"@type":"ImageObject","inLanguage":"fi","@id":"https:\/\/help.jamk.fi\/peppi-ohjeet-henkilokunnalle\/fi\/resurssien-suunnittelu-ja-varaus\/lukujarjestysten-teko\/#primaryimage","url":"https:\/\/help.jamk.fi\/peppi-ohjeet-henkilokunnalle\/wp-content\/uploads\/sites\/131\/2019\/12\/SUunnittele-ja-tee-opetuksen-varauksia.jpg","contentUrl":"https:\/\/help.jamk.fi\/peppi-ohjeet-henkilokunnalle\/wp-content\/uploads\/sites\/131\/2019\/12\/SUunnittele-ja-tee-opetuksen-varauksia.jpg","width":480,"height":584,"caption":"Lukkarivarauksia tehdess\u00e4 toteutuksen tiedot tulevat automaattisesti mukaan, my\u00f6s opettajan rytmitystoiveet"},{"@type":"BreadcrumbList","@id":"https:\/\/help.jamk.fi\/peppi-ohjeet-henkilokunnalle\/fi\/resurssien-suunnittelu-ja-varaus\/lukujarjestysten-teko\/#breadcrumb","itemListElement":[{"@type":"ListItem","position":1,"name":"Home","item":"https:\/\/help.jamk.fi\/peppi-ohjeet-henkilokunnalle\/en\/"},{"@type":"ListItem","position":2,"name":"Resurssien suunnittelu ja varaus","item":"https:\/\/help.jamk.fi\/peppi-ohjeet-henkilokunnalle\/fi\/resurssien-suunnittelu-ja-varaus\/"},{"@type":"ListItem","position":3,"name":"Lukuj\u00e4rjestysten teko"}]},{"@type":"WebSite","@id":"https:\/\/help.jamk.fi\/peppi-ohjeet-henkilokunnalle\/#website","url":"https:\/\/help.jamk.fi\/peppi-ohjeet-henkilokunnalle\/","name":"Peppi-ohjeet henkil\u00f6kunnalle","description":"","potentialAction":[{"@type":"SearchAction","target":{"@type":"EntryPoint","urlTemplate":"https:\/\/help.jamk.fi\/peppi-ohjeet-henkilokunnalle\/?s={search_term_string}"},"query-input":{"@type":"PropertyValueSpecification","valueRequired":true,"valueName":"search_term_string"}}],"inLanguage":"fi"}]}},"_links":{"self":[{"href":"https:\/\/help.jamk.fi\/peppi-ohjeet-henkilokunnalle\/wp-json\/wp\/v2\/pages\/4514","targetHints":{"allow":["GET"]}}],"collection":[{"href":"https:\/\/help.jamk.fi\/peppi-ohjeet-henkilokunnalle\/wp-json\/wp\/v2\/pages"}],"about":[{"href":"https:\/\/help.jamk.fi\/peppi-ohjeet-henkilokunnalle\/wp-json\/wp\/v2\/types\/page"}],"author":[{"embeddable":true,"href":"https:\/\/help.jamk.fi\/peppi-ohjeet-henkilokunnalle\/wp-json\/wp\/v2\/users\/76"}],"replies":[{"embeddable":true,"href":"https:\/\/help.jamk.fi\/peppi-ohjeet-henkilokunnalle\/wp-json\/wp\/v2\/comments?post=4514"}],"version-history":[{"count":11,"href":"https:\/\/help.jamk.fi\/peppi-ohjeet-henkilokunnalle\/wp-json\/wp\/v2\/pages\/4514\/revisions"}],"predecessor-version":[{"id":7959,"href":"https:\/\/help.jamk.fi\/peppi-ohjeet-henkilokunnalle\/wp-json\/wp\/v2\/pages\/4514\/revisions\/7959"}],"up":[{"embeddable":true,"href":"https:\/\/help.jamk.fi\/peppi-ohjeet-henkilokunnalle\/wp-json\/wp\/v2\/pages\/4511"}],"wp:attachment":[{"href":"https:\/\/help.jamk.fi\/peppi-ohjeet-henkilokunnalle\/wp-json\/wp\/v2\/media?parent=4514"}],"wp:term":[{"taxonomy":"category","embeddable":true,"href":"https:\/\/help.jamk.fi\/peppi-ohjeet-henkilokunnalle\/wp-json\/wp\/v2\/categories?post=4514"},{"taxonomy":"post_tag","embeddable":true,"href":"https:\/\/help.jamk.fi\/peppi-ohjeet-henkilokunnalle\/wp-json\/wp\/v2\/tags?post=4514"}],"curies":[{"name":"wp","href":"https:\/\/api.w.org\/{rel}","templated":true}]}}