{"id":4515,"date":"2019-11-07T12:51:18","date_gmt":"2019-11-07T10:51:18","guid":{"rendered":"https:\/\/help.jamk.fi\/peppi-ohjeet-henkilokunnalle\/opetussuunnittelu\/ops-sanastoa\/"},"modified":"2024-10-14T10:31:05","modified_gmt":"2024-10-14T07:31:05","slug":"ops-sanastoa","status":"publish","type":"page","link":"https:\/\/help.jamk.fi\/peppi-ohjeet-henkilokunnalle\/fi\/opetussuunnittelu\/ops-sanastoa\/","title":{"rendered":"OPS-sanastoa"},"content":{"rendered":"\n<h2 class=\"wp-block-heading\">Opintojakso<\/h2>\n\n\n\n<p>Opintojakso on OPSin peruselementti. Opintojaksolla on oltava laajuus, osaamistavoitteet, sis\u00e4lt\u00f6 sek\u00e4 arviointiasteikko ja -kriteerit. Opintojakso voidaan jakaa toteutuksella toteutuksen osiin. N\u00e4m\u00e4 osat voidaan arvioida erikseen ja opintojakson arvosana muodostuu osien arvosanoista.<\/p>\n\n\n\n<p>Yksi opintojakso voi kuulua samanaikaisesti useaan opetussuunnitelmaan. Opintojaksolle tehdyt muokkaukset vaikuttavat kaikkiin niihin opetussuunnitelmiin ja opintokokonaisuuksiin, jotka k\u00e4ytt\u00e4v\u00e4t opintojaksoa.<\/p>\n\n\n\n<h2 class=\"wp-block-heading\">Opintokokonaisuus<\/h2>\n\n\n\n<p>Opintokokonaisuus on elementti, joka voi sis\u00e4lt\u00e4\u00e4 opintojaksoja tai toisia opintokokonaisuuksia. Opintokokonaisuuden sis\u00e4ll\u00f6n valinnaisuus on m\u00e4\u00e4ritelt\u00e4v\u00e4 erikseen; se voidaan tehd\u00e4 esim. asettamalla kaikki kokonaisuuden sis\u00e4ll\u00e4 olevat jaksot pakollisiksi, tai vaihtoehtoisesti asettamalla kokonaisuudelle opintopisteiden vaihteluv\u00e4li (20-25 op).<\/p>\n\n\n\n<p>Tavalliset opintokokonaisuudet (toisin kuin erilliset opintokokonaisuudet) ovat opetussuunnitelmakohtaisia. Yhdess\u00e4 OPSissa tehdyt muutokset eiv\u00e4t vaikuta muihin opetussuunnitelmiin.<\/p>\n\n\n\n<h2 class=\"wp-block-heading\">Ryhmittely<\/h2>\n\n\n\n<p>Ryhmittely on samankaltainen, mutta kevyempi elementti kuin tavallinen opintokokonaisuus. My\u00f6s sen avulla voidaan niputtaa opintojaksoja tai toisia kokonaisuuksia yhteen.<\/p>\n\n\n\n<h2 class=\"wp-block-heading\">Erillinen opintokokonaisuus<\/h2>\n\n\n\n<p>Toisin kuin tavallinen opintokokonaisuus, erillinen opintokokonaisuus voi liitty\u00e4 samanaikaisesti useampaan OPSiin. Erilliseen opintokokonaisuuteen tehdyt muutokset vaikuttavat samalla kertaa kaikkiin OPSeihin, joihin se on liitetty. Jamkissa erillisell\u00e4 opintokokonaisuudella tehd\u00e4\u00e4n esim. vaihtaritarjonta ja vapaasti valittavien opintojen tarjonta.<\/p>\n\n\n\n<h2 class=\"wp-block-heading\">Arvioinnin kohde<\/h2>\n\n\n\n<p>Opintojakso voidaan jakaa Suoritustavat-v\u00e4lilehdell\u00e4 arvioinnin kohteisiin. Arvioinnin kohteita voivat olla esim. luennot tai v\u00e4likokeet. Arvioinnin kohteet eiv\u00e4t ole k\u00e4yt\u00f6ss\u00e4 Jamkissa.<\/p>\n\n\n\n<h2 class=\"wp-block-heading\">Opintopolku<\/h2>\n\n\n\n<p>Pepiss\u00e4 Opintopolku-toiminnon kautta voidaan kuvata opetussuunnitelman sis\u00e4ll\u00e4 olevia vaihtoehtoja suorittaa vaadittavat opetussuunnitelman opinnot. Terminologisesti samaa tai l\u00e4hes samaa asiaa tarkoittaa suuntautumisvaihtoehto.<\/p>\n\n\n\n<h2 class=\"wp-block-heading\">Ajoitussuunnitelma<\/h2>\n\n\n\n<p>Ajoitussuunnitelmalla kuvataan, mille ajanjaksoille opetussuunnitelmassa olevat opintojaksot sijoittuvat. Ajoitussuunnitelman voi tehd\u00e4 periodi-, lukukausi-, tai lukuvuosikohtaisesti. Ajoitussuunnitelmassa luodut ajoitukset toimivat pohjana Pepin Vuosisuunnittelu-osion k\u00e4yt\u00f6ss\u00e4. Jamkissa ajoitussuunnitelmat tehd\u00e4\u00e4n periodikohtaisesti.<\/p>\n\n\n\n<h2 class=\"wp-block-heading\">J\u00e4sentely<\/h2>\n\n\n\n<p>J\u00e4sentelyll\u00e4 kuvataan muita tapoja luokitella opetussuunnitelman opintoja, kuin rakennen\u00e4kym\u00e4ss\u00e4 tehty\u00e4 jakoa opintokokonaisuuksiin. J\u00e4sentelyill\u00e4 voidaan kuvata esim. sit\u00e4, mitk\u00e4 opinnot suorittamalla saavutetaan jokin p\u00e4tevyys, tai mitk\u00e4 opinnot opetussuunnitelmassa ovat kansainv\u00e4listymisopintoja. Uusia j\u00e4sentelymalleja p\u00e4\u00e4sev\u00e4t lis\u00e4\u00e4m\u00e4\u00e4n vain p\u00e4\u00e4k\u00e4ytt\u00e4j\u00e4t.<\/p>\n\n\n\n<p>J\u00e4sentelyt voivat olla sidoksissa siihen, miten opintoja n\u00e4ytet\u00e4\u00e4n korkeakoulun opinto-oppaassa tai muissa julkaisuissa.<\/p>\n","protected":false},"excerpt":{"rendered":"<p>Opintojakso Opintojakso on OPSin peruselementti. Opintojaksolla on oltava laajuus, osaamistavoitteet, sis\u00e4lt\u00f6 sek\u00e4 arviointiasteikko ja -kriteerit. Opintojakso voidaan jakaa toteutuksella toteutuksen osiin. N\u00e4m\u00e4 osat voidaan arvioida erikseen ja opintojakson arvosana muodostuu osien arvosanoista. Yksi opintojakso voi kuulua samanaikaisesti useaan opetussuunnitelmaan. Opintojaksolle tehdyt muokkaukset vaikuttavat kaikkiin niihin opetussuunnitelmiin ja opintokokonaisuuksiin, jotka k\u00e4ytt\u00e4v\u00e4t opintojaksoa. Opintokokonaisuus Opintokokonaisuus on elementti, [&hellip;]<\/p>\n","protected":false},"author":79,"featured_media":0,"parent":4510,"menu_order":0,"comment_status":"closed","ping_status":"open","template":"","meta":{"_acf_changed":false,"_relevanssi_hide_post":"","_relevanssi_hide_content":"","_relevanssi_pin_for_all":"","_relevanssi_pin_keywords":"","_relevanssi_unpin_keywords":"","_relevanssi_related_keywords":"","_relevanssi_related_include_ids":"","_relevanssi_related_exclude_ids":"","_relevanssi_related_no_append":"","_relevanssi_related_not_related":"","_relevanssi_related_posts":"","_relevanssi_noindex_reason":"","footnotes":""},"categories":[1],"tags":[],"class_list":["post-4515","page","type-page","status-publish","hentry","category-uncategorised"],"acf":[],"yoast_head":"<!-- This site is optimized with the Yoast SEO plugin v27.4 - https:\/\/yoast.com\/product\/yoast-seo-wordpress\/ -->\n<title>OPS-sanastoa - Peppi-ohjeet henkil\u00f6kunnalle<\/title>\n<meta name=\"robots\" content=\"index, follow, max-snippet:-1, max-image-preview:large, max-video-preview:-1\" \/>\n<link rel=\"canonical\" href=\"https:\/\/help.jamk.fi\/peppi-ohjeet-henkilokunnalle\/fi\/opetussuunnittelu\/ops-sanastoa\/\" \/>\n<meta property=\"og:locale\" content=\"fi_FI\" \/>\n<meta property=\"og:type\" content=\"article\" \/>\n<meta property=\"og:title\" content=\"OPS-sanastoa - Peppi-ohjeet henkil\u00f6kunnalle\" \/>\n<meta property=\"og:description\" content=\"Opintojakso Opintojakso on OPSin peruselementti. Opintojaksolla on oltava laajuus, osaamistavoitteet, sis\u00e4lt\u00f6 sek\u00e4 arviointiasteikko ja -kriteerit. Opintojakso voidaan jakaa toteutuksella toteutuksen osiin. N\u00e4m\u00e4 osat voidaan arvioida erikseen ja opintojakson arvosana muodostuu osien arvosanoista. Yksi opintojakso voi kuulua samanaikaisesti useaan opetussuunnitelmaan. Opintojaksolle tehdyt muokkaukset vaikuttavat kaikkiin niihin opetussuunnitelmiin ja opintokokonaisuuksiin, jotka k\u00e4ytt\u00e4v\u00e4t opintojaksoa. Opintokokonaisuus Opintokokonaisuus on elementti, [&hellip;]\" \/>\n<meta property=\"og:url\" content=\"https:\/\/help.jamk.fi\/peppi-ohjeet-henkilokunnalle\/fi\/opetussuunnittelu\/ops-sanastoa\/\" \/>\n<meta property=\"og:site_name\" content=\"Peppi-ohjeet henkil\u00f6kunnalle\" \/>\n<meta property=\"article:modified_time\" content=\"2024-10-14T07:31:05+00:00\" \/>\n<meta name=\"twitter:card\" content=\"summary_large_image\" \/>\n<meta name=\"twitter:label1\" content=\"Arvioitu lukuaika\" \/>\n\t<meta name=\"twitter:data1\" content=\"2 minuuttia\" \/>\n<script type=\"application\/ld+json\" class=\"yoast-schema-graph\">{\"@context\":\"https:\\\/\\\/schema.org\",\"@graph\":[{\"@type\":\"WebPage\",\"@id\":\"https:\\\/\\\/help.jamk.fi\\\/peppi-ohjeet-henkilokunnalle\\\/fi\\\/opetussuunnittelu\\\/ops-sanastoa\\\/\",\"url\":\"https:\\\/\\\/help.jamk.fi\\\/peppi-ohjeet-henkilokunnalle\\\/fi\\\/opetussuunnittelu\\\/ops-sanastoa\\\/\",\"name\":\"OPS-sanastoa - Peppi-ohjeet henkil\u00f6kunnalle\",\"isPartOf\":{\"@id\":\"https:\\\/\\\/help.jamk.fi\\\/peppi-ohjeet-henkilokunnalle\\\/#website\"},\"datePublished\":\"2019-11-07T10:51:18+00:00\",\"dateModified\":\"2024-10-14T07:31:05+00:00\",\"breadcrumb\":{\"@id\":\"https:\\\/\\\/help.jamk.fi\\\/peppi-ohjeet-henkilokunnalle\\\/fi\\\/opetussuunnittelu\\\/ops-sanastoa\\\/#breadcrumb\"},\"inLanguage\":\"fi\",\"potentialAction\":[{\"@type\":\"ReadAction\",\"target\":[\"https:\\\/\\\/help.jamk.fi\\\/peppi-ohjeet-henkilokunnalle\\\/fi\\\/opetussuunnittelu\\\/ops-sanastoa\\\/\"]}]},{\"@type\":\"BreadcrumbList\",\"@id\":\"https:\\\/\\\/help.jamk.fi\\\/peppi-ohjeet-henkilokunnalle\\\/fi\\\/opetussuunnittelu\\\/ops-sanastoa\\\/#breadcrumb\",\"itemListElement\":[{\"@type\":\"ListItem\",\"position\":1,\"name\":\"Home\",\"item\":\"https:\\\/\\\/help.jamk.fi\\\/peppi-ohjeet-henkilokunnalle\\\/en\\\/\"},{\"@type\":\"ListItem\",\"position\":2,\"name\":\"Opetussuunnittelu\",\"item\":\"https:\\\/\\\/help.jamk.fi\\\/peppi-ohjeet-henkilokunnalle\\\/fi\\\/opetussuunnittelu\\\/\"},{\"@type\":\"ListItem\",\"position\":3,\"name\":\"OPS-sanastoa\"}]},{\"@type\":\"WebSite\",\"@id\":\"https:\\\/\\\/help.jamk.fi\\\/peppi-ohjeet-henkilokunnalle\\\/#website\",\"url\":\"https:\\\/\\\/help.jamk.fi\\\/peppi-ohjeet-henkilokunnalle\\\/\",\"name\":\"Peppi-ohjeet henkil\u00f6kunnalle\",\"description\":\"\",\"potentialAction\":[{\"@type\":\"SearchAction\",\"target\":{\"@type\":\"EntryPoint\",\"urlTemplate\":\"https:\\\/\\\/help.jamk.fi\\\/peppi-ohjeet-henkilokunnalle\\\/?s={search_term_string}\"},\"query-input\":{\"@type\":\"PropertyValueSpecification\",\"valueRequired\":true,\"valueName\":\"search_term_string\"}}],\"inLanguage\":\"fi\"}]}<\/script>\n<!-- \/ Yoast SEO plugin. -->","yoast_head_json":{"title":"OPS-sanastoa - Peppi-ohjeet henkil\u00f6kunnalle","robots":{"index":"index","follow":"follow","max-snippet":"max-snippet:-1","max-image-preview":"max-image-preview:large","max-video-preview":"max-video-preview:-1"},"canonical":"https:\/\/help.jamk.fi\/peppi-ohjeet-henkilokunnalle\/fi\/opetussuunnittelu\/ops-sanastoa\/","og_locale":"fi_FI","og_type":"article","og_title":"OPS-sanastoa - Peppi-ohjeet henkil\u00f6kunnalle","og_description":"Opintojakso Opintojakso on OPSin peruselementti. Opintojaksolla on oltava laajuus, osaamistavoitteet, sis\u00e4lt\u00f6 sek\u00e4 arviointiasteikko ja -kriteerit. Opintojakso voidaan jakaa toteutuksella toteutuksen osiin. N\u00e4m\u00e4 osat voidaan arvioida erikseen ja opintojakson arvosana muodostuu osien arvosanoista. Yksi opintojakso voi kuulua samanaikaisesti useaan opetussuunnitelmaan. Opintojaksolle tehdyt muokkaukset vaikuttavat kaikkiin niihin opetussuunnitelmiin ja opintokokonaisuuksiin, jotka k\u00e4ytt\u00e4v\u00e4t opintojaksoa. Opintokokonaisuus Opintokokonaisuus on elementti, [&hellip;]","og_url":"https:\/\/help.jamk.fi\/peppi-ohjeet-henkilokunnalle\/fi\/opetussuunnittelu\/ops-sanastoa\/","og_site_name":"Peppi-ohjeet henkil\u00f6kunnalle","article_modified_time":"2024-10-14T07:31:05+00:00","twitter_card":"summary_large_image","twitter_misc":{"Arvioitu lukuaika":"2 minuuttia"},"schema":{"@context":"https:\/\/schema.org","@graph":[{"@type":"WebPage","@id":"https:\/\/help.jamk.fi\/peppi-ohjeet-henkilokunnalle\/fi\/opetussuunnittelu\/ops-sanastoa\/","url":"https:\/\/help.jamk.fi\/peppi-ohjeet-henkilokunnalle\/fi\/opetussuunnittelu\/ops-sanastoa\/","name":"OPS-sanastoa - Peppi-ohjeet henkil\u00f6kunnalle","isPartOf":{"@id":"https:\/\/help.jamk.fi\/peppi-ohjeet-henkilokunnalle\/#website"},"datePublished":"2019-11-07T10:51:18+00:00","dateModified":"2024-10-14T07:31:05+00:00","breadcrumb":{"@id":"https:\/\/help.jamk.fi\/peppi-ohjeet-henkilokunnalle\/fi\/opetussuunnittelu\/ops-sanastoa\/#breadcrumb"},"inLanguage":"fi","potentialAction":[{"@type":"ReadAction","target":["https:\/\/help.jamk.fi\/peppi-ohjeet-henkilokunnalle\/fi\/opetussuunnittelu\/ops-sanastoa\/"]}]},{"@type":"BreadcrumbList","@id":"https:\/\/help.jamk.fi\/peppi-ohjeet-henkilokunnalle\/fi\/opetussuunnittelu\/ops-sanastoa\/#breadcrumb","itemListElement":[{"@type":"ListItem","position":1,"name":"Home","item":"https:\/\/help.jamk.fi\/peppi-ohjeet-henkilokunnalle\/en\/"},{"@type":"ListItem","position":2,"name":"Opetussuunnittelu","item":"https:\/\/help.jamk.fi\/peppi-ohjeet-henkilokunnalle\/fi\/opetussuunnittelu\/"},{"@type":"ListItem","position":3,"name":"OPS-sanastoa"}]},{"@type":"WebSite","@id":"https:\/\/help.jamk.fi\/peppi-ohjeet-henkilokunnalle\/#website","url":"https:\/\/help.jamk.fi\/peppi-ohjeet-henkilokunnalle\/","name":"Peppi-ohjeet henkil\u00f6kunnalle","description":"","potentialAction":[{"@type":"SearchAction","target":{"@type":"EntryPoint","urlTemplate":"https:\/\/help.jamk.fi\/peppi-ohjeet-henkilokunnalle\/?s={search_term_string}"},"query-input":{"@type":"PropertyValueSpecification","valueRequired":true,"valueName":"search_term_string"}}],"inLanguage":"fi"}]}},"_links":{"self":[{"href":"https:\/\/help.jamk.fi\/peppi-ohjeet-henkilokunnalle\/wp-json\/wp\/v2\/pages\/4515","targetHints":{"allow":["GET"]}}],"collection":[{"href":"https:\/\/help.jamk.fi\/peppi-ohjeet-henkilokunnalle\/wp-json\/wp\/v2\/pages"}],"about":[{"href":"https:\/\/help.jamk.fi\/peppi-ohjeet-henkilokunnalle\/wp-json\/wp\/v2\/types\/page"}],"author":[{"embeddable":true,"href":"https:\/\/help.jamk.fi\/peppi-ohjeet-henkilokunnalle\/wp-json\/wp\/v2\/users\/79"}],"replies":[{"embeddable":true,"href":"https:\/\/help.jamk.fi\/peppi-ohjeet-henkilokunnalle\/wp-json\/wp\/v2\/comments?post=4515"}],"version-history":[{"count":3,"href":"https:\/\/help.jamk.fi\/peppi-ohjeet-henkilokunnalle\/wp-json\/wp\/v2\/pages\/4515\/revisions"}],"predecessor-version":[{"id":7191,"href":"https:\/\/help.jamk.fi\/peppi-ohjeet-henkilokunnalle\/wp-json\/wp\/v2\/pages\/4515\/revisions\/7191"}],"up":[{"embeddable":true,"href":"https:\/\/help.jamk.fi\/peppi-ohjeet-henkilokunnalle\/wp-json\/wp\/v2\/pages\/4510"}],"wp:attachment":[{"href":"https:\/\/help.jamk.fi\/peppi-ohjeet-henkilokunnalle\/wp-json\/wp\/v2\/media?parent=4515"}],"wp:term":[{"taxonomy":"category","embeddable":true,"href":"https:\/\/help.jamk.fi\/peppi-ohjeet-henkilokunnalle\/wp-json\/wp\/v2\/categories?post=4515"},{"taxonomy":"post_tag","embeddable":true,"href":"https:\/\/help.jamk.fi\/peppi-ohjeet-henkilokunnalle\/wp-json\/wp\/v2\/tags?post=4515"}],"curies":[{"name":"wp","href":"https:\/\/api.w.org\/{rel}","templated":true}]}}