{"id":4516,"date":"2019-11-08T12:49:02","date_gmt":"2019-11-08T10:49:02","guid":{"rendered":"https:\/\/help.jamk.fi\/peppi-ohjeet-henkilokunnalle\/opsin-kuvaus\/"},"modified":"2024-09-12T12:51:44","modified_gmt":"2024-09-12T09:51:44","slug":"opsin-kuvaus","status":"publish","type":"page","link":"https:\/\/help.jamk.fi\/peppi-ohjeet-henkilokunnalle\/fi\/opetussuunnittelu\/opetussuunnitelmat-opsit\/opsin-kuvaus\/","title":{"rendered":"OPSin kuvaus"},"content":{"rendered":"\n<h2 class=\"wp-block-heading\">Perustiedot<\/h2>\n\n\n\n<p>Pakollisia kentti\u00e4 opetussuunnitelmalle ovat Nimi, Tunnus ja Voimassaoloaika. My\u00f6s Kesto on t\u00e4ytett\u00e4v\u00e4, sill\u00e4 se vaikuttaa ajoitussuunnitelman tekemiseen.<\/p>\n\n\n\n<p>Muita pakollisia tietoja Jamkissa ovat Koulutusaste, Laajuus ja P\u00e4\u00e4asiallinen opetuskieli.<\/p>\n\n\n\n<h2 class=\"wp-block-heading\">Tarkennukset<\/h2>\n\n\n\n<p>T\u00e4ss\u00e4 on mahdollista tarkentaa esim. mitk\u00e4 tutkinto-ohjelmat OPSiin liittyv\u00e4t.<\/p>\n\n\n\n<p>Pakollisia kentti\u00e4, jotta Vuosisuunnittelu toimisi kyseisen OPSin kohdalla oikein, ovat Ryhm\u00e4 sek\u00e4 Organisaatio.<\/p>\n\n\n\n<p>Muita pakollisia tietoja Jamkissa ovat Tutkinto, Tutkintonimike, Koulutusohjelma, Tyyppi ja Vastuuhenkil\u00f6.<\/p>\n\n\n\n<h2 class=\"wp-block-heading\">Kuvaus<\/h2>\n\n\n\n<p>T\u00e4ss\u00e4 kohdassa tarkennetaan OPSin suuntautumista\/suuntautumisia tai OPSin toteutustapaa.<strong> T\u00e4ss\u00e4 kohdassa ei kuvata tutkinto-ohjelmaa. <\/strong>Tutkinto-ohjelman kuvaus tehd\u00e4\u00e4n Yksik\u00f6t-valikon kautta. K\u00e4yt\u00e4 OPSin kuvaamiseen vain Kuvaus-kentt\u00e4\u00e4, sill\u00e4 muut kent\u00e4t eiv\u00e4t n\u00e4y opiskelijalle.<\/p>\n\n\n\n<h2 class=\"wp-block-heading\">Liitteet<\/h2>\n\n\n\n<p>Voit halutessasi liitt\u00e4\u00e4 opetussuunnitelmaan liitteit\u00e4.<\/p>\n\n\n\n<h2 class=\"wp-block-heading\">OPSin ryhm\u00e4t<\/h2>\n\n\n\n<p>Sek\u00e4 OPSille ett\u00e4 sen sis\u00e4lt\u00e4mille ajoitussuunnitelmille tulee liitt\u00e4\u00e4 ryhm\u00e4(t). Ryhm\u00e4t ovat tyypillisesti ns. aloitusryhmi\u00e4 (HTL19S1 = Liiketalouden tutkinto-ohjelmassa syksyll\u00e4 2019 aloittaneet opiskelijat).<\/p>\n\n\n<div id=\"info-lift-block_a2cd907a1b8645868abfdabb36392de3\" class=\"block-info-lift block-info-lift\">\n  <div class=\"row\">\n    <div class=\"col-12\">\n              <div class=\"block-info-lift__content\">\n          <div class=\"block-info-lift__content__icon\">\n            <span>!<\/span>\n          <\/div>\n          <p class=\"block-info-lift__content__text\">HUOM. AMK- ja YAMK-tutkinto-ohjelmien OPSeihin ja niiden ajoitussuunnitelmiin liitet\u00e4\u00e4n my\u00f6s avoimen AMKin polkuopiskelijoiden ryhm\u00e4t.<\/p>\n        <\/div>\n          <\/div>\n  <\/div>\n<\/div>\n\n\n<h2 class=\"wp-block-heading\">OPSin versiointi<\/h2>\n\n\n\n<p>Voit tarkastella opetussuunnitelman kuvauksen aiempia versioita tai palauttaa jonkin vanhan version ty\u00f6versioksi.<\/p>\n\n\n\n<ol class=\"wp-block-list\">\n<li>Napsauta OPS-sivun yl\u00e4reunasta <strong>Versiot<\/strong>-painiketta.<\/li>\n\n\n\n<li>Valitse pudotusvalikoista vertailtavat versiot.<\/li>\n\n\n\n<li>Napsauta <strong>N\u00e4yt\u00e4 versiot<\/strong> -painiketta.<br>Osa vertailtavien versioiden tiedoista n\u00e4ytet\u00e4\u00e4n vierekk\u00e4in kunkin version alla. Jos n\u00e4iss\u00e4 osioissa on eroja versioiden v\u00e4lill\u00e4, ne n\u00e4kyv\u00e4t korostettuna.<\/li>\n\n\n\n<li>Jos haluat palauttaa toisen vertailtavista versioista ty\u00f6versioksi, napsauta version nimen vieress\u00e4 olevaa <strong>Palauta<\/strong>-painiketta.<br>J\u00e4rjestelm\u00e4 tekee palautetusta versiosta uuden version, jotta kaikki aiemmat versiot ovat edelleen tarkasteltavissa.<\/li>\n\n\n\n<li>Poistu Versiot-ikkunasta napsauttamalla <strong>Sulje<\/strong>-linkki\u00e4.<\/li>\n<\/ol>\n","protected":false},"excerpt":{"rendered":"<p>Perustiedot Pakollisia kentti\u00e4 opetussuunnitelmalle ovat Nimi, Tunnus ja Voimassaoloaika. My\u00f6s Kesto on t\u00e4ytett\u00e4v\u00e4, sill\u00e4 se vaikuttaa ajoitussuunnitelman tekemiseen. Muita pakollisia tietoja Jamkissa ovat Koulutusaste, Laajuus ja P\u00e4\u00e4asiallinen opetuskieli. Tarkennukset T\u00e4ss\u00e4 on mahdollista tarkentaa esim. mitk\u00e4 tutkinto-ohjelmat OPSiin liittyv\u00e4t. Pakollisia kentti\u00e4, jotta Vuosisuunnittelu toimisi kyseisen OPSin kohdalla oikein, ovat Ryhm\u00e4 sek\u00e4 Organisaatio. Muita pakollisia tietoja Jamkissa [&hellip;]<\/p>\n","protected":false},"author":79,"featured_media":0,"parent":4525,"menu_order":1,"comment_status":"closed","ping_status":"open","template":"","meta":{"_acf_changed":false,"_relevanssi_hide_post":"","_relevanssi_hide_content":"","_relevanssi_pin_for_all":"","_relevanssi_pin_keywords":"","_relevanssi_unpin_keywords":"","_relevanssi_related_keywords":"","_relevanssi_related_include_ids":"","_relevanssi_related_exclude_ids":"","_relevanssi_related_no_append":"","_relevanssi_related_not_related":"","_relevanssi_related_posts":"","_relevanssi_noindex_reason":"","footnotes":""},"categories":[1],"tags":[],"class_list":["post-4516","page","type-page","status-publish","hentry","category-uncategorised"],"acf":[],"yoast_head":"<!-- This site is optimized with the Yoast SEO plugin v27.3 - https:\/\/yoast.com\/product\/yoast-seo-wordpress\/ -->\n<title>OPSin kuvaus - Peppi-ohjeet henkil\u00f6kunnalle<\/title>\n<meta name=\"robots\" content=\"index, follow, max-snippet:-1, max-image-preview:large, max-video-preview:-1\" \/>\n<link rel=\"canonical\" href=\"https:\/\/help.jamk.fi\/peppi-ohjeet-henkilokunnalle\/fi\/opetussuunnittelu\/opetussuunnitelmat-opsit\/opsin-kuvaus\/\" \/>\n<meta property=\"og:locale\" content=\"fi_FI\" \/>\n<meta property=\"og:type\" content=\"article\" \/>\n<meta property=\"og:title\" content=\"OPSin kuvaus - Peppi-ohjeet henkil\u00f6kunnalle\" \/>\n<meta property=\"og:description\" content=\"Perustiedot Pakollisia kentti\u00e4 opetussuunnitelmalle ovat Nimi, Tunnus ja Voimassaoloaika. My\u00f6s Kesto on t\u00e4ytett\u00e4v\u00e4, sill\u00e4 se vaikuttaa ajoitussuunnitelman tekemiseen. Muita pakollisia tietoja Jamkissa ovat Koulutusaste, Laajuus ja P\u00e4\u00e4asiallinen opetuskieli. Tarkennukset T\u00e4ss\u00e4 on mahdollista tarkentaa esim. mitk\u00e4 tutkinto-ohjelmat OPSiin liittyv\u00e4t. Pakollisia kentti\u00e4, jotta Vuosisuunnittelu toimisi kyseisen OPSin kohdalla oikein, ovat Ryhm\u00e4 sek\u00e4 Organisaatio. Muita pakollisia tietoja Jamkissa [&hellip;]\" \/>\n<meta property=\"og:url\" content=\"https:\/\/help.jamk.fi\/peppi-ohjeet-henkilokunnalle\/fi\/opetussuunnittelu\/opetussuunnitelmat-opsit\/opsin-kuvaus\/\" \/>\n<meta property=\"og:site_name\" content=\"Peppi-ohjeet henkil\u00f6kunnalle\" \/>\n<meta property=\"article:modified_time\" content=\"2024-09-12T09:51:44+00:00\" \/>\n<meta name=\"twitter:card\" content=\"summary_large_image\" \/>\n<meta name=\"twitter:label1\" content=\"Arvioitu lukuaika\" \/>\n\t<meta name=\"twitter:data1\" content=\"2 minuuttia\" \/>\n<script type=\"application\/ld+json\" class=\"yoast-schema-graph\">{\"@context\":\"https:\\\/\\\/schema.org\",\"@graph\":[{\"@type\":\"WebPage\",\"@id\":\"https:\\\/\\\/help.jamk.fi\\\/peppi-ohjeet-henkilokunnalle\\\/fi\\\/opetussuunnittelu\\\/opetussuunnitelmat-opsit\\\/opsin-kuvaus\\\/\",\"url\":\"https:\\\/\\\/help.jamk.fi\\\/peppi-ohjeet-henkilokunnalle\\\/fi\\\/opetussuunnittelu\\\/opetussuunnitelmat-opsit\\\/opsin-kuvaus\\\/\",\"name\":\"OPSin kuvaus - Peppi-ohjeet henkil\u00f6kunnalle\",\"isPartOf\":{\"@id\":\"https:\\\/\\\/help.jamk.fi\\\/peppi-ohjeet-henkilokunnalle\\\/#website\"},\"datePublished\":\"2019-11-08T10:49:02+00:00\",\"dateModified\":\"2024-09-12T09:51:44+00:00\",\"breadcrumb\":{\"@id\":\"https:\\\/\\\/help.jamk.fi\\\/peppi-ohjeet-henkilokunnalle\\\/fi\\\/opetussuunnittelu\\\/opetussuunnitelmat-opsit\\\/opsin-kuvaus\\\/#breadcrumb\"},\"inLanguage\":\"fi\",\"potentialAction\":[{\"@type\":\"ReadAction\",\"target\":[\"https:\\\/\\\/help.jamk.fi\\\/peppi-ohjeet-henkilokunnalle\\\/fi\\\/opetussuunnittelu\\\/opetussuunnitelmat-opsit\\\/opsin-kuvaus\\\/\"]}]},{\"@type\":\"BreadcrumbList\",\"@id\":\"https:\\\/\\\/help.jamk.fi\\\/peppi-ohjeet-henkilokunnalle\\\/fi\\\/opetussuunnittelu\\\/opetussuunnitelmat-opsit\\\/opsin-kuvaus\\\/#breadcrumb\",\"itemListElement\":[{\"@type\":\"ListItem\",\"position\":1,\"name\":\"Home\",\"item\":\"https:\\\/\\\/help.jamk.fi\\\/peppi-ohjeet-henkilokunnalle\\\/en\\\/\"},{\"@type\":\"ListItem\",\"position\":2,\"name\":\"Opetussuunnittelu\",\"item\":\"https:\\\/\\\/help.jamk.fi\\\/peppi-ohjeet-henkilokunnalle\\\/fi\\\/opetussuunnittelu\\\/\"},{\"@type\":\"ListItem\",\"position\":3,\"name\":\"Opetussuunnitelmat (OPSit)\",\"item\":\"https:\\\/\\\/help.jamk.fi\\\/peppi-ohjeet-henkilokunnalle\\\/fi\\\/opetussuunnittelu\\\/opetussuunnitelmat-opsit\\\/\"},{\"@type\":\"ListItem\",\"position\":4,\"name\":\"OPSin kuvaus\"}]},{\"@type\":\"WebSite\",\"@id\":\"https:\\\/\\\/help.jamk.fi\\\/peppi-ohjeet-henkilokunnalle\\\/#website\",\"url\":\"https:\\\/\\\/help.jamk.fi\\\/peppi-ohjeet-henkilokunnalle\\\/\",\"name\":\"Peppi-ohjeet henkil\u00f6kunnalle\",\"description\":\"\",\"potentialAction\":[{\"@type\":\"SearchAction\",\"target\":{\"@type\":\"EntryPoint\",\"urlTemplate\":\"https:\\\/\\\/help.jamk.fi\\\/peppi-ohjeet-henkilokunnalle\\\/?s={search_term_string}\"},\"query-input\":{\"@type\":\"PropertyValueSpecification\",\"valueRequired\":true,\"valueName\":\"search_term_string\"}}],\"inLanguage\":\"fi\"}]}<\/script>\n<!-- \/ Yoast SEO plugin. -->","yoast_head_json":{"title":"OPSin kuvaus - Peppi-ohjeet henkil\u00f6kunnalle","robots":{"index":"index","follow":"follow","max-snippet":"max-snippet:-1","max-image-preview":"max-image-preview:large","max-video-preview":"max-video-preview:-1"},"canonical":"https:\/\/help.jamk.fi\/peppi-ohjeet-henkilokunnalle\/fi\/opetussuunnittelu\/opetussuunnitelmat-opsit\/opsin-kuvaus\/","og_locale":"fi_FI","og_type":"article","og_title":"OPSin kuvaus - Peppi-ohjeet henkil\u00f6kunnalle","og_description":"Perustiedot Pakollisia kentti\u00e4 opetussuunnitelmalle ovat Nimi, Tunnus ja Voimassaoloaika. My\u00f6s Kesto on t\u00e4ytett\u00e4v\u00e4, sill\u00e4 se vaikuttaa ajoitussuunnitelman tekemiseen. Muita pakollisia tietoja Jamkissa ovat Koulutusaste, Laajuus ja P\u00e4\u00e4asiallinen opetuskieli. Tarkennukset T\u00e4ss\u00e4 on mahdollista tarkentaa esim. mitk\u00e4 tutkinto-ohjelmat OPSiin liittyv\u00e4t. Pakollisia kentti\u00e4, jotta Vuosisuunnittelu toimisi kyseisen OPSin kohdalla oikein, ovat Ryhm\u00e4 sek\u00e4 Organisaatio. Muita pakollisia tietoja Jamkissa [&hellip;]","og_url":"https:\/\/help.jamk.fi\/peppi-ohjeet-henkilokunnalle\/fi\/opetussuunnittelu\/opetussuunnitelmat-opsit\/opsin-kuvaus\/","og_site_name":"Peppi-ohjeet henkil\u00f6kunnalle","article_modified_time":"2024-09-12T09:51:44+00:00","twitter_card":"summary_large_image","twitter_misc":{"Arvioitu lukuaika":"2 minuuttia"},"schema":{"@context":"https:\/\/schema.org","@graph":[{"@type":"WebPage","@id":"https:\/\/help.jamk.fi\/peppi-ohjeet-henkilokunnalle\/fi\/opetussuunnittelu\/opetussuunnitelmat-opsit\/opsin-kuvaus\/","url":"https:\/\/help.jamk.fi\/peppi-ohjeet-henkilokunnalle\/fi\/opetussuunnittelu\/opetussuunnitelmat-opsit\/opsin-kuvaus\/","name":"OPSin kuvaus - Peppi-ohjeet henkil\u00f6kunnalle","isPartOf":{"@id":"https:\/\/help.jamk.fi\/peppi-ohjeet-henkilokunnalle\/#website"},"datePublished":"2019-11-08T10:49:02+00:00","dateModified":"2024-09-12T09:51:44+00:00","breadcrumb":{"@id":"https:\/\/help.jamk.fi\/peppi-ohjeet-henkilokunnalle\/fi\/opetussuunnittelu\/opetussuunnitelmat-opsit\/opsin-kuvaus\/#breadcrumb"},"inLanguage":"fi","potentialAction":[{"@type":"ReadAction","target":["https:\/\/help.jamk.fi\/peppi-ohjeet-henkilokunnalle\/fi\/opetussuunnittelu\/opetussuunnitelmat-opsit\/opsin-kuvaus\/"]}]},{"@type":"BreadcrumbList","@id":"https:\/\/help.jamk.fi\/peppi-ohjeet-henkilokunnalle\/fi\/opetussuunnittelu\/opetussuunnitelmat-opsit\/opsin-kuvaus\/#breadcrumb","itemListElement":[{"@type":"ListItem","position":1,"name":"Home","item":"https:\/\/help.jamk.fi\/peppi-ohjeet-henkilokunnalle\/en\/"},{"@type":"ListItem","position":2,"name":"Opetussuunnittelu","item":"https:\/\/help.jamk.fi\/peppi-ohjeet-henkilokunnalle\/fi\/opetussuunnittelu\/"},{"@type":"ListItem","position":3,"name":"Opetussuunnitelmat (OPSit)","item":"https:\/\/help.jamk.fi\/peppi-ohjeet-henkilokunnalle\/fi\/opetussuunnittelu\/opetussuunnitelmat-opsit\/"},{"@type":"ListItem","position":4,"name":"OPSin kuvaus"}]},{"@type":"WebSite","@id":"https:\/\/help.jamk.fi\/peppi-ohjeet-henkilokunnalle\/#website","url":"https:\/\/help.jamk.fi\/peppi-ohjeet-henkilokunnalle\/","name":"Peppi-ohjeet henkil\u00f6kunnalle","description":"","potentialAction":[{"@type":"SearchAction","target":{"@type":"EntryPoint","urlTemplate":"https:\/\/help.jamk.fi\/peppi-ohjeet-henkilokunnalle\/?s={search_term_string}"},"query-input":{"@type":"PropertyValueSpecification","valueRequired":true,"valueName":"search_term_string"}}],"inLanguage":"fi"}]}},"_links":{"self":[{"href":"https:\/\/help.jamk.fi\/peppi-ohjeet-henkilokunnalle\/wp-json\/wp\/v2\/pages\/4516","targetHints":{"allow":["GET"]}}],"collection":[{"href":"https:\/\/help.jamk.fi\/peppi-ohjeet-henkilokunnalle\/wp-json\/wp\/v2\/pages"}],"about":[{"href":"https:\/\/help.jamk.fi\/peppi-ohjeet-henkilokunnalle\/wp-json\/wp\/v2\/types\/page"}],"author":[{"embeddable":true,"href":"https:\/\/help.jamk.fi\/peppi-ohjeet-henkilokunnalle\/wp-json\/wp\/v2\/users\/79"}],"replies":[{"embeddable":true,"href":"https:\/\/help.jamk.fi\/peppi-ohjeet-henkilokunnalle\/wp-json\/wp\/v2\/comments?post=4516"}],"version-history":[{"count":4,"href":"https:\/\/help.jamk.fi\/peppi-ohjeet-henkilokunnalle\/wp-json\/wp\/v2\/pages\/4516\/revisions"}],"predecessor-version":[{"id":5867,"href":"https:\/\/help.jamk.fi\/peppi-ohjeet-henkilokunnalle\/wp-json\/wp\/v2\/pages\/4516\/revisions\/5867"}],"up":[{"embeddable":true,"href":"https:\/\/help.jamk.fi\/peppi-ohjeet-henkilokunnalle\/wp-json\/wp\/v2\/pages\/4525"}],"wp:attachment":[{"href":"https:\/\/help.jamk.fi\/peppi-ohjeet-henkilokunnalle\/wp-json\/wp\/v2\/media?parent=4516"}],"wp:term":[{"taxonomy":"category","embeddable":true,"href":"https:\/\/help.jamk.fi\/peppi-ohjeet-henkilokunnalle\/wp-json\/wp\/v2\/categories?post=4516"},{"taxonomy":"post_tag","embeddable":true,"href":"https:\/\/help.jamk.fi\/peppi-ohjeet-henkilokunnalle\/wp-json\/wp\/v2\/tags?post=4516"}],"curies":[{"name":"wp","href":"https:\/\/api.w.org\/{rel}","templated":true}]}}