{"id":4517,"date":"2019-11-08T12:44:31","date_gmt":"2019-11-08T10:44:31","guid":{"rendered":"https:\/\/help.jamk.fi\/peppi-ohjeet-henkilokunnalle\/rakenne\/"},"modified":"2024-11-06T15:36:52","modified_gmt":"2024-11-06T13:36:52","slug":"rakenne","status":"publish","type":"page","link":"https:\/\/help.jamk.fi\/peppi-ohjeet-henkilokunnalle\/fi\/opetussuunnittelu\/opetussuunnitelmat-opsit\/rakenne\/","title":{"rendered":"Rakenne"},"content":{"rendered":"\n<p>T\u00e4ll\u00e4 v\u00e4lilehdell\u00e4 hallinnoidaan OPSin rakennetta eli siihen sis\u00e4ltyvi\u00e4 elementtej\u00e4 : opintojaksoja ja -kokonaisuuksia, erillisi\u00e4 opintokokonaisuuksia ja ryhmittelyj\u00e4.<\/p>\n\n\n\n<p>Rakenne-v\u00e4lilehti n\u00e4ytt\u00e4\u00e4 opetussuunnitelman alaiset rakenne-elementit hierarkiana. V\u00e4lilehdelle p\u00e4\u00e4set seuraavasti:<\/p>\n\n\n\n<ol class=\"wp-block-list\">\n<li>Valitse p\u00e4\u00e4valikosta <strong>Opetussuunnittelu<\/strong> &gt; <strong>Opetussuunnitelmat<\/strong>.<\/li>\n\n\n\n<li>Hae haluamasi OPS. Lis\u00e4tietoja:<a href=\"https:\/\/help.jamk.fi\/peppi-ohjeet-henkilokunnalle\/fi\/opetussuunnittelu\/hakutoiminto\/\"> Hakutoiminto<\/a>.<\/li>\n\n\n\n<li>Valitse valikosta <strong>Rakenne<\/strong>. Kuvion 1 mukainen n\u00e4kym\u00e4 aukeaa.<\/li>\n\n\n\n<li>Voit lis\u00e4t\u00e4 rakenteeseen elementtej\u00e4 olemassa olevan elementin oikeassa reunassa olevasta Valikko-painikkeesta. Lis\u00e4\u00e4 aina \u201dtyhj\u00e4\u00e4n\u201d rakenteeseen aluksi opintokokonaisuus ja sen alle opintojaksoja.<\/li>\n\n\n\n<li>Voit lis\u00e4t\u00e4 sek\u00e4 opintokokonaisuuksia ett\u00e4 opintojaksoja kahdella eri tavalla:\n<ol class=\"wp-block-list\">\n<li>Etsim\u00e4ll\u00e4 jo tehty opintokokonaisuus tai opintojakso Pepist\u00e4. Jos lis\u00e4\u00e4t opintokokonaisuuden, sen mukana tulevat my\u00f6s siihen liitetyt opintojaksot.<\/li>\n\n\n\n<li>Luomalla uuden opintokokonaisuuden tai opintojakson Peppiin samalla kun lis\u00e4\u00e4t sen rakenteeseen.<\/li>\n<\/ol>\n<\/li>\n\n\n\n<li>Voit siirt\u00e4\u00e4 OPSiin jo liitettyj\u00e4 rakenne-elementtej\u00e4 raahaamalla niit\u00e4 hiirell\u00e4.\n<ul class=\"wp-block-list\">\n<li>Voit siirt\u00e4\u00e4 rakenne-elementtej\u00e4 rakenteessa kaikkialle paitsi opintojaksojen sis\u00e4\u00e4n.<\/li>\n\n\n\n<li>Jos siirr\u00e4t rakenne-elementin, jolla on alatasoja, ne seuraavat automaattisesti yl\u00e4tason mukana.<\/li>\n\n\n\n<li>Muutos p\u00e4ivittyy j\u00e4rjestelm\u00e4\u00e4n heti, josta j\u00e4rjestelm\u00e4 ilmoittaa Rakenne p\u00e4ivitetty -ponnahdusikkunalla.<\/li>\n<\/ul>\n<\/li>\n\n\n\n<li>Kun raahaat siirrett\u00e4v\u00e4n rakenne-elementin sivun oikean reunan leikep\u00f6yd\u00e4lle, voit vieritt\u00e4\u00e4 sivua niin, ett\u00e4 leikep\u00f6yd\u00e4n sis\u00e4lt\u00f6 pysyy n\u00e4kyviss\u00e4.<\/li>\n<\/ol>\n\n\n\n<figure class=\"wp-block-image alignnone wp-image-67\"><img loading=\"lazy\" decoding=\"async\" width=\"1764\" height=\"649\" src=\"https:\/\/help.jamk.fi\/peppi-ohjeet-henkilokunnalle\/wp-content\/uploads\/sites\/131\/2019\/11\/Rakenne-ikkuna.png\" alt=\"\" class=\"wp-image-67\"\/><figcaption class=\"wp-element-caption\">Kuvio 1. Rakenne-ikkuna<\/figcaption><\/figure>\n\n\n\n<h2 class=\"wp-block-heading\">Uuden opintokokonaisuuden lis\u00e4\u00e4minen OPSiin<\/h2>\n\n\n\n<ol class=\"wp-block-list\">\n<li>Napsauta OPSin p\u00e4\u00e4tason oikeassa reunassa n\u00e4kyv\u00e4\u00e4 Valikko-painiketta ja valitse pudotusvalikosta <strong>Lis\u00e4\u00e4 sis\u00e4lt\u00f6\u00e4<\/strong>.<br>Leikep\u00f6yd\u00e4lle avautuu Lis\u00e4\u00e4 sis\u00e4lt\u00f6\u00e4 -alue.<\/li>\n\n\n\n<li>Valitse pudotusvalikosta lis\u00e4tt\u00e4v\u00e4n sis\u00e4ll\u00f6n tyypiksi <strong>Lis\u00e4\u00e4 uusi opintokokonaisuus \/ ryhmittely<\/strong> (kuvio 2).<\/li>\n\n\n\n<li>Sy\u00f6t\u00e4 opintokokonaisuudelle tunnus ja nimi. Valitse kokonaisuudelle Sis\u00e4ll\u00f6n valinnaisuus eli mill\u00e4 tavalla kokonaisuuden opintojaksot ovat opiskelijan valittavissa.<\/li>\n\n\n\n<li>Tallenna opintokokonaisuus napsauttamalla <strong>Lis\u00e4\u00e4<\/strong>-painiketta.<br>Nyt opintokokonaisuus l\u00f6ytyy omana elementtin\u00e4\u00e4n rakenteen lopusta.<\/li>\n\n\n\n<li>Voit tarvittaessa siirt\u00e4\u00e4 elementti\u00e4 hiirell\u00e4 raahaamalla.<\/li>\n<\/ol>\n\n\n\n<figure class=\"wp-block-image alignnone wp-image-69\"><img loading=\"lazy\" decoding=\"async\" width=\"739\" height=\"703\" src=\"https:\/\/help.jamk.fi\/peppi-ohjeet-henkilokunnalle\/wp-content\/uploads\/sites\/131\/2019\/11\/Uuden-opintokokonaisuuden-lisays.png\" alt=\"\" class=\"wp-image-69\"\/><figcaption class=\"wp-element-caption\">Kuvio 2. Uuden opintokokonaisuuden lis\u00e4\u00e4minen<\/figcaption><\/figure>\n\n\n\n<p><\/p>\n\n\n<div id=\"info-lift-block_9a7fd2a30aa0537b9144c052b1b04935\" class=\"block-info-lift block-info-lift\">\n  <div class=\"row\">\n    <div class=\"col-12\">\n              <div class=\"block-info-lift__content\">\n          <div class=\"block-info-lift__content__icon\">\n            <span>!<\/span>\n          <\/div>\n          <p class=\"block-info-lift__content__text\">HUOM. On t\u00e4rke\u00e4\u00e4, ett\u00e4 luotuasi opintokokonaisuuden muokkaat sen sis\u00e4lt\u00f6\u00e4.\u00a0Katso ohjeet sis\u00e4ll\u00f6n muokkaamiseksi Opintokokonaisuudet-sivulta.<\/p>\n        <\/div>\n          <\/div>\n  <\/div>\n<\/div>\n\n\n<h2 class=\"wp-block-heading\">Olemassa olevan opintokokonaisuuden lis\u00e4\u00e4minen OPSiin<\/h2>\n\n\n\n<ol class=\"wp-block-list\">\n<li>Napsauta opetussuunnitelman oikeassa reunassa sijaitsevaa Valikko-painiketta.<\/li>\n\n\n\n<li>Valitse pudotusvalikosta <strong>Lis\u00e4\u00e4 sis\u00e4lt\u00f6\u00e4<\/strong>.<br>Rakenteen oikealle puolelle avautuu uusi n\u00e4kym\u00e4.<\/li>\n\n\n\n<li>Napsauta Valitse lis\u00e4tt\u00e4v\u00e4 sis\u00e4lt\u00f6 -valikosta <strong>Etsi ja kopioi opintokokonaisuus<\/strong>.<\/li>\n\n\n\n<li>Hae alapuolelle aukeavasta valikosta haluamasi opetussuunnitelma kirjoittamalla hakukentt\u00e4\u00e4n esimerkiksi opetussuunnitelman nimen tai tunnuksen kaksi ensimm\u00e4ist\u00e4 kirjainta.<br>Opetussuunnitelman tiedot aukeavat valikon alapuolelle, kun napsautat haluamaasi suunnitelmaa.<\/li>\n\n\n\n<li>Napsauta <strong>Plus<\/strong>-painiketta lis\u00e4t\u00e4ksesi suunnitelman sis\u00e4lt\u00e4m\u00e4n kokonaisuuden OPSiin.<br>J\u00e4rjestelm\u00e4 ilmoittaa onnistuneesta lis\u00e4yksest\u00e4.<\/li>\n<\/ol>\n\n\n<div id=\"info-lift-block_947b423d6f0922ec3c6f1f6d861a104b\" class=\"block-info-lift block-info-lift\">\n  <div class=\"row\">\n    <div class=\"col-12\">\n              <div class=\"block-info-lift__content\">\n          <div class=\"block-info-lift__content__icon\">\n            <span>!<\/span>\n          <\/div>\n          <p class=\"block-info-lift__content__text\">HUOM. Alkuper\u00e4inen ja kopioitu opintokokonaisuus eiv\u00e4t toimenpiteen j\u00e4lkeen ole yksi ja sama elementti, vaan toisistaan irrallisia. Mik\u00e4li halutaan, ett\u00e4 yhteen paikkaan tehdyt muokkaukset p\u00e4ivittyv\u00e4t kerralla moneen OPSiin, tulee k\u00e4ytt\u00e4\u00e4 Erillist\u00e4 opintokokonaisuutta.<\/p>\n        <\/div>\n          <\/div>\n  <\/div>\n<\/div>\n\n\n<h2 class=\"wp-block-heading\">Uuden opintojakson lis\u00e4\u00e4minen OPSiin<\/h2>\n\n\n\n<p><a href=\"https:\/\/help.jamk.fi\/peppi-ohjeet-henkilokunnalle\/fi\/opetussuunnittelu\/opintojaksot\/\">Katso opintojaksojen luomisen periaatteet Jamkissa ja opintojaksojen koodit (=tunnukset) Opintojaksot-sivulta.<\/a><\/p>\n\n\n\n<ol class=\"wp-block-list\">\n<li>Valitse Rakenne-n\u00e4kym\u00e4st\u00e4 opintokokonaisuus, johon haluat lis\u00e4t\u00e4 jakson. Opintojaksot lis\u00e4t\u00e4\u00e4n Jamkissa aina jonkin opintokokonaisuuden alle.<\/li>\n\n\n\n<li>Napsauta valitsemasi OPSin tai opintokokonaisuuden oikealla puolella sijaitsevaa Valikko-painiketta.<\/li>\n\n\n\n<li>Napsauta valikosta <strong>Lis\u00e4\u00e4 sis\u00e4lt\u00f6\u00e4<\/strong>.<br>Rakenteen oikealle puolelle avautuu uusi n\u00e4kym\u00e4.<\/li>\n\n\n\n<li>Valitse oikealle avautuvasta pudotusvalikosta <strong>Lis\u00e4\u00e4 uusi opintojakso<\/strong> (kuvio 3).<\/li>\n\n\n\n<li>Sy\u00f6t\u00e4 uuden opintojakson tunnus, nimi ja laajuus opintopistein\u00e4 ja napsauta <strong>Lis\u00e4\u00e4 rakenteeseen<\/strong> -painiketta. Laajuus ilmoitetaan min-max -muodossa. Jos laajuus ei vaihtele, molempiin kenttiin tulee sama opintopistem\u00e4\u00e4r\u00e4.<br>J\u00e4rjestelm\u00e4 ilmoittaa \u201dElementti lis\u00e4tty\u201d-viestill\u00e4, ett\u00e4 jakso on lis\u00e4tty rakenteeseen.<\/li>\n<\/ol>\n\n\n\n<figure class=\"wp-block-image alignnone wp-image-68\"><img loading=\"lazy\" decoding=\"async\" width=\"747\" height=\"590\" src=\"https:\/\/help.jamk.fi\/peppi-ohjeet-henkilokunnalle\/wp-content\/uploads\/sites\/131\/2019\/11\/Uuden-opintojakson-lisays.png\" alt=\"\" class=\"wp-image-68\"\/><figcaption class=\"wp-element-caption\">Kuvio 3. Uuden opintojakson lis\u00e4\u00e4minen<\/figcaption><\/figure>\n\n\n\n<h2 class=\"wp-block-heading\">Olemassa olevan opintojakson lis\u00e4\u00e4minen OPSiin<\/h2>\n\n\n\n<ol class=\"wp-block-list\">\n<li>Etsi Rakenne-n\u00e4kym\u00e4st\u00e4 rakenne-elementti (opintokokonaisuus), johon haluat lis\u00e4t\u00e4 opintojakson. Opintojaksot lis\u00e4t\u00e4\u00e4n Jamkissa aina jonkin opintokokonaisuuden alle.<\/li>\n\n\n\n<li>Napsauta valitsemasi rakenne-elementin oikeassa reunassa sijaitsevaa Valikko-painiketta.<\/li>\n\n\n\n<li>Valitse pudotusvalikosta <strong>Lis\u00e4\u00e4 sis\u00e4lt\u00f6\u00e4<\/strong>.<br>Rakenteen oikealle puolelle avautuu uusi n\u00e4kym\u00e4.<\/li>\n\n\n\n<li>Napsauta Valitse lis\u00e4tt\u00e4v\u00e4 sis\u00e4lt\u00f6 -pudotusvalikosta <strong>Etsi opintojakso ja lis\u00e4\u00e4 se rakenteeseen<\/strong>.<\/li>\n\n\n\n<li>Voit hakea opintojaksoa kaikista opintojaksoista tai erillisest\u00e4 opintokokonaisuudesta:\n<ul class=\"wp-block-list\">\n<li>Hae opintojaksoa kaikista opintojaksoista:\n<ol class=\"wp-block-list\">\n<li>Sy\u00f6t\u00e4 hakusana tai sen alku Hae opintojaksoja \u2013hakukentt\u00e4\u00e4n.<br>Hakutoiminto hakee osumia v\u00e4litt\u00f6m\u00e4sti.<\/li>\n\n\n\n<li>Napsauta haluamasi opintojakson kohdalta <strong>Plus<\/strong>-painiketta.<br>Opintojakso on lis\u00e4tty rakenteeseen.<\/li>\n<\/ol>\n<\/li>\n\n\n\n<li>Lis\u00e4\u00e4 opintojakso erillisest\u00e4 opintokokonaisuudesta:\n<ol class=\"wp-block-list\">\n<li>Valitse erillinen opintokokonaisuus Lis\u00e4\u00e4 tarjontakorista -pudotusvalikosta.<br>Valikon alle avautuu lista erillisen opintokokonaisuuden sis\u00e4lt\u00e4mist\u00e4 opintojaksoista.<\/li>\n\n\n\n<li>Valitse listasta haluamasi opintojakso ja napsauta sen kohdalta <strong>Plus<\/strong>-painiketta.<br>Opintojakso on lis\u00e4tty rakenteeseen.<\/li>\n<\/ol>\n<\/li>\n<\/ul>\n<\/li>\n<\/ol>\n\n\n\n<h2 class=\"wp-block-heading\">Opintojakson tietojen t\u00e4ydent\u00e4minen ja muokkaaminen<\/h2>\n\n\n\n<ol class=\"wp-block-list\">\n<li>Napsauta rakenteessa olevan opintojakson oikeasta laidasta l\u00f6ytyv\u00e4\u00e4 Valikko-painiketta ja sen alta <strong>Muokkaa<\/strong> -painiketta.<br>J\u00e4rjestelm\u00e4 avaa <strong>Muokkaa opintojaksoa<\/strong> -ponnahdusikkunan.<\/li>\n\n\n\n<li>Muokkaa, lis\u00e4\u00e4 tai poista haluamiasi opintojakson tietoja.<\/li>\n\n\n\n<li>Kun olet tehnyt haluamasi muutokset, napsauta <strong>Tallenna<\/strong>-painiketta. J\u00e4rjestelm\u00e4 tallentaa tiedot ja sulkee ponnahdusikkunan.<\/li>\n<\/ol>\n\n\n\n<p><strong>HUOM!<\/strong> Mik\u00e4li yksi opintojakso on osa useampaa OPSia tai opintokokonaisuutta, p\u00e4ivittyv\u00e4t siihen tehdyt muokkaukset kerralla kaikkiin elementteihin, joihin se on liitetty!<\/p>\n\n\n\n<h2 class=\"wp-block-heading\">Opintojakson poisto rakenteesta<\/h2>\n\n\n\n<ol class=\"wp-block-list\">\n<li>Napsauta Valikko-painiketta haluamasi opintojaksorivin p\u00e4\u00e4ss\u00e4 ja valitse <strong>Poista opintojakso<\/strong>.<\/li>\n\n\n\n<li>Vahvista poistaminen napsauttamalla ponnahdusikkunan OK-painiketta.<\/li>\n<\/ol>\n\n\n\n<p><strong>HUOM!<\/strong> Opintojakso ei poistu Pepist\u00e4, vaikka poistat sen rakenteesta.<\/p>\n\n\n\n<h2 class=\"wp-block-heading\">Opintokokonaisuuden poisto rakenteesta<\/h2>\n\n\n\n<ol class=\"wp-block-list\">\n<li>Napsauta -painiketta haluamasi opintokokonaisuusrivin p\u00e4\u00e4ss\u00e4 ja valitse <strong>Poista opintokokonaisuus<\/strong>.<\/li>\n\n\n\n<li>Vahvista poistaminen napsauttamalla ponnahdusikkunan OK-painiketta.<\/li>\n<\/ol>\n","protected":false},"excerpt":{"rendered":"<p>T\u00e4ll\u00e4 v\u00e4lilehdell\u00e4 hallinnoidaan OPSin rakennetta eli siihen sis\u00e4ltyvi\u00e4 elementtej\u00e4 : opintojaksoja ja -kokonaisuuksia, erillisi\u00e4 opintokokonaisuuksia ja ryhmittelyj\u00e4. Rakenne-v\u00e4lilehti n\u00e4ytt\u00e4\u00e4 opetussuunnitelman alaiset rakenne-elementit hierarkiana. V\u00e4lilehdelle p\u00e4\u00e4set seuraavasti: Uuden opintokokonaisuuden lis\u00e4\u00e4minen OPSiin Olemassa olevan opintokokonaisuuden lis\u00e4\u00e4minen OPSiin Uuden opintojakson lis\u00e4\u00e4minen OPSiin Katso opintojaksojen luomisen periaatteet Jamkissa ja opintojaksojen koodit (=tunnukset) Opintojaksot-sivulta. Olemassa olevan opintojakson lis\u00e4\u00e4minen OPSiin Opintojakson [&hellip;]<\/p>\n","protected":false},"author":79,"featured_media":0,"parent":4525,"menu_order":3,"comment_status":"closed","ping_status":"open","template":"","meta":{"_acf_changed":false,"_relevanssi_hide_post":"","_relevanssi_hide_content":"","_relevanssi_pin_for_all":"","_relevanssi_pin_keywords":"","_relevanssi_unpin_keywords":"","_relevanssi_related_keywords":"","_relevanssi_related_include_ids":"","_relevanssi_related_exclude_ids":"","_relevanssi_related_no_append":"","_relevanssi_related_not_related":"","_relevanssi_related_posts":"","_relevanssi_noindex_reason":"","footnotes":""},"categories":[1],"tags":[],"class_list":["post-4517","page","type-page","status-publish","hentry","category-uncategorised"],"acf":[],"yoast_head":"<!-- This site is optimized with the Yoast SEO plugin v27.3 - https:\/\/yoast.com\/product\/yoast-seo-wordpress\/ -->\n<title>Rakenne - Peppi-ohjeet henkil\u00f6kunnalle<\/title>\n<meta name=\"robots\" content=\"index, follow, max-snippet:-1, max-image-preview:large, max-video-preview:-1\" \/>\n<link rel=\"canonical\" href=\"https:\/\/help.jamk.fi\/peppi-ohjeet-henkilokunnalle\/fi\/opetussuunnittelu\/opetussuunnitelmat-opsit\/rakenne\/\" \/>\n<meta property=\"og:locale\" content=\"fi_FI\" \/>\n<meta property=\"og:type\" content=\"article\" \/>\n<meta property=\"og:title\" content=\"Rakenne - Peppi-ohjeet henkil\u00f6kunnalle\" \/>\n<meta property=\"og:description\" content=\"T\u00e4ll\u00e4 v\u00e4lilehdell\u00e4 hallinnoidaan OPSin rakennetta eli siihen sis\u00e4ltyvi\u00e4 elementtej\u00e4 : opintojaksoja ja -kokonaisuuksia, erillisi\u00e4 opintokokonaisuuksia ja ryhmittelyj\u00e4. Rakenne-v\u00e4lilehti n\u00e4ytt\u00e4\u00e4 opetussuunnitelman alaiset rakenne-elementit hierarkiana. V\u00e4lilehdelle p\u00e4\u00e4set seuraavasti: Uuden opintokokonaisuuden lis\u00e4\u00e4minen OPSiin Olemassa olevan opintokokonaisuuden lis\u00e4\u00e4minen OPSiin Uuden opintojakson lis\u00e4\u00e4minen OPSiin Katso opintojaksojen luomisen periaatteet Jamkissa ja opintojaksojen koodit (=tunnukset) Opintojaksot-sivulta. Olemassa olevan opintojakson lis\u00e4\u00e4minen OPSiin Opintojakson [&hellip;]\" \/>\n<meta property=\"og:url\" content=\"https:\/\/help.jamk.fi\/peppi-ohjeet-henkilokunnalle\/fi\/opetussuunnittelu\/opetussuunnitelmat-opsit\/rakenne\/\" \/>\n<meta property=\"og:site_name\" content=\"Peppi-ohjeet henkil\u00f6kunnalle\" \/>\n<meta property=\"article:modified_time\" content=\"2024-11-06T13:36:52+00:00\" \/>\n<meta property=\"og:image\" content=\"https:\/\/help.jamk.fi\/peppi-ohjeet-henkilokunnalle\/wp-content\/uploads\/sites\/131\/2019\/11\/Rakenne-ikkuna.png\" \/>\n<meta name=\"twitter:card\" content=\"summary_large_image\" \/>\n<meta name=\"twitter:label1\" content=\"Arvioitu lukuaika\" \/>\n\t<meta name=\"twitter:data1\" content=\"5 minuuttia\" \/>\n<script type=\"application\/ld+json\" class=\"yoast-schema-graph\">{\"@context\":\"https:\\\/\\\/schema.org\",\"@graph\":[{\"@type\":\"WebPage\",\"@id\":\"https:\\\/\\\/help.jamk.fi\\\/peppi-ohjeet-henkilokunnalle\\\/fi\\\/opetussuunnittelu\\\/opetussuunnitelmat-opsit\\\/rakenne\\\/\",\"url\":\"https:\\\/\\\/help.jamk.fi\\\/peppi-ohjeet-henkilokunnalle\\\/fi\\\/opetussuunnittelu\\\/opetussuunnitelmat-opsit\\\/rakenne\\\/\",\"name\":\"Rakenne - Peppi-ohjeet henkil\u00f6kunnalle\",\"isPartOf\":{\"@id\":\"https:\\\/\\\/help.jamk.fi\\\/peppi-ohjeet-henkilokunnalle\\\/#website\"},\"primaryImageOfPage\":{\"@id\":\"https:\\\/\\\/help.jamk.fi\\\/peppi-ohjeet-henkilokunnalle\\\/fi\\\/opetussuunnittelu\\\/opetussuunnitelmat-opsit\\\/rakenne\\\/#primaryimage\"},\"image\":{\"@id\":\"https:\\\/\\\/help.jamk.fi\\\/peppi-ohjeet-henkilokunnalle\\\/fi\\\/opetussuunnittelu\\\/opetussuunnitelmat-opsit\\\/rakenne\\\/#primaryimage\"},\"thumbnailUrl\":\"https:\\\/\\\/help.jamk.fi\\\/peppi-ohjeet-henkilokunnalle\\\/wp-content\\\/uploads\\\/sites\\\/131\\\/2019\\\/11\\\/Rakenne-ikkuna.png\",\"datePublished\":\"2019-11-08T10:44:31+00:00\",\"dateModified\":\"2024-11-06T13:36:52+00:00\",\"breadcrumb\":{\"@id\":\"https:\\\/\\\/help.jamk.fi\\\/peppi-ohjeet-henkilokunnalle\\\/fi\\\/opetussuunnittelu\\\/opetussuunnitelmat-opsit\\\/rakenne\\\/#breadcrumb\"},\"inLanguage\":\"fi\",\"potentialAction\":[{\"@type\":\"ReadAction\",\"target\":[\"https:\\\/\\\/help.jamk.fi\\\/peppi-ohjeet-henkilokunnalle\\\/fi\\\/opetussuunnittelu\\\/opetussuunnitelmat-opsit\\\/rakenne\\\/\"]}]},{\"@type\":\"ImageObject\",\"inLanguage\":\"fi\",\"@id\":\"https:\\\/\\\/help.jamk.fi\\\/peppi-ohjeet-henkilokunnalle\\\/fi\\\/opetussuunnittelu\\\/opetussuunnitelmat-opsit\\\/rakenne\\\/#primaryimage\",\"url\":\"https:\\\/\\\/help.jamk.fi\\\/peppi-ohjeet-henkilokunnalle\\\/wp-content\\\/uploads\\\/sites\\\/131\\\/2019\\\/11\\\/Rakenne-ikkuna.png\",\"contentUrl\":\"https:\\\/\\\/help.jamk.fi\\\/peppi-ohjeet-henkilokunnalle\\\/wp-content\\\/uploads\\\/sites\\\/131\\\/2019\\\/11\\\/Rakenne-ikkuna.png\",\"width\":1764,\"height\":649,\"caption\":\"Kuvio 1. Rakenne-ikkuna\"},{\"@type\":\"BreadcrumbList\",\"@id\":\"https:\\\/\\\/help.jamk.fi\\\/peppi-ohjeet-henkilokunnalle\\\/fi\\\/opetussuunnittelu\\\/opetussuunnitelmat-opsit\\\/rakenne\\\/#breadcrumb\",\"itemListElement\":[{\"@type\":\"ListItem\",\"position\":1,\"name\":\"Home\",\"item\":\"https:\\\/\\\/help.jamk.fi\\\/peppi-ohjeet-henkilokunnalle\\\/en\\\/\"},{\"@type\":\"ListItem\",\"position\":2,\"name\":\"Opetussuunnittelu\",\"item\":\"https:\\\/\\\/help.jamk.fi\\\/peppi-ohjeet-henkilokunnalle\\\/fi\\\/opetussuunnittelu\\\/\"},{\"@type\":\"ListItem\",\"position\":3,\"name\":\"Opetussuunnitelmat (OPSit)\",\"item\":\"https:\\\/\\\/help.jamk.fi\\\/peppi-ohjeet-henkilokunnalle\\\/fi\\\/opetussuunnittelu\\\/opetussuunnitelmat-opsit\\\/\"},{\"@type\":\"ListItem\",\"position\":4,\"name\":\"Rakenne\"}]},{\"@type\":\"WebSite\",\"@id\":\"https:\\\/\\\/help.jamk.fi\\\/peppi-ohjeet-henkilokunnalle\\\/#website\",\"url\":\"https:\\\/\\\/help.jamk.fi\\\/peppi-ohjeet-henkilokunnalle\\\/\",\"name\":\"Peppi-ohjeet henkil\u00f6kunnalle\",\"description\":\"\",\"potentialAction\":[{\"@type\":\"SearchAction\",\"target\":{\"@type\":\"EntryPoint\",\"urlTemplate\":\"https:\\\/\\\/help.jamk.fi\\\/peppi-ohjeet-henkilokunnalle\\\/?s={search_term_string}\"},\"query-input\":{\"@type\":\"PropertyValueSpecification\",\"valueRequired\":true,\"valueName\":\"search_term_string\"}}],\"inLanguage\":\"fi\"}]}<\/script>\n<!-- \/ Yoast SEO plugin. -->","yoast_head_json":{"title":"Rakenne - Peppi-ohjeet henkil\u00f6kunnalle","robots":{"index":"index","follow":"follow","max-snippet":"max-snippet:-1","max-image-preview":"max-image-preview:large","max-video-preview":"max-video-preview:-1"},"canonical":"https:\/\/help.jamk.fi\/peppi-ohjeet-henkilokunnalle\/fi\/opetussuunnittelu\/opetussuunnitelmat-opsit\/rakenne\/","og_locale":"fi_FI","og_type":"article","og_title":"Rakenne - Peppi-ohjeet henkil\u00f6kunnalle","og_description":"T\u00e4ll\u00e4 v\u00e4lilehdell\u00e4 hallinnoidaan OPSin rakennetta eli siihen sis\u00e4ltyvi\u00e4 elementtej\u00e4 : opintojaksoja ja -kokonaisuuksia, erillisi\u00e4 opintokokonaisuuksia ja ryhmittelyj\u00e4. Rakenne-v\u00e4lilehti n\u00e4ytt\u00e4\u00e4 opetussuunnitelman alaiset rakenne-elementit hierarkiana. V\u00e4lilehdelle p\u00e4\u00e4set seuraavasti: Uuden opintokokonaisuuden lis\u00e4\u00e4minen OPSiin Olemassa olevan opintokokonaisuuden lis\u00e4\u00e4minen OPSiin Uuden opintojakson lis\u00e4\u00e4minen OPSiin Katso opintojaksojen luomisen periaatteet Jamkissa ja opintojaksojen koodit (=tunnukset) Opintojaksot-sivulta. Olemassa olevan opintojakson lis\u00e4\u00e4minen OPSiin Opintojakson [&hellip;]","og_url":"https:\/\/help.jamk.fi\/peppi-ohjeet-henkilokunnalle\/fi\/opetussuunnittelu\/opetussuunnitelmat-opsit\/rakenne\/","og_site_name":"Peppi-ohjeet henkil\u00f6kunnalle","article_modified_time":"2024-11-06T13:36:52+00:00","og_image":[{"url":"https:\/\/help.jamk.fi\/peppi-ohjeet-henkilokunnalle\/wp-content\/uploads\/sites\/131\/2019\/11\/Rakenne-ikkuna.png","type":"","width":"","height":""}],"twitter_card":"summary_large_image","twitter_misc":{"Arvioitu lukuaika":"5 minuuttia"},"schema":{"@context":"https:\/\/schema.org","@graph":[{"@type":"WebPage","@id":"https:\/\/help.jamk.fi\/peppi-ohjeet-henkilokunnalle\/fi\/opetussuunnittelu\/opetussuunnitelmat-opsit\/rakenne\/","url":"https:\/\/help.jamk.fi\/peppi-ohjeet-henkilokunnalle\/fi\/opetussuunnittelu\/opetussuunnitelmat-opsit\/rakenne\/","name":"Rakenne - Peppi-ohjeet henkil\u00f6kunnalle","isPartOf":{"@id":"https:\/\/help.jamk.fi\/peppi-ohjeet-henkilokunnalle\/#website"},"primaryImageOfPage":{"@id":"https:\/\/help.jamk.fi\/peppi-ohjeet-henkilokunnalle\/fi\/opetussuunnittelu\/opetussuunnitelmat-opsit\/rakenne\/#primaryimage"},"image":{"@id":"https:\/\/help.jamk.fi\/peppi-ohjeet-henkilokunnalle\/fi\/opetussuunnittelu\/opetussuunnitelmat-opsit\/rakenne\/#primaryimage"},"thumbnailUrl":"https:\/\/help.jamk.fi\/peppi-ohjeet-henkilokunnalle\/wp-content\/uploads\/sites\/131\/2019\/11\/Rakenne-ikkuna.png","datePublished":"2019-11-08T10:44:31+00:00","dateModified":"2024-11-06T13:36:52+00:00","breadcrumb":{"@id":"https:\/\/help.jamk.fi\/peppi-ohjeet-henkilokunnalle\/fi\/opetussuunnittelu\/opetussuunnitelmat-opsit\/rakenne\/#breadcrumb"},"inLanguage":"fi","potentialAction":[{"@type":"ReadAction","target":["https:\/\/help.jamk.fi\/peppi-ohjeet-henkilokunnalle\/fi\/opetussuunnittelu\/opetussuunnitelmat-opsit\/rakenne\/"]}]},{"@type":"ImageObject","inLanguage":"fi","@id":"https:\/\/help.jamk.fi\/peppi-ohjeet-henkilokunnalle\/fi\/opetussuunnittelu\/opetussuunnitelmat-opsit\/rakenne\/#primaryimage","url":"https:\/\/help.jamk.fi\/peppi-ohjeet-henkilokunnalle\/wp-content\/uploads\/sites\/131\/2019\/11\/Rakenne-ikkuna.png","contentUrl":"https:\/\/help.jamk.fi\/peppi-ohjeet-henkilokunnalle\/wp-content\/uploads\/sites\/131\/2019\/11\/Rakenne-ikkuna.png","width":1764,"height":649,"caption":"Kuvio 1. Rakenne-ikkuna"},{"@type":"BreadcrumbList","@id":"https:\/\/help.jamk.fi\/peppi-ohjeet-henkilokunnalle\/fi\/opetussuunnittelu\/opetussuunnitelmat-opsit\/rakenne\/#breadcrumb","itemListElement":[{"@type":"ListItem","position":1,"name":"Home","item":"https:\/\/help.jamk.fi\/peppi-ohjeet-henkilokunnalle\/en\/"},{"@type":"ListItem","position":2,"name":"Opetussuunnittelu","item":"https:\/\/help.jamk.fi\/peppi-ohjeet-henkilokunnalle\/fi\/opetussuunnittelu\/"},{"@type":"ListItem","position":3,"name":"Opetussuunnitelmat (OPSit)","item":"https:\/\/help.jamk.fi\/peppi-ohjeet-henkilokunnalle\/fi\/opetussuunnittelu\/opetussuunnitelmat-opsit\/"},{"@type":"ListItem","position":4,"name":"Rakenne"}]},{"@type":"WebSite","@id":"https:\/\/help.jamk.fi\/peppi-ohjeet-henkilokunnalle\/#website","url":"https:\/\/help.jamk.fi\/peppi-ohjeet-henkilokunnalle\/","name":"Peppi-ohjeet henkil\u00f6kunnalle","description":"","potentialAction":[{"@type":"SearchAction","target":{"@type":"EntryPoint","urlTemplate":"https:\/\/help.jamk.fi\/peppi-ohjeet-henkilokunnalle\/?s={search_term_string}"},"query-input":{"@type":"PropertyValueSpecification","valueRequired":true,"valueName":"search_term_string"}}],"inLanguage":"fi"}]}},"_links":{"self":[{"href":"https:\/\/help.jamk.fi\/peppi-ohjeet-henkilokunnalle\/wp-json\/wp\/v2\/pages\/4517","targetHints":{"allow":["GET"]}}],"collection":[{"href":"https:\/\/help.jamk.fi\/peppi-ohjeet-henkilokunnalle\/wp-json\/wp\/v2\/pages"}],"about":[{"href":"https:\/\/help.jamk.fi\/peppi-ohjeet-henkilokunnalle\/wp-json\/wp\/v2\/types\/page"}],"author":[{"embeddable":true,"href":"https:\/\/help.jamk.fi\/peppi-ohjeet-henkilokunnalle\/wp-json\/wp\/v2\/users\/79"}],"replies":[{"embeddable":true,"href":"https:\/\/help.jamk.fi\/peppi-ohjeet-henkilokunnalle\/wp-json\/wp\/v2\/comments?post=4517"}],"version-history":[{"count":14,"href":"https:\/\/help.jamk.fi\/peppi-ohjeet-henkilokunnalle\/wp-json\/wp\/v2\/pages\/4517\/revisions"}],"predecessor-version":[{"id":7300,"href":"https:\/\/help.jamk.fi\/peppi-ohjeet-henkilokunnalle\/wp-json\/wp\/v2\/pages\/4517\/revisions\/7300"}],"up":[{"embeddable":true,"href":"https:\/\/help.jamk.fi\/peppi-ohjeet-henkilokunnalle\/wp-json\/wp\/v2\/pages\/4525"}],"wp:attachment":[{"href":"https:\/\/help.jamk.fi\/peppi-ohjeet-henkilokunnalle\/wp-json\/wp\/v2\/media?parent=4517"}],"wp:term":[{"taxonomy":"category","embeddable":true,"href":"https:\/\/help.jamk.fi\/peppi-ohjeet-henkilokunnalle\/wp-json\/wp\/v2\/categories?post=4517"},{"taxonomy":"post_tag","embeddable":true,"href":"https:\/\/help.jamk.fi\/peppi-ohjeet-henkilokunnalle\/wp-json\/wp\/v2\/tags?post=4517"}],"curies":[{"name":"wp","href":"https:\/\/api.w.org\/{rel}","templated":true}]}}