{"id":4519,"date":"2019-11-08T12:45:53","date_gmt":"2019-11-08T10:45:53","guid":{"rendered":"https:\/\/help.jamk.fi\/peppi-ohjeet-henkilokunnalle\/ajoitussuunnitelmat\/"},"modified":"2025-06-05T15:08:02","modified_gmt":"2025-06-05T12:08:02","slug":"ajoitussuunnitelmat","status":"publish","type":"page","link":"https:\/\/help.jamk.fi\/peppi-ohjeet-henkilokunnalle\/fi\/opetussuunnittelu\/opetussuunnitelmat-opsit\/ajoitussuunnitelmat\/","title":{"rendered":"Ajoitussuunnitelmat"},"content":{"rendered":"\n<h2 class=\"wp-block-heading\">Ajoitussuunnitelman luominen<\/h2>\n\n\n\n<p>Voit lis\u00e4t\u00e4 OPSille ajoitussuunnitelman, joka on suunnitelma siit\u00e4, milloin opetus aiotaan j\u00e4rjestet\u00e4\u00e4n. Yhteen OPSiin voidaan lis\u00e4t\u00e4 useita ajoitussuunnitelmia. Jamkissa tutkinto-ohjelmille luodaan yksi rakenne, johon voidaan linkitt\u00e4\u00e4 useita ajoitussuunnitelmia, esimerkiksi p\u00e4iv\u00e4- ja monimuotototeutuksille omansa.<\/p>\n\n\n\n<p>Ajoitussuunnitelma lis\u00e4t\u00e4\u00e4n seuraavasti:<\/p>\n\n\n\n<ol class=\"wp-block-list\">\n<li>Valitse p\u00e4\u00e4valikosta <strong>Opetussuunnittelu<\/strong> &gt; <strong>Opetussuunnitelmat<\/strong>.<\/li>\n\n\n\n<li>Hae OPS ja avaa se. Lis\u00e4tietoja: <a href=\"https:\/\/help.jamk.fi\/peppi-ohjeet-henkilokunnalle\/fi\/opetussuunnittelu\/hakutoiminto\/\">Hakutoiminto.<\/a><\/li>\n\n\n\n<li>Valitse <strong>Ajoitussuunnitelmat<\/strong> valikosta.<\/li>\n\n\n\n<li>Napsauta <strong>Lis\u00e4\u00e4 ajoitussuunnitelma<\/strong> -painiketta.<br>N\u00e4yt\u00f6lle avautuu <strong>Lis\u00e4\u00e4 ajoitussuunnitelma<\/strong> -ponnahdusikkuna, johon voit sy\u00f6tt\u00e4\u00e4 uuden ajoitussuunnitelman tiedot. Ks. ajoituksen tyyppi alta.<\/li>\n\n\n\n<li>Nime\u00e4 ajoitussuunnitelma, esim. p\u00e4iv\u00e4toteutus, monimuotototeutus tai p\u00e4iv\u00e4- ja monimuotototeutus. Jos teet ajoitussuunnitelman opintopoluittain, voit nimet\u00e4 ne opintopolkujen mukaan.<\/li>\n\n\n\n<li>Valitse my\u00f6s ajoituksen tyyppi (ks. ohje alla), aloituslukuvuosi, aloituslukukausi ja mahdollinen opintopolku, jota ajoitussuunnitelma koskee. Voit my\u00f6s lis\u00e4t\u00e4 ajoitussuunnitelmalle tarvittaessa ryhm\u00e4n, jolle ajoitus on suunnattu.<\/li>\n<\/ol>\n\n\n\n<h3 class=\"wp-block-heading\">Ajoituksen tyypit<\/h3>\n\n\n\n<p>Ajoituksella on kolme eri tyyppi\u00e4:<\/p>\n\n\n\n<ul class=\"wp-block-list\">\n<li><strong>Karkea ajoitus<\/strong>: j\u00e4rjestelm\u00e4 jakaa automaattisesti opintojakson kokonaislaajuuden tasan valittujen sarakkeiden (lukuvuodet, lukukaudet tai periodit) kesken.<\/li>\n\n\n\n<li><strong>Tarkka ajoitus<\/strong>: voit itse kirjoittaa opintopisteet sarakkeiden soluihin.<\/li>\n\n\n\n<li><strong>Yksinkertainen ajoitus<\/strong>: voit valita napsauttamalla sarakkeen solun, johon haluat opintojakson kaikkien opintopisteiden kuuluvan (vain yksi sarake on mahdollinen).<\/li>\n<\/ul>\n\n\n\n<p>Jamkissa ajoitussuunnitelmien tyyppin\u00e4 k\u00e4ytet\u00e4\u00e4n tarkkaa ajoitusta.<\/p>\n\n\n\n<p>Tallenna tiedot napsauttamalla <strong>Tallenna<\/strong>-painiketta.<\/p>\n\n\n\n<h2 class=\"wp-block-heading\">Ajoitussuunnitelman muokkaaminen<\/h2>\n\n\n\n<p>Voit muokata opetussuunnitelmaan lis\u00e4tyn ajoitussuunnitelman nime\u00e4, m\u00e4\u00e4ritt\u00e4\u00e4 ryhm\u00e4t ja vaihtaa ajoituksen tyypin, aloituslukuvuoden ja -lukukauden sek\u00e4 opintopolun.<\/p>\n\n\n\n<ol class=\"wp-block-list\">\n<li>Valitse p\u00e4\u00e4valikosta <strong>Opetussuunnittelu<\/strong> &gt; <strong>Opetussuunnitelmat<\/strong>.<\/li>\n\n\n\n<li>Hae OPS. Lis\u00e4tietoja: <a href=\"https:\/\/help.jamk.fi\/peppi-ohjeet-henkilokunnalle\/fi\/opetussuunnittelu\/hakutoiminto\/\">Hakutoiminto.<\/a><\/li>\n\n\n\n<li>Napsauta OPSin nime\u00e4 tai tunnusta.<br>N\u00e4yt\u00f6lle avautuu OPSin kuvaus.<\/li>\n\n\n\n<li>Valitse valikosta <strong>Ajoitussuunnitelmat<\/strong>.<br>J\u00e4rjestelm\u00e4 listaa OPSiin lis\u00e4tyt ajoitussuunnitelmat.<\/li>\n\n\n\n<li>Valitse ajoitussuunnitelma.<br>N\u00e4yt\u00f6lle avautuu ajoitussuunnitelmataulukko.<br><strong>HUOMIO<br><\/strong><strong>Jos muutat ajoitussuunnitelmataulukon tietoja, tekem\u00e4si muutokset tallentuvat automaattisesti!<\/strong><\/li>\n\n\n\n<li>Napsauta <strong>Muokkaa<\/strong> -painiketta.<br>J\u00e4rjestelm\u00e4 avaa <strong>Muokkaa ajoitussuunnitelmaa<\/strong> -ponnahdusikkunan, jossa voit muuttaa ajoitussuunnitelman m\u00e4\u00e4rityksi\u00e4.<\/li>\n\n\n\n<li>Muokkaa, lis\u00e4\u00e4 tai poista tietoja. Ajoitussuunnitelman nimi suomeksi ja ajoituksen tyyppi ovat pakollisia tietoja. Lis\u00e4tietoja ajoituksen tyypeist\u00e4: Ajoitussuunnitelman luominen.<\/li>\n\n\n\n<li>Kun olet tehnyt haluamasi muutokset, napsauta <strong>Tallenna<\/strong>-painiketta.<br>J\u00e4rjestelm\u00e4 tallentaa m\u00e4\u00e4ritykset ja sulkee <strong>Muokkaa ajoitussuunnitelmaa<\/strong> -ponnahdusikkunan.<\/li>\n<\/ol>\n","protected":false},"excerpt":{"rendered":"<p>Ajoitussuunnitelman luominen Voit lis\u00e4t\u00e4 OPSille ajoitussuunnitelman, joka on suunnitelma siit\u00e4, milloin opetus aiotaan j\u00e4rjestet\u00e4\u00e4n. Yhteen OPSiin voidaan lis\u00e4t\u00e4 useita ajoitussuunnitelmia. Jamkissa tutkinto-ohjelmille luodaan yksi rakenne, johon voidaan linkitt\u00e4\u00e4 useita ajoitussuunnitelmia, esimerkiksi p\u00e4iv\u00e4- ja monimuotototeutuksille omansa. Ajoitussuunnitelma lis\u00e4t\u00e4\u00e4n seuraavasti: Ajoituksen tyypit Ajoituksella on kolme eri tyyppi\u00e4: Jamkissa ajoitussuunnitelmien tyyppin\u00e4 k\u00e4ytet\u00e4\u00e4n tarkkaa ajoitusta. Tallenna tiedot napsauttamalla Tallenna-painiketta. [&hellip;]<\/p>\n","protected":false},"author":79,"featured_media":0,"parent":4525,"menu_order":5,"comment_status":"closed","ping_status":"open","template":"","meta":{"_acf_changed":false,"_relevanssi_hide_post":"","_relevanssi_hide_content":"","_relevanssi_pin_for_all":"","_relevanssi_pin_keywords":"","_relevanssi_unpin_keywords":"","_relevanssi_related_keywords":"","_relevanssi_related_include_ids":"","_relevanssi_related_exclude_ids":"","_relevanssi_related_no_append":"","_relevanssi_related_not_related":"","_relevanssi_related_posts":"","_relevanssi_noindex_reason":"","footnotes":""},"categories":[1],"tags":[],"class_list":["post-4519","page","type-page","status-publish","hentry","category-uncategorised"],"acf":[],"yoast_head":"<!-- This site is optimized with the Yoast SEO plugin v27.3 - https:\/\/yoast.com\/product\/yoast-seo-wordpress\/ -->\n<title>Ajoitussuunnitelmat - Peppi-ohjeet henkil\u00f6kunnalle<\/title>\n<meta name=\"robots\" content=\"index, follow, max-snippet:-1, max-image-preview:large, max-video-preview:-1\" \/>\n<link rel=\"canonical\" href=\"https:\/\/help.jamk.fi\/peppi-ohjeet-henkilokunnalle\/fi\/opetussuunnittelu\/opetussuunnitelmat-opsit\/ajoitussuunnitelmat\/\" \/>\n<meta property=\"og:locale\" content=\"fi_FI\" \/>\n<meta property=\"og:type\" content=\"article\" \/>\n<meta property=\"og:title\" content=\"Ajoitussuunnitelmat - Peppi-ohjeet henkil\u00f6kunnalle\" \/>\n<meta property=\"og:description\" content=\"Ajoitussuunnitelman luominen Voit lis\u00e4t\u00e4 OPSille ajoitussuunnitelman, joka on suunnitelma siit\u00e4, milloin opetus aiotaan j\u00e4rjestet\u00e4\u00e4n. Yhteen OPSiin voidaan lis\u00e4t\u00e4 useita ajoitussuunnitelmia. Jamkissa tutkinto-ohjelmille luodaan yksi rakenne, johon voidaan linkitt\u00e4\u00e4 useita ajoitussuunnitelmia, esimerkiksi p\u00e4iv\u00e4- ja monimuotototeutuksille omansa. Ajoitussuunnitelma lis\u00e4t\u00e4\u00e4n seuraavasti: Ajoituksen tyypit Ajoituksella on kolme eri tyyppi\u00e4: Jamkissa ajoitussuunnitelmien tyyppin\u00e4 k\u00e4ytet\u00e4\u00e4n tarkkaa ajoitusta. Tallenna tiedot napsauttamalla Tallenna-painiketta. [&hellip;]\" \/>\n<meta property=\"og:url\" content=\"https:\/\/help.jamk.fi\/peppi-ohjeet-henkilokunnalle\/fi\/opetussuunnittelu\/opetussuunnitelmat-opsit\/ajoitussuunnitelmat\/\" \/>\n<meta property=\"og:site_name\" content=\"Peppi-ohjeet henkil\u00f6kunnalle\" \/>\n<meta property=\"article:modified_time\" content=\"2025-06-05T12:08:02+00:00\" \/>\n<meta name=\"twitter:card\" content=\"summary_large_image\" \/>\n<meta name=\"twitter:label1\" content=\"Arvioitu lukuaika\" \/>\n\t<meta name=\"twitter:data1\" content=\"2 minuuttia\" \/>\n<script type=\"application\/ld+json\" class=\"yoast-schema-graph\">{\"@context\":\"https:\\\/\\\/schema.org\",\"@graph\":[{\"@type\":\"WebPage\",\"@id\":\"https:\\\/\\\/help.jamk.fi\\\/peppi-ohjeet-henkilokunnalle\\\/fi\\\/opetussuunnittelu\\\/opetussuunnitelmat-opsit\\\/ajoitussuunnitelmat\\\/\",\"url\":\"https:\\\/\\\/help.jamk.fi\\\/peppi-ohjeet-henkilokunnalle\\\/fi\\\/opetussuunnittelu\\\/opetussuunnitelmat-opsit\\\/ajoitussuunnitelmat\\\/\",\"name\":\"Ajoitussuunnitelmat - Peppi-ohjeet henkil\u00f6kunnalle\",\"isPartOf\":{\"@id\":\"https:\\\/\\\/help.jamk.fi\\\/peppi-ohjeet-henkilokunnalle\\\/#website\"},\"datePublished\":\"2019-11-08T10:45:53+00:00\",\"dateModified\":\"2025-06-05T12:08:02+00:00\",\"breadcrumb\":{\"@id\":\"https:\\\/\\\/help.jamk.fi\\\/peppi-ohjeet-henkilokunnalle\\\/fi\\\/opetussuunnittelu\\\/opetussuunnitelmat-opsit\\\/ajoitussuunnitelmat\\\/#breadcrumb\"},\"inLanguage\":\"fi\",\"potentialAction\":[{\"@type\":\"ReadAction\",\"target\":[\"https:\\\/\\\/help.jamk.fi\\\/peppi-ohjeet-henkilokunnalle\\\/fi\\\/opetussuunnittelu\\\/opetussuunnitelmat-opsit\\\/ajoitussuunnitelmat\\\/\"]}]},{\"@type\":\"BreadcrumbList\",\"@id\":\"https:\\\/\\\/help.jamk.fi\\\/peppi-ohjeet-henkilokunnalle\\\/fi\\\/opetussuunnittelu\\\/opetussuunnitelmat-opsit\\\/ajoitussuunnitelmat\\\/#breadcrumb\",\"itemListElement\":[{\"@type\":\"ListItem\",\"position\":1,\"name\":\"Home\",\"item\":\"https:\\\/\\\/help.jamk.fi\\\/peppi-ohjeet-henkilokunnalle\\\/en\\\/\"},{\"@type\":\"ListItem\",\"position\":2,\"name\":\"Opetussuunnittelu\",\"item\":\"https:\\\/\\\/help.jamk.fi\\\/peppi-ohjeet-henkilokunnalle\\\/fi\\\/opetussuunnittelu\\\/\"},{\"@type\":\"ListItem\",\"position\":3,\"name\":\"Opetussuunnitelmat (OPSit)\",\"item\":\"https:\\\/\\\/help.jamk.fi\\\/peppi-ohjeet-henkilokunnalle\\\/fi\\\/opetussuunnittelu\\\/opetussuunnitelmat-opsit\\\/\"},{\"@type\":\"ListItem\",\"position\":4,\"name\":\"Ajoitussuunnitelmat\"}]},{\"@type\":\"WebSite\",\"@id\":\"https:\\\/\\\/help.jamk.fi\\\/peppi-ohjeet-henkilokunnalle\\\/#website\",\"url\":\"https:\\\/\\\/help.jamk.fi\\\/peppi-ohjeet-henkilokunnalle\\\/\",\"name\":\"Peppi-ohjeet henkil\u00f6kunnalle\",\"description\":\"\",\"potentialAction\":[{\"@type\":\"SearchAction\",\"target\":{\"@type\":\"EntryPoint\",\"urlTemplate\":\"https:\\\/\\\/help.jamk.fi\\\/peppi-ohjeet-henkilokunnalle\\\/?s={search_term_string}\"},\"query-input\":{\"@type\":\"PropertyValueSpecification\",\"valueRequired\":true,\"valueName\":\"search_term_string\"}}],\"inLanguage\":\"fi\"}]}<\/script>\n<!-- \/ Yoast SEO plugin. -->","yoast_head_json":{"title":"Ajoitussuunnitelmat - Peppi-ohjeet henkil\u00f6kunnalle","robots":{"index":"index","follow":"follow","max-snippet":"max-snippet:-1","max-image-preview":"max-image-preview:large","max-video-preview":"max-video-preview:-1"},"canonical":"https:\/\/help.jamk.fi\/peppi-ohjeet-henkilokunnalle\/fi\/opetussuunnittelu\/opetussuunnitelmat-opsit\/ajoitussuunnitelmat\/","og_locale":"fi_FI","og_type":"article","og_title":"Ajoitussuunnitelmat - Peppi-ohjeet henkil\u00f6kunnalle","og_description":"Ajoitussuunnitelman luominen Voit lis\u00e4t\u00e4 OPSille ajoitussuunnitelman, joka on suunnitelma siit\u00e4, milloin opetus aiotaan j\u00e4rjestet\u00e4\u00e4n. Yhteen OPSiin voidaan lis\u00e4t\u00e4 useita ajoitussuunnitelmia. Jamkissa tutkinto-ohjelmille luodaan yksi rakenne, johon voidaan linkitt\u00e4\u00e4 useita ajoitussuunnitelmia, esimerkiksi p\u00e4iv\u00e4- ja monimuotototeutuksille omansa. Ajoitussuunnitelma lis\u00e4t\u00e4\u00e4n seuraavasti: Ajoituksen tyypit Ajoituksella on kolme eri tyyppi\u00e4: Jamkissa ajoitussuunnitelmien tyyppin\u00e4 k\u00e4ytet\u00e4\u00e4n tarkkaa ajoitusta. Tallenna tiedot napsauttamalla Tallenna-painiketta. [&hellip;]","og_url":"https:\/\/help.jamk.fi\/peppi-ohjeet-henkilokunnalle\/fi\/opetussuunnittelu\/opetussuunnitelmat-opsit\/ajoitussuunnitelmat\/","og_site_name":"Peppi-ohjeet henkil\u00f6kunnalle","article_modified_time":"2025-06-05T12:08:02+00:00","twitter_card":"summary_large_image","twitter_misc":{"Arvioitu lukuaika":"2 minuuttia"},"schema":{"@context":"https:\/\/schema.org","@graph":[{"@type":"WebPage","@id":"https:\/\/help.jamk.fi\/peppi-ohjeet-henkilokunnalle\/fi\/opetussuunnittelu\/opetussuunnitelmat-opsit\/ajoitussuunnitelmat\/","url":"https:\/\/help.jamk.fi\/peppi-ohjeet-henkilokunnalle\/fi\/opetussuunnittelu\/opetussuunnitelmat-opsit\/ajoitussuunnitelmat\/","name":"Ajoitussuunnitelmat - Peppi-ohjeet henkil\u00f6kunnalle","isPartOf":{"@id":"https:\/\/help.jamk.fi\/peppi-ohjeet-henkilokunnalle\/#website"},"datePublished":"2019-11-08T10:45:53+00:00","dateModified":"2025-06-05T12:08:02+00:00","breadcrumb":{"@id":"https:\/\/help.jamk.fi\/peppi-ohjeet-henkilokunnalle\/fi\/opetussuunnittelu\/opetussuunnitelmat-opsit\/ajoitussuunnitelmat\/#breadcrumb"},"inLanguage":"fi","potentialAction":[{"@type":"ReadAction","target":["https:\/\/help.jamk.fi\/peppi-ohjeet-henkilokunnalle\/fi\/opetussuunnittelu\/opetussuunnitelmat-opsit\/ajoitussuunnitelmat\/"]}]},{"@type":"BreadcrumbList","@id":"https:\/\/help.jamk.fi\/peppi-ohjeet-henkilokunnalle\/fi\/opetussuunnittelu\/opetussuunnitelmat-opsit\/ajoitussuunnitelmat\/#breadcrumb","itemListElement":[{"@type":"ListItem","position":1,"name":"Home","item":"https:\/\/help.jamk.fi\/peppi-ohjeet-henkilokunnalle\/en\/"},{"@type":"ListItem","position":2,"name":"Opetussuunnittelu","item":"https:\/\/help.jamk.fi\/peppi-ohjeet-henkilokunnalle\/fi\/opetussuunnittelu\/"},{"@type":"ListItem","position":3,"name":"Opetussuunnitelmat (OPSit)","item":"https:\/\/help.jamk.fi\/peppi-ohjeet-henkilokunnalle\/fi\/opetussuunnittelu\/opetussuunnitelmat-opsit\/"},{"@type":"ListItem","position":4,"name":"Ajoitussuunnitelmat"}]},{"@type":"WebSite","@id":"https:\/\/help.jamk.fi\/peppi-ohjeet-henkilokunnalle\/#website","url":"https:\/\/help.jamk.fi\/peppi-ohjeet-henkilokunnalle\/","name":"Peppi-ohjeet henkil\u00f6kunnalle","description":"","potentialAction":[{"@type":"SearchAction","target":{"@type":"EntryPoint","urlTemplate":"https:\/\/help.jamk.fi\/peppi-ohjeet-henkilokunnalle\/?s={search_term_string}"},"query-input":{"@type":"PropertyValueSpecification","valueRequired":true,"valueName":"search_term_string"}}],"inLanguage":"fi"}]}},"_links":{"self":[{"href":"https:\/\/help.jamk.fi\/peppi-ohjeet-henkilokunnalle\/wp-json\/wp\/v2\/pages\/4519","targetHints":{"allow":["GET"]}}],"collection":[{"href":"https:\/\/help.jamk.fi\/peppi-ohjeet-henkilokunnalle\/wp-json\/wp\/v2\/pages"}],"about":[{"href":"https:\/\/help.jamk.fi\/peppi-ohjeet-henkilokunnalle\/wp-json\/wp\/v2\/types\/page"}],"author":[{"embeddable":true,"href":"https:\/\/help.jamk.fi\/peppi-ohjeet-henkilokunnalle\/wp-json\/wp\/v2\/users\/79"}],"replies":[{"embeddable":true,"href":"https:\/\/help.jamk.fi\/peppi-ohjeet-henkilokunnalle\/wp-json\/wp\/v2\/comments?post=4519"}],"version-history":[{"count":7,"href":"https:\/\/help.jamk.fi\/peppi-ohjeet-henkilokunnalle\/wp-json\/wp\/v2\/pages\/4519\/revisions"}],"predecessor-version":[{"id":7530,"href":"https:\/\/help.jamk.fi\/peppi-ohjeet-henkilokunnalle\/wp-json\/wp\/v2\/pages\/4519\/revisions\/7530"}],"up":[{"embeddable":true,"href":"https:\/\/help.jamk.fi\/peppi-ohjeet-henkilokunnalle\/wp-json\/wp\/v2\/pages\/4525"}],"wp:attachment":[{"href":"https:\/\/help.jamk.fi\/peppi-ohjeet-henkilokunnalle\/wp-json\/wp\/v2\/media?parent=4519"}],"wp:term":[{"taxonomy":"category","embeddable":true,"href":"https:\/\/help.jamk.fi\/peppi-ohjeet-henkilokunnalle\/wp-json\/wp\/v2\/categories?post=4519"},{"taxonomy":"post_tag","embeddable":true,"href":"https:\/\/help.jamk.fi\/peppi-ohjeet-henkilokunnalle\/wp-json\/wp\/v2\/tags?post=4519"}],"curies":[{"name":"wp","href":"https:\/\/api.w.org\/{rel}","templated":true}]}}