{"id":4520,"date":"2019-11-08T12:46:15","date_gmt":"2019-11-08T10:46:15","guid":{"rendered":"https:\/\/help.jamk.fi\/peppi-ohjeet-henkilokunnalle\/jasentelyt\/"},"modified":"2024-09-12T12:54:42","modified_gmt":"2024-09-12T09:54:42","slug":"jasentelyt","status":"publish","type":"page","link":"https:\/\/help.jamk.fi\/peppi-ohjeet-henkilokunnalle\/fi\/opetussuunnittelu\/opetussuunnitelmat-opsit\/jasentelyt\/","title":{"rendered":"J\u00e4sentelyt"},"content":{"rendered":"\n<h2 class=\"wp-block-heading\">J\u00e4sentelyn tallennus opetussuunnitelmalle<\/h2>\n\n\n\n<p>Voit lis\u00e4t\u00e4 uuden j\u00e4sentelyn opetussuunnitelmalle ottamalla k\u00e4ytt\u00f6\u00f6n jonkun p\u00e4\u00e4k\u00e4ytt\u00e4j\u00e4n m\u00e4\u00e4rittelemist\u00e4 j\u00e4sentelymalleista. J\u00e4sentelyn avulla rakenteessa olevia opintojaksoja voidaan luokitella eri kriteerien perusteella, esimerkiksi osaamisten mukaan.<\/p>\n\n\n\n<p>Jamkissa tutkinto-ohjelman tuottamat osaamiset jakautuvat Jamkin yhteisiin osaamisiin ja tutkinto-ohjelmakohtaisiin osaamisiin. Lis\u00e4ksi akkreditoiduilla tutkinto-ohjelmilla voi olla eurooppalaisia tai kansainv\u00e4lisi\u00e4 yhteisi\u00e4 osaamisia.<\/p>\n\n\n\n<p>P\u00e4\u00e4k\u00e4ytt\u00e4j\u00e4 vie osaamiset ja niiden kuvaukset Peppiin, jolloin voit valita ne oman OPSisi J\u00e4sentelyt-v\u00e4lilehdell\u00e4 seuraavasti:<\/p>\n\n\n\n<ol class=\"wp-block-list\">\n<li>Valitse p\u00e4\u00e4valikosta <strong>Opetussuunnittelu<\/strong> &gt; <strong>Opetussuunnitelmat<\/strong>.<\/li>\n\n\n\n<li>Hae OPS. Lis\u00e4tietoja: <a href=\"https:\/\/help.jamk.fi\/peppi-ohjeet-henkilokunnalle\/fi\/opetussuunnittelu\/hakutoiminto\/\">Hakutoiminto<\/a>.<\/li>\n\n\n\n<li>Valitse valikosta <strong>J\u00e4sentelyt<\/strong>.<\/li>\n\n\n\n<li>Napsauta <strong>Lis\u00e4\u00e4 j\u00e4sentely<\/strong> -painiketta.<br>N\u00e4yt\u00f6lle avautuu <strong>Lis\u00e4\u00e4 j\u00e4sentely<\/strong> -ponnahdusikkuna.<\/li>\n\n\n\n<li>Valitse ponnahdusikkunassa olevasta <strong>J\u00e4sentelyt<\/strong>-pudotusvalikosta j\u00e4sentelymalli, jota haluat k\u00e4ytt\u00e4\u00e4 (esimerkiksi oman tutkintosi osaamiset), ja napsauta <strong>Tallenna<\/strong>-painiketta.<\/li>\n<\/ol>\n\n\n\n<ul class=\"wp-block-list\">\n<li>Jamkissa sek\u00e4 AMK- ett\u00e4 YAMK -opinnoissa sinun on teht\u00e4v\u00e4 j\u00e4sentelyt sek\u00e4 yhteisten osaamisten ett\u00e4 tutkintokohtaisten osaamisten osalta.<\/li>\n\n\n\n<li>Lis\u00e4\u00e4 tutkintosi j\u00e4sentelyyn my\u00f6s Opintojen tyyppi -niminen j\u00e4sentely. T\u00e4ll\u00e4 m\u00e4\u00e4ritell\u00e4\u00e4n, mitk\u00e4 opinnot ovat perus- ja ammattiopintoja, vapaasti valittavia opintoja, harjoittelua tai opinn\u00e4ytety\u00f6t\u00e4.<\/li>\n\n\n\n<li>Lis\u00e4ksi Jamkissa on k\u00e4yt\u00f6ss\u00e4 Opintojen pakollisuus -niminen j\u00e4sentely, jota voit k\u00e4ytt\u00e4\u00e4 halutessasi ilmaisemaan opiskelijalle, mitk\u00e4 tutkinnon opinnoista ovat ns. pakollisia opintoja.<\/li>\n<\/ul>\n\n\n\n<h2 class=\"wp-block-heading\">J\u00e4sentelyn muokkaaminen<\/h2>\n\n\n\n<p>Kun j\u00e4sentely on tallennettu, p\u00e4\u00e4see sit\u00e4 muokkaamaan <strong>J\u00e4sentelyt<\/strong>-v\u00e4lilehdell\u00e4 valitsemalla mukaan halutut opintojaksot. J\u00e4sentelymallista riippuu, valitaanko opintojakso mukaan j\u00e4sentelyn piiriin vain valitsemalla se, vai annetaanko numeroarvo (esim. opintopisteet). Jamkissa k\u00e4ytet\u00e4\u00e4n j\u00e4sentelymallia, jossa valitaan opintojaksot mukaan j\u00e4sentelyyn.<\/p>\n","protected":false},"excerpt":{"rendered":"<p>J\u00e4sentelyn tallennus opetussuunnitelmalle Voit lis\u00e4t\u00e4 uuden j\u00e4sentelyn opetussuunnitelmalle ottamalla k\u00e4ytt\u00f6\u00f6n jonkun p\u00e4\u00e4k\u00e4ytt\u00e4j\u00e4n m\u00e4\u00e4rittelemist\u00e4 j\u00e4sentelymalleista. J\u00e4sentelyn avulla rakenteessa olevia opintojaksoja voidaan luokitella eri kriteerien perusteella, esimerkiksi osaamisten mukaan. Jamkissa tutkinto-ohjelman tuottamat osaamiset jakautuvat Jamkin yhteisiin osaamisiin ja tutkinto-ohjelmakohtaisiin osaamisiin. Lis\u00e4ksi akkreditoiduilla tutkinto-ohjelmilla voi olla eurooppalaisia tai kansainv\u00e4lisi\u00e4 yhteisi\u00e4 osaamisia. P\u00e4\u00e4k\u00e4ytt\u00e4j\u00e4 vie osaamiset ja niiden kuvaukset Peppiin, [&hellip;]<\/p>\n","protected":false},"author":79,"featured_media":0,"parent":4525,"menu_order":6,"comment_status":"closed","ping_status":"open","template":"","meta":{"_acf_changed":false,"_relevanssi_hide_post":"","_relevanssi_hide_content":"","_relevanssi_pin_for_all":"","_relevanssi_pin_keywords":"","_relevanssi_unpin_keywords":"","_relevanssi_related_keywords":"","_relevanssi_related_include_ids":"","_relevanssi_related_exclude_ids":"","_relevanssi_related_no_append":"","_relevanssi_related_not_related":"","_relevanssi_related_posts":"","_relevanssi_noindex_reason":"","footnotes":""},"categories":[1],"tags":[],"class_list":["post-4520","page","type-page","status-publish","hentry","category-uncategorised"],"acf":[],"yoast_head":"<!-- This site is optimized with the Yoast SEO plugin v27.3 - https:\/\/yoast.com\/product\/yoast-seo-wordpress\/ -->\n<title>J\u00e4sentelyt - Peppi-ohjeet henkil\u00f6kunnalle<\/title>\n<meta name=\"robots\" content=\"index, follow, max-snippet:-1, max-image-preview:large, max-video-preview:-1\" \/>\n<link rel=\"canonical\" href=\"https:\/\/help.jamk.fi\/peppi-ohjeet-henkilokunnalle\/fi\/opetussuunnittelu\/opetussuunnitelmat-opsit\/jasentelyt\/\" \/>\n<meta property=\"og:locale\" content=\"fi_FI\" \/>\n<meta property=\"og:type\" content=\"article\" \/>\n<meta property=\"og:title\" content=\"J\u00e4sentelyt - Peppi-ohjeet henkil\u00f6kunnalle\" \/>\n<meta property=\"og:description\" content=\"J\u00e4sentelyn tallennus opetussuunnitelmalle Voit lis\u00e4t\u00e4 uuden j\u00e4sentelyn opetussuunnitelmalle ottamalla k\u00e4ytt\u00f6\u00f6n jonkun p\u00e4\u00e4k\u00e4ytt\u00e4j\u00e4n m\u00e4\u00e4rittelemist\u00e4 j\u00e4sentelymalleista. J\u00e4sentelyn avulla rakenteessa olevia opintojaksoja voidaan luokitella eri kriteerien perusteella, esimerkiksi osaamisten mukaan. Jamkissa tutkinto-ohjelman tuottamat osaamiset jakautuvat Jamkin yhteisiin osaamisiin ja tutkinto-ohjelmakohtaisiin osaamisiin. Lis\u00e4ksi akkreditoiduilla tutkinto-ohjelmilla voi olla eurooppalaisia tai kansainv\u00e4lisi\u00e4 yhteisi\u00e4 osaamisia. P\u00e4\u00e4k\u00e4ytt\u00e4j\u00e4 vie osaamiset ja niiden kuvaukset Peppiin, [&hellip;]\" \/>\n<meta property=\"og:url\" content=\"https:\/\/help.jamk.fi\/peppi-ohjeet-henkilokunnalle\/fi\/opetussuunnittelu\/opetussuunnitelmat-opsit\/jasentelyt\/\" \/>\n<meta property=\"og:site_name\" content=\"Peppi-ohjeet henkil\u00f6kunnalle\" \/>\n<meta property=\"article:modified_time\" content=\"2024-09-12T09:54:42+00:00\" \/>\n<meta name=\"twitter:card\" content=\"summary_large_image\" \/>\n<meta name=\"twitter:label1\" content=\"Arvioitu lukuaika\" \/>\n\t<meta name=\"twitter:data1\" content=\"2 minuuttia\" \/>\n<script type=\"application\/ld+json\" class=\"yoast-schema-graph\">{\"@context\":\"https:\\\/\\\/schema.org\",\"@graph\":[{\"@type\":\"WebPage\",\"@id\":\"https:\\\/\\\/help.jamk.fi\\\/peppi-ohjeet-henkilokunnalle\\\/fi\\\/opetussuunnittelu\\\/opetussuunnitelmat-opsit\\\/jasentelyt\\\/\",\"url\":\"https:\\\/\\\/help.jamk.fi\\\/peppi-ohjeet-henkilokunnalle\\\/fi\\\/opetussuunnittelu\\\/opetussuunnitelmat-opsit\\\/jasentelyt\\\/\",\"name\":\"J\u00e4sentelyt - Peppi-ohjeet henkil\u00f6kunnalle\",\"isPartOf\":{\"@id\":\"https:\\\/\\\/help.jamk.fi\\\/peppi-ohjeet-henkilokunnalle\\\/#website\"},\"datePublished\":\"2019-11-08T10:46:15+00:00\",\"dateModified\":\"2024-09-12T09:54:42+00:00\",\"breadcrumb\":{\"@id\":\"https:\\\/\\\/help.jamk.fi\\\/peppi-ohjeet-henkilokunnalle\\\/fi\\\/opetussuunnittelu\\\/opetussuunnitelmat-opsit\\\/jasentelyt\\\/#breadcrumb\"},\"inLanguage\":\"fi\",\"potentialAction\":[{\"@type\":\"ReadAction\",\"target\":[\"https:\\\/\\\/help.jamk.fi\\\/peppi-ohjeet-henkilokunnalle\\\/fi\\\/opetussuunnittelu\\\/opetussuunnitelmat-opsit\\\/jasentelyt\\\/\"]}]},{\"@type\":\"BreadcrumbList\",\"@id\":\"https:\\\/\\\/help.jamk.fi\\\/peppi-ohjeet-henkilokunnalle\\\/fi\\\/opetussuunnittelu\\\/opetussuunnitelmat-opsit\\\/jasentelyt\\\/#breadcrumb\",\"itemListElement\":[{\"@type\":\"ListItem\",\"position\":1,\"name\":\"Home\",\"item\":\"https:\\\/\\\/help.jamk.fi\\\/peppi-ohjeet-henkilokunnalle\\\/en\\\/\"},{\"@type\":\"ListItem\",\"position\":2,\"name\":\"Opetussuunnittelu\",\"item\":\"https:\\\/\\\/help.jamk.fi\\\/peppi-ohjeet-henkilokunnalle\\\/fi\\\/opetussuunnittelu\\\/\"},{\"@type\":\"ListItem\",\"position\":3,\"name\":\"Opetussuunnitelmat (OPSit)\",\"item\":\"https:\\\/\\\/help.jamk.fi\\\/peppi-ohjeet-henkilokunnalle\\\/fi\\\/opetussuunnittelu\\\/opetussuunnitelmat-opsit\\\/\"},{\"@type\":\"ListItem\",\"position\":4,\"name\":\"J\u00e4sentelyt\"}]},{\"@type\":\"WebSite\",\"@id\":\"https:\\\/\\\/help.jamk.fi\\\/peppi-ohjeet-henkilokunnalle\\\/#website\",\"url\":\"https:\\\/\\\/help.jamk.fi\\\/peppi-ohjeet-henkilokunnalle\\\/\",\"name\":\"Peppi-ohjeet henkil\u00f6kunnalle\",\"description\":\"\",\"potentialAction\":[{\"@type\":\"SearchAction\",\"target\":{\"@type\":\"EntryPoint\",\"urlTemplate\":\"https:\\\/\\\/help.jamk.fi\\\/peppi-ohjeet-henkilokunnalle\\\/?s={search_term_string}\"},\"query-input\":{\"@type\":\"PropertyValueSpecification\",\"valueRequired\":true,\"valueName\":\"search_term_string\"}}],\"inLanguage\":\"fi\"}]}<\/script>\n<!-- \/ Yoast SEO plugin. -->","yoast_head_json":{"title":"J\u00e4sentelyt - Peppi-ohjeet henkil\u00f6kunnalle","robots":{"index":"index","follow":"follow","max-snippet":"max-snippet:-1","max-image-preview":"max-image-preview:large","max-video-preview":"max-video-preview:-1"},"canonical":"https:\/\/help.jamk.fi\/peppi-ohjeet-henkilokunnalle\/fi\/opetussuunnittelu\/opetussuunnitelmat-opsit\/jasentelyt\/","og_locale":"fi_FI","og_type":"article","og_title":"J\u00e4sentelyt - Peppi-ohjeet henkil\u00f6kunnalle","og_description":"J\u00e4sentelyn tallennus opetussuunnitelmalle Voit lis\u00e4t\u00e4 uuden j\u00e4sentelyn opetussuunnitelmalle ottamalla k\u00e4ytt\u00f6\u00f6n jonkun p\u00e4\u00e4k\u00e4ytt\u00e4j\u00e4n m\u00e4\u00e4rittelemist\u00e4 j\u00e4sentelymalleista. J\u00e4sentelyn avulla rakenteessa olevia opintojaksoja voidaan luokitella eri kriteerien perusteella, esimerkiksi osaamisten mukaan. Jamkissa tutkinto-ohjelman tuottamat osaamiset jakautuvat Jamkin yhteisiin osaamisiin ja tutkinto-ohjelmakohtaisiin osaamisiin. Lis\u00e4ksi akkreditoiduilla tutkinto-ohjelmilla voi olla eurooppalaisia tai kansainv\u00e4lisi\u00e4 yhteisi\u00e4 osaamisia. P\u00e4\u00e4k\u00e4ytt\u00e4j\u00e4 vie osaamiset ja niiden kuvaukset Peppiin, [&hellip;]","og_url":"https:\/\/help.jamk.fi\/peppi-ohjeet-henkilokunnalle\/fi\/opetussuunnittelu\/opetussuunnitelmat-opsit\/jasentelyt\/","og_site_name":"Peppi-ohjeet henkil\u00f6kunnalle","article_modified_time":"2024-09-12T09:54:42+00:00","twitter_card":"summary_large_image","twitter_misc":{"Arvioitu lukuaika":"2 minuuttia"},"schema":{"@context":"https:\/\/schema.org","@graph":[{"@type":"WebPage","@id":"https:\/\/help.jamk.fi\/peppi-ohjeet-henkilokunnalle\/fi\/opetussuunnittelu\/opetussuunnitelmat-opsit\/jasentelyt\/","url":"https:\/\/help.jamk.fi\/peppi-ohjeet-henkilokunnalle\/fi\/opetussuunnittelu\/opetussuunnitelmat-opsit\/jasentelyt\/","name":"J\u00e4sentelyt - Peppi-ohjeet henkil\u00f6kunnalle","isPartOf":{"@id":"https:\/\/help.jamk.fi\/peppi-ohjeet-henkilokunnalle\/#website"},"datePublished":"2019-11-08T10:46:15+00:00","dateModified":"2024-09-12T09:54:42+00:00","breadcrumb":{"@id":"https:\/\/help.jamk.fi\/peppi-ohjeet-henkilokunnalle\/fi\/opetussuunnittelu\/opetussuunnitelmat-opsit\/jasentelyt\/#breadcrumb"},"inLanguage":"fi","potentialAction":[{"@type":"ReadAction","target":["https:\/\/help.jamk.fi\/peppi-ohjeet-henkilokunnalle\/fi\/opetussuunnittelu\/opetussuunnitelmat-opsit\/jasentelyt\/"]}]},{"@type":"BreadcrumbList","@id":"https:\/\/help.jamk.fi\/peppi-ohjeet-henkilokunnalle\/fi\/opetussuunnittelu\/opetussuunnitelmat-opsit\/jasentelyt\/#breadcrumb","itemListElement":[{"@type":"ListItem","position":1,"name":"Home","item":"https:\/\/help.jamk.fi\/peppi-ohjeet-henkilokunnalle\/en\/"},{"@type":"ListItem","position":2,"name":"Opetussuunnittelu","item":"https:\/\/help.jamk.fi\/peppi-ohjeet-henkilokunnalle\/fi\/opetussuunnittelu\/"},{"@type":"ListItem","position":3,"name":"Opetussuunnitelmat (OPSit)","item":"https:\/\/help.jamk.fi\/peppi-ohjeet-henkilokunnalle\/fi\/opetussuunnittelu\/opetussuunnitelmat-opsit\/"},{"@type":"ListItem","position":4,"name":"J\u00e4sentelyt"}]},{"@type":"WebSite","@id":"https:\/\/help.jamk.fi\/peppi-ohjeet-henkilokunnalle\/#website","url":"https:\/\/help.jamk.fi\/peppi-ohjeet-henkilokunnalle\/","name":"Peppi-ohjeet henkil\u00f6kunnalle","description":"","potentialAction":[{"@type":"SearchAction","target":{"@type":"EntryPoint","urlTemplate":"https:\/\/help.jamk.fi\/peppi-ohjeet-henkilokunnalle\/?s={search_term_string}"},"query-input":{"@type":"PropertyValueSpecification","valueRequired":true,"valueName":"search_term_string"}}],"inLanguage":"fi"}]}},"_links":{"self":[{"href":"https:\/\/help.jamk.fi\/peppi-ohjeet-henkilokunnalle\/wp-json\/wp\/v2\/pages\/4520","targetHints":{"allow":["GET"]}}],"collection":[{"href":"https:\/\/help.jamk.fi\/peppi-ohjeet-henkilokunnalle\/wp-json\/wp\/v2\/pages"}],"about":[{"href":"https:\/\/help.jamk.fi\/peppi-ohjeet-henkilokunnalle\/wp-json\/wp\/v2\/types\/page"}],"author":[{"embeddable":true,"href":"https:\/\/help.jamk.fi\/peppi-ohjeet-henkilokunnalle\/wp-json\/wp\/v2\/users\/79"}],"replies":[{"embeddable":true,"href":"https:\/\/help.jamk.fi\/peppi-ohjeet-henkilokunnalle\/wp-json\/wp\/v2\/comments?post=4520"}],"version-history":[{"count":7,"href":"https:\/\/help.jamk.fi\/peppi-ohjeet-henkilokunnalle\/wp-json\/wp\/v2\/pages\/4520\/revisions"}],"predecessor-version":[{"id":6396,"href":"https:\/\/help.jamk.fi\/peppi-ohjeet-henkilokunnalle\/wp-json\/wp\/v2\/pages\/4520\/revisions\/6396"}],"up":[{"embeddable":true,"href":"https:\/\/help.jamk.fi\/peppi-ohjeet-henkilokunnalle\/wp-json\/wp\/v2\/pages\/4525"}],"wp:attachment":[{"href":"https:\/\/help.jamk.fi\/peppi-ohjeet-henkilokunnalle\/wp-json\/wp\/v2\/media?parent=4520"}],"wp:term":[{"taxonomy":"category","embeddable":true,"href":"https:\/\/help.jamk.fi\/peppi-ohjeet-henkilokunnalle\/wp-json\/wp\/v2\/categories?post=4520"},{"taxonomy":"post_tag","embeddable":true,"href":"https:\/\/help.jamk.fi\/peppi-ohjeet-henkilokunnalle\/wp-json\/wp\/v2\/tags?post=4520"}],"curies":[{"name":"wp","href":"https:\/\/api.w.org\/{rel}","templated":true}]}}