{"id":4521,"date":"2019-11-08T12:41:37","date_gmt":"2019-11-08T10:41:37","guid":{"rendered":"https:\/\/help.jamk.fi\/peppi-ohjeet-henkilokunnalle\/opetussuunnittelu\/hakutoiminto\/"},"modified":"2025-06-17T15:33:26","modified_gmt":"2025-06-17T12:33:26","slug":"hakutoiminto","status":"publish","type":"page","link":"https:\/\/help.jamk.fi\/peppi-ohjeet-henkilokunnalle\/fi\/opetussuunnittelu\/hakutoiminto\/","title":{"rendered":"Hakutoiminto"},"content":{"rendered":"\n<p>Opetussuunnitteluun kuuluvalla hakutoiminnolla voit hakea Pepist\u00e4 opintojaksoja, opintokokonaisuuksia, opetussuunnitelmia, erillisi\u00e4 opintokokonaisuuksia tai tarkistettavia opintojaksoja (kuvio 1).<\/p>\n\n\n\n<figure class=\"wp-block-image size-full\"><img loading=\"lazy\" decoding=\"async\" width=\"911\" height=\"224\" src=\"https:\/\/help.jamk.fi\/peppi-ohjeet-henkilokunnalle\/wp-content\/uploads\/sites\/131\/2023\/05\/Opetussuunnittelun-hakutoiminto.png\" alt=\"\" class=\"wp-image-4371\"\/><figcaption class=\"wp-element-caption\">Kuvio 1. Opetussuunnittelun hakutoiminto<\/figcaption><\/figure>\n\n\n\n<ol class=\"wp-block-list\">\n<li>Valitse p\u00e4\u00e4valikosta <strong>Opetussuunnittelu<\/strong>, jotta Haku-n\u00e4kym\u00e4 aukeaa.<\/li>\n\n\n\n<li>Valitse haun kohde napsauttamalla kohteen tyyppi\u00e4. Kun valitset haun kohteen, n\u00e4yt\u00f6lle avautuvat ne hakusanakent\u00e4t, joilla voit hakea valitsemaasi kohdetta j\u00e4rjestelm\u00e4st\u00e4.<br>Voit valita haun kohteeksi:\n<ul class=\"wp-block-list\">\n<li><strong>Hae kaikista<\/strong>: Voit tehd\u00e4 haun eri kohteiden suomen- ja englanninkielisist\u00e4 nimist\u00e4 sek\u00e4 tunnuksista.<\/li>\n\n\n\n<li><strong>Opintojaksot<\/strong>: Voit hakea opintojaksoa tunnuksen, <span style=\"color: #000000\">nimen, voimassaolon, luokittelun, tason, oppiaineen, vastuuhenkil\u00f6n tai ristiinopiskeluverkoston<\/span> perusteella. Klikkaamalla valinnan &#8221;Hae my\u00f6s vanhentuneista opintojaksoista&#8221;, voit saada hakutulokseksi opintojaksoja, joiden voimassaolo on p\u00e4\u00e4ttynyt.<\/li>\n\n\n\n<li><strong>Opetussuunnitelmat<\/strong>: Voit hakea opetussuunnitelmaa tunnuksen, nimen, yksik\u00f6n, tyypin, tutkintonimikkeen, statuksen, aloitusvuoden, vastuuhenkil\u00f6n, ryhm\u00e4n, luokittelun, koulutusohjelman tai tutkinnon perusteella.<\/li>\n\n\n\n<li><strong>Opintokokonaisuudet<\/strong>: Voit hakea opintokokonaisuutta sen tunnuksen, nimen, opetussuunnitelman, tarjontakorin tai ristiinopiskeluverkoston perusteella.<\/li>\n\n\n\n<li><strong>Erilliset opintokokonaisuudet<\/strong>: Voit hakea erillist\u00e4 opintokokonaisuutta tunnisteen, nimen, ryhm\u00e4n, vastuuhenkil\u00f6n, voimassaolon, statuksen, tyypin, luokittelun, yksik\u00f6n, opetuskielen, koulutusasteen, koulutusohjelman, opetussuunnitelman tai ristiinopiskeluverkoston perusteella.<\/li>\n<\/ul>\n<\/li>\n\n\n\n<li>Sy\u00f6t\u00e4 hakukentt\u00e4\u00e4n tai hakukenttiin tietoja, joilla haluat hakea.<\/li>\n\n\n\n<li>Napsauta <strong>Hae<\/strong>-painiketta.<br>Hakutulokset n\u00e4ytet\u00e4\u00e4n aakkosj\u00e4rjestyksess\u00e4 nimen mukaan.<br><\/li>\n\n\n\n<li>Avaa haluamasi hakutulos listasta napsauttamalla sen tunnusta tai nime\u00e4.<\/li>\n<\/ol>\n\n\n\n<p><\/p>\n\n\n<div id=\"info-lift-block_a1a497a404a69e9b783f6ca6c0352998\" class=\"block-info-lift block-info-lift\">\n  <div class=\"row\">\n    <div class=\"col-12\">\n              <div class=\"block-info-lift__content\">\n          <div class=\"block-info-lift__content__icon\">\n            <span>!<\/span>\n          <\/div>\n          <p class=\"block-info-lift__content__text\">VINKKI: Jos haluat selata kaikkea sis\u00e4lt\u00f6\u00e4, j\u00e4t\u00e4 kaikki hakukent\u00e4t tyhjiksi. Jos haluat poistaa kaikki hakuehdot, napsauta Tyhjenn\u00e4-painiketta Hakuehdot-valikon alalaidassa.<\/p>\n        <\/div>\n          <\/div>\n  <\/div>\n<\/div>\n\n<div id=\"info-lift-block_a9c3ed9c3ba7afc8e727301c101e40c2\" class=\"block-info-lift block-info-lift\">\n  <div class=\"row\">\n    <div class=\"col-12\">\n              <div class=\"block-info-lift__content\">\n          <div class=\"block-info-lift__content__icon\">\n            <span>!<\/span>\n          <\/div>\n          <p class=\"block-info-lift__content__text\">HUOM: Hakutulokset eiv\u00e4t aina n\u00e4yt\u00e4 vastaavan haku- tai valintakentt\u00e4\u00e4n sy\u00f6tetty\u00e4 teksti\u00e4, sill\u00e4 haku voi kohdistua my\u00f6s vaihtoehtoiseen tietoon kuten englanninkieliseen nimeen, joka ei n\u00e4y hakutuloksen osumien listauksessa.<\/p>\n        <\/div>\n          <\/div>\n  <\/div>\n<\/div>\n\n\n<h2 class=\"wp-block-heading\">Haun tallentaminen<\/h2>\n\n\n\n<p>Kun haet opetussuunnitelmia, voit halutessasi tallentaa tekem\u00e4si haun.<\/p>\n\n\n\n<ol class=\"wp-block-list\">\n<li>Tee ensin haku ja napsauta sitten <strong>Tallenna Haku<\/strong> -painiketta <strong>Hakuehdot<\/strong>-valikon alareunassa.<br>N\u00e4yt\u00f6lle avautuu <strong>Uusi haku<\/strong> -ponnahdusikkuna. Ponnahdusikkunassa voit tallentaa haun jo olemassa olevaan ryhm\u00e4\u00e4n tai luoda uuden ryhm\u00e4n, johon haku tallennetaan.<\/li>\n\n\n\n<li>Valitse tai luo ryhm\u00e4:<br>a) Jos haluat valita olemassa olevan ryhm\u00e4n, voit valita sen <strong>Ryhm\u00e4<\/strong>-alasvetovalikosta.<br>b) Jos haluat luoda uuden ryhm\u00e4n, sy\u00f6t\u00e4 ryhm\u00e4lle nimi <strong>Uusi Ryhm\u00e4<\/strong> -kent\u00e4ss\u00e4.<\/li>\n\n\n\n<li>Sy\u00f6t\u00e4 haulle nimi <strong>Nimi<\/strong>-kentt\u00e4\u00e4n.<\/li>\n\n\n\n<li>Tallenna haku napsauttamalla <strong>Tallenna<\/strong>-painiketta.<\/li>\n<\/ol>\n\n\n\n<p>Kun olet tallentanut haun, j\u00e4rjestelm\u00e4 n\u00e4ytt\u00e4\u00e4 vasemman palkin valikossa ryhm\u00e4n, johon haku on tallennettu. P\u00e4\u00e4set tarkastelemaan listaa ryhm\u00e4\u00e4n tallennetuista opetussuunnitelmahauista napsauttamalla ryhm\u00e4n nime\u00e4.<\/p>\n\n\n\n<h2 class=\"wp-block-heading\">Hakulistauksen linkit<\/h2>\n\n\n\n<p>Kun haet opintokokonaisuuksia tai erillisi\u00e4 opintokokonaisuuksia, saat hakutuloksiin my\u00f6s p\u00e4\u00e4elementin (OPSin), miss\u00e4 ko. elementti on kiinnitettyn\u00e4. Listauksessa on my\u00f6s suora linkki ko. OPSiin (Kuvio 2).<\/p>\n\n\n\n<figure class=\"wp-block-image size-large\"><img loading=\"lazy\" decoding=\"async\" width=\"1024\" height=\"103\" src=\"https:\/\/help.jamk.fi\/peppi-ohjeet-henkilokunnalle\/wp-content\/uploads\/sites\/131\/2024\/02\/Opintokokonaisuuden-hakutulos-1024x103.png\" alt=\"Opintokokonaisuuden hakutulos\" class=\"wp-image-6516\" srcset=\"https:\/\/help.jamk.fi\/peppi-ohjeet-henkilokunnalle\/wp-content\/uploads\/sites\/131\/2024\/02\/Opintokokonaisuuden-hakutulos-1024x103.png 1024w, https:\/\/help.jamk.fi\/peppi-ohjeet-henkilokunnalle\/wp-content\/uploads\/sites\/131\/2024\/02\/Opintokokonaisuuden-hakutulos-300x30.png 300w, https:\/\/help.jamk.fi\/peppi-ohjeet-henkilokunnalle\/wp-content\/uploads\/sites\/131\/2024\/02\/Opintokokonaisuuden-hakutulos-768x77.png 768w, https:\/\/help.jamk.fi\/peppi-ohjeet-henkilokunnalle\/wp-content\/uploads\/sites\/131\/2024\/02\/Opintokokonaisuuden-hakutulos.png 1393w\" sizes=\"auto, (max-width: 1024px) 100vw, 1024px\" \/><figcaption class=\"wp-element-caption\">Kuvio 2. Opintokokonaisuuden hakutulos<\/figcaption><\/figure>\n\n\n\n<h2 class=\"wp-block-heading\">Hakutulosn\u00e4kym\u00e4\u00e4n lis\u00e4tt\u00e4v\u00e4t sarakkeet<\/h2>\n\n\n\n<p>Saat lis\u00e4tty\u00e4 opetussuunnitelmien hakutulosn\u00e4kym\u00e4\u00e4n sarakkeita haluamallasi tavalla. Avaa kohta <strong>Aseta sarakkeet<\/strong> ja t\u00e4pp\u00e4\u00e4 haluamasi sarakkeet (Kuvio 3).<\/p>\n\n\n\n<p><strong>Excel-painikkeella<\/strong> saat opetussuunnitelmahaun hakutulokset ja niiden kaikki sarakkeet siirretty\u00e4 exceliin.<\/p>\n\n\n\n<figure class=\"wp-block-image size-large\"><img loading=\"lazy\" decoding=\"async\" width=\"1024\" height=\"315\" src=\"https:\/\/help.jamk.fi\/peppi-ohjeet-henkilokunnalle\/wp-content\/uploads\/sites\/131\/2024\/02\/Sarakkeiden-lisaaminen-hakutulokseen-1024x315.png\" alt=\"Sarakkeiden lis\u00e4\u00e4minen hakutulokseen\" class=\"wp-image-6517\" srcset=\"https:\/\/help.jamk.fi\/peppi-ohjeet-henkilokunnalle\/wp-content\/uploads\/sites\/131\/2024\/02\/Sarakkeiden-lisaaminen-hakutulokseen-1024x315.png 1024w, https:\/\/help.jamk.fi\/peppi-ohjeet-henkilokunnalle\/wp-content\/uploads\/sites\/131\/2024\/02\/Sarakkeiden-lisaaminen-hakutulokseen-300x92.png 300w, https:\/\/help.jamk.fi\/peppi-ohjeet-henkilokunnalle\/wp-content\/uploads\/sites\/131\/2024\/02\/Sarakkeiden-lisaaminen-hakutulokseen-768x236.png 768w, https:\/\/help.jamk.fi\/peppi-ohjeet-henkilokunnalle\/wp-content\/uploads\/sites\/131\/2024\/02\/Sarakkeiden-lisaaminen-hakutulokseen-1536x473.png 1536w, https:\/\/help.jamk.fi\/peppi-ohjeet-henkilokunnalle\/wp-content\/uploads\/sites\/131\/2024\/02\/Sarakkeiden-lisaaminen-hakutulokseen.png 1664w\" sizes=\"auto, (max-width: 1024px) 100vw, 1024px\" \/><figcaption class=\"wp-element-caption\">Kuvio 3. Sarakkeiden lis\u00e4\u00e4minen hakutulokseen<\/figcaption><\/figure>\n","protected":false},"excerpt":{"rendered":"<p>Opetussuunnitteluun kuuluvalla hakutoiminnolla voit hakea Pepist\u00e4 opintojaksoja, opintokokonaisuuksia, opetussuunnitelmia, erillisi\u00e4 opintokokonaisuuksia tai tarkistettavia opintojaksoja (kuvio 1). Haun tallentaminen Kun haet opetussuunnitelmia, voit halutessasi tallentaa tekem\u00e4si haun. Kun olet tallentanut haun, j\u00e4rjestelm\u00e4 n\u00e4ytt\u00e4\u00e4 vasemman palkin valikossa ryhm\u00e4n, johon haku on tallennettu. P\u00e4\u00e4set tarkastelemaan listaa ryhm\u00e4\u00e4n tallennetuista opetussuunnitelmahauista napsauttamalla ryhm\u00e4n nime\u00e4. Hakulistauksen linkit Kun haet opintokokonaisuuksia tai [&hellip;]<\/p>\n","protected":false},"author":79,"featured_media":0,"parent":4510,"menu_order":1,"comment_status":"closed","ping_status":"open","template":"","meta":{"_acf_changed":false,"_relevanssi_hide_post":"","_relevanssi_hide_content":"","_relevanssi_pin_for_all":"","_relevanssi_pin_keywords":"","_relevanssi_unpin_keywords":"","_relevanssi_related_keywords":"","_relevanssi_related_include_ids":"","_relevanssi_related_exclude_ids":"","_relevanssi_related_no_append":"","_relevanssi_related_not_related":"","_relevanssi_related_posts":"","_relevanssi_noindex_reason":"","footnotes":""},"categories":[1],"tags":[],"class_list":["post-4521","page","type-page","status-publish","hentry","category-uncategorised"],"acf":[],"yoast_head":"<!-- This site is optimized with the Yoast SEO plugin v27.3 - https:\/\/yoast.com\/product\/yoast-seo-wordpress\/ -->\n<title>Hakutoiminto - Peppi-ohjeet henkil\u00f6kunnalle<\/title>\n<meta name=\"robots\" content=\"index, follow, max-snippet:-1, max-image-preview:large, max-video-preview:-1\" \/>\n<link rel=\"canonical\" href=\"https:\/\/help.jamk.fi\/peppi-ohjeet-henkilokunnalle\/fi\/opetussuunnittelu\/hakutoiminto\/\" \/>\n<meta property=\"og:locale\" content=\"fi_FI\" \/>\n<meta property=\"og:type\" content=\"article\" \/>\n<meta property=\"og:title\" content=\"Hakutoiminto - Peppi-ohjeet henkil\u00f6kunnalle\" \/>\n<meta property=\"og:description\" content=\"Opetussuunnitteluun kuuluvalla hakutoiminnolla voit hakea Pepist\u00e4 opintojaksoja, opintokokonaisuuksia, opetussuunnitelmia, erillisi\u00e4 opintokokonaisuuksia tai tarkistettavia opintojaksoja (kuvio 1). Haun tallentaminen Kun haet opetussuunnitelmia, voit halutessasi tallentaa tekem\u00e4si haun. Kun olet tallentanut haun, j\u00e4rjestelm\u00e4 n\u00e4ytt\u00e4\u00e4 vasemman palkin valikossa ryhm\u00e4n, johon haku on tallennettu. P\u00e4\u00e4set tarkastelemaan listaa ryhm\u00e4\u00e4n tallennetuista opetussuunnitelmahauista napsauttamalla ryhm\u00e4n nime\u00e4. Hakulistauksen linkit Kun haet opintokokonaisuuksia tai [&hellip;]\" \/>\n<meta property=\"og:url\" content=\"https:\/\/help.jamk.fi\/peppi-ohjeet-henkilokunnalle\/fi\/opetussuunnittelu\/hakutoiminto\/\" \/>\n<meta property=\"og:site_name\" content=\"Peppi-ohjeet henkil\u00f6kunnalle\" \/>\n<meta property=\"article:modified_time\" content=\"2025-06-17T12:33:26+00:00\" \/>\n<meta property=\"og:image\" content=\"https:\/\/help.jamk.fi\/peppi-ohjeet-henkilokunnalle\/wp-content\/uploads\/sites\/131\/2023\/05\/Opetussuunnittelun-hakutoiminto.png\" \/>\n\t<meta property=\"og:image:width\" content=\"911\" \/>\n\t<meta property=\"og:image:height\" content=\"224\" \/>\n\t<meta property=\"og:image:type\" content=\"image\/png\" \/>\n<meta name=\"twitter:card\" content=\"summary_large_image\" \/>\n<meta name=\"twitter:label1\" content=\"Arvioitu lukuaika\" \/>\n\t<meta name=\"twitter:data1\" content=\"3 minuuttia\" \/>\n<script type=\"application\/ld+json\" class=\"yoast-schema-graph\">{\"@context\":\"https:\\\/\\\/schema.org\",\"@graph\":[{\"@type\":\"WebPage\",\"@id\":\"https:\\\/\\\/help.jamk.fi\\\/peppi-ohjeet-henkilokunnalle\\\/fi\\\/opetussuunnittelu\\\/hakutoiminto\\\/\",\"url\":\"https:\\\/\\\/help.jamk.fi\\\/peppi-ohjeet-henkilokunnalle\\\/fi\\\/opetussuunnittelu\\\/hakutoiminto\\\/\",\"name\":\"Hakutoiminto - Peppi-ohjeet henkil\u00f6kunnalle\",\"isPartOf\":{\"@id\":\"https:\\\/\\\/help.jamk.fi\\\/peppi-ohjeet-henkilokunnalle\\\/#website\"},\"primaryImageOfPage\":{\"@id\":\"https:\\\/\\\/help.jamk.fi\\\/peppi-ohjeet-henkilokunnalle\\\/fi\\\/opetussuunnittelu\\\/hakutoiminto\\\/#primaryimage\"},\"image\":{\"@id\":\"https:\\\/\\\/help.jamk.fi\\\/peppi-ohjeet-henkilokunnalle\\\/fi\\\/opetussuunnittelu\\\/hakutoiminto\\\/#primaryimage\"},\"thumbnailUrl\":\"https:\\\/\\\/help.jamk.fi\\\/peppi-ohjeet-henkilokunnalle\\\/wp-content\\\/uploads\\\/sites\\\/131\\\/2023\\\/05\\\/Opetussuunnittelun-hakutoiminto.png\",\"datePublished\":\"2019-11-08T10:41:37+00:00\",\"dateModified\":\"2025-06-17T12:33:26+00:00\",\"breadcrumb\":{\"@id\":\"https:\\\/\\\/help.jamk.fi\\\/peppi-ohjeet-henkilokunnalle\\\/fi\\\/opetussuunnittelu\\\/hakutoiminto\\\/#breadcrumb\"},\"inLanguage\":\"fi\",\"potentialAction\":[{\"@type\":\"ReadAction\",\"target\":[\"https:\\\/\\\/help.jamk.fi\\\/peppi-ohjeet-henkilokunnalle\\\/fi\\\/opetussuunnittelu\\\/hakutoiminto\\\/\"]}]},{\"@type\":\"ImageObject\",\"inLanguage\":\"fi\",\"@id\":\"https:\\\/\\\/help.jamk.fi\\\/peppi-ohjeet-henkilokunnalle\\\/fi\\\/opetussuunnittelu\\\/hakutoiminto\\\/#primaryimage\",\"url\":\"https:\\\/\\\/help.jamk.fi\\\/peppi-ohjeet-henkilokunnalle\\\/wp-content\\\/uploads\\\/sites\\\/131\\\/2023\\\/05\\\/Opetussuunnittelun-hakutoiminto.png\",\"contentUrl\":\"https:\\\/\\\/help.jamk.fi\\\/peppi-ohjeet-henkilokunnalle\\\/wp-content\\\/uploads\\\/sites\\\/131\\\/2023\\\/05\\\/Opetussuunnittelun-hakutoiminto.png\",\"width\":911,\"height\":224,\"caption\":\"Kuvio 1. Opetussuunnittelun hakutoiminto\"},{\"@type\":\"BreadcrumbList\",\"@id\":\"https:\\\/\\\/help.jamk.fi\\\/peppi-ohjeet-henkilokunnalle\\\/fi\\\/opetussuunnittelu\\\/hakutoiminto\\\/#breadcrumb\",\"itemListElement\":[{\"@type\":\"ListItem\",\"position\":1,\"name\":\"Home\",\"item\":\"https:\\\/\\\/help.jamk.fi\\\/peppi-ohjeet-henkilokunnalle\\\/en\\\/\"},{\"@type\":\"ListItem\",\"position\":2,\"name\":\"Opetussuunnittelu\",\"item\":\"https:\\\/\\\/help.jamk.fi\\\/peppi-ohjeet-henkilokunnalle\\\/fi\\\/opetussuunnittelu\\\/\"},{\"@type\":\"ListItem\",\"position\":3,\"name\":\"Hakutoiminto\"}]},{\"@type\":\"WebSite\",\"@id\":\"https:\\\/\\\/help.jamk.fi\\\/peppi-ohjeet-henkilokunnalle\\\/#website\",\"url\":\"https:\\\/\\\/help.jamk.fi\\\/peppi-ohjeet-henkilokunnalle\\\/\",\"name\":\"Peppi-ohjeet henkil\u00f6kunnalle\",\"description\":\"\",\"potentialAction\":[{\"@type\":\"SearchAction\",\"target\":{\"@type\":\"EntryPoint\",\"urlTemplate\":\"https:\\\/\\\/help.jamk.fi\\\/peppi-ohjeet-henkilokunnalle\\\/?s={search_term_string}\"},\"query-input\":{\"@type\":\"PropertyValueSpecification\",\"valueRequired\":true,\"valueName\":\"search_term_string\"}}],\"inLanguage\":\"fi\"}]}<\/script>\n<!-- \/ Yoast SEO plugin. -->","yoast_head_json":{"title":"Hakutoiminto - Peppi-ohjeet henkil\u00f6kunnalle","robots":{"index":"index","follow":"follow","max-snippet":"max-snippet:-1","max-image-preview":"max-image-preview:large","max-video-preview":"max-video-preview:-1"},"canonical":"https:\/\/help.jamk.fi\/peppi-ohjeet-henkilokunnalle\/fi\/opetussuunnittelu\/hakutoiminto\/","og_locale":"fi_FI","og_type":"article","og_title":"Hakutoiminto - Peppi-ohjeet henkil\u00f6kunnalle","og_description":"Opetussuunnitteluun kuuluvalla hakutoiminnolla voit hakea Pepist\u00e4 opintojaksoja, opintokokonaisuuksia, opetussuunnitelmia, erillisi\u00e4 opintokokonaisuuksia tai tarkistettavia opintojaksoja (kuvio 1). Haun tallentaminen Kun haet opetussuunnitelmia, voit halutessasi tallentaa tekem\u00e4si haun. Kun olet tallentanut haun, j\u00e4rjestelm\u00e4 n\u00e4ytt\u00e4\u00e4 vasemman palkin valikossa ryhm\u00e4n, johon haku on tallennettu. P\u00e4\u00e4set tarkastelemaan listaa ryhm\u00e4\u00e4n tallennetuista opetussuunnitelmahauista napsauttamalla ryhm\u00e4n nime\u00e4. Hakulistauksen linkit Kun haet opintokokonaisuuksia tai [&hellip;]","og_url":"https:\/\/help.jamk.fi\/peppi-ohjeet-henkilokunnalle\/fi\/opetussuunnittelu\/hakutoiminto\/","og_site_name":"Peppi-ohjeet henkil\u00f6kunnalle","article_modified_time":"2025-06-17T12:33:26+00:00","og_image":[{"width":911,"height":224,"url":"https:\/\/help.jamk.fi\/peppi-ohjeet-henkilokunnalle\/wp-content\/uploads\/sites\/131\/2023\/05\/Opetussuunnittelun-hakutoiminto.png","type":"image\/png"}],"twitter_card":"summary_large_image","twitter_misc":{"Arvioitu lukuaika":"3 minuuttia"},"schema":{"@context":"https:\/\/schema.org","@graph":[{"@type":"WebPage","@id":"https:\/\/help.jamk.fi\/peppi-ohjeet-henkilokunnalle\/fi\/opetussuunnittelu\/hakutoiminto\/","url":"https:\/\/help.jamk.fi\/peppi-ohjeet-henkilokunnalle\/fi\/opetussuunnittelu\/hakutoiminto\/","name":"Hakutoiminto - Peppi-ohjeet henkil\u00f6kunnalle","isPartOf":{"@id":"https:\/\/help.jamk.fi\/peppi-ohjeet-henkilokunnalle\/#website"},"primaryImageOfPage":{"@id":"https:\/\/help.jamk.fi\/peppi-ohjeet-henkilokunnalle\/fi\/opetussuunnittelu\/hakutoiminto\/#primaryimage"},"image":{"@id":"https:\/\/help.jamk.fi\/peppi-ohjeet-henkilokunnalle\/fi\/opetussuunnittelu\/hakutoiminto\/#primaryimage"},"thumbnailUrl":"https:\/\/help.jamk.fi\/peppi-ohjeet-henkilokunnalle\/wp-content\/uploads\/sites\/131\/2023\/05\/Opetussuunnittelun-hakutoiminto.png","datePublished":"2019-11-08T10:41:37+00:00","dateModified":"2025-06-17T12:33:26+00:00","breadcrumb":{"@id":"https:\/\/help.jamk.fi\/peppi-ohjeet-henkilokunnalle\/fi\/opetussuunnittelu\/hakutoiminto\/#breadcrumb"},"inLanguage":"fi","potentialAction":[{"@type":"ReadAction","target":["https:\/\/help.jamk.fi\/peppi-ohjeet-henkilokunnalle\/fi\/opetussuunnittelu\/hakutoiminto\/"]}]},{"@type":"ImageObject","inLanguage":"fi","@id":"https:\/\/help.jamk.fi\/peppi-ohjeet-henkilokunnalle\/fi\/opetussuunnittelu\/hakutoiminto\/#primaryimage","url":"https:\/\/help.jamk.fi\/peppi-ohjeet-henkilokunnalle\/wp-content\/uploads\/sites\/131\/2023\/05\/Opetussuunnittelun-hakutoiminto.png","contentUrl":"https:\/\/help.jamk.fi\/peppi-ohjeet-henkilokunnalle\/wp-content\/uploads\/sites\/131\/2023\/05\/Opetussuunnittelun-hakutoiminto.png","width":911,"height":224,"caption":"Kuvio 1. Opetussuunnittelun hakutoiminto"},{"@type":"BreadcrumbList","@id":"https:\/\/help.jamk.fi\/peppi-ohjeet-henkilokunnalle\/fi\/opetussuunnittelu\/hakutoiminto\/#breadcrumb","itemListElement":[{"@type":"ListItem","position":1,"name":"Home","item":"https:\/\/help.jamk.fi\/peppi-ohjeet-henkilokunnalle\/en\/"},{"@type":"ListItem","position":2,"name":"Opetussuunnittelu","item":"https:\/\/help.jamk.fi\/peppi-ohjeet-henkilokunnalle\/fi\/opetussuunnittelu\/"},{"@type":"ListItem","position":3,"name":"Hakutoiminto"}]},{"@type":"WebSite","@id":"https:\/\/help.jamk.fi\/peppi-ohjeet-henkilokunnalle\/#website","url":"https:\/\/help.jamk.fi\/peppi-ohjeet-henkilokunnalle\/","name":"Peppi-ohjeet henkil\u00f6kunnalle","description":"","potentialAction":[{"@type":"SearchAction","target":{"@type":"EntryPoint","urlTemplate":"https:\/\/help.jamk.fi\/peppi-ohjeet-henkilokunnalle\/?s={search_term_string}"},"query-input":{"@type":"PropertyValueSpecification","valueRequired":true,"valueName":"search_term_string"}}],"inLanguage":"fi"}]}},"_links":{"self":[{"href":"https:\/\/help.jamk.fi\/peppi-ohjeet-henkilokunnalle\/wp-json\/wp\/v2\/pages\/4521","targetHints":{"allow":["GET"]}}],"collection":[{"href":"https:\/\/help.jamk.fi\/peppi-ohjeet-henkilokunnalle\/wp-json\/wp\/v2\/pages"}],"about":[{"href":"https:\/\/help.jamk.fi\/peppi-ohjeet-henkilokunnalle\/wp-json\/wp\/v2\/types\/page"}],"author":[{"embeddable":true,"href":"https:\/\/help.jamk.fi\/peppi-ohjeet-henkilokunnalle\/wp-json\/wp\/v2\/users\/79"}],"replies":[{"embeddable":true,"href":"https:\/\/help.jamk.fi\/peppi-ohjeet-henkilokunnalle\/wp-json\/wp\/v2\/comments?post=4521"}],"version-history":[{"count":7,"href":"https:\/\/help.jamk.fi\/peppi-ohjeet-henkilokunnalle\/wp-json\/wp\/v2\/pages\/4521\/revisions"}],"predecessor-version":[{"id":7546,"href":"https:\/\/help.jamk.fi\/peppi-ohjeet-henkilokunnalle\/wp-json\/wp\/v2\/pages\/4521\/revisions\/7546"}],"up":[{"embeddable":true,"href":"https:\/\/help.jamk.fi\/peppi-ohjeet-henkilokunnalle\/wp-json\/wp\/v2\/pages\/4510"}],"wp:attachment":[{"href":"https:\/\/help.jamk.fi\/peppi-ohjeet-henkilokunnalle\/wp-json\/wp\/v2\/media?parent=4521"}],"wp:term":[{"taxonomy":"category","embeddable":true,"href":"https:\/\/help.jamk.fi\/peppi-ohjeet-henkilokunnalle\/wp-json\/wp\/v2\/categories?post=4521"},{"taxonomy":"post_tag","embeddable":true,"href":"https:\/\/help.jamk.fi\/peppi-ohjeet-henkilokunnalle\/wp-json\/wp\/v2\/tags?post=4521"}],"curies":[{"name":"wp","href":"https:\/\/api.w.org\/{rel}","templated":true}]}}