{"id":4523,"date":"2019-11-15T10:25:03","date_gmt":"2019-11-15T08:25:03","guid":{"rendered":"https:\/\/help.jamk.fi\/peppi-ohjeet-henkilokunnalle\/resurssien-suunnittelu-ja-varaus\/suosikkilistat-ja-resurssijoukot\/"},"modified":"2024-01-05T15:54:39","modified_gmt":"2024-01-05T13:54:39","slug":"suosikkilistat-ja-resurssijoukot","status":"publish","type":"page","link":"https:\/\/help.jamk.fi\/peppi-ohjeet-henkilokunnalle\/fi\/resurssien-suunnittelu-ja-varaus\/suosikkilistat-ja-resurssijoukot\/","title":{"rendered":"Suosikkilistat ja resurssijoukot"},"content":{"rendered":"\n<p>T\u00e4ss\u00e4 n\u00e4kym\u00e4ss\u00e4 voit luoda omia suosikkilistoja eri resursseista. Suosikkilistoja voit hy\u00f6dynt\u00e4\u00e4 resurssivarausv\u00e4lineen muissa n\u00e4kymiss\u00e4. K\u00e4ytt\u00f6vinkkej\u00e4 t\u00e4h\u00e4n on kohdassa 3 Listojen k\u00e4ytt\u00f6vinkit.<\/p>\n\n\n\n<p><iframe loading=\"lazy\" style=\"padding: 0px; border: 1px solid #464646;\" src=\"https:\/\/panopto.jamk.fi\/Panopto\/Pages\/Embed.aspx?id=6d40bf60-73eb-49ee-a768-ab970136e86f&amp;v=1\" width=\"720\" height=\"405\" frameborder=\"0\" allowfullscreen=\"allowfullscreen\"><\/iframe><\/p>\n\n\n\n<p>Suosikkilistoja voi luoda eri resurssityyppien mukaisesti, jotka n\u00e4kyv\u00e4t etusivun yl\u00e4osassa v\u00e4lilehtin\u00e4: toteutukset, ryhm\u00e4t, tilat, henkil\u00f6t ja v\u00e4lineet. Voit k\u00e4ytt\u00e4\u00e4 t\u00e4t\u00e4 toimintoa kahdella eri tavalla: valitsemalla hakutuloksista omaan listaasi kohteita ja tallentamalla ne aiemmin luomaasi listaan Omien listojen alle tai tallentamalla haun tietyill\u00e4 hakuehdoilla Tallennettuihin toteutushakuihin.<\/p>\n\n\n\n<h2 class=\"wp-block-heading\">1 Suosikkilistan luominen Omat listaan<\/h2>\n\n\n\n<p><em>Oma lista<\/em> eli k\u00e4sin koottu lista tehd\u00e4\u00e4n joko valitsemalla aiemmin luotu lista, johon halutaan lis\u00e4st\u00e4 resursseja, tai luomalla uusi lista.<\/p>\n\n\n\n<p>Ensin klikataan vasemmalla n\u00e4kyv\u00e4n <em>Omat listat<\/em> -tekstin vieress\u00e4 olevaa pient\u00e4 v\u00e4k\u00e4st\u00e4 ja sen j\u00e4lkeen klikataan <em>Luo uusi lista<\/em>:<\/p>\n\n\n\n<figure class=\"wp-block-image\"><img loading=\"lazy\" decoding=\"async\" width=\"180\" height=\"234\" src=\"https:\/\/help.jamk.fi\/peppi-ohjeet-henkilokunnalle\/wp-content\/uploads\/sites\/131\/2019\/11\/Luo_uusilista_180x230.jpg\" alt=\"Kuva, kuinka uusi lista luodaan klikkaamalla Omat listat -tekstin vieress\u00e4 olevaa pient\u00e4 v\u00e4k\u00e4st\u00e4\" class=\"wp-image-126\"\/><\/figure>\n\n\n\n<p>Anna listalle nimi. Voit ryhmitt\u00e4\u00e4 listat haluamallasi tavalla ja samalla voit joko liitt\u00e4\u00e4 listat olemassa olevaan ryhm\u00e4\u00e4n tai luoda uuden <em>Uusi ryhm\u00e4<\/em> -kohtaan.<\/p>\n\n\n\n<p>Hyv\u00e4ksy <em>Tallenna<\/em>-painikkeella:<\/p>\n\n\n\n<p><img loading=\"lazy\" decoding=\"async\" class=\"alignnone size-full wp-image-127\" src=\"https:\/\/help.jamk.fi\/peppi-ohjeet-henkilokunnalle\/wp-content\/uploads\/sites\/131\/2019\/11\/Listan-nimeaminen_500x300.jpg\" alt=\"Kuvassa n\u00e4kyy listan nime\u00e4misen valikot\" width=\"500\" height=\"298\"><br>Valitse tallentamasi lista klikkaamalla listan nimen vasemmalla puolella olevaa ikonia jolloin ikoniin tulee pieni v-merkki:<\/p>\n\n\n\n<figure class=\"wp-block-image\"><img loading=\"lazy\" decoding=\"async\" width=\"220\" height=\"64\" src=\"https:\/\/help.jamk.fi\/peppi-ohjeet-henkilokunnalle\/wp-content\/uploads\/sites\/131\/2019\/11\/Valitse-haluamasi-lista_220x64.jpg\" alt=\"Valitse tallentamasi lista klikkaamalla listan nimen vasemmalla puolella olevaa ikonia jolloin ikoniin tulee pieni v-merkki \" class=\"wp-image-128\"\/><\/figure>\n\n\n\n<p>Tee haluamasi haut resursseista. Voit k\u00e4ytt\u00e4\u00e4 my\u00f6s tallentamiasi hakuja.<br>Klikkaile nyt hakulistalta haluamasi resurssit omalle listallesi. Valinta hakulistalta toimii klikkaamalla resurssin vieress\u00e4 olevaa ikonia, jolloin tulee pieni punainen X-merkki n\u00e4kyviin valituille resursseille:<\/p>\n\n\n\n<figure class=\"wp-block-image\"><img loading=\"lazy\" decoding=\"async\" width=\"640\" height=\"123\" src=\"https:\/\/help.jamk.fi\/peppi-ohjeet-henkilokunnalle\/wp-content\/uploads\/sites\/131\/2019\/11\/Valitut-tilat_listalle640x120.jpg\" alt=\"Valitse haluamasi tilat listalle klikkaamalla resurssin vieress\u00e4 olevaa pienti\u00e4 ikonia, jolloin siihen tulee punainen rasti\" class=\"wp-image-129\"\/><\/figure>\n\n\n\n<p>Tarvittaessa tee uusi haku, valitse taas oikea <em>Oma lista<\/em> ja klikkaile lis\u00e4\u00e4 resursseja kyseiselle listalle.<\/p>\n\n\n\n<h2 class=\"wp-block-heading\">2 Suosikkilistan tekeminen hausta<\/h2>\n\n\n\n<p>Haun tallentaminen on nopeampi ja suoraviivaisempi vaihtoehto, sill\u00e4 siin\u00e4 tallennetaan ainoastaan hakuehdot, jolloin lista p\u00e4ivittyy automaattisesti, jos hakuehtoja vastaavia resursseja tulee lis\u00e4\u00e4. Esimerkiksi jos olet tehnyt haun oman yksikk\u00f6si henkil\u00f6ist\u00e4 ja tallennat sen, joten kun yksikk\u00f6\u00f6n tulee lis\u00e4\u00e4 henkil\u00f6it\u00e4, n\u00e4m\u00e4 uudet henkil\u00f6t p\u00e4ivittyv\u00e4t listalle automaattisesti.<\/p>\n\n\n\n<p>Tee haku <em>Hae<\/em>-painikkeella resursseista haluamasi ehtojen mukaan.<br>Klikkaa <em>Tallenna hak<\/em>u -painiketta ja anna haulle uusi nimi. Voit valita aiemman ryhm\u00e4n tai uuden ryhm\u00e4n. Tallenna.<\/p>\n\n\n\n<figure class=\"wp-block-image\"><img loading=\"lazy\" decoding=\"async\" width=\"640\" height=\"164\" src=\"https:\/\/help.jamk.fi\/peppi-ohjeet-henkilokunnalle\/wp-content\/uploads\/sites\/131\/2019\/11\/Tallennettu-haku_640x150.jpg\" alt=\"Tallenna haluamasi haku painamalla Tallenna haku ja nime\u00e4 se haluamallasi tavalla sek\u00e4 luo tarvittaessa uusi ryhm\u00e4\" class=\"wp-image-132\"\/><\/figure>\n\n\n\n<p>Haku tallentuu vasemmalle hakuehtoihin ja on k\u00e4ytett\u00e4viss\u00e4 jatkossa.<\/p>\n\n\n\n<p><img loading=\"lazy\" decoding=\"async\" class=\"alignnone size-full wp-image-131\" src=\"https:\/\/help.jamk.fi\/peppi-ohjeet-henkilokunnalle\/wp-content\/uploads\/sites\/131\/2019\/11\/Tallennetun-haun-lista_230x135.jpg\" alt=\"Tallennettu haku ilmestyy sivun vasemaan laitaan\" width=\"231\" height=\"135\"><\/p>\n\n\n\n<h2 class=\"wp-block-heading\">3 Listojen k\u00e4ytt\u00f6vinkit<\/h2>\n\n\n\n<h3 class=\"wp-block-heading\">3.1 Listat vapaan ajan haussa<\/h3>\n\n\n\n<p>Tilalistat saat n\u00e4kyviin klikkaamalla <em>Tilat<\/em>-kohdasta pient\u00e4 v\u00e4k\u00e4st\u00e4. Samaten <em>Henkil\u00f6t<\/em>-kohdasta klikkaamalla pient\u00e4 v\u00e4k\u00e4st\u00e4 saat n\u00e4kyviin henkil\u00f6listat.<\/p>\n\n\n\n<figure class=\"wp-block-image\"><img loading=\"lazy\" decoding=\"async\" width=\"640\" height=\"225\" src=\"https:\/\/help.jamk.fi\/peppi-ohjeet-henkilokunnalle\/wp-content\/uploads\/sites\/131\/2019\/11\/Listatvapaanajanhauissa640x220.jpg\" alt=\"Listojen k\u00e4ytt\u00e4minen vapaan ajan hauissa esimerkiksi tilojen ja henkil\u00f6st\u00f6n osalta\" class=\"wp-image-152\"\/><\/figure>\n\n\n\n<h3 class=\"wp-block-heading\">3.2 Listat suunnittele ja tee opetuksen varauksia -kalenterissa<\/h3>\n\n\n\n<p>Opetuksen suunnittelussa ja varausten teossa listoja voi my\u00f6s k\u00e4ytt\u00e4\u00e4 tilojen, ryhmien ja henkil\u00f6iden osalta. Tallennetut listat saa klikkaamalla henkil\u00f6iden, ryhmien ja tilojen vieress\u00e4 olevaa lista-painiketta, josta avautuu tehdyt listat:<\/p>\n\n\n\n<figure class=\"wp-block-image\"><img loading=\"lazy\" decoding=\"async\" width=\"216\" height=\"448\" src=\"https:\/\/help.jamk.fi\/peppi-ohjeet-henkilokunnalle\/wp-content\/uploads\/sites\/131\/2019\/11\/Listatopetuksenvarauksissa_420x220.jpg\" alt=\"Suosikkilistat saa valittua n\u00e4kyviin opetuksen suunnittelussa ja varauksissa klikkaamalla henkil\u00f6iden, tilojen ja ryhmien vieress\u00e4 olevaa lista-painiketta ja valitsemalla haluamansa listan\" class=\"wp-image-156\"\/><\/figure>\n","protected":false},"excerpt":{"rendered":"<p>T\u00e4ss\u00e4 n\u00e4kym\u00e4ss\u00e4 voit luoda omia suosikkilistoja eri resursseista. Suosikkilistoja voit hy\u00f6dynt\u00e4\u00e4 resurssivarausv\u00e4lineen muissa n\u00e4kymiss\u00e4. K\u00e4ytt\u00f6vinkkej\u00e4 t\u00e4h\u00e4n on kohdassa 3 Listojen k\u00e4ytt\u00f6vinkit. Suosikkilistoja voi luoda eri resurssityyppien mukaisesti, jotka n\u00e4kyv\u00e4t etusivun yl\u00e4osassa v\u00e4lilehtin\u00e4: toteutukset, ryhm\u00e4t, tilat, henkil\u00f6t ja v\u00e4lineet. Voit k\u00e4ytt\u00e4\u00e4 t\u00e4t\u00e4 toimintoa kahdella eri tavalla: valitsemalla hakutuloksista omaan listaasi kohteita ja tallentamalla ne aiemmin luomaasi [&hellip;]<\/p>\n","protected":false},"author":76,"featured_media":0,"parent":4511,"menu_order":5,"comment_status":"closed","ping_status":"open","template":"","meta":{"_acf_changed":false,"_relevanssi_hide_post":"","_relevanssi_hide_content":"","_relevanssi_pin_for_all":"","_relevanssi_pin_keywords":"","_relevanssi_unpin_keywords":"","_relevanssi_related_keywords":"","_relevanssi_related_include_ids":"","_relevanssi_related_exclude_ids":"","_relevanssi_related_no_append":"","_relevanssi_related_not_related":"","_relevanssi_related_posts":"","_relevanssi_noindex_reason":"","footnotes":""},"categories":[1],"tags":[],"class_list":["post-4523","page","type-page","status-publish","hentry","category-uncategorised"],"acf":[],"yoast_head":"<!-- This site is optimized with the Yoast SEO plugin v27.3 - https:\/\/yoast.com\/product\/yoast-seo-wordpress\/ -->\n<title>Suosikkilistat ja resurssijoukot - Peppi-ohjeet henkil\u00f6kunnalle<\/title>\n<meta name=\"robots\" content=\"index, follow, max-snippet:-1, max-image-preview:large, max-video-preview:-1\" \/>\n<link rel=\"canonical\" href=\"https:\/\/help.jamk.fi\/peppi-ohjeet-henkilokunnalle\/fi\/resurssien-suunnittelu-ja-varaus\/suosikkilistat-ja-resurssijoukot\/\" \/>\n<meta property=\"og:locale\" content=\"fi_FI\" \/>\n<meta property=\"og:type\" content=\"article\" \/>\n<meta property=\"og:title\" content=\"Suosikkilistat ja resurssijoukot - Peppi-ohjeet henkil\u00f6kunnalle\" \/>\n<meta property=\"og:description\" content=\"T\u00e4ss\u00e4 n\u00e4kym\u00e4ss\u00e4 voit luoda omia suosikkilistoja eri resursseista. Suosikkilistoja voit hy\u00f6dynt\u00e4\u00e4 resurssivarausv\u00e4lineen muissa n\u00e4kymiss\u00e4. K\u00e4ytt\u00f6vinkkej\u00e4 t\u00e4h\u00e4n on kohdassa 3 Listojen k\u00e4ytt\u00f6vinkit. Suosikkilistoja voi luoda eri resurssityyppien mukaisesti, jotka n\u00e4kyv\u00e4t etusivun yl\u00e4osassa v\u00e4lilehtin\u00e4: toteutukset, ryhm\u00e4t, tilat, henkil\u00f6t ja v\u00e4lineet. Voit k\u00e4ytt\u00e4\u00e4 t\u00e4t\u00e4 toimintoa kahdella eri tavalla: valitsemalla hakutuloksista omaan listaasi kohteita ja tallentamalla ne aiemmin luomaasi [&hellip;]\" \/>\n<meta property=\"og:url\" content=\"https:\/\/help.jamk.fi\/peppi-ohjeet-henkilokunnalle\/fi\/resurssien-suunnittelu-ja-varaus\/suosikkilistat-ja-resurssijoukot\/\" \/>\n<meta property=\"og:site_name\" content=\"Peppi-ohjeet henkil\u00f6kunnalle\" \/>\n<meta property=\"article:modified_time\" content=\"2024-01-05T13:54:39+00:00\" \/>\n<meta property=\"og:image\" content=\"https:\/\/help.jamk.fi\/peppi-ohjeet-henkilokunnalle\/wp-content\/uploads\/sites\/131\/2019\/11\/Luo_uusilista_180x230.jpg\" \/>\n<meta name=\"twitter:card\" content=\"summary_large_image\" \/>\n<meta name=\"twitter:label1\" content=\"Arvioitu lukuaika\" \/>\n\t<meta name=\"twitter:data1\" content=\"4 minuuttia\" \/>\n<script type=\"application\/ld+json\" class=\"yoast-schema-graph\">{\"@context\":\"https:\\\/\\\/schema.org\",\"@graph\":[{\"@type\":\"WebPage\",\"@id\":\"https:\\\/\\\/help.jamk.fi\\\/peppi-ohjeet-henkilokunnalle\\\/fi\\\/resurssien-suunnittelu-ja-varaus\\\/suosikkilistat-ja-resurssijoukot\\\/\",\"url\":\"https:\\\/\\\/help.jamk.fi\\\/peppi-ohjeet-henkilokunnalle\\\/fi\\\/resurssien-suunnittelu-ja-varaus\\\/suosikkilistat-ja-resurssijoukot\\\/\",\"name\":\"Suosikkilistat ja resurssijoukot - Peppi-ohjeet henkil\u00f6kunnalle\",\"isPartOf\":{\"@id\":\"https:\\\/\\\/help.jamk.fi\\\/peppi-ohjeet-henkilokunnalle\\\/#website\"},\"primaryImageOfPage\":{\"@id\":\"https:\\\/\\\/help.jamk.fi\\\/peppi-ohjeet-henkilokunnalle\\\/fi\\\/resurssien-suunnittelu-ja-varaus\\\/suosikkilistat-ja-resurssijoukot\\\/#primaryimage\"},\"image\":{\"@id\":\"https:\\\/\\\/help.jamk.fi\\\/peppi-ohjeet-henkilokunnalle\\\/fi\\\/resurssien-suunnittelu-ja-varaus\\\/suosikkilistat-ja-resurssijoukot\\\/#primaryimage\"},\"thumbnailUrl\":\"https:\\\/\\\/help.jamk.fi\\\/peppi-ohjeet-henkilokunnalle\\\/wp-content\\\/uploads\\\/sites\\\/131\\\/2019\\\/11\\\/Luo_uusilista_180x230.jpg\",\"datePublished\":\"2019-11-15T08:25:03+00:00\",\"dateModified\":\"2024-01-05T13:54:39+00:00\",\"breadcrumb\":{\"@id\":\"https:\\\/\\\/help.jamk.fi\\\/peppi-ohjeet-henkilokunnalle\\\/fi\\\/resurssien-suunnittelu-ja-varaus\\\/suosikkilistat-ja-resurssijoukot\\\/#breadcrumb\"},\"inLanguage\":\"fi\",\"potentialAction\":[{\"@type\":\"ReadAction\",\"target\":[\"https:\\\/\\\/help.jamk.fi\\\/peppi-ohjeet-henkilokunnalle\\\/fi\\\/resurssien-suunnittelu-ja-varaus\\\/suosikkilistat-ja-resurssijoukot\\\/\"]}]},{\"@type\":\"ImageObject\",\"inLanguage\":\"fi\",\"@id\":\"https:\\\/\\\/help.jamk.fi\\\/peppi-ohjeet-henkilokunnalle\\\/fi\\\/resurssien-suunnittelu-ja-varaus\\\/suosikkilistat-ja-resurssijoukot\\\/#primaryimage\",\"url\":\"https:\\\/\\\/help.jamk.fi\\\/peppi-ohjeet-henkilokunnalle\\\/wp-content\\\/uploads\\\/sites\\\/131\\\/2019\\\/11\\\/Luo_uusilista_180x230.jpg\",\"contentUrl\":\"https:\\\/\\\/help.jamk.fi\\\/peppi-ohjeet-henkilokunnalle\\\/wp-content\\\/uploads\\\/sites\\\/131\\\/2019\\\/11\\\/Luo_uusilista_180x230.jpg\",\"width\":180,\"height\":234,\"caption\":\"Kuva uuden listan luomisen painikkeesta\"},{\"@type\":\"BreadcrumbList\",\"@id\":\"https:\\\/\\\/help.jamk.fi\\\/peppi-ohjeet-henkilokunnalle\\\/fi\\\/resurssien-suunnittelu-ja-varaus\\\/suosikkilistat-ja-resurssijoukot\\\/#breadcrumb\",\"itemListElement\":[{\"@type\":\"ListItem\",\"position\":1,\"name\":\"Home\",\"item\":\"https:\\\/\\\/help.jamk.fi\\\/peppi-ohjeet-henkilokunnalle\\\/en\\\/\"},{\"@type\":\"ListItem\",\"position\":2,\"name\":\"Resurssien suunnittelu ja varaus\",\"item\":\"https:\\\/\\\/help.jamk.fi\\\/peppi-ohjeet-henkilokunnalle\\\/fi\\\/resurssien-suunnittelu-ja-varaus\\\/\"},{\"@type\":\"ListItem\",\"position\":3,\"name\":\"Suosikkilistat ja resurssijoukot\"}]},{\"@type\":\"WebSite\",\"@id\":\"https:\\\/\\\/help.jamk.fi\\\/peppi-ohjeet-henkilokunnalle\\\/#website\",\"url\":\"https:\\\/\\\/help.jamk.fi\\\/peppi-ohjeet-henkilokunnalle\\\/\",\"name\":\"Peppi-ohjeet henkil\u00f6kunnalle\",\"description\":\"\",\"potentialAction\":[{\"@type\":\"SearchAction\",\"target\":{\"@type\":\"EntryPoint\",\"urlTemplate\":\"https:\\\/\\\/help.jamk.fi\\\/peppi-ohjeet-henkilokunnalle\\\/?s={search_term_string}\"},\"query-input\":{\"@type\":\"PropertyValueSpecification\",\"valueRequired\":true,\"valueName\":\"search_term_string\"}}],\"inLanguage\":\"fi\"}]}<\/script>\n<!-- \/ Yoast SEO plugin. -->","yoast_head_json":{"title":"Suosikkilistat ja resurssijoukot - Peppi-ohjeet henkil\u00f6kunnalle","robots":{"index":"index","follow":"follow","max-snippet":"max-snippet:-1","max-image-preview":"max-image-preview:large","max-video-preview":"max-video-preview:-1"},"canonical":"https:\/\/help.jamk.fi\/peppi-ohjeet-henkilokunnalle\/fi\/resurssien-suunnittelu-ja-varaus\/suosikkilistat-ja-resurssijoukot\/","og_locale":"fi_FI","og_type":"article","og_title":"Suosikkilistat ja resurssijoukot - Peppi-ohjeet henkil\u00f6kunnalle","og_description":"T\u00e4ss\u00e4 n\u00e4kym\u00e4ss\u00e4 voit luoda omia suosikkilistoja eri resursseista. Suosikkilistoja voit hy\u00f6dynt\u00e4\u00e4 resurssivarausv\u00e4lineen muissa n\u00e4kymiss\u00e4. K\u00e4ytt\u00f6vinkkej\u00e4 t\u00e4h\u00e4n on kohdassa 3 Listojen k\u00e4ytt\u00f6vinkit. Suosikkilistoja voi luoda eri resurssityyppien mukaisesti, jotka n\u00e4kyv\u00e4t etusivun yl\u00e4osassa v\u00e4lilehtin\u00e4: toteutukset, ryhm\u00e4t, tilat, henkil\u00f6t ja v\u00e4lineet. Voit k\u00e4ytt\u00e4\u00e4 t\u00e4t\u00e4 toimintoa kahdella eri tavalla: valitsemalla hakutuloksista omaan listaasi kohteita ja tallentamalla ne aiemmin luomaasi [&hellip;]","og_url":"https:\/\/help.jamk.fi\/peppi-ohjeet-henkilokunnalle\/fi\/resurssien-suunnittelu-ja-varaus\/suosikkilistat-ja-resurssijoukot\/","og_site_name":"Peppi-ohjeet henkil\u00f6kunnalle","article_modified_time":"2024-01-05T13:54:39+00:00","og_image":[{"url":"https:\/\/help.jamk.fi\/peppi-ohjeet-henkilokunnalle\/wp-content\/uploads\/sites\/131\/2019\/11\/Luo_uusilista_180x230.jpg","type":"","width":"","height":""}],"twitter_card":"summary_large_image","twitter_misc":{"Arvioitu lukuaika":"4 minuuttia"},"schema":{"@context":"https:\/\/schema.org","@graph":[{"@type":"WebPage","@id":"https:\/\/help.jamk.fi\/peppi-ohjeet-henkilokunnalle\/fi\/resurssien-suunnittelu-ja-varaus\/suosikkilistat-ja-resurssijoukot\/","url":"https:\/\/help.jamk.fi\/peppi-ohjeet-henkilokunnalle\/fi\/resurssien-suunnittelu-ja-varaus\/suosikkilistat-ja-resurssijoukot\/","name":"Suosikkilistat ja resurssijoukot - Peppi-ohjeet henkil\u00f6kunnalle","isPartOf":{"@id":"https:\/\/help.jamk.fi\/peppi-ohjeet-henkilokunnalle\/#website"},"primaryImageOfPage":{"@id":"https:\/\/help.jamk.fi\/peppi-ohjeet-henkilokunnalle\/fi\/resurssien-suunnittelu-ja-varaus\/suosikkilistat-ja-resurssijoukot\/#primaryimage"},"image":{"@id":"https:\/\/help.jamk.fi\/peppi-ohjeet-henkilokunnalle\/fi\/resurssien-suunnittelu-ja-varaus\/suosikkilistat-ja-resurssijoukot\/#primaryimage"},"thumbnailUrl":"https:\/\/help.jamk.fi\/peppi-ohjeet-henkilokunnalle\/wp-content\/uploads\/sites\/131\/2019\/11\/Luo_uusilista_180x230.jpg","datePublished":"2019-11-15T08:25:03+00:00","dateModified":"2024-01-05T13:54:39+00:00","breadcrumb":{"@id":"https:\/\/help.jamk.fi\/peppi-ohjeet-henkilokunnalle\/fi\/resurssien-suunnittelu-ja-varaus\/suosikkilistat-ja-resurssijoukot\/#breadcrumb"},"inLanguage":"fi","potentialAction":[{"@type":"ReadAction","target":["https:\/\/help.jamk.fi\/peppi-ohjeet-henkilokunnalle\/fi\/resurssien-suunnittelu-ja-varaus\/suosikkilistat-ja-resurssijoukot\/"]}]},{"@type":"ImageObject","inLanguage":"fi","@id":"https:\/\/help.jamk.fi\/peppi-ohjeet-henkilokunnalle\/fi\/resurssien-suunnittelu-ja-varaus\/suosikkilistat-ja-resurssijoukot\/#primaryimage","url":"https:\/\/help.jamk.fi\/peppi-ohjeet-henkilokunnalle\/wp-content\/uploads\/sites\/131\/2019\/11\/Luo_uusilista_180x230.jpg","contentUrl":"https:\/\/help.jamk.fi\/peppi-ohjeet-henkilokunnalle\/wp-content\/uploads\/sites\/131\/2019\/11\/Luo_uusilista_180x230.jpg","width":180,"height":234,"caption":"Kuva uuden listan luomisen painikkeesta"},{"@type":"BreadcrumbList","@id":"https:\/\/help.jamk.fi\/peppi-ohjeet-henkilokunnalle\/fi\/resurssien-suunnittelu-ja-varaus\/suosikkilistat-ja-resurssijoukot\/#breadcrumb","itemListElement":[{"@type":"ListItem","position":1,"name":"Home","item":"https:\/\/help.jamk.fi\/peppi-ohjeet-henkilokunnalle\/en\/"},{"@type":"ListItem","position":2,"name":"Resurssien suunnittelu ja varaus","item":"https:\/\/help.jamk.fi\/peppi-ohjeet-henkilokunnalle\/fi\/resurssien-suunnittelu-ja-varaus\/"},{"@type":"ListItem","position":3,"name":"Suosikkilistat ja resurssijoukot"}]},{"@type":"WebSite","@id":"https:\/\/help.jamk.fi\/peppi-ohjeet-henkilokunnalle\/#website","url":"https:\/\/help.jamk.fi\/peppi-ohjeet-henkilokunnalle\/","name":"Peppi-ohjeet henkil\u00f6kunnalle","description":"","potentialAction":[{"@type":"SearchAction","target":{"@type":"EntryPoint","urlTemplate":"https:\/\/help.jamk.fi\/peppi-ohjeet-henkilokunnalle\/?s={search_term_string}"},"query-input":{"@type":"PropertyValueSpecification","valueRequired":true,"valueName":"search_term_string"}}],"inLanguage":"fi"}]}},"_links":{"self":[{"href":"https:\/\/help.jamk.fi\/peppi-ohjeet-henkilokunnalle\/wp-json\/wp\/v2\/pages\/4523","targetHints":{"allow":["GET"]}}],"collection":[{"href":"https:\/\/help.jamk.fi\/peppi-ohjeet-henkilokunnalle\/wp-json\/wp\/v2\/pages"}],"about":[{"href":"https:\/\/help.jamk.fi\/peppi-ohjeet-henkilokunnalle\/wp-json\/wp\/v2\/types\/page"}],"author":[{"embeddable":true,"href":"https:\/\/help.jamk.fi\/peppi-ohjeet-henkilokunnalle\/wp-json\/wp\/v2\/users\/76"}],"replies":[{"embeddable":true,"href":"https:\/\/help.jamk.fi\/peppi-ohjeet-henkilokunnalle\/wp-json\/wp\/v2\/comments?post=4523"}],"version-history":[{"count":3,"href":"https:\/\/help.jamk.fi\/peppi-ohjeet-henkilokunnalle\/wp-json\/wp\/v2\/pages\/4523\/revisions"}],"predecessor-version":[{"id":6157,"href":"https:\/\/help.jamk.fi\/peppi-ohjeet-henkilokunnalle\/wp-json\/wp\/v2\/pages\/4523\/revisions\/6157"}],"up":[{"embeddable":true,"href":"https:\/\/help.jamk.fi\/peppi-ohjeet-henkilokunnalle\/wp-json\/wp\/v2\/pages\/4511"}],"wp:attachment":[{"href":"https:\/\/help.jamk.fi\/peppi-ohjeet-henkilokunnalle\/wp-json\/wp\/v2\/media?parent=4523"}],"wp:term":[{"taxonomy":"category","embeddable":true,"href":"https:\/\/help.jamk.fi\/peppi-ohjeet-henkilokunnalle\/wp-json\/wp\/v2\/categories?post=4523"},{"taxonomy":"post_tag","embeddable":true,"href":"https:\/\/help.jamk.fi\/peppi-ohjeet-henkilokunnalle\/wp-json\/wp\/v2\/tags?post=4523"}],"curies":[{"name":"wp","href":"https:\/\/api.w.org\/{rel}","templated":true}]}}