{"id":4524,"date":"2019-11-19T13:14:13","date_gmt":"2019-11-19T11:14:13","guid":{"rendered":"https:\/\/help.jamk.fi\/peppi-ohjeet-henkilokunnalle\/resurssien-suunnittelu-ja-varaus\/tilojen-ja-valineiden-hallinnointi\/"},"modified":"2023-11-24T09:12:22","modified_gmt":"2023-11-24T07:12:22","slug":"tilojen-ja-valineiden-hallinnointi","status":"publish","type":"page","link":"https:\/\/help.jamk.fi\/peppi-ohjeet-henkilokunnalle\/fi\/resurssien-suunnittelu-ja-varaus\/tilojen-ja-valineiden-hallinnointi\/","title":{"rendered":"Tilojen ja v\u00e4lineiden hallinnointi"},"content":{"rendered":"\n<p>Pepin tiloja ja v\u00e4lineit\u00e4 hallinnoi resurssienhallinnan p\u00e4\u00e4k\u00e4ytt\u00e4j\u00e4, ja kaikki muutokset ja lis\u00e4ykset pyydet\u00e4\u00e4n Helpdeskin kautta.<\/p>\n\n\n\n<h2 class=\"wp-block-heading\">1 V\u00e4lineiden hallinnointi<\/h2>\n\n\n\n<p>Yksik\u00f6n omia v\u00e4lineit\u00e4 voi lis\u00e4t\u00e4, muokata ja poistaa. Huomioithan, ett\u00e4 yksik\u00f6n v\u00e4lineet n\u00e4kyv\u00e4t kaikille Pepin k\u00e4ytt\u00e4jille, vaikka varausoikeus on m\u00e4\u00e4ritelty ainoastaan tietylle joukolle.<\/p>\n\n\n\n<p>Pyynn\u00f6ss\u00e4 pit\u00e4\u00e4 olla tiedossa<\/p>\n\n\n\n<ul class=\"wp-block-list\">\n<li>V\u00e4lineen\/laitteen nimi<\/li>\n\n\n\n<li>Mahdollinen tilakoodi (jos ei ole v\u00e4li\u00e4, p\u00e4\u00e4k\u00e4ytt\u00e4j\u00e4 m\u00e4\u00e4ritt\u00e4\u00e4 t\u00e4m\u00e4n itse)<\/li>\n\n\n\n<li>Mahdolliset lis\u00e4tiedot\/ohjeet v\u00e4lineen k\u00e4ytt\u00f6\u00f6n<\/li>\n\n\n\n<li>Mahdollinen liitett\u00e4v\u00e4 kuva (koko 640&#215;480)<\/li>\n<\/ul>\n\n\n\n<h2 class=\"wp-block-heading\">2 Tilojen hallinnointi<\/h2>\n\n\n\n<p>Tilojen hallinnointi k\u00e4sitt\u00e4\u00e4 kampusten nimet, tilalajit, tilat ja niiden tilatiedot sek\u00e4 sallitut varausajat kampusten aukioloaikojen puitteissa.<\/p>\n\n\n\n<p>Tilojen nimi\u00e4, varusteita, kuvia, muita lis\u00e4tietoja sek\u00e4 tilakoodeja p\u00e4ivitet\u00e4\u00e4n pyydett\u00e4ess\u00e4.<\/p>\n","protected":false},"excerpt":{"rendered":"<p>Pepin tiloja ja v\u00e4lineit\u00e4 hallinnoi resurssienhallinnan p\u00e4\u00e4k\u00e4ytt\u00e4j\u00e4, ja kaikki muutokset ja lis\u00e4ykset pyydet\u00e4\u00e4n Helpdeskin kautta. 1 V\u00e4lineiden hallinnointi Yksik\u00f6n omia v\u00e4lineit\u00e4 voi lis\u00e4t\u00e4, muokata ja poistaa. Huomioithan, ett\u00e4 yksik\u00f6n v\u00e4lineet n\u00e4kyv\u00e4t kaikille Pepin k\u00e4ytt\u00e4jille, vaikka varausoikeus on m\u00e4\u00e4ritelty ainoastaan tietylle joukolle. Pyynn\u00f6ss\u00e4 pit\u00e4\u00e4 olla tiedossa 2 Tilojen hallinnointi Tilojen hallinnointi k\u00e4sitt\u00e4\u00e4 kampusten nimet, tilalajit, tilat [&hellip;]<\/p>\n","protected":false},"author":76,"featured_media":0,"parent":4511,"menu_order":6,"comment_status":"closed","ping_status":"open","template":"","meta":{"_acf_changed":false,"_relevanssi_hide_post":"","_relevanssi_hide_content":"","_relevanssi_pin_for_all":"","_relevanssi_pin_keywords":"","_relevanssi_unpin_keywords":"","_relevanssi_related_keywords":"","_relevanssi_related_include_ids":"","_relevanssi_related_exclude_ids":"","_relevanssi_related_no_append":"","_relevanssi_related_not_related":"","_relevanssi_related_posts":"","_relevanssi_noindex_reason":"","footnotes":""},"categories":[1],"tags":[],"class_list":["post-4524","page","type-page","status-publish","hentry","category-uncategorised"],"acf":[],"yoast_head":"<!-- This site is optimized with the Yoast SEO plugin v27.4 - https:\/\/yoast.com\/product\/yoast-seo-wordpress\/ -->\n<title>Tilojen ja v\u00e4lineiden hallinnointi - Peppi-ohjeet henkil\u00f6kunnalle<\/title>\n<meta name=\"robots\" content=\"index, follow, max-snippet:-1, max-image-preview:large, max-video-preview:-1\" \/>\n<link rel=\"canonical\" href=\"https:\/\/help.jamk.fi\/peppi-ohjeet-henkilokunnalle\/fi\/resurssien-suunnittelu-ja-varaus\/tilojen-ja-valineiden-hallinnointi\/\" \/>\n<meta property=\"og:locale\" content=\"fi_FI\" \/>\n<meta property=\"og:type\" content=\"article\" \/>\n<meta property=\"og:title\" content=\"Tilojen ja v\u00e4lineiden hallinnointi - Peppi-ohjeet henkil\u00f6kunnalle\" \/>\n<meta property=\"og:description\" content=\"Pepin tiloja ja v\u00e4lineit\u00e4 hallinnoi resurssienhallinnan p\u00e4\u00e4k\u00e4ytt\u00e4j\u00e4, ja kaikki muutokset ja lis\u00e4ykset pyydet\u00e4\u00e4n Helpdeskin kautta. 1 V\u00e4lineiden hallinnointi Yksik\u00f6n omia v\u00e4lineit\u00e4 voi lis\u00e4t\u00e4, muokata ja poistaa. Huomioithan, ett\u00e4 yksik\u00f6n v\u00e4lineet n\u00e4kyv\u00e4t kaikille Pepin k\u00e4ytt\u00e4jille, vaikka varausoikeus on m\u00e4\u00e4ritelty ainoastaan tietylle joukolle. Pyynn\u00f6ss\u00e4 pit\u00e4\u00e4 olla tiedossa 2 Tilojen hallinnointi Tilojen hallinnointi k\u00e4sitt\u00e4\u00e4 kampusten nimet, tilalajit, tilat [&hellip;]\" \/>\n<meta property=\"og:url\" content=\"https:\/\/help.jamk.fi\/peppi-ohjeet-henkilokunnalle\/fi\/resurssien-suunnittelu-ja-varaus\/tilojen-ja-valineiden-hallinnointi\/\" \/>\n<meta property=\"og:site_name\" content=\"Peppi-ohjeet henkil\u00f6kunnalle\" \/>\n<meta property=\"article:modified_time\" content=\"2023-11-24T07:12:22+00:00\" \/>\n<meta name=\"twitter:card\" content=\"summary_large_image\" \/>\n<meta name=\"twitter:label1\" content=\"Arvioitu lukuaika\" \/>\n\t<meta name=\"twitter:data1\" content=\"1 minuutti\" \/>\n<script type=\"application\/ld+json\" class=\"yoast-schema-graph\">{\"@context\":\"https:\\\/\\\/schema.org\",\"@graph\":[{\"@type\":\"WebPage\",\"@id\":\"https:\\\/\\\/help.jamk.fi\\\/peppi-ohjeet-henkilokunnalle\\\/fi\\\/resurssien-suunnittelu-ja-varaus\\\/tilojen-ja-valineiden-hallinnointi\\\/\",\"url\":\"https:\\\/\\\/help.jamk.fi\\\/peppi-ohjeet-henkilokunnalle\\\/fi\\\/resurssien-suunnittelu-ja-varaus\\\/tilojen-ja-valineiden-hallinnointi\\\/\",\"name\":\"Tilojen ja v\u00e4lineiden hallinnointi - Peppi-ohjeet henkil\u00f6kunnalle\",\"isPartOf\":{\"@id\":\"https:\\\/\\\/help.jamk.fi\\\/peppi-ohjeet-henkilokunnalle\\\/#website\"},\"datePublished\":\"2019-11-19T11:14:13+00:00\",\"dateModified\":\"2023-11-24T07:12:22+00:00\",\"breadcrumb\":{\"@id\":\"https:\\\/\\\/help.jamk.fi\\\/peppi-ohjeet-henkilokunnalle\\\/fi\\\/resurssien-suunnittelu-ja-varaus\\\/tilojen-ja-valineiden-hallinnointi\\\/#breadcrumb\"},\"inLanguage\":\"fi\",\"potentialAction\":[{\"@type\":\"ReadAction\",\"target\":[\"https:\\\/\\\/help.jamk.fi\\\/peppi-ohjeet-henkilokunnalle\\\/fi\\\/resurssien-suunnittelu-ja-varaus\\\/tilojen-ja-valineiden-hallinnointi\\\/\"]}]},{\"@type\":\"BreadcrumbList\",\"@id\":\"https:\\\/\\\/help.jamk.fi\\\/peppi-ohjeet-henkilokunnalle\\\/fi\\\/resurssien-suunnittelu-ja-varaus\\\/tilojen-ja-valineiden-hallinnointi\\\/#breadcrumb\",\"itemListElement\":[{\"@type\":\"ListItem\",\"position\":1,\"name\":\"Home\",\"item\":\"https:\\\/\\\/help.jamk.fi\\\/peppi-ohjeet-henkilokunnalle\\\/en\\\/\"},{\"@type\":\"ListItem\",\"position\":2,\"name\":\"Resurssien suunnittelu ja varaus\",\"item\":\"https:\\\/\\\/help.jamk.fi\\\/peppi-ohjeet-henkilokunnalle\\\/fi\\\/resurssien-suunnittelu-ja-varaus\\\/\"},{\"@type\":\"ListItem\",\"position\":3,\"name\":\"Tilojen ja v\u00e4lineiden hallinnointi\"}]},{\"@type\":\"WebSite\",\"@id\":\"https:\\\/\\\/help.jamk.fi\\\/peppi-ohjeet-henkilokunnalle\\\/#website\",\"url\":\"https:\\\/\\\/help.jamk.fi\\\/peppi-ohjeet-henkilokunnalle\\\/\",\"name\":\"Peppi-ohjeet henkil\u00f6kunnalle\",\"description\":\"\",\"potentialAction\":[{\"@type\":\"SearchAction\",\"target\":{\"@type\":\"EntryPoint\",\"urlTemplate\":\"https:\\\/\\\/help.jamk.fi\\\/peppi-ohjeet-henkilokunnalle\\\/?s={search_term_string}\"},\"query-input\":{\"@type\":\"PropertyValueSpecification\",\"valueRequired\":true,\"valueName\":\"search_term_string\"}}],\"inLanguage\":\"fi\"}]}<\/script>\n<!-- \/ Yoast SEO plugin. -->","yoast_head_json":{"title":"Tilojen ja v\u00e4lineiden hallinnointi - Peppi-ohjeet henkil\u00f6kunnalle","robots":{"index":"index","follow":"follow","max-snippet":"max-snippet:-1","max-image-preview":"max-image-preview:large","max-video-preview":"max-video-preview:-1"},"canonical":"https:\/\/help.jamk.fi\/peppi-ohjeet-henkilokunnalle\/fi\/resurssien-suunnittelu-ja-varaus\/tilojen-ja-valineiden-hallinnointi\/","og_locale":"fi_FI","og_type":"article","og_title":"Tilojen ja v\u00e4lineiden hallinnointi - Peppi-ohjeet henkil\u00f6kunnalle","og_description":"Pepin tiloja ja v\u00e4lineit\u00e4 hallinnoi resurssienhallinnan p\u00e4\u00e4k\u00e4ytt\u00e4j\u00e4, ja kaikki muutokset ja lis\u00e4ykset pyydet\u00e4\u00e4n Helpdeskin kautta. 1 V\u00e4lineiden hallinnointi Yksik\u00f6n omia v\u00e4lineit\u00e4 voi lis\u00e4t\u00e4, muokata ja poistaa. Huomioithan, ett\u00e4 yksik\u00f6n v\u00e4lineet n\u00e4kyv\u00e4t kaikille Pepin k\u00e4ytt\u00e4jille, vaikka varausoikeus on m\u00e4\u00e4ritelty ainoastaan tietylle joukolle. Pyynn\u00f6ss\u00e4 pit\u00e4\u00e4 olla tiedossa 2 Tilojen hallinnointi Tilojen hallinnointi k\u00e4sitt\u00e4\u00e4 kampusten nimet, tilalajit, tilat [&hellip;]","og_url":"https:\/\/help.jamk.fi\/peppi-ohjeet-henkilokunnalle\/fi\/resurssien-suunnittelu-ja-varaus\/tilojen-ja-valineiden-hallinnointi\/","og_site_name":"Peppi-ohjeet henkil\u00f6kunnalle","article_modified_time":"2023-11-24T07:12:22+00:00","twitter_card":"summary_large_image","twitter_misc":{"Arvioitu lukuaika":"1 minuutti"},"schema":{"@context":"https:\/\/schema.org","@graph":[{"@type":"WebPage","@id":"https:\/\/help.jamk.fi\/peppi-ohjeet-henkilokunnalle\/fi\/resurssien-suunnittelu-ja-varaus\/tilojen-ja-valineiden-hallinnointi\/","url":"https:\/\/help.jamk.fi\/peppi-ohjeet-henkilokunnalle\/fi\/resurssien-suunnittelu-ja-varaus\/tilojen-ja-valineiden-hallinnointi\/","name":"Tilojen ja v\u00e4lineiden hallinnointi - Peppi-ohjeet henkil\u00f6kunnalle","isPartOf":{"@id":"https:\/\/help.jamk.fi\/peppi-ohjeet-henkilokunnalle\/#website"},"datePublished":"2019-11-19T11:14:13+00:00","dateModified":"2023-11-24T07:12:22+00:00","breadcrumb":{"@id":"https:\/\/help.jamk.fi\/peppi-ohjeet-henkilokunnalle\/fi\/resurssien-suunnittelu-ja-varaus\/tilojen-ja-valineiden-hallinnointi\/#breadcrumb"},"inLanguage":"fi","potentialAction":[{"@type":"ReadAction","target":["https:\/\/help.jamk.fi\/peppi-ohjeet-henkilokunnalle\/fi\/resurssien-suunnittelu-ja-varaus\/tilojen-ja-valineiden-hallinnointi\/"]}]},{"@type":"BreadcrumbList","@id":"https:\/\/help.jamk.fi\/peppi-ohjeet-henkilokunnalle\/fi\/resurssien-suunnittelu-ja-varaus\/tilojen-ja-valineiden-hallinnointi\/#breadcrumb","itemListElement":[{"@type":"ListItem","position":1,"name":"Home","item":"https:\/\/help.jamk.fi\/peppi-ohjeet-henkilokunnalle\/en\/"},{"@type":"ListItem","position":2,"name":"Resurssien suunnittelu ja varaus","item":"https:\/\/help.jamk.fi\/peppi-ohjeet-henkilokunnalle\/fi\/resurssien-suunnittelu-ja-varaus\/"},{"@type":"ListItem","position":3,"name":"Tilojen ja v\u00e4lineiden hallinnointi"}]},{"@type":"WebSite","@id":"https:\/\/help.jamk.fi\/peppi-ohjeet-henkilokunnalle\/#website","url":"https:\/\/help.jamk.fi\/peppi-ohjeet-henkilokunnalle\/","name":"Peppi-ohjeet henkil\u00f6kunnalle","description":"","potentialAction":[{"@type":"SearchAction","target":{"@type":"EntryPoint","urlTemplate":"https:\/\/help.jamk.fi\/peppi-ohjeet-henkilokunnalle\/?s={search_term_string}"},"query-input":{"@type":"PropertyValueSpecification","valueRequired":true,"valueName":"search_term_string"}}],"inLanguage":"fi"}]}},"_links":{"self":[{"href":"https:\/\/help.jamk.fi\/peppi-ohjeet-henkilokunnalle\/wp-json\/wp\/v2\/pages\/4524","targetHints":{"allow":["GET"]}}],"collection":[{"href":"https:\/\/help.jamk.fi\/peppi-ohjeet-henkilokunnalle\/wp-json\/wp\/v2\/pages"}],"about":[{"href":"https:\/\/help.jamk.fi\/peppi-ohjeet-henkilokunnalle\/wp-json\/wp\/v2\/types\/page"}],"author":[{"embeddable":true,"href":"https:\/\/help.jamk.fi\/peppi-ohjeet-henkilokunnalle\/wp-json\/wp\/v2\/users\/76"}],"replies":[{"embeddable":true,"href":"https:\/\/help.jamk.fi\/peppi-ohjeet-henkilokunnalle\/wp-json\/wp\/v2\/comments?post=4524"}],"version-history":[{"count":2,"href":"https:\/\/help.jamk.fi\/peppi-ohjeet-henkilokunnalle\/wp-json\/wp\/v2\/pages\/4524\/revisions"}],"predecessor-version":[{"id":5618,"href":"https:\/\/help.jamk.fi\/peppi-ohjeet-henkilokunnalle\/wp-json\/wp\/v2\/pages\/4524\/revisions\/5618"}],"up":[{"embeddable":true,"href":"https:\/\/help.jamk.fi\/peppi-ohjeet-henkilokunnalle\/wp-json\/wp\/v2\/pages\/4511"}],"wp:attachment":[{"href":"https:\/\/help.jamk.fi\/peppi-ohjeet-henkilokunnalle\/wp-json\/wp\/v2\/media?parent=4524"}],"wp:term":[{"taxonomy":"category","embeddable":true,"href":"https:\/\/help.jamk.fi\/peppi-ohjeet-henkilokunnalle\/wp-json\/wp\/v2\/categories?post=4524"},{"taxonomy":"post_tag","embeddable":true,"href":"https:\/\/help.jamk.fi\/peppi-ohjeet-henkilokunnalle\/wp-json\/wp\/v2\/tags?post=4524"}],"curies":[{"name":"wp","href":"https:\/\/api.w.org\/{rel}","templated":true}]}}