{"id":4525,"date":"2019-11-18T10:08:42","date_gmt":"2019-11-18T08:08:42","guid":{"rendered":"https:\/\/help.jamk.fi\/peppi-ohjeet-henkilokunnalle\/opetussuunnittelu\/opetussuunnitelmat-opsit\/"},"modified":"2024-10-30T15:47:10","modified_gmt":"2024-10-30T13:47:10","slug":"opetussuunnitelmat-opsit","status":"publish","type":"page","link":"https:\/\/help.jamk.fi\/peppi-ohjeet-henkilokunnalle\/fi\/opetussuunnittelu\/opetussuunnitelmat-opsit\/","title":{"rendered":"Opetussuunnitelmat (OPSit)"},"content":{"rendered":"\n<p>Opetussuunnitelmia voidaan tehd\u00e4 Jamkissa kahdella eri tavalla:<\/p>\n\n\n\n<ol class=\"wp-block-list\">\n<li>Luomalla uusi OPS.<\/li>\n\n\n\n<li>Kopioimalla vanha OPS uuden OPSin pohjaksi.<\/li>\n<\/ol>\n\n\n\n<h2 class=\"wp-block-heading\">Uuden OPSin luominen<\/h2>\n\n\n\n<ol class=\"wp-block-list\">\n<li>Valitse p\u00e4\u00e4valikosta Opetussuunnittelu -&gt; <strong>Opetussuunnitelmat<\/strong>.<\/li>\n\n\n\n<li>Napsauta sivun oikeasta yl\u00e4reunasta <strong>Lis\u00e4\u00e4 uusi<\/strong> -painiketta ja valitse pudotusvalikosta <strong>Opetussuunnitelma<\/strong>.<\/li>\n\n\n\n<li>Sy\u00f6t\u00e4 n\u00e4yt\u00f6lle avautuvaan <strong>Luo uusi opetussuunnitelma<\/strong> -ponnahdusikkunaan OPSin tiedot.\n<ul class=\"wp-block-list\">\n<li>Luonnosvaiheessa pakollisia tietoja ovat OPSin nimi suomeksi ja tunnus.<\/li>\n\n\n\n<li>Jamkissa OPSin nimi voi on tutkinto-ohjelman nimi ilman &#8221;tutkinto-ohjelmaa&#8221; esim. Liiketalous.<\/li>\n\n\n\n<li>Tunnus muodostuu Jamkissa seuraavasti:\n<ul class=\"wp-block-list\">\n<li>kolme ensimm\u00e4ist\u00e4 kirjainta ovat tutkinto-ohjelman tunnuksesta, esim. HTL<\/li>\n\n\n\n<li>vuosi, jolle OPS tehd\u00e4\u00e4n, esim. 2020<\/li>\n\n\n\n<li>kausi, jolloin koulutus alkaa: esim. HTL2020SS (Liiketalouden syksyn 2020 OPS)<\/li>\n<\/ul>\n<\/li>\n<\/ul>\n<\/li>\n\n\n\n<li>OPSin hyv\u00e4ksymisvaiheessa pakollisia tietoja ovat nimen (suomeksi ja englanniksi) ja tunnuksen lis\u00e4ksi Koulutusaste, Laajuus, P\u00e4\u00e4asiallinen opetuskieli, Kesto, Tutkinto, Tutkintonimike, Koulutusohjelma, Tyyppi, Ryhm\u00e4(t), Vastuuhenkil\u00f6 ja Organisaatio. Katso tarkemmin kohdasta <a href=\"https:\/\/help.jamk.fi\/peppi-ohjeet-henkilokunnalle\/fi\/opetussuunnittelu\/opetussuunnitelmat-opsit\/opsin-kuvaus\/\">OPSin kuvaus<\/a>.<\/li>\n\n\n\n<li>Kun olet sy\u00f6tt\u00e4nyt OPSiin tarvittavat tiedot, tallenna se napsauttamalla ikkunan alareunan <strong>Tallenna<\/strong>-painiketta.<br>N\u00e4yt\u00f6lle avautuu sivu, jossa n\u00e4et tallennetun opetussuunnitelman tiedot.<\/li>\n<\/ol>\n\n\n\n<h2 class=\"wp-block-heading\">Vanhan OPS:n kopioiminen uuden pohjaksi<\/h2>\n\n\n\n<ol class=\"wp-block-list\">\n<li>Valitse p\u00e4\u00e4valikosta <strong>Opetussuunnittelu<\/strong> &gt; <strong>Opetussuunnitelmat<\/strong>.<br>N\u00e4yt\u00f6lle avautuu hakukentt\u00e4.<\/li>\n\n\n\n<li>Hae haluamasi OPS. Lis\u00e4tietoja:<a href=\"https:\/\/help.jamk.fi\/peppi-ohjeet-henkilokunnalle\/fi\/opetussuunnittelu\/hakutoiminto\/\"> Hakutoiminto<\/a>.<\/li>\n\n\n\n<li>Napsauta n\u00e4kym\u00e4n yl\u00e4reunasta <strong>Kopioi<\/strong>-painiketta.<br>N\u00e4yt\u00f6lle avautuu <strong>Opetussuunnitelman kopiointi<\/strong> -ponnahdusikkuna.<\/li>\n\n\n\n<li>Sy\u00f6t\u00e4 tunnus uudelle OPSille (ks. tunnuksen muoto kohdasta Uuden OPSin luominen). Nimi tulee automaattisesti l\u00e4hdeopetussuunnitelmasta, mutta p\u00e4\u00e4set muokkaamaan sit\u00e4 j\u00e4lkik\u00e4teen.<\/li>\n\n\n\n<li>Valitse halutessasi valintaruuduista vanhan OPSin <strong>Tarkennukset, Ajoitussuunnitelmat<\/strong>, <strong>J\u00e4sentelyt<\/strong> tai <strong>Opintopolut<\/strong> kopioidaksesi ne uuteen OPSiin.<\/li>\n\n\n\n<li>Valitse <strong>Kopiointitapa<\/strong>-kohdasta, miten vanhan OPSin opintojaksot liitet\u00e4\u00e4n uuteen OPSiin. Vaihtoehtoja on kaksi (k\u00e4yt\u00e4 aina ylemp\u00e4\u00e4 tapaa!):<br>a) Kopioi rakenne ja liit\u00e4 vanhat opinnot uuteen rakenteeseen. T\u00e4m\u00e4 tapa on ns. perinteinen tapa luoda uusi OPS ja k\u00e4ytet\u00e4\u00e4n JAMKissa. Esim. opintojaksojen tunnukset s\u00e4ilyv\u00e4t t\u00e4ll\u00f6in samoina. Moduuleista&nbsp; luodaan uudet versiot uusilla koodeilla, mutta moduulien sis\u00e4ll\u00f6t kopioituvat.<br>b) Kopioi rakenne ja rakenteen opintojaksot uudeksi opetussuunnitelmaksi ja luo vastaavuudet opintojaksojen v\u00e4lille. Tapaa k\u00e4ytet\u00e4\u00e4n vain poikkeustapauksissa.<\/li>\n\n\n\n<li>Napsauta <strong>Kopioi<\/strong>-painiketta.<br>J\u00e4rjestelm\u00e4 ilmoittaa kopioinnin onnistumisesta ja n\u00e4ytt\u00e4\u00e4 linkin luomaasi OPSiin.<\/li>\n<\/ol>\n","protected":false},"excerpt":{"rendered":"<p>Opetussuunnitelmia voidaan tehd\u00e4 Jamkissa kahdella eri tavalla: Uuden OPSin luominen Vanhan OPS:n kopioiminen uuden pohjaksi<\/p>\n","protected":false},"author":79,"featured_media":0,"parent":4510,"menu_order":2,"comment_status":"closed","ping_status":"open","template":"","meta":{"_acf_changed":false,"_relevanssi_hide_post":"","_relevanssi_hide_content":"","_relevanssi_pin_for_all":"","_relevanssi_pin_keywords":"","_relevanssi_unpin_keywords":"","_relevanssi_related_keywords":"","_relevanssi_related_include_ids":"","_relevanssi_related_exclude_ids":"","_relevanssi_related_no_append":"","_relevanssi_related_not_related":"","_relevanssi_related_posts":"","_relevanssi_noindex_reason":"","footnotes":""},"categories":[1],"tags":[],"class_list":["post-4525","page","type-page","status-publish","hentry","category-uncategorised"],"acf":[],"yoast_head":"<!-- This site is optimized with the Yoast SEO plugin v27.3 - https:\/\/yoast.com\/product\/yoast-seo-wordpress\/ -->\n<title>Opetussuunnitelmat (OPSit) - Peppi-ohjeet henkil\u00f6kunnalle<\/title>\n<meta name=\"robots\" content=\"index, follow, max-snippet:-1, max-image-preview:large, max-video-preview:-1\" \/>\n<link rel=\"canonical\" href=\"https:\/\/help.jamk.fi\/peppi-ohjeet-henkilokunnalle\/fi\/opetussuunnittelu\/opetussuunnitelmat-opsit\/\" \/>\n<meta property=\"og:locale\" content=\"fi_FI\" \/>\n<meta property=\"og:type\" content=\"article\" \/>\n<meta property=\"og:title\" content=\"Opetussuunnitelmat (OPSit) - Peppi-ohjeet henkil\u00f6kunnalle\" \/>\n<meta property=\"og:description\" content=\"Opetussuunnitelmia voidaan tehd\u00e4 Jamkissa kahdella eri tavalla: Uuden OPSin luominen Vanhan OPS:n kopioiminen uuden pohjaksi\" \/>\n<meta property=\"og:url\" content=\"https:\/\/help.jamk.fi\/peppi-ohjeet-henkilokunnalle\/fi\/opetussuunnittelu\/opetussuunnitelmat-opsit\/\" \/>\n<meta property=\"og:site_name\" content=\"Peppi-ohjeet henkil\u00f6kunnalle\" \/>\n<meta property=\"article:modified_time\" content=\"2024-10-30T13:47:10+00:00\" \/>\n<meta name=\"twitter:card\" content=\"summary_large_image\" \/>\n<meta name=\"twitter:label1\" content=\"Arvioitu lukuaika\" \/>\n\t<meta name=\"twitter:data1\" content=\"2 minuuttia\" \/>\n<script type=\"application\/ld+json\" class=\"yoast-schema-graph\">{\"@context\":\"https:\\\/\\\/schema.org\",\"@graph\":[{\"@type\":\"WebPage\",\"@id\":\"https:\\\/\\\/help.jamk.fi\\\/peppi-ohjeet-henkilokunnalle\\\/fi\\\/opetussuunnittelu\\\/opetussuunnitelmat-opsit\\\/\",\"url\":\"https:\\\/\\\/help.jamk.fi\\\/peppi-ohjeet-henkilokunnalle\\\/fi\\\/opetussuunnittelu\\\/opetussuunnitelmat-opsit\\\/\",\"name\":\"Opetussuunnitelmat (OPSit) - Peppi-ohjeet henkil\u00f6kunnalle\",\"isPartOf\":{\"@id\":\"https:\\\/\\\/help.jamk.fi\\\/peppi-ohjeet-henkilokunnalle\\\/#website\"},\"datePublished\":\"2019-11-18T08:08:42+00:00\",\"dateModified\":\"2024-10-30T13:47:10+00:00\",\"breadcrumb\":{\"@id\":\"https:\\\/\\\/help.jamk.fi\\\/peppi-ohjeet-henkilokunnalle\\\/fi\\\/opetussuunnittelu\\\/opetussuunnitelmat-opsit\\\/#breadcrumb\"},\"inLanguage\":\"fi\",\"potentialAction\":[{\"@type\":\"ReadAction\",\"target\":[\"https:\\\/\\\/help.jamk.fi\\\/peppi-ohjeet-henkilokunnalle\\\/fi\\\/opetussuunnittelu\\\/opetussuunnitelmat-opsit\\\/\"]}]},{\"@type\":\"BreadcrumbList\",\"@id\":\"https:\\\/\\\/help.jamk.fi\\\/peppi-ohjeet-henkilokunnalle\\\/fi\\\/opetussuunnittelu\\\/opetussuunnitelmat-opsit\\\/#breadcrumb\",\"itemListElement\":[{\"@type\":\"ListItem\",\"position\":1,\"name\":\"Home\",\"item\":\"https:\\\/\\\/help.jamk.fi\\\/peppi-ohjeet-henkilokunnalle\\\/en\\\/\"},{\"@type\":\"ListItem\",\"position\":2,\"name\":\"Opetussuunnittelu\",\"item\":\"https:\\\/\\\/help.jamk.fi\\\/peppi-ohjeet-henkilokunnalle\\\/fi\\\/opetussuunnittelu\\\/\"},{\"@type\":\"ListItem\",\"position\":3,\"name\":\"Opetussuunnitelmat (OPSit)\"}]},{\"@type\":\"WebSite\",\"@id\":\"https:\\\/\\\/help.jamk.fi\\\/peppi-ohjeet-henkilokunnalle\\\/#website\",\"url\":\"https:\\\/\\\/help.jamk.fi\\\/peppi-ohjeet-henkilokunnalle\\\/\",\"name\":\"Peppi-ohjeet henkil\u00f6kunnalle\",\"description\":\"\",\"potentialAction\":[{\"@type\":\"SearchAction\",\"target\":{\"@type\":\"EntryPoint\",\"urlTemplate\":\"https:\\\/\\\/help.jamk.fi\\\/peppi-ohjeet-henkilokunnalle\\\/?s={search_term_string}\"},\"query-input\":{\"@type\":\"PropertyValueSpecification\",\"valueRequired\":true,\"valueName\":\"search_term_string\"}}],\"inLanguage\":\"fi\"}]}<\/script>\n<!-- \/ Yoast SEO plugin. -->","yoast_head_json":{"title":"Opetussuunnitelmat (OPSit) - Peppi-ohjeet henkil\u00f6kunnalle","robots":{"index":"index","follow":"follow","max-snippet":"max-snippet:-1","max-image-preview":"max-image-preview:large","max-video-preview":"max-video-preview:-1"},"canonical":"https:\/\/help.jamk.fi\/peppi-ohjeet-henkilokunnalle\/fi\/opetussuunnittelu\/opetussuunnitelmat-opsit\/","og_locale":"fi_FI","og_type":"article","og_title":"Opetussuunnitelmat (OPSit) - Peppi-ohjeet henkil\u00f6kunnalle","og_description":"Opetussuunnitelmia voidaan tehd\u00e4 Jamkissa kahdella eri tavalla: Uuden OPSin luominen Vanhan OPS:n kopioiminen uuden pohjaksi","og_url":"https:\/\/help.jamk.fi\/peppi-ohjeet-henkilokunnalle\/fi\/opetussuunnittelu\/opetussuunnitelmat-opsit\/","og_site_name":"Peppi-ohjeet henkil\u00f6kunnalle","article_modified_time":"2024-10-30T13:47:10+00:00","twitter_card":"summary_large_image","twitter_misc":{"Arvioitu lukuaika":"2 minuuttia"},"schema":{"@context":"https:\/\/schema.org","@graph":[{"@type":"WebPage","@id":"https:\/\/help.jamk.fi\/peppi-ohjeet-henkilokunnalle\/fi\/opetussuunnittelu\/opetussuunnitelmat-opsit\/","url":"https:\/\/help.jamk.fi\/peppi-ohjeet-henkilokunnalle\/fi\/opetussuunnittelu\/opetussuunnitelmat-opsit\/","name":"Opetussuunnitelmat (OPSit) - Peppi-ohjeet henkil\u00f6kunnalle","isPartOf":{"@id":"https:\/\/help.jamk.fi\/peppi-ohjeet-henkilokunnalle\/#website"},"datePublished":"2019-11-18T08:08:42+00:00","dateModified":"2024-10-30T13:47:10+00:00","breadcrumb":{"@id":"https:\/\/help.jamk.fi\/peppi-ohjeet-henkilokunnalle\/fi\/opetussuunnittelu\/opetussuunnitelmat-opsit\/#breadcrumb"},"inLanguage":"fi","potentialAction":[{"@type":"ReadAction","target":["https:\/\/help.jamk.fi\/peppi-ohjeet-henkilokunnalle\/fi\/opetussuunnittelu\/opetussuunnitelmat-opsit\/"]}]},{"@type":"BreadcrumbList","@id":"https:\/\/help.jamk.fi\/peppi-ohjeet-henkilokunnalle\/fi\/opetussuunnittelu\/opetussuunnitelmat-opsit\/#breadcrumb","itemListElement":[{"@type":"ListItem","position":1,"name":"Home","item":"https:\/\/help.jamk.fi\/peppi-ohjeet-henkilokunnalle\/en\/"},{"@type":"ListItem","position":2,"name":"Opetussuunnittelu","item":"https:\/\/help.jamk.fi\/peppi-ohjeet-henkilokunnalle\/fi\/opetussuunnittelu\/"},{"@type":"ListItem","position":3,"name":"Opetussuunnitelmat (OPSit)"}]},{"@type":"WebSite","@id":"https:\/\/help.jamk.fi\/peppi-ohjeet-henkilokunnalle\/#website","url":"https:\/\/help.jamk.fi\/peppi-ohjeet-henkilokunnalle\/","name":"Peppi-ohjeet henkil\u00f6kunnalle","description":"","potentialAction":[{"@type":"SearchAction","target":{"@type":"EntryPoint","urlTemplate":"https:\/\/help.jamk.fi\/peppi-ohjeet-henkilokunnalle\/?s={search_term_string}"},"query-input":{"@type":"PropertyValueSpecification","valueRequired":true,"valueName":"search_term_string"}}],"inLanguage":"fi"}]}},"_links":{"self":[{"href":"https:\/\/help.jamk.fi\/peppi-ohjeet-henkilokunnalle\/wp-json\/wp\/v2\/pages\/4525","targetHints":{"allow":["GET"]}}],"collection":[{"href":"https:\/\/help.jamk.fi\/peppi-ohjeet-henkilokunnalle\/wp-json\/wp\/v2\/pages"}],"about":[{"href":"https:\/\/help.jamk.fi\/peppi-ohjeet-henkilokunnalle\/wp-json\/wp\/v2\/types\/page"}],"author":[{"embeddable":true,"href":"https:\/\/help.jamk.fi\/peppi-ohjeet-henkilokunnalle\/wp-json\/wp\/v2\/users\/79"}],"replies":[{"embeddable":true,"href":"https:\/\/help.jamk.fi\/peppi-ohjeet-henkilokunnalle\/wp-json\/wp\/v2\/comments?post=4525"}],"version-history":[{"count":6,"href":"https:\/\/help.jamk.fi\/peppi-ohjeet-henkilokunnalle\/wp-json\/wp\/v2\/pages\/4525\/revisions"}],"predecessor-version":[{"id":7283,"href":"https:\/\/help.jamk.fi\/peppi-ohjeet-henkilokunnalle\/wp-json\/wp\/v2\/pages\/4525\/revisions\/7283"}],"up":[{"embeddable":true,"href":"https:\/\/help.jamk.fi\/peppi-ohjeet-henkilokunnalle\/wp-json\/wp\/v2\/pages\/4510"}],"wp:attachment":[{"href":"https:\/\/help.jamk.fi\/peppi-ohjeet-henkilokunnalle\/wp-json\/wp\/v2\/media?parent=4525"}],"wp:term":[{"taxonomy":"category","embeddable":true,"href":"https:\/\/help.jamk.fi\/peppi-ohjeet-henkilokunnalle\/wp-json\/wp\/v2\/categories?post=4525"},{"taxonomy":"post_tag","embeddable":true,"href":"https:\/\/help.jamk.fi\/peppi-ohjeet-henkilokunnalle\/wp-json\/wp\/v2\/tags?post=4525"}],"curies":[{"name":"wp","href":"https:\/\/api.w.org\/{rel}","templated":true}]}}