{"id":4526,"date":"2019-11-19T13:55:27","date_gmt":"2019-11-19T11:55:27","guid":{"rendered":"https:\/\/help.jamk.fi\/peppi-ohjeet-henkilokunnalle\/opetussuunnittelu\/opintojaksot\/"},"modified":"2025-06-05T15:11:19","modified_gmt":"2025-06-05T12:11:19","slug":"opintojaksot","status":"publish","type":"page","link":"https:\/\/help.jamk.fi\/peppi-ohjeet-henkilokunnalle\/fi\/opetussuunnittelu\/opintojaksot\/","title":{"rendered":"Opintojaksot"},"content":{"rendered":"  <div id=\"notice-box-block_bf535ed0d4a9c726c4a20558e8ebc10a\" class=\"block-notice-box block-notice-box\">\n          <h2 class=\"block-notice-box__heading\">Opintojakson luomisen periaatteet Jamkissa<\/h2>\n    \n    <p>Tarkasta aina ennen kuin luot uusia opintojaksoja, ett\u00e4 vastaavaa ei jo l\u00f6ydy Pepist\u00e4. K\u00e4yt\u00e4 ensisijaisesti Pepist\u00e4 jo l\u00f6ytyvi\u00e4 opintojaksoja.<\/p>\n<p>Jos tarvitsemasi opintojakson tietoja ei l\u00f6ydy Pepist\u00e4, luo uusi opintojakso.<\/p>\n<p>Uusi opintojakso tulee luoda my\u00f6s aina silloin, jos olemassa olevan opintojakson nimi, laajuus, tavoitteet tai sis\u00e4lt\u00f6 muuttuvat.<\/p>\n<p>\u00c4l\u00e4 muokkaa olemassaolevan opintojakson nime\u00e4, laajuutta, osaamistavoitteita tai sis\u00e4lt\u00f6j\u00e4. Muutokset vaikuttavat jo suoritettuihin opintoihin ja yhteisiss\u00e4 opinnoissa useiden tutkinto-ohjelmien OPSeihin. <\/p>\n<p>Jos sinulla on tarve muokata jotain opintojaksoa, tarkistathan aina opintojakson Liitokset opetussuunnitelmiin ja erillisiin opintokokonaisuuksiin -v\u00e4lilehdelt\u00e4, k\u00e4ytet\u00e4\u00e4nk\u00f6 ko. opintojaksoa muissakin kuin omassa rakenteessasi.<\/p>\n<p>Jos opintojakso toteutetaan sek\u00e4 suomeksi ett\u00e4 englanniksi, tee vain yksi opintojakso.<\/p>\n\n      <\/div>\n\n\n\n<p>Ks. <a href=\"https:\/\/help.jamk.fi\/peppi-ohjeet-henkilokunnalle\/wp-content\/uploads\/sites\/131\/2024\/10\/Opintojaksojen-koodit-Pepissa.pdf\">Opintojaksojen koodiohje (pdf) (=tunnukset)<\/a><\/p>\n\n\n\n<h2 class=\"wp-block-heading\">Opintojaksojen hakeminen<\/h2>\n\n\n\n<p>Hakutoiminnolla voit hakea j\u00e4rjestelm\u00e4st\u00e4 opintojaksoja, opetussuunnitelmia, erillisi\u00e4 opintokokonaisuuksia tai tarkistettavia opintojaksoja.<\/p>\n\n\n\n<ol class=\"wp-block-list\">\n<li>Valitse p\u00e4\u00e4valikosta <strong>Opetussuunnitelmat<\/strong>, jotta <strong>Haku<\/strong>-n\u00e4kym\u00e4 aukeaa.<\/li>\n\n\n\n<li>Rajaa haun kohteeksi opintojaksot napsauttamalla <strong>Opintojaksot<\/strong>-valintapainiketta.<\/li>\n\n\n\n<li>Sy\u00f6t\u00e4 hakukenttiin tietoja, joilla haluat hakea opintojaksoja.<br>Voit hakea opintojaksoja seuraavilla perusteilla.\n<ul class=\"wp-block-list\">\n<li><strong>Tunniste<\/strong>: Sy\u00f6t\u00e4 kentt\u00e4\u00e4n hakusana tai osa siit\u00e4.<\/li>\n\n\n\n<li><strong>Nimi<\/strong>: Sy\u00f6t\u00e4 kentt\u00e4\u00e4n opintojakson nimi tai osa siit\u00e4.<\/li>\n\n\n\n<li><strong>Voimassaolo<\/strong>: Valitse kent\u00e4n pudotusvalikosta voimassaolon alku- ja\/tai loppup\u00e4iv\u00e4m\u00e4\u00e4r\u00e4.<\/li>\n\n\n\n<li><strong>Taso<\/strong>: Valitse kent\u00e4n pudotusvalikosta haluamasi opintojen taso.<\/li>\n\n\n\n<li><strong>Oppiaine-kentt\u00e4\u00e4 <\/strong>ei k\u00e4ytet\u00e4 Jamkissa.<\/li>\n\n\n\n<li><strong>Vastuuhenkil\u00f6<\/strong>: Sy\u00f6t\u00e4 tekstikentt\u00e4\u00e4n v\u00e4hint\u00e4\u00e4n kaksi nimess\u00e4 esiintyv\u00e4\u00e4 merkki\u00e4. Valitse sitten henkil\u00f6 aukeavasta pudotusvalikosta.<\/li>\n<\/ul>\n<\/li>\n\n\n\n<li>Napsauta <strong>Hae<\/strong>-painiketta.<br>Hakutulokset n\u00e4ytet\u00e4\u00e4n aakkosj\u00e4rjestyksess\u00e4 opintojakson nimen mukaan.<\/li>\n\n\n\n<li>Avaa opintojakso napsauttamalla opintojakson tunnistetta tai nime\u00e4.<\/li>\n<\/ol>\n\n\n\n<p>Voit saada etsim\u00e4si opintojakson haettua Pepiss\u00e4 my\u00f6s muita reittej\u00e4 pitkin, esim. opetussuunnitelman Rakenne-v\u00e4lilehdell\u00e4, tai vuosisuunnittelun p\u00e4\u00e4n\u00e4kym\u00e4ss\u00e4.<\/p>\n\n\n\n<h2 class=\"wp-block-heading\">Opintojaksosivulla olevat painikkeet<\/h2>\n\n\n\n<p>Voit muokata tai kopioida opintojakson sivun yl\u00e4laidasta l\u00f6ytyvi\u00e4 <strong>Muokkaa<\/strong>  ja <strong>Kopioi<\/strong> -painikeita napsauttamalla. Kopioidessasi opintojaksoa anna uudelle opintojaksolle kaksi ensimm\u00e4ist\u00e4 merkki\u00e4. <a href=\"https:\/\/help.jamk.fi\/peppi-ohjeet-henkilokunnalle\/wp-content\/uploads\/sites\/131\/2024\/10\/Opintojaksojen-koodit-Pepissa.pdf\">Katso ohjeet opintojaksojen koodiohjeesta (pdf)<\/a>.<\/p>\n\n\n\n<p>Luo toteutus -painiketta napsauttamalla voit luoda opintojaksosta uuden toteutuksen. <a href=\"https:\/\/help.jamk.fi\/peppi-ohjeet-henkilokunnalle\/fi\/opettajan-ohjeet\/toteutussuunnitelman-tayttoohje-opettajien-ohje\/\">Toteutussuunnitelman t\u00e4ytt\u00f6ohje l\u00f6ytyy opettajan ohjeesta<\/a>. <\/p>\n\n\n\n<p><strong>Lataa PDF<\/strong> -painike luo opintojaksosta pdf-muotoisen tiedoston Opintojakso-nimiselle tulostuspohjalle.<\/p>\n\n\n\n<p>Voit my\u00f6s tarkastella opintojakson vanhoja versioita, vertailla niit\u00e4 tai palauttaa opintojakson vanhan version ty\u00f6versioksi <strong>Versiot<\/strong>-painikkeesta. Valitse pudotusvalikoista haluamasi versiot tarkasteluun. Napsauttamalla t\u00e4m\u00e4n j\u00e4lkeen <strong>N\u00e4yt\u00e4 versiot <\/strong>-painiketta, j\u00e4rjestelm\u00e4 n\u00e4ytt\u00e4\u00e4 valitsemasi versiot rinnakkain vertailemista varten ja ilmoittaa korostusv\u00e4rill\u00e4 versioiden eroista. Jos haluat palauttaa opintojakson vanhan version, napsauta version tietojen vierest\u00e4 <strong>Palauta<\/strong>-painiketta.<\/p>\n\n\n\n<h2 class=\"wp-block-heading\">Opintojakson ominaisuudet<\/h2>\n\n\n\n<p>Pepiss\u00e4 opintojaksolla on paljon ominaisuuksia, jotka on jaettu eri v\u00e4lilehdille. V\u00e4lilehdet l\u00f6ytyv\u00e4t opintojakson yleisn\u00e4kym\u00e4ss\u00e4 vasemmasta laidasta. Kaikki v\u00e4lilehdet eiv\u00e4t ole jokaisen korkeakoulun k\u00e4yt\u00f6ss\u00e4. Alla kuviossa 1 esimerkki opintojakson n\u00e4kym\u00e4st\u00e4:<\/p>\n\n\n\n<figure class=\"wp-block-image alignnone wp-image-219\"><img loading=\"lazy\" decoding=\"async\" width=\"1813\" height=\"610\" src=\"https:\/\/help.jamk.fi\/peppi-ohjeet-henkilokunnalle\/wp-content\/uploads\/sites\/131\/2019\/11\/Opintojaksokuvauksen-nakyma.png\" alt=\"Opintojaksokuvauksen n\u00e4kym\u00e4\" class=\"wp-image-219\"\/><figcaption class=\"wp-element-caption\">Kuvio 1. Opintojaksokuvauksen n\u00e4kym\u00e4<\/figcaption><\/figure>\n\n\n\n<h2 class=\"wp-block-heading\">Opintojakson lis\u00e4\u00e4minen irrallisena<\/h2>\n\n\n\n<p>Voit lis\u00e4t\u00e4 j\u00e4rjestelm\u00e4\u00e4n uuden opintojakson my\u00f6s irrallisena ja liitt\u00e4\u00e4 sen my\u00f6hemmin opetussuunnitelmaan tai erilliseen opintokokonaisuuteen.<\/p>\n\n\n\n<p>HUOM! T\u00e4t\u00e4 toimintoa kannattaa k\u00e4ytt\u00e4\u00e4 vain poikkeustapauksissa, sill\u00e4 vaarana on, ett\u00e4 j\u00e4rjestelm\u00e4\u00e4n j\u00e4\u00e4 tarpeettomia opintojaksoja. L\u00e4ht\u00f6kohtaisesti opintojaksot kannattaa luoda suoraan opetussuunnitelmaan, ks. opetussuunnitelman <a href=\"https:\/\/help.jamk.fi\/peppi-ohjeet-henkilokunnalle\/fi\/opetussuunnittelu\/opetussuunnitelmat-opsit\/rakenne\/\">Rakenne<\/a>. <strong>Opintojakso tulee liitt\u00e4\u00e4 OPS-rakenteeseen tai erilliseen opintokokonaisuuteen, jotta voit luoda siit\u00e4 toteutuksen.<\/strong><\/p>\n\n\n\n<ol class=\"wp-block-list\">\n<li>Valitse p\u00e4\u00e4valikosta <strong>Opetussuunnittelu<\/strong>.<\/li>\n\n\n\n<li>Napsauta <strong>+Lis\u00e4\u00e4 uusi<\/strong> -painiketta ja valitse pudotusvalikosta <strong>Opintojakso<\/strong>.<br>J\u00e4rjestelm\u00e4 avaa Luo uusi opintojakso -ponnahdusikkunan.<\/li>\n\n\n\n<li>Sy\u00f6t\u00e4 haluamasi tiedot jaksolle.<\/li>\n\n\n\n<li>Kun olet sy\u00f6tt\u00e4nyt haluamasi tiedot, napsauta <strong>Tallenna<\/strong>-painiketta.<\/li>\n\n\n\n<li>J\u00e4rjestelm\u00e4 tallentaa tiedot ja sulkee <strong>Luo uusi opintojakso<\/strong> -ponnahdusikkunan.<\/li>\n<\/ol>\n\n\n\n<h2 class=\"wp-block-heading\">Opintojakson poistaminen<\/h2>\n\n\n\n<p>Voit poistaa j\u00e4rjestelm\u00e4st\u00e4 tarpeettomat opintojaksot.<\/p>\n\n\n\n<ol class=\"wp-block-list\">\n<li>Poista ensin opintojakson mahdolliset liitokset OPSeihin tai erillisiin opintokokonaisuuksiin.<\/li>\n\n\n\n<li>Valitse p\u00e4\u00e4valikosta <strong>Opetussuunnittelu<\/strong> &gt; <strong>Opintojaksot<\/strong>.<\/li>\n\n\n\n<li>Hae opintojakso, jonka haluat poistaa.<\/li>\n\n\n\n<li>Napsauta opintojakson nime\u00e4 tai tunnusta.<br>N\u00e4yt\u00f6lle avautuu <strong>Perus- ja kuvaustiedot<\/strong> -n\u00e4kym\u00e4.<\/li>\n\n\n\n<li>Napsauta oikeassa yl\u00e4kulmassa sijaitsevaa <strong>Poista<\/strong>-painiketta.<br>J\u00e4rjestelm\u00e4 ilmoittaa, ettei opintojaksolla ole liitoksia OPSiin tai erillisiin opintokokonaisuuksiin.<\/li>\n\n\n\n<li>Napsauta ponnahdusikkunan <strong>Poista<\/strong>-painiketta.<br>Opintojakso on poistettu j\u00e4rjestelm\u00e4st\u00e4.<\/li>\n<\/ol>\n","protected":false},"excerpt":{"rendered":"<p>Ks. Opintojaksojen koodiohje (pdf) (=tunnukset) Opintojaksojen hakeminen Hakutoiminnolla voit hakea j\u00e4rjestelm\u00e4st\u00e4 opintojaksoja, opetussuunnitelmia, erillisi\u00e4 opintokokonaisuuksia tai tarkistettavia opintojaksoja. Voit saada etsim\u00e4si opintojakson haettua Pepiss\u00e4 my\u00f6s muita reittej\u00e4 pitkin, esim. opetussuunnitelman Rakenne-v\u00e4lilehdell\u00e4, tai vuosisuunnittelun p\u00e4\u00e4n\u00e4kym\u00e4ss\u00e4. Opintojaksosivulla olevat painikkeet Voit muokata tai kopioida opintojakson sivun yl\u00e4laidasta l\u00f6ytyvi\u00e4 Muokkaa ja Kopioi -painikeita napsauttamalla. Kopioidessasi opintojaksoa anna uudelle opintojaksolle [&hellip;]<\/p>\n","protected":false},"author":79,"featured_media":0,"parent":4510,"menu_order":4,"comment_status":"closed","ping_status":"open","template":"","meta":{"_acf_changed":false,"_relevanssi_hide_post":"","_relevanssi_hide_content":"","_relevanssi_pin_for_all":"","_relevanssi_pin_keywords":"","_relevanssi_unpin_keywords":"","_relevanssi_related_keywords":"","_relevanssi_related_include_ids":"","_relevanssi_related_exclude_ids":"","_relevanssi_related_no_append":"","_relevanssi_related_not_related":"","_relevanssi_related_posts":"","_relevanssi_noindex_reason":"","footnotes":""},"categories":[1],"tags":[],"class_list":["post-4526","page","type-page","status-publish","hentry","category-uncategorised"],"acf":[],"yoast_head":"<!-- This site is optimized with the Yoast SEO plugin v27.3 - https:\/\/yoast.com\/product\/yoast-seo-wordpress\/ -->\n<title>Opintojaksot - Peppi-ohjeet henkil\u00f6kunnalle<\/title>\n<meta name=\"robots\" content=\"index, follow, max-snippet:-1, max-image-preview:large, max-video-preview:-1\" \/>\n<link rel=\"canonical\" href=\"https:\/\/help.jamk.fi\/peppi-ohjeet-henkilokunnalle\/fi\/opetussuunnittelu\/opintojaksot\/\" \/>\n<meta property=\"og:locale\" content=\"fi_FI\" \/>\n<meta property=\"og:type\" content=\"article\" \/>\n<meta property=\"og:title\" content=\"Opintojaksot - Peppi-ohjeet henkil\u00f6kunnalle\" \/>\n<meta property=\"og:description\" content=\"Ks. Opintojaksojen koodiohje (pdf) (=tunnukset) Opintojaksojen hakeminen Hakutoiminnolla voit hakea j\u00e4rjestelm\u00e4st\u00e4 opintojaksoja, opetussuunnitelmia, erillisi\u00e4 opintokokonaisuuksia tai tarkistettavia opintojaksoja. Voit saada etsim\u00e4si opintojakson haettua Pepiss\u00e4 my\u00f6s muita reittej\u00e4 pitkin, esim. opetussuunnitelman Rakenne-v\u00e4lilehdell\u00e4, tai vuosisuunnittelun p\u00e4\u00e4n\u00e4kym\u00e4ss\u00e4. Opintojaksosivulla olevat painikkeet Voit muokata tai kopioida opintojakson sivun yl\u00e4laidasta l\u00f6ytyvi\u00e4 Muokkaa ja Kopioi -painikeita napsauttamalla. Kopioidessasi opintojaksoa anna uudelle opintojaksolle [&hellip;]\" \/>\n<meta property=\"og:url\" content=\"https:\/\/help.jamk.fi\/peppi-ohjeet-henkilokunnalle\/fi\/opetussuunnittelu\/opintojaksot\/\" \/>\n<meta property=\"og:site_name\" content=\"Peppi-ohjeet henkil\u00f6kunnalle\" \/>\n<meta property=\"article:modified_time\" content=\"2025-06-05T12:11:19+00:00\" \/>\n<meta property=\"og:image\" content=\"https:\/\/help.jamk.fi\/peppi-ohjeet-henkilokunnalle\/wp-content\/uploads\/sites\/131\/2019\/11\/Opintojaksokuvauksen-nakyma.png\" \/>\n\t<meta property=\"og:image:width\" content=\"1813\" \/>\n\t<meta property=\"og:image:height\" content=\"610\" \/>\n\t<meta property=\"og:image:type\" content=\"image\/png\" \/>\n<meta name=\"twitter:card\" content=\"summary_large_image\" \/>\n<meta name=\"twitter:label1\" content=\"Arvioitu lukuaika\" \/>\n\t<meta name=\"twitter:data1\" content=\"3 minuuttia\" \/>\n<script type=\"application\/ld+json\" class=\"yoast-schema-graph\">{\"@context\":\"https:\\\/\\\/schema.org\",\"@graph\":[{\"@type\":\"WebPage\",\"@id\":\"https:\\\/\\\/help.jamk.fi\\\/peppi-ohjeet-henkilokunnalle\\\/fi\\\/opetussuunnittelu\\\/opintojaksot\\\/\",\"url\":\"https:\\\/\\\/help.jamk.fi\\\/peppi-ohjeet-henkilokunnalle\\\/fi\\\/opetussuunnittelu\\\/opintojaksot\\\/\",\"name\":\"Opintojaksot - Peppi-ohjeet henkil\u00f6kunnalle\",\"isPartOf\":{\"@id\":\"https:\\\/\\\/help.jamk.fi\\\/peppi-ohjeet-henkilokunnalle\\\/#website\"},\"primaryImageOfPage\":{\"@id\":\"https:\\\/\\\/help.jamk.fi\\\/peppi-ohjeet-henkilokunnalle\\\/fi\\\/opetussuunnittelu\\\/opintojaksot\\\/#primaryimage\"},\"image\":{\"@id\":\"https:\\\/\\\/help.jamk.fi\\\/peppi-ohjeet-henkilokunnalle\\\/fi\\\/opetussuunnittelu\\\/opintojaksot\\\/#primaryimage\"},\"thumbnailUrl\":\"https:\\\/\\\/help.jamk.fi\\\/peppi-ohjeet-henkilokunnalle\\\/wp-content\\\/uploads\\\/sites\\\/131\\\/2019\\\/11\\\/Opintojaksokuvauksen-nakyma.png\",\"datePublished\":\"2019-11-19T11:55:27+00:00\",\"dateModified\":\"2025-06-05T12:11:19+00:00\",\"breadcrumb\":{\"@id\":\"https:\\\/\\\/help.jamk.fi\\\/peppi-ohjeet-henkilokunnalle\\\/fi\\\/opetussuunnittelu\\\/opintojaksot\\\/#breadcrumb\"},\"inLanguage\":\"fi\",\"potentialAction\":[{\"@type\":\"ReadAction\",\"target\":[\"https:\\\/\\\/help.jamk.fi\\\/peppi-ohjeet-henkilokunnalle\\\/fi\\\/opetussuunnittelu\\\/opintojaksot\\\/\"]}]},{\"@type\":\"ImageObject\",\"inLanguage\":\"fi\",\"@id\":\"https:\\\/\\\/help.jamk.fi\\\/peppi-ohjeet-henkilokunnalle\\\/fi\\\/opetussuunnittelu\\\/opintojaksot\\\/#primaryimage\",\"url\":\"https:\\\/\\\/help.jamk.fi\\\/peppi-ohjeet-henkilokunnalle\\\/wp-content\\\/uploads\\\/sites\\\/131\\\/2019\\\/11\\\/Opintojaksokuvauksen-nakyma.png\",\"contentUrl\":\"https:\\\/\\\/help.jamk.fi\\\/peppi-ohjeet-henkilokunnalle\\\/wp-content\\\/uploads\\\/sites\\\/131\\\/2019\\\/11\\\/Opintojaksokuvauksen-nakyma.png\",\"width\":1813,\"height\":610,\"caption\":\"Kuvio 1. Opintojaksokuvauksen n\u00e4kym\u00e4\"},{\"@type\":\"BreadcrumbList\",\"@id\":\"https:\\\/\\\/help.jamk.fi\\\/peppi-ohjeet-henkilokunnalle\\\/fi\\\/opetussuunnittelu\\\/opintojaksot\\\/#breadcrumb\",\"itemListElement\":[{\"@type\":\"ListItem\",\"position\":1,\"name\":\"Home\",\"item\":\"https:\\\/\\\/help.jamk.fi\\\/peppi-ohjeet-henkilokunnalle\\\/en\\\/\"},{\"@type\":\"ListItem\",\"position\":2,\"name\":\"Opetussuunnittelu\",\"item\":\"https:\\\/\\\/help.jamk.fi\\\/peppi-ohjeet-henkilokunnalle\\\/fi\\\/opetussuunnittelu\\\/\"},{\"@type\":\"ListItem\",\"position\":3,\"name\":\"Opintojaksot\"}]},{\"@type\":\"WebSite\",\"@id\":\"https:\\\/\\\/help.jamk.fi\\\/peppi-ohjeet-henkilokunnalle\\\/#website\",\"url\":\"https:\\\/\\\/help.jamk.fi\\\/peppi-ohjeet-henkilokunnalle\\\/\",\"name\":\"Peppi-ohjeet henkil\u00f6kunnalle\",\"description\":\"\",\"potentialAction\":[{\"@type\":\"SearchAction\",\"target\":{\"@type\":\"EntryPoint\",\"urlTemplate\":\"https:\\\/\\\/help.jamk.fi\\\/peppi-ohjeet-henkilokunnalle\\\/?s={search_term_string}\"},\"query-input\":{\"@type\":\"PropertyValueSpecification\",\"valueRequired\":true,\"valueName\":\"search_term_string\"}}],\"inLanguage\":\"fi\"}]}<\/script>\n<!-- \/ Yoast SEO plugin. -->","yoast_head_json":{"title":"Opintojaksot - Peppi-ohjeet henkil\u00f6kunnalle","robots":{"index":"index","follow":"follow","max-snippet":"max-snippet:-1","max-image-preview":"max-image-preview:large","max-video-preview":"max-video-preview:-1"},"canonical":"https:\/\/help.jamk.fi\/peppi-ohjeet-henkilokunnalle\/fi\/opetussuunnittelu\/opintojaksot\/","og_locale":"fi_FI","og_type":"article","og_title":"Opintojaksot - Peppi-ohjeet henkil\u00f6kunnalle","og_description":"Ks. Opintojaksojen koodiohje (pdf) (=tunnukset) Opintojaksojen hakeminen Hakutoiminnolla voit hakea j\u00e4rjestelm\u00e4st\u00e4 opintojaksoja, opetussuunnitelmia, erillisi\u00e4 opintokokonaisuuksia tai tarkistettavia opintojaksoja. Voit saada etsim\u00e4si opintojakson haettua Pepiss\u00e4 my\u00f6s muita reittej\u00e4 pitkin, esim. opetussuunnitelman Rakenne-v\u00e4lilehdell\u00e4, tai vuosisuunnittelun p\u00e4\u00e4n\u00e4kym\u00e4ss\u00e4. Opintojaksosivulla olevat painikkeet Voit muokata tai kopioida opintojakson sivun yl\u00e4laidasta l\u00f6ytyvi\u00e4 Muokkaa ja Kopioi -painikeita napsauttamalla. Kopioidessasi opintojaksoa anna uudelle opintojaksolle [&hellip;]","og_url":"https:\/\/help.jamk.fi\/peppi-ohjeet-henkilokunnalle\/fi\/opetussuunnittelu\/opintojaksot\/","og_site_name":"Peppi-ohjeet henkil\u00f6kunnalle","article_modified_time":"2025-06-05T12:11:19+00:00","og_image":[{"width":1813,"height":610,"url":"https:\/\/help.jamk.fi\/peppi-ohjeet-henkilokunnalle\/wp-content\/uploads\/sites\/131\/2019\/11\/Opintojaksokuvauksen-nakyma.png","type":"image\/png"}],"twitter_card":"summary_large_image","twitter_misc":{"Arvioitu lukuaika":"3 minuuttia"},"schema":{"@context":"https:\/\/schema.org","@graph":[{"@type":"WebPage","@id":"https:\/\/help.jamk.fi\/peppi-ohjeet-henkilokunnalle\/fi\/opetussuunnittelu\/opintojaksot\/","url":"https:\/\/help.jamk.fi\/peppi-ohjeet-henkilokunnalle\/fi\/opetussuunnittelu\/opintojaksot\/","name":"Opintojaksot - Peppi-ohjeet henkil\u00f6kunnalle","isPartOf":{"@id":"https:\/\/help.jamk.fi\/peppi-ohjeet-henkilokunnalle\/#website"},"primaryImageOfPage":{"@id":"https:\/\/help.jamk.fi\/peppi-ohjeet-henkilokunnalle\/fi\/opetussuunnittelu\/opintojaksot\/#primaryimage"},"image":{"@id":"https:\/\/help.jamk.fi\/peppi-ohjeet-henkilokunnalle\/fi\/opetussuunnittelu\/opintojaksot\/#primaryimage"},"thumbnailUrl":"https:\/\/help.jamk.fi\/peppi-ohjeet-henkilokunnalle\/wp-content\/uploads\/sites\/131\/2019\/11\/Opintojaksokuvauksen-nakyma.png","datePublished":"2019-11-19T11:55:27+00:00","dateModified":"2025-06-05T12:11:19+00:00","breadcrumb":{"@id":"https:\/\/help.jamk.fi\/peppi-ohjeet-henkilokunnalle\/fi\/opetussuunnittelu\/opintojaksot\/#breadcrumb"},"inLanguage":"fi","potentialAction":[{"@type":"ReadAction","target":["https:\/\/help.jamk.fi\/peppi-ohjeet-henkilokunnalle\/fi\/opetussuunnittelu\/opintojaksot\/"]}]},{"@type":"ImageObject","inLanguage":"fi","@id":"https:\/\/help.jamk.fi\/peppi-ohjeet-henkilokunnalle\/fi\/opetussuunnittelu\/opintojaksot\/#primaryimage","url":"https:\/\/help.jamk.fi\/peppi-ohjeet-henkilokunnalle\/wp-content\/uploads\/sites\/131\/2019\/11\/Opintojaksokuvauksen-nakyma.png","contentUrl":"https:\/\/help.jamk.fi\/peppi-ohjeet-henkilokunnalle\/wp-content\/uploads\/sites\/131\/2019\/11\/Opintojaksokuvauksen-nakyma.png","width":1813,"height":610,"caption":"Kuvio 1. Opintojaksokuvauksen n\u00e4kym\u00e4"},{"@type":"BreadcrumbList","@id":"https:\/\/help.jamk.fi\/peppi-ohjeet-henkilokunnalle\/fi\/opetussuunnittelu\/opintojaksot\/#breadcrumb","itemListElement":[{"@type":"ListItem","position":1,"name":"Home","item":"https:\/\/help.jamk.fi\/peppi-ohjeet-henkilokunnalle\/en\/"},{"@type":"ListItem","position":2,"name":"Opetussuunnittelu","item":"https:\/\/help.jamk.fi\/peppi-ohjeet-henkilokunnalle\/fi\/opetussuunnittelu\/"},{"@type":"ListItem","position":3,"name":"Opintojaksot"}]},{"@type":"WebSite","@id":"https:\/\/help.jamk.fi\/peppi-ohjeet-henkilokunnalle\/#website","url":"https:\/\/help.jamk.fi\/peppi-ohjeet-henkilokunnalle\/","name":"Peppi-ohjeet henkil\u00f6kunnalle","description":"","potentialAction":[{"@type":"SearchAction","target":{"@type":"EntryPoint","urlTemplate":"https:\/\/help.jamk.fi\/peppi-ohjeet-henkilokunnalle\/?s={search_term_string}"},"query-input":{"@type":"PropertyValueSpecification","valueRequired":true,"valueName":"search_term_string"}}],"inLanguage":"fi"}]}},"_links":{"self":[{"href":"https:\/\/help.jamk.fi\/peppi-ohjeet-henkilokunnalle\/wp-json\/wp\/v2\/pages\/4526","targetHints":{"allow":["GET"]}}],"collection":[{"href":"https:\/\/help.jamk.fi\/peppi-ohjeet-henkilokunnalle\/wp-json\/wp\/v2\/pages"}],"about":[{"href":"https:\/\/help.jamk.fi\/peppi-ohjeet-henkilokunnalle\/wp-json\/wp\/v2\/types\/page"}],"author":[{"embeddable":true,"href":"https:\/\/help.jamk.fi\/peppi-ohjeet-henkilokunnalle\/wp-json\/wp\/v2\/users\/79"}],"replies":[{"embeddable":true,"href":"https:\/\/help.jamk.fi\/peppi-ohjeet-henkilokunnalle\/wp-json\/wp\/v2\/comments?post=4526"}],"version-history":[{"count":17,"href":"https:\/\/help.jamk.fi\/peppi-ohjeet-henkilokunnalle\/wp-json\/wp\/v2\/pages\/4526\/revisions"}],"predecessor-version":[{"id":7532,"href":"https:\/\/help.jamk.fi\/peppi-ohjeet-henkilokunnalle\/wp-json\/wp\/v2\/pages\/4526\/revisions\/7532"}],"up":[{"embeddable":true,"href":"https:\/\/help.jamk.fi\/peppi-ohjeet-henkilokunnalle\/wp-json\/wp\/v2\/pages\/4510"}],"wp:attachment":[{"href":"https:\/\/help.jamk.fi\/peppi-ohjeet-henkilokunnalle\/wp-json\/wp\/v2\/media?parent=4526"}],"wp:term":[{"taxonomy":"category","embeddable":true,"href":"https:\/\/help.jamk.fi\/peppi-ohjeet-henkilokunnalle\/wp-json\/wp\/v2\/categories?post=4526"},{"taxonomy":"post_tag","embeddable":true,"href":"https:\/\/help.jamk.fi\/peppi-ohjeet-henkilokunnalle\/wp-json\/wp\/v2\/tags?post=4526"}],"curies":[{"name":"wp","href":"https:\/\/api.w.org\/{rel}","templated":true}]}}