{"id":4527,"date":"2019-11-25T06:09:36","date_gmt":"2019-11-25T04:09:36","guid":{"rendered":"https:\/\/help.jamk.fi\/peppi-ohjeet-henkilokunnalle\/vuosisuunnittelu\/vuosisuunnittelun-valilehdet\/"},"modified":"2024-01-19T15:03:10","modified_gmt":"2024-01-19T13:03:10","slug":"vuosisuunnittelun-valilehdet","status":"publish","type":"page","link":"https:\/\/help.jamk.fi\/peppi-ohjeet-henkilokunnalle\/fi\/vuosisuunnittelu\/vuosisuunnittelun-valilehdet\/","title":{"rendered":"Vuosisuunnittelun v\u00e4lilehdet"},"content":{"rendered":"\n<p><strong>Yksikk\u00f6-v\u00e4lilehdell\u00e4<\/strong> n\u00e4et yksikk\u00f6\u00f6n liitettyjen koulutusohjelmien ja ryhmien kaiken koulutustarjonnan opintojaksoittain listattuna.<\/p>\n\n\n\n<p>Haku tapahtuu vasemmasta yl\u00e4reunasta:<\/p>\n\n\n\n<ol class=\"wp-block-list\">\n<li>Valitse lukukaudet -rajauksessa voit rajata, mit\u00e4 ajanjaksoa halutaan tarkastella.<\/li>\n\n\n\n<li>Voit suodattaa hakua esim. ohjelma, koulutus, opetussuunnitelma, tarjontakori, ryhm\u00e4, opettaja, tarkenne tai kustannuspaikan perusteella.<\/li>\n\n\n\n<li>Kun hakuehdot ovat valmiit,&nbsp;<strong>ladataa<\/strong><strong>n yksik\u00f6n koulutus<\/strong>&nbsp;sinisest\u00e4 painikkeesta.<\/li>\n\n\n\n<li>Listauksessa n\u00e4kyy toteutuksen tiedot ko. lukukausilla. Toteutus voidaan aikatauluttaa jo t\u00e4ss\u00e4 n\u00e4kym\u00e4ss\u00e4.<\/li>\n<\/ol>\n\n\n\n<p><strong>OPS:t v\u00e4lileh<\/strong><strong>dell\u00e4<\/strong> n\u00e4kee opetussuunnitelman ja siihen liittyv\u00e4\u00e4n ajoitussuunnitelmaan liitetyn opetuksen ja voi lis\u00e4t\u00e4 niihin resursseja.<\/p>\n\n\n\n<ol class=\"wp-block-list\">\n<li>Valitse ensin tutkintokokonaisuus vasemmasta yl\u00e4kulmasta<\/li>\n\n\n\n<li>Valitse <strong>OPS:t<\/strong> v\u00e4lilehti<\/li>\n\n\n\n<li>Valitse lukukaudet ja opetussuunnitelma haluamaksesi<\/li>\n\n\n\n<li>Valitse ajoitussuunnitelma, jos se on m\u00e4\u00e4ritelty.<\/li>\n\n\n\n<li>Klikkaa Lataa OPS:n koulutus -painiketta<\/li>\n<\/ol>\n\n\n\n<figure class=\"wp-block-image\"><img loading=\"lazy\" decoding=\"async\" width=\"1708\" height=\"702\" src=\"https:\/\/help.jamk.fi\/peppi-ohjeet-henkilokunnalle\/wp-content\/uploads\/sites\/131\/2023\/11\/Toteutukset_OPS.png\" alt=\"\" class=\"wp-image-5541\"\/><\/figure>\n\n\n<\/p>\n<p><strong>Ryhm\u00e4t-v\u00e4lilehdell\u00e4<\/strong> n\u00e4kee ryhmiin liittyv\u00e4t opetukset.<\/p>\n<ol>\n<li>Valitse ensin tutkintokokonaisuus vasemmasta yl\u00e4kulmasta<\/li>\n<li>Valitse <strong>Ryhm\u00e4t<\/strong> v\u00e4lilehti<\/li>\n<li>Klikkaa Lataa ryhm\u00e4n koulutus -painiketta<\/li>\n<\/ol>\n<p>\n\n\n<\/p>\n<figure class=\"wp-block-image\"><img loading=\"lazy\" decoding=\"async\" width=\"1896\" height=\"417\" class=\"wp-image-5542\" src=\"https:\/\/help.jamk.fi\/peppi-ohjeet-henkilokunnalle\/wp-content\/uploads\/sites\/131\/2023\/11\/Toteutukset_ryhma.png\" alt=\"\" \/><\/figure>\n<p>\n\n\n<\/p>\n<p><strong>Projektit-v\u00e4lilehdell\u00e4<\/strong> p\u00e4\u00e4set tarkastelemaan ja sy\u00f6tt\u00e4m\u00e4\u00e4n projekteihin liittyvi\u00e4 t\u00f6it\u00e4. (ei k\u00e4yt\u00f6ss\u00e4 JAMKissa)<\/p>\n<\/p>\n<p><strong>Muut ty\u00f6t -v\u00e4lilehdell\u00e4<\/strong> p\u00e4\u00e4set tarkastelemaan ja sy\u00f6tt\u00e4m\u00e4\u00e4n muita t\u00f6it\u00e4. (ei k\u00e4yt\u00f6ss\u00e4 JAMKissa)<\/p>\n\n\n\n\n\n","protected":false},"excerpt":{"rendered":"<p>Yksikk\u00f6-v\u00e4lilehdell\u00e4 n\u00e4et yksikk\u00f6\u00f6n liitettyjen koulutusohjelmien ja ryhmien kaiken koulutustarjonnan opintojaksoittain listattuna. Haku tapahtuu vasemmasta yl\u00e4reunasta: OPS:t v\u00e4lilehdell\u00e4 n\u00e4kee opetussuunnitelman ja siihen liittyv\u00e4\u00e4n ajoitussuunnitelmaan liitetyn opetuksen ja voi lis\u00e4t\u00e4 niihin resursseja. Ryhm\u00e4t-v\u00e4lilehdell\u00e4 n\u00e4kee ryhmiin liittyv\u00e4t opetukset. Valitse ensin tutkintokokonaisuus vasemmasta yl\u00e4kulmasta Valitse Ryhm\u00e4t v\u00e4lilehti Klikkaa Lataa ryhm\u00e4n koulutus -painiketta Projektit-v\u00e4lilehdell\u00e4 p\u00e4\u00e4set tarkastelemaan ja sy\u00f6tt\u00e4m\u00e4\u00e4n projekteihin liittyvi\u00e4 [&hellip;]<\/p>\n","protected":false},"author":78,"featured_media":0,"parent":4522,"menu_order":2,"comment_status":"closed","ping_status":"open","template":"","meta":{"_acf_changed":false,"_relevanssi_hide_post":"","_relevanssi_hide_content":"","_relevanssi_pin_for_all":"","_relevanssi_pin_keywords":"","_relevanssi_unpin_keywords":"","_relevanssi_related_keywords":"","_relevanssi_related_include_ids":"","_relevanssi_related_exclude_ids":"","_relevanssi_related_no_append":"","_relevanssi_related_not_related":"","_relevanssi_related_posts":"","_relevanssi_noindex_reason":"","footnotes":""},"categories":[1],"tags":[],"class_list":["post-4527","page","type-page","status-publish","hentry","category-uncategorised"],"acf":[],"yoast_head":"<!-- This site is optimized with the Yoast SEO plugin v27.3 - https:\/\/yoast.com\/product\/yoast-seo-wordpress\/ -->\n<title>Vuosisuunnittelun v\u00e4lilehdet - Peppi-ohjeet henkil\u00f6kunnalle<\/title>\n<meta name=\"robots\" content=\"index, follow, max-snippet:-1, max-image-preview:large, max-video-preview:-1\" \/>\n<link rel=\"canonical\" href=\"https:\/\/help.jamk.fi\/peppi-ohjeet-henkilokunnalle\/fi\/vuosisuunnittelu\/vuosisuunnittelun-valilehdet\/\" \/>\n<meta property=\"og:locale\" content=\"fi_FI\" \/>\n<meta property=\"og:type\" content=\"article\" \/>\n<meta property=\"og:title\" content=\"Vuosisuunnittelun v\u00e4lilehdet - Peppi-ohjeet henkil\u00f6kunnalle\" \/>\n<meta property=\"og:description\" content=\"Yksikk\u00f6-v\u00e4lilehdell\u00e4 n\u00e4et yksikk\u00f6\u00f6n liitettyjen koulutusohjelmien ja ryhmien kaiken koulutustarjonnan opintojaksoittain listattuna. Haku tapahtuu vasemmasta yl\u00e4reunasta: OPS:t v\u00e4lilehdell\u00e4 n\u00e4kee opetussuunnitelman ja siihen liittyv\u00e4\u00e4n ajoitussuunnitelmaan liitetyn opetuksen ja voi lis\u00e4t\u00e4 niihin resursseja. Ryhm\u00e4t-v\u00e4lilehdell\u00e4 n\u00e4kee ryhmiin liittyv\u00e4t opetukset. Valitse ensin tutkintokokonaisuus vasemmasta yl\u00e4kulmasta Valitse Ryhm\u00e4t v\u00e4lilehti Klikkaa Lataa ryhm\u00e4n koulutus -painiketta Projektit-v\u00e4lilehdell\u00e4 p\u00e4\u00e4set tarkastelemaan ja sy\u00f6tt\u00e4m\u00e4\u00e4n projekteihin liittyvi\u00e4 [&hellip;]\" \/>\n<meta property=\"og:url\" content=\"https:\/\/help.jamk.fi\/peppi-ohjeet-henkilokunnalle\/fi\/vuosisuunnittelu\/vuosisuunnittelun-valilehdet\/\" \/>\n<meta property=\"og:site_name\" content=\"Peppi-ohjeet henkil\u00f6kunnalle\" \/>\n<meta property=\"article:modified_time\" content=\"2024-01-19T13:03:10+00:00\" \/>\n<meta property=\"og:image\" content=\"https:\/\/help.jamk.fi\/peppi-ohjeet-henkilokunnalle\/wp-content\/uploads\/sites\/131\/2023\/11\/Toteutukset_OPS.png\" \/>\n<meta name=\"twitter:card\" content=\"summary_large_image\" \/>\n<meta name=\"twitter:label1\" content=\"Arvioitu lukuaika\" \/>\n\t<meta name=\"twitter:data1\" content=\"2 minuuttia\" \/>\n<script type=\"application\/ld+json\" class=\"yoast-schema-graph\">{\"@context\":\"https:\\\/\\\/schema.org\",\"@graph\":[{\"@type\":\"WebPage\",\"@id\":\"https:\\\/\\\/help.jamk.fi\\\/peppi-ohjeet-henkilokunnalle\\\/fi\\\/vuosisuunnittelu\\\/vuosisuunnittelun-valilehdet\\\/\",\"url\":\"https:\\\/\\\/help.jamk.fi\\\/peppi-ohjeet-henkilokunnalle\\\/fi\\\/vuosisuunnittelu\\\/vuosisuunnittelun-valilehdet\\\/\",\"name\":\"Vuosisuunnittelun v\u00e4lilehdet - Peppi-ohjeet henkil\u00f6kunnalle\",\"isPartOf\":{\"@id\":\"https:\\\/\\\/help.jamk.fi\\\/peppi-ohjeet-henkilokunnalle\\\/#website\"},\"primaryImageOfPage\":{\"@id\":\"https:\\\/\\\/help.jamk.fi\\\/peppi-ohjeet-henkilokunnalle\\\/fi\\\/vuosisuunnittelu\\\/vuosisuunnittelun-valilehdet\\\/#primaryimage\"},\"image\":{\"@id\":\"https:\\\/\\\/help.jamk.fi\\\/peppi-ohjeet-henkilokunnalle\\\/fi\\\/vuosisuunnittelu\\\/vuosisuunnittelun-valilehdet\\\/#primaryimage\"},\"thumbnailUrl\":\"https:\\\/\\\/help.jamk.fi\\\/peppi-ohjeet-henkilokunnalle\\\/wp-content\\\/uploads\\\/sites\\\/131\\\/2023\\\/11\\\/Toteutukset_OPS.png\",\"datePublished\":\"2019-11-25T04:09:36+00:00\",\"dateModified\":\"2024-01-19T13:03:10+00:00\",\"breadcrumb\":{\"@id\":\"https:\\\/\\\/help.jamk.fi\\\/peppi-ohjeet-henkilokunnalle\\\/fi\\\/vuosisuunnittelu\\\/vuosisuunnittelun-valilehdet\\\/#breadcrumb\"},\"inLanguage\":\"fi\",\"potentialAction\":[{\"@type\":\"ReadAction\",\"target\":[\"https:\\\/\\\/help.jamk.fi\\\/peppi-ohjeet-henkilokunnalle\\\/fi\\\/vuosisuunnittelu\\\/vuosisuunnittelun-valilehdet\\\/\"]}]},{\"@type\":\"ImageObject\",\"inLanguage\":\"fi\",\"@id\":\"https:\\\/\\\/help.jamk.fi\\\/peppi-ohjeet-henkilokunnalle\\\/fi\\\/vuosisuunnittelu\\\/vuosisuunnittelun-valilehdet\\\/#primaryimage\",\"url\":\"https:\\\/\\\/help.jamk.fi\\\/peppi-ohjeet-henkilokunnalle\\\/wp-content\\\/uploads\\\/sites\\\/131\\\/2023\\\/11\\\/Toteutukset_OPS.png\",\"contentUrl\":\"https:\\\/\\\/help.jamk.fi\\\/peppi-ohjeet-henkilokunnalle\\\/wp-content\\\/uploads\\\/sites\\\/131\\\/2023\\\/11\\\/Toteutukset_OPS.png\",\"width\":1708,\"height\":702},{\"@type\":\"BreadcrumbList\",\"@id\":\"https:\\\/\\\/help.jamk.fi\\\/peppi-ohjeet-henkilokunnalle\\\/fi\\\/vuosisuunnittelu\\\/vuosisuunnittelun-valilehdet\\\/#breadcrumb\",\"itemListElement\":[{\"@type\":\"ListItem\",\"position\":1,\"name\":\"Home\",\"item\":\"https:\\\/\\\/help.jamk.fi\\\/peppi-ohjeet-henkilokunnalle\\\/en\\\/\"},{\"@type\":\"ListItem\",\"position\":2,\"name\":\"Vuosisuunnittelu\",\"item\":\"https:\\\/\\\/help.jamk.fi\\\/peppi-ohjeet-henkilokunnalle\\\/fi\\\/vuosisuunnittelu\\\/\"},{\"@type\":\"ListItem\",\"position\":3,\"name\":\"Vuosisuunnittelun v\u00e4lilehdet\"}]},{\"@type\":\"WebSite\",\"@id\":\"https:\\\/\\\/help.jamk.fi\\\/peppi-ohjeet-henkilokunnalle\\\/#website\",\"url\":\"https:\\\/\\\/help.jamk.fi\\\/peppi-ohjeet-henkilokunnalle\\\/\",\"name\":\"Peppi-ohjeet henkil\u00f6kunnalle\",\"description\":\"\",\"potentialAction\":[{\"@type\":\"SearchAction\",\"target\":{\"@type\":\"EntryPoint\",\"urlTemplate\":\"https:\\\/\\\/help.jamk.fi\\\/peppi-ohjeet-henkilokunnalle\\\/?s={search_term_string}\"},\"query-input\":{\"@type\":\"PropertyValueSpecification\",\"valueRequired\":true,\"valueName\":\"search_term_string\"}}],\"inLanguage\":\"fi\"}]}<\/script>\n<!-- \/ Yoast SEO plugin. -->","yoast_head_json":{"title":"Vuosisuunnittelun v\u00e4lilehdet - Peppi-ohjeet henkil\u00f6kunnalle","robots":{"index":"index","follow":"follow","max-snippet":"max-snippet:-1","max-image-preview":"max-image-preview:large","max-video-preview":"max-video-preview:-1"},"canonical":"https:\/\/help.jamk.fi\/peppi-ohjeet-henkilokunnalle\/fi\/vuosisuunnittelu\/vuosisuunnittelun-valilehdet\/","og_locale":"fi_FI","og_type":"article","og_title":"Vuosisuunnittelun v\u00e4lilehdet - Peppi-ohjeet henkil\u00f6kunnalle","og_description":"Yksikk\u00f6-v\u00e4lilehdell\u00e4 n\u00e4et yksikk\u00f6\u00f6n liitettyjen koulutusohjelmien ja ryhmien kaiken koulutustarjonnan opintojaksoittain listattuna. Haku tapahtuu vasemmasta yl\u00e4reunasta: OPS:t v\u00e4lilehdell\u00e4 n\u00e4kee opetussuunnitelman ja siihen liittyv\u00e4\u00e4n ajoitussuunnitelmaan liitetyn opetuksen ja voi lis\u00e4t\u00e4 niihin resursseja. Ryhm\u00e4t-v\u00e4lilehdell\u00e4 n\u00e4kee ryhmiin liittyv\u00e4t opetukset. Valitse ensin tutkintokokonaisuus vasemmasta yl\u00e4kulmasta Valitse Ryhm\u00e4t v\u00e4lilehti Klikkaa Lataa ryhm\u00e4n koulutus -painiketta Projektit-v\u00e4lilehdell\u00e4 p\u00e4\u00e4set tarkastelemaan ja sy\u00f6tt\u00e4m\u00e4\u00e4n projekteihin liittyvi\u00e4 [&hellip;]","og_url":"https:\/\/help.jamk.fi\/peppi-ohjeet-henkilokunnalle\/fi\/vuosisuunnittelu\/vuosisuunnittelun-valilehdet\/","og_site_name":"Peppi-ohjeet henkil\u00f6kunnalle","article_modified_time":"2024-01-19T13:03:10+00:00","og_image":[{"url":"https:\/\/help.jamk.fi\/peppi-ohjeet-henkilokunnalle\/wp-content\/uploads\/sites\/131\/2023\/11\/Toteutukset_OPS.png","type":"","width":"","height":""}],"twitter_card":"summary_large_image","twitter_misc":{"Arvioitu lukuaika":"2 minuuttia"},"schema":{"@context":"https:\/\/schema.org","@graph":[{"@type":"WebPage","@id":"https:\/\/help.jamk.fi\/peppi-ohjeet-henkilokunnalle\/fi\/vuosisuunnittelu\/vuosisuunnittelun-valilehdet\/","url":"https:\/\/help.jamk.fi\/peppi-ohjeet-henkilokunnalle\/fi\/vuosisuunnittelu\/vuosisuunnittelun-valilehdet\/","name":"Vuosisuunnittelun v\u00e4lilehdet - Peppi-ohjeet henkil\u00f6kunnalle","isPartOf":{"@id":"https:\/\/help.jamk.fi\/peppi-ohjeet-henkilokunnalle\/#website"},"primaryImageOfPage":{"@id":"https:\/\/help.jamk.fi\/peppi-ohjeet-henkilokunnalle\/fi\/vuosisuunnittelu\/vuosisuunnittelun-valilehdet\/#primaryimage"},"image":{"@id":"https:\/\/help.jamk.fi\/peppi-ohjeet-henkilokunnalle\/fi\/vuosisuunnittelu\/vuosisuunnittelun-valilehdet\/#primaryimage"},"thumbnailUrl":"https:\/\/help.jamk.fi\/peppi-ohjeet-henkilokunnalle\/wp-content\/uploads\/sites\/131\/2023\/11\/Toteutukset_OPS.png","datePublished":"2019-11-25T04:09:36+00:00","dateModified":"2024-01-19T13:03:10+00:00","breadcrumb":{"@id":"https:\/\/help.jamk.fi\/peppi-ohjeet-henkilokunnalle\/fi\/vuosisuunnittelu\/vuosisuunnittelun-valilehdet\/#breadcrumb"},"inLanguage":"fi","potentialAction":[{"@type":"ReadAction","target":["https:\/\/help.jamk.fi\/peppi-ohjeet-henkilokunnalle\/fi\/vuosisuunnittelu\/vuosisuunnittelun-valilehdet\/"]}]},{"@type":"ImageObject","inLanguage":"fi","@id":"https:\/\/help.jamk.fi\/peppi-ohjeet-henkilokunnalle\/fi\/vuosisuunnittelu\/vuosisuunnittelun-valilehdet\/#primaryimage","url":"https:\/\/help.jamk.fi\/peppi-ohjeet-henkilokunnalle\/wp-content\/uploads\/sites\/131\/2023\/11\/Toteutukset_OPS.png","contentUrl":"https:\/\/help.jamk.fi\/peppi-ohjeet-henkilokunnalle\/wp-content\/uploads\/sites\/131\/2023\/11\/Toteutukset_OPS.png","width":1708,"height":702},{"@type":"BreadcrumbList","@id":"https:\/\/help.jamk.fi\/peppi-ohjeet-henkilokunnalle\/fi\/vuosisuunnittelu\/vuosisuunnittelun-valilehdet\/#breadcrumb","itemListElement":[{"@type":"ListItem","position":1,"name":"Home","item":"https:\/\/help.jamk.fi\/peppi-ohjeet-henkilokunnalle\/en\/"},{"@type":"ListItem","position":2,"name":"Vuosisuunnittelu","item":"https:\/\/help.jamk.fi\/peppi-ohjeet-henkilokunnalle\/fi\/vuosisuunnittelu\/"},{"@type":"ListItem","position":3,"name":"Vuosisuunnittelun v\u00e4lilehdet"}]},{"@type":"WebSite","@id":"https:\/\/help.jamk.fi\/peppi-ohjeet-henkilokunnalle\/#website","url":"https:\/\/help.jamk.fi\/peppi-ohjeet-henkilokunnalle\/","name":"Peppi-ohjeet henkil\u00f6kunnalle","description":"","potentialAction":[{"@type":"SearchAction","target":{"@type":"EntryPoint","urlTemplate":"https:\/\/help.jamk.fi\/peppi-ohjeet-henkilokunnalle\/?s={search_term_string}"},"query-input":{"@type":"PropertyValueSpecification","valueRequired":true,"valueName":"search_term_string"}}],"inLanguage":"fi"}]}},"_links":{"self":[{"href":"https:\/\/help.jamk.fi\/peppi-ohjeet-henkilokunnalle\/wp-json\/wp\/v2\/pages\/4527","targetHints":{"allow":["GET"]}}],"collection":[{"href":"https:\/\/help.jamk.fi\/peppi-ohjeet-henkilokunnalle\/wp-json\/wp\/v2\/pages"}],"about":[{"href":"https:\/\/help.jamk.fi\/peppi-ohjeet-henkilokunnalle\/wp-json\/wp\/v2\/types\/page"}],"author":[{"embeddable":true,"href":"https:\/\/help.jamk.fi\/peppi-ohjeet-henkilokunnalle\/wp-json\/wp\/v2\/users\/78"}],"replies":[{"embeddable":true,"href":"https:\/\/help.jamk.fi\/peppi-ohjeet-henkilokunnalle\/wp-json\/wp\/v2\/comments?post=4527"}],"version-history":[{"count":3,"href":"https:\/\/help.jamk.fi\/peppi-ohjeet-henkilokunnalle\/wp-json\/wp\/v2\/pages\/4527\/revisions"}],"predecessor-version":[{"id":6315,"href":"https:\/\/help.jamk.fi\/peppi-ohjeet-henkilokunnalle\/wp-json\/wp\/v2\/pages\/4527\/revisions\/6315"}],"up":[{"embeddable":true,"href":"https:\/\/help.jamk.fi\/peppi-ohjeet-henkilokunnalle\/wp-json\/wp\/v2\/pages\/4522"}],"wp:attachment":[{"href":"https:\/\/help.jamk.fi\/peppi-ohjeet-henkilokunnalle\/wp-json\/wp\/v2\/media?parent=4527"}],"wp:term":[{"taxonomy":"category","embeddable":true,"href":"https:\/\/help.jamk.fi\/peppi-ohjeet-henkilokunnalle\/wp-json\/wp\/v2\/categories?post=4527"},{"taxonomy":"post_tag","embeddable":true,"href":"https:\/\/help.jamk.fi\/peppi-ohjeet-henkilokunnalle\/wp-json\/wp\/v2\/tags?post=4527"}],"curies":[{"name":"wp","href":"https:\/\/api.w.org\/{rel}","templated":true}]}}