{"id":4530,"date":"2019-11-25T06:23:50","date_gmt":"2019-11-25T04:23:50","guid":{"rendered":"https:\/\/help.jamk.fi\/peppi-ohjeet-henkilokunnalle\/toteutusten-haku\/"},"modified":"2024-01-29T15:23:43","modified_gmt":"2024-01-29T13:23:43","slug":"toteutusten-haku","status":"publish","type":"page","link":"https:\/\/help.jamk.fi\/peppi-ohjeet-henkilokunnalle\/fi\/opettajan-ohjeet\/toteutusten-haku\/","title":{"rendered":"Toteutusten haku"},"content":{"rendered":"\n<h2 class=\"wp-block-heading\">Vaiheittainen ohje<\/h2>\n\n\n\n<ol class=\"wp-block-list\">\n<li><strong>Navigoi toteutushakuun<\/strong>\n<ul class=\"wp-block-list\">\n<li>Valitse suunnittelijan ty\u00f6p\u00f6yd\u00e4n yl\u00e4valikosta <strong>Vuosisuunnittelu<\/strong> -&gt; <strong>Toteutukset<\/strong><\/li>\n<\/ul>\n<\/li>\n<\/ol>\n\n\n\n<p><\/p>\n\n\n\n<ol class=\"wp-block-list\">\n<li><strong>Hae toteutuksia<\/strong>\n<ul class=\"wp-block-list\">\n<li>Voit hakea toteutuksia monipuolisesti eri hakuehdoilla<br><\/li>\n\n\n\n<li>Oletuksena olevat hakuehdot n\u00e4ytt\u00e4v\u00e4t omien meneill\u00e4\u00e4n olevien toteutustesi hakurajaukset.<\/li>\n<\/ul>\n<\/li>\n<\/ol>\n\n\n\n<p class=\"has-text-align-left\"><img loading=\"lazy\" decoding=\"async\" width=\"500\" height=\"257\" class=\"wp-image-6401\" style=\"width: 500px;\" src=\"https:\/\/help.jamk.fi\/peppi-ohjeet-henkilokunnalle\/wp-content\/uploads\/sites\/131\/2024\/01\/tot_haku.jpg\" alt=\"\" srcset=\"https:\/\/help.jamk.fi\/peppi-ohjeet-henkilokunnalle\/wp-content\/uploads\/sites\/131\/2024\/01\/tot_haku.jpg 1191w, https:\/\/help.jamk.fi\/peppi-ohjeet-henkilokunnalle\/wp-content\/uploads\/sites\/131\/2024\/01\/tot_haku-300x154.jpg 300w, https:\/\/help.jamk.fi\/peppi-ohjeet-henkilokunnalle\/wp-content\/uploads\/sites\/131\/2024\/01\/tot_haku-1024x526.jpg 1024w, https:\/\/help.jamk.fi\/peppi-ohjeet-henkilokunnalle\/wp-content\/uploads\/sites\/131\/2024\/01\/tot_haku-768x395.jpg 768w\" sizes=\"auto, (max-width: 500px) 100vw, 500px\" \/><\/p>\n\n\n\n<ol class=\"wp-block-list\">\n<li>Voit tyhjent\u00e4\u00e4 oletushaun rajaukset Tyhjenn\u00e4-painikkeesta.<\/li>\n\n\n\n<li>Voit rajata toteutushakua asettamalla yhden tai useampia hakuehtoja, esimerkiksi aika, henkil\u00f6t, yksik\u00f6t, luokittelu ja toteutuksen tila.<\/li>\n\n\n\n<li>Kaikkien hakukenttien v\u00e4lill\u00e4 on hakuehto JA, paitsi kenttien Henkil\u00f6t, Vastuuhenkil\u00f6 ja Yll\u00e4pit\u00e4j\u00e4 v\u00e4lill\u00e4 on ehto TAI.&nbsp;Jos hakukentt\u00e4 on moniarvoinen, eli hakukriteereihin on asetettu esim. useampi ryhm\u00e4 tai henkil\u00f6, on kent\u00e4n sis\u00e4ll\u00e4 olevien arvojen (esim. ryhmien ja henkil\u00f6iden) v\u00e4lill\u00e4 ehto TAI.<\/li>\n\n\n\n<li>Voit hakea toteutuksia esim. tunnuksen tai nimen osalla k\u00e4ytt\u00e4m\u00e4ll\u00e4 %-merkki\u00e4. Esim. %markkinointi% hakee kaikki toteutukset, joiden nimess\u00e4 on jossain kohtaan sana markkinointi.<\/li>\n\n\n\n<li>Kun olet asettanut hakuehdot, paina Hae. Hakutulos listautuu toteutustunnusten mukaiseen aakkosj\u00e4rjestykseen.<\/li>\n\n\n\n<li>Voit muuttaa hakutuloksen j\u00e4rjestyksen toteutuksen nimen, ryhm\u00e4n, opettajan, alkamis- tai p\u00e4\u00e4ttymisp\u00e4iv\u00e4n tai statuksen mukaan painamalla kyseisen sarakkeen otsikkoa.<\/li>\n\n\n\n<li>Voit ladata hakutuloksen Excel-tiedostoon, jossa n\u00e4kyv\u00e4t kaikki toteutussuunnitelmiin tallennetut tiedot<\/li>\n\n\n\n<li><img loading=\"lazy\" decoding=\"async\" width=\"300\" height=\"73\" class=\"wp-image-6411\" style=\"width: 300px;\" src=\"https:\/\/help.jamk.fi\/peppi-ohjeet-henkilokunnalle\/wp-content\/uploads\/sites\/131\/2024\/01\/tot_haku1.jpg\" alt=\"\" srcset=\"https:\/\/help.jamk.fi\/peppi-ohjeet-henkilokunnalle\/wp-content\/uploads\/sites\/131\/2024\/01\/tot_haku1.jpg 892w, https:\/\/help.jamk.fi\/peppi-ohjeet-henkilokunnalle\/wp-content\/uploads\/sites\/131\/2024\/01\/tot_haku1-300x73.jpg 300w, https:\/\/help.jamk.fi\/peppi-ohjeet-henkilokunnalle\/wp-content\/uploads\/sites\/131\/2024\/01\/tot_haku1-768x186.jpg 768w\" sizes=\"auto, (max-width: 300px) 100vw, 300px\" \/><\/li>\n<\/ol>\n\n\n\n<ul class=\"wp-block-list\">\n<li>Mik\u00e4li valitset Opiskelijatiedot valinnan, tulee tiedostoon mukaan my\u00f6s opintojaksoille tiedot ilmoittautuneista opiskelijam\u00e4\u00e4rist\u00e4:<\/li>\n<\/ul>\n\n\n\n<ul class=\"wp-block-list\">\n<li><img loading=\"lazy\" decoding=\"async\" width=\"300\" height=\"108\" class=\"size-medium wp-image-2310 alignleft\" src=\"https:\/\/help.jamk.fi\/peppi-ohjeet-henkilokunnalle\/wp-content\/uploads\/sites\/131\/2020\/12\/tulostuksen_sisalto.jpg\" alt=\"\"><\/li>\n<\/ul>\n\n\n\n<ul class=\"wp-block-list\">\n<li><strong>Toteutus voimassa<\/strong>&nbsp;-aikarajaus hakee kaikki ne toteutukset, joiden voimassaoloajasta yksikin p\u00e4iv\u00e4 ajoittuu rajatulle aikav\u00e4lille.<\/li>\n\n\n\n<li><strong>Alkaa \u2013 P\u00e4\u00e4ttyy<\/strong>&nbsp;-aikarajaus hakee kaikki ne toteutukset, joiden alkamisp\u00e4iv\u00e4 on suurempi tai yht\u00e4 suuri kuin rajauksen Alkaa-p\u00e4iv\u00e4, ja p\u00e4\u00e4ttymisp\u00e4iv\u00e4 pienempi tai yht\u00e4suuri kuin rajauksen P\u00e4\u00e4ttyy-p\u00e4iv\u00e4.<\/li>\n\n\n\n<li>Kun olet tehnyt haluamasi hakuehtovalinnat Valitse Hae<\/li>\n\n\n\n<li>Voit Tyhjent\u00e4\u00e4 edellisen haun valitsemalla Tyhjenn\u00e4<\/li>\n<\/ul>\n\n\n\n<ol class=\"wp-block-list\">\n<li><strong>Haun tallentaminen ja tallennetun haun poistaminen<\/strong>\n<ul class=\"wp-block-list\">\n<li>Voit tallentaa haun valitsemalla Tallenna haku ja antamalla avautuvassa modaalissa haulle nimen. Tallentamisen j\u00e4lkeen haut ovat l\u00f6ydett\u00e4viss\u00e4 vasemmasta navigaatiosta<\/li>\n\n\n\n<li>Haku tallentuvat Toteutukset -sivun vasempaan reunaan Tallennetut toteutushaut -osion Ei ryhm\u00e4\u00e4 -otsikon alle.<br>Voit tallentaa hakuja my\u00f6s oman otsikon alle kirjoittamalla Anna haulle nimi -kentt\u00e4\u00e4n haluamasi p\u00e4\u00e4otsikon j\u00e4lkeen kauttaviiva ja sen j\u00e4lkeen haun nimi, esimerkiksi Toimipiste\/tutkinto-ohjelma A<br><img loading=\"lazy\" decoding=\"async\" width=\"300\" height=\"54\" class=\"wp-image-6412\" style=\"width: 300px;\" src=\"https:\/\/help.jamk.fi\/peppi-ohjeet-henkilokunnalle\/wp-content\/uploads\/sites\/131\/2024\/01\/tot_haku2.jpg\" alt=\"\" srcset=\"https:\/\/help.jamk.fi\/peppi-ohjeet-henkilokunnalle\/wp-content\/uploads\/sites\/131\/2024\/01\/tot_haku2.jpg 935w, https:\/\/help.jamk.fi\/peppi-ohjeet-henkilokunnalle\/wp-content\/uploads\/sites\/131\/2024\/01\/tot_haku2-300x54.jpg 300w, https:\/\/help.jamk.fi\/peppi-ohjeet-henkilokunnalle\/wp-content\/uploads\/sites\/131\/2024\/01\/tot_haku2-768x139.jpg 768w\" sizes=\"auto, (max-width: 300px) 100vw, 300px\" \/><\/li>\n\n\n\n<li>Siirry hakutuloslistauksesta toteutuksen tietoihin klikkaamalla toteutuksen tunnusta tai nime\u00e4<\/li>\n\n\n\n<li>Tallennettu haku tallentaa tekem\u00e4si hakuehdot eli hakutulos on aina reaaliaikainen.<\/li>\n\n\n\n<li>Jos haluat poistaa tallennetun haun, paina haun nimen per\u00e4ss\u00e4 olevaa kolmiota ja valitse Poista.<\/li>\n<\/ul>\n<\/li>\n\n\n\n<li><strong>Hae omia toteutuksia<\/strong>\n<ul class=\"wp-block-list\">\n<li>Klikkaa vasemmassa navigaatiossa Omat k\u00e4ynniss\u00e4 olevat toteutukset \/ Omat tulevat toteutukset \/ Omat menneet toteutukset<\/li>\n\n\n\n<li>Siirry hakutuloslistauksesta toteutuksen tietoihin klikkaamalla toteutuksen tunnusta tai nime\u00e4<\/li>\n<\/ul>\n<\/li>\n\n\n\n<li><strong>Hae tallennettuja toteutuksia<\/strong>\n<ul class=\"wp-block-list\">\n<li>Klikkaa vasemmassa navigaatiossa otsikon Tallennetut toteutushaut alla tallentamaasi haun nime\u00e4<\/li>\n\n\n\n<li>Siirry hakutuloslistauksesta toteutuksen tietoihin klikkaamalla toteutuksen tunnusta tai nime\u00e4<\/li>\n<\/ul>\n<\/li>\n<\/ol>\n","protected":false},"excerpt":{"rendered":"<p>Vaiheittainen ohje<\/p>\n","protected":false},"author":78,"featured_media":0,"parent":4552,"menu_order":2,"comment_status":"closed","ping_status":"open","template":"","meta":{"_acf_changed":false,"_relevanssi_hide_post":"","_relevanssi_hide_content":"","_relevanssi_pin_for_all":"","_relevanssi_pin_keywords":"","_relevanssi_unpin_keywords":"","_relevanssi_related_keywords":"","_relevanssi_related_include_ids":"","_relevanssi_related_exclude_ids":"","_relevanssi_related_no_append":"","_relevanssi_related_not_related":"","_relevanssi_related_posts":"","_relevanssi_noindex_reason":"","footnotes":""},"categories":[1],"tags":[],"class_list":["post-4530","page","type-page","status-publish","hentry","category-uncategorised"],"acf":[],"yoast_head":"<!-- This site is optimized with the Yoast SEO plugin v27.3 - https:\/\/yoast.com\/product\/yoast-seo-wordpress\/ -->\n<title>Toteutusten haku - Peppi-ohjeet henkil\u00f6kunnalle<\/title>\n<meta name=\"robots\" content=\"index, follow, max-snippet:-1, max-image-preview:large, max-video-preview:-1\" \/>\n<link rel=\"canonical\" href=\"https:\/\/help.jamk.fi\/peppi-ohjeet-henkilokunnalle\/fi\/opettajan-ohjeet\/toteutusten-haku\/\" \/>\n<meta property=\"og:locale\" content=\"fi_FI\" \/>\n<meta property=\"og:type\" content=\"article\" \/>\n<meta property=\"og:title\" content=\"Toteutusten haku - Peppi-ohjeet henkil\u00f6kunnalle\" \/>\n<meta property=\"og:description\" content=\"Vaiheittainen ohje\" \/>\n<meta property=\"og:url\" content=\"https:\/\/help.jamk.fi\/peppi-ohjeet-henkilokunnalle\/fi\/opettajan-ohjeet\/toteutusten-haku\/\" \/>\n<meta property=\"og:site_name\" content=\"Peppi-ohjeet henkil\u00f6kunnalle\" \/>\n<meta property=\"article:modified_time\" content=\"2024-01-29T13:23:43+00:00\" \/>\n<meta property=\"og:image\" content=\"https:\/\/help.jamk.fi\/peppi-ohjeet-henkilokunnalle\/wp-content\/uploads\/sites\/131\/2024\/01\/tot_haku.jpg\" \/>\n<meta name=\"twitter:card\" content=\"summary_large_image\" \/>\n<meta name=\"twitter:label1\" content=\"Arvioitu lukuaika\" \/>\n\t<meta name=\"twitter:data1\" content=\"4 minuuttia\" \/>\n<script type=\"application\/ld+json\" class=\"yoast-schema-graph\">{\"@context\":\"https:\\\/\\\/schema.org\",\"@graph\":[{\"@type\":\"WebPage\",\"@id\":\"https:\\\/\\\/help.jamk.fi\\\/peppi-ohjeet-henkilokunnalle\\\/fi\\\/opettajan-ohjeet\\\/toteutusten-haku\\\/\",\"url\":\"https:\\\/\\\/help.jamk.fi\\\/peppi-ohjeet-henkilokunnalle\\\/fi\\\/opettajan-ohjeet\\\/toteutusten-haku\\\/\",\"name\":\"Toteutusten haku - Peppi-ohjeet henkil\u00f6kunnalle\",\"isPartOf\":{\"@id\":\"https:\\\/\\\/help.jamk.fi\\\/peppi-ohjeet-henkilokunnalle\\\/#website\"},\"primaryImageOfPage\":{\"@id\":\"https:\\\/\\\/help.jamk.fi\\\/peppi-ohjeet-henkilokunnalle\\\/fi\\\/opettajan-ohjeet\\\/toteutusten-haku\\\/#primaryimage\"},\"image\":{\"@id\":\"https:\\\/\\\/help.jamk.fi\\\/peppi-ohjeet-henkilokunnalle\\\/fi\\\/opettajan-ohjeet\\\/toteutusten-haku\\\/#primaryimage\"},\"thumbnailUrl\":\"https:\\\/\\\/help.jamk.fi\\\/peppi-ohjeet-henkilokunnalle\\\/wp-content\\\/uploads\\\/sites\\\/131\\\/2024\\\/01\\\/tot_haku.jpg\",\"datePublished\":\"2019-11-25T04:23:50+00:00\",\"dateModified\":\"2024-01-29T13:23:43+00:00\",\"breadcrumb\":{\"@id\":\"https:\\\/\\\/help.jamk.fi\\\/peppi-ohjeet-henkilokunnalle\\\/fi\\\/opettajan-ohjeet\\\/toteutusten-haku\\\/#breadcrumb\"},\"inLanguage\":\"fi\",\"potentialAction\":[{\"@type\":\"ReadAction\",\"target\":[\"https:\\\/\\\/help.jamk.fi\\\/peppi-ohjeet-henkilokunnalle\\\/fi\\\/opettajan-ohjeet\\\/toteutusten-haku\\\/\"]}]},{\"@type\":\"ImageObject\",\"inLanguage\":\"fi\",\"@id\":\"https:\\\/\\\/help.jamk.fi\\\/peppi-ohjeet-henkilokunnalle\\\/fi\\\/opettajan-ohjeet\\\/toteutusten-haku\\\/#primaryimage\",\"url\":\"https:\\\/\\\/help.jamk.fi\\\/peppi-ohjeet-henkilokunnalle\\\/wp-content\\\/uploads\\\/sites\\\/131\\\/2024\\\/01\\\/tot_haku.jpg\",\"contentUrl\":\"https:\\\/\\\/help.jamk.fi\\\/peppi-ohjeet-henkilokunnalle\\\/wp-content\\\/uploads\\\/sites\\\/131\\\/2024\\\/01\\\/tot_haku.jpg\",\"width\":1191,\"height\":612},{\"@type\":\"BreadcrumbList\",\"@id\":\"https:\\\/\\\/help.jamk.fi\\\/peppi-ohjeet-henkilokunnalle\\\/fi\\\/opettajan-ohjeet\\\/toteutusten-haku\\\/#breadcrumb\",\"itemListElement\":[{\"@type\":\"ListItem\",\"position\":1,\"name\":\"Home\",\"item\":\"https:\\\/\\\/help.jamk.fi\\\/peppi-ohjeet-henkilokunnalle\\\/en\\\/\"},{\"@type\":\"ListItem\",\"position\":2,\"name\":\"Opettajan ohjeet\",\"item\":\"https:\\\/\\\/help.jamk.fi\\\/peppi-ohjeet-henkilokunnalle\\\/fi\\\/opettajan-ohjeet\\\/\"},{\"@type\":\"ListItem\",\"position\":3,\"name\":\"Toteutusten haku\"}]},{\"@type\":\"WebSite\",\"@id\":\"https:\\\/\\\/help.jamk.fi\\\/peppi-ohjeet-henkilokunnalle\\\/#website\",\"url\":\"https:\\\/\\\/help.jamk.fi\\\/peppi-ohjeet-henkilokunnalle\\\/\",\"name\":\"Peppi-ohjeet henkil\u00f6kunnalle\",\"description\":\"\",\"potentialAction\":[{\"@type\":\"SearchAction\",\"target\":{\"@type\":\"EntryPoint\",\"urlTemplate\":\"https:\\\/\\\/help.jamk.fi\\\/peppi-ohjeet-henkilokunnalle\\\/?s={search_term_string}\"},\"query-input\":{\"@type\":\"PropertyValueSpecification\",\"valueRequired\":true,\"valueName\":\"search_term_string\"}}],\"inLanguage\":\"fi\"}]}<\/script>\n<!-- \/ Yoast SEO plugin. -->","yoast_head_json":{"title":"Toteutusten haku - Peppi-ohjeet henkil\u00f6kunnalle","robots":{"index":"index","follow":"follow","max-snippet":"max-snippet:-1","max-image-preview":"max-image-preview:large","max-video-preview":"max-video-preview:-1"},"canonical":"https:\/\/help.jamk.fi\/peppi-ohjeet-henkilokunnalle\/fi\/opettajan-ohjeet\/toteutusten-haku\/","og_locale":"fi_FI","og_type":"article","og_title":"Toteutusten haku - Peppi-ohjeet henkil\u00f6kunnalle","og_description":"Vaiheittainen ohje","og_url":"https:\/\/help.jamk.fi\/peppi-ohjeet-henkilokunnalle\/fi\/opettajan-ohjeet\/toteutusten-haku\/","og_site_name":"Peppi-ohjeet henkil\u00f6kunnalle","article_modified_time":"2024-01-29T13:23:43+00:00","og_image":[{"url":"https:\/\/help.jamk.fi\/peppi-ohjeet-henkilokunnalle\/wp-content\/uploads\/sites\/131\/2024\/01\/tot_haku.jpg","type":"","width":"","height":""}],"twitter_card":"summary_large_image","twitter_misc":{"Arvioitu lukuaika":"4 minuuttia"},"schema":{"@context":"https:\/\/schema.org","@graph":[{"@type":"WebPage","@id":"https:\/\/help.jamk.fi\/peppi-ohjeet-henkilokunnalle\/fi\/opettajan-ohjeet\/toteutusten-haku\/","url":"https:\/\/help.jamk.fi\/peppi-ohjeet-henkilokunnalle\/fi\/opettajan-ohjeet\/toteutusten-haku\/","name":"Toteutusten haku - Peppi-ohjeet henkil\u00f6kunnalle","isPartOf":{"@id":"https:\/\/help.jamk.fi\/peppi-ohjeet-henkilokunnalle\/#website"},"primaryImageOfPage":{"@id":"https:\/\/help.jamk.fi\/peppi-ohjeet-henkilokunnalle\/fi\/opettajan-ohjeet\/toteutusten-haku\/#primaryimage"},"image":{"@id":"https:\/\/help.jamk.fi\/peppi-ohjeet-henkilokunnalle\/fi\/opettajan-ohjeet\/toteutusten-haku\/#primaryimage"},"thumbnailUrl":"https:\/\/help.jamk.fi\/peppi-ohjeet-henkilokunnalle\/wp-content\/uploads\/sites\/131\/2024\/01\/tot_haku.jpg","datePublished":"2019-11-25T04:23:50+00:00","dateModified":"2024-01-29T13:23:43+00:00","breadcrumb":{"@id":"https:\/\/help.jamk.fi\/peppi-ohjeet-henkilokunnalle\/fi\/opettajan-ohjeet\/toteutusten-haku\/#breadcrumb"},"inLanguage":"fi","potentialAction":[{"@type":"ReadAction","target":["https:\/\/help.jamk.fi\/peppi-ohjeet-henkilokunnalle\/fi\/opettajan-ohjeet\/toteutusten-haku\/"]}]},{"@type":"ImageObject","inLanguage":"fi","@id":"https:\/\/help.jamk.fi\/peppi-ohjeet-henkilokunnalle\/fi\/opettajan-ohjeet\/toteutusten-haku\/#primaryimage","url":"https:\/\/help.jamk.fi\/peppi-ohjeet-henkilokunnalle\/wp-content\/uploads\/sites\/131\/2024\/01\/tot_haku.jpg","contentUrl":"https:\/\/help.jamk.fi\/peppi-ohjeet-henkilokunnalle\/wp-content\/uploads\/sites\/131\/2024\/01\/tot_haku.jpg","width":1191,"height":612},{"@type":"BreadcrumbList","@id":"https:\/\/help.jamk.fi\/peppi-ohjeet-henkilokunnalle\/fi\/opettajan-ohjeet\/toteutusten-haku\/#breadcrumb","itemListElement":[{"@type":"ListItem","position":1,"name":"Home","item":"https:\/\/help.jamk.fi\/peppi-ohjeet-henkilokunnalle\/en\/"},{"@type":"ListItem","position":2,"name":"Opettajan ohjeet","item":"https:\/\/help.jamk.fi\/peppi-ohjeet-henkilokunnalle\/fi\/opettajan-ohjeet\/"},{"@type":"ListItem","position":3,"name":"Toteutusten haku"}]},{"@type":"WebSite","@id":"https:\/\/help.jamk.fi\/peppi-ohjeet-henkilokunnalle\/#website","url":"https:\/\/help.jamk.fi\/peppi-ohjeet-henkilokunnalle\/","name":"Peppi-ohjeet henkil\u00f6kunnalle","description":"","potentialAction":[{"@type":"SearchAction","target":{"@type":"EntryPoint","urlTemplate":"https:\/\/help.jamk.fi\/peppi-ohjeet-henkilokunnalle\/?s={search_term_string}"},"query-input":{"@type":"PropertyValueSpecification","valueRequired":true,"valueName":"search_term_string"}}],"inLanguage":"fi"}]}},"_links":{"self":[{"href":"https:\/\/help.jamk.fi\/peppi-ohjeet-henkilokunnalle\/wp-json\/wp\/v2\/pages\/4530","targetHints":{"allow":["GET"]}}],"collection":[{"href":"https:\/\/help.jamk.fi\/peppi-ohjeet-henkilokunnalle\/wp-json\/wp\/v2\/pages"}],"about":[{"href":"https:\/\/help.jamk.fi\/peppi-ohjeet-henkilokunnalle\/wp-json\/wp\/v2\/types\/page"}],"author":[{"embeddable":true,"href":"https:\/\/help.jamk.fi\/peppi-ohjeet-henkilokunnalle\/wp-json\/wp\/v2\/users\/78"}],"replies":[{"embeddable":true,"href":"https:\/\/help.jamk.fi\/peppi-ohjeet-henkilokunnalle\/wp-json\/wp\/v2\/comments?post=4530"}],"version-history":[{"count":19,"href":"https:\/\/help.jamk.fi\/peppi-ohjeet-henkilokunnalle\/wp-json\/wp\/v2\/pages\/4530\/revisions"}],"predecessor-version":[{"id":6417,"href":"https:\/\/help.jamk.fi\/peppi-ohjeet-henkilokunnalle\/wp-json\/wp\/v2\/pages\/4530\/revisions\/6417"}],"up":[{"embeddable":true,"href":"https:\/\/help.jamk.fi\/peppi-ohjeet-henkilokunnalle\/wp-json\/wp\/v2\/pages\/4552"}],"wp:attachment":[{"href":"https:\/\/help.jamk.fi\/peppi-ohjeet-henkilokunnalle\/wp-json\/wp\/v2\/media?parent=4530"}],"wp:term":[{"taxonomy":"category","embeddable":true,"href":"https:\/\/help.jamk.fi\/peppi-ohjeet-henkilokunnalle\/wp-json\/wp\/v2\/categories?post=4530"},{"taxonomy":"post_tag","embeddable":true,"href":"https:\/\/help.jamk.fi\/peppi-ohjeet-henkilokunnalle\/wp-json\/wp\/v2\/tags?post=4530"}],"curies":[{"name":"wp","href":"https:\/\/api.w.org\/{rel}","templated":true}]}}