{"id":4531,"date":"2019-11-25T06:24:21","date_gmt":"2019-11-25T04:24:21","guid":{"rendered":"https:\/\/help.jamk.fi\/peppi-ohjeet-henkilokunnalle\/vuosisuunnittelu\/toteutusten-kopioiminen\/"},"modified":"2024-01-26T14:13:42","modified_gmt":"2024-01-26T12:13:42","slug":"toteutusten-kopioiminen","status":"publish","type":"page","link":"https:\/\/help.jamk.fi\/peppi-ohjeet-henkilokunnalle\/fi\/vuosisuunnittelu\/toteutusten-kopioiminen\/","title":{"rendered":"Toteutusten kopioiminen"},"content":{"rendered":"\n<p>Vaiheittainen ohje<\/p>\n\n\n\n<p>1. Valitse Vuosisuunnittelu -&gt; Toteutukset -&gt; Toteutusten kopioiminen<\/p>\n\n\n\n<p>2. Valitse lukuvuosi, jolta toteutukset kopioidaan<\/p>\n\n\n\n<p>3. Voit valita joko a) ryhm\u00e4pohjaisen tai b) OPS- pohjaisen kopioinnin<\/p>\n\n\n\n<p>3a. Valitse Ryhm\u00e4, jonka tietyn lukuvuoden toteutukset kopioidaan -&gt; ajoita kopiot valitsemallesi lukuvuodelle -&gt; aseta kopioiden ryhm\u00e4<\/p>\n\n\n\n<p>3b. Valitse OPS, jonka tietyn lukuvuoden toteutukset kopioidaan -&gt; ajoita kopiot valitsemallesi lukuvuodelle -&gt; valitse opetussuunnitelma, jolle haluat toteutukset kopioitavan (oletuksena sama kuin l\u00e4hde-OPS)<\/p>\n\n\n\n<p>4. Valitse Hae<\/p>\n\n\n\n<p>5. Hakutulokset tulevat lista-\/taulukkomuodossa ja toteutuksista on muokattavissa mm. seuraavat tiedot: <strong>tunnus, nimi, min alkaa, max p\u00e4\u00e4ttyy, alkaa, p\u00e4\u00e4ttyy, ilmoittautuminen alk., ilmoittautuminen p\u00e4\u00e4t., ryhm\u00e4t, kustannuspaikat, vastuuhenkil\u00f6, yll\u00e4pit\u00e4j\u00e4, toimipiste, organisaatioyksikk\u00f6, tutkinto-ohjelma, min paikat, max paikat, opetuskieli, virtuaaliosuus, tki osuus<\/strong>.<\/p>\n\n\n\n<p>Kaikki listan toteutukset on oletuksena valittuna, voit tarvittaessa poistaa valinnat valintaruuduista osasta toteutuksista, mik\u00e4li et halua kopioida niit\u00e4.<\/p>\n\n\n\n<p>6. Palaa takaisin tai Siirry teht\u00e4vien m\u00e4\u00e4rittelyyn<\/p>\n\n\n\n<p>7. Siirrytt\u00e4ess\u00e4 teht\u00e4vien m\u00e4\u00e4rittelyyn voit asettaa kopioiduille toteutuksille seuraavat tiedot:<\/p>\n\n\n\n<div class=\"table-wrap\">\n<table class=\"confluenceTable\">\n<thead>\n<tr>\n<th class=\"confluenceTh\">Tunnus<\/th>\n<th class=\"confluenceTh\">Teht\u00e4v\u00e4<\/th>\n<th class=\"confluenceTh\">Opettaja<\/th>\n<th class=\"confluenceTh\">Alkaa<\/th>\n<th class=\"confluenceTh\">Loppuu<\/th>\n<th class=\"confluenceTh\">Max<\/th>\n<th class=\"confluenceTh\">Opetus<\/th>\n<th class=\"confluenceTh\">Muu<\/th>\n<th class=\"confluenceTh\">Kustannuspaikat<\/th>\n<\/tr>\n<\/thead>\n<\/table>\n<\/div>\n\n\n\n<p>Pohjatiedoiksi j\u00e4rjestelm\u00e4 tarjoaa kopioiden pohjana olevien toteutusten tiedot.<\/p>\n\n\n\n<p>8. Luo toteutukset ja teht\u00e4v\u00e4t<\/p>\n\n\n\n<p>9. Kopioinnin onnistumista voi seurata Aiemmat kopioinnit -osiosta (ks. yll\u00e4olevasta kuvasta Toteutuksien kopiointi -osion alta) ja muokata kopioituja toteutuksia kohdasta Muokkaa kopioituja toteutuksia<\/p>\n\n\n\n<p>10. &nbsp;Massamuokkaus -osiossa voit tehd\u00e4 kaikkia valittuja toteutuksia koskevia muutoksia kerralla. Voit vaihtaa n\u00e4kym\u00e4ss\u00e4 olevat sarakkeet (kohdasta Aseta sarakkeet) ja &nbsp;tehd\u00e4 toteutuksia koskevat muutokset kerralla valitsemalla Tee massamuutos. Huom! Toteutusten kopioinnin yhteydess\u00e4 kopioidut toteutuksille asetetaan j\u00e4rjestelm\u00e4n toimesta seuraavan lukuvuoden saman kalenteriviikon toteutuksen alkamis- ja p\u00e4\u00e4ttymisajankohdat kuin alkuper\u00e4isell\u00e4 toteutuksella.<\/p>\n","protected":false},"excerpt":{"rendered":"<p>Vaiheittainen ohje 1. Valitse Vuosisuunnittelu -&gt; Toteutukset -&gt; Toteutusten kopioiminen 2. Valitse lukuvuosi, jolta toteutukset kopioidaan 3. Voit valita joko a) ryhm\u00e4pohjaisen tai b) OPS- pohjaisen kopioinnin 3a. Valitse Ryhm\u00e4, jonka tietyn lukuvuoden toteutukset kopioidaan -&gt; ajoita kopiot valitsemallesi lukuvuodelle -&gt; aseta kopioiden ryhm\u00e4 3b. Valitse OPS, jonka tietyn lukuvuoden toteutukset kopioidaan -&gt; ajoita kopiot [&hellip;]<\/p>\n","protected":false},"author":78,"featured_media":0,"parent":4522,"menu_order":10,"comment_status":"closed","ping_status":"open","template":"","meta":{"_acf_changed":false,"_relevanssi_hide_post":"","_relevanssi_hide_content":"","_relevanssi_pin_for_all":"","_relevanssi_pin_keywords":"","_relevanssi_unpin_keywords":"","_relevanssi_related_keywords":"","_relevanssi_related_include_ids":"","_relevanssi_related_exclude_ids":"","_relevanssi_related_no_append":"","_relevanssi_related_not_related":"","_relevanssi_related_posts":"","_relevanssi_noindex_reason":"","footnotes":""},"categories":[1],"tags":[],"class_list":["post-4531","page","type-page","status-publish","hentry","category-uncategorised"],"acf":[],"yoast_head":"<!-- This site is optimized with the Yoast SEO plugin v27.3 - https:\/\/yoast.com\/product\/yoast-seo-wordpress\/ -->\n<title>Toteutusten kopioiminen - Peppi-ohjeet henkil\u00f6kunnalle<\/title>\n<meta name=\"robots\" content=\"index, follow, max-snippet:-1, max-image-preview:large, max-video-preview:-1\" \/>\n<link rel=\"canonical\" href=\"https:\/\/help.jamk.fi\/peppi-ohjeet-henkilokunnalle\/fi\/vuosisuunnittelu\/toteutusten-kopioiminen\/\" \/>\n<meta property=\"og:locale\" content=\"fi_FI\" \/>\n<meta property=\"og:type\" content=\"article\" \/>\n<meta property=\"og:title\" content=\"Toteutusten kopioiminen - Peppi-ohjeet henkil\u00f6kunnalle\" \/>\n<meta property=\"og:description\" content=\"Vaiheittainen ohje 1. Valitse Vuosisuunnittelu -&gt; Toteutukset -&gt; Toteutusten kopioiminen 2. Valitse lukuvuosi, jolta toteutukset kopioidaan 3. Voit valita joko a) ryhm\u00e4pohjaisen tai b) OPS- pohjaisen kopioinnin 3a. Valitse Ryhm\u00e4, jonka tietyn lukuvuoden toteutukset kopioidaan -&gt; ajoita kopiot valitsemallesi lukuvuodelle -&gt; aseta kopioiden ryhm\u00e4 3b. Valitse OPS, jonka tietyn lukuvuoden toteutukset kopioidaan -&gt; ajoita kopiot [&hellip;]\" \/>\n<meta property=\"og:url\" content=\"https:\/\/help.jamk.fi\/peppi-ohjeet-henkilokunnalle\/fi\/vuosisuunnittelu\/toteutusten-kopioiminen\/\" \/>\n<meta property=\"og:site_name\" content=\"Peppi-ohjeet henkil\u00f6kunnalle\" \/>\n<meta property=\"article:modified_time\" content=\"2024-01-26T12:13:42+00:00\" \/>\n<meta name=\"twitter:card\" content=\"summary_large_image\" \/>\n<meta name=\"twitter:label1\" content=\"Arvioitu lukuaika\" \/>\n\t<meta name=\"twitter:data1\" content=\"2 minuuttia\" \/>\n<script type=\"application\/ld+json\" class=\"yoast-schema-graph\">{\"@context\":\"https:\\\/\\\/schema.org\",\"@graph\":[{\"@type\":\"WebPage\",\"@id\":\"https:\\\/\\\/help.jamk.fi\\\/peppi-ohjeet-henkilokunnalle\\\/fi\\\/vuosisuunnittelu\\\/toteutusten-kopioiminen\\\/\",\"url\":\"https:\\\/\\\/help.jamk.fi\\\/peppi-ohjeet-henkilokunnalle\\\/fi\\\/vuosisuunnittelu\\\/toteutusten-kopioiminen\\\/\",\"name\":\"Toteutusten kopioiminen - Peppi-ohjeet henkil\u00f6kunnalle\",\"isPartOf\":{\"@id\":\"https:\\\/\\\/help.jamk.fi\\\/peppi-ohjeet-henkilokunnalle\\\/#website\"},\"datePublished\":\"2019-11-25T04:24:21+00:00\",\"dateModified\":\"2024-01-26T12:13:42+00:00\",\"breadcrumb\":{\"@id\":\"https:\\\/\\\/help.jamk.fi\\\/peppi-ohjeet-henkilokunnalle\\\/fi\\\/vuosisuunnittelu\\\/toteutusten-kopioiminen\\\/#breadcrumb\"},\"inLanguage\":\"fi\",\"potentialAction\":[{\"@type\":\"ReadAction\",\"target\":[\"https:\\\/\\\/help.jamk.fi\\\/peppi-ohjeet-henkilokunnalle\\\/fi\\\/vuosisuunnittelu\\\/toteutusten-kopioiminen\\\/\"]}]},{\"@type\":\"BreadcrumbList\",\"@id\":\"https:\\\/\\\/help.jamk.fi\\\/peppi-ohjeet-henkilokunnalle\\\/fi\\\/vuosisuunnittelu\\\/toteutusten-kopioiminen\\\/#breadcrumb\",\"itemListElement\":[{\"@type\":\"ListItem\",\"position\":1,\"name\":\"Home\",\"item\":\"https:\\\/\\\/help.jamk.fi\\\/peppi-ohjeet-henkilokunnalle\\\/en\\\/\"},{\"@type\":\"ListItem\",\"position\":2,\"name\":\"Vuosisuunnittelu\",\"item\":\"https:\\\/\\\/help.jamk.fi\\\/peppi-ohjeet-henkilokunnalle\\\/fi\\\/vuosisuunnittelu\\\/\"},{\"@type\":\"ListItem\",\"position\":3,\"name\":\"Toteutusten kopioiminen\"}]},{\"@type\":\"WebSite\",\"@id\":\"https:\\\/\\\/help.jamk.fi\\\/peppi-ohjeet-henkilokunnalle\\\/#website\",\"url\":\"https:\\\/\\\/help.jamk.fi\\\/peppi-ohjeet-henkilokunnalle\\\/\",\"name\":\"Peppi-ohjeet henkil\u00f6kunnalle\",\"description\":\"\",\"potentialAction\":[{\"@type\":\"SearchAction\",\"target\":{\"@type\":\"EntryPoint\",\"urlTemplate\":\"https:\\\/\\\/help.jamk.fi\\\/peppi-ohjeet-henkilokunnalle\\\/?s={search_term_string}\"},\"query-input\":{\"@type\":\"PropertyValueSpecification\",\"valueRequired\":true,\"valueName\":\"search_term_string\"}}],\"inLanguage\":\"fi\"}]}<\/script>\n<!-- \/ Yoast SEO plugin. -->","yoast_head_json":{"title":"Toteutusten kopioiminen - Peppi-ohjeet henkil\u00f6kunnalle","robots":{"index":"index","follow":"follow","max-snippet":"max-snippet:-1","max-image-preview":"max-image-preview:large","max-video-preview":"max-video-preview:-1"},"canonical":"https:\/\/help.jamk.fi\/peppi-ohjeet-henkilokunnalle\/fi\/vuosisuunnittelu\/toteutusten-kopioiminen\/","og_locale":"fi_FI","og_type":"article","og_title":"Toteutusten kopioiminen - Peppi-ohjeet henkil\u00f6kunnalle","og_description":"Vaiheittainen ohje 1. Valitse Vuosisuunnittelu -&gt; Toteutukset -&gt; Toteutusten kopioiminen 2. Valitse lukuvuosi, jolta toteutukset kopioidaan 3. Voit valita joko a) ryhm\u00e4pohjaisen tai b) OPS- pohjaisen kopioinnin 3a. Valitse Ryhm\u00e4, jonka tietyn lukuvuoden toteutukset kopioidaan -&gt; ajoita kopiot valitsemallesi lukuvuodelle -&gt; aseta kopioiden ryhm\u00e4 3b. Valitse OPS, jonka tietyn lukuvuoden toteutukset kopioidaan -&gt; ajoita kopiot [&hellip;]","og_url":"https:\/\/help.jamk.fi\/peppi-ohjeet-henkilokunnalle\/fi\/vuosisuunnittelu\/toteutusten-kopioiminen\/","og_site_name":"Peppi-ohjeet henkil\u00f6kunnalle","article_modified_time":"2024-01-26T12:13:42+00:00","twitter_card":"summary_large_image","twitter_misc":{"Arvioitu lukuaika":"2 minuuttia"},"schema":{"@context":"https:\/\/schema.org","@graph":[{"@type":"WebPage","@id":"https:\/\/help.jamk.fi\/peppi-ohjeet-henkilokunnalle\/fi\/vuosisuunnittelu\/toteutusten-kopioiminen\/","url":"https:\/\/help.jamk.fi\/peppi-ohjeet-henkilokunnalle\/fi\/vuosisuunnittelu\/toteutusten-kopioiminen\/","name":"Toteutusten kopioiminen - Peppi-ohjeet henkil\u00f6kunnalle","isPartOf":{"@id":"https:\/\/help.jamk.fi\/peppi-ohjeet-henkilokunnalle\/#website"},"datePublished":"2019-11-25T04:24:21+00:00","dateModified":"2024-01-26T12:13:42+00:00","breadcrumb":{"@id":"https:\/\/help.jamk.fi\/peppi-ohjeet-henkilokunnalle\/fi\/vuosisuunnittelu\/toteutusten-kopioiminen\/#breadcrumb"},"inLanguage":"fi","potentialAction":[{"@type":"ReadAction","target":["https:\/\/help.jamk.fi\/peppi-ohjeet-henkilokunnalle\/fi\/vuosisuunnittelu\/toteutusten-kopioiminen\/"]}]},{"@type":"BreadcrumbList","@id":"https:\/\/help.jamk.fi\/peppi-ohjeet-henkilokunnalle\/fi\/vuosisuunnittelu\/toteutusten-kopioiminen\/#breadcrumb","itemListElement":[{"@type":"ListItem","position":1,"name":"Home","item":"https:\/\/help.jamk.fi\/peppi-ohjeet-henkilokunnalle\/en\/"},{"@type":"ListItem","position":2,"name":"Vuosisuunnittelu","item":"https:\/\/help.jamk.fi\/peppi-ohjeet-henkilokunnalle\/fi\/vuosisuunnittelu\/"},{"@type":"ListItem","position":3,"name":"Toteutusten kopioiminen"}]},{"@type":"WebSite","@id":"https:\/\/help.jamk.fi\/peppi-ohjeet-henkilokunnalle\/#website","url":"https:\/\/help.jamk.fi\/peppi-ohjeet-henkilokunnalle\/","name":"Peppi-ohjeet henkil\u00f6kunnalle","description":"","potentialAction":[{"@type":"SearchAction","target":{"@type":"EntryPoint","urlTemplate":"https:\/\/help.jamk.fi\/peppi-ohjeet-henkilokunnalle\/?s={search_term_string}"},"query-input":{"@type":"PropertyValueSpecification","valueRequired":true,"valueName":"search_term_string"}}],"inLanguage":"fi"}]}},"_links":{"self":[{"href":"https:\/\/help.jamk.fi\/peppi-ohjeet-henkilokunnalle\/wp-json\/wp\/v2\/pages\/4531","targetHints":{"allow":["GET"]}}],"collection":[{"href":"https:\/\/help.jamk.fi\/peppi-ohjeet-henkilokunnalle\/wp-json\/wp\/v2\/pages"}],"about":[{"href":"https:\/\/help.jamk.fi\/peppi-ohjeet-henkilokunnalle\/wp-json\/wp\/v2\/types\/page"}],"author":[{"embeddable":true,"href":"https:\/\/help.jamk.fi\/peppi-ohjeet-henkilokunnalle\/wp-json\/wp\/v2\/users\/78"}],"replies":[{"embeddable":true,"href":"https:\/\/help.jamk.fi\/peppi-ohjeet-henkilokunnalle\/wp-json\/wp\/v2\/comments?post=4531"}],"version-history":[{"count":4,"href":"https:\/\/help.jamk.fi\/peppi-ohjeet-henkilokunnalle\/wp-json\/wp\/v2\/pages\/4531\/revisions"}],"predecessor-version":[{"id":6398,"href":"https:\/\/help.jamk.fi\/peppi-ohjeet-henkilokunnalle\/wp-json\/wp\/v2\/pages\/4531\/revisions\/6398"}],"up":[{"embeddable":true,"href":"https:\/\/help.jamk.fi\/peppi-ohjeet-henkilokunnalle\/wp-json\/wp\/v2\/pages\/4522"}],"wp:attachment":[{"href":"https:\/\/help.jamk.fi\/peppi-ohjeet-henkilokunnalle\/wp-json\/wp\/v2\/media?parent=4531"}],"wp:term":[{"taxonomy":"category","embeddable":true,"href":"https:\/\/help.jamk.fi\/peppi-ohjeet-henkilokunnalle\/wp-json\/wp\/v2\/categories?post=4531"},{"taxonomy":"post_tag","embeddable":true,"href":"https:\/\/help.jamk.fi\/peppi-ohjeet-henkilokunnalle\/wp-json\/wp\/v2\/tags?post=4531"}],"curies":[{"name":"wp","href":"https:\/\/api.w.org\/{rel}","templated":true}]}}