{"id":4532,"date":"2019-11-25T06:24:38","date_gmt":"2019-11-25T04:24:38","guid":{"rendered":"https:\/\/help.jamk.fi\/peppi-ohjeet-henkilokunnalle\/vuosisuunnittelu\/yksittaisen-opintojakson-toteutuksen-tallennus\/"},"modified":"2023-11-16T09:33:00","modified_gmt":"2023-11-16T07:33:00","slug":"yksittaisen-opintojakson-toteutuksen-tallennus","status":"publish","type":"page","link":"https:\/\/help.jamk.fi\/peppi-ohjeet-henkilokunnalle\/fi\/vuosisuunnittelu\/yksittaisen-opintojakson-toteutuksen-tallennus\/","title":{"rendered":"Yksitt\u00e4isen opintojakson toteutuksen tallennus"},"content":{"rendered":"<p><img loading=\"lazy\" decoding=\"async\" class=\"alignnone  wp-image-5552\" src=\"https:\/\/help.jamk.fi\/peppi-ohjeet-henkilokunnalle\/wp-content\/uploads\/sites\/131\/2023\/11\/tot_1.jpg\" alt=\"\" width=\"829\" height=\"401\" \/><\/p>\n<p>Kun opintojaksosta ei ole toteutusta (laatikko ajoitussarakkeissa on valkea \u2013 kuvassa ympyr\u00f6ity punaisella), niin ajoitussarakkeessa n\u00e4kyv\u00e4n valkean laatikon valinta luo toteutuksen. Valitse laatikko \u2013 avautuu ikkuna, jossa voit tarvittaessa muuttaa toteutuksen ajoitusta vihre\u00e4\u00e4 ajoituspalkkia raahaamalla ja luoda sitten uuden toteutuksen \u201cLuo toteutus\u201d -painikkeella.<\/p>\n<hr \/>\n<p>Huom. Nonstop-toteutuksen ajoitukset voidaan asettaa esim. koko lukuvuodeksi kerrallaan ja ilmoittautuminen voidaan t\u00e4ll\u00f6in laittaa auki normaalia pidemm\u00e4lle ajalle.<\/p>\n","protected":false},"excerpt":{"rendered":"<p>Kun opintojaksosta ei ole toteutusta (laatikko ajoitussarakkeissa on valkea \u2013 kuvassa ympyr\u00f6ity punaisella), niin ajoitussarakkeessa n\u00e4kyv\u00e4n valkean laatikon valinta luo toteutuksen. Valitse laatikko \u2013 avautuu ikkuna, jossa voit tarvittaessa muuttaa toteutuksen ajoitusta vihre\u00e4\u00e4 ajoituspalkkia raahaamalla ja luoda sitten uuden toteutuksen \u201cLuo toteutus\u201d -painikkeella. Huom. Nonstop-toteutuksen ajoitukset voidaan asettaa esim. koko lukuvuodeksi kerrallaan ja ilmoittautuminen voidaan [&hellip;]<\/p>\n","protected":false},"author":78,"featured_media":0,"parent":4522,"menu_order":5,"comment_status":"closed","ping_status":"open","template":"","meta":{"_acf_changed":false,"_relevanssi_hide_post":"","_relevanssi_hide_content":"","_relevanssi_pin_for_all":"","_relevanssi_pin_keywords":"","_relevanssi_unpin_keywords":"","_relevanssi_related_keywords":"","_relevanssi_related_include_ids":"","_relevanssi_related_exclude_ids":"","_relevanssi_related_no_append":"","_relevanssi_related_not_related":"","_relevanssi_related_posts":"","_relevanssi_noindex_reason":"","footnotes":""},"categories":[1],"tags":[],"class_list":["post-4532","page","type-page","status-publish","hentry","category-uncategorised"],"acf":[],"yoast_head":"<!-- This site is optimized with the Yoast SEO plugin v27.4 - https:\/\/yoast.com\/product\/yoast-seo-wordpress\/ -->\n<title>Yksitt\u00e4isen opintojakson toteutuksen tallennus - Peppi-ohjeet henkil\u00f6kunnalle<\/title>\n<meta name=\"robots\" content=\"index, follow, max-snippet:-1, max-image-preview:large, max-video-preview:-1\" \/>\n<link rel=\"canonical\" href=\"https:\/\/help.jamk.fi\/peppi-ohjeet-henkilokunnalle\/fi\/vuosisuunnittelu\/yksittaisen-opintojakson-toteutuksen-tallennus\/\" \/>\n<meta property=\"og:locale\" content=\"fi_FI\" \/>\n<meta property=\"og:type\" content=\"article\" \/>\n<meta property=\"og:title\" content=\"Yksitt\u00e4isen opintojakson toteutuksen tallennus - Peppi-ohjeet henkil\u00f6kunnalle\" \/>\n<meta property=\"og:description\" content=\"Kun opintojaksosta ei ole toteutusta (laatikko ajoitussarakkeissa on valkea \u2013 kuvassa ympyr\u00f6ity punaisella), niin ajoitussarakkeessa n\u00e4kyv\u00e4n valkean laatikon valinta luo toteutuksen. Valitse laatikko \u2013 avautuu ikkuna, jossa voit tarvittaessa muuttaa toteutuksen ajoitusta vihre\u00e4\u00e4 ajoituspalkkia raahaamalla ja luoda sitten uuden toteutuksen \u201cLuo toteutus\u201d -painikkeella. Huom. Nonstop-toteutuksen ajoitukset voidaan asettaa esim. koko lukuvuodeksi kerrallaan ja ilmoittautuminen voidaan [&hellip;]\" \/>\n<meta property=\"og:url\" content=\"https:\/\/help.jamk.fi\/peppi-ohjeet-henkilokunnalle\/fi\/vuosisuunnittelu\/yksittaisen-opintojakson-toteutuksen-tallennus\/\" \/>\n<meta property=\"og:site_name\" content=\"Peppi-ohjeet henkil\u00f6kunnalle\" \/>\n<meta property=\"article:modified_time\" content=\"2023-11-16T07:33:00+00:00\" \/>\n<meta property=\"og:image\" content=\"https:\/\/help.jamk.fi\/peppi-ohjeet-henkilokunnalle\/wp-content\/uploads\/sites\/131\/2023\/11\/tot_1.jpg\" \/>\n<meta name=\"twitter:card\" content=\"summary_large_image\" \/>\n<meta name=\"twitter:label1\" content=\"Arvioitu lukuaika\" \/>\n\t<meta name=\"twitter:data1\" content=\"1 minuutti\" \/>\n<script type=\"application\/ld+json\" class=\"yoast-schema-graph\">{\"@context\":\"https:\\\/\\\/schema.org\",\"@graph\":[{\"@type\":\"WebPage\",\"@id\":\"https:\\\/\\\/help.jamk.fi\\\/peppi-ohjeet-henkilokunnalle\\\/fi\\\/vuosisuunnittelu\\\/yksittaisen-opintojakson-toteutuksen-tallennus\\\/\",\"url\":\"https:\\\/\\\/help.jamk.fi\\\/peppi-ohjeet-henkilokunnalle\\\/fi\\\/vuosisuunnittelu\\\/yksittaisen-opintojakson-toteutuksen-tallennus\\\/\",\"name\":\"Yksitt\u00e4isen opintojakson toteutuksen tallennus - Peppi-ohjeet henkil\u00f6kunnalle\",\"isPartOf\":{\"@id\":\"https:\\\/\\\/help.jamk.fi\\\/peppi-ohjeet-henkilokunnalle\\\/#website\"},\"primaryImageOfPage\":{\"@id\":\"https:\\\/\\\/help.jamk.fi\\\/peppi-ohjeet-henkilokunnalle\\\/fi\\\/vuosisuunnittelu\\\/yksittaisen-opintojakson-toteutuksen-tallennus\\\/#primaryimage\"},\"image\":{\"@id\":\"https:\\\/\\\/help.jamk.fi\\\/peppi-ohjeet-henkilokunnalle\\\/fi\\\/vuosisuunnittelu\\\/yksittaisen-opintojakson-toteutuksen-tallennus\\\/#primaryimage\"},\"thumbnailUrl\":\"https:\\\/\\\/help.jamk.fi\\\/peppi-ohjeet-henkilokunnalle\\\/wp-content\\\/uploads\\\/sites\\\/131\\\/2023\\\/11\\\/tot_1.jpg\",\"datePublished\":\"2019-11-25T04:24:38+00:00\",\"dateModified\":\"2023-11-16T07:33:00+00:00\",\"breadcrumb\":{\"@id\":\"https:\\\/\\\/help.jamk.fi\\\/peppi-ohjeet-henkilokunnalle\\\/fi\\\/vuosisuunnittelu\\\/yksittaisen-opintojakson-toteutuksen-tallennus\\\/#breadcrumb\"},\"inLanguage\":\"fi\",\"potentialAction\":[{\"@type\":\"ReadAction\",\"target\":[\"https:\\\/\\\/help.jamk.fi\\\/peppi-ohjeet-henkilokunnalle\\\/fi\\\/vuosisuunnittelu\\\/yksittaisen-opintojakson-toteutuksen-tallennus\\\/\"]}]},{\"@type\":\"ImageObject\",\"inLanguage\":\"fi\",\"@id\":\"https:\\\/\\\/help.jamk.fi\\\/peppi-ohjeet-henkilokunnalle\\\/fi\\\/vuosisuunnittelu\\\/yksittaisen-opintojakson-toteutuksen-tallennus\\\/#primaryimage\",\"url\":\"https:\\\/\\\/help.jamk.fi\\\/peppi-ohjeet-henkilokunnalle\\\/wp-content\\\/uploads\\\/sites\\\/131\\\/2023\\\/11\\\/tot_1.jpg\",\"contentUrl\":\"https:\\\/\\\/help.jamk.fi\\\/peppi-ohjeet-henkilokunnalle\\\/wp-content\\\/uploads\\\/sites\\\/131\\\/2023\\\/11\\\/tot_1.jpg\",\"width\":1190,\"height\":576},{\"@type\":\"BreadcrumbList\",\"@id\":\"https:\\\/\\\/help.jamk.fi\\\/peppi-ohjeet-henkilokunnalle\\\/fi\\\/vuosisuunnittelu\\\/yksittaisen-opintojakson-toteutuksen-tallennus\\\/#breadcrumb\",\"itemListElement\":[{\"@type\":\"ListItem\",\"position\":1,\"name\":\"Home\",\"item\":\"https:\\\/\\\/help.jamk.fi\\\/peppi-ohjeet-henkilokunnalle\\\/en\\\/\"},{\"@type\":\"ListItem\",\"position\":2,\"name\":\"Vuosisuunnittelu\",\"item\":\"https:\\\/\\\/help.jamk.fi\\\/peppi-ohjeet-henkilokunnalle\\\/fi\\\/vuosisuunnittelu\\\/\"},{\"@type\":\"ListItem\",\"position\":3,\"name\":\"Yksitt\u00e4isen opintojakson toteutuksen tallennus\"}]},{\"@type\":\"WebSite\",\"@id\":\"https:\\\/\\\/help.jamk.fi\\\/peppi-ohjeet-henkilokunnalle\\\/#website\",\"url\":\"https:\\\/\\\/help.jamk.fi\\\/peppi-ohjeet-henkilokunnalle\\\/\",\"name\":\"Peppi-ohjeet henkil\u00f6kunnalle\",\"description\":\"\",\"potentialAction\":[{\"@type\":\"SearchAction\",\"target\":{\"@type\":\"EntryPoint\",\"urlTemplate\":\"https:\\\/\\\/help.jamk.fi\\\/peppi-ohjeet-henkilokunnalle\\\/?s={search_term_string}\"},\"query-input\":{\"@type\":\"PropertyValueSpecification\",\"valueRequired\":true,\"valueName\":\"search_term_string\"}}],\"inLanguage\":\"fi\"}]}<\/script>\n<!-- \/ Yoast SEO plugin. -->","yoast_head_json":{"title":"Yksitt\u00e4isen opintojakson toteutuksen tallennus - Peppi-ohjeet henkil\u00f6kunnalle","robots":{"index":"index","follow":"follow","max-snippet":"max-snippet:-1","max-image-preview":"max-image-preview:large","max-video-preview":"max-video-preview:-1"},"canonical":"https:\/\/help.jamk.fi\/peppi-ohjeet-henkilokunnalle\/fi\/vuosisuunnittelu\/yksittaisen-opintojakson-toteutuksen-tallennus\/","og_locale":"fi_FI","og_type":"article","og_title":"Yksitt\u00e4isen opintojakson toteutuksen tallennus - Peppi-ohjeet henkil\u00f6kunnalle","og_description":"Kun opintojaksosta ei ole toteutusta (laatikko ajoitussarakkeissa on valkea \u2013 kuvassa ympyr\u00f6ity punaisella), niin ajoitussarakkeessa n\u00e4kyv\u00e4n valkean laatikon valinta luo toteutuksen. Valitse laatikko \u2013 avautuu ikkuna, jossa voit tarvittaessa muuttaa toteutuksen ajoitusta vihre\u00e4\u00e4 ajoituspalkkia raahaamalla ja luoda sitten uuden toteutuksen \u201cLuo toteutus\u201d -painikkeella. Huom. Nonstop-toteutuksen ajoitukset voidaan asettaa esim. koko lukuvuodeksi kerrallaan ja ilmoittautuminen voidaan [&hellip;]","og_url":"https:\/\/help.jamk.fi\/peppi-ohjeet-henkilokunnalle\/fi\/vuosisuunnittelu\/yksittaisen-opintojakson-toteutuksen-tallennus\/","og_site_name":"Peppi-ohjeet henkil\u00f6kunnalle","article_modified_time":"2023-11-16T07:33:00+00:00","og_image":[{"url":"https:\/\/help.jamk.fi\/peppi-ohjeet-henkilokunnalle\/wp-content\/uploads\/sites\/131\/2023\/11\/tot_1.jpg","type":"","width":"","height":""}],"twitter_card":"summary_large_image","twitter_misc":{"Arvioitu lukuaika":"1 minuutti"},"schema":{"@context":"https:\/\/schema.org","@graph":[{"@type":"WebPage","@id":"https:\/\/help.jamk.fi\/peppi-ohjeet-henkilokunnalle\/fi\/vuosisuunnittelu\/yksittaisen-opintojakson-toteutuksen-tallennus\/","url":"https:\/\/help.jamk.fi\/peppi-ohjeet-henkilokunnalle\/fi\/vuosisuunnittelu\/yksittaisen-opintojakson-toteutuksen-tallennus\/","name":"Yksitt\u00e4isen opintojakson toteutuksen tallennus - Peppi-ohjeet henkil\u00f6kunnalle","isPartOf":{"@id":"https:\/\/help.jamk.fi\/peppi-ohjeet-henkilokunnalle\/#website"},"primaryImageOfPage":{"@id":"https:\/\/help.jamk.fi\/peppi-ohjeet-henkilokunnalle\/fi\/vuosisuunnittelu\/yksittaisen-opintojakson-toteutuksen-tallennus\/#primaryimage"},"image":{"@id":"https:\/\/help.jamk.fi\/peppi-ohjeet-henkilokunnalle\/fi\/vuosisuunnittelu\/yksittaisen-opintojakson-toteutuksen-tallennus\/#primaryimage"},"thumbnailUrl":"https:\/\/help.jamk.fi\/peppi-ohjeet-henkilokunnalle\/wp-content\/uploads\/sites\/131\/2023\/11\/tot_1.jpg","datePublished":"2019-11-25T04:24:38+00:00","dateModified":"2023-11-16T07:33:00+00:00","breadcrumb":{"@id":"https:\/\/help.jamk.fi\/peppi-ohjeet-henkilokunnalle\/fi\/vuosisuunnittelu\/yksittaisen-opintojakson-toteutuksen-tallennus\/#breadcrumb"},"inLanguage":"fi","potentialAction":[{"@type":"ReadAction","target":["https:\/\/help.jamk.fi\/peppi-ohjeet-henkilokunnalle\/fi\/vuosisuunnittelu\/yksittaisen-opintojakson-toteutuksen-tallennus\/"]}]},{"@type":"ImageObject","inLanguage":"fi","@id":"https:\/\/help.jamk.fi\/peppi-ohjeet-henkilokunnalle\/fi\/vuosisuunnittelu\/yksittaisen-opintojakson-toteutuksen-tallennus\/#primaryimage","url":"https:\/\/help.jamk.fi\/peppi-ohjeet-henkilokunnalle\/wp-content\/uploads\/sites\/131\/2023\/11\/tot_1.jpg","contentUrl":"https:\/\/help.jamk.fi\/peppi-ohjeet-henkilokunnalle\/wp-content\/uploads\/sites\/131\/2023\/11\/tot_1.jpg","width":1190,"height":576},{"@type":"BreadcrumbList","@id":"https:\/\/help.jamk.fi\/peppi-ohjeet-henkilokunnalle\/fi\/vuosisuunnittelu\/yksittaisen-opintojakson-toteutuksen-tallennus\/#breadcrumb","itemListElement":[{"@type":"ListItem","position":1,"name":"Home","item":"https:\/\/help.jamk.fi\/peppi-ohjeet-henkilokunnalle\/en\/"},{"@type":"ListItem","position":2,"name":"Vuosisuunnittelu","item":"https:\/\/help.jamk.fi\/peppi-ohjeet-henkilokunnalle\/fi\/vuosisuunnittelu\/"},{"@type":"ListItem","position":3,"name":"Yksitt\u00e4isen opintojakson toteutuksen tallennus"}]},{"@type":"WebSite","@id":"https:\/\/help.jamk.fi\/peppi-ohjeet-henkilokunnalle\/#website","url":"https:\/\/help.jamk.fi\/peppi-ohjeet-henkilokunnalle\/","name":"Peppi-ohjeet henkil\u00f6kunnalle","description":"","potentialAction":[{"@type":"SearchAction","target":{"@type":"EntryPoint","urlTemplate":"https:\/\/help.jamk.fi\/peppi-ohjeet-henkilokunnalle\/?s={search_term_string}"},"query-input":{"@type":"PropertyValueSpecification","valueRequired":true,"valueName":"search_term_string"}}],"inLanguage":"fi"}]}},"_links":{"self":[{"href":"https:\/\/help.jamk.fi\/peppi-ohjeet-henkilokunnalle\/wp-json\/wp\/v2\/pages\/4532","targetHints":{"allow":["GET"]}}],"collection":[{"href":"https:\/\/help.jamk.fi\/peppi-ohjeet-henkilokunnalle\/wp-json\/wp\/v2\/pages"}],"about":[{"href":"https:\/\/help.jamk.fi\/peppi-ohjeet-henkilokunnalle\/wp-json\/wp\/v2\/types\/page"}],"author":[{"embeddable":true,"href":"https:\/\/help.jamk.fi\/peppi-ohjeet-henkilokunnalle\/wp-json\/wp\/v2\/users\/78"}],"replies":[{"embeddable":true,"href":"https:\/\/help.jamk.fi\/peppi-ohjeet-henkilokunnalle\/wp-json\/wp\/v2\/comments?post=4532"}],"version-history":[{"count":2,"href":"https:\/\/help.jamk.fi\/peppi-ohjeet-henkilokunnalle\/wp-json\/wp\/v2\/pages\/4532\/revisions"}],"predecessor-version":[{"id":5554,"href":"https:\/\/help.jamk.fi\/peppi-ohjeet-henkilokunnalle\/wp-json\/wp\/v2\/pages\/4532\/revisions\/5554"}],"up":[{"embeddable":true,"href":"https:\/\/help.jamk.fi\/peppi-ohjeet-henkilokunnalle\/wp-json\/wp\/v2\/pages\/4522"}],"wp:attachment":[{"href":"https:\/\/help.jamk.fi\/peppi-ohjeet-henkilokunnalle\/wp-json\/wp\/v2\/media?parent=4532"}],"wp:term":[{"taxonomy":"category","embeddable":true,"href":"https:\/\/help.jamk.fi\/peppi-ohjeet-henkilokunnalle\/wp-json\/wp\/v2\/categories?post=4532"},{"taxonomy":"post_tag","embeddable":true,"href":"https:\/\/help.jamk.fi\/peppi-ohjeet-henkilokunnalle\/wp-json\/wp\/v2\/tags?post=4532"}],"curies":[{"name":"wp","href":"https:\/\/api.w.org\/{rel}","templated":true}]}}