{"id":4533,"date":"2019-11-25T08:03:30","date_gmt":"2019-11-25T06:03:30","guid":{"rendered":"https:\/\/help.jamk.fi\/peppi-ohjeet-henkilokunnalle\/vuosisuunnittelu\/toteutussuunnitelmat-vuosisuunnittelun-kautta\/"},"modified":"2024-01-19T14:59:46","modified_gmt":"2024-01-19T12:59:46","slug":"toteutussuunnitelmat-vuosisuunnittelun-kautta","status":"publish","type":"page","link":"https:\/\/help.jamk.fi\/peppi-ohjeet-henkilokunnalle\/fi\/vuosisuunnittelu\/toteutussuunnitelmat-vuosisuunnittelun-kautta\/","title":{"rendered":"Toteutussuunnitelmat vuosisuunnittelun kautta"},"content":{"rendered":"\n<h2 class=\"wp-block-heading\" id=\"vuosisuunnittelu\">Toteutussuunnitelmat vuosisuunnittelun kautta<\/h2>\n\n\n\n<p>Ryhm\u00e4n OPS:n lataaminen ty\u00f6skentelyn pohjaksi<\/p>\n\n\n\n<ul class=\"wp-block-list\">\n<li>valitse Ryhm\u00e4t-v\u00e4lilehti<\/li>\n\n\n\n<li>voit valita ryhm\u00e4n OPS:n klikkaamalla Ryhm\u00e4-kentt\u00e4\u00e4 ja valitsemalla listasta sopivan ryhm\u00e4tunnuksen valikossa n\u00e4ytet\u00e4\u00e4n oletusarvoisesti yksikk\u00f6\u00f6n liitetyt ryhm\u00e4t,<\/li>\n\n\n\n<li>Ryhm\u00e4-valikossa voi hakea mink\u00e4 tahansa ryhm\u00e4n; kirjoita Ryhm\u00e4-kent\u00e4ss\u00e4 ryhm\u00e4n tunnuksen ensimm\u00e4isi\u00e4 merkkej\u00e4 \u2013 valintalistalle tulevat hakuehtojen mukaiset ryhm\u00e4t,<\/li>\n\n\n\n<li>saat valitun ryhm\u00e4n OPS:n n\u00e4kyviin valitsemalla Lataa ryhm\u00e4n koulutus -painiketta<\/li>\n<\/ul>\n\n\n\n<p>\u201cValitse lukukausi\u201d<\/p>\n\n\n\n<p>Voit valita lukuvuosi\/ -kausiv\u00e4lin, jota tarkastelet. Aikav\u00e4lin minimiaikav\u00e4li on yksi lukukausi. &nbsp;Aikav\u00e4lin maksimiaikav\u00e4li on j\u00e4rjestelm\u00e4\u00e4n tallennettujen lukuvuosien minimi ja maksimi.<\/p>\n\n\n\n<ul class=\"wp-block-list\">\n<li>Ryhm\u00e4t n\u00e4kym\u00e4ss\u00e4 mielek\u00e4s valinta maksimiaikav\u00e4liksi lienee ryhm\u00e4n ensimm\u00e4inen ja viimeinen lukukausi,<\/li>\n\n\n\n<li>aikav\u00e4livalinta ei v\u00e4lit\u00e4 vaikka valitset \u201cvirheellisen\u201d aikav\u00e4lin \u2013 &nbsp;ensimm\u00e4inen lukukausi on my\u00f6hempi kuin viimeinen lukukausi,<\/li>\n\n\n\n<li>huomaa, ett\u00e4 voit valita my\u00f6s esim. 4 vuotta lukukausi-v\u00e4liksi, jotta n\u00e4et my\u00f6s jo tarjotut toteutukset ja tulevaisuuteen ryhm\u00e4lle suunnitellut toteutukset.<\/li>\n<\/ul>\n\n\n\n<p>\u201cLataa ryhm\u00e4n koulutus\u201d<\/p>\n\n\n\n<ul class=\"wp-block-list\">\n<li>Ryhm\u00e4n valinnan j\u00e4lkeen, ryhm\u00e4n OPS:a on ladattava n\u00e4kym\u00e4\u00e4n \u201cLataa ryhm\u00e4n koulutus\u201d-napista,<\/li>\n\n\n\n<li>jos muutat lukukausiv\u00e4li\u00e4, niin sinun on painettava uudelleen<strong>&nbsp;Lataa ryhm\u00e4n koulutus<\/strong> -nappia.<\/li>\n<\/ul>\n\n\n\n<p><\/p>\n","protected":false},"excerpt":{"rendered":"<p>Toteutussuunnitelmat vuosisuunnittelun kautta Ryhm\u00e4n OPS:n lataaminen ty\u00f6skentelyn pohjaksi \u201cValitse lukukausi\u201d Voit valita lukuvuosi\/ -kausiv\u00e4lin, jota tarkastelet. Aikav\u00e4lin minimiaikav\u00e4li on yksi lukukausi. &nbsp;Aikav\u00e4lin maksimiaikav\u00e4li on j\u00e4rjestelm\u00e4\u00e4n tallennettujen lukuvuosien minimi ja maksimi. \u201cLataa ryhm\u00e4n koulutus\u201d<\/p>\n","protected":false},"author":78,"featured_media":0,"parent":4522,"menu_order":3,"comment_status":"closed","ping_status":"open","template":"","meta":{"_acf_changed":false,"_relevanssi_hide_post":"","_relevanssi_hide_content":"","_relevanssi_pin_for_all":"","_relevanssi_pin_keywords":"","_relevanssi_unpin_keywords":"","_relevanssi_related_keywords":"","_relevanssi_related_include_ids":"","_relevanssi_related_exclude_ids":"","_relevanssi_related_no_append":"","_relevanssi_related_not_related":"","_relevanssi_related_posts":"","_relevanssi_noindex_reason":"","footnotes":""},"categories":[1],"tags":[],"class_list":["post-4533","page","type-page","status-publish","hentry","category-uncategorised"],"acf":[],"yoast_head":"<!-- This site is optimized with the Yoast SEO plugin v27.3 - https:\/\/yoast.com\/product\/yoast-seo-wordpress\/ -->\n<title>Toteutussuunnitelmat vuosisuunnittelun kautta - Peppi-ohjeet henkil\u00f6kunnalle<\/title>\n<meta name=\"robots\" content=\"index, follow, max-snippet:-1, max-image-preview:large, max-video-preview:-1\" \/>\n<link rel=\"canonical\" href=\"https:\/\/help.jamk.fi\/peppi-ohjeet-henkilokunnalle\/fi\/vuosisuunnittelu\/toteutussuunnitelmat-vuosisuunnittelun-kautta\/\" \/>\n<meta property=\"og:locale\" content=\"fi_FI\" \/>\n<meta property=\"og:type\" content=\"article\" \/>\n<meta property=\"og:title\" content=\"Toteutussuunnitelmat vuosisuunnittelun kautta - Peppi-ohjeet henkil\u00f6kunnalle\" \/>\n<meta property=\"og:description\" content=\"Toteutussuunnitelmat vuosisuunnittelun kautta Ryhm\u00e4n OPS:n lataaminen ty\u00f6skentelyn pohjaksi \u201cValitse lukukausi\u201d Voit valita lukuvuosi\/ -kausiv\u00e4lin, jota tarkastelet. Aikav\u00e4lin minimiaikav\u00e4li on yksi lukukausi. &nbsp;Aikav\u00e4lin maksimiaikav\u00e4li on j\u00e4rjestelm\u00e4\u00e4n tallennettujen lukuvuosien minimi ja maksimi. \u201cLataa ryhm\u00e4n koulutus\u201d\" \/>\n<meta property=\"og:url\" content=\"https:\/\/help.jamk.fi\/peppi-ohjeet-henkilokunnalle\/fi\/vuosisuunnittelu\/toteutussuunnitelmat-vuosisuunnittelun-kautta\/\" \/>\n<meta property=\"og:site_name\" content=\"Peppi-ohjeet henkil\u00f6kunnalle\" \/>\n<meta property=\"article:modified_time\" content=\"2024-01-19T12:59:46+00:00\" \/>\n<meta name=\"twitter:card\" content=\"summary_large_image\" \/>\n<meta name=\"twitter:label1\" content=\"Arvioitu lukuaika\" \/>\n\t<meta name=\"twitter:data1\" content=\"1 minuutti\" \/>\n<script type=\"application\/ld+json\" class=\"yoast-schema-graph\">{\"@context\":\"https:\\\/\\\/schema.org\",\"@graph\":[{\"@type\":\"WebPage\",\"@id\":\"https:\\\/\\\/help.jamk.fi\\\/peppi-ohjeet-henkilokunnalle\\\/fi\\\/vuosisuunnittelu\\\/toteutussuunnitelmat-vuosisuunnittelun-kautta\\\/\",\"url\":\"https:\\\/\\\/help.jamk.fi\\\/peppi-ohjeet-henkilokunnalle\\\/fi\\\/vuosisuunnittelu\\\/toteutussuunnitelmat-vuosisuunnittelun-kautta\\\/\",\"name\":\"Toteutussuunnitelmat vuosisuunnittelun kautta - Peppi-ohjeet henkil\u00f6kunnalle\",\"isPartOf\":{\"@id\":\"https:\\\/\\\/help.jamk.fi\\\/peppi-ohjeet-henkilokunnalle\\\/#website\"},\"datePublished\":\"2019-11-25T06:03:30+00:00\",\"dateModified\":\"2024-01-19T12:59:46+00:00\",\"breadcrumb\":{\"@id\":\"https:\\\/\\\/help.jamk.fi\\\/peppi-ohjeet-henkilokunnalle\\\/fi\\\/vuosisuunnittelu\\\/toteutussuunnitelmat-vuosisuunnittelun-kautta\\\/#breadcrumb\"},\"inLanguage\":\"fi\",\"potentialAction\":[{\"@type\":\"ReadAction\",\"target\":[\"https:\\\/\\\/help.jamk.fi\\\/peppi-ohjeet-henkilokunnalle\\\/fi\\\/vuosisuunnittelu\\\/toteutussuunnitelmat-vuosisuunnittelun-kautta\\\/\"]}]},{\"@type\":\"BreadcrumbList\",\"@id\":\"https:\\\/\\\/help.jamk.fi\\\/peppi-ohjeet-henkilokunnalle\\\/fi\\\/vuosisuunnittelu\\\/toteutussuunnitelmat-vuosisuunnittelun-kautta\\\/#breadcrumb\",\"itemListElement\":[{\"@type\":\"ListItem\",\"position\":1,\"name\":\"Home\",\"item\":\"https:\\\/\\\/help.jamk.fi\\\/peppi-ohjeet-henkilokunnalle\\\/en\\\/\"},{\"@type\":\"ListItem\",\"position\":2,\"name\":\"Vuosisuunnittelu\",\"item\":\"https:\\\/\\\/help.jamk.fi\\\/peppi-ohjeet-henkilokunnalle\\\/fi\\\/vuosisuunnittelu\\\/\"},{\"@type\":\"ListItem\",\"position\":3,\"name\":\"Toteutussuunnitelmat vuosisuunnittelun kautta\"}]},{\"@type\":\"WebSite\",\"@id\":\"https:\\\/\\\/help.jamk.fi\\\/peppi-ohjeet-henkilokunnalle\\\/#website\",\"url\":\"https:\\\/\\\/help.jamk.fi\\\/peppi-ohjeet-henkilokunnalle\\\/\",\"name\":\"Peppi-ohjeet henkil\u00f6kunnalle\",\"description\":\"\",\"potentialAction\":[{\"@type\":\"SearchAction\",\"target\":{\"@type\":\"EntryPoint\",\"urlTemplate\":\"https:\\\/\\\/help.jamk.fi\\\/peppi-ohjeet-henkilokunnalle\\\/?s={search_term_string}\"},\"query-input\":{\"@type\":\"PropertyValueSpecification\",\"valueRequired\":true,\"valueName\":\"search_term_string\"}}],\"inLanguage\":\"fi\"}]}<\/script>\n<!-- \/ Yoast SEO plugin. -->","yoast_head_json":{"title":"Toteutussuunnitelmat vuosisuunnittelun kautta - Peppi-ohjeet henkil\u00f6kunnalle","robots":{"index":"index","follow":"follow","max-snippet":"max-snippet:-1","max-image-preview":"max-image-preview:large","max-video-preview":"max-video-preview:-1"},"canonical":"https:\/\/help.jamk.fi\/peppi-ohjeet-henkilokunnalle\/fi\/vuosisuunnittelu\/toteutussuunnitelmat-vuosisuunnittelun-kautta\/","og_locale":"fi_FI","og_type":"article","og_title":"Toteutussuunnitelmat vuosisuunnittelun kautta - Peppi-ohjeet henkil\u00f6kunnalle","og_description":"Toteutussuunnitelmat vuosisuunnittelun kautta Ryhm\u00e4n OPS:n lataaminen ty\u00f6skentelyn pohjaksi \u201cValitse lukukausi\u201d Voit valita lukuvuosi\/ -kausiv\u00e4lin, jota tarkastelet. Aikav\u00e4lin minimiaikav\u00e4li on yksi lukukausi. &nbsp;Aikav\u00e4lin maksimiaikav\u00e4li on j\u00e4rjestelm\u00e4\u00e4n tallennettujen lukuvuosien minimi ja maksimi. \u201cLataa ryhm\u00e4n koulutus\u201d","og_url":"https:\/\/help.jamk.fi\/peppi-ohjeet-henkilokunnalle\/fi\/vuosisuunnittelu\/toteutussuunnitelmat-vuosisuunnittelun-kautta\/","og_site_name":"Peppi-ohjeet henkil\u00f6kunnalle","article_modified_time":"2024-01-19T12:59:46+00:00","twitter_card":"summary_large_image","twitter_misc":{"Arvioitu lukuaika":"1 minuutti"},"schema":{"@context":"https:\/\/schema.org","@graph":[{"@type":"WebPage","@id":"https:\/\/help.jamk.fi\/peppi-ohjeet-henkilokunnalle\/fi\/vuosisuunnittelu\/toteutussuunnitelmat-vuosisuunnittelun-kautta\/","url":"https:\/\/help.jamk.fi\/peppi-ohjeet-henkilokunnalle\/fi\/vuosisuunnittelu\/toteutussuunnitelmat-vuosisuunnittelun-kautta\/","name":"Toteutussuunnitelmat vuosisuunnittelun kautta - Peppi-ohjeet henkil\u00f6kunnalle","isPartOf":{"@id":"https:\/\/help.jamk.fi\/peppi-ohjeet-henkilokunnalle\/#website"},"datePublished":"2019-11-25T06:03:30+00:00","dateModified":"2024-01-19T12:59:46+00:00","breadcrumb":{"@id":"https:\/\/help.jamk.fi\/peppi-ohjeet-henkilokunnalle\/fi\/vuosisuunnittelu\/toteutussuunnitelmat-vuosisuunnittelun-kautta\/#breadcrumb"},"inLanguage":"fi","potentialAction":[{"@type":"ReadAction","target":["https:\/\/help.jamk.fi\/peppi-ohjeet-henkilokunnalle\/fi\/vuosisuunnittelu\/toteutussuunnitelmat-vuosisuunnittelun-kautta\/"]}]},{"@type":"BreadcrumbList","@id":"https:\/\/help.jamk.fi\/peppi-ohjeet-henkilokunnalle\/fi\/vuosisuunnittelu\/toteutussuunnitelmat-vuosisuunnittelun-kautta\/#breadcrumb","itemListElement":[{"@type":"ListItem","position":1,"name":"Home","item":"https:\/\/help.jamk.fi\/peppi-ohjeet-henkilokunnalle\/en\/"},{"@type":"ListItem","position":2,"name":"Vuosisuunnittelu","item":"https:\/\/help.jamk.fi\/peppi-ohjeet-henkilokunnalle\/fi\/vuosisuunnittelu\/"},{"@type":"ListItem","position":3,"name":"Toteutussuunnitelmat vuosisuunnittelun kautta"}]},{"@type":"WebSite","@id":"https:\/\/help.jamk.fi\/peppi-ohjeet-henkilokunnalle\/#website","url":"https:\/\/help.jamk.fi\/peppi-ohjeet-henkilokunnalle\/","name":"Peppi-ohjeet henkil\u00f6kunnalle","description":"","potentialAction":[{"@type":"SearchAction","target":{"@type":"EntryPoint","urlTemplate":"https:\/\/help.jamk.fi\/peppi-ohjeet-henkilokunnalle\/?s={search_term_string}"},"query-input":{"@type":"PropertyValueSpecification","valueRequired":true,"valueName":"search_term_string"}}],"inLanguage":"fi"}]}},"_links":{"self":[{"href":"https:\/\/help.jamk.fi\/peppi-ohjeet-henkilokunnalle\/wp-json\/wp\/v2\/pages\/4533","targetHints":{"allow":["GET"]}}],"collection":[{"href":"https:\/\/help.jamk.fi\/peppi-ohjeet-henkilokunnalle\/wp-json\/wp\/v2\/pages"}],"about":[{"href":"https:\/\/help.jamk.fi\/peppi-ohjeet-henkilokunnalle\/wp-json\/wp\/v2\/types\/page"}],"author":[{"embeddable":true,"href":"https:\/\/help.jamk.fi\/peppi-ohjeet-henkilokunnalle\/wp-json\/wp\/v2\/users\/78"}],"replies":[{"embeddable":true,"href":"https:\/\/help.jamk.fi\/peppi-ohjeet-henkilokunnalle\/wp-json\/wp\/v2\/comments?post=4533"}],"version-history":[{"count":4,"href":"https:\/\/help.jamk.fi\/peppi-ohjeet-henkilokunnalle\/wp-json\/wp\/v2\/pages\/4533\/revisions"}],"predecessor-version":[{"id":6314,"href":"https:\/\/help.jamk.fi\/peppi-ohjeet-henkilokunnalle\/wp-json\/wp\/v2\/pages\/4533\/revisions\/6314"}],"up":[{"embeddable":true,"href":"https:\/\/help.jamk.fi\/peppi-ohjeet-henkilokunnalle\/wp-json\/wp\/v2\/pages\/4522"}],"wp:attachment":[{"href":"https:\/\/help.jamk.fi\/peppi-ohjeet-henkilokunnalle\/wp-json\/wp\/v2\/media?parent=4533"}],"wp:term":[{"taxonomy":"category","embeddable":true,"href":"https:\/\/help.jamk.fi\/peppi-ohjeet-henkilokunnalle\/wp-json\/wp\/v2\/categories?post=4533"},{"taxonomy":"post_tag","embeddable":true,"href":"https:\/\/help.jamk.fi\/peppi-ohjeet-henkilokunnalle\/wp-json\/wp\/v2\/tags?post=4533"}],"curies":[{"name":"wp","href":"https:\/\/api.w.org\/{rel}","templated":true}]}}