{"id":4534,"date":"2019-11-25T07:57:16","date_gmt":"2019-11-25T05:57:16","guid":{"rendered":"https:\/\/help.jamk.fi\/peppi-ohjeet-henkilokunnalle\/vuosisuunnittelu\/ryhman-opintojaksojen-ja-toteutusten-tarkastelu\/"},"modified":"2024-01-19T15:51:39","modified_gmt":"2024-01-19T13:51:39","slug":"ryhman-opintojaksojen-ja-toteutusten-tarkastelu","status":"publish","type":"page","link":"https:\/\/help.jamk.fi\/peppi-ohjeet-henkilokunnalle\/fi\/vuosisuunnittelu\/ryhman-opintojaksojen-ja-toteutusten-tarkastelu\/","title":{"rendered":"Ryhm\u00e4n opintojaksojen ja toteutusten tarkastelu"},"content":{"rendered":"\n<p>N\u00e4kym\u00e4n rivein\u00e4 n\u00e4kyv\u00e4t kaikki ryhm\u00e4\u00e4n liitetyn OPS:n opintokokonaisuudet ja opintojaksot. Jos ryhm\u00e4lle on liitetty useita OPS:ja, niin Ryhm\u00e4-n\u00e4kym\u00e4ss\u00e4 on valittava n\u00e4ytett\u00e4v\u00e4n OPS:n sis\u00e4lt\u00f6.<\/p>\n\n\n\n<p>Jos OPS:ssa m\u00e4\u00e4ritelty opintojakson ajoitus osuu valituille lukukausille niin ajoitus n\u00e4kyy palkkina:<\/p>\n\n\n\n<ul class=\"wp-block-list\">\n<li>valkoinen palkki kertoo, ett\u00e4 ko. jaksolle ei ole viel\u00e4 perustettu toteutusta,<\/li>\n\n\n\n<li>vihre\u00e4 palkki kertoo, ett\u00e4 toteutus on perustettu ja se on julkaistu tilassa<\/li>\n\n\n\n<li>harmaa palkki kertoo, ett\u00e4 ko. jaksolle on perustettu toteutus ja se on luonnos tilassa (ei viel\u00e4 valittu, \u2018N\u00e4yt\u00e4 opettajalle\u2019)<\/li>\n\n\n\n<li>keltainen palkki kertoo, ett\u00e4 ko. jaksolle on perustettu toteutus ja se on ehdotus tilassa. Valittu n\u00e4yt\u00e4 opettajalle<\/li>\n\n\n\n<li>punainen kysymysmerkki -ikoni kertoo, ett\u00e4 opintojaksolle ei ole ajoitussuunnitelmassa m\u00e4\u00e4ritelty suunniteltua ajoitusta,<\/li>\n\n\n\n<li>punainen palkki kertoo, ett\u00e4 toteutus on peruttu.<\/li>\n<\/ul>\n","protected":false},"excerpt":{"rendered":"<p>N\u00e4kym\u00e4n rivein\u00e4 n\u00e4kyv\u00e4t kaikki ryhm\u00e4\u00e4n liitetyn OPS:n opintokokonaisuudet ja opintojaksot. Jos ryhm\u00e4lle on liitetty useita OPS:ja, niin Ryhm\u00e4-n\u00e4kym\u00e4ss\u00e4 on valittava n\u00e4ytett\u00e4v\u00e4n OPS:n sis\u00e4lt\u00f6. Jos OPS:ssa m\u00e4\u00e4ritelty opintojakson ajoitus osuu valituille lukukausille niin ajoitus n\u00e4kyy palkkina:<\/p>\n","protected":false},"author":78,"featured_media":0,"parent":4522,"menu_order":4,"comment_status":"closed","ping_status":"open","template":"","meta":{"_acf_changed":false,"_relevanssi_hide_post":"","_relevanssi_hide_content":"","_relevanssi_pin_for_all":"","_relevanssi_pin_keywords":"","_relevanssi_unpin_keywords":"","_relevanssi_related_keywords":"","_relevanssi_related_include_ids":"","_relevanssi_related_exclude_ids":"","_relevanssi_related_no_append":"","_relevanssi_related_not_related":"","_relevanssi_related_posts":"","_relevanssi_noindex_reason":"","footnotes":""},"categories":[1],"tags":[],"class_list":["post-4534","page","type-page","status-publish","hentry","category-uncategorised"],"acf":[],"yoast_head":"<!-- This site is optimized with the Yoast SEO plugin v27.4 - https:\/\/yoast.com\/product\/yoast-seo-wordpress\/ -->\n<title>Ryhm\u00e4n opintojaksojen ja toteutusten tarkastelu - Peppi-ohjeet henkil\u00f6kunnalle<\/title>\n<meta name=\"robots\" content=\"index, follow, max-snippet:-1, max-image-preview:large, max-video-preview:-1\" \/>\n<link rel=\"canonical\" href=\"https:\/\/help.jamk.fi\/peppi-ohjeet-henkilokunnalle\/fi\/vuosisuunnittelu\/ryhman-opintojaksojen-ja-toteutusten-tarkastelu\/\" \/>\n<meta property=\"og:locale\" content=\"fi_FI\" \/>\n<meta property=\"og:type\" content=\"article\" \/>\n<meta property=\"og:title\" content=\"Ryhm\u00e4n opintojaksojen ja toteutusten tarkastelu - Peppi-ohjeet henkil\u00f6kunnalle\" \/>\n<meta property=\"og:description\" content=\"N\u00e4kym\u00e4n rivein\u00e4 n\u00e4kyv\u00e4t kaikki ryhm\u00e4\u00e4n liitetyn OPS:n opintokokonaisuudet ja opintojaksot. Jos ryhm\u00e4lle on liitetty useita OPS:ja, niin Ryhm\u00e4-n\u00e4kym\u00e4ss\u00e4 on valittava n\u00e4ytett\u00e4v\u00e4n OPS:n sis\u00e4lt\u00f6. Jos OPS:ssa m\u00e4\u00e4ritelty opintojakson ajoitus osuu valituille lukukausille niin ajoitus n\u00e4kyy palkkina:\" \/>\n<meta property=\"og:url\" content=\"https:\/\/help.jamk.fi\/peppi-ohjeet-henkilokunnalle\/fi\/vuosisuunnittelu\/ryhman-opintojaksojen-ja-toteutusten-tarkastelu\/\" \/>\n<meta property=\"og:site_name\" content=\"Peppi-ohjeet henkil\u00f6kunnalle\" \/>\n<meta property=\"article:modified_time\" content=\"2024-01-19T13:51:39+00:00\" \/>\n<meta name=\"twitter:card\" content=\"summary_large_image\" \/>\n<meta name=\"twitter:label1\" content=\"Arvioitu lukuaika\" \/>\n\t<meta name=\"twitter:data1\" content=\"1 minuutti\" \/>\n<script type=\"application\/ld+json\" class=\"yoast-schema-graph\">{\"@context\":\"https:\\\/\\\/schema.org\",\"@graph\":[{\"@type\":\"WebPage\",\"@id\":\"https:\\\/\\\/help.jamk.fi\\\/peppi-ohjeet-henkilokunnalle\\\/fi\\\/vuosisuunnittelu\\\/ryhman-opintojaksojen-ja-toteutusten-tarkastelu\\\/\",\"url\":\"https:\\\/\\\/help.jamk.fi\\\/peppi-ohjeet-henkilokunnalle\\\/fi\\\/vuosisuunnittelu\\\/ryhman-opintojaksojen-ja-toteutusten-tarkastelu\\\/\",\"name\":\"Ryhm\u00e4n opintojaksojen ja toteutusten tarkastelu - Peppi-ohjeet henkil\u00f6kunnalle\",\"isPartOf\":{\"@id\":\"https:\\\/\\\/help.jamk.fi\\\/peppi-ohjeet-henkilokunnalle\\\/#website\"},\"datePublished\":\"2019-11-25T05:57:16+00:00\",\"dateModified\":\"2024-01-19T13:51:39+00:00\",\"breadcrumb\":{\"@id\":\"https:\\\/\\\/help.jamk.fi\\\/peppi-ohjeet-henkilokunnalle\\\/fi\\\/vuosisuunnittelu\\\/ryhman-opintojaksojen-ja-toteutusten-tarkastelu\\\/#breadcrumb\"},\"inLanguage\":\"fi\",\"potentialAction\":[{\"@type\":\"ReadAction\",\"target\":[\"https:\\\/\\\/help.jamk.fi\\\/peppi-ohjeet-henkilokunnalle\\\/fi\\\/vuosisuunnittelu\\\/ryhman-opintojaksojen-ja-toteutusten-tarkastelu\\\/\"]}]},{\"@type\":\"BreadcrumbList\",\"@id\":\"https:\\\/\\\/help.jamk.fi\\\/peppi-ohjeet-henkilokunnalle\\\/fi\\\/vuosisuunnittelu\\\/ryhman-opintojaksojen-ja-toteutusten-tarkastelu\\\/#breadcrumb\",\"itemListElement\":[{\"@type\":\"ListItem\",\"position\":1,\"name\":\"Home\",\"item\":\"https:\\\/\\\/help.jamk.fi\\\/peppi-ohjeet-henkilokunnalle\\\/en\\\/\"},{\"@type\":\"ListItem\",\"position\":2,\"name\":\"Vuosisuunnittelu\",\"item\":\"https:\\\/\\\/help.jamk.fi\\\/peppi-ohjeet-henkilokunnalle\\\/fi\\\/vuosisuunnittelu\\\/\"},{\"@type\":\"ListItem\",\"position\":3,\"name\":\"Ryhm\u00e4n opintojaksojen ja toteutusten tarkastelu\"}]},{\"@type\":\"WebSite\",\"@id\":\"https:\\\/\\\/help.jamk.fi\\\/peppi-ohjeet-henkilokunnalle\\\/#website\",\"url\":\"https:\\\/\\\/help.jamk.fi\\\/peppi-ohjeet-henkilokunnalle\\\/\",\"name\":\"Peppi-ohjeet henkil\u00f6kunnalle\",\"description\":\"\",\"potentialAction\":[{\"@type\":\"SearchAction\",\"target\":{\"@type\":\"EntryPoint\",\"urlTemplate\":\"https:\\\/\\\/help.jamk.fi\\\/peppi-ohjeet-henkilokunnalle\\\/?s={search_term_string}\"},\"query-input\":{\"@type\":\"PropertyValueSpecification\",\"valueRequired\":true,\"valueName\":\"search_term_string\"}}],\"inLanguage\":\"fi\"}]}<\/script>\n<!-- \/ Yoast SEO plugin. -->","yoast_head_json":{"title":"Ryhm\u00e4n opintojaksojen ja toteutusten tarkastelu - Peppi-ohjeet henkil\u00f6kunnalle","robots":{"index":"index","follow":"follow","max-snippet":"max-snippet:-1","max-image-preview":"max-image-preview:large","max-video-preview":"max-video-preview:-1"},"canonical":"https:\/\/help.jamk.fi\/peppi-ohjeet-henkilokunnalle\/fi\/vuosisuunnittelu\/ryhman-opintojaksojen-ja-toteutusten-tarkastelu\/","og_locale":"fi_FI","og_type":"article","og_title":"Ryhm\u00e4n opintojaksojen ja toteutusten tarkastelu - Peppi-ohjeet henkil\u00f6kunnalle","og_description":"N\u00e4kym\u00e4n rivein\u00e4 n\u00e4kyv\u00e4t kaikki ryhm\u00e4\u00e4n liitetyn OPS:n opintokokonaisuudet ja opintojaksot. Jos ryhm\u00e4lle on liitetty useita OPS:ja, niin Ryhm\u00e4-n\u00e4kym\u00e4ss\u00e4 on valittava n\u00e4ytett\u00e4v\u00e4n OPS:n sis\u00e4lt\u00f6. Jos OPS:ssa m\u00e4\u00e4ritelty opintojakson ajoitus osuu valituille lukukausille niin ajoitus n\u00e4kyy palkkina:","og_url":"https:\/\/help.jamk.fi\/peppi-ohjeet-henkilokunnalle\/fi\/vuosisuunnittelu\/ryhman-opintojaksojen-ja-toteutusten-tarkastelu\/","og_site_name":"Peppi-ohjeet henkil\u00f6kunnalle","article_modified_time":"2024-01-19T13:51:39+00:00","twitter_card":"summary_large_image","twitter_misc":{"Arvioitu lukuaika":"1 minuutti"},"schema":{"@context":"https:\/\/schema.org","@graph":[{"@type":"WebPage","@id":"https:\/\/help.jamk.fi\/peppi-ohjeet-henkilokunnalle\/fi\/vuosisuunnittelu\/ryhman-opintojaksojen-ja-toteutusten-tarkastelu\/","url":"https:\/\/help.jamk.fi\/peppi-ohjeet-henkilokunnalle\/fi\/vuosisuunnittelu\/ryhman-opintojaksojen-ja-toteutusten-tarkastelu\/","name":"Ryhm\u00e4n opintojaksojen ja toteutusten tarkastelu - Peppi-ohjeet henkil\u00f6kunnalle","isPartOf":{"@id":"https:\/\/help.jamk.fi\/peppi-ohjeet-henkilokunnalle\/#website"},"datePublished":"2019-11-25T05:57:16+00:00","dateModified":"2024-01-19T13:51:39+00:00","breadcrumb":{"@id":"https:\/\/help.jamk.fi\/peppi-ohjeet-henkilokunnalle\/fi\/vuosisuunnittelu\/ryhman-opintojaksojen-ja-toteutusten-tarkastelu\/#breadcrumb"},"inLanguage":"fi","potentialAction":[{"@type":"ReadAction","target":["https:\/\/help.jamk.fi\/peppi-ohjeet-henkilokunnalle\/fi\/vuosisuunnittelu\/ryhman-opintojaksojen-ja-toteutusten-tarkastelu\/"]}]},{"@type":"BreadcrumbList","@id":"https:\/\/help.jamk.fi\/peppi-ohjeet-henkilokunnalle\/fi\/vuosisuunnittelu\/ryhman-opintojaksojen-ja-toteutusten-tarkastelu\/#breadcrumb","itemListElement":[{"@type":"ListItem","position":1,"name":"Home","item":"https:\/\/help.jamk.fi\/peppi-ohjeet-henkilokunnalle\/en\/"},{"@type":"ListItem","position":2,"name":"Vuosisuunnittelu","item":"https:\/\/help.jamk.fi\/peppi-ohjeet-henkilokunnalle\/fi\/vuosisuunnittelu\/"},{"@type":"ListItem","position":3,"name":"Ryhm\u00e4n opintojaksojen ja toteutusten tarkastelu"}]},{"@type":"WebSite","@id":"https:\/\/help.jamk.fi\/peppi-ohjeet-henkilokunnalle\/#website","url":"https:\/\/help.jamk.fi\/peppi-ohjeet-henkilokunnalle\/","name":"Peppi-ohjeet henkil\u00f6kunnalle","description":"","potentialAction":[{"@type":"SearchAction","target":{"@type":"EntryPoint","urlTemplate":"https:\/\/help.jamk.fi\/peppi-ohjeet-henkilokunnalle\/?s={search_term_string}"},"query-input":{"@type":"PropertyValueSpecification","valueRequired":true,"valueName":"search_term_string"}}],"inLanguage":"fi"}]}},"_links":{"self":[{"href":"https:\/\/help.jamk.fi\/peppi-ohjeet-henkilokunnalle\/wp-json\/wp\/v2\/pages\/4534","targetHints":{"allow":["GET"]}}],"collection":[{"href":"https:\/\/help.jamk.fi\/peppi-ohjeet-henkilokunnalle\/wp-json\/wp\/v2\/pages"}],"about":[{"href":"https:\/\/help.jamk.fi\/peppi-ohjeet-henkilokunnalle\/wp-json\/wp\/v2\/types\/page"}],"author":[{"embeddable":true,"href":"https:\/\/help.jamk.fi\/peppi-ohjeet-henkilokunnalle\/wp-json\/wp\/v2\/users\/78"}],"replies":[{"embeddable":true,"href":"https:\/\/help.jamk.fi\/peppi-ohjeet-henkilokunnalle\/wp-json\/wp\/v2\/comments?post=4534"}],"version-history":[{"count":2,"href":"https:\/\/help.jamk.fi\/peppi-ohjeet-henkilokunnalle\/wp-json\/wp\/v2\/pages\/4534\/revisions"}],"predecessor-version":[{"id":6321,"href":"https:\/\/help.jamk.fi\/peppi-ohjeet-henkilokunnalle\/wp-json\/wp\/v2\/pages\/4534\/revisions\/6321"}],"up":[{"embeddable":true,"href":"https:\/\/help.jamk.fi\/peppi-ohjeet-henkilokunnalle\/wp-json\/wp\/v2\/pages\/4522"}],"wp:attachment":[{"href":"https:\/\/help.jamk.fi\/peppi-ohjeet-henkilokunnalle\/wp-json\/wp\/v2\/media?parent=4534"}],"wp:term":[{"taxonomy":"category","embeddable":true,"href":"https:\/\/help.jamk.fi\/peppi-ohjeet-henkilokunnalle\/wp-json\/wp\/v2\/categories?post=4534"},{"taxonomy":"post_tag","embeddable":true,"href":"https:\/\/help.jamk.fi\/peppi-ohjeet-henkilokunnalle\/wp-json\/wp\/v2\/tags?post=4534"}],"curies":[{"name":"wp","href":"https:\/\/api.w.org\/{rel}","templated":true}]}}