{"id":4535,"date":"2021-09-23T07:19:23","date_gmt":"2021-09-23T04:19:23","guid":{"rendered":"https:\/\/help.jamk.fi\/peppi-ohjeet-henkilokunnalle\/vuosisuunnittelu\/nakyman-rivi-ja-sarakeotsikot\/"},"modified":"2024-01-19T15:52:25","modified_gmt":"2024-01-19T13:52:25","slug":"nakyman-rivi-ja-sarakeotsikot","status":"publish","type":"page","link":"https:\/\/help.jamk.fi\/peppi-ohjeet-henkilokunnalle\/fi\/vuosisuunnittelu\/nakyman-rivi-ja-sarakeotsikot\/","title":{"rendered":"N\u00e4kym\u00e4n rivi- ja sarakeotsikot"},"content":{"rendered":"\n<h2 class=\"wp-block-heading\" id=\"otsikot\">N\u00e4kym\u00e4n rivi- ja sarakeotsikot<\/h2>\n\n\n\n<p>Sarakeotsikot<br>\u2022 \u201cNimi\u201d : opintokokonaisuuksien ja -jaksojen nimet<br>\u2022 Nime\u00e4 klikkaamalla tulevat n\u00e4kyviin: \u201cAvaa\u201d ja \u201cKopioi\u201d-ikonit, jos toteutus on jo luotu<br>\u2022 op-sarake on opintojakson laajuus opintopistein\u00e4<br>\u2022 lukuvuosi- ja kausisarakkeissa ovat opintojaksojen ja toteutusten merkinn\u00e4t<br>\u2022 lukuvuosi- ja kausisarakkeiden vasemmassa ja oikeassa reunassa voi olla pieni kolmio \u2013 se kertoo ett\u00e4 rivin opintojaksosta on toteutus valitun aikav\u00e4lin ulkopuolella<br>\u2022 aikaan liittyv\u00e4t sarakeotsikot: ensimm\u00e4inen rivi, valitun kauden lukuvuosi, lukuvuodet, toinen rivi: valitun aikav\u00e4lin lukukausi, lukukaudet, kolmas rivi: valitun aikav\u00e4lin periodit<br>\u2022 ryhm\u00e4t sarakkeessa ovat toteutukseen liittyv\u00e4t ryhm\u00e4t; jos ryhmi\u00e4 on enemm\u00e4n kuin sarakkeessa voidaan n\u00e4ytt\u00e4\u00e4 \u2013 hiiren vieminen ryhm\u00e4-sarakkeeseen n\u00e4ytt\u00e4\u00e4 muut toteutukseen liitetyt ryhm\u00e4t<br>\u2022 ryhm\u00e4n linkki avaa uuden ikkunan ja siirtyy yksikk\u00f6 > ryhm\u00e4t > ryhm\u00e4-n\u00e4kym\u00e4\u00e4n<br>\u2022 kustannuspaikat ovat toteutukseen liitetyt kustannuspaikat ja kustannuspaikkojen jaon prosenttiosuudet; jos kustannuspaikkoja on useampi kuin sarakkeessa voidaan n\u00e4ytt\u00e4\u00e4 \u2013 hiiren osoittimien vieminen kustannuspaikka-sarakkeeseen n\u00e4ytt\u00e4\u00e4 toteutukseen liitetyt kustannuspaikat<br>\u2022 opettajat: toteutukseen liitetyt opettaja(t)<br>\u2022 opettaja-linkki avaa uuden ikkunan ja siirtyy henkil\u00f6t > henkil\u00f6 > ty\u00f6aikasuunnitelma-n\u00e4kym\u00e4\u00e4n.<br>Opintojakson perustietoja p\u00e4\u00e4set tarkastelemaan \u201csilm\u00e4\u201d-ikonista, jos toteutusta ei viel\u00e4 ole luotu.<\/p>\n\n\n\n<p>Kun olet lis\u00e4nnyt uuden toteutuksen, n\u00e4ytt\u00f6 periaatteessa p\u00e4ivittyy automaattisesti, mutta voi olla, ett\u00e4 joissakin tilanteissa joudut verest\u00e4m\u00e4\u00e4n n\u00e4yt\u00f6n ( f5 \/ selaimen verestystoiminto \/ Lataa ops -painike ).&nbsp;Ryhm\u00e4, opettaja ja kustannustietosarakkeet n\u00e4ytt\u00e4v\u00e4t tietoa niin paljon kuin sarakkeen leveyteen mahtuu. Viem\u00e4ll\u00e4 kursorin ko. sarakkeen p\u00e4\u00e4lle n\u00e4et kaikki sarakkeen tiedot.<\/p>\n","protected":false},"excerpt":{"rendered":"<p>N\u00e4kym\u00e4n rivi- ja sarakeotsikot Sarakeotsikot\u2022 \u201cNimi\u201d : opintokokonaisuuksien ja -jaksojen nimet\u2022 Nime\u00e4 klikkaamalla tulevat n\u00e4kyviin: \u201cAvaa\u201d ja \u201cKopioi\u201d-ikonit, jos toteutus on jo luotu\u2022 op-sarake on opintojakson laajuus opintopistein\u00e4\u2022 lukuvuosi- ja kausisarakkeissa ovat opintojaksojen ja toteutusten merkinn\u00e4t\u2022 lukuvuosi- ja kausisarakkeiden vasemmassa ja oikeassa reunassa voi olla pieni kolmio \u2013 se kertoo ett\u00e4 rivin opintojaksosta on toteutus [&hellip;]<\/p>\n","protected":false},"author":78,"featured_media":0,"parent":4522,"menu_order":0,"comment_status":"closed","ping_status":"open","template":"","meta":{"_acf_changed":false,"_relevanssi_hide_post":"","_relevanssi_hide_content":"","_relevanssi_pin_for_all":"","_relevanssi_pin_keywords":"","_relevanssi_unpin_keywords":"","_relevanssi_related_keywords":"","_relevanssi_related_include_ids":"","_relevanssi_related_exclude_ids":"","_relevanssi_related_no_append":"","_relevanssi_related_not_related":"","_relevanssi_related_posts":"","_relevanssi_noindex_reason":"","footnotes":""},"categories":[1],"tags":[],"class_list":["post-4535","page","type-page","status-publish","hentry","category-uncategorised"],"acf":[],"yoast_head":"<!-- This site is optimized with the Yoast SEO plugin v27.4 - https:\/\/yoast.com\/product\/yoast-seo-wordpress\/ -->\n<title>N\u00e4kym\u00e4n rivi- ja sarakeotsikot - Peppi-ohjeet henkil\u00f6kunnalle<\/title>\n<meta name=\"robots\" content=\"index, follow, max-snippet:-1, max-image-preview:large, max-video-preview:-1\" \/>\n<link rel=\"canonical\" href=\"https:\/\/help.jamk.fi\/peppi-ohjeet-henkilokunnalle\/fi\/vuosisuunnittelu\/nakyman-rivi-ja-sarakeotsikot\/\" \/>\n<meta property=\"og:locale\" content=\"fi_FI\" \/>\n<meta property=\"og:type\" content=\"article\" \/>\n<meta property=\"og:title\" content=\"N\u00e4kym\u00e4n rivi- ja sarakeotsikot - Peppi-ohjeet henkil\u00f6kunnalle\" \/>\n<meta property=\"og:description\" content=\"N\u00e4kym\u00e4n rivi- ja sarakeotsikot Sarakeotsikot\u2022 \u201cNimi\u201d : opintokokonaisuuksien ja -jaksojen nimet\u2022 Nime\u00e4 klikkaamalla tulevat n\u00e4kyviin: \u201cAvaa\u201d ja \u201cKopioi\u201d-ikonit, jos toteutus on jo luotu\u2022 op-sarake on opintojakson laajuus opintopistein\u00e4\u2022 lukuvuosi- ja kausisarakkeissa ovat opintojaksojen ja toteutusten merkinn\u00e4t\u2022 lukuvuosi- ja kausisarakkeiden vasemmassa ja oikeassa reunassa voi olla pieni kolmio \u2013 se kertoo ett\u00e4 rivin opintojaksosta on toteutus [&hellip;]\" \/>\n<meta property=\"og:url\" content=\"https:\/\/help.jamk.fi\/peppi-ohjeet-henkilokunnalle\/fi\/vuosisuunnittelu\/nakyman-rivi-ja-sarakeotsikot\/\" \/>\n<meta property=\"og:site_name\" content=\"Peppi-ohjeet henkil\u00f6kunnalle\" \/>\n<meta property=\"article:modified_time\" content=\"2024-01-19T13:52:25+00:00\" \/>\n<meta name=\"twitter:card\" content=\"summary_large_image\" \/>\n<meta name=\"twitter:label1\" content=\"Arvioitu lukuaika\" \/>\n\t<meta name=\"twitter:data1\" content=\"2 minuuttia\" \/>\n<script type=\"application\/ld+json\" class=\"yoast-schema-graph\">{\"@context\":\"https:\\\/\\\/schema.org\",\"@graph\":[{\"@type\":\"WebPage\",\"@id\":\"https:\\\/\\\/help.jamk.fi\\\/peppi-ohjeet-henkilokunnalle\\\/fi\\\/vuosisuunnittelu\\\/nakyman-rivi-ja-sarakeotsikot\\\/\",\"url\":\"https:\\\/\\\/help.jamk.fi\\\/peppi-ohjeet-henkilokunnalle\\\/fi\\\/vuosisuunnittelu\\\/nakyman-rivi-ja-sarakeotsikot\\\/\",\"name\":\"N\u00e4kym\u00e4n rivi- ja sarakeotsikot - Peppi-ohjeet henkil\u00f6kunnalle\",\"isPartOf\":{\"@id\":\"https:\\\/\\\/help.jamk.fi\\\/peppi-ohjeet-henkilokunnalle\\\/#website\"},\"datePublished\":\"2021-09-23T04:19:23+00:00\",\"dateModified\":\"2024-01-19T13:52:25+00:00\",\"breadcrumb\":{\"@id\":\"https:\\\/\\\/help.jamk.fi\\\/peppi-ohjeet-henkilokunnalle\\\/fi\\\/vuosisuunnittelu\\\/nakyman-rivi-ja-sarakeotsikot\\\/#breadcrumb\"},\"inLanguage\":\"fi\",\"potentialAction\":[{\"@type\":\"ReadAction\",\"target\":[\"https:\\\/\\\/help.jamk.fi\\\/peppi-ohjeet-henkilokunnalle\\\/fi\\\/vuosisuunnittelu\\\/nakyman-rivi-ja-sarakeotsikot\\\/\"]}]},{\"@type\":\"BreadcrumbList\",\"@id\":\"https:\\\/\\\/help.jamk.fi\\\/peppi-ohjeet-henkilokunnalle\\\/fi\\\/vuosisuunnittelu\\\/nakyman-rivi-ja-sarakeotsikot\\\/#breadcrumb\",\"itemListElement\":[{\"@type\":\"ListItem\",\"position\":1,\"name\":\"Home\",\"item\":\"https:\\\/\\\/help.jamk.fi\\\/peppi-ohjeet-henkilokunnalle\\\/en\\\/\"},{\"@type\":\"ListItem\",\"position\":2,\"name\":\"Vuosisuunnittelu\",\"item\":\"https:\\\/\\\/help.jamk.fi\\\/peppi-ohjeet-henkilokunnalle\\\/fi\\\/vuosisuunnittelu\\\/\"},{\"@type\":\"ListItem\",\"position\":3,\"name\":\"N\u00e4kym\u00e4n rivi- ja sarakeotsikot\"}]},{\"@type\":\"WebSite\",\"@id\":\"https:\\\/\\\/help.jamk.fi\\\/peppi-ohjeet-henkilokunnalle\\\/#website\",\"url\":\"https:\\\/\\\/help.jamk.fi\\\/peppi-ohjeet-henkilokunnalle\\\/\",\"name\":\"Peppi-ohjeet henkil\u00f6kunnalle\",\"description\":\"\",\"potentialAction\":[{\"@type\":\"SearchAction\",\"target\":{\"@type\":\"EntryPoint\",\"urlTemplate\":\"https:\\\/\\\/help.jamk.fi\\\/peppi-ohjeet-henkilokunnalle\\\/?s={search_term_string}\"},\"query-input\":{\"@type\":\"PropertyValueSpecification\",\"valueRequired\":true,\"valueName\":\"search_term_string\"}}],\"inLanguage\":\"fi\"}]}<\/script>\n<!-- \/ Yoast SEO plugin. -->","yoast_head_json":{"title":"N\u00e4kym\u00e4n rivi- ja sarakeotsikot - Peppi-ohjeet henkil\u00f6kunnalle","robots":{"index":"index","follow":"follow","max-snippet":"max-snippet:-1","max-image-preview":"max-image-preview:large","max-video-preview":"max-video-preview:-1"},"canonical":"https:\/\/help.jamk.fi\/peppi-ohjeet-henkilokunnalle\/fi\/vuosisuunnittelu\/nakyman-rivi-ja-sarakeotsikot\/","og_locale":"fi_FI","og_type":"article","og_title":"N\u00e4kym\u00e4n rivi- ja sarakeotsikot - Peppi-ohjeet henkil\u00f6kunnalle","og_description":"N\u00e4kym\u00e4n rivi- ja sarakeotsikot Sarakeotsikot\u2022 \u201cNimi\u201d : opintokokonaisuuksien ja -jaksojen nimet\u2022 Nime\u00e4 klikkaamalla tulevat n\u00e4kyviin: \u201cAvaa\u201d ja \u201cKopioi\u201d-ikonit, jos toteutus on jo luotu\u2022 op-sarake on opintojakson laajuus opintopistein\u00e4\u2022 lukuvuosi- ja kausisarakkeissa ovat opintojaksojen ja toteutusten merkinn\u00e4t\u2022 lukuvuosi- ja kausisarakkeiden vasemmassa ja oikeassa reunassa voi olla pieni kolmio \u2013 se kertoo ett\u00e4 rivin opintojaksosta on toteutus [&hellip;]","og_url":"https:\/\/help.jamk.fi\/peppi-ohjeet-henkilokunnalle\/fi\/vuosisuunnittelu\/nakyman-rivi-ja-sarakeotsikot\/","og_site_name":"Peppi-ohjeet henkil\u00f6kunnalle","article_modified_time":"2024-01-19T13:52:25+00:00","twitter_card":"summary_large_image","twitter_misc":{"Arvioitu lukuaika":"2 minuuttia"},"schema":{"@context":"https:\/\/schema.org","@graph":[{"@type":"WebPage","@id":"https:\/\/help.jamk.fi\/peppi-ohjeet-henkilokunnalle\/fi\/vuosisuunnittelu\/nakyman-rivi-ja-sarakeotsikot\/","url":"https:\/\/help.jamk.fi\/peppi-ohjeet-henkilokunnalle\/fi\/vuosisuunnittelu\/nakyman-rivi-ja-sarakeotsikot\/","name":"N\u00e4kym\u00e4n rivi- ja sarakeotsikot - Peppi-ohjeet henkil\u00f6kunnalle","isPartOf":{"@id":"https:\/\/help.jamk.fi\/peppi-ohjeet-henkilokunnalle\/#website"},"datePublished":"2021-09-23T04:19:23+00:00","dateModified":"2024-01-19T13:52:25+00:00","breadcrumb":{"@id":"https:\/\/help.jamk.fi\/peppi-ohjeet-henkilokunnalle\/fi\/vuosisuunnittelu\/nakyman-rivi-ja-sarakeotsikot\/#breadcrumb"},"inLanguage":"fi","potentialAction":[{"@type":"ReadAction","target":["https:\/\/help.jamk.fi\/peppi-ohjeet-henkilokunnalle\/fi\/vuosisuunnittelu\/nakyman-rivi-ja-sarakeotsikot\/"]}]},{"@type":"BreadcrumbList","@id":"https:\/\/help.jamk.fi\/peppi-ohjeet-henkilokunnalle\/fi\/vuosisuunnittelu\/nakyman-rivi-ja-sarakeotsikot\/#breadcrumb","itemListElement":[{"@type":"ListItem","position":1,"name":"Home","item":"https:\/\/help.jamk.fi\/peppi-ohjeet-henkilokunnalle\/en\/"},{"@type":"ListItem","position":2,"name":"Vuosisuunnittelu","item":"https:\/\/help.jamk.fi\/peppi-ohjeet-henkilokunnalle\/fi\/vuosisuunnittelu\/"},{"@type":"ListItem","position":3,"name":"N\u00e4kym\u00e4n rivi- ja sarakeotsikot"}]},{"@type":"WebSite","@id":"https:\/\/help.jamk.fi\/peppi-ohjeet-henkilokunnalle\/#website","url":"https:\/\/help.jamk.fi\/peppi-ohjeet-henkilokunnalle\/","name":"Peppi-ohjeet henkil\u00f6kunnalle","description":"","potentialAction":[{"@type":"SearchAction","target":{"@type":"EntryPoint","urlTemplate":"https:\/\/help.jamk.fi\/peppi-ohjeet-henkilokunnalle\/?s={search_term_string}"},"query-input":{"@type":"PropertyValueSpecification","valueRequired":true,"valueName":"search_term_string"}}],"inLanguage":"fi"}]}},"_links":{"self":[{"href":"https:\/\/help.jamk.fi\/peppi-ohjeet-henkilokunnalle\/wp-json\/wp\/v2\/pages\/4535","targetHints":{"allow":["GET"]}}],"collection":[{"href":"https:\/\/help.jamk.fi\/peppi-ohjeet-henkilokunnalle\/wp-json\/wp\/v2\/pages"}],"about":[{"href":"https:\/\/help.jamk.fi\/peppi-ohjeet-henkilokunnalle\/wp-json\/wp\/v2\/types\/page"}],"author":[{"embeddable":true,"href":"https:\/\/help.jamk.fi\/peppi-ohjeet-henkilokunnalle\/wp-json\/wp\/v2\/users\/78"}],"replies":[{"embeddable":true,"href":"https:\/\/help.jamk.fi\/peppi-ohjeet-henkilokunnalle\/wp-json\/wp\/v2\/comments?post=4535"}],"version-history":[{"count":3,"href":"https:\/\/help.jamk.fi\/peppi-ohjeet-henkilokunnalle\/wp-json\/wp\/v2\/pages\/4535\/revisions"}],"predecessor-version":[{"id":6322,"href":"https:\/\/help.jamk.fi\/peppi-ohjeet-henkilokunnalle\/wp-json\/wp\/v2\/pages\/4535\/revisions\/6322"}],"up":[{"embeddable":true,"href":"https:\/\/help.jamk.fi\/peppi-ohjeet-henkilokunnalle\/wp-json\/wp\/v2\/pages\/4522"}],"wp:attachment":[{"href":"https:\/\/help.jamk.fi\/peppi-ohjeet-henkilokunnalle\/wp-json\/wp\/v2\/media?parent=4535"}],"wp:term":[{"taxonomy":"category","embeddable":true,"href":"https:\/\/help.jamk.fi\/peppi-ohjeet-henkilokunnalle\/wp-json\/wp\/v2\/categories?post=4535"},{"taxonomy":"post_tag","embeddable":true,"href":"https:\/\/help.jamk.fi\/peppi-ohjeet-henkilokunnalle\/wp-json\/wp\/v2\/tags?post=4535"}],"curies":[{"name":"wp","href":"https:\/\/api.w.org\/{rel}","templated":true}]}}