{"id":4536,"date":"2019-11-25T07:58:22","date_gmt":"2019-11-25T05:58:22","guid":{"rendered":"https:\/\/help.jamk.fi\/peppi-ohjeet-henkilokunnalle\/vuosisuunnittelu\/toteutuksen-perustaminen-ajoituksen-muuttaminen-kopionti\/"},"modified":"2024-01-19T17:00:16","modified_gmt":"2024-01-19T15:00:16","slug":"toteutuksen-perustaminen-ajoituksen-muuttaminen-kopionti","status":"publish","type":"page","link":"https:\/\/help.jamk.fi\/peppi-ohjeet-henkilokunnalle\/fi\/vuosisuunnittelu\/toteutuksen-perustaminen-ajoituksen-muuttaminen-kopionti\/","title":{"rendered":"Toteutuksen ajoituksen muuttaminen"},"content":{"rendered":"\n<p>\u2022 Uuden toteutuksen tekemisen yhteydess\u00e4 voit muuttaa ajoitusta klikkaamalla vihre\u00e4\u00e4 palkkia ja antaa siell\u00e4 uuden p\u00e4iv\u00e4m\u00e4\u00e4r\u00e4v\u00e4lin joko ajoituspalkkia raahaamalla tai m\u00e4\u00e4ritt\u00e4m\u00e4ll\u00e4 aloitus- ja lopetusp\u00e4iv\u00e4m\u00e4\u00e4r\u00e4n.<\/p>\n\n\n\n<figure class=\"wp-block-image\"><img loading=\"lazy\" decoding=\"async\" width=\"899\" height=\"415\" src=\"https:\/\/help.jamk.fi\/peppi-ohjeet-henkilokunnalle\/wp-content\/uploads\/sites\/131\/2020\/11\/ajoitus.jpg\" alt=\"\" class=\"wp-image-2298\"\/><\/figure>\n\n\n\n<ul class=\"wp-block-list\">\n<li>Kaikki itse toteutuksen p\u00e4iv\u00e4m\u00e4\u00e4r\u00e4t saavat sy\u00f6tetyn p\u00e4iv\u00e4m\u00e4\u00e4r\u00e4v\u00e4lin, mutta<br>huomaa, ett\u00e4 esimerkiksi teht\u00e4vien p\u00e4iv\u00e4m\u00e4\u00e4r\u00e4t j\u00e4\u00e4v\u00e4t ennalleen<\/li>\n<\/ul>\n\n\n\n<ul class=\"wp-block-list\">\n<li>&nbsp;Toteutuksen yll\u00e4pitoon p\u00e4\u00e4set klikkaamalla opintojakson nime\u00e4<\/li>\n<\/ul>\n\n\n\n<p>Toteutus voidaan poistaa klikkaamalla opintojakson nime\u00e4, jos toteutusta ei ole viel\u00e4 julkaistu. Julkaistun toteutuksen voi perua toteutuksen tiedoissa.<\/p>\n\n\n\n<p>Toteutuksen ajoituksen muuttaminen jo valmiissa toteutuksessa:<\/p>\n\n\n\n<p>Valitse vasemmasta valikosta Rytmitys- ja tilatoiveet ja ajoitus<\/p>\n\n\n\n<figure class=\"wp-block-image\"><img loading=\"lazy\" decoding=\"async\" width=\"951\" height=\"408\" src=\"https:\/\/help.jamk.fi\/peppi-ohjeet-henkilokunnalle\/wp-content\/uploads\/sites\/131\/2020\/11\/ajoitus_muutos.jpg\" alt=\"\" class=\"wp-image-2301\"\/><\/figure>\n\n\n\n<p>Kev\u00e4\u00e4n, syksyn ja kes\u00e4n ilmoittautumisajat toteutuksille lis\u00e4t\u00e4\u00e4n&nbsp; yksik\u00f6iss\u00e4,&nbsp; niit\u00e4 ei en\u00e4\u00e4 lis\u00e4t\u00e4 keskitetysti. Jos jotkut toteutukset avataan j\u00e4lki-ilmoittautumiselle, yksik\u00f6n vuosisuunnittelijat avaavat oikeat opintojaksot. J\u00e4lki-ilmoittautumisaika muutetaan nykyisen ilmoittautumisajan p\u00e4\u00e4lle. Yksik\u00f6n teht\u00e4v\u00e4 on informoida opiskelijoita, mitk\u00e4 opintojaksot ovat viel\u00e4 auki.<\/p>\n","protected":false},"excerpt":{"rendered":"<p>\u2022 Uuden toteutuksen tekemisen yhteydess\u00e4 voit muuttaa ajoitusta klikkaamalla vihre\u00e4\u00e4 palkkia ja antaa siell\u00e4 uuden p\u00e4iv\u00e4m\u00e4\u00e4r\u00e4v\u00e4lin joko ajoituspalkkia raahaamalla tai m\u00e4\u00e4ritt\u00e4m\u00e4ll\u00e4 aloitus- ja lopetusp\u00e4iv\u00e4m\u00e4\u00e4r\u00e4n. Toteutus voidaan poistaa klikkaamalla opintojakson nime\u00e4, jos toteutusta ei ole viel\u00e4 julkaistu. Julkaistun toteutuksen voi perua toteutuksen tiedoissa. Toteutuksen ajoituksen muuttaminen jo valmiissa toteutuksessa: Valitse vasemmasta valikosta Rytmitys- ja tilatoiveet ja [&hellip;]<\/p>\n","protected":false},"author":78,"featured_media":0,"parent":4522,"menu_order":9,"comment_status":"closed","ping_status":"open","template":"","meta":{"_acf_changed":false,"_relevanssi_hide_post":"","_relevanssi_hide_content":"","_relevanssi_pin_for_all":"","_relevanssi_pin_keywords":"","_relevanssi_unpin_keywords":"","_relevanssi_related_keywords":"","_relevanssi_related_include_ids":"","_relevanssi_related_exclude_ids":"","_relevanssi_related_no_append":"","_relevanssi_related_not_related":"","_relevanssi_related_posts":"","_relevanssi_noindex_reason":"","footnotes":""},"categories":[1],"tags":[],"class_list":["post-4536","page","type-page","status-publish","hentry","category-uncategorised"],"acf":[],"yoast_head":"<!-- This site is optimized with the Yoast SEO plugin v27.4 - https:\/\/yoast.com\/product\/yoast-seo-wordpress\/ -->\n<title>Toteutuksen ajoituksen muuttaminen - Peppi-ohjeet henkil\u00f6kunnalle<\/title>\n<meta name=\"robots\" content=\"index, follow, max-snippet:-1, max-image-preview:large, max-video-preview:-1\" \/>\n<link rel=\"canonical\" href=\"https:\/\/help.jamk.fi\/peppi-ohjeet-henkilokunnalle\/fi\/vuosisuunnittelu\/toteutuksen-perustaminen-ajoituksen-muuttaminen-kopionti\/\" \/>\n<meta property=\"og:locale\" content=\"fi_FI\" \/>\n<meta property=\"og:type\" content=\"article\" \/>\n<meta property=\"og:title\" content=\"Toteutuksen ajoituksen muuttaminen - Peppi-ohjeet henkil\u00f6kunnalle\" \/>\n<meta property=\"og:description\" content=\"\u2022 Uuden toteutuksen tekemisen yhteydess\u00e4 voit muuttaa ajoitusta klikkaamalla vihre\u00e4\u00e4 palkkia ja antaa siell\u00e4 uuden p\u00e4iv\u00e4m\u00e4\u00e4r\u00e4v\u00e4lin joko ajoituspalkkia raahaamalla tai m\u00e4\u00e4ritt\u00e4m\u00e4ll\u00e4 aloitus- ja lopetusp\u00e4iv\u00e4m\u00e4\u00e4r\u00e4n. Toteutus voidaan poistaa klikkaamalla opintojakson nime\u00e4, jos toteutusta ei ole viel\u00e4 julkaistu. Julkaistun toteutuksen voi perua toteutuksen tiedoissa. Toteutuksen ajoituksen muuttaminen jo valmiissa toteutuksessa: Valitse vasemmasta valikosta Rytmitys- ja tilatoiveet ja [&hellip;]\" \/>\n<meta property=\"og:url\" content=\"https:\/\/help.jamk.fi\/peppi-ohjeet-henkilokunnalle\/fi\/vuosisuunnittelu\/toteutuksen-perustaminen-ajoituksen-muuttaminen-kopionti\/\" \/>\n<meta property=\"og:site_name\" content=\"Peppi-ohjeet henkil\u00f6kunnalle\" \/>\n<meta property=\"article:modified_time\" content=\"2024-01-19T15:00:16+00:00\" \/>\n<meta property=\"og:image\" content=\"https:\/\/help.jamk.fi\/peppi-ohjeet-henkilokunnalle\/wp-content\/uploads\/sites\/131\/2020\/11\/ajoitus.jpg\" \/>\n<meta name=\"twitter:card\" content=\"summary_large_image\" \/>\n<meta name=\"twitter:label1\" content=\"Arvioitu lukuaika\" \/>\n\t<meta name=\"twitter:data1\" content=\"2 minuuttia\" \/>\n<script type=\"application\/ld+json\" class=\"yoast-schema-graph\">{\"@context\":\"https:\\\/\\\/schema.org\",\"@graph\":[{\"@type\":\"WebPage\",\"@id\":\"https:\\\/\\\/help.jamk.fi\\\/peppi-ohjeet-henkilokunnalle\\\/fi\\\/vuosisuunnittelu\\\/toteutuksen-perustaminen-ajoituksen-muuttaminen-kopionti\\\/\",\"url\":\"https:\\\/\\\/help.jamk.fi\\\/peppi-ohjeet-henkilokunnalle\\\/fi\\\/vuosisuunnittelu\\\/toteutuksen-perustaminen-ajoituksen-muuttaminen-kopionti\\\/\",\"name\":\"Toteutuksen ajoituksen muuttaminen - Peppi-ohjeet henkil\u00f6kunnalle\",\"isPartOf\":{\"@id\":\"https:\\\/\\\/help.jamk.fi\\\/peppi-ohjeet-henkilokunnalle\\\/#website\"},\"primaryImageOfPage\":{\"@id\":\"https:\\\/\\\/help.jamk.fi\\\/peppi-ohjeet-henkilokunnalle\\\/fi\\\/vuosisuunnittelu\\\/toteutuksen-perustaminen-ajoituksen-muuttaminen-kopionti\\\/#primaryimage\"},\"image\":{\"@id\":\"https:\\\/\\\/help.jamk.fi\\\/peppi-ohjeet-henkilokunnalle\\\/fi\\\/vuosisuunnittelu\\\/toteutuksen-perustaminen-ajoituksen-muuttaminen-kopionti\\\/#primaryimage\"},\"thumbnailUrl\":\"https:\\\/\\\/help.jamk.fi\\\/peppi-ohjeet-henkilokunnalle\\\/wp-content\\\/uploads\\\/sites\\\/131\\\/2020\\\/11\\\/ajoitus.jpg\",\"datePublished\":\"2019-11-25T05:58:22+00:00\",\"dateModified\":\"2024-01-19T15:00:16+00:00\",\"breadcrumb\":{\"@id\":\"https:\\\/\\\/help.jamk.fi\\\/peppi-ohjeet-henkilokunnalle\\\/fi\\\/vuosisuunnittelu\\\/toteutuksen-perustaminen-ajoituksen-muuttaminen-kopionti\\\/#breadcrumb\"},\"inLanguage\":\"fi\",\"potentialAction\":[{\"@type\":\"ReadAction\",\"target\":[\"https:\\\/\\\/help.jamk.fi\\\/peppi-ohjeet-henkilokunnalle\\\/fi\\\/vuosisuunnittelu\\\/toteutuksen-perustaminen-ajoituksen-muuttaminen-kopionti\\\/\"]}]},{\"@type\":\"ImageObject\",\"inLanguage\":\"fi\",\"@id\":\"https:\\\/\\\/help.jamk.fi\\\/peppi-ohjeet-henkilokunnalle\\\/fi\\\/vuosisuunnittelu\\\/toteutuksen-perustaminen-ajoituksen-muuttaminen-kopionti\\\/#primaryimage\",\"url\":\"https:\\\/\\\/help.jamk.fi\\\/peppi-ohjeet-henkilokunnalle\\\/wp-content\\\/uploads\\\/sites\\\/131\\\/2020\\\/11\\\/ajoitus.jpg\",\"contentUrl\":\"https:\\\/\\\/help.jamk.fi\\\/peppi-ohjeet-henkilokunnalle\\\/wp-content\\\/uploads\\\/sites\\\/131\\\/2020\\\/11\\\/ajoitus.jpg\",\"width\":899,\"height\":415},{\"@type\":\"BreadcrumbList\",\"@id\":\"https:\\\/\\\/help.jamk.fi\\\/peppi-ohjeet-henkilokunnalle\\\/fi\\\/vuosisuunnittelu\\\/toteutuksen-perustaminen-ajoituksen-muuttaminen-kopionti\\\/#breadcrumb\",\"itemListElement\":[{\"@type\":\"ListItem\",\"position\":1,\"name\":\"Home\",\"item\":\"https:\\\/\\\/help.jamk.fi\\\/peppi-ohjeet-henkilokunnalle\\\/en\\\/\"},{\"@type\":\"ListItem\",\"position\":2,\"name\":\"Vuosisuunnittelu\",\"item\":\"https:\\\/\\\/help.jamk.fi\\\/peppi-ohjeet-henkilokunnalle\\\/fi\\\/vuosisuunnittelu\\\/\"},{\"@type\":\"ListItem\",\"position\":3,\"name\":\"Toteutuksen ajoituksen muuttaminen\"}]},{\"@type\":\"WebSite\",\"@id\":\"https:\\\/\\\/help.jamk.fi\\\/peppi-ohjeet-henkilokunnalle\\\/#website\",\"url\":\"https:\\\/\\\/help.jamk.fi\\\/peppi-ohjeet-henkilokunnalle\\\/\",\"name\":\"Peppi-ohjeet henkil\u00f6kunnalle\",\"description\":\"\",\"potentialAction\":[{\"@type\":\"SearchAction\",\"target\":{\"@type\":\"EntryPoint\",\"urlTemplate\":\"https:\\\/\\\/help.jamk.fi\\\/peppi-ohjeet-henkilokunnalle\\\/?s={search_term_string}\"},\"query-input\":{\"@type\":\"PropertyValueSpecification\",\"valueRequired\":true,\"valueName\":\"search_term_string\"}}],\"inLanguage\":\"fi\"}]}<\/script>\n<!-- \/ Yoast SEO plugin. -->","yoast_head_json":{"title":"Toteutuksen ajoituksen muuttaminen - Peppi-ohjeet henkil\u00f6kunnalle","robots":{"index":"index","follow":"follow","max-snippet":"max-snippet:-1","max-image-preview":"max-image-preview:large","max-video-preview":"max-video-preview:-1"},"canonical":"https:\/\/help.jamk.fi\/peppi-ohjeet-henkilokunnalle\/fi\/vuosisuunnittelu\/toteutuksen-perustaminen-ajoituksen-muuttaminen-kopionti\/","og_locale":"fi_FI","og_type":"article","og_title":"Toteutuksen ajoituksen muuttaminen - Peppi-ohjeet henkil\u00f6kunnalle","og_description":"\u2022 Uuden toteutuksen tekemisen yhteydess\u00e4 voit muuttaa ajoitusta klikkaamalla vihre\u00e4\u00e4 palkkia ja antaa siell\u00e4 uuden p\u00e4iv\u00e4m\u00e4\u00e4r\u00e4v\u00e4lin joko ajoituspalkkia raahaamalla tai m\u00e4\u00e4ritt\u00e4m\u00e4ll\u00e4 aloitus- ja lopetusp\u00e4iv\u00e4m\u00e4\u00e4r\u00e4n. Toteutus voidaan poistaa klikkaamalla opintojakson nime\u00e4, jos toteutusta ei ole viel\u00e4 julkaistu. Julkaistun toteutuksen voi perua toteutuksen tiedoissa. Toteutuksen ajoituksen muuttaminen jo valmiissa toteutuksessa: Valitse vasemmasta valikosta Rytmitys- ja tilatoiveet ja [&hellip;]","og_url":"https:\/\/help.jamk.fi\/peppi-ohjeet-henkilokunnalle\/fi\/vuosisuunnittelu\/toteutuksen-perustaminen-ajoituksen-muuttaminen-kopionti\/","og_site_name":"Peppi-ohjeet henkil\u00f6kunnalle","article_modified_time":"2024-01-19T15:00:16+00:00","og_image":[{"url":"https:\/\/help.jamk.fi\/peppi-ohjeet-henkilokunnalle\/wp-content\/uploads\/sites\/131\/2020\/11\/ajoitus.jpg","type":"","width":"","height":""}],"twitter_card":"summary_large_image","twitter_misc":{"Arvioitu lukuaika":"2 minuuttia"},"schema":{"@context":"https:\/\/schema.org","@graph":[{"@type":"WebPage","@id":"https:\/\/help.jamk.fi\/peppi-ohjeet-henkilokunnalle\/fi\/vuosisuunnittelu\/toteutuksen-perustaminen-ajoituksen-muuttaminen-kopionti\/","url":"https:\/\/help.jamk.fi\/peppi-ohjeet-henkilokunnalle\/fi\/vuosisuunnittelu\/toteutuksen-perustaminen-ajoituksen-muuttaminen-kopionti\/","name":"Toteutuksen ajoituksen muuttaminen - Peppi-ohjeet henkil\u00f6kunnalle","isPartOf":{"@id":"https:\/\/help.jamk.fi\/peppi-ohjeet-henkilokunnalle\/#website"},"primaryImageOfPage":{"@id":"https:\/\/help.jamk.fi\/peppi-ohjeet-henkilokunnalle\/fi\/vuosisuunnittelu\/toteutuksen-perustaminen-ajoituksen-muuttaminen-kopionti\/#primaryimage"},"image":{"@id":"https:\/\/help.jamk.fi\/peppi-ohjeet-henkilokunnalle\/fi\/vuosisuunnittelu\/toteutuksen-perustaminen-ajoituksen-muuttaminen-kopionti\/#primaryimage"},"thumbnailUrl":"https:\/\/help.jamk.fi\/peppi-ohjeet-henkilokunnalle\/wp-content\/uploads\/sites\/131\/2020\/11\/ajoitus.jpg","datePublished":"2019-11-25T05:58:22+00:00","dateModified":"2024-01-19T15:00:16+00:00","breadcrumb":{"@id":"https:\/\/help.jamk.fi\/peppi-ohjeet-henkilokunnalle\/fi\/vuosisuunnittelu\/toteutuksen-perustaminen-ajoituksen-muuttaminen-kopionti\/#breadcrumb"},"inLanguage":"fi","potentialAction":[{"@type":"ReadAction","target":["https:\/\/help.jamk.fi\/peppi-ohjeet-henkilokunnalle\/fi\/vuosisuunnittelu\/toteutuksen-perustaminen-ajoituksen-muuttaminen-kopionti\/"]}]},{"@type":"ImageObject","inLanguage":"fi","@id":"https:\/\/help.jamk.fi\/peppi-ohjeet-henkilokunnalle\/fi\/vuosisuunnittelu\/toteutuksen-perustaminen-ajoituksen-muuttaminen-kopionti\/#primaryimage","url":"https:\/\/help.jamk.fi\/peppi-ohjeet-henkilokunnalle\/wp-content\/uploads\/sites\/131\/2020\/11\/ajoitus.jpg","contentUrl":"https:\/\/help.jamk.fi\/peppi-ohjeet-henkilokunnalle\/wp-content\/uploads\/sites\/131\/2020\/11\/ajoitus.jpg","width":899,"height":415},{"@type":"BreadcrumbList","@id":"https:\/\/help.jamk.fi\/peppi-ohjeet-henkilokunnalle\/fi\/vuosisuunnittelu\/toteutuksen-perustaminen-ajoituksen-muuttaminen-kopionti\/#breadcrumb","itemListElement":[{"@type":"ListItem","position":1,"name":"Home","item":"https:\/\/help.jamk.fi\/peppi-ohjeet-henkilokunnalle\/en\/"},{"@type":"ListItem","position":2,"name":"Vuosisuunnittelu","item":"https:\/\/help.jamk.fi\/peppi-ohjeet-henkilokunnalle\/fi\/vuosisuunnittelu\/"},{"@type":"ListItem","position":3,"name":"Toteutuksen ajoituksen muuttaminen"}]},{"@type":"WebSite","@id":"https:\/\/help.jamk.fi\/peppi-ohjeet-henkilokunnalle\/#website","url":"https:\/\/help.jamk.fi\/peppi-ohjeet-henkilokunnalle\/","name":"Peppi-ohjeet henkil\u00f6kunnalle","description":"","potentialAction":[{"@type":"SearchAction","target":{"@type":"EntryPoint","urlTemplate":"https:\/\/help.jamk.fi\/peppi-ohjeet-henkilokunnalle\/?s={search_term_string}"},"query-input":{"@type":"PropertyValueSpecification","valueRequired":true,"valueName":"search_term_string"}}],"inLanguage":"fi"}]}},"_links":{"self":[{"href":"https:\/\/help.jamk.fi\/peppi-ohjeet-henkilokunnalle\/wp-json\/wp\/v2\/pages\/4536","targetHints":{"allow":["GET"]}}],"collection":[{"href":"https:\/\/help.jamk.fi\/peppi-ohjeet-henkilokunnalle\/wp-json\/wp\/v2\/pages"}],"about":[{"href":"https:\/\/help.jamk.fi\/peppi-ohjeet-henkilokunnalle\/wp-json\/wp\/v2\/types\/page"}],"author":[{"embeddable":true,"href":"https:\/\/help.jamk.fi\/peppi-ohjeet-henkilokunnalle\/wp-json\/wp\/v2\/users\/78"}],"replies":[{"embeddable":true,"href":"https:\/\/help.jamk.fi\/peppi-ohjeet-henkilokunnalle\/wp-json\/wp\/v2\/comments?post=4536"}],"version-history":[{"count":4,"href":"https:\/\/help.jamk.fi\/peppi-ohjeet-henkilokunnalle\/wp-json\/wp\/v2\/pages\/4536\/revisions"}],"predecessor-version":[{"id":6320,"href":"https:\/\/help.jamk.fi\/peppi-ohjeet-henkilokunnalle\/wp-json\/wp\/v2\/pages\/4536\/revisions\/6320"}],"up":[{"embeddable":true,"href":"https:\/\/help.jamk.fi\/peppi-ohjeet-henkilokunnalle\/wp-json\/wp\/v2\/pages\/4522"}],"wp:attachment":[{"href":"https:\/\/help.jamk.fi\/peppi-ohjeet-henkilokunnalle\/wp-json\/wp\/v2\/media?parent=4536"}],"wp:term":[{"taxonomy":"category","embeddable":true,"href":"https:\/\/help.jamk.fi\/peppi-ohjeet-henkilokunnalle\/wp-json\/wp\/v2\/categories?post=4536"},{"taxonomy":"post_tag","embeddable":true,"href":"https:\/\/help.jamk.fi\/peppi-ohjeet-henkilokunnalle\/wp-json\/wp\/v2\/tags?post=4536"}],"curies":[{"name":"wp","href":"https:\/\/api.w.org\/{rel}","templated":true}]}}