{"id":4539,"date":"2019-12-02T09:39:31","date_gmt":"2019-12-02T07:39:31","guid":{"rendered":"https:\/\/help.jamk.fi\/peppi-ohjeet-henkilokunnalle\/toteutussuunnitelman-tayttoohje-opettajien-ohje\/"},"modified":"2025-10-07T09:49:41","modified_gmt":"2025-10-07T06:49:41","slug":"toteutussuunnitelman-tayttoohje-opettajien-ohje","status":"publish","type":"page","link":"https:\/\/help.jamk.fi\/peppi-ohjeet-henkilokunnalle\/fi\/opettajan-ohjeet\/toteutussuunnitelman-tayttoohje-opettajien-ohje\/","title":{"rendered":"Toteutussuunnitelman t\u00e4ytt\u00f6ohje opettajille"},"content":{"rendered":"\n<h2 class=\"wp-block-heading\">Toteutuksen perustiedot<\/h2>\n\n\n<div id=\"info-lift-block_68174401f15323d8e41ec45a6c025280\" class=\"block-info-lift block-info-lift\">\n  <div class=\"row\">\n    <div class=\"col-12\">\n              <div class=\"block-info-lift__content\">\n          <div class=\"block-info-lift__content__icon\">\n            <span>!<\/span>\n          <\/div>\n          <p class=\"block-info-lift__content__text\">Opintojakson, opintokokonaisuuden ja toteutuksen kuvauksen tiedot l\u00f6ytyv\u00e4t t\u00e4lt\u00e4 sivulta sek\u00e4 opintojakson perustiedot- ja opintojakson kuvaustiedot -sivuilta.<\/p>\n        <\/div>\n          <\/div>\n  <\/div>\n<\/div>\n\n\n<p>Toteutussuunnitelman perustietoihin kirjataan mm.&nbsp; tutkinto-ohjelma, toimipiste, opetuskieli ja virtuaaliosuus -tiedot.&nbsp;Tiedot vaikuttavat mm. Pepin sis\u00e4isiss\u00e4 hakutoiminnoissa, esim. toteutussuunnitelmien haku eri kriteereill\u00e4. N\u00e4m\u00e4 tiedot toteutukseen lis\u00e4\u00e4 <strong>yksik\u00f6n koulutuskoordinaattori tai muu vastaava henkil\u00f6<\/strong>. <strong>Toteutuksen nime\u00e4 eik\u00e4 laajuutta saa muuttaa!<\/strong><\/p>\n\n\n  <div id=\"notice-box-block_f930fd13830b94fc022f5305abd7cf16\" class=\"block-notice-box block-notice-box\">\n          <h2 class=\"block-notice-box__heading\">Huomioi seuraavat asiat kirjoittaessasi kuvauksia<\/h2>\n    \n    <p>Kirjoita kaikki toteutusten kuvaukset sek\u00e4 suomeksi ett\u00e4 englanniksi. Suomenkieliset kuvaukset kirjoitetaan Suomeksi-kenttiin ja englanninkieliset kuvaukset Englanniksi-kenttiin.<\/p>\n<p>Samoja kuvauksia k\u00e4ytet\u00e4\u00e4n myyt\u00e4viss\u00e4 koulutuksissa kuten korkeakouludiplomeissa, avoimen koulutuksissa (Opin.fi ja Jamkin verkkosivut) sek\u00e4 t\u00e4ydennys- ja tilauskoulutuksissa. Tee siis kuvauksesta selke\u00e4, innostava ja ymm\u00e4rrett\u00e4v\u00e4. Voit hy\u00f6dynt\u00e4\u00e4 esimerkiksi opintojaksopalautteissa esiin nousseita asioita.<\/p>\n<p>K\u00e4yt\u00e4 sin\u00e4-muotoa kuvailukentiss\u00e4.<\/p>\n<p>Pyri v\u00e4ltt\u00e4m\u00e4\u00e4n kuvauksessa luettelomerkkej\u00e4, mutta jos se on v\u00e4ltt\u00e4m\u00e4t\u00f6nt\u00e4, k\u00e4yt\u00e4 \u2013 (ranskalaista viivaa). \u201dKauttaviiva-merkki\u00e4\u201d \/ ei saa k\u00e4ytt\u00e4\u00e4!<\/p>\n<p>Jos opintojakso toteutetaan sek\u00e4 suomeksi ett\u00e4 englanniksi, tee vain yksi opintojakso.<\/p>\n<p>Opintojakson arviointiasteikko ei periydy toteutukselle.<\/p>\n\n      <\/div>\n\n\n\n<h2 class=\"wp-block-heading\">Toteutuksen kuvaustiedot<\/h2>\n\n\n<div id=\"info-lift-block_31966116b85254cd36c005b5dc916045\" class=\"block-info-lift block-info-lift\">\n  <div class=\"row\">\n    <div class=\"col-12\">\n              <div class=\"block-info-lift__content\">\n          <div class=\"block-info-lift__content__icon\">\n            <span>!<\/span>\n          <\/div>\n          <p class=\"block-info-lift__content__text\">Opetusmenetelm\u00e4t-, Oppimateriaali ja suositeltava kirjallisuus- sek\u00e4 Lis\u00e4tietoja opiskelijoille -kent\u00e4t n\u00e4kyv\u00e4t Opin.fi-palvelussa ja\/tai Jamkin verkkosivuilla.<\/p>\n        <\/div>\n          <\/div>\n  <\/div>\n<\/div>\n\n\n<h3 class=\"wp-block-heading\">Opetusmenetelm\u00e4t \/ Planned Learning Activities and Teaching Methods<\/h3>\n\n\n<div id=\"info-lift-block_c65d972986ca0101b4d37ae29bf0ca4f\" class=\"block-info-lift block-info-lift\">\n  <div class=\"row\">\n    <div class=\"col-12\">\n              <div class=\"block-info-lift__content\">\n          <div class=\"block-info-lift__content__icon\">\n            <span>!<\/span>\n          <\/div>\n          <p class=\"block-info-lift__content__text\">N\u00e4kyy Jamkin verkkosivuilla.<\/p>\n        <\/div>\n          <\/div>\n  <\/div>\n<\/div>\n\n\n<p>Kuvaa t\u00e4h\u00e4n t\u00e4m\u00e4n toteutuksen opetus- ja oppimismenetelm\u00e4t sek\u00e4 kuinka opiskelijan ohjaus toteutetaan, esim. palautteen anto.<\/p>\n\n\n\n<ul class=\"wp-block-list\">\n<li>flipped learning, problem-based learning, case study, design thinking, projektioppiminen, verkkopedagogiikka jne.<\/li>\n<\/ul>\n\n\n\n<p>Avaa, mit\u00e4 edell\u00e4 olevat tarkoittavat t\u00e4ll\u00e4 toteutuksella konkreettisina toimintoina.<\/p>\n\n\n\n<ul class=\"wp-block-list\">\n<li>luennot\/verkkoluennot, webinaarit, harjoitusty\u00f6t\/oppimisteht\u00e4v\u00e4t, seminaarit\/workshopit, erilaiset verkkopedagogiset menetelm\u00e4t ,blogit, vlogit, verkkotestit, tietotestit jne.<\/li>\n<\/ul>\n\n\n\n<h3 class=\"wp-block-heading\" id=\"aika\">Aika ja paikka&nbsp;\/ Location and Time<\/h3>\n\n\n\n<p>Voit tarvittaessa kirjoittaa kentt\u00e4\u00e4n p\u00e4iv\u00e4m\u00e4\u00e4r\u00e4t ja kampuksen. Tarkemmat ajankohdat ja paikat kuvataan lukkareissa. Huomioithan, ett\u00e4 t\u00e4m\u00e4n kent\u00e4n tiedot eiv\u00e4t p\u00e4ivity automaattisesti, jos lukkaritietoihin tulee muutoksia!<\/p>\n\n\n\n<h3 class=\"wp-block-heading\" id=\"opetusmateriaali\">Oppimateriaali ja suositeltava kirjallisuus&nbsp;\/ Recommended or&nbsp;Required Reading<\/h3>\n\n\n<div id=\"info-lift-block_86707facd27d5881f09b944ab4e5d35e\" class=\"block-info-lift block-info-lift\">\n  <div class=\"row\">\n    <div class=\"col-12\">\n              <div class=\"block-info-lift__content\">\n          <div class=\"block-info-lift__content__icon\">\n            <span>!<\/span>\n          <\/div>\n          <p class=\"block-info-lift__content__text\">N\u00e4kyy Opin.fi-palvelussa.<\/p>\n        <\/div>\n          <\/div>\n  <\/div>\n<\/div>\n\n\n<p>Julkinen opiskelumateriaali (kirjat, artikkelit, videot jne.), joka vaaditaan opintojakson l\u00e4p\u00e4isyyn (must know). Kuvaa t\u00e4m\u00e4n toteutuksen suorittamiseen tarvittava opiskelumateriaali yksityiskohtaisesti Jamkin raportointiohjeita noudattaen, <strong>EI<\/strong> esim. materiaalin sijaintia verkko-oppimisymp\u00e4rist\u00f6ss\u00e4 tai ett\u00e4 materiaali ilmoitetaan my\u00f6hemmin. Peppi mahdollistaa alakohtaisen oppimateriaalin kuvaamisen esim. Jamkin yhteisiss\u00e4 opinnoissa.<\/p>\n\n\n\n<p><strong>HUOM. Tarkista saatavuus Jamkin kirjastosta!<\/strong><\/p>\n\n\n\n<h3 class=\"wp-block-heading\" id=\"valsuoritustavat\">Vaihtoehtoiset suoritustavat \/ Completion Alternatives<\/h3>\n\n\n\n<p>Kuvaa t\u00e4ss\u00e4, voidaanko t\u00e4m\u00e4 kyseinen toteutus suorittaa jollain muulla tavalla esim. opinnollistamalla. Hyv\u00e4ksilukuasioita ei kuvata toteutuksissa. T\u00e4m\u00e4 perustuu tutkintos\u00e4\u00e4nt\u00f6\u00f6n.<\/p>\n\n\n\n<h3 class=\"wp-block-heading\" id=\"harjoittelu\">Harjoittelu- ja ty\u00f6el\u00e4m\u00e4yhteisty\u00f6 \/ Work Placement and Working Life Connections<\/h3>\n\n\n\n<p>Kuvaa esim. erilaiset tutustumisen ty\u00f6el\u00e4m\u00e4\u00e4n, alumniyhteisty\u00f6, vierailevat luennoitsijat jne.<\/p>\n\n\n\n<h3 class=\"wp-block-heading\">Tenttien ajankohdat ja uusintamahdollisuudet<\/h3>\n\n\n\n<p>Kerro, milloin on varsinainen tentti ja kaikki uusintamahdollisuudet. Onko tentti exam-tentti, kotitentti, verkkotentti, l\u00e4hitentti vai exam-omakonetentti jne.<\/p>\n\n\n\n<h3 class=\"wp-block-heading\" id=\"kv\">KV yhteydet \/ International Connections<\/h3>\n\n\n\n<p>Opetussuunnitelmat-sivustolla kent\u00e4n nimi on Kansainv\u00e4lisyys.<\/p>\n\n\n\n<p>Kuvaa, miten kansainv\u00e4lisyys toteutuu t\u00e4ss\u00e4 toteutuksessa.<\/p>\n\n\n\n<h3 class=\"wp-block-heading\" id=\"kuormitus\">Opiskelijan ajank\u00e4ytt\u00f6 ja kuormitus \/ Student\u2019s Time Use and Workload<\/h3>\n\n\n\n<p>Kuvaa oppimisteht\u00e4v\u00e4t ja niiden ajank\u00e4ytt\u00f6 sek\u00e4 opiskelijan muu ajank\u00e4ytt\u00f6 (esim. opetuskerrat ja kirjallisuuteen perehtyminen, luennoille valmistuminen jne. (Ks. Esim. <a href=\"http:\/\/bcbu.oulu.fi\/Syomitja.pdf\">&#8221;Anna aikaa ajatella&#8221; pdf<\/a>)<\/p>\n\n\n\n<p>Verkko-opetuksen kuormittavuuteen saat ohjeita: <a href=\"https:\/\/padlet-uploads.storage.googleapis.com\/326784720\/c4aa7462b33e5307a6ae87d326940f36\/Lev_nen_K__ym__2006.pdf\">Verkko-opintojen mitoituksen arviointi (Karvi)<\/a><\/p>\n\n\n\n<p>K\u00e4yt\u00e4 my\u00f6s Moodlen opintopistelaskuria hyv\u00e4ksesi.<\/p>\n\n\n\n<h3 class=\"wp-block-heading\" id=\"jaksotus\">Sis\u00e4ll\u00f6n jaksotus \/ Learning Progress<\/h3>\n\n\n\n<p>Tarkenna toteutuksen etenemist\u00e4 ja aikataulua. <\/p>\n\n\n\n<p>Jos on erilaisia vaiheistuksia (labrat tai harjoitukset, ty\u00f6el\u00e4m\u00e4\u00e4n tutustuminen jne.), voit kertoa, miten ne ajoittuvat toteutukselle.<\/p>\n\n\n\n<h3 class=\"wp-block-heading\" id=\"lisatiedot\">Lis\u00e4tietoja opiskelijoille \/ Further Information<\/h3>\n\n\n<div id=\"info-lift-block_86707facd27d5881f09b944ab4e5d35e\" class=\"block-info-lift block-info-lift\">\n  <div class=\"row\">\n    <div class=\"col-12\">\n              <div class=\"block-info-lift__content\">\n          <div class=\"block-info-lift__content__icon\">\n            <span>!<\/span>\n          <\/div>\n          <p class=\"block-info-lift__content__text\">N\u00e4kyy Opin.fi-palvelussa.<\/p>\n        <\/div>\n          <\/div>\n  <\/div>\n<\/div>\n\n\n<p>Voit kirjoittaa t\u00e4rke\u00e4\u00e4 lis\u00e4tietoa tarvittaessa. Huom. my\u00f6s opintojaksolla on Lis\u00e4tietoa opiskelijalle -kentt\u00e4.<\/p>\n\n\n  <div id=\"notice-box-block_cc1e796ad64cc74c9a9ce76052db1a17\" class=\"block-notice-box block-notice-box\">\n          <h2 class=\"block-notice-box__heading\">UUSI! Arviointimenetelm\u00e4t ja arvioinnin perusteet<\/h2>\n    \n    <p>Kuvaa k\u00e4ytett\u00e4v\u00e4t arviointimenetelm\u00e4t, esim. jatkuva palaute, itsearviointi, vertaisarviointi. Oppimisen arviointi on ns. kehitt\u00e4v\u00e4\u00e4 arviointia.<\/p>\n<p>Arviointi on osaamistavoitteisiin pohjautuvaa, laadullista, kriteeriperusteista ja siin\u00e4 opiskelijan itsearvioinnilla on t\u00e4rke\u00e4 rooli.<\/p>\n<p>Kerro, mist\u00e4 opintojakson arvosana muodostuu ja millaiset painoarvot eri osioilla on. Esim. numeraalisessa arvioinnissa: kokoava lopputeht\u00e4v\u00e4 75 %, suullinen esitys 25 %. Lis\u00e4ksi vaaditaan hyv\u00e4ksytysti suoritetut labroraatiot ja simulaatiot.<\/p>\n\n      <\/div>\n\n\n\n<h3 class=\"wp-block-heading\" id=\"arviointi\">Arviointiasteikko \/ Assessment Scale<\/h3>\n\n\n\n<p>Tieto <strong>periytyy<\/strong> opintojaksolta. Valitse oikea asteikko alasvetovalikosta. K\u00e4yt\u00f6ss\u00e4 olevat arviointiasteikot: 0-5 tai hyv\u00e4ksytty-hyl\u00e4tty.<\/p>\n\n\n\n<h2 class=\"wp-block-heading\" id=\"toteutuksenosat\">Toteutuksen osat (osasuoritukset)<\/h2>\n\n\n\n<p>Toteutuksen osat -v\u00e4lilehti n\u00e4kyy toteutuksen vasemmassa navigaatiossa.<\/p>\n\n\n\n<p>Luo toteutuksen osat t\u00e4m\u00e4n toiminnon kautta ennen opiskelijoiden hyv\u00e4ksymist\u00e4 toteutukselle. Toteutuksen osat nousevat automaattisesti ilmoittautumisen hyv\u00e4ksynn\u00e4n yhteydess\u00e4 opiskelijoille. <\/p>\n\n\n\n<h2 class=\"wp-block-heading\">Automaattiviestit<\/h2>\n\n\n\n<p>Ennen toteutuksen ilmoittautumisajan alkua voit luoda toteutukselle automaattiviestin, joka l\u00e4htee opiskelijoille automaattisesti ilmoittautumisen yhteydess\u00e4 (kuvio 1). Automaattiviestit -v\u00e4lilehti n\u00e4kyy toteutuksella. Automaattista viesti\u00e4 ei voi en\u00e4\u00e4 muokata toteutuksen ilmoittautumisajan alkamisen j\u00e4lkeen. Viestiin ei pysty lis\u00e4\u00e4m\u00e4\u00e4n liitteit\u00e4, mutta linkkien lis\u00e4\u00e4minen on mahdollista.<\/p>\n\n\n\n<figure class=\"wp-block-image size-full\"><img loading=\"lazy\" decoding=\"async\" width=\"600\" height=\"545\" src=\"https:\/\/help.jamk.fi\/peppi-ohjeet-henkilokunnalle\/wp-content\/uploads\/sites\/131\/2024\/02\/Automaattiset_viestit-1.png\" alt=\"Kuva toteutuksen automaattisten viestien lis\u00e4ys -n\u00e4kym\u00e4st\u00e4.\" class=\"wp-image-6493\" srcset=\"https:\/\/help.jamk.fi\/peppi-ohjeet-henkilokunnalle\/wp-content\/uploads\/sites\/131\/2024\/02\/Automaattiset_viestit-1.png 600w, https:\/\/help.jamk.fi\/peppi-ohjeet-henkilokunnalle\/wp-content\/uploads\/sites\/131\/2024\/02\/Automaattiset_viestit-1-300x273.png 300w\" sizes=\"auto, (max-width: 600px) 100vw, 600px\" \/><figcaption class=\"wp-element-caption\">Kuvio 1. Automaattiviestin luominen<\/figcaption><\/figure>\n\n\n\n<ol class=\"wp-block-list\">\n<li>Siirry toteutukselle ja valitse vasemmasta navigaatiosta Automaattiset viestit -v\u00e4lilehti<\/li>\n\n\n\n<li>Aloita viestin luominen valitsemalla Lis\u00e4\u00e4 viesti<\/li>\n\n\n\n<li>Valitse haluatko viestin l\u00e4htev\u00e4n opiskelijoille siin\u00e4 vaiheessa, kun opiskelijoiden ilmoittautumiset hyv\u00e4ksyt\u00e4\u00e4n vai silloin, kun opiskelija ilmoittautuu toteutukselle<\/li>\n\n\n\n<li>Viestin oletusotsikko on toteutuksen nimi + toteutuksen koodi. Voit tarvittaessa muokata oletusotsikkoa Viestin aihe -kent\u00e4ss\u00e4.<\/li>\n\n\n\n<li>Kirjoita viestikentt\u00e4\u00e4n viestin sis\u00e4lt\u00f6. Voit muotoilla viesti\u00e4 ja lis\u00e4t\u00e4 viestiin hyperlinkkej\u00e4.<\/li>\n\n\n\n<li>Tallenna lopuksi viesti<\/li>\n<\/ol>\n\n\n\n<p>Voit esikatsella viesti\u00e4, muokata viesti\u00e4 ja poistaa viestin. Viestin muokkaus ja poisto ovat mahdollisia siihen saakka, kunnes toteutuksen ilmoittautuminen alkaa. Kun opiskelijat ilmoittautuvat toteutukselle, l\u00e4htee heille viesti opettajan tekem\u00e4n valinnan mukaisesti joko ilmoittautumisen hyv\u00e4ksynn\u00e4n yhteydess\u00e4 tai heti kun ilmoittautuminen on tehty. Viestit l\u00e4hetet\u00e4\u00e4n ensisijaisesti Jamkin s\u00e4hk\u00f6postiin tai t\u00e4m\u00e4n puuttuessa opiskelijan henkil\u00f6kohtaiseen s\u00e4hk\u00f6postiin.<\/p>\n","protected":false},"excerpt":{"rendered":"<p>Toteutuksen perustiedot Toteutussuunnitelman perustietoihin kirjataan mm.&nbsp; tutkinto-ohjelma, toimipiste, opetuskieli ja virtuaaliosuus -tiedot.&nbsp;Tiedot vaikuttavat mm. Pepin sis\u00e4isiss\u00e4 hakutoiminnoissa, esim. toteutussuunnitelmien haku eri kriteereill\u00e4. N\u00e4m\u00e4 tiedot toteutukseen lis\u00e4\u00e4 yksik\u00f6n koulutuskoordinaattori tai muu vastaava henkil\u00f6. Toteutuksen nime\u00e4 eik\u00e4 laajuutta saa muuttaa! Toteutuksen kuvaustiedot Opetusmenetelm\u00e4t \/ Planned Learning Activities and Teaching Methods Kuvaa t\u00e4h\u00e4n t\u00e4m\u00e4n toteutuksen opetus- ja oppimismenetelm\u00e4t [&hellip;]<\/p>\n","protected":false},"author":78,"featured_media":0,"parent":4552,"menu_order":12,"comment_status":"closed","ping_status":"open","template":"","meta":{"_acf_changed":false,"_relevanssi_hide_post":"","_relevanssi_hide_content":"","_relevanssi_pin_for_all":"","_relevanssi_pin_keywords":"","_relevanssi_unpin_keywords":"","_relevanssi_related_keywords":"","_relevanssi_related_include_ids":"","_relevanssi_related_exclude_ids":"","_relevanssi_related_no_append":"","_relevanssi_related_not_related":"","_relevanssi_related_posts":"","_relevanssi_noindex_reason":"","footnotes":""},"categories":[1],"tags":[],"class_list":["post-4539","page","type-page","status-publish","hentry","category-uncategorised"],"acf":[],"yoast_head":"<!-- This site is optimized with the Yoast SEO plugin v27.3 - https:\/\/yoast.com\/product\/yoast-seo-wordpress\/ -->\n<title>Toteutussuunnitelman t\u00e4ytt\u00f6ohje opettajille - Peppi-ohjeet henkil\u00f6kunnalle<\/title>\n<meta name=\"robots\" content=\"index, follow, max-snippet:-1, max-image-preview:large, max-video-preview:-1\" \/>\n<link rel=\"canonical\" href=\"https:\/\/help.jamk.fi\/peppi-ohjeet-henkilokunnalle\/fi\/opettajan-ohjeet\/toteutussuunnitelman-tayttoohje-opettajien-ohje\/\" \/>\n<meta property=\"og:locale\" content=\"fi_FI\" \/>\n<meta property=\"og:type\" content=\"article\" \/>\n<meta property=\"og:title\" content=\"Toteutussuunnitelman t\u00e4ytt\u00f6ohje opettajille - Peppi-ohjeet henkil\u00f6kunnalle\" \/>\n<meta property=\"og:description\" content=\"Toteutuksen perustiedot Toteutussuunnitelman perustietoihin kirjataan mm.&nbsp; tutkinto-ohjelma, toimipiste, opetuskieli ja virtuaaliosuus -tiedot.&nbsp;Tiedot vaikuttavat mm. Pepin sis\u00e4isiss\u00e4 hakutoiminnoissa, esim. toteutussuunnitelmien haku eri kriteereill\u00e4. N\u00e4m\u00e4 tiedot toteutukseen lis\u00e4\u00e4 yksik\u00f6n koulutuskoordinaattori tai muu vastaava henkil\u00f6. Toteutuksen nime\u00e4 eik\u00e4 laajuutta saa muuttaa! Toteutuksen kuvaustiedot Opetusmenetelm\u00e4t \/ Planned Learning Activities and Teaching Methods Kuvaa t\u00e4h\u00e4n t\u00e4m\u00e4n toteutuksen opetus- ja oppimismenetelm\u00e4t [&hellip;]\" \/>\n<meta property=\"og:url\" content=\"https:\/\/help.jamk.fi\/peppi-ohjeet-henkilokunnalle\/fi\/opettajan-ohjeet\/toteutussuunnitelman-tayttoohje-opettajien-ohje\/\" \/>\n<meta property=\"og:site_name\" content=\"Peppi-ohjeet henkil\u00f6kunnalle\" \/>\n<meta property=\"article:modified_time\" content=\"2025-10-07T06:49:41+00:00\" \/>\n<meta property=\"og:image\" content=\"https:\/\/help.jamk.fi\/peppi-ohjeet-henkilokunnalle\/wp-content\/uploads\/sites\/131\/2024\/02\/Automaattiset_viestit-1.png\" \/>\n\t<meta property=\"og:image:width\" content=\"600\" \/>\n\t<meta property=\"og:image:height\" content=\"545\" \/>\n\t<meta property=\"og:image:type\" content=\"image\/png\" \/>\n<meta name=\"twitter:card\" content=\"summary_large_image\" \/>\n<meta name=\"twitter:label1\" content=\"Arvioitu lukuaika\" \/>\n\t<meta name=\"twitter:data1\" content=\"4 minuuttia\" \/>\n<script type=\"application\/ld+json\" class=\"yoast-schema-graph\">{\"@context\":\"https:\\\/\\\/schema.org\",\"@graph\":[{\"@type\":\"WebPage\",\"@id\":\"https:\\\/\\\/help.jamk.fi\\\/peppi-ohjeet-henkilokunnalle\\\/fi\\\/opettajan-ohjeet\\\/toteutussuunnitelman-tayttoohje-opettajien-ohje\\\/\",\"url\":\"https:\\\/\\\/help.jamk.fi\\\/peppi-ohjeet-henkilokunnalle\\\/fi\\\/opettajan-ohjeet\\\/toteutussuunnitelman-tayttoohje-opettajien-ohje\\\/\",\"name\":\"Toteutussuunnitelman t\u00e4ytt\u00f6ohje opettajille - Peppi-ohjeet henkil\u00f6kunnalle\",\"isPartOf\":{\"@id\":\"https:\\\/\\\/help.jamk.fi\\\/peppi-ohjeet-henkilokunnalle\\\/#website\"},\"primaryImageOfPage\":{\"@id\":\"https:\\\/\\\/help.jamk.fi\\\/peppi-ohjeet-henkilokunnalle\\\/fi\\\/opettajan-ohjeet\\\/toteutussuunnitelman-tayttoohje-opettajien-ohje\\\/#primaryimage\"},\"image\":{\"@id\":\"https:\\\/\\\/help.jamk.fi\\\/peppi-ohjeet-henkilokunnalle\\\/fi\\\/opettajan-ohjeet\\\/toteutussuunnitelman-tayttoohje-opettajien-ohje\\\/#primaryimage\"},\"thumbnailUrl\":\"https:\\\/\\\/help.jamk.fi\\\/peppi-ohjeet-henkilokunnalle\\\/wp-content\\\/uploads\\\/sites\\\/131\\\/2024\\\/02\\\/Automaattiset_viestit-1.png\",\"datePublished\":\"2019-12-02T07:39:31+00:00\",\"dateModified\":\"2025-10-07T06:49:41+00:00\",\"breadcrumb\":{\"@id\":\"https:\\\/\\\/help.jamk.fi\\\/peppi-ohjeet-henkilokunnalle\\\/fi\\\/opettajan-ohjeet\\\/toteutussuunnitelman-tayttoohje-opettajien-ohje\\\/#breadcrumb\"},\"inLanguage\":\"fi\",\"potentialAction\":[{\"@type\":\"ReadAction\",\"target\":[\"https:\\\/\\\/help.jamk.fi\\\/peppi-ohjeet-henkilokunnalle\\\/fi\\\/opettajan-ohjeet\\\/toteutussuunnitelman-tayttoohje-opettajien-ohje\\\/\"]}]},{\"@type\":\"ImageObject\",\"inLanguage\":\"fi\",\"@id\":\"https:\\\/\\\/help.jamk.fi\\\/peppi-ohjeet-henkilokunnalle\\\/fi\\\/opettajan-ohjeet\\\/toteutussuunnitelman-tayttoohje-opettajien-ohje\\\/#primaryimage\",\"url\":\"https:\\\/\\\/help.jamk.fi\\\/peppi-ohjeet-henkilokunnalle\\\/wp-content\\\/uploads\\\/sites\\\/131\\\/2024\\\/02\\\/Automaattiset_viestit-1.png\",\"contentUrl\":\"https:\\\/\\\/help.jamk.fi\\\/peppi-ohjeet-henkilokunnalle\\\/wp-content\\\/uploads\\\/sites\\\/131\\\/2024\\\/02\\\/Automaattiset_viestit-1.png\",\"width\":600,\"height\":545,\"caption\":\"Kuvio 1. Automaattiviestin luominen\"},{\"@type\":\"BreadcrumbList\",\"@id\":\"https:\\\/\\\/help.jamk.fi\\\/peppi-ohjeet-henkilokunnalle\\\/fi\\\/opettajan-ohjeet\\\/toteutussuunnitelman-tayttoohje-opettajien-ohje\\\/#breadcrumb\",\"itemListElement\":[{\"@type\":\"ListItem\",\"position\":1,\"name\":\"Home\",\"item\":\"https:\\\/\\\/help.jamk.fi\\\/peppi-ohjeet-henkilokunnalle\\\/en\\\/\"},{\"@type\":\"ListItem\",\"position\":2,\"name\":\"Opettajan ohjeet\",\"item\":\"https:\\\/\\\/help.jamk.fi\\\/peppi-ohjeet-henkilokunnalle\\\/fi\\\/opettajan-ohjeet\\\/\"},{\"@type\":\"ListItem\",\"position\":3,\"name\":\"Toteutussuunnitelman t\u00e4ytt\u00f6ohje opettajille\"}]},{\"@type\":\"WebSite\",\"@id\":\"https:\\\/\\\/help.jamk.fi\\\/peppi-ohjeet-henkilokunnalle\\\/#website\",\"url\":\"https:\\\/\\\/help.jamk.fi\\\/peppi-ohjeet-henkilokunnalle\\\/\",\"name\":\"Peppi-ohjeet henkil\u00f6kunnalle\",\"description\":\"\",\"potentialAction\":[{\"@type\":\"SearchAction\",\"target\":{\"@type\":\"EntryPoint\",\"urlTemplate\":\"https:\\\/\\\/help.jamk.fi\\\/peppi-ohjeet-henkilokunnalle\\\/?s={search_term_string}\"},\"query-input\":{\"@type\":\"PropertyValueSpecification\",\"valueRequired\":true,\"valueName\":\"search_term_string\"}}],\"inLanguage\":\"fi\"}]}<\/script>\n<!-- \/ Yoast SEO plugin. -->","yoast_head_json":{"title":"Toteutussuunnitelman t\u00e4ytt\u00f6ohje opettajille - Peppi-ohjeet henkil\u00f6kunnalle","robots":{"index":"index","follow":"follow","max-snippet":"max-snippet:-1","max-image-preview":"max-image-preview:large","max-video-preview":"max-video-preview:-1"},"canonical":"https:\/\/help.jamk.fi\/peppi-ohjeet-henkilokunnalle\/fi\/opettajan-ohjeet\/toteutussuunnitelman-tayttoohje-opettajien-ohje\/","og_locale":"fi_FI","og_type":"article","og_title":"Toteutussuunnitelman t\u00e4ytt\u00f6ohje opettajille - Peppi-ohjeet henkil\u00f6kunnalle","og_description":"Toteutuksen perustiedot Toteutussuunnitelman perustietoihin kirjataan mm.&nbsp; tutkinto-ohjelma, toimipiste, opetuskieli ja virtuaaliosuus -tiedot.&nbsp;Tiedot vaikuttavat mm. Pepin sis\u00e4isiss\u00e4 hakutoiminnoissa, esim. toteutussuunnitelmien haku eri kriteereill\u00e4. N\u00e4m\u00e4 tiedot toteutukseen lis\u00e4\u00e4 yksik\u00f6n koulutuskoordinaattori tai muu vastaava henkil\u00f6. Toteutuksen nime\u00e4 eik\u00e4 laajuutta saa muuttaa! Toteutuksen kuvaustiedot Opetusmenetelm\u00e4t \/ Planned Learning Activities and Teaching Methods Kuvaa t\u00e4h\u00e4n t\u00e4m\u00e4n toteutuksen opetus- ja oppimismenetelm\u00e4t [&hellip;]","og_url":"https:\/\/help.jamk.fi\/peppi-ohjeet-henkilokunnalle\/fi\/opettajan-ohjeet\/toteutussuunnitelman-tayttoohje-opettajien-ohje\/","og_site_name":"Peppi-ohjeet henkil\u00f6kunnalle","article_modified_time":"2025-10-07T06:49:41+00:00","og_image":[{"width":600,"height":545,"url":"https:\/\/help.jamk.fi\/peppi-ohjeet-henkilokunnalle\/wp-content\/uploads\/sites\/131\/2024\/02\/Automaattiset_viestit-1.png","type":"image\/png"}],"twitter_card":"summary_large_image","twitter_misc":{"Arvioitu lukuaika":"4 minuuttia"},"schema":{"@context":"https:\/\/schema.org","@graph":[{"@type":"WebPage","@id":"https:\/\/help.jamk.fi\/peppi-ohjeet-henkilokunnalle\/fi\/opettajan-ohjeet\/toteutussuunnitelman-tayttoohje-opettajien-ohje\/","url":"https:\/\/help.jamk.fi\/peppi-ohjeet-henkilokunnalle\/fi\/opettajan-ohjeet\/toteutussuunnitelman-tayttoohje-opettajien-ohje\/","name":"Toteutussuunnitelman t\u00e4ytt\u00f6ohje opettajille - Peppi-ohjeet henkil\u00f6kunnalle","isPartOf":{"@id":"https:\/\/help.jamk.fi\/peppi-ohjeet-henkilokunnalle\/#website"},"primaryImageOfPage":{"@id":"https:\/\/help.jamk.fi\/peppi-ohjeet-henkilokunnalle\/fi\/opettajan-ohjeet\/toteutussuunnitelman-tayttoohje-opettajien-ohje\/#primaryimage"},"image":{"@id":"https:\/\/help.jamk.fi\/peppi-ohjeet-henkilokunnalle\/fi\/opettajan-ohjeet\/toteutussuunnitelman-tayttoohje-opettajien-ohje\/#primaryimage"},"thumbnailUrl":"https:\/\/help.jamk.fi\/peppi-ohjeet-henkilokunnalle\/wp-content\/uploads\/sites\/131\/2024\/02\/Automaattiset_viestit-1.png","datePublished":"2019-12-02T07:39:31+00:00","dateModified":"2025-10-07T06:49:41+00:00","breadcrumb":{"@id":"https:\/\/help.jamk.fi\/peppi-ohjeet-henkilokunnalle\/fi\/opettajan-ohjeet\/toteutussuunnitelman-tayttoohje-opettajien-ohje\/#breadcrumb"},"inLanguage":"fi","potentialAction":[{"@type":"ReadAction","target":["https:\/\/help.jamk.fi\/peppi-ohjeet-henkilokunnalle\/fi\/opettajan-ohjeet\/toteutussuunnitelman-tayttoohje-opettajien-ohje\/"]}]},{"@type":"ImageObject","inLanguage":"fi","@id":"https:\/\/help.jamk.fi\/peppi-ohjeet-henkilokunnalle\/fi\/opettajan-ohjeet\/toteutussuunnitelman-tayttoohje-opettajien-ohje\/#primaryimage","url":"https:\/\/help.jamk.fi\/peppi-ohjeet-henkilokunnalle\/wp-content\/uploads\/sites\/131\/2024\/02\/Automaattiset_viestit-1.png","contentUrl":"https:\/\/help.jamk.fi\/peppi-ohjeet-henkilokunnalle\/wp-content\/uploads\/sites\/131\/2024\/02\/Automaattiset_viestit-1.png","width":600,"height":545,"caption":"Kuvio 1. Automaattiviestin luominen"},{"@type":"BreadcrumbList","@id":"https:\/\/help.jamk.fi\/peppi-ohjeet-henkilokunnalle\/fi\/opettajan-ohjeet\/toteutussuunnitelman-tayttoohje-opettajien-ohje\/#breadcrumb","itemListElement":[{"@type":"ListItem","position":1,"name":"Home","item":"https:\/\/help.jamk.fi\/peppi-ohjeet-henkilokunnalle\/en\/"},{"@type":"ListItem","position":2,"name":"Opettajan ohjeet","item":"https:\/\/help.jamk.fi\/peppi-ohjeet-henkilokunnalle\/fi\/opettajan-ohjeet\/"},{"@type":"ListItem","position":3,"name":"Toteutussuunnitelman t\u00e4ytt\u00f6ohje opettajille"}]},{"@type":"WebSite","@id":"https:\/\/help.jamk.fi\/peppi-ohjeet-henkilokunnalle\/#website","url":"https:\/\/help.jamk.fi\/peppi-ohjeet-henkilokunnalle\/","name":"Peppi-ohjeet henkil\u00f6kunnalle","description":"","potentialAction":[{"@type":"SearchAction","target":{"@type":"EntryPoint","urlTemplate":"https:\/\/help.jamk.fi\/peppi-ohjeet-henkilokunnalle\/?s={search_term_string}"},"query-input":{"@type":"PropertyValueSpecification","valueRequired":true,"valueName":"search_term_string"}}],"inLanguage":"fi"}]}},"_links":{"self":[{"href":"https:\/\/help.jamk.fi\/peppi-ohjeet-henkilokunnalle\/wp-json\/wp\/v2\/pages\/4539","targetHints":{"allow":["GET"]}}],"collection":[{"href":"https:\/\/help.jamk.fi\/peppi-ohjeet-henkilokunnalle\/wp-json\/wp\/v2\/pages"}],"about":[{"href":"https:\/\/help.jamk.fi\/peppi-ohjeet-henkilokunnalle\/wp-json\/wp\/v2\/types\/page"}],"author":[{"embeddable":true,"href":"https:\/\/help.jamk.fi\/peppi-ohjeet-henkilokunnalle\/wp-json\/wp\/v2\/users\/78"}],"replies":[{"embeddable":true,"href":"https:\/\/help.jamk.fi\/peppi-ohjeet-henkilokunnalle\/wp-json\/wp\/v2\/comments?post=4539"}],"version-history":[{"count":30,"href":"https:\/\/help.jamk.fi\/peppi-ohjeet-henkilokunnalle\/wp-json\/wp\/v2\/pages\/4539\/revisions"}],"predecessor-version":[{"id":7797,"href":"https:\/\/help.jamk.fi\/peppi-ohjeet-henkilokunnalle\/wp-json\/wp\/v2\/pages\/4539\/revisions\/7797"}],"up":[{"embeddable":true,"href":"https:\/\/help.jamk.fi\/peppi-ohjeet-henkilokunnalle\/wp-json\/wp\/v2\/pages\/4552"}],"wp:attachment":[{"href":"https:\/\/help.jamk.fi\/peppi-ohjeet-henkilokunnalle\/wp-json\/wp\/v2\/media?parent=4539"}],"wp:term":[{"taxonomy":"category","embeddable":true,"href":"https:\/\/help.jamk.fi\/peppi-ohjeet-henkilokunnalle\/wp-json\/wp\/v2\/categories?post=4539"},{"taxonomy":"post_tag","embeddable":true,"href":"https:\/\/help.jamk.fi\/peppi-ohjeet-henkilokunnalle\/wp-json\/wp\/v2\/tags?post=4539"}],"curies":[{"name":"wp","href":"https:\/\/api.w.org\/{rel}","templated":true}]}}