{"id":4540,"date":"2019-12-02T13:54:08","date_gmt":"2019-12-02T11:54:08","guid":{"rendered":"https:\/\/help.jamk.fi\/peppi-ohjeet-henkilokunnalle\/toteutuksen-rytmitys-ja-tilatoiveet-opettajan-ohje\/"},"modified":"2025-12-03T09:39:37","modified_gmt":"2025-12-03T07:39:37","slug":"toteutuksen-rytmitys-ja-tilatoiveet-opettajan-ohje","status":"publish","type":"page","link":"https:\/\/help.jamk.fi\/peppi-ohjeet-henkilokunnalle\/fi\/opettajan-ohjeet\/toteutuksen-rytmitys-ja-tilatoiveet-opettajan-ohje\/","title":{"rendered":"Toteutuksen rytmitys- ja tilatarpeet sek\u00e4 opetusryhm\u00e4t"},"content":{"rendered":"\n<p>Opettaja esitt\u00e4\u00e4 toteutustensa rytmitys- ja tilatarpita niist\u00e4 toteutuksista, joihin h\u00e4net on kiinnitetty. Tarpeita hy\u00f6dynnet\u00e4\u00e4n lukuj\u00e4rjestysten teossa. Huomioithan, ett\u00e4 n\u00e4m\u00e4 ovat ehdotuksia. Koulutuskoordinaattorit pyrkiv\u00e4t huomioimaan ehdotukset kokonaisuuden kannalta parhaalla mahdollisella tavalla lukuj\u00e4rjestysten teossa ryhm\u00e4n lukuj\u00e4rjestys etusijalla. Ryhm\u00e4n voi my\u00f6s jakaa lukuj\u00e4rjestyst\u00e4 varten pienryhmiin, ja n\u00e4iden k\u00e4ytt\u00f6 ohjeistetaan kohdassa 2 Opetusryhm\u00e4t. <a href=\"https:\/\/help.jamk.fi\/peppi-ohjeet-henkilokunnalle\/fi\/opettajan-ohjeet\/toteutuksen-rytmitys-ja-tilatoiveet-opettajan-ohje\/esimerkkeja-toteutuksen-rytmitystoiveen-kaytosta\/\">Esimerkkej\u00e4 rytmitystarpeiden eri k\u00e4yt\u00f6st\u00e4 voit lukea t\u00e4\u00e4lt\u00e4<\/a><\/p>\n\n\n\n<p>Kun lukuj\u00e4rjestykset ovat valmiit, n\u00e4et toteutuksen kaikki varaukset listattuna <em>Rytmitys- ja tilatarpeet ja ajoitu<\/em>s -valikon alaosasta<em> Varaukset<\/em>-kohdasta. Jos kentt\u00e4 on tyhj\u00e4, toteutukselle ei ole tehty varauksia.<\/p>\n\n\n\n<p>Omat meneill\u00e4\u00e4n olevat toteutukset n\u00e4kyv\u00e4t Opettajan ty\u00f6p\u00f6yd\u00e4n etusivulla. Voi hakea kaikkia toteutuksiasi yl\u00e4valikosta <em>Toteutukset<\/em>-kohdasta:<\/p>\n\n\n\n<figure class=\"wp-block-image\"><img loading=\"lazy\" decoding=\"async\" width=\"480\" height=\"194\" src=\"https:\/\/help.jamk.fi\/peppi-ohjeet-henkilokunnalle\/wp-content\/uploads\/sites\/131\/2019\/12\/Etusivu_omat-toteutukset_480x125.jpg\" alt=\"Opettaja n\u00e4kee h\u00e4nelle kiinnitetyt toteutuksensa Opettajan ty\u00f6p\u00f6yd\u00e4n Omat toteutukset -kohdasta\" class=\"wp-image-309\"\/><\/figure>\n\n\n\n<h2 class=\"wp-block-heading\">1 Rytmitys- ja tilatarpeet ja ajoitus<\/h2>\n\n\n\n<p>Valittuasi toteutuksen valitse <em>Rytmitys- ja tilatarpveet ja ajoitu<\/em>s -painike, jolloin voit tarkastella ja muokata toteutuksen ajoitusta sek\u00e4 m\u00e4\u00e4ritell\u00e4 toteutuksen tila- ja v\u00e4lineresursointitarpeet.<\/p>\n\n\n\n<p>Jos kyseess\u00e4 on verkkokurssi, jossa pidet\u00e4\u00e4n tiettyin\u00e4 ajankohtina webinaareja, ilmoita webinaarin ajankohdat. T\u00e4ll\u00f6in ne saadaan tehty\u00e4 tilattomina varauksina n\u00e4kym\u00e4\u00e4n opiskelijoille lukuj\u00e4rjestyksiss\u00e4 sek\u00e4 omassa kalenterissasi.<\/p>\n\n\n\n<figure class=\"wp-block-image\"><img loading=\"lazy\" decoding=\"async\" width=\"640\" height=\"151\" src=\"https:\/\/help.jamk.fi\/peppi-ohjeet-henkilokunnalle\/wp-content\/uploads\/sites\/131\/2020\/02\/Rytmitys-ja-tilatoiveet.jpg\" alt=\"Kuva Rytmitys- ja tilatoiveet ja ajoitus -valikon muokkauspainikkeista\" class=\"wp-image-633\"\/><\/figure>\n\n\n\n<h3 class=\"wp-block-heading\">1.1 Ajoitus<\/h3>\n\n\n\n<p><iframe loading=\"lazy\" style=\"padding: 0px; border: 1px solid #464646;\" src=\"https:\/\/panopto.jamk.fi\/Panopto\/Pages\/Embed.aspx?id=f81efbf5-9c7c-4733-b50b-ab91004de93f&amp;v=1\" allowfullscreen=\"allowfullscreen\" width=\"720\" height=\"405\" frameborder=\"0\"><\/iframe><\/p>\n\n\n\n<p>Muokkausikkuna avautuu <em>Muokkaa ajoitusta ja lis\u00e4tietoj<\/em>a -painikkeesta.<\/p>\n\n\n\n<p>Toteutuksen min\/max aika sek\u00e4 toteutusaika tulevat vuosisuunnittelusta. Toteutuksen min\/max ajan muokkausoikeus on ainoastaan OPSien tekij\u00f6ill\u00e4. Opettaja p\u00e4\u00e4see muokkaamaan Toteutusaika-kentt\u00e4\u00e4.<\/p>\n\n\n\n<p>Vapaaseen tekstikentt\u00e4\u00e4n voit kirjoittaa lis\u00e4tietoa lukuj\u00e4rjestyksen suunnittelijalle, esimerkiksi jos ehdotat, ett\u00e4 kontaktit olisivat kaksi kertaa viikossa tai haluat ett\u00e4 opintojakso pidet\u00e4\u00e4nkin oletustoteutusaikaa lyhyemp\u00e4n\u00e4 ajankohtana:<\/p>\n\n\n\n<figure class=\"wp-block-image\"><img loading=\"lazy\" decoding=\"async\" width=\"620\" height=\"451\" src=\"https:\/\/help.jamk.fi\/peppi-ohjeet-henkilokunnalle\/wp-content\/uploads\/sites\/131\/2019\/12\/Muokkaa-ajoitusta.jpg\" alt=\"Muokkaa ajoitusta -ikkunaan voi kirjoittaa vapaaseen tekstikentt\u00e4\u00e4n tarkempia tietoja lukuj\u00e4rjestyksen suunnittelijoille\" class=\"wp-image-311\"\/><\/figure>\n\n\n\n<p>Tallenna tiedot ennen kuin poistut ikkunalta.<\/p>\n\n\n\n<h3 class=\"wp-block-heading\">1.2 Opetuksen rytmitys- ja tilatarpeet<\/h3>\n\n\n\n<p>T\u00e4ss\u00e4 kohdassa m\u00e4\u00e4rittelet tarkempia ehdotuksia lukuj\u00e4rjestysten tekij\u00f6ille. Ehdotukset n\u00e4kyv\u00e4t <em>Resurssien suunnittelu- ja varaus <\/em>-palvelussa, kun opetuksen tilavarauksia tehd\u00e4\u00e4n toteutuksen kautta.<\/p>\n\n\n\n<p><iframe loading=\"lazy\" style=\"padding: 0px; border: 1px solid #464646;\" src=\"https:\/\/panopto.jamk.fi\/Panopto\/Pages\/Embed.aspx?id=a439d9d9-e090-48b8-a948-ab9100525b05&amp;v=1\" allowfullscreen=\"allowfullscreen\" width=\"720\" height=\"405\" frameborder=\"0\"><\/iframe><\/p>\n\n\n\n<p>Muokkausikkuna avautuu <em>Lis\u00e4\u00e4 rytmitys- ja tilatarve<\/em> -painikkeesta:<\/p>\n\n\n\n<figure class=\"wp-block-image\"><img loading=\"lazy\" decoding=\"async\" width=\"640\" height=\"306\" src=\"https:\/\/help.jamk.fi\/peppi-ohjeet-henkilokunnalle\/wp-content\/uploads\/sites\/131\/2019\/12\/Lisaarytmitys-ja-tila.jpg\" alt=\"Lis\u00e4\u00e4 rytmitys- ja tilatoive -lomake\" class=\"wp-image-313\"\/><\/figure>\n\n\n\n<p><strong>Prioriteetti:<\/strong> varaustarpeen t\u00e4rkeystaso on oletusarvoisesti normaali. Voit muuttaa tarpeesi t\u00e4rkeystasoa korkeaksi tai matalaksi Prioriteetti-valikosta. <em>K\u00e4yt\u00e4 korkeaa prioriteettia, jos toteutus pit\u00e4\u00e4 sijoittaa tiettyyn tilaan, esimerkiksi laboratorioon tai vastaavaan.<\/em><br><strong>Rytmitystoiveen nimi:<\/strong> Kirjoita Nimi-kentt\u00e4\u00e4n varauksen aihe, esimerkiksi luento tai harjoittelut. T\u00e4m\u00e4 on pakollinen tieto.<br><strong>Opettajat:<\/strong> kent\u00e4ss\u00e4 n\u00e4kyv\u00e4t vuosisuunnittelussa toteutukseen liitetyt henkil\u00f6t. Voit poistaa tai lis\u00e4t\u00e4 henkil\u00f6it\u00e4 sen mukaan, keit\u00e4 kyseinen rytmitystarve koskee.<br><strong>Ryhm\u00e4t:<\/strong> kent\u00e4ss\u00e4 n\u00e4kyv\u00e4t toteutukseen liitetyt ryhm\u00e4t. Voit poistaa tai lis\u00e4t\u00e4 ryhmi\u00e4 varaustarpeeseen.<br><strong>Alkaa \/ p\u00e4\u00e4ttyy:<\/strong> p\u00e4iv\u00e4m\u00e4\u00e4rill\u00e4 kerrot, milloin kyseinen tarve alkaa ja milloin p\u00e4\u00e4ttyy.<br><strong>Opetuskertojen m\u00e4\u00e4r\u00e4:<\/strong> kertoo, kuinka monta opetuskertaa edell\u00e4 mainittujen aikarajojen sis\u00e4ll\u00e4 tulisi olla.<br><strong>Opetuskerran kesto:<\/strong> merkitse kestokohtaan, kuinka monta 45 min oppituntia haluat yhden opetuskerran kest\u00e4v\u00e4n. 45min, 1h 30min ovat automaattisesti pudotusvalikosta valittavissa. Jos haluat pit\u00e4\u00e4 kontaktin 3 tai 4 oppitunnin mittaisina, kirjoita kentt\u00e4\u00e4n 3h tai 4h.<br><strong>Pienryhm\u00e4t:<\/strong> kent\u00e4ss\u00e4 n\u00e4kyv\u00e4t toteutukselle m\u00e4\u00e4ritellyt pienryhm\u00e4t tyypeitt\u00e4in. Voit halutessasi liitt\u00e4\u00e4 pienryhmi\u00e4 varaustarpeeseen. Ohje pienryhmien tekoon on kohdassa 2 Opetusryhm\u00e4t.<br><strong>Tilatyyppi:<\/strong> voit valita tarvitsemasi tilatyypin pudotusvalikosta.<br><strong>Tilatoive:<\/strong> voit valita tilatoiveesi pudotusvalikosta.<br><strong>Lis\u00e4tietoa:<\/strong> vapaa tekstikentt\u00e4, jossa voit kertoa ep\u00e4s\u00e4\u00e4nn\u00f6llisist\u00e4 rytmitys- ja tilatarpeistasi tai muista lis\u00e4tarpeistasi.<\/p>\n\n\n\n<p><strong>Toistuvuus: <\/strong>voit kertoa, haluatko varauksen toistuvan viikottain vai p\u00e4ivitt\u00e4in, esitt\u00e4\u00e4 ehdotuksia haluamastasi p\u00e4iv\u00e4st\u00e4 tai kellonajasta. Esikatseluvalikossa voi m\u00e4\u00e4ritt\u00e4\u00e4, toistuuko varaus kaikkina valittuina p\u00e4ivin\u00e4. Huomioithan, ett\u00e4 lukkarintekij\u00e4n ei ole pakko noudattaa tarvettasi, jos lukuj\u00e4rjestyksen teko vaatii p\u00e4iv\u00e4n vaihtamista. Muista tallentaa lopuksi:<\/p>\n\n\n\n<figure class=\"wp-block-image\"><img loading=\"lazy\" decoding=\"async\" width=\"640\" height=\"461\" src=\"https:\/\/help.jamk.fi\/peppi-ohjeet-henkilokunnalle\/wp-content\/uploads\/sites\/131\/2019\/12\/Toistuvuus.jpg\" alt=\"Toistuvuus-painike avaa lomakkeen, johon voi kertoa toiveensa, kuinka varaukset toistuvat\" class=\"wp-image-315\"\/><\/figure>\n\n\n\n<h3 class=\"wp-block-heading\">1.3 Varaukset<\/h3>\n\n\n\n<p>T\u00e4h\u00e4n n\u00e4kym\u00e4\u00e4n listautuvat kaikki tila- ja v\u00e4linevaraukset, joihin kyseinen toteutus on liitetty.<\/p>\n\n\n\n<p>Opetusvaraukset tehd\u00e4\u00e4n ensiksi luonnostilassa, ja ne n\u00e4kyv\u00e4t pelk\u00e4st\u00e4\u00e4n koulutuskoordinaattoreille. Kun lukuj\u00e4rjestysten suunnittelu on tehty, he muuttavat toteutuksen varauksen tilaksi ehdotus, jolloin opettaja n\u00e4kee varaukset. Kun varaus on julkaistu-tilassa, se n\u00e4kyy my\u00f6s opiskelijoille ja muille k\u00e4ytt\u00e4jille. Varaustietoja voi muuttaa koulutuskoordinaattori.<\/p>\n\n\n\n<h2 class=\"wp-block-heading\">2. Opetusryhm\u00e4t<\/h2>\n\n\n\n<p>Opettaja voi m\u00e4\u00e4ritell\u00e4, millaisia pienryhmi\u00e4 toteutuksella on.<\/p>\n\n\n\n<p><iframe loading=\"lazy\" style=\"padding: 0px; border: 1px solid #464646;\" src=\"https:\/\/panopto.jamk.fi\/Panopto\/Pages\/Embed.aspx?id=5a5cdfb6-dc6f-499a-8394-ab9100474559&amp;v=1\" allowfullscreen=\"allowfullscreen\" width=\"720\" height=\"405\" frameborder=\"0\"><\/iframe><\/p>\n\n\n\n<p>Pienryhm\u00e4tietoa tarvitaan yleens\u00e4 silloin, kun halutaan, ett\u00e4 opiskelijat ilmoittautuvat pienryhmiin ja\/tai ett\u00e4 pienryhm\u00e4t ovat lukuj\u00e4rjestyssuunnittelun ja tilavarausten k\u00e4ytett\u00e4viss\u00e4, esimerkiksi ett\u00e4 ryhm\u00e4 jaetaan kolmeen pienryhm\u00e4\u00e4n, joille tehd\u00e4\u00e4n omat harjoitteluajat laboratoriotiloissa.<\/p>\n\n\n\n<p>Jos toteutuksella on kontakteja, jotka koskevat kaikkia pienryhmi\u00e4, muista lis\u00e4t\u00e4 kaikki pienryhm\u00e4t rytmitystoiveeseen.<\/p>\n\n\n\n<p>Huom! Jos opiskelijan pit\u00e4\u00e4 ilmoittautua yhteen pienryhm\u00e4\u00e4n, ainoastaan Tuudo n\u00e4ytt\u00e4\u00e4 pelk\u00e4st\u00e4\u00e4n sen pienryhm\u00e4n varaukset, jolle opiskelija on ilmoittautunut. Pepin kalenteri ja lukkarikone n\u00e4ytt\u00e4v\u00e4t kaikkien pienryhmien varaukset, vaikka opiskelija on ilmoittautunut vain tiettyyn pienryhm\u00e4\u00e4n.<\/p>\n\n\n\n<p>Opiskelija voi piilottaa v\u00e4\u00e4rien pienryhmien varaukset lukkarikoneen ja Tuudon kalentereista, kun etsii haluamansa varaukset, klikkaa varausta ja klikkaa Piilota tapahtuma -painiketta. Pepin kalenterista ei voi poistaa eik\u00e4 piilottaa v\u00e4\u00e4rien pienryhmien varauksia. Jos Pepin varaukset on synkronoitu Outlookiin, voi opiskelija poistaa v\u00e4\u00e4rien pienryhmien varaukset sielt\u00e4 k\u00e4sin.<br><br>Jos opiskelija ei muista, mihin pienryhm\u00e4\u00e4n h\u00e4n on ilmoittautunut, h\u00e4n n\u00e4kee sen HOPSin <em>Ilmoittautumiset<\/em>-v\u00e4lilehdelt\u00e4, kun katsoo sivun alalaidasta Ilmoittautumiset-valikkoa. Opiskelijan on pakko pakko valita pienryhm\u00e4 ilmoittautuessaan.<\/p>\n\n\n\n<p>Ryhmien tallennusikkuna avautuu Lis\u00e4\u00e4 opetusryhmien joukko -painikkeesta:<\/p>\n\n\n\n<figure class=\"wp-block-image\"><img loading=\"lazy\" decoding=\"async\" width=\"640\" height=\"598\" src=\"https:\/\/help.jamk.fi\/peppi-ohjeet-henkilokunnalle\/wp-content\/uploads\/sites\/131\/2020\/09\/Opetusryhma.jpg\" alt=\"Opetusryhm\u00e4ksi valitaan pienryhm\u00e4 ja ryhm\u00e4t voi nimet\u00e4 itse\" class=\"wp-image-2029\"\/><\/figure>\n\n\n\n<ul class=\"wp-block-list\">\n<li>Valitse opetusryhm\u00e4n joukon tyypiksi <strong>pienryhm\u00e4<\/strong>. Voit nimet\u00e4 pienryhm\u00e4t haluamallasi tavalla, jos ne ovat esimerkiksi laboratorioty\u00f6skentely\u00e4.<\/li>\n\n\n\n<li>M\u00e4\u00e4rit\u00e4 opetusryhmien m\u00e4\u00e4r\u00e4.<\/li>\n\n\n\n<li>Opetusryhmist\u00e4 ilmoittaudutaan -kohdassa voit m\u00e4\u00e4ritell\u00e4, kuinka moneen pienryhm\u00e4\u00e4n opiskelija voi ilmoittautua.<\/li>\n\n\n\n<li>Opetusryhmien oletusosallistujam\u00e4\u00e4r\u00e4\/ryhm\u00e4 -kohdassa m\u00e4\u00e4ritell\u00e4\u00e4n sama osallistujam\u00e4\u00e4r\u00e4 kaikille ryhmille.<\/li>\n\n\n\n<li>Ryhm\u00e4kohtaista paikkam\u00e4\u00e4r\u00e4\u00e4 voi tarvittaessa muuttaa Muokkaa opetusryhm\u00e4\u00e4 -ikkunalla<\/li>\n\n\n\n<li>Tallenna tiedot ennen kuin poistut ikkunalta.<\/li>\n\n\n\n<li>Voit muokata opetusryhm\u00e4joukon tai yksitt\u00e4isen ryhm\u00e4n tietoja -painikkeesta.<\/li>\n\n\n\n<li>Voit lis\u00e4t\u00e4 opetusryhm\u00e4joukkoon uuden ryhm\u00e4n Lis\u00e4\u00e4 ryhmi\u00e4 + -painikkeesta.<\/li>\n\n\n\n<li>Voit poistaa opetusryhm\u00e4n joukon tai yksitt\u00e4isen ryhm\u00e4n x -painikkeesta<\/li>\n<\/ul>\n\n\n\n<p>Opetusryhm\u00e4tietoja voi niiden luomisen j\u00e4lkeen hy\u00f6dynt\u00e4\u00e4 rytmitys- ja tilatoiveissa:<\/p>\n\n\n\n<figure class=\"wp-block-image\"><img loading=\"lazy\" decoding=\"async\" width=\"894\" height=\"774\" src=\"https:\/\/help.jamk.fi\/peppi-ohjeet-henkilokunnalle\/wp-content\/uploads\/sites\/131\/2019\/12\/Opetusryhmat_toiveessa.jpg\" alt=\"Opetusryhmien k\u00e4ytt\u00e4minen rytmitys- ja tilatoiveissa\" class=\"wp-image-345\"\/><\/figure>\n","protected":false},"excerpt":{"rendered":"<p>Opettaja esitt\u00e4\u00e4 toteutustensa rytmitys- ja tilatarpita niist\u00e4 toteutuksista, joihin h\u00e4net on kiinnitetty. Tarpeita hy\u00f6dynnet\u00e4\u00e4n lukuj\u00e4rjestysten teossa. Huomioithan, ett\u00e4 n\u00e4m\u00e4 ovat ehdotuksia. Koulutuskoordinaattorit pyrkiv\u00e4t huomioimaan ehdotukset kokonaisuuden kannalta parhaalla mahdollisella tavalla lukuj\u00e4rjestysten teossa ryhm\u00e4n lukuj\u00e4rjestys etusijalla. Ryhm\u00e4n voi my\u00f6s jakaa lukuj\u00e4rjestyst\u00e4 varten pienryhmiin, ja n\u00e4iden k\u00e4ytt\u00f6 ohjeistetaan kohdassa 2 Opetusryhm\u00e4t. Esimerkkej\u00e4 rytmitystarpeiden eri k\u00e4yt\u00f6st\u00e4 voit lukea [&hellip;]<\/p>\n","protected":false},"author":76,"featured_media":0,"parent":4552,"menu_order":3,"comment_status":"closed","ping_status":"open","template":"","meta":{"_acf_changed":false,"_relevanssi_hide_post":"","_relevanssi_hide_content":"","_relevanssi_pin_for_all":"","_relevanssi_pin_keywords":"","_relevanssi_unpin_keywords":"","_relevanssi_related_keywords":"","_relevanssi_related_include_ids":"","_relevanssi_related_exclude_ids":"","_relevanssi_related_no_append":"","_relevanssi_related_not_related":"","_relevanssi_related_posts":"","_relevanssi_noindex_reason":"","footnotes":""},"categories":[1],"tags":[],"class_list":["post-4540","page","type-page","status-publish","hentry","category-uncategorised"],"acf":[],"yoast_head":"<!-- This site is optimized with the Yoast SEO plugin v27.4 - https:\/\/yoast.com\/product\/yoast-seo-wordpress\/ -->\n<title>Toteutuksen rytmitys- ja tilatarpeet sek\u00e4 opetusryhm\u00e4t - Peppi-ohjeet henkil\u00f6kunnalle<\/title>\n<meta name=\"robots\" content=\"index, follow, max-snippet:-1, max-image-preview:large, max-video-preview:-1\" \/>\n<link rel=\"canonical\" href=\"https:\/\/help.jamk.fi\/peppi-ohjeet-henkilokunnalle\/fi\/opettajan-ohjeet\/toteutuksen-rytmitys-ja-tilatoiveet-opettajan-ohje\/\" \/>\n<meta property=\"og:locale\" content=\"fi_FI\" \/>\n<meta property=\"og:type\" content=\"article\" \/>\n<meta property=\"og:title\" content=\"Toteutuksen rytmitys- ja tilatarpeet sek\u00e4 opetusryhm\u00e4t - Peppi-ohjeet henkil\u00f6kunnalle\" \/>\n<meta property=\"og:description\" content=\"Opettaja esitt\u00e4\u00e4 toteutustensa rytmitys- ja tilatarpita niist\u00e4 toteutuksista, joihin h\u00e4net on kiinnitetty. Tarpeita hy\u00f6dynnet\u00e4\u00e4n lukuj\u00e4rjestysten teossa. Huomioithan, ett\u00e4 n\u00e4m\u00e4 ovat ehdotuksia. Koulutuskoordinaattorit pyrkiv\u00e4t huomioimaan ehdotukset kokonaisuuden kannalta parhaalla mahdollisella tavalla lukuj\u00e4rjestysten teossa ryhm\u00e4n lukuj\u00e4rjestys etusijalla. Ryhm\u00e4n voi my\u00f6s jakaa lukuj\u00e4rjestyst\u00e4 varten pienryhmiin, ja n\u00e4iden k\u00e4ytt\u00f6 ohjeistetaan kohdassa 2 Opetusryhm\u00e4t. Esimerkkej\u00e4 rytmitystarpeiden eri k\u00e4yt\u00f6st\u00e4 voit lukea [&hellip;]\" \/>\n<meta property=\"og:url\" content=\"https:\/\/help.jamk.fi\/peppi-ohjeet-henkilokunnalle\/fi\/opettajan-ohjeet\/toteutuksen-rytmitys-ja-tilatoiveet-opettajan-ohje\/\" \/>\n<meta property=\"og:site_name\" content=\"Peppi-ohjeet henkil\u00f6kunnalle\" \/>\n<meta property=\"article:modified_time\" content=\"2025-12-03T07:39:37+00:00\" \/>\n<meta property=\"og:image\" content=\"https:\/\/help.jamk.fi\/peppi-ohjeet-henkilokunnalle\/wp-content\/uploads\/sites\/131\/2019\/12\/Etusivu_omat-toteutukset_480x125.jpg\" \/>\n\t<meta property=\"og:image:width\" content=\"480\" \/>\n\t<meta property=\"og:image:height\" content=\"194\" \/>\n\t<meta property=\"og:image:type\" content=\"image\/jpeg\" \/>\n<meta name=\"twitter:card\" content=\"summary_large_image\" \/>\n<meta name=\"twitter:label1\" content=\"Arvioitu lukuaika\" \/>\n\t<meta name=\"twitter:data1\" content=\"7 minuuttia\" \/>\n<script type=\"application\/ld+json\" class=\"yoast-schema-graph\">{\"@context\":\"https:\\\/\\\/schema.org\",\"@graph\":[{\"@type\":\"WebPage\",\"@id\":\"https:\\\/\\\/help.jamk.fi\\\/peppi-ohjeet-henkilokunnalle\\\/fi\\\/opettajan-ohjeet\\\/toteutuksen-rytmitys-ja-tilatoiveet-opettajan-ohje\\\/\",\"url\":\"https:\\\/\\\/help.jamk.fi\\\/peppi-ohjeet-henkilokunnalle\\\/fi\\\/opettajan-ohjeet\\\/toteutuksen-rytmitys-ja-tilatoiveet-opettajan-ohje\\\/\",\"name\":\"Toteutuksen rytmitys- ja tilatarpeet sek\u00e4 opetusryhm\u00e4t - Peppi-ohjeet henkil\u00f6kunnalle\",\"isPartOf\":{\"@id\":\"https:\\\/\\\/help.jamk.fi\\\/peppi-ohjeet-henkilokunnalle\\\/#website\"},\"primaryImageOfPage\":{\"@id\":\"https:\\\/\\\/help.jamk.fi\\\/peppi-ohjeet-henkilokunnalle\\\/fi\\\/opettajan-ohjeet\\\/toteutuksen-rytmitys-ja-tilatoiveet-opettajan-ohje\\\/#primaryimage\"},\"image\":{\"@id\":\"https:\\\/\\\/help.jamk.fi\\\/peppi-ohjeet-henkilokunnalle\\\/fi\\\/opettajan-ohjeet\\\/toteutuksen-rytmitys-ja-tilatoiveet-opettajan-ohje\\\/#primaryimage\"},\"thumbnailUrl\":\"https:\\\/\\\/help.jamk.fi\\\/peppi-ohjeet-henkilokunnalle\\\/wp-content\\\/uploads\\\/sites\\\/131\\\/2019\\\/12\\\/Etusivu_omat-toteutukset_480x125.jpg\",\"datePublished\":\"2019-12-02T11:54:08+00:00\",\"dateModified\":\"2025-12-03T07:39:37+00:00\",\"breadcrumb\":{\"@id\":\"https:\\\/\\\/help.jamk.fi\\\/peppi-ohjeet-henkilokunnalle\\\/fi\\\/opettajan-ohjeet\\\/toteutuksen-rytmitys-ja-tilatoiveet-opettajan-ohje\\\/#breadcrumb\"},\"inLanguage\":\"fi\",\"potentialAction\":[{\"@type\":\"ReadAction\",\"target\":[\"https:\\\/\\\/help.jamk.fi\\\/peppi-ohjeet-henkilokunnalle\\\/fi\\\/opettajan-ohjeet\\\/toteutuksen-rytmitys-ja-tilatoiveet-opettajan-ohje\\\/\"]}]},{\"@type\":\"ImageObject\",\"inLanguage\":\"fi\",\"@id\":\"https:\\\/\\\/help.jamk.fi\\\/peppi-ohjeet-henkilokunnalle\\\/fi\\\/opettajan-ohjeet\\\/toteutuksen-rytmitys-ja-tilatoiveet-opettajan-ohje\\\/#primaryimage\",\"url\":\"https:\\\/\\\/help.jamk.fi\\\/peppi-ohjeet-henkilokunnalle\\\/wp-content\\\/uploads\\\/sites\\\/131\\\/2019\\\/12\\\/Etusivu_omat-toteutukset_480x125.jpg\",\"contentUrl\":\"https:\\\/\\\/help.jamk.fi\\\/peppi-ohjeet-henkilokunnalle\\\/wp-content\\\/uploads\\\/sites\\\/131\\\/2019\\\/12\\\/Etusivu_omat-toteutukset_480x125.jpg\",\"width\":480,\"height\":194,\"caption\":\"Opettaja n\u00e4kee h\u00e4nelle kiinnitetyt toteutuksensa Opettajan ty\u00f6p\u00f6yd\u00e4n Omat toteutukset -kohdasta\"},{\"@type\":\"BreadcrumbList\",\"@id\":\"https:\\\/\\\/help.jamk.fi\\\/peppi-ohjeet-henkilokunnalle\\\/fi\\\/opettajan-ohjeet\\\/toteutuksen-rytmitys-ja-tilatoiveet-opettajan-ohje\\\/#breadcrumb\",\"itemListElement\":[{\"@type\":\"ListItem\",\"position\":1,\"name\":\"Home\",\"item\":\"https:\\\/\\\/help.jamk.fi\\\/peppi-ohjeet-henkilokunnalle\\\/en\\\/\"},{\"@type\":\"ListItem\",\"position\":2,\"name\":\"Opettajan ohjeet\",\"item\":\"https:\\\/\\\/help.jamk.fi\\\/peppi-ohjeet-henkilokunnalle\\\/fi\\\/opettajan-ohjeet\\\/\"},{\"@type\":\"ListItem\",\"position\":3,\"name\":\"Toteutuksen rytmitys- ja tilatarpeet sek\u00e4 opetusryhm\u00e4t\"}]},{\"@type\":\"WebSite\",\"@id\":\"https:\\\/\\\/help.jamk.fi\\\/peppi-ohjeet-henkilokunnalle\\\/#website\",\"url\":\"https:\\\/\\\/help.jamk.fi\\\/peppi-ohjeet-henkilokunnalle\\\/\",\"name\":\"Peppi-ohjeet henkil\u00f6kunnalle\",\"description\":\"\",\"potentialAction\":[{\"@type\":\"SearchAction\",\"target\":{\"@type\":\"EntryPoint\",\"urlTemplate\":\"https:\\\/\\\/help.jamk.fi\\\/peppi-ohjeet-henkilokunnalle\\\/?s={search_term_string}\"},\"query-input\":{\"@type\":\"PropertyValueSpecification\",\"valueRequired\":true,\"valueName\":\"search_term_string\"}}],\"inLanguage\":\"fi\"}]}<\/script>\n<!-- \/ Yoast SEO plugin. -->","yoast_head_json":{"title":"Toteutuksen rytmitys- ja tilatarpeet sek\u00e4 opetusryhm\u00e4t - Peppi-ohjeet henkil\u00f6kunnalle","robots":{"index":"index","follow":"follow","max-snippet":"max-snippet:-1","max-image-preview":"max-image-preview:large","max-video-preview":"max-video-preview:-1"},"canonical":"https:\/\/help.jamk.fi\/peppi-ohjeet-henkilokunnalle\/fi\/opettajan-ohjeet\/toteutuksen-rytmitys-ja-tilatoiveet-opettajan-ohje\/","og_locale":"fi_FI","og_type":"article","og_title":"Toteutuksen rytmitys- ja tilatarpeet sek\u00e4 opetusryhm\u00e4t - Peppi-ohjeet henkil\u00f6kunnalle","og_description":"Opettaja esitt\u00e4\u00e4 toteutustensa rytmitys- ja tilatarpita niist\u00e4 toteutuksista, joihin h\u00e4net on kiinnitetty. Tarpeita hy\u00f6dynnet\u00e4\u00e4n lukuj\u00e4rjestysten teossa. Huomioithan, ett\u00e4 n\u00e4m\u00e4 ovat ehdotuksia. Koulutuskoordinaattorit pyrkiv\u00e4t huomioimaan ehdotukset kokonaisuuden kannalta parhaalla mahdollisella tavalla lukuj\u00e4rjestysten teossa ryhm\u00e4n lukuj\u00e4rjestys etusijalla. Ryhm\u00e4n voi my\u00f6s jakaa lukuj\u00e4rjestyst\u00e4 varten pienryhmiin, ja n\u00e4iden k\u00e4ytt\u00f6 ohjeistetaan kohdassa 2 Opetusryhm\u00e4t. Esimerkkej\u00e4 rytmitystarpeiden eri k\u00e4yt\u00f6st\u00e4 voit lukea [&hellip;]","og_url":"https:\/\/help.jamk.fi\/peppi-ohjeet-henkilokunnalle\/fi\/opettajan-ohjeet\/toteutuksen-rytmitys-ja-tilatoiveet-opettajan-ohje\/","og_site_name":"Peppi-ohjeet henkil\u00f6kunnalle","article_modified_time":"2025-12-03T07:39:37+00:00","og_image":[{"width":480,"height":194,"url":"https:\/\/help.jamk.fi\/peppi-ohjeet-henkilokunnalle\/wp-content\/uploads\/sites\/131\/2019\/12\/Etusivu_omat-toteutukset_480x125.jpg","type":"image\/jpeg"}],"twitter_card":"summary_large_image","twitter_misc":{"Arvioitu lukuaika":"7 minuuttia"},"schema":{"@context":"https:\/\/schema.org","@graph":[{"@type":"WebPage","@id":"https:\/\/help.jamk.fi\/peppi-ohjeet-henkilokunnalle\/fi\/opettajan-ohjeet\/toteutuksen-rytmitys-ja-tilatoiveet-opettajan-ohje\/","url":"https:\/\/help.jamk.fi\/peppi-ohjeet-henkilokunnalle\/fi\/opettajan-ohjeet\/toteutuksen-rytmitys-ja-tilatoiveet-opettajan-ohje\/","name":"Toteutuksen rytmitys- ja tilatarpeet sek\u00e4 opetusryhm\u00e4t - Peppi-ohjeet henkil\u00f6kunnalle","isPartOf":{"@id":"https:\/\/help.jamk.fi\/peppi-ohjeet-henkilokunnalle\/#website"},"primaryImageOfPage":{"@id":"https:\/\/help.jamk.fi\/peppi-ohjeet-henkilokunnalle\/fi\/opettajan-ohjeet\/toteutuksen-rytmitys-ja-tilatoiveet-opettajan-ohje\/#primaryimage"},"image":{"@id":"https:\/\/help.jamk.fi\/peppi-ohjeet-henkilokunnalle\/fi\/opettajan-ohjeet\/toteutuksen-rytmitys-ja-tilatoiveet-opettajan-ohje\/#primaryimage"},"thumbnailUrl":"https:\/\/help.jamk.fi\/peppi-ohjeet-henkilokunnalle\/wp-content\/uploads\/sites\/131\/2019\/12\/Etusivu_omat-toteutukset_480x125.jpg","datePublished":"2019-12-02T11:54:08+00:00","dateModified":"2025-12-03T07:39:37+00:00","breadcrumb":{"@id":"https:\/\/help.jamk.fi\/peppi-ohjeet-henkilokunnalle\/fi\/opettajan-ohjeet\/toteutuksen-rytmitys-ja-tilatoiveet-opettajan-ohje\/#breadcrumb"},"inLanguage":"fi","potentialAction":[{"@type":"ReadAction","target":["https:\/\/help.jamk.fi\/peppi-ohjeet-henkilokunnalle\/fi\/opettajan-ohjeet\/toteutuksen-rytmitys-ja-tilatoiveet-opettajan-ohje\/"]}]},{"@type":"ImageObject","inLanguage":"fi","@id":"https:\/\/help.jamk.fi\/peppi-ohjeet-henkilokunnalle\/fi\/opettajan-ohjeet\/toteutuksen-rytmitys-ja-tilatoiveet-opettajan-ohje\/#primaryimage","url":"https:\/\/help.jamk.fi\/peppi-ohjeet-henkilokunnalle\/wp-content\/uploads\/sites\/131\/2019\/12\/Etusivu_omat-toteutukset_480x125.jpg","contentUrl":"https:\/\/help.jamk.fi\/peppi-ohjeet-henkilokunnalle\/wp-content\/uploads\/sites\/131\/2019\/12\/Etusivu_omat-toteutukset_480x125.jpg","width":480,"height":194,"caption":"Opettaja n\u00e4kee h\u00e4nelle kiinnitetyt toteutuksensa Opettajan ty\u00f6p\u00f6yd\u00e4n Omat toteutukset -kohdasta"},{"@type":"BreadcrumbList","@id":"https:\/\/help.jamk.fi\/peppi-ohjeet-henkilokunnalle\/fi\/opettajan-ohjeet\/toteutuksen-rytmitys-ja-tilatoiveet-opettajan-ohje\/#breadcrumb","itemListElement":[{"@type":"ListItem","position":1,"name":"Home","item":"https:\/\/help.jamk.fi\/peppi-ohjeet-henkilokunnalle\/en\/"},{"@type":"ListItem","position":2,"name":"Opettajan ohjeet","item":"https:\/\/help.jamk.fi\/peppi-ohjeet-henkilokunnalle\/fi\/opettajan-ohjeet\/"},{"@type":"ListItem","position":3,"name":"Toteutuksen rytmitys- ja tilatarpeet sek\u00e4 opetusryhm\u00e4t"}]},{"@type":"WebSite","@id":"https:\/\/help.jamk.fi\/peppi-ohjeet-henkilokunnalle\/#website","url":"https:\/\/help.jamk.fi\/peppi-ohjeet-henkilokunnalle\/","name":"Peppi-ohjeet henkil\u00f6kunnalle","description":"","potentialAction":[{"@type":"SearchAction","target":{"@type":"EntryPoint","urlTemplate":"https:\/\/help.jamk.fi\/peppi-ohjeet-henkilokunnalle\/?s={search_term_string}"},"query-input":{"@type":"PropertyValueSpecification","valueRequired":true,"valueName":"search_term_string"}}],"inLanguage":"fi"}]}},"_links":{"self":[{"href":"https:\/\/help.jamk.fi\/peppi-ohjeet-henkilokunnalle\/wp-json\/wp\/v2\/pages\/4540","targetHints":{"allow":["GET"]}}],"collection":[{"href":"https:\/\/help.jamk.fi\/peppi-ohjeet-henkilokunnalle\/wp-json\/wp\/v2\/pages"}],"about":[{"href":"https:\/\/help.jamk.fi\/peppi-ohjeet-henkilokunnalle\/wp-json\/wp\/v2\/types\/page"}],"author":[{"embeddable":true,"href":"https:\/\/help.jamk.fi\/peppi-ohjeet-henkilokunnalle\/wp-json\/wp\/v2\/users\/76"}],"replies":[{"embeddable":true,"href":"https:\/\/help.jamk.fi\/peppi-ohjeet-henkilokunnalle\/wp-json\/wp\/v2\/comments?post=4540"}],"version-history":[{"count":7,"href":"https:\/\/help.jamk.fi\/peppi-ohjeet-henkilokunnalle\/wp-json\/wp\/v2\/pages\/4540\/revisions"}],"predecessor-version":[{"id":7904,"href":"https:\/\/help.jamk.fi\/peppi-ohjeet-henkilokunnalle\/wp-json\/wp\/v2\/pages\/4540\/revisions\/7904"}],"up":[{"embeddable":true,"href":"https:\/\/help.jamk.fi\/peppi-ohjeet-henkilokunnalle\/wp-json\/wp\/v2\/pages\/4552"}],"wp:attachment":[{"href":"https:\/\/help.jamk.fi\/peppi-ohjeet-henkilokunnalle\/wp-json\/wp\/v2\/media?parent=4540"}],"wp:term":[{"taxonomy":"category","embeddable":true,"href":"https:\/\/help.jamk.fi\/peppi-ohjeet-henkilokunnalle\/wp-json\/wp\/v2\/categories?post=4540"},{"taxonomy":"post_tag","embeddable":true,"href":"https:\/\/help.jamk.fi\/peppi-ohjeet-henkilokunnalle\/wp-json\/wp\/v2\/tags?post=4540"}],"curies":[{"name":"wp","href":"https:\/\/api.w.org\/{rel}","templated":true}]}}