{"id":4542,"date":"2019-12-02T13:52:58","date_gmt":"2019-12-02T11:52:58","guid":{"rendered":"https:\/\/help.jamk.fi\/peppi-ohjeet-henkilokunnalle\/resurssien-suunnittelu-ja-varaus\/varausten-listaus-ja-massahallinta\/"},"modified":"2024-01-19T16:00:51","modified_gmt":"2024-01-19T14:00:51","slug":"varausten-listaus-ja-massahallinta","status":"publish","type":"page","link":"https:\/\/help.jamk.fi\/peppi-ohjeet-henkilokunnalle\/fi\/resurssien-suunnittelu-ja-varaus\/varausten-listaus-ja-massahallinta\/","title":{"rendered":"Varausten listaus ja massahallinta"},"content":{"rendered":"\n<p>T\u00e4ss\u00e4 n\u00e4kym\u00e4ss\u00e4 voi hakea eri hakuehdoin varauksia listaan ja muokata useita varauksia samaan aikaan. Toiminto l\u00f6ytyy <em>Resurssien suunnittelu ja varaus<\/em> -osiosta, kun valitset <em>Varausten listaus ja massahallinta<\/em>.<\/p>\n\n\n\n<p>Tyypillisin esimerkki on julkaista varauksia massana, jonka j\u00e4lkeen varaukset n\u00e4kyv\u00e4t my\u00f6s opiskelijoille (lukuj\u00e4rjestyksien julkaisu):<\/p>\n\n\n\n<p><iframe loading=\"lazy\" style=\"padding: 0px; border: 1px solid #464646;\" src=\"https:\/\/panopto.jamk.fi\/Panopto\/Pages\/Embed.aspx?id=ac992346-8f58-46bb-a55d-ab970135593f&amp;v=1\" allowfullscreen=\"allowfullscreen\" width=\"720\" height=\"405\" frameborder=\"0\"><\/iframe><\/p>\n\n\n\n<figure class=\"wp-block-image\"><img loading=\"lazy\" decoding=\"async\" width=\"640\" height=\"217\" src=\"https:\/\/help.jamk.fi\/peppi-ohjeet-henkilokunnalle\/wp-content\/uploads\/sites\/131\/2020\/02\/Massahallinta_tuotanto.jpg\" alt=\"Varausten listaus ja massahallinto -toiminnolla valitaan erilaisia hakuehtoja, jolla haetaan varauksia muokattavaksi\" class=\"wp-image-457\"\/><\/figure>\n\n\n\n<p>Huom! Osa kuvassa olevista painonapeista n\u00e4kyy vain suunnittelijaroolilla oleville k\u00e4ytt\u00e4jille ja p\u00e4\u00e4k\u00e4ytt\u00e4jille!<\/p>\n\n\n\n<p>M\u00e4\u00e4rit\u00e4 hakuehdot haluamaksesi ja k\u00e4ynnist\u00e4 haku vihre\u00e4ll\u00e4 <em>Hae<\/em>-painikkeella. Voit valita itse, mit\u00e4 sarakkeita n\u00e4ytet\u00e4\u00e4n hakutuloksissa klikkaamalla <em>Sarakkee<\/em>t-painiketta.<\/p>\n\n\n\n<p>Tee haku varauksista k\u00e4ytt\u00e4m\u00e4ll\u00e4 joko<\/p>\n\n\n\n<p>a. pikahakuja vasemmalla (Omat varaukset tai Tallennetut haut)<\/p>\n\n\n\n<p>b. valitsemalla hakuehdot itse oikean puolen valikoista<\/p>\n\n\n\n<ol class=\"wp-block-list\">\n<li>Sy\u00f6t\u00e4 p\u00e4iv\u00e4m\u00e4\u00e4r\u00e4v\u00e4li, jolta haet varauksia<\/li>\n\n\n\n<li>Voit rajata hakua m\u00e4\u00e4rittelem\u00e4ll\u00e4 varauksen tekij\u00e4n, tilan, ryhm\u00e4n, toteutuksen toimipisteen tai aiheen. Muihin kuin<em> Varauksen tekij\u00e4<\/em> -kentt\u00e4\u00e4n voit laittaa useamman hakuvaihtoehdon.<\/li>\n<\/ol>\n\n\n\n<p>Esimerkkej\u00e4 k\u00e4yt\u00f6st\u00e4 ja esimerkkivideo l\u00f6ytyy kohdasta 2.<\/p>\n\n\n\n<h2 class=\"wp-block-heading\" id=\"teko\">1 Massamuokkausten teko ja tallentaminen<\/h2>\n\n\n\n<p>M\u00e4\u00e4rit\u00e4 etusivun n\u00e4kym\u00e4ss\u00e4 hakuehdot ja hae varaukset. Voit valita itse, mit\u00e4 sarakkeita n\u00e4ytet\u00e4\u00e4n hakutuloksissa klikkaamalla <em>Sarakkeet<\/em>-painiketta.<\/p>\n\n\n\n<h3 class=\"wp-block-heading\">1.1 Hakujen tallentaminen<\/h3>\n\n\n\n<p>Kun olet tehnyt haluamasi haun, paina <em>Tallenna haku<\/em> -painiketta. Kirjoita Nimi-kentt\u00e4\u00e4n haun nimi.<\/p>\n\n\n\n<p>Jos haluat ryhmitell\u00e4 hakuja, luo ryhm\u00e4 n\u00e4in: Kirjoita ensin haluamasi ryhm\u00e4n nimi ja laita per\u00e4\u00e4n \/-viiva, jonka j\u00e4lkeen kirjoita haun nimi. Esimerkiksi Syksyn 2020 tapahtumat\/AOKK.<\/p>\n\n\n\n<figure class=\"wp-block-image\"><img loading=\"lazy\" decoding=\"async\" width=\"307\" height=\"225\" src=\"https:\/\/help.jamk.fi\/peppi-ohjeet-henkilokunnalle\/wp-content\/uploads\/sites\/131\/2020\/05\/Tallenna-uusi-haku.jpg\" alt=\"Tallenna haku ja luo ryhm\u00e4\" class=\"wp-image-1784\"\/><\/figure>\n\n\n\n<p>T\u00e4ll\u00f6in haku luo ryhm\u00e4n Syksyn 2020 tapahtumat, jonka alla on haku nimelt\u00e4 AOKK.<\/p>\n\n\n\n<figure class=\"wp-block-image\"><img loading=\"lazy\" decoding=\"async\" width=\"207\" height=\"65\" src=\"https:\/\/help.jamk.fi\/peppi-ohjeet-henkilokunnalle\/wp-content\/uploads\/sites\/131\/2020\/05\/Ryhma.jpg\" alt=\"Ryhm\u00e4listaus hauista\" class=\"wp-image-1785\"\/><\/figure>\n\n\n\n<p>Jos haluat lis\u00e4t\u00e4 uuden haun kyseisen ryhm\u00e4n alle, kirjoitat ryhm\u00e4n nimen taas ensiksi.<\/p>\n\n\n\n<h3 class=\"wp-block-heading\">1.2 Massamuokkauksen teko<\/h3>\n\n\n\n<p>1. Valitse muutettavat esiintym\u00e4t klikkaamalla rivin edess\u00e4 olevaa valintamerkki\u00e4 tai valitse kaikki klikkaamalla <em>Viikonp\u00e4iv\u00e4<\/em>-sanan edess\u00e4 olevaa valintamerkki\u00e4.<\/p>\n\n\n\n<ol class=\"wp-block-list\">\n<li>Tarkista, montako hakutulosta haku on palauttanut ja montako hakutulosta n\u00e4kyy etusivulla. Mahdollisesti hakutuloksia voi olla jaettu useammalle sivulle. Voit valita, montako hakutulosrivi\u00e4 sivulla n\u00e4kyy, jotta saat halutessasi valittua kaikki hakemasi varaukset kerralla muokattavaksi.<\/li>\n<\/ol>\n\n\n\n<p>2. Valitse sen j\u00e4lkeen, haluatko muuttaa varausten tilaa vai muokata niit\u00e4<\/p>\n\n\n\n<figure class=\"wp-block-image\"><img loading=\"lazy\" decoding=\"async\" width=\"640\" height=\"139\" src=\"https:\/\/help.jamk.fi\/peppi-ohjeet-henkilokunnalle\/wp-content\/uploads\/sites\/131\/2020\/02\/Listaus_teevalituille.jpg\" alt=\"Kun valitut varaukset on valittu, voi valita, mit\u00e4 niille tehd\u00e4\u00e4n\" class=\"wp-image-460\"\/><\/figure>\n\n\n\n<p>3. Jos valitset lis\u00e4\u00e4 muokattavien listaan, yl\u00e4puolelle ilmestyy sininen palkki. Klikkaa siin\u00e4 olevaa <em>Tee massamuutos<\/em> -painiketta.<\/p>\n\n\n\n<figure class=\"wp-block-image\"><img loading=\"lazy\" decoding=\"async\" width=\"640\" height=\"98\" src=\"https:\/\/help.jamk.fi\/peppi-ohjeet-henkilokunnalle\/wp-content\/uploads\/sites\/131\/2020\/02\/Lisaamuokattavatlistaan.jpg\" alt=\"Valitse tee massamuokkaus, niin sinisess\u00e4 palkissa n\u00e4kyy muokkausvaihtoehdot\" class=\"wp-image-461\"\/><\/figure>\n\n\n\n<p>4. Valitut\/toistuvat esiintym\u00e4t listautuvat sivun yl\u00e4osaan ja uudet tiedot voi m\u00e4\u00e4ritt\u00e4\u00e4 sivun alalaitaan<\/p>\n\n\n\n<figure class=\"wp-block-image\"><img loading=\"lazy\" decoding=\"async\" width=\"640\" height=\"270\" src=\"https:\/\/help.jamk.fi\/peppi-ohjeet-henkilokunnalle\/wp-content\/uploads\/sites\/131\/2020\/02\/Massavaraus_perusnakyma.jpg\" alt=\"Massavarauksen hallinnassa ylh\u00e4\u00e4ll\u00e4 n\u00e4kyv\u00e4t valitut varaukset. Alhaalla voi m\u00e4\u00e4ritt\u00e4\u00e4, mit\u00e4 tietoja kustakin varauksesta muokkaa\" class=\"wp-image-466\"\/><\/figure>\n\n\n\n<p>5. Kun m\u00e4\u00e4rit\u00e4t valintamerkin <em>Toiminto<\/em>-sarakkeeseen, p\u00e4\u00e4set muokkaamaan ko. tietoja. Muuta tiedot haluamaksesi.<\/p>\n\n\n\n<ul class=\"wp-block-list\">\n<li>Status &#8211; ovatko varaukset ehdotus-, luonnos- vai julkaistu-tilassa<\/li>\n\n\n\n<li>Toteutus &#8211; voit m\u00e4\u00e4ritt\u00e4\u00e4, mille toteutuksille varaukset ovat. Toteutusta ei k\u00e4ytet\u00e4, jos kyseess\u00e4 on tapahtumavaraus\n<ul class=\"wp-block-list\">\n<li>Lis\u00e4\u00e4-valikko &#8211; voit lis\u00e4t\u00e4 valitsemillesi varauksille toisen toteutuksen<\/li>\n\n\n\n<li>Korvaa-valikko &#8211; voit korvata valitsemistasi varauksistasi toteutuksen jollain toisella toteutuksella<\/li>\n\n\n\n<li>Tyhjenn\u00e4-valikko &#8211; voit poistaa toteutuksen valitsemiltasi varauksilta<\/li>\n<\/ul>\n<\/li>\n\n\n\n<li>Ryhm\u00e4 &#8211; voit m\u00e4\u00e4ritt\u00e4\u00e4, mille ryhmille varaukset ovat. Ryhmi\u00e4 ei k\u00e4ytet\u00e4, jos kyseess\u00e4 on tapahtumavaraus\n<ul class=\"wp-block-list\">\n<li>Lis\u00e4\u00e4-valikko &#8211; voit lis\u00e4t\u00e4 valitsemillesi varauksille ryhmi\u00e4<\/li>\n\n\n\n<li>Korvaa-valikko &#8211; voit korvata valitsemistasi varauksistasi ryhm\u00e4n\/t jollain toisella ryhm\u00e4ll\u00e4\/ryhmill\u00e4<\/li>\n\n\n\n<li>Tyhjenn\u00e4-valikko &#8211; voit poistaa ryhm\u00e4n valitsemiltasi varauksilta<\/li>\n<\/ul>\n<\/li>\n\n\n\n<li>Henkil\u00f6t &#8211; voit m\u00e4\u00e4ritt\u00e4\u00e4, keille henkil\u00f6ille varaukset ovat. Opetusvarauksissa valitaan kyseisen toteutuksen opettaja. Muissa varauksissa varauksen vastuuhenkil\u00f6\n<ul class=\"wp-block-list\">\n<li>Lis\u00e4\u00e4-valikko &#8211; voit lis\u00e4t\u00e4 valitsemillesi varauksille henkil\u00f6it\u00e4<\/li>\n\n\n\n<li>Korvaa-valikko &#8211; voit korvata valitsemistasi varauksistasi henkil\u00f6n\/t jollain toisella henkil\u00f6(i)ll\u00e4<\/li>\n\n\n\n<li>Tyhjenn\u00e4-valikko &#8211; voit poistaa henkil\u00f6n valitsemiltasi varauksilta<\/li>\n<\/ul>\n<\/li>\n\n\n\n<li>Tila &#8211; voit m\u00e4\u00e4ritt\u00e4\u00e4, miss\u00e4 tiloissa valitut varaukset ovat\n<ul class=\"wp-block-list\">\n<li>Lis\u00e4\u00e4-valikko &#8211; voit lis\u00e4t\u00e4 valitsemillesi varauksille tilan\/tiloja<\/li>\n\n\n\n<li>Korvaa-valikko &#8211; voit korvata valitsemistasi varauksistasi tilan\/t muilla tiloilla<\/li>\n\n\n\n<li>Tyhjenn\u00e4-valikko &#8211; voit poistaa tilan\/t valitsemiltasi varauksilta<\/li>\n<\/ul>\n<\/li>\n\n\n\n<li>Ulkopuolinen tila\n<ul class=\"wp-block-list\">\n<li>Aseta-valikko &#8211; voit m\u00e4\u00e4ritt\u00e4\u00e4 ulkopuolisen tilan valitsemillesi varauksille<\/li>\n\n\n\n<li>Tyhjenn\u00e4-valikko &#8211; voi poistaa ulkopuolisen tilan valitsemiltasi varauksilta<\/li>\n<\/ul>\n<\/li>\n\n\n\n<li>Aihe &#8211; voit asettaa aiheen valitsemillesi varauksille. Aihe tarkoittaa varauksen nime\u00e4. T\u00e4t\u00e4 k\u00e4ytet\u00e4\u00e4n muissa kuin opetusvarauksissa<\/li>\n\n\n\n<li>Lis\u00e4tieto &#8211; voit lis\u00e4t\u00e4 haluamiisi varauksiisi lis\u00e4tietoja tai tyhjent\u00e4\u00e4 jo lis\u00e4ttyj\u00e4 lis\u00e4tietoja<\/li>\n\n\n\n<li>Kellonaika &#8211; voit muokata valitsemiesi varausten kellonaikaa. P\u00e4iv\u00e4m\u00e4\u00e4r\u00e4\u00e4 ei voi muokata t\u00e4st\u00e4<\/li>\n\n\n\n<li>Kustannuspaikka &#8211; voit muokata valitsemiesi varausten kustannuspaikkaa.<\/li>\n<\/ul>\n\n\n\n<p>6. Hyv\u00e4ksy ja tallenna muutokset <em>Tee muutokset<\/em> -painikkeella.<\/p>\n\n\n\n<p>7. Sivun yl\u00e4osaan tulee vihre\u00e4\u00e4n palkkiin tieto uuden tiedon tallennuksesta ja listauksessa n\u00e4kyy muuttunut tieto.<\/p>\n\n\n\n<h2 class=\"wp-block-heading\" id=\"esimerkki\">2 Esimerkkej\u00e4 massamuokkauksen k\u00e4ytt\u00e4misest\u00e4<\/h2>\n\n\n\n<p><iframe loading=\"lazy\" style=\"padding: 0px; border: 1px solid #464646;\" src=\"https:\/\/panopto.jamk.fi\/Panopto\/Pages\/Embed.aspx?id=b4d54180-2f6d-4a3f-a307-ab980041f7c0&amp;v=1\" allowfullscreen=\"allowfullscreen\" width=\"720\" height=\"405\" frameborder=\"0\"><\/iframe><\/p>\n\n\n\n<h3 class=\"wp-block-heading\">2.1 Case: Statuksen vaihtaminen useaan varaukseen<\/h3>\n\n\n\n<ul class=\"wp-block-list\">\n<li>Hae varaukset<\/li>\n\n\n\n<li>Valitse haluamasi varaukset<\/li>\n\n\n\n<li>Valitse <em>Tee valituille<\/em>-painikkeen alta haluamasi status<\/li>\n<\/ul>\n\n\n\n<h4 class=\"wp-block-heading\">Muutosten teko taulukkon\u00e4kym\u00e4ss\u00e4<\/h4>\n\n\n\n<ul class=\"wp-block-list\">\n<li>Hae varaukset<\/li>\n\n\n\n<li>Valitse haluamasi varaukset<\/li>\n\n\n\n<li>Klikkaa sinisest\u00e4 palkista <em>Muokkaa taulukossa<\/em> -painiketta ja taulukkon\u00e4kym\u00e4 aukeaa uuteen selainikkunaan<\/li>\n<\/ul>\n\n\n\n<figure class=\"wp-block-image\"><img loading=\"lazy\" decoding=\"async\" width=\"640\" height=\"75\" src=\"https:\/\/help.jamk.fi\/peppi-ohjeet-henkilokunnalle\/wp-content\/uploads\/sites\/131\/2020\/02\/Muokkaataulukossa.jpg\" alt=\"N\u00e4kym\u00e4, kun valitsee muokkaa taulukkom\u00e4kym\u00e4ss\u00e4 -toiminnon\" class=\"wp-image-468\"\/><\/figure>\n\n\n\n<p>Tee haluamasi muutokset taulukon solussa. Tiedot tallentuvat automaattisesti.<\/p>\n\n\n\n<ul class=\"wp-block-list\">\n<li>plus-merkist\u00e4 lis\u00e4\u00e4t tiloja, toteutuksia, henkil\u00f6it\u00e4 tai ryhmi\u00e4. Hakulaatikko aktivoituu sivun vasempaan yl\u00e4laitaan.<\/li>\n\n\n\n<li>valittuja resursseja voi poistaa painamalla kunkin resurssin edess\u00e4 olevaa ruksia. J\u00e4rjestelm\u00e4 kysyy poistosta viel\u00e4 vahvistuksen<\/li>\n<\/ul>\n\n\n\n<h3 class=\"wp-block-heading\">2.2 Case: Omien julkaisemattomien varausten valmislista<\/h3>\n\n\n\n<p>T\u00e4ll\u00e4 esimerkill\u00e4 voit tehd\u00e4 valmiin listan julkaisemattomista varauksista, jotka olet tallentanut j\u00e4rjestelm\u00e4\u00e4n.<\/p>\n\n\n\n<ul class=\"wp-block-list\">\n<li>Avaa Pepin resurssien suunnittelu- ja varausv\u00e4line ja valitse <em>Resurssien listaus ja massahallinta<\/em><\/li>\n\n\n\n<li>Aseta hakuehdot<\/li>\n\n\n\n<li>Ota rasti pois kohdasta <em>Status<\/em> -&gt; julkaistu (halutaan hakea vain julkaisemattomia varauksia)<\/li>\n\n\n\n<li>Aseta loppup\u00e4iv\u00e4m\u00e4\u00e4r\u00e4 pitk\u00e4lle tulevaisuuteen esim. 1.1.2100<\/li>\n\n\n\n<li>J\u00e4t\u00e4 alkup\u00e4iv\u00e4m\u00e4\u00e4r\u00e4 tyhj\u00e4ksi, tuolloin tallennettu haku hakee kentt\u00e4\u00e4n aina automaattisesti nykyisen p\u00e4iv\u00e4m\u00e4\u00e4r\u00e4n<\/li>\n\n\n\n<li>Hae V<em>arauksen tekij\u00e4<\/em> -kentt\u00e4\u00e4n oma nimesi<\/li>\n\n\n\n<li>Klikkaa <em>Hae<\/em> ja saat hakuehdon mukaiset tulokset.<\/li>\n\n\n\n<li>Klikkaa <em>Tallenna haku<\/em> ja aseta haun nimeksi esim. &#8221;Minun tekem\u00e4t julkaisemattomat varaukset&#8221; ja paina OK<\/li>\n\n\n\n<li>T\u00e4m\u00e4n j\u00e4lkeen tallennettu haku tulee aina n\u00e4kyviin Resurssien listaus ja massahallintaty\u00f6kalun vasempaan laitaan ja haku on k\u00e4ytett\u00e4viss\u00e4 yhdell\u00e4 klikkauksella.<\/li>\n<\/ul>\n","protected":false},"excerpt":{"rendered":"<p>T\u00e4ss\u00e4 n\u00e4kym\u00e4ss\u00e4 voi hakea eri hakuehdoin varauksia listaan ja muokata useita varauksia samaan aikaan. Toiminto l\u00f6ytyy Resurssien suunnittelu ja varaus -osiosta, kun valitset Varausten listaus ja massahallinta. Tyypillisin esimerkki on julkaista varauksia massana, jonka j\u00e4lkeen varaukset n\u00e4kyv\u00e4t my\u00f6s opiskelijoille (lukuj\u00e4rjestyksien julkaisu): Huom! Osa kuvassa olevista painonapeista n\u00e4kyy vain suunnittelijaroolilla oleville k\u00e4ytt\u00e4jille ja p\u00e4\u00e4k\u00e4ytt\u00e4jille! M\u00e4\u00e4rit\u00e4 hakuehdot [&hellip;]<\/p>\n","protected":false},"author":76,"featured_media":0,"parent":4511,"menu_order":3,"comment_status":"closed","ping_status":"open","template":"","meta":{"_acf_changed":false,"_relevanssi_hide_post":"","_relevanssi_hide_content":"","_relevanssi_pin_for_all":"","_relevanssi_pin_keywords":"","_relevanssi_unpin_keywords":"","_relevanssi_related_keywords":"","_relevanssi_related_include_ids":"","_relevanssi_related_exclude_ids":"","_relevanssi_related_no_append":"","_relevanssi_related_not_related":"","_relevanssi_related_posts":"","_relevanssi_noindex_reason":"","footnotes":""},"categories":[1],"tags":[],"class_list":["post-4542","page","type-page","status-publish","hentry","category-uncategorised"],"acf":[],"yoast_head":"<!-- This site is optimized with the Yoast SEO plugin v27.4 - https:\/\/yoast.com\/product\/yoast-seo-wordpress\/ -->\n<title>Varausten listaus ja massahallinta - Peppi-ohjeet henkil\u00f6kunnalle<\/title>\n<meta name=\"robots\" content=\"index, follow, max-snippet:-1, max-image-preview:large, max-video-preview:-1\" \/>\n<link rel=\"canonical\" href=\"https:\/\/help.jamk.fi\/peppi-ohjeet-henkilokunnalle\/fi\/resurssien-suunnittelu-ja-varaus\/varausten-listaus-ja-massahallinta\/\" \/>\n<meta property=\"og:locale\" content=\"fi_FI\" \/>\n<meta property=\"og:type\" content=\"article\" \/>\n<meta property=\"og:title\" content=\"Varausten listaus ja massahallinta - Peppi-ohjeet henkil\u00f6kunnalle\" \/>\n<meta property=\"og:description\" content=\"T\u00e4ss\u00e4 n\u00e4kym\u00e4ss\u00e4 voi hakea eri hakuehdoin varauksia listaan ja muokata useita varauksia samaan aikaan. Toiminto l\u00f6ytyy Resurssien suunnittelu ja varaus -osiosta, kun valitset Varausten listaus ja massahallinta. Tyypillisin esimerkki on julkaista varauksia massana, jonka j\u00e4lkeen varaukset n\u00e4kyv\u00e4t my\u00f6s opiskelijoille (lukuj\u00e4rjestyksien julkaisu): Huom! Osa kuvassa olevista painonapeista n\u00e4kyy vain suunnittelijaroolilla oleville k\u00e4ytt\u00e4jille ja p\u00e4\u00e4k\u00e4ytt\u00e4jille! M\u00e4\u00e4rit\u00e4 hakuehdot [&hellip;]\" \/>\n<meta property=\"og:url\" content=\"https:\/\/help.jamk.fi\/peppi-ohjeet-henkilokunnalle\/fi\/resurssien-suunnittelu-ja-varaus\/varausten-listaus-ja-massahallinta\/\" \/>\n<meta property=\"og:site_name\" content=\"Peppi-ohjeet henkil\u00f6kunnalle\" \/>\n<meta property=\"article:modified_time\" content=\"2024-01-19T14:00:51+00:00\" \/>\n<meta property=\"og:image\" content=\"https:\/\/help.jamk.fi\/peppi-ohjeet-henkilokunnalle\/wp-content\/uploads\/sites\/131\/2020\/02\/Massahallinta_tuotanto.jpg\" \/>\n<meta name=\"twitter:card\" content=\"summary_large_image\" \/>\n<meta name=\"twitter:label1\" content=\"Arvioitu lukuaika\" \/>\n\t<meta name=\"twitter:data1\" content=\"6 minuuttia\" \/>\n<script type=\"application\/ld+json\" class=\"yoast-schema-graph\">{\"@context\":\"https:\\\/\\\/schema.org\",\"@graph\":[{\"@type\":\"WebPage\",\"@id\":\"https:\\\/\\\/help.jamk.fi\\\/peppi-ohjeet-henkilokunnalle\\\/fi\\\/resurssien-suunnittelu-ja-varaus\\\/varausten-listaus-ja-massahallinta\\\/\",\"url\":\"https:\\\/\\\/help.jamk.fi\\\/peppi-ohjeet-henkilokunnalle\\\/fi\\\/resurssien-suunnittelu-ja-varaus\\\/varausten-listaus-ja-massahallinta\\\/\",\"name\":\"Varausten listaus ja massahallinta - Peppi-ohjeet henkil\u00f6kunnalle\",\"isPartOf\":{\"@id\":\"https:\\\/\\\/help.jamk.fi\\\/peppi-ohjeet-henkilokunnalle\\\/#website\"},\"primaryImageOfPage\":{\"@id\":\"https:\\\/\\\/help.jamk.fi\\\/peppi-ohjeet-henkilokunnalle\\\/fi\\\/resurssien-suunnittelu-ja-varaus\\\/varausten-listaus-ja-massahallinta\\\/#primaryimage\"},\"image\":{\"@id\":\"https:\\\/\\\/help.jamk.fi\\\/peppi-ohjeet-henkilokunnalle\\\/fi\\\/resurssien-suunnittelu-ja-varaus\\\/varausten-listaus-ja-massahallinta\\\/#primaryimage\"},\"thumbnailUrl\":\"https:\\\/\\\/help.jamk.fi\\\/peppi-ohjeet-henkilokunnalle\\\/wp-content\\\/uploads\\\/sites\\\/131\\\/2020\\\/02\\\/Massahallinta_tuotanto.jpg\",\"datePublished\":\"2019-12-02T11:52:58+00:00\",\"dateModified\":\"2024-01-19T14:00:51+00:00\",\"breadcrumb\":{\"@id\":\"https:\\\/\\\/help.jamk.fi\\\/peppi-ohjeet-henkilokunnalle\\\/fi\\\/resurssien-suunnittelu-ja-varaus\\\/varausten-listaus-ja-massahallinta\\\/#breadcrumb\"},\"inLanguage\":\"fi\",\"potentialAction\":[{\"@type\":\"ReadAction\",\"target\":[\"https:\\\/\\\/help.jamk.fi\\\/peppi-ohjeet-henkilokunnalle\\\/fi\\\/resurssien-suunnittelu-ja-varaus\\\/varausten-listaus-ja-massahallinta\\\/\"]}]},{\"@type\":\"ImageObject\",\"inLanguage\":\"fi\",\"@id\":\"https:\\\/\\\/help.jamk.fi\\\/peppi-ohjeet-henkilokunnalle\\\/fi\\\/resurssien-suunnittelu-ja-varaus\\\/varausten-listaus-ja-massahallinta\\\/#primaryimage\",\"url\":\"https:\\\/\\\/help.jamk.fi\\\/peppi-ohjeet-henkilokunnalle\\\/wp-content\\\/uploads\\\/sites\\\/131\\\/2020\\\/02\\\/Massahallinta_tuotanto.jpg\",\"contentUrl\":\"https:\\\/\\\/help.jamk.fi\\\/peppi-ohjeet-henkilokunnalle\\\/wp-content\\\/uploads\\\/sites\\\/131\\\/2020\\\/02\\\/Massahallinta_tuotanto.jpg\",\"width\":640,\"height\":217,\"caption\":\"Varausten listaus ja massahallinto -toiminnolla valitaan erilaisia hakuehtoja, jolla haetaan varauksia muokattavaksi\"},{\"@type\":\"BreadcrumbList\",\"@id\":\"https:\\\/\\\/help.jamk.fi\\\/peppi-ohjeet-henkilokunnalle\\\/fi\\\/resurssien-suunnittelu-ja-varaus\\\/varausten-listaus-ja-massahallinta\\\/#breadcrumb\",\"itemListElement\":[{\"@type\":\"ListItem\",\"position\":1,\"name\":\"Home\",\"item\":\"https:\\\/\\\/help.jamk.fi\\\/peppi-ohjeet-henkilokunnalle\\\/en\\\/\"},{\"@type\":\"ListItem\",\"position\":2,\"name\":\"Resurssien suunnittelu ja varaus\",\"item\":\"https:\\\/\\\/help.jamk.fi\\\/peppi-ohjeet-henkilokunnalle\\\/fi\\\/resurssien-suunnittelu-ja-varaus\\\/\"},{\"@type\":\"ListItem\",\"position\":3,\"name\":\"Varausten listaus ja massahallinta\"}]},{\"@type\":\"WebSite\",\"@id\":\"https:\\\/\\\/help.jamk.fi\\\/peppi-ohjeet-henkilokunnalle\\\/#website\",\"url\":\"https:\\\/\\\/help.jamk.fi\\\/peppi-ohjeet-henkilokunnalle\\\/\",\"name\":\"Peppi-ohjeet henkil\u00f6kunnalle\",\"description\":\"\",\"potentialAction\":[{\"@type\":\"SearchAction\",\"target\":{\"@type\":\"EntryPoint\",\"urlTemplate\":\"https:\\\/\\\/help.jamk.fi\\\/peppi-ohjeet-henkilokunnalle\\\/?s={search_term_string}\"},\"query-input\":{\"@type\":\"PropertyValueSpecification\",\"valueRequired\":true,\"valueName\":\"search_term_string\"}}],\"inLanguage\":\"fi\"}]}<\/script>\n<!-- \/ Yoast SEO plugin. -->","yoast_head_json":{"title":"Varausten listaus ja massahallinta - Peppi-ohjeet henkil\u00f6kunnalle","robots":{"index":"index","follow":"follow","max-snippet":"max-snippet:-1","max-image-preview":"max-image-preview:large","max-video-preview":"max-video-preview:-1"},"canonical":"https:\/\/help.jamk.fi\/peppi-ohjeet-henkilokunnalle\/fi\/resurssien-suunnittelu-ja-varaus\/varausten-listaus-ja-massahallinta\/","og_locale":"fi_FI","og_type":"article","og_title":"Varausten listaus ja massahallinta - Peppi-ohjeet henkil\u00f6kunnalle","og_description":"T\u00e4ss\u00e4 n\u00e4kym\u00e4ss\u00e4 voi hakea eri hakuehdoin varauksia listaan ja muokata useita varauksia samaan aikaan. Toiminto l\u00f6ytyy Resurssien suunnittelu ja varaus -osiosta, kun valitset Varausten listaus ja massahallinta. Tyypillisin esimerkki on julkaista varauksia massana, jonka j\u00e4lkeen varaukset n\u00e4kyv\u00e4t my\u00f6s opiskelijoille (lukuj\u00e4rjestyksien julkaisu): Huom! Osa kuvassa olevista painonapeista n\u00e4kyy vain suunnittelijaroolilla oleville k\u00e4ytt\u00e4jille ja p\u00e4\u00e4k\u00e4ytt\u00e4jille! M\u00e4\u00e4rit\u00e4 hakuehdot [&hellip;]","og_url":"https:\/\/help.jamk.fi\/peppi-ohjeet-henkilokunnalle\/fi\/resurssien-suunnittelu-ja-varaus\/varausten-listaus-ja-massahallinta\/","og_site_name":"Peppi-ohjeet henkil\u00f6kunnalle","article_modified_time":"2024-01-19T14:00:51+00:00","og_image":[{"url":"https:\/\/help.jamk.fi\/peppi-ohjeet-henkilokunnalle\/wp-content\/uploads\/sites\/131\/2020\/02\/Massahallinta_tuotanto.jpg","type":"","width":"","height":""}],"twitter_card":"summary_large_image","twitter_misc":{"Arvioitu lukuaika":"6 minuuttia"},"schema":{"@context":"https:\/\/schema.org","@graph":[{"@type":"WebPage","@id":"https:\/\/help.jamk.fi\/peppi-ohjeet-henkilokunnalle\/fi\/resurssien-suunnittelu-ja-varaus\/varausten-listaus-ja-massahallinta\/","url":"https:\/\/help.jamk.fi\/peppi-ohjeet-henkilokunnalle\/fi\/resurssien-suunnittelu-ja-varaus\/varausten-listaus-ja-massahallinta\/","name":"Varausten listaus ja massahallinta - Peppi-ohjeet henkil\u00f6kunnalle","isPartOf":{"@id":"https:\/\/help.jamk.fi\/peppi-ohjeet-henkilokunnalle\/#website"},"primaryImageOfPage":{"@id":"https:\/\/help.jamk.fi\/peppi-ohjeet-henkilokunnalle\/fi\/resurssien-suunnittelu-ja-varaus\/varausten-listaus-ja-massahallinta\/#primaryimage"},"image":{"@id":"https:\/\/help.jamk.fi\/peppi-ohjeet-henkilokunnalle\/fi\/resurssien-suunnittelu-ja-varaus\/varausten-listaus-ja-massahallinta\/#primaryimage"},"thumbnailUrl":"https:\/\/help.jamk.fi\/peppi-ohjeet-henkilokunnalle\/wp-content\/uploads\/sites\/131\/2020\/02\/Massahallinta_tuotanto.jpg","datePublished":"2019-12-02T11:52:58+00:00","dateModified":"2024-01-19T14:00:51+00:00","breadcrumb":{"@id":"https:\/\/help.jamk.fi\/peppi-ohjeet-henkilokunnalle\/fi\/resurssien-suunnittelu-ja-varaus\/varausten-listaus-ja-massahallinta\/#breadcrumb"},"inLanguage":"fi","potentialAction":[{"@type":"ReadAction","target":["https:\/\/help.jamk.fi\/peppi-ohjeet-henkilokunnalle\/fi\/resurssien-suunnittelu-ja-varaus\/varausten-listaus-ja-massahallinta\/"]}]},{"@type":"ImageObject","inLanguage":"fi","@id":"https:\/\/help.jamk.fi\/peppi-ohjeet-henkilokunnalle\/fi\/resurssien-suunnittelu-ja-varaus\/varausten-listaus-ja-massahallinta\/#primaryimage","url":"https:\/\/help.jamk.fi\/peppi-ohjeet-henkilokunnalle\/wp-content\/uploads\/sites\/131\/2020\/02\/Massahallinta_tuotanto.jpg","contentUrl":"https:\/\/help.jamk.fi\/peppi-ohjeet-henkilokunnalle\/wp-content\/uploads\/sites\/131\/2020\/02\/Massahallinta_tuotanto.jpg","width":640,"height":217,"caption":"Varausten listaus ja massahallinto -toiminnolla valitaan erilaisia hakuehtoja, jolla haetaan varauksia muokattavaksi"},{"@type":"BreadcrumbList","@id":"https:\/\/help.jamk.fi\/peppi-ohjeet-henkilokunnalle\/fi\/resurssien-suunnittelu-ja-varaus\/varausten-listaus-ja-massahallinta\/#breadcrumb","itemListElement":[{"@type":"ListItem","position":1,"name":"Home","item":"https:\/\/help.jamk.fi\/peppi-ohjeet-henkilokunnalle\/en\/"},{"@type":"ListItem","position":2,"name":"Resurssien suunnittelu ja varaus","item":"https:\/\/help.jamk.fi\/peppi-ohjeet-henkilokunnalle\/fi\/resurssien-suunnittelu-ja-varaus\/"},{"@type":"ListItem","position":3,"name":"Varausten listaus ja massahallinta"}]},{"@type":"WebSite","@id":"https:\/\/help.jamk.fi\/peppi-ohjeet-henkilokunnalle\/#website","url":"https:\/\/help.jamk.fi\/peppi-ohjeet-henkilokunnalle\/","name":"Peppi-ohjeet henkil\u00f6kunnalle","description":"","potentialAction":[{"@type":"SearchAction","target":{"@type":"EntryPoint","urlTemplate":"https:\/\/help.jamk.fi\/peppi-ohjeet-henkilokunnalle\/?s={search_term_string}"},"query-input":{"@type":"PropertyValueSpecification","valueRequired":true,"valueName":"search_term_string"}}],"inLanguage":"fi"}]}},"_links":{"self":[{"href":"https:\/\/help.jamk.fi\/peppi-ohjeet-henkilokunnalle\/wp-json\/wp\/v2\/pages\/4542","targetHints":{"allow":["GET"]}}],"collection":[{"href":"https:\/\/help.jamk.fi\/peppi-ohjeet-henkilokunnalle\/wp-json\/wp\/v2\/pages"}],"about":[{"href":"https:\/\/help.jamk.fi\/peppi-ohjeet-henkilokunnalle\/wp-json\/wp\/v2\/types\/page"}],"author":[{"embeddable":true,"href":"https:\/\/help.jamk.fi\/peppi-ohjeet-henkilokunnalle\/wp-json\/wp\/v2\/users\/76"}],"replies":[{"embeddable":true,"href":"https:\/\/help.jamk.fi\/peppi-ohjeet-henkilokunnalle\/wp-json\/wp\/v2\/comments?post=4542"}],"version-history":[{"count":5,"href":"https:\/\/help.jamk.fi\/peppi-ohjeet-henkilokunnalle\/wp-json\/wp\/v2\/pages\/4542\/revisions"}],"predecessor-version":[{"id":6327,"href":"https:\/\/help.jamk.fi\/peppi-ohjeet-henkilokunnalle\/wp-json\/wp\/v2\/pages\/4542\/revisions\/6327"}],"up":[{"embeddable":true,"href":"https:\/\/help.jamk.fi\/peppi-ohjeet-henkilokunnalle\/wp-json\/wp\/v2\/pages\/4511"}],"wp:attachment":[{"href":"https:\/\/help.jamk.fi\/peppi-ohjeet-henkilokunnalle\/wp-json\/wp\/v2\/media?parent=4542"}],"wp:term":[{"taxonomy":"category","embeddable":true,"href":"https:\/\/help.jamk.fi\/peppi-ohjeet-henkilokunnalle\/wp-json\/wp\/v2\/categories?post=4542"},{"taxonomy":"post_tag","embeddable":true,"href":"https:\/\/help.jamk.fi\/peppi-ohjeet-henkilokunnalle\/wp-json\/wp\/v2\/tags?post=4542"}],"curies":[{"name":"wp","href":"https:\/\/api.w.org\/{rel}","templated":true}]}}