{"id":4543,"date":"2019-12-02T13:53:37","date_gmt":"2019-12-02T11:53:37","guid":{"rendered":"https:\/\/help.jamk.fi\/peppi-ohjeet-henkilokunnalle\/resurssien-suunnittelu-ja-varaus\/lukujarjestysten-teko\/oma-tyopoyta\/"},"modified":"2026-04-14T08:49:33","modified_gmt":"2026-04-14T05:49:33","slug":"oma-tyopoyta","status":"publish","type":"page","link":"https:\/\/help.jamk.fi\/peppi-ohjeet-henkilokunnalle\/fi\/resurssien-suunnittelu-ja-varaus\/lukujarjestysten-teko\/oma-tyopoyta\/","title":{"rendered":"Oma ty\u00f6p\u00f6yt\u00e4"},"content":{"rendered":"\n<p>Resurssien hallinnan omalla ty\u00f6p\u00f6yd\u00e4ll\u00e4 suunnittelija p\u00e4\u00e4see k\u00e4sittelem\u00e4\u00e4n yhdess\u00e4 n\u00e4kym\u00e4ss\u00e4 yht\u00e4 aikaa useiden toteutuksien varauksia.<\/p>\n\n\n\n<p>Ty\u00f6p\u00f6yd\u00e4ll\u00e4 on mahdollista katsoa ryhmien, tilojen ja opettajien varauksia sek\u00e4 luoda uusia, muokata tai poistaa aiemmin tehtyj\u00e4 varauksia. My\u00f6s p\u00e4\u00e4llekk\u00e4isten varausten k\u00e4sittely ja muokkaus onnistuu samassa n\u00e4kym\u00e4ss\u00e4.<\/p>\n\n\n\n<p>Huom! T\u00e4ss\u00e4 yhteydess\u00e4 mallipohjilla tarkoitetaan toteutusten opetuksen rytmitys- ja tilatarpeita.<\/p>\n\n\n\n<h2 class=\"wp-block-heading\">Oman ty\u00f6p\u00f6yd\u00e4n k\u00e4ytt\u00f6<\/h2>\n\n\n\n<p>Avaa oma ty\u00f6p\u00f6yt\u00e4 (Suunnittelijan ty\u00f6p\u00f6yt\u00e4 &#8211; Resurssien suunnittelu ja varaus &#8211; Avaa oma ty\u00f6p\u00f6yt\u00e4).<\/p>\n\n\n\n<p>Hae ty\u00f6p\u00f6yd\u00e4lle Mallipohjat (toteutusten opetuksen rytmitys- ja tilatoiveet), opettajan, ryhm\u00e4n tai tilan kalenterit. Voit lis\u00e4ksi avata aiemmin tallentamasi oman ty\u00f6p\u00f6yd\u00e4n, joka on poimittavissa alasvetovalikosta yl\u00e4oikealta.<\/p>\n\n\n\n<p>Mallipohjat-napista aukeavasta ikkunasta p\u00e4\u00e4set hakemaan toteutusten tietoja eri hakuehdoilla (<em>Hae mallipohja<\/em>). Samasta n\u00e4kym\u00e4st\u00e4 voit my\u00f6s tallentaa haun tai lis\u00e4t\u00e4 uuden mallipohjan.<\/p>\n\n\n\n<figure class=\"wp-block-image size-large\"><img loading=\"lazy\" decoding=\"async\" width=\"1024\" height=\"566\" src=\"https:\/\/help.jamk.fi\/peppi-ohjeet-henkilokunnalle\/wp-content\/uploads\/sites\/131\/2026\/04\/image-1024x566.png\" alt=\"\" class=\"wp-image-8016\" srcset=\"https:\/\/help.jamk.fi\/peppi-ohjeet-henkilokunnalle\/wp-content\/uploads\/sites\/131\/2026\/04\/image-1024x566.png 1024w, https:\/\/help.jamk.fi\/peppi-ohjeet-henkilokunnalle\/wp-content\/uploads\/sites\/131\/2026\/04\/image-300x166.png 300w, https:\/\/help.jamk.fi\/peppi-ohjeet-henkilokunnalle\/wp-content\/uploads\/sites\/131\/2026\/04\/image-768x424.png 768w, https:\/\/help.jamk.fi\/peppi-ohjeet-henkilokunnalle\/wp-content\/uploads\/sites\/131\/2026\/04\/image.png 1254w\" sizes=\"auto, (max-width: 1024px) 100vw, 1024px\" \/><\/figure>\n\n\n\n<p>Hakutuloksena saat listan, jossa on riveitt\u00e4in mallipohjat sek\u00e4 toimintoikonit (muokkaa, kopioi ja poista). Ikonit tulevat n\u00e4kyville, kun viet hiiren osoittimen rivin p\u00e4\u00e4lle.<\/p>\n\n\n\n<figure class=\"wp-block-image size-large\"><img loading=\"lazy\" decoding=\"async\" width=\"1024\" height=\"168\" src=\"https:\/\/help.jamk.fi\/peppi-ohjeet-henkilokunnalle\/wp-content\/uploads\/sites\/131\/2026\/04\/image-1-1024x168.png\" alt=\"\" class=\"wp-image-8017\" srcset=\"https:\/\/help.jamk.fi\/peppi-ohjeet-henkilokunnalle\/wp-content\/uploads\/sites\/131\/2026\/04\/image-1-1024x168.png 1024w, https:\/\/help.jamk.fi\/peppi-ohjeet-henkilokunnalle\/wp-content\/uploads\/sites\/131\/2026\/04\/image-1-300x49.png 300w, https:\/\/help.jamk.fi\/peppi-ohjeet-henkilokunnalle\/wp-content\/uploads\/sites\/131\/2026\/04\/image-1-768x126.png 768w, https:\/\/help.jamk.fi\/peppi-ohjeet-henkilokunnalle\/wp-content\/uploads\/sites\/131\/2026\/04\/image-1.png 1158w\" sizes=\"auto, (max-width: 1024px) 100vw, 1024px\" \/><\/figure>\n\n\n\n<p>Mallipohjien listaa on mahdollista j\u00e4rjestell\u00e4 otsikkoa napsauttamalla nousevaan tai laskevaan j\u00e4rjestykseen. Jokaisesta mallipohjasta on listassa seuraavat tiedot:<\/p>\n\n\n\n<ul class=\"wp-block-list\">\n<li><strong>Mallipohjan nimi<\/strong> (linkki avaa sijoittelun\u00e4kym\u00e4n)<\/li>\n\n\n\n<li><strong>Toteutus<\/strong> (linkki avaa toteutuksen tiedot)<\/li>\n\n\n\n<li><strong>Opettaja<\/strong> (linkki avaa opettajan kalenterin)<\/li>\n\n\n\n<li><strong>Ryhm\u00e4t<\/strong> (linkki avaa ryhm\u00e4n kalenterin)<\/li>\n\n\n\n<li><strong>Tila<\/strong> (linkki avaa tilan kalenterin)<\/li>\n\n\n\n<li><strong>Alkaa<\/strong> (toteutuksen alkup\u00e4iv\u00e4m\u00e4\u00e4r\u00e4)<\/li>\n\n\n\n<li><strong>P\u00e4\u00e4ttyy<\/strong> (toteutuksen p\u00e4\u00e4ttymisp\u00e4iv\u00e4m\u00e4\u00e4r\u00e4)<\/li>\n\n\n\n<li><strong>Kesto<\/strong> (tunteina, esim. 2 h)<\/li>\n\n\n\n<li><strong>Kuvaus<\/strong> (tarkempi kuvaus rytmitys- ja tilatoiveista)<\/li>\n\n\n\n<li><strong>kpl<\/strong> (montako kappaletta on sijoitettavana)<\/li>\n\n\n\n<li><strong>Var<\/strong>. (montako kappaletta on tehty mallipohjan kautta; linkki listaan, jossa on kaikki mallipohjasta tehdyt varaukset).<\/li>\n<\/ul>\n\n\n\n<p>Valitse mallipohja, johon haluat tehd\u00e4 varauksia.<\/p>\n\n\n\n<p>Linkki avaa sijoittelun\u00e4kym\u00e4n sek\u00e4 mallipohjaan kuuluvat muut kalenterit (opettaja, ryhm\u00e4, tila). Jos opettajia, ryhmi\u00e4 tai tiloja on mallipohjassa useampia, niist\u00e4 n\u00e4ytet\u00e4\u00e4n ensimm\u00e4inen. Voit katsoa muiden opettajien, ryhmien tai tilojen tiedot hakemalla ne n\u00e4kyville mallipohjan tietorivilt\u00e4 (vie hiiren osoitin esimerkiksi ryhm\u00e4luettelon p\u00e4\u00e4lle ja aukeavasta keltaisesta pikkuikkunasta valitse toinen ryhm\u00e4) tai sy\u00f6tt\u00e4m\u00e4ll\u00e4 tiedot pikkukalenterin hakukentt\u00e4\u00e4n.<\/p>\n\n\n\n<figure class=\"wp-block-image size-large\"><img loading=\"lazy\" decoding=\"async\" width=\"1024\" height=\"479\" src=\"https:\/\/help.jamk.fi\/peppi-ohjeet-henkilokunnalle\/wp-content\/uploads\/sites\/131\/2026\/04\/image-2-1024x479.png\" alt=\"\" class=\"wp-image-8018\" srcset=\"https:\/\/help.jamk.fi\/peppi-ohjeet-henkilokunnalle\/wp-content\/uploads\/sites\/131\/2026\/04\/image-2-1024x479.png 1024w, https:\/\/help.jamk.fi\/peppi-ohjeet-henkilokunnalle\/wp-content\/uploads\/sites\/131\/2026\/04\/image-2-300x140.png 300w, https:\/\/help.jamk.fi\/peppi-ohjeet-henkilokunnalle\/wp-content\/uploads\/sites\/131\/2026\/04\/image-2-768x359.png 768w, https:\/\/help.jamk.fi\/peppi-ohjeet-henkilokunnalle\/wp-content\/uploads\/sites\/131\/2026\/04\/image-2-1536x719.png 1536w, https:\/\/help.jamk.fi\/peppi-ohjeet-henkilokunnalle\/wp-content\/uploads\/sites\/131\/2026\/04\/image-2.png 1881w\" sizes=\"auto, (max-width: 1024px) 100vw, 1024px\" \/><\/figure>\n\n\n\n<p>Sijoittelun\u00e4kym\u00e4ss\u00e4 on kuvattuna mallipohjan ajanjaksolle osuvat henkil\u00f6iden (sinipohjainen numero), ryhmien (keltapohjainen numero) ja tilojen (punapohjainen numero) varaukset. Numero kertoo, montako resurssin varausta osuu ajanjaksolle. Numeroa napsauttamalla aukeaa ikkuna, jossa p\u00e4\u00e4see k\u00e4sittelem\u00e4\u00e4n p\u00e4\u00e4llekk\u00e4isi\u00e4 varauksia. Esimerkiss\u00e4 on avattuna kaksi henkil\u00f6resurssin p\u00e4\u00e4llekk\u00e4ist\u00e4 varausta.<\/p>\n\n\n\n<figure class=\"wp-block-image size-full\"><img loading=\"lazy\" decoding=\"async\" width=\"941\" height=\"716\" src=\"https:\/\/help.jamk.fi\/peppi-ohjeet-henkilokunnalle\/wp-content\/uploads\/sites\/131\/2026\/04\/image-3.png\" alt=\"\" class=\"wp-image-8019\" srcset=\"https:\/\/help.jamk.fi\/peppi-ohjeet-henkilokunnalle\/wp-content\/uploads\/sites\/131\/2026\/04\/image-3.png 941w, https:\/\/help.jamk.fi\/peppi-ohjeet-henkilokunnalle\/wp-content\/uploads\/sites\/131\/2026\/04\/image-3-300x228.png 300w, https:\/\/help.jamk.fi\/peppi-ohjeet-henkilokunnalle\/wp-content\/uploads\/sites\/131\/2026\/04\/image-3-768x584.png 768w\" sizes=\"auto, (max-width: 941px) 100vw, 941px\" \/><\/figure>\n\n\n\n<p>Uusi varaus tehd\u00e4\u00e4n sijoittelun\u00e4kym\u00e4ss\u00e4 napsauttamalla. Varaukselle voi m\u00e4\u00e4ritell\u00e4 toistuvuuden. Oletuksena j\u00e4rjestelm\u00e4 tarjoaa koko toteutuksen keston ajan jatkuvaa toistoa, mutta toiston pituutta p\u00e4\u00e4see muokkaamaan tarpeen mukaan.<\/p>\n\n\n\n<figure class=\"wp-block-image size-full\"><img loading=\"lazy\" decoding=\"async\" width=\"904\" height=\"922\" src=\"https:\/\/help.jamk.fi\/peppi-ohjeet-henkilokunnalle\/wp-content\/uploads\/sites\/131\/2026\/04\/image-4.png\" alt=\"\" class=\"wp-image-8020\" srcset=\"https:\/\/help.jamk.fi\/peppi-ohjeet-henkilokunnalle\/wp-content\/uploads\/sites\/131\/2026\/04\/image-4.png 904w, https:\/\/help.jamk.fi\/peppi-ohjeet-henkilokunnalle\/wp-content\/uploads\/sites\/131\/2026\/04\/image-4-294x300.png 294w, https:\/\/help.jamk.fi\/peppi-ohjeet-henkilokunnalle\/wp-content\/uploads\/sites\/131\/2026\/04\/image-4-768x783.png 768w\" sizes=\"auto, (max-width: 904px) 100vw, 904px\" \/><\/figure>\n\n\n\n<p>Mallipohjan kautta luodut varaukset n\u00e4kyv\u00e4t suunnittelukalenterissa vihre\u00e4pohjaisena numerona. Voit siirt\u00e4\u00e4 varaukset raahaamalla vihre\u00e4pohjaista numeroa toiseen kohtaan kalenterin\u00e4kym\u00e4ss\u00e4<\/p>\n\n\n\n<figure class=\"wp-block-image size-full\"><img loading=\"lazy\" decoding=\"async\" width=\"721\" height=\"469\" src=\"https:\/\/help.jamk.fi\/peppi-ohjeet-henkilokunnalle\/wp-content\/uploads\/sites\/131\/2026\/04\/image-5.png\" alt=\"\" class=\"wp-image-8021\" srcset=\"https:\/\/help.jamk.fi\/peppi-ohjeet-henkilokunnalle\/wp-content\/uploads\/sites\/131\/2026\/04\/image-5.png 721w, https:\/\/help.jamk.fi\/peppi-ohjeet-henkilokunnalle\/wp-content\/uploads\/sites\/131\/2026\/04\/image-5-300x195.png 300w\" sizes=\"auto, (max-width: 721px) 100vw, 721px\" \/><\/figure>\n\n\n\n<p>Voit muokata mallipohjan kautta luotuja varauksia avaamalla ne uuteen pikkuikkunaan napsauttamalla Var.-sarakkeen numeroa. Aukeavasta ikkunasta p\u00e4\u00e4set tekem\u00e4\u00e4n muutoksia joko yksitt\u00e4isiin varauksiin (valitse oikea varausrivi) tai kaikkiin varauksiin kerralla (Muokkaa). Samasta n\u00e4kym\u00e4st\u00e4 p\u00e4\u00e4set my\u00f6s poistamaan varauksia: yksitt\u00e4isen valitsemalla oikean varausrivin tai kaikki varaukset Poista kaikki -linkist\u00e4.<\/p>\n\n\n\n<figure class=\"wp-block-image size-large\"><img loading=\"lazy\" decoding=\"async\" width=\"1024\" height=\"467\" src=\"https:\/\/help.jamk.fi\/peppi-ohjeet-henkilokunnalle\/wp-content\/uploads\/sites\/131\/2026\/04\/image-6-1024x467.png\" alt=\"\" class=\"wp-image-8022\" srcset=\"https:\/\/help.jamk.fi\/peppi-ohjeet-henkilokunnalle\/wp-content\/uploads\/sites\/131\/2026\/04\/image-6-1024x467.png 1024w, https:\/\/help.jamk.fi\/peppi-ohjeet-henkilokunnalle\/wp-content\/uploads\/sites\/131\/2026\/04\/image-6-300x137.png 300w, https:\/\/help.jamk.fi\/peppi-ohjeet-henkilokunnalle\/wp-content\/uploads\/sites\/131\/2026\/04\/image-6-768x350.png 768w, https:\/\/help.jamk.fi\/peppi-ohjeet-henkilokunnalle\/wp-content\/uploads\/sites\/131\/2026\/04\/image-6.png 1514w\" sizes=\"auto, (max-width: 1024px) 100vw, 1024px\" \/><\/figure>\n\n\n\n<p><\/p>\n","protected":false},"excerpt":{"rendered":"<p>Resurssien hallinnan omalla ty\u00f6p\u00f6yd\u00e4ll\u00e4 suunnittelija p\u00e4\u00e4see k\u00e4sittelem\u00e4\u00e4n yhdess\u00e4 n\u00e4kym\u00e4ss\u00e4 yht\u00e4 aikaa useiden toteutuksien varauksia. Ty\u00f6p\u00f6yd\u00e4ll\u00e4 on mahdollista katsoa ryhmien, tilojen ja opettajien varauksia sek\u00e4 luoda uusia, muokata tai poistaa aiemmin tehtyj\u00e4 varauksia. My\u00f6s p\u00e4\u00e4llekk\u00e4isten varausten k\u00e4sittely ja muokkaus onnistuu samassa n\u00e4kym\u00e4ss\u00e4. Huom! T\u00e4ss\u00e4 yhteydess\u00e4 mallipohjilla tarkoitetaan toteutusten opetuksen rytmitys- ja tilatarpeita. Oman ty\u00f6p\u00f6yd\u00e4n k\u00e4ytt\u00f6 Avaa [&hellip;]<\/p>\n","protected":false},"author":76,"featured_media":0,"parent":4514,"menu_order":1,"comment_status":"closed","ping_status":"closed","template":"","meta":{"_acf_changed":false,"_relevanssi_hide_post":"","_relevanssi_hide_content":"","_relevanssi_pin_for_all":"","_relevanssi_pin_keywords":"","_relevanssi_unpin_keywords":"","_relevanssi_related_keywords":"","_relevanssi_related_include_ids":"","_relevanssi_related_exclude_ids":"","_relevanssi_related_no_append":"","_relevanssi_related_not_related":"","_relevanssi_related_posts":"","_relevanssi_noindex_reason":"","footnotes":""},"categories":[1],"tags":[],"class_list":["post-4543","page","type-page","status-publish","hentry","category-uncategorised"],"acf":[],"yoast_head":"<!-- This site is optimized with the Yoast SEO plugin v27.4 - https:\/\/yoast.com\/product\/yoast-seo-wordpress\/ -->\n<title>Oma ty\u00f6p\u00f6yt\u00e4 - Peppi-ohjeet henkil\u00f6kunnalle<\/title>\n<meta name=\"robots\" content=\"index, follow, max-snippet:-1, max-image-preview:large, max-video-preview:-1\" \/>\n<link rel=\"canonical\" href=\"https:\/\/help.jamk.fi\/peppi-ohjeet-henkilokunnalle\/fi\/resurssien-suunnittelu-ja-varaus\/lukujarjestysten-teko\/oma-tyopoyta\/\" \/>\n<meta property=\"og:locale\" content=\"fi_FI\" \/>\n<meta property=\"og:type\" content=\"article\" \/>\n<meta property=\"og:title\" content=\"Oma ty\u00f6p\u00f6yt\u00e4 - Peppi-ohjeet henkil\u00f6kunnalle\" \/>\n<meta property=\"og:description\" content=\"Resurssien hallinnan omalla ty\u00f6p\u00f6yd\u00e4ll\u00e4 suunnittelija p\u00e4\u00e4see k\u00e4sittelem\u00e4\u00e4n yhdess\u00e4 n\u00e4kym\u00e4ss\u00e4 yht\u00e4 aikaa useiden toteutuksien varauksia. Ty\u00f6p\u00f6yd\u00e4ll\u00e4 on mahdollista katsoa ryhmien, tilojen ja opettajien varauksia sek\u00e4 luoda uusia, muokata tai poistaa aiemmin tehtyj\u00e4 varauksia. My\u00f6s p\u00e4\u00e4llekk\u00e4isten varausten k\u00e4sittely ja muokkaus onnistuu samassa n\u00e4kym\u00e4ss\u00e4. Huom! T\u00e4ss\u00e4 yhteydess\u00e4 mallipohjilla tarkoitetaan toteutusten opetuksen rytmitys- ja tilatarpeita. Oman ty\u00f6p\u00f6yd\u00e4n k\u00e4ytt\u00f6 Avaa [&hellip;]\" \/>\n<meta property=\"og:url\" content=\"https:\/\/help.jamk.fi\/peppi-ohjeet-henkilokunnalle\/fi\/resurssien-suunnittelu-ja-varaus\/lukujarjestysten-teko\/oma-tyopoyta\/\" \/>\n<meta property=\"og:site_name\" content=\"Peppi-ohjeet henkil\u00f6kunnalle\" \/>\n<meta property=\"article:modified_time\" content=\"2026-04-14T05:49:33+00:00\" \/>\n<meta property=\"og:image\" content=\"https:\/\/help.jamk.fi\/peppi-ohjeet-henkilokunnalle\/wp-content\/uploads\/sites\/131\/2026\/04\/image.png\" \/>\n\t<meta property=\"og:image:width\" content=\"1254\" \/>\n\t<meta property=\"og:image:height\" content=\"693\" \/>\n\t<meta property=\"og:image:type\" content=\"image\/png\" \/>\n<meta name=\"twitter:card\" content=\"summary_large_image\" \/>\n<meta name=\"twitter:label1\" content=\"Arvioitu lukuaika\" \/>\n\t<meta name=\"twitter:data1\" content=\"4 minuuttia\" \/>\n<script type=\"application\/ld+json\" class=\"yoast-schema-graph\">{\"@context\":\"https:\\\/\\\/schema.org\",\"@graph\":[{\"@type\":\"WebPage\",\"@id\":\"https:\\\/\\\/help.jamk.fi\\\/peppi-ohjeet-henkilokunnalle\\\/fi\\\/resurssien-suunnittelu-ja-varaus\\\/lukujarjestysten-teko\\\/oma-tyopoyta\\\/\",\"url\":\"https:\\\/\\\/help.jamk.fi\\\/peppi-ohjeet-henkilokunnalle\\\/fi\\\/resurssien-suunnittelu-ja-varaus\\\/lukujarjestysten-teko\\\/oma-tyopoyta\\\/\",\"name\":\"Oma ty\u00f6p\u00f6yt\u00e4 - Peppi-ohjeet henkil\u00f6kunnalle\",\"isPartOf\":{\"@id\":\"https:\\\/\\\/help.jamk.fi\\\/peppi-ohjeet-henkilokunnalle\\\/#website\"},\"primaryImageOfPage\":{\"@id\":\"https:\\\/\\\/help.jamk.fi\\\/peppi-ohjeet-henkilokunnalle\\\/fi\\\/resurssien-suunnittelu-ja-varaus\\\/lukujarjestysten-teko\\\/oma-tyopoyta\\\/#primaryimage\"},\"image\":{\"@id\":\"https:\\\/\\\/help.jamk.fi\\\/peppi-ohjeet-henkilokunnalle\\\/fi\\\/resurssien-suunnittelu-ja-varaus\\\/lukujarjestysten-teko\\\/oma-tyopoyta\\\/#primaryimage\"},\"thumbnailUrl\":\"https:\\\/\\\/help.jamk.fi\\\/peppi-ohjeet-henkilokunnalle\\\/wp-content\\\/uploads\\\/sites\\\/131\\\/2026\\\/04\\\/image-1024x566.png\",\"datePublished\":\"2019-12-02T11:53:37+00:00\",\"dateModified\":\"2026-04-14T05:49:33+00:00\",\"breadcrumb\":{\"@id\":\"https:\\\/\\\/help.jamk.fi\\\/peppi-ohjeet-henkilokunnalle\\\/fi\\\/resurssien-suunnittelu-ja-varaus\\\/lukujarjestysten-teko\\\/oma-tyopoyta\\\/#breadcrumb\"},\"inLanguage\":\"fi\",\"potentialAction\":[{\"@type\":\"ReadAction\",\"target\":[\"https:\\\/\\\/help.jamk.fi\\\/peppi-ohjeet-henkilokunnalle\\\/fi\\\/resurssien-suunnittelu-ja-varaus\\\/lukujarjestysten-teko\\\/oma-tyopoyta\\\/\"]}]},{\"@type\":\"ImageObject\",\"inLanguage\":\"fi\",\"@id\":\"https:\\\/\\\/help.jamk.fi\\\/peppi-ohjeet-henkilokunnalle\\\/fi\\\/resurssien-suunnittelu-ja-varaus\\\/lukujarjestysten-teko\\\/oma-tyopoyta\\\/#primaryimage\",\"url\":\"https:\\\/\\\/help.jamk.fi\\\/peppi-ohjeet-henkilokunnalle\\\/wp-content\\\/uploads\\\/sites\\\/131\\\/2026\\\/04\\\/image.png\",\"contentUrl\":\"https:\\\/\\\/help.jamk.fi\\\/peppi-ohjeet-henkilokunnalle\\\/wp-content\\\/uploads\\\/sites\\\/131\\\/2026\\\/04\\\/image.png\",\"width\":1254,\"height\":693},{\"@type\":\"BreadcrumbList\",\"@id\":\"https:\\\/\\\/help.jamk.fi\\\/peppi-ohjeet-henkilokunnalle\\\/fi\\\/resurssien-suunnittelu-ja-varaus\\\/lukujarjestysten-teko\\\/oma-tyopoyta\\\/#breadcrumb\",\"itemListElement\":[{\"@type\":\"ListItem\",\"position\":1,\"name\":\"Home\",\"item\":\"https:\\\/\\\/help.jamk.fi\\\/peppi-ohjeet-henkilokunnalle\\\/en\\\/\"},{\"@type\":\"ListItem\",\"position\":2,\"name\":\"Resurssien suunnittelu ja varaus\",\"item\":\"https:\\\/\\\/help.jamk.fi\\\/peppi-ohjeet-henkilokunnalle\\\/fi\\\/resurssien-suunnittelu-ja-varaus\\\/\"},{\"@type\":\"ListItem\",\"position\":3,\"name\":\"Lukuj\u00e4rjestysten teko\",\"item\":\"https:\\\/\\\/help.jamk.fi\\\/peppi-ohjeet-henkilokunnalle\\\/fi\\\/resurssien-suunnittelu-ja-varaus\\\/lukujarjestysten-teko\\\/\"},{\"@type\":\"ListItem\",\"position\":4,\"name\":\"Oma ty\u00f6p\u00f6yt\u00e4\"}]},{\"@type\":\"WebSite\",\"@id\":\"https:\\\/\\\/help.jamk.fi\\\/peppi-ohjeet-henkilokunnalle\\\/#website\",\"url\":\"https:\\\/\\\/help.jamk.fi\\\/peppi-ohjeet-henkilokunnalle\\\/\",\"name\":\"Peppi-ohjeet henkil\u00f6kunnalle\",\"description\":\"\",\"potentialAction\":[{\"@type\":\"SearchAction\",\"target\":{\"@type\":\"EntryPoint\",\"urlTemplate\":\"https:\\\/\\\/help.jamk.fi\\\/peppi-ohjeet-henkilokunnalle\\\/?s={search_term_string}\"},\"query-input\":{\"@type\":\"PropertyValueSpecification\",\"valueRequired\":true,\"valueName\":\"search_term_string\"}}],\"inLanguage\":\"fi\"}]}<\/script>\n<!-- \/ Yoast SEO plugin. -->","yoast_head_json":{"title":"Oma ty\u00f6p\u00f6yt\u00e4 - Peppi-ohjeet henkil\u00f6kunnalle","robots":{"index":"index","follow":"follow","max-snippet":"max-snippet:-1","max-image-preview":"max-image-preview:large","max-video-preview":"max-video-preview:-1"},"canonical":"https:\/\/help.jamk.fi\/peppi-ohjeet-henkilokunnalle\/fi\/resurssien-suunnittelu-ja-varaus\/lukujarjestysten-teko\/oma-tyopoyta\/","og_locale":"fi_FI","og_type":"article","og_title":"Oma ty\u00f6p\u00f6yt\u00e4 - Peppi-ohjeet henkil\u00f6kunnalle","og_description":"Resurssien hallinnan omalla ty\u00f6p\u00f6yd\u00e4ll\u00e4 suunnittelija p\u00e4\u00e4see k\u00e4sittelem\u00e4\u00e4n yhdess\u00e4 n\u00e4kym\u00e4ss\u00e4 yht\u00e4 aikaa useiden toteutuksien varauksia. Ty\u00f6p\u00f6yd\u00e4ll\u00e4 on mahdollista katsoa ryhmien, tilojen ja opettajien varauksia sek\u00e4 luoda uusia, muokata tai poistaa aiemmin tehtyj\u00e4 varauksia. My\u00f6s p\u00e4\u00e4llekk\u00e4isten varausten k\u00e4sittely ja muokkaus onnistuu samassa n\u00e4kym\u00e4ss\u00e4. Huom! T\u00e4ss\u00e4 yhteydess\u00e4 mallipohjilla tarkoitetaan toteutusten opetuksen rytmitys- ja tilatarpeita. Oman ty\u00f6p\u00f6yd\u00e4n k\u00e4ytt\u00f6 Avaa [&hellip;]","og_url":"https:\/\/help.jamk.fi\/peppi-ohjeet-henkilokunnalle\/fi\/resurssien-suunnittelu-ja-varaus\/lukujarjestysten-teko\/oma-tyopoyta\/","og_site_name":"Peppi-ohjeet henkil\u00f6kunnalle","article_modified_time":"2026-04-14T05:49:33+00:00","og_image":[{"width":1254,"height":693,"url":"https:\/\/help.jamk.fi\/peppi-ohjeet-henkilokunnalle\/wp-content\/uploads\/sites\/131\/2026\/04\/image.png","type":"image\/png"}],"twitter_card":"summary_large_image","twitter_misc":{"Arvioitu lukuaika":"4 minuuttia"},"schema":{"@context":"https:\/\/schema.org","@graph":[{"@type":"WebPage","@id":"https:\/\/help.jamk.fi\/peppi-ohjeet-henkilokunnalle\/fi\/resurssien-suunnittelu-ja-varaus\/lukujarjestysten-teko\/oma-tyopoyta\/","url":"https:\/\/help.jamk.fi\/peppi-ohjeet-henkilokunnalle\/fi\/resurssien-suunnittelu-ja-varaus\/lukujarjestysten-teko\/oma-tyopoyta\/","name":"Oma ty\u00f6p\u00f6yt\u00e4 - Peppi-ohjeet henkil\u00f6kunnalle","isPartOf":{"@id":"https:\/\/help.jamk.fi\/peppi-ohjeet-henkilokunnalle\/#website"},"primaryImageOfPage":{"@id":"https:\/\/help.jamk.fi\/peppi-ohjeet-henkilokunnalle\/fi\/resurssien-suunnittelu-ja-varaus\/lukujarjestysten-teko\/oma-tyopoyta\/#primaryimage"},"image":{"@id":"https:\/\/help.jamk.fi\/peppi-ohjeet-henkilokunnalle\/fi\/resurssien-suunnittelu-ja-varaus\/lukujarjestysten-teko\/oma-tyopoyta\/#primaryimage"},"thumbnailUrl":"https:\/\/help.jamk.fi\/peppi-ohjeet-henkilokunnalle\/wp-content\/uploads\/sites\/131\/2026\/04\/image-1024x566.png","datePublished":"2019-12-02T11:53:37+00:00","dateModified":"2026-04-14T05:49:33+00:00","breadcrumb":{"@id":"https:\/\/help.jamk.fi\/peppi-ohjeet-henkilokunnalle\/fi\/resurssien-suunnittelu-ja-varaus\/lukujarjestysten-teko\/oma-tyopoyta\/#breadcrumb"},"inLanguage":"fi","potentialAction":[{"@type":"ReadAction","target":["https:\/\/help.jamk.fi\/peppi-ohjeet-henkilokunnalle\/fi\/resurssien-suunnittelu-ja-varaus\/lukujarjestysten-teko\/oma-tyopoyta\/"]}]},{"@type":"ImageObject","inLanguage":"fi","@id":"https:\/\/help.jamk.fi\/peppi-ohjeet-henkilokunnalle\/fi\/resurssien-suunnittelu-ja-varaus\/lukujarjestysten-teko\/oma-tyopoyta\/#primaryimage","url":"https:\/\/help.jamk.fi\/peppi-ohjeet-henkilokunnalle\/wp-content\/uploads\/sites\/131\/2026\/04\/image.png","contentUrl":"https:\/\/help.jamk.fi\/peppi-ohjeet-henkilokunnalle\/wp-content\/uploads\/sites\/131\/2026\/04\/image.png","width":1254,"height":693},{"@type":"BreadcrumbList","@id":"https:\/\/help.jamk.fi\/peppi-ohjeet-henkilokunnalle\/fi\/resurssien-suunnittelu-ja-varaus\/lukujarjestysten-teko\/oma-tyopoyta\/#breadcrumb","itemListElement":[{"@type":"ListItem","position":1,"name":"Home","item":"https:\/\/help.jamk.fi\/peppi-ohjeet-henkilokunnalle\/en\/"},{"@type":"ListItem","position":2,"name":"Resurssien suunnittelu ja varaus","item":"https:\/\/help.jamk.fi\/peppi-ohjeet-henkilokunnalle\/fi\/resurssien-suunnittelu-ja-varaus\/"},{"@type":"ListItem","position":3,"name":"Lukuj\u00e4rjestysten teko","item":"https:\/\/help.jamk.fi\/peppi-ohjeet-henkilokunnalle\/fi\/resurssien-suunnittelu-ja-varaus\/lukujarjestysten-teko\/"},{"@type":"ListItem","position":4,"name":"Oma ty\u00f6p\u00f6yt\u00e4"}]},{"@type":"WebSite","@id":"https:\/\/help.jamk.fi\/peppi-ohjeet-henkilokunnalle\/#website","url":"https:\/\/help.jamk.fi\/peppi-ohjeet-henkilokunnalle\/","name":"Peppi-ohjeet henkil\u00f6kunnalle","description":"","potentialAction":[{"@type":"SearchAction","target":{"@type":"EntryPoint","urlTemplate":"https:\/\/help.jamk.fi\/peppi-ohjeet-henkilokunnalle\/?s={search_term_string}"},"query-input":{"@type":"PropertyValueSpecification","valueRequired":true,"valueName":"search_term_string"}}],"inLanguage":"fi"}]}},"_links":{"self":[{"href":"https:\/\/help.jamk.fi\/peppi-ohjeet-henkilokunnalle\/wp-json\/wp\/v2\/pages\/4543","targetHints":{"allow":["GET"]}}],"collection":[{"href":"https:\/\/help.jamk.fi\/peppi-ohjeet-henkilokunnalle\/wp-json\/wp\/v2\/pages"}],"about":[{"href":"https:\/\/help.jamk.fi\/peppi-ohjeet-henkilokunnalle\/wp-json\/wp\/v2\/types\/page"}],"author":[{"embeddable":true,"href":"https:\/\/help.jamk.fi\/peppi-ohjeet-henkilokunnalle\/wp-json\/wp\/v2\/users\/76"}],"replies":[{"embeddable":true,"href":"https:\/\/help.jamk.fi\/peppi-ohjeet-henkilokunnalle\/wp-json\/wp\/v2\/comments?post=4543"}],"version-history":[{"count":3,"href":"https:\/\/help.jamk.fi\/peppi-ohjeet-henkilokunnalle\/wp-json\/wp\/v2\/pages\/4543\/revisions"}],"predecessor-version":[{"id":8023,"href":"https:\/\/help.jamk.fi\/peppi-ohjeet-henkilokunnalle\/wp-json\/wp\/v2\/pages\/4543\/revisions\/8023"}],"up":[{"embeddable":true,"href":"https:\/\/help.jamk.fi\/peppi-ohjeet-henkilokunnalle\/wp-json\/wp\/v2\/pages\/4514"}],"wp:attachment":[{"href":"https:\/\/help.jamk.fi\/peppi-ohjeet-henkilokunnalle\/wp-json\/wp\/v2\/media?parent=4543"}],"wp:term":[{"taxonomy":"category","embeddable":true,"href":"https:\/\/help.jamk.fi\/peppi-ohjeet-henkilokunnalle\/wp-json\/wp\/v2\/categories?post=4543"},{"taxonomy":"post_tag","embeddable":true,"href":"https:\/\/help.jamk.fi\/peppi-ohjeet-henkilokunnalle\/wp-json\/wp\/v2\/tags?post=4543"}],"curies":[{"name":"wp","href":"https:\/\/api.w.org\/{rel}","templated":true}]}}