{"id":4544,"date":"2019-12-03T11:43:04","date_gmt":"2019-12-03T09:43:04","guid":{"rendered":"https:\/\/help.jamk.fi\/peppi-ohjeet-henkilokunnalle\/opetussuunnittelu\/opetussuunnitelmat-opsit\/vastuunjako-ja-koulutusalat\/"},"modified":"2024-11-04T15:46:17","modified_gmt":"2024-11-04T13:46:17","slug":"vastuunjako-ja-koulutusalat","status":"publish","type":"page","link":"https:\/\/help.jamk.fi\/peppi-ohjeet-henkilokunnalle\/fi\/opetussuunnittelu\/opetussuunnitelmat-opsit\/vastuunjako-ja-koulutusalat\/","title":{"rendered":"Vastuunjako ja koulutusalat"},"content":{"rendered":"\n<p>Vastuunjako ja koulutusalat -v\u00e4lilehdell\u00e4 pystyy m\u00e4\u00e4rittelem\u00e4\u00e4n opetussuunnitelman vastuutahot sek\u00e4 siihen liittyv\u00e4t ohjauksen alat. Mik\u00e4li korkeakoulussa on k\u00e4yt\u00f6ss\u00e4 Koulutukset-osio, periytyv\u00e4t tiedot sielt\u00e4.&nbsp; Ko. tiedolla ei ole viel\u00e4 yhteytt\u00e4 OPSin kuvauksen Organisaatio -kentt\u00e4\u00e4n&nbsp; (=Yksikk\u00f6).<\/p>\n\n\n\n<p>Voit m\u00e4\u00e4ritt\u00e4\u00e4 vastuunjaon ja koulutusalat OPSille, jolta ne oletusarvoisesti periytyv\u00e4t OPSiin liitetyille opintojaksoille (kuvio 1). Tarvittaessa voit m\u00e4\u00e4ritt\u00e4\u00e4 vastuunjaon ja koulutusalat my\u00f6s opintojaksokohtaisesti.<\/p>\n\n\n\n<figure class=\"wp-block-image alignnone wp-image-300\"><img loading=\"lazy\" decoding=\"async\" width=\"2429\" height=\"646\" src=\"https:\/\/help.jamk.fi\/peppi-ohjeet-henkilokunnalle\/wp-content\/uploads\/sites\/131\/2019\/12\/Vastuunjako-ja-koulutusalat-OPSissa.png\" alt=\"\" class=\"wp-image-300\"\/><figcaption class=\"wp-element-caption\">Kuvio 1. Vastuunjako ja koulutusalat OPSin tiedoissa<\/figcaption><\/figure>\n\n\n\n<ol class=\"wp-block-list\">\n<li>Avaa <strong>Vastuunjako ja koulutusalat<\/strong> -v\u00e4lilehti.<\/li>\n\n\n\n<li>Lis\u00e4\u00e4 ajanjakso tai muokkaa olemassa olevaa ajanjaksoa:<br>a) Jos haluat lis\u00e4t\u00e4 uuden ajanjakson, napsauta + <strong>Lis\u00e4\u00e4 uusi ajanjakso<\/strong> -painiketta.<br>J\u00e4rjestelm\u00e4 avaa <strong>Lis\u00e4\u00e4 uusi ajanjakso<\/strong> -ponnahdusikkunan, jossa voit m\u00e4\u00e4ritt\u00e4\u00e4 ajanjakson vastuunjakoineen ja koulutusaloineen.<br>b) Jos haluat muokata olemassa olevaa ajanjaksoa, napsauta sen p\u00e4iv\u00e4m\u00e4\u00e4r\u00e4rivill\u00e4 olevaa <strong>Muokkaa<\/strong>-painiketta.<\/li>\n\n\n\n<li>Valitse kalentereista ajanjakson alku- ja loppup\u00e4iv\u00e4m\u00e4\u00e4r\u00e4t sek\u00e4 lis\u00e4\u00e4 vastuunjakoa ja koulutusaloja koskevat tiedot.\n<ul class=\"wp-block-list\">\n<li>Napsauta yksik\u00f6n, kustannuspaikan tai koulutusalan valintakentt\u00e4\u00e4 ja valitse haluamasi vaihtoehto pudotusvalikosta. Yksik\u00f6ksi valitaan aina Jamkin organisaatioyksikk\u00f6 esim. LIKE Liiketoimintayksikk\u00f6.<\/li>\n\n\n\n<li>Jos haluat m\u00e4\u00e4ritt\u00e4\u00e4 useita yksik\u00f6it\u00e4 tai koulutusaloja, napsauta + <strong>Lis\u00e4\u00e4 rivi<\/strong> -painiketta.<\/li>\n\n\n\n<li>Lis\u00e4\u00e4 jokaisella rivill\u00e4 prosentuaalinen jako-osuus tekstikentt\u00e4\u00e4n.\n<ul class=\"wp-block-list\">\n<li>J\u00e4rjestelm\u00e4 varoittaa, jos sy\u00f6tettyjen jako-osuuksien summa on pienempi tai suurempi kuin 100 %.<\/li>\n\n\n\n<li>Jos napsautat <strong>Jaa tasan<\/strong> -valintaruutuun merkin, j\u00e4rjestelm\u00e4 laskee yht\u00e4 suuren jako-osuuden kaikille yksik\u00f6ille tai koulutusaloille.<\/li>\n<\/ul>\n<\/li>\n<\/ul>\n<\/li>\n\n\n\n<li>Kun olet sy\u00f6tt\u00e4nyt tiedot, napsauta <strong>Tallenna<\/strong>-painiketta. J\u00e4rjestelm\u00e4 tallentaa tiedot ja sulkee <strong>Lis\u00e4\u00e4 uusi ajanjakso<\/strong> -ponnahdusikkunan (kuvio 2).<\/li>\n<\/ol>\n\n\n\n<figure class=\"wp-block-image alignnone wp-image-301\"><img loading=\"lazy\" decoding=\"async\" width=\"2280\" height=\"324\" src=\"https:\/\/help.jamk.fi\/peppi-ohjeet-henkilokunnalle\/wp-content\/uploads\/sites\/131\/2019\/12\/Vastuunjako-ja-koulutusalat-OPSissa-2.png\" alt=\"\" class=\"wp-image-301\"\/><figcaption class=\"wp-element-caption\">Kuvio 2. Esimerkki OPSista, jolle on tallennettu vastuunjako ja koulutusalat<\/figcaption><\/figure>\n","protected":false},"excerpt":{"rendered":"<p>Vastuunjako ja koulutusalat -v\u00e4lilehdell\u00e4 pystyy m\u00e4\u00e4rittelem\u00e4\u00e4n opetussuunnitelman vastuutahot sek\u00e4 siihen liittyv\u00e4t ohjauksen alat. Mik\u00e4li korkeakoulussa on k\u00e4yt\u00f6ss\u00e4 Koulutukset-osio, periytyv\u00e4t tiedot sielt\u00e4.&nbsp; Ko. tiedolla ei ole viel\u00e4 yhteytt\u00e4 OPSin kuvauksen Organisaatio -kentt\u00e4\u00e4n&nbsp; (=Yksikk\u00f6). Voit m\u00e4\u00e4ritt\u00e4\u00e4 vastuunjaon ja koulutusalat OPSille, jolta ne oletusarvoisesti periytyv\u00e4t OPSiin liitetyille opintojaksoille (kuvio 1). Tarvittaessa voit m\u00e4\u00e4ritt\u00e4\u00e4 vastuunjaon ja koulutusalat my\u00f6s opintojaksokohtaisesti.<\/p>\n","protected":false},"author":79,"featured_media":0,"parent":4525,"menu_order":2,"comment_status":"closed","ping_status":"open","template":"","meta":{"_acf_changed":false,"_relevanssi_hide_post":"","_relevanssi_hide_content":"","_relevanssi_pin_for_all":"","_relevanssi_pin_keywords":"","_relevanssi_unpin_keywords":"","_relevanssi_related_keywords":"","_relevanssi_related_include_ids":"","_relevanssi_related_exclude_ids":"","_relevanssi_related_no_append":"","_relevanssi_related_not_related":"","_relevanssi_related_posts":"","_relevanssi_noindex_reason":"","footnotes":""},"categories":[1],"tags":[],"class_list":["post-4544","page","type-page","status-publish","hentry","category-uncategorised"],"acf":[],"yoast_head":"<!-- This site is optimized with the Yoast SEO plugin v27.3 - https:\/\/yoast.com\/product\/yoast-seo-wordpress\/ -->\n<title>Vastuunjako ja koulutusalat - Peppi-ohjeet henkil\u00f6kunnalle<\/title>\n<meta name=\"robots\" content=\"index, follow, max-snippet:-1, max-image-preview:large, max-video-preview:-1\" \/>\n<link rel=\"canonical\" href=\"https:\/\/help.jamk.fi\/peppi-ohjeet-henkilokunnalle\/fi\/opetussuunnittelu\/opetussuunnitelmat-opsit\/vastuunjako-ja-koulutusalat\/\" \/>\n<meta property=\"og:locale\" content=\"fi_FI\" \/>\n<meta property=\"og:type\" content=\"article\" \/>\n<meta property=\"og:title\" content=\"Vastuunjako ja koulutusalat - Peppi-ohjeet henkil\u00f6kunnalle\" \/>\n<meta property=\"og:description\" content=\"Vastuunjako ja koulutusalat -v\u00e4lilehdell\u00e4 pystyy m\u00e4\u00e4rittelem\u00e4\u00e4n opetussuunnitelman vastuutahot sek\u00e4 siihen liittyv\u00e4t ohjauksen alat. Mik\u00e4li korkeakoulussa on k\u00e4yt\u00f6ss\u00e4 Koulutukset-osio, periytyv\u00e4t tiedot sielt\u00e4.&nbsp; Ko. tiedolla ei ole viel\u00e4 yhteytt\u00e4 OPSin kuvauksen Organisaatio -kentt\u00e4\u00e4n&nbsp; (=Yksikk\u00f6). Voit m\u00e4\u00e4ritt\u00e4\u00e4 vastuunjaon ja koulutusalat OPSille, jolta ne oletusarvoisesti periytyv\u00e4t OPSiin liitetyille opintojaksoille (kuvio 1). Tarvittaessa voit m\u00e4\u00e4ritt\u00e4\u00e4 vastuunjaon ja koulutusalat my\u00f6s opintojaksokohtaisesti.\" \/>\n<meta property=\"og:url\" content=\"https:\/\/help.jamk.fi\/peppi-ohjeet-henkilokunnalle\/fi\/opetussuunnittelu\/opetussuunnitelmat-opsit\/vastuunjako-ja-koulutusalat\/\" \/>\n<meta property=\"og:site_name\" content=\"Peppi-ohjeet henkil\u00f6kunnalle\" \/>\n<meta property=\"article:modified_time\" content=\"2024-11-04T13:46:17+00:00\" \/>\n<meta property=\"og:image\" content=\"https:\/\/help.jamk.fi\/peppi-ohjeet-henkilokunnalle\/wp-content\/uploads\/sites\/131\/2019\/12\/Vastuunjako-ja-koulutusalat-OPSissa.png\" \/>\n<meta name=\"twitter:card\" content=\"summary_large_image\" \/>\n<meta name=\"twitter:label1\" content=\"Arvioitu lukuaika\" \/>\n\t<meta name=\"twitter:data1\" content=\"2 minuuttia\" \/>\n<script type=\"application\/ld+json\" class=\"yoast-schema-graph\">{\"@context\":\"https:\\\/\\\/schema.org\",\"@graph\":[{\"@type\":\"WebPage\",\"@id\":\"https:\\\/\\\/help.jamk.fi\\\/peppi-ohjeet-henkilokunnalle\\\/fi\\\/opetussuunnittelu\\\/opetussuunnitelmat-opsit\\\/vastuunjako-ja-koulutusalat\\\/\",\"url\":\"https:\\\/\\\/help.jamk.fi\\\/peppi-ohjeet-henkilokunnalle\\\/fi\\\/opetussuunnittelu\\\/opetussuunnitelmat-opsit\\\/vastuunjako-ja-koulutusalat\\\/\",\"name\":\"Vastuunjako ja koulutusalat - Peppi-ohjeet henkil\u00f6kunnalle\",\"isPartOf\":{\"@id\":\"https:\\\/\\\/help.jamk.fi\\\/peppi-ohjeet-henkilokunnalle\\\/#website\"},\"primaryImageOfPage\":{\"@id\":\"https:\\\/\\\/help.jamk.fi\\\/peppi-ohjeet-henkilokunnalle\\\/fi\\\/opetussuunnittelu\\\/opetussuunnitelmat-opsit\\\/vastuunjako-ja-koulutusalat\\\/#primaryimage\"},\"image\":{\"@id\":\"https:\\\/\\\/help.jamk.fi\\\/peppi-ohjeet-henkilokunnalle\\\/fi\\\/opetussuunnittelu\\\/opetussuunnitelmat-opsit\\\/vastuunjako-ja-koulutusalat\\\/#primaryimage\"},\"thumbnailUrl\":\"https:\\\/\\\/help.jamk.fi\\\/peppi-ohjeet-henkilokunnalle\\\/wp-content\\\/uploads\\\/sites\\\/131\\\/2019\\\/12\\\/Vastuunjako-ja-koulutusalat-OPSissa.png\",\"datePublished\":\"2019-12-03T09:43:04+00:00\",\"dateModified\":\"2024-11-04T13:46:17+00:00\",\"breadcrumb\":{\"@id\":\"https:\\\/\\\/help.jamk.fi\\\/peppi-ohjeet-henkilokunnalle\\\/fi\\\/opetussuunnittelu\\\/opetussuunnitelmat-opsit\\\/vastuunjako-ja-koulutusalat\\\/#breadcrumb\"},\"inLanguage\":\"fi\",\"potentialAction\":[{\"@type\":\"ReadAction\",\"target\":[\"https:\\\/\\\/help.jamk.fi\\\/peppi-ohjeet-henkilokunnalle\\\/fi\\\/opetussuunnittelu\\\/opetussuunnitelmat-opsit\\\/vastuunjako-ja-koulutusalat\\\/\"]}]},{\"@type\":\"ImageObject\",\"inLanguage\":\"fi\",\"@id\":\"https:\\\/\\\/help.jamk.fi\\\/peppi-ohjeet-henkilokunnalle\\\/fi\\\/opetussuunnittelu\\\/opetussuunnitelmat-opsit\\\/vastuunjako-ja-koulutusalat\\\/#primaryimage\",\"url\":\"https:\\\/\\\/help.jamk.fi\\\/peppi-ohjeet-henkilokunnalle\\\/wp-content\\\/uploads\\\/sites\\\/131\\\/2019\\\/12\\\/Vastuunjako-ja-koulutusalat-OPSissa.png\",\"contentUrl\":\"https:\\\/\\\/help.jamk.fi\\\/peppi-ohjeet-henkilokunnalle\\\/wp-content\\\/uploads\\\/sites\\\/131\\\/2019\\\/12\\\/Vastuunjako-ja-koulutusalat-OPSissa.png\",\"width\":2429,\"height\":646,\"caption\":\"Kuvio 1. Vastuunjako ja koulutusalat OPSin tiedoissa\"},{\"@type\":\"BreadcrumbList\",\"@id\":\"https:\\\/\\\/help.jamk.fi\\\/peppi-ohjeet-henkilokunnalle\\\/fi\\\/opetussuunnittelu\\\/opetussuunnitelmat-opsit\\\/vastuunjako-ja-koulutusalat\\\/#breadcrumb\",\"itemListElement\":[{\"@type\":\"ListItem\",\"position\":1,\"name\":\"Home\",\"item\":\"https:\\\/\\\/help.jamk.fi\\\/peppi-ohjeet-henkilokunnalle\\\/en\\\/\"},{\"@type\":\"ListItem\",\"position\":2,\"name\":\"Opetussuunnittelu\",\"item\":\"https:\\\/\\\/help.jamk.fi\\\/peppi-ohjeet-henkilokunnalle\\\/fi\\\/opetussuunnittelu\\\/\"},{\"@type\":\"ListItem\",\"position\":3,\"name\":\"Opetussuunnitelmat (OPSit)\",\"item\":\"https:\\\/\\\/help.jamk.fi\\\/peppi-ohjeet-henkilokunnalle\\\/fi\\\/opetussuunnittelu\\\/opetussuunnitelmat-opsit\\\/\"},{\"@type\":\"ListItem\",\"position\":4,\"name\":\"Vastuunjako ja koulutusalat\"}]},{\"@type\":\"WebSite\",\"@id\":\"https:\\\/\\\/help.jamk.fi\\\/peppi-ohjeet-henkilokunnalle\\\/#website\",\"url\":\"https:\\\/\\\/help.jamk.fi\\\/peppi-ohjeet-henkilokunnalle\\\/\",\"name\":\"Peppi-ohjeet henkil\u00f6kunnalle\",\"description\":\"\",\"potentialAction\":[{\"@type\":\"SearchAction\",\"target\":{\"@type\":\"EntryPoint\",\"urlTemplate\":\"https:\\\/\\\/help.jamk.fi\\\/peppi-ohjeet-henkilokunnalle\\\/?s={search_term_string}\"},\"query-input\":{\"@type\":\"PropertyValueSpecification\",\"valueRequired\":true,\"valueName\":\"search_term_string\"}}],\"inLanguage\":\"fi\"}]}<\/script>\n<!-- \/ Yoast SEO plugin. -->","yoast_head_json":{"title":"Vastuunjako ja koulutusalat - Peppi-ohjeet henkil\u00f6kunnalle","robots":{"index":"index","follow":"follow","max-snippet":"max-snippet:-1","max-image-preview":"max-image-preview:large","max-video-preview":"max-video-preview:-1"},"canonical":"https:\/\/help.jamk.fi\/peppi-ohjeet-henkilokunnalle\/fi\/opetussuunnittelu\/opetussuunnitelmat-opsit\/vastuunjako-ja-koulutusalat\/","og_locale":"fi_FI","og_type":"article","og_title":"Vastuunjako ja koulutusalat - Peppi-ohjeet henkil\u00f6kunnalle","og_description":"Vastuunjako ja koulutusalat -v\u00e4lilehdell\u00e4 pystyy m\u00e4\u00e4rittelem\u00e4\u00e4n opetussuunnitelman vastuutahot sek\u00e4 siihen liittyv\u00e4t ohjauksen alat. Mik\u00e4li korkeakoulussa on k\u00e4yt\u00f6ss\u00e4 Koulutukset-osio, periytyv\u00e4t tiedot sielt\u00e4.&nbsp; Ko. tiedolla ei ole viel\u00e4 yhteytt\u00e4 OPSin kuvauksen Organisaatio -kentt\u00e4\u00e4n&nbsp; (=Yksikk\u00f6). Voit m\u00e4\u00e4ritt\u00e4\u00e4 vastuunjaon ja koulutusalat OPSille, jolta ne oletusarvoisesti periytyv\u00e4t OPSiin liitetyille opintojaksoille (kuvio 1). Tarvittaessa voit m\u00e4\u00e4ritt\u00e4\u00e4 vastuunjaon ja koulutusalat my\u00f6s opintojaksokohtaisesti.","og_url":"https:\/\/help.jamk.fi\/peppi-ohjeet-henkilokunnalle\/fi\/opetussuunnittelu\/opetussuunnitelmat-opsit\/vastuunjako-ja-koulutusalat\/","og_site_name":"Peppi-ohjeet henkil\u00f6kunnalle","article_modified_time":"2024-11-04T13:46:17+00:00","og_image":[{"url":"https:\/\/help.jamk.fi\/peppi-ohjeet-henkilokunnalle\/wp-content\/uploads\/sites\/131\/2019\/12\/Vastuunjako-ja-koulutusalat-OPSissa.png","type":"","width":"","height":""}],"twitter_card":"summary_large_image","twitter_misc":{"Arvioitu lukuaika":"2 minuuttia"},"schema":{"@context":"https:\/\/schema.org","@graph":[{"@type":"WebPage","@id":"https:\/\/help.jamk.fi\/peppi-ohjeet-henkilokunnalle\/fi\/opetussuunnittelu\/opetussuunnitelmat-opsit\/vastuunjako-ja-koulutusalat\/","url":"https:\/\/help.jamk.fi\/peppi-ohjeet-henkilokunnalle\/fi\/opetussuunnittelu\/opetussuunnitelmat-opsit\/vastuunjako-ja-koulutusalat\/","name":"Vastuunjako ja koulutusalat - Peppi-ohjeet henkil\u00f6kunnalle","isPartOf":{"@id":"https:\/\/help.jamk.fi\/peppi-ohjeet-henkilokunnalle\/#website"},"primaryImageOfPage":{"@id":"https:\/\/help.jamk.fi\/peppi-ohjeet-henkilokunnalle\/fi\/opetussuunnittelu\/opetussuunnitelmat-opsit\/vastuunjako-ja-koulutusalat\/#primaryimage"},"image":{"@id":"https:\/\/help.jamk.fi\/peppi-ohjeet-henkilokunnalle\/fi\/opetussuunnittelu\/opetussuunnitelmat-opsit\/vastuunjako-ja-koulutusalat\/#primaryimage"},"thumbnailUrl":"https:\/\/help.jamk.fi\/peppi-ohjeet-henkilokunnalle\/wp-content\/uploads\/sites\/131\/2019\/12\/Vastuunjako-ja-koulutusalat-OPSissa.png","datePublished":"2019-12-03T09:43:04+00:00","dateModified":"2024-11-04T13:46:17+00:00","breadcrumb":{"@id":"https:\/\/help.jamk.fi\/peppi-ohjeet-henkilokunnalle\/fi\/opetussuunnittelu\/opetussuunnitelmat-opsit\/vastuunjako-ja-koulutusalat\/#breadcrumb"},"inLanguage":"fi","potentialAction":[{"@type":"ReadAction","target":["https:\/\/help.jamk.fi\/peppi-ohjeet-henkilokunnalle\/fi\/opetussuunnittelu\/opetussuunnitelmat-opsit\/vastuunjako-ja-koulutusalat\/"]}]},{"@type":"ImageObject","inLanguage":"fi","@id":"https:\/\/help.jamk.fi\/peppi-ohjeet-henkilokunnalle\/fi\/opetussuunnittelu\/opetussuunnitelmat-opsit\/vastuunjako-ja-koulutusalat\/#primaryimage","url":"https:\/\/help.jamk.fi\/peppi-ohjeet-henkilokunnalle\/wp-content\/uploads\/sites\/131\/2019\/12\/Vastuunjako-ja-koulutusalat-OPSissa.png","contentUrl":"https:\/\/help.jamk.fi\/peppi-ohjeet-henkilokunnalle\/wp-content\/uploads\/sites\/131\/2019\/12\/Vastuunjako-ja-koulutusalat-OPSissa.png","width":2429,"height":646,"caption":"Kuvio 1. Vastuunjako ja koulutusalat OPSin tiedoissa"},{"@type":"BreadcrumbList","@id":"https:\/\/help.jamk.fi\/peppi-ohjeet-henkilokunnalle\/fi\/opetussuunnittelu\/opetussuunnitelmat-opsit\/vastuunjako-ja-koulutusalat\/#breadcrumb","itemListElement":[{"@type":"ListItem","position":1,"name":"Home","item":"https:\/\/help.jamk.fi\/peppi-ohjeet-henkilokunnalle\/en\/"},{"@type":"ListItem","position":2,"name":"Opetussuunnittelu","item":"https:\/\/help.jamk.fi\/peppi-ohjeet-henkilokunnalle\/fi\/opetussuunnittelu\/"},{"@type":"ListItem","position":3,"name":"Opetussuunnitelmat (OPSit)","item":"https:\/\/help.jamk.fi\/peppi-ohjeet-henkilokunnalle\/fi\/opetussuunnittelu\/opetussuunnitelmat-opsit\/"},{"@type":"ListItem","position":4,"name":"Vastuunjako ja koulutusalat"}]},{"@type":"WebSite","@id":"https:\/\/help.jamk.fi\/peppi-ohjeet-henkilokunnalle\/#website","url":"https:\/\/help.jamk.fi\/peppi-ohjeet-henkilokunnalle\/","name":"Peppi-ohjeet henkil\u00f6kunnalle","description":"","potentialAction":[{"@type":"SearchAction","target":{"@type":"EntryPoint","urlTemplate":"https:\/\/help.jamk.fi\/peppi-ohjeet-henkilokunnalle\/?s={search_term_string}"},"query-input":{"@type":"PropertyValueSpecification","valueRequired":true,"valueName":"search_term_string"}}],"inLanguage":"fi"}]}},"_links":{"self":[{"href":"https:\/\/help.jamk.fi\/peppi-ohjeet-henkilokunnalle\/wp-json\/wp\/v2\/pages\/4544","targetHints":{"allow":["GET"]}}],"collection":[{"href":"https:\/\/help.jamk.fi\/peppi-ohjeet-henkilokunnalle\/wp-json\/wp\/v2\/pages"}],"about":[{"href":"https:\/\/help.jamk.fi\/peppi-ohjeet-henkilokunnalle\/wp-json\/wp\/v2\/types\/page"}],"author":[{"embeddable":true,"href":"https:\/\/help.jamk.fi\/peppi-ohjeet-henkilokunnalle\/wp-json\/wp\/v2\/users\/79"}],"replies":[{"embeddable":true,"href":"https:\/\/help.jamk.fi\/peppi-ohjeet-henkilokunnalle\/wp-json\/wp\/v2\/comments?post=4544"}],"version-history":[{"count":3,"href":"https:\/\/help.jamk.fi\/peppi-ohjeet-henkilokunnalle\/wp-json\/wp\/v2\/pages\/4544\/revisions"}],"predecessor-version":[{"id":7294,"href":"https:\/\/help.jamk.fi\/peppi-ohjeet-henkilokunnalle\/wp-json\/wp\/v2\/pages\/4544\/revisions\/7294"}],"up":[{"embeddable":true,"href":"https:\/\/help.jamk.fi\/peppi-ohjeet-henkilokunnalle\/wp-json\/wp\/v2\/pages\/4525"}],"wp:attachment":[{"href":"https:\/\/help.jamk.fi\/peppi-ohjeet-henkilokunnalle\/wp-json\/wp\/v2\/media?parent=4544"}],"wp:term":[{"taxonomy":"category","embeddable":true,"href":"https:\/\/help.jamk.fi\/peppi-ohjeet-henkilokunnalle\/wp-json\/wp\/v2\/categories?post=4544"},{"taxonomy":"post_tag","embeddable":true,"href":"https:\/\/help.jamk.fi\/peppi-ohjeet-henkilokunnalle\/wp-json\/wp\/v2\/tags?post=4544"}],"curies":[{"name":"wp","href":"https:\/\/api.w.org\/{rel}","templated":true}]}}