{"id":4545,"date":"2019-12-03T12:27:59","date_gmt":"2019-12-03T10:27:59","guid":{"rendered":"https:\/\/help.jamk.fi\/peppi-ohjeet-henkilokunnalle\/opetussuunnittelu\/opetussuunnitelmat-opsit\/opsin-tarkistus-ja-hyvaksyminen\/"},"modified":"2024-11-13T10:58:28","modified_gmt":"2024-11-13T08:58:28","slug":"opsin-tarkistus-ja-hyvaksyminen","status":"publish","type":"page","link":"https:\/\/help.jamk.fi\/peppi-ohjeet-henkilokunnalle\/fi\/opetussuunnittelu\/opetussuunnitelmat-opsit\/opsin-tarkistus-ja-hyvaksyminen\/","title":{"rendered":"OPSin tarkistus ja hyv\u00e4ksyminen"},"content":{"rendered":"\n<p>OPSin Tarkistus ja hyv\u00e4ksyminen -v\u00e4lilehdell\u00e4 voit tarkastella, mitk\u00e4 opetussuunnitelman perustiedot on asianmukaisesti sy\u00f6tetty. J\u00e4rjestelm\u00e4n p\u00e4\u00e4k\u00e4ytt\u00e4j\u00e4n pit\u00e4\u00e4 ensin m\u00e4\u00e4ritell\u00e4 s\u00e4\u00e4nn\u00f6t, joiden mukaan perustietojen tarkistus tehd\u00e4\u00e4n. Jamkissa ei ole OPSiin liitettyj\u00e4 s\u00e4\u00e4nt\u00f6j\u00e4. <\/p>\n\n\n\n<p>N\u00e4kym\u00e4n yl\u00e4laidassa on statuspalkki, joka kertoo, miss\u00e4 tilassa OPS on: Luonnos &#8211;> Valmis hyv\u00e4ksytt\u00e4v\u00e4ksi &#8211;> Hyv\u00e4ksytty &#8211;> Hyv\u00e4ksytty ja julkaistu (kuvio 1). Korkeakoulut m\u00e4\u00e4rittelev\u00e4t itse, ketk\u00e4 p\u00e4\u00e4sev\u00e4t statuksen muutoksia tekem\u00e4\u00e4n.<\/p>\n\n\n\n<figure class=\"wp-block-image alignnone wp-image-304\"><img loading=\"lazy\" decoding=\"async\" width=\"2266\" height=\"260\" src=\"https:\/\/help.jamk.fi\/peppi-ohjeet-henkilokunnalle\/wp-content\/uploads\/sites\/131\/2019\/12\/OPSin-tarkistaminen.png\" alt=\"\" class=\"wp-image-304\"\/><figcaption class=\"wp-element-caption\">Kuvio 1. OPSin tarkistaminen ja hyv\u00e4ksyminen<\/figcaption><\/figure>\n\n\n<div id=\"info-lift-block_ecc64cd016d67809afa348a3b244d090\" class=\"block-info-lift block-info-lift\">\n  <div class=\"row\">\n    <div class=\"col-12\">\n              <div class=\"block-info-lift__content\">\n          <div class=\"block-info-lift__content__icon\">\n            <span>!<\/span>\n          <\/div>\n          <p class=\"block-info-lift__content__text\">HUOM: OPSin julkaisun j\u00e4lkeen et p\u00e4\u00e4se en\u00e4\u00e4 muokkaamaan OPSin rakennetta, ajoitussuunnitelmaa etk\u00e4 j\u00e4sentelyj\u00e4. Jos n\u00e4it\u00e4 tarvitsee muokata, pyyd\u00e4 p\u00e4\u00e4k\u00e4ytt\u00e4j\u00e4\u00e4 purkamaan OPSin julkaisu. Opintojaksoja sen sijaan p\u00e4\u00e4set muokkaamaan etsim\u00e4ll\u00e4 muokattavan opintojakson opintojaksohaulla.<\/p>\n        <\/div>\n          <\/div>\n  <\/div>\n<\/div>\n\n\n<h2 class=\"wp-block-heading\">OPSin tilan muuttaminen<\/h2>\n\n\n\n<p>Kun muutat OPSin tilan luonnoksesta hyv\u00e4ksymisehdotukseksi, voi hyv\u00e4ksymisest\u00e4 vastaava taho k\u00e4yd\u00e4 tarkastelemassa OPSia ja hyv\u00e4ksy\u00e4 sen.<\/p>\n\n\n\n<ol class=\"wp-block-list\">\n<li>Napsauta statuspalkista <strong>Valmis hyv\u00e4ksytt\u00e4v\u00e4ksi<\/strong> -ikonia. J\u00e4rjestelm\u00e4 avaa <strong>Statuksen muuttaminen<\/strong> -ponnahdusikkunan.<\/li>\n\n\n\n<li>Tarvittaessa voit kirjoittaa <strong>Statuksen muuttaminen<\/strong> -ponnahdusikkunaan hyv\u00e4ksymisehdotukseen liittyv\u00e4n kommentin, joka tallentuu j\u00e4rjestelm\u00e4\u00e4n.<\/li>\n\n\n\n<li>Napsauta <strong>P\u00e4ivit\u00e4<\/strong>-painiketta. Statuksen muuttaminen -ponnahdusikkuna sulkeutuu. N\u00e4kym\u00e4n yl\u00e4laidan statuspalkissa <strong>Valmis hyv\u00e4ksytt\u00e4v\u00e4ksi<\/strong> -kohta muuttuu vihre\u00e4ksi osoittaen, ett\u00e4 OPSin tila on p\u00e4ivitetty hyv\u00e4ksymisehdotukseksi.<\/li>\n\n\n\n<li>Vastaavalla tavalla OPS:n tila muutetaan vaiheisiin Hyv\u00e4ksytty sek\u00e4 Hyv\u00e4ksytty ja julkaistu. OPSien julkaiseminen tehd\u00e4\u00e4n keskitetysti Koulutuksen kehitt\u00e4mispalveluissa.<\/li>\n<\/ol>\n\n\n\n<p>Sivun keskiosassa on listattuna yleiset sek\u00e4 OPS-kohtaiset s\u00e4\u00e4nn\u00f6t, joiden mukaisesti OPSin tietojen tulee olla sy\u00f6tetty (ks. S\u00e4\u00e4nn\u00f6t-v\u00e4lilehti). S\u00e4\u00e4nn\u00f6t voivat esim. tehd\u00e4 tiettyjen kenttien t\u00e4ytt\u00e4misest\u00e4 pakollista tai suositeltua.<\/p>\n\n\n\n<p>Sivun alalaidassa on kaksi painiketta:<\/p>\n\n\n\n<ol class=\"wp-block-list\">\n<li><strong>Tarkista OPSiin liitetyt opintojaksot<\/strong>. T\u00e4m\u00e4 toiminto tarkistaa, ovatko opintojaksot tallennettu em. s\u00e4\u00e4nt\u00f6jen mukaisesti.<\/li>\n\n\n\n<li><strong>Luo PDF. <\/strong>T\u00e4ll\u00e4 toiminnolla voit luoda OPSista pdf-tiedoston.<\/li>\n<\/ol>\n","protected":false},"excerpt":{"rendered":"<p>OPSin Tarkistus ja hyv\u00e4ksyminen -v\u00e4lilehdell\u00e4 voit tarkastella, mitk\u00e4 opetussuunnitelman perustiedot on asianmukaisesti sy\u00f6tetty. J\u00e4rjestelm\u00e4n p\u00e4\u00e4k\u00e4ytt\u00e4j\u00e4n pit\u00e4\u00e4 ensin m\u00e4\u00e4ritell\u00e4 s\u00e4\u00e4nn\u00f6t, joiden mukaan perustietojen tarkistus tehd\u00e4\u00e4n. Jamkissa ei ole OPSiin liitettyj\u00e4 s\u00e4\u00e4nt\u00f6j\u00e4. N\u00e4kym\u00e4n yl\u00e4laidassa on statuspalkki, joka kertoo, miss\u00e4 tilassa OPS on: Luonnos &#8211;> Valmis hyv\u00e4ksytt\u00e4v\u00e4ksi &#8211;> Hyv\u00e4ksytty &#8211;> Hyv\u00e4ksytty ja julkaistu (kuvio 1). Korkeakoulut m\u00e4\u00e4rittelev\u00e4t itse, [&hellip;]<\/p>\n","protected":false},"author":79,"featured_media":0,"parent":4525,"menu_order":7,"comment_status":"closed","ping_status":"open","template":"","meta":{"_acf_changed":false,"_relevanssi_hide_post":"","_relevanssi_hide_content":"","_relevanssi_pin_for_all":"","_relevanssi_pin_keywords":"","_relevanssi_unpin_keywords":"","_relevanssi_related_keywords":"","_relevanssi_related_include_ids":"","_relevanssi_related_exclude_ids":"","_relevanssi_related_no_append":"","_relevanssi_related_not_related":"","_relevanssi_related_posts":"","_relevanssi_noindex_reason":"","footnotes":""},"categories":[1],"tags":[],"class_list":["post-4545","page","type-page","status-publish","hentry","category-uncategorised"],"acf":[],"yoast_head":"<!-- This site is optimized with the Yoast SEO plugin v27.4 - https:\/\/yoast.com\/product\/yoast-seo-wordpress\/ -->\n<title>OPSin tarkistus ja hyv\u00e4ksyminen - Peppi-ohjeet henkil\u00f6kunnalle<\/title>\n<meta name=\"robots\" content=\"index, follow, max-snippet:-1, max-image-preview:large, max-video-preview:-1\" \/>\n<link rel=\"canonical\" href=\"https:\/\/help.jamk.fi\/peppi-ohjeet-henkilokunnalle\/fi\/opetussuunnittelu\/opetussuunnitelmat-opsit\/opsin-tarkistus-ja-hyvaksyminen\/\" \/>\n<meta property=\"og:locale\" content=\"fi_FI\" \/>\n<meta property=\"og:type\" content=\"article\" \/>\n<meta property=\"og:title\" content=\"OPSin tarkistus ja hyv\u00e4ksyminen - Peppi-ohjeet henkil\u00f6kunnalle\" \/>\n<meta property=\"og:description\" content=\"OPSin Tarkistus ja hyv\u00e4ksyminen -v\u00e4lilehdell\u00e4 voit tarkastella, mitk\u00e4 opetussuunnitelman perustiedot on asianmukaisesti sy\u00f6tetty. J\u00e4rjestelm\u00e4n p\u00e4\u00e4k\u00e4ytt\u00e4j\u00e4n pit\u00e4\u00e4 ensin m\u00e4\u00e4ritell\u00e4 s\u00e4\u00e4nn\u00f6t, joiden mukaan perustietojen tarkistus tehd\u00e4\u00e4n. Jamkissa ei ole OPSiin liitettyj\u00e4 s\u00e4\u00e4nt\u00f6j\u00e4. N\u00e4kym\u00e4n yl\u00e4laidassa on statuspalkki, joka kertoo, miss\u00e4 tilassa OPS on: Luonnos &#8211;&gt; Valmis hyv\u00e4ksytt\u00e4v\u00e4ksi &#8211;&gt; Hyv\u00e4ksytty &#8211;&gt; Hyv\u00e4ksytty ja julkaistu (kuvio 1). Korkeakoulut m\u00e4\u00e4rittelev\u00e4t itse, [&hellip;]\" \/>\n<meta property=\"og:url\" content=\"https:\/\/help.jamk.fi\/peppi-ohjeet-henkilokunnalle\/fi\/opetussuunnittelu\/opetussuunnitelmat-opsit\/opsin-tarkistus-ja-hyvaksyminen\/\" \/>\n<meta property=\"og:site_name\" content=\"Peppi-ohjeet henkil\u00f6kunnalle\" \/>\n<meta property=\"article:modified_time\" content=\"2024-11-13T08:58:28+00:00\" \/>\n<meta property=\"og:image\" content=\"https:\/\/help.jamk.fi\/peppi-ohjeet-henkilokunnalle\/wp-content\/uploads\/sites\/131\/2019\/12\/OPSin-tarkistaminen.png\" \/>\n<meta name=\"twitter:card\" content=\"summary_large_image\" \/>\n<meta name=\"twitter:label1\" content=\"Arvioitu lukuaika\" \/>\n\t<meta name=\"twitter:data1\" content=\"2 minuuttia\" \/>\n<script type=\"application\/ld+json\" class=\"yoast-schema-graph\">{\"@context\":\"https:\\\/\\\/schema.org\",\"@graph\":[{\"@type\":\"WebPage\",\"@id\":\"https:\\\/\\\/help.jamk.fi\\\/peppi-ohjeet-henkilokunnalle\\\/fi\\\/opetussuunnittelu\\\/opetussuunnitelmat-opsit\\\/opsin-tarkistus-ja-hyvaksyminen\\\/\",\"url\":\"https:\\\/\\\/help.jamk.fi\\\/peppi-ohjeet-henkilokunnalle\\\/fi\\\/opetussuunnittelu\\\/opetussuunnitelmat-opsit\\\/opsin-tarkistus-ja-hyvaksyminen\\\/\",\"name\":\"OPSin tarkistus ja hyv\u00e4ksyminen - Peppi-ohjeet henkil\u00f6kunnalle\",\"isPartOf\":{\"@id\":\"https:\\\/\\\/help.jamk.fi\\\/peppi-ohjeet-henkilokunnalle\\\/#website\"},\"primaryImageOfPage\":{\"@id\":\"https:\\\/\\\/help.jamk.fi\\\/peppi-ohjeet-henkilokunnalle\\\/fi\\\/opetussuunnittelu\\\/opetussuunnitelmat-opsit\\\/opsin-tarkistus-ja-hyvaksyminen\\\/#primaryimage\"},\"image\":{\"@id\":\"https:\\\/\\\/help.jamk.fi\\\/peppi-ohjeet-henkilokunnalle\\\/fi\\\/opetussuunnittelu\\\/opetussuunnitelmat-opsit\\\/opsin-tarkistus-ja-hyvaksyminen\\\/#primaryimage\"},\"thumbnailUrl\":\"https:\\\/\\\/help.jamk.fi\\\/peppi-ohjeet-henkilokunnalle\\\/wp-content\\\/uploads\\\/sites\\\/131\\\/2019\\\/12\\\/OPSin-tarkistaminen.png\",\"datePublished\":\"2019-12-03T10:27:59+00:00\",\"dateModified\":\"2024-11-13T08:58:28+00:00\",\"breadcrumb\":{\"@id\":\"https:\\\/\\\/help.jamk.fi\\\/peppi-ohjeet-henkilokunnalle\\\/fi\\\/opetussuunnittelu\\\/opetussuunnitelmat-opsit\\\/opsin-tarkistus-ja-hyvaksyminen\\\/#breadcrumb\"},\"inLanguage\":\"fi\",\"potentialAction\":[{\"@type\":\"ReadAction\",\"target\":[\"https:\\\/\\\/help.jamk.fi\\\/peppi-ohjeet-henkilokunnalle\\\/fi\\\/opetussuunnittelu\\\/opetussuunnitelmat-opsit\\\/opsin-tarkistus-ja-hyvaksyminen\\\/\"]}]},{\"@type\":\"ImageObject\",\"inLanguage\":\"fi\",\"@id\":\"https:\\\/\\\/help.jamk.fi\\\/peppi-ohjeet-henkilokunnalle\\\/fi\\\/opetussuunnittelu\\\/opetussuunnitelmat-opsit\\\/opsin-tarkistus-ja-hyvaksyminen\\\/#primaryimage\",\"url\":\"https:\\\/\\\/help.jamk.fi\\\/peppi-ohjeet-henkilokunnalle\\\/wp-content\\\/uploads\\\/sites\\\/131\\\/2019\\\/12\\\/OPSin-tarkistaminen.png\",\"contentUrl\":\"https:\\\/\\\/help.jamk.fi\\\/peppi-ohjeet-henkilokunnalle\\\/wp-content\\\/uploads\\\/sites\\\/131\\\/2019\\\/12\\\/OPSin-tarkistaminen.png\",\"width\":2266,\"height\":260,\"caption\":\"Kuvio 1. OPSin tarkistaminen\"},{\"@type\":\"BreadcrumbList\",\"@id\":\"https:\\\/\\\/help.jamk.fi\\\/peppi-ohjeet-henkilokunnalle\\\/fi\\\/opetussuunnittelu\\\/opetussuunnitelmat-opsit\\\/opsin-tarkistus-ja-hyvaksyminen\\\/#breadcrumb\",\"itemListElement\":[{\"@type\":\"ListItem\",\"position\":1,\"name\":\"Home\",\"item\":\"https:\\\/\\\/help.jamk.fi\\\/peppi-ohjeet-henkilokunnalle\\\/en\\\/\"},{\"@type\":\"ListItem\",\"position\":2,\"name\":\"Opetussuunnittelu\",\"item\":\"https:\\\/\\\/help.jamk.fi\\\/peppi-ohjeet-henkilokunnalle\\\/fi\\\/opetussuunnittelu\\\/\"},{\"@type\":\"ListItem\",\"position\":3,\"name\":\"Opetussuunnitelmat (OPSit)\",\"item\":\"https:\\\/\\\/help.jamk.fi\\\/peppi-ohjeet-henkilokunnalle\\\/fi\\\/opetussuunnittelu\\\/opetussuunnitelmat-opsit\\\/\"},{\"@type\":\"ListItem\",\"position\":4,\"name\":\"OPSin tarkistus ja hyv\u00e4ksyminen\"}]},{\"@type\":\"WebSite\",\"@id\":\"https:\\\/\\\/help.jamk.fi\\\/peppi-ohjeet-henkilokunnalle\\\/#website\",\"url\":\"https:\\\/\\\/help.jamk.fi\\\/peppi-ohjeet-henkilokunnalle\\\/\",\"name\":\"Peppi-ohjeet henkil\u00f6kunnalle\",\"description\":\"\",\"potentialAction\":[{\"@type\":\"SearchAction\",\"target\":{\"@type\":\"EntryPoint\",\"urlTemplate\":\"https:\\\/\\\/help.jamk.fi\\\/peppi-ohjeet-henkilokunnalle\\\/?s={search_term_string}\"},\"query-input\":{\"@type\":\"PropertyValueSpecification\",\"valueRequired\":true,\"valueName\":\"search_term_string\"}}],\"inLanguage\":\"fi\"}]}<\/script>\n<!-- \/ Yoast SEO plugin. -->","yoast_head_json":{"title":"OPSin tarkistus ja hyv\u00e4ksyminen - Peppi-ohjeet henkil\u00f6kunnalle","robots":{"index":"index","follow":"follow","max-snippet":"max-snippet:-1","max-image-preview":"max-image-preview:large","max-video-preview":"max-video-preview:-1"},"canonical":"https:\/\/help.jamk.fi\/peppi-ohjeet-henkilokunnalle\/fi\/opetussuunnittelu\/opetussuunnitelmat-opsit\/opsin-tarkistus-ja-hyvaksyminen\/","og_locale":"fi_FI","og_type":"article","og_title":"OPSin tarkistus ja hyv\u00e4ksyminen - Peppi-ohjeet henkil\u00f6kunnalle","og_description":"OPSin Tarkistus ja hyv\u00e4ksyminen -v\u00e4lilehdell\u00e4 voit tarkastella, mitk\u00e4 opetussuunnitelman perustiedot on asianmukaisesti sy\u00f6tetty. J\u00e4rjestelm\u00e4n p\u00e4\u00e4k\u00e4ytt\u00e4j\u00e4n pit\u00e4\u00e4 ensin m\u00e4\u00e4ritell\u00e4 s\u00e4\u00e4nn\u00f6t, joiden mukaan perustietojen tarkistus tehd\u00e4\u00e4n. Jamkissa ei ole OPSiin liitettyj\u00e4 s\u00e4\u00e4nt\u00f6j\u00e4. N\u00e4kym\u00e4n yl\u00e4laidassa on statuspalkki, joka kertoo, miss\u00e4 tilassa OPS on: Luonnos &#8211;> Valmis hyv\u00e4ksytt\u00e4v\u00e4ksi &#8211;> Hyv\u00e4ksytty &#8211;> Hyv\u00e4ksytty ja julkaistu (kuvio 1). Korkeakoulut m\u00e4\u00e4rittelev\u00e4t itse, [&hellip;]","og_url":"https:\/\/help.jamk.fi\/peppi-ohjeet-henkilokunnalle\/fi\/opetussuunnittelu\/opetussuunnitelmat-opsit\/opsin-tarkistus-ja-hyvaksyminen\/","og_site_name":"Peppi-ohjeet henkil\u00f6kunnalle","article_modified_time":"2024-11-13T08:58:28+00:00","og_image":[{"url":"https:\/\/help.jamk.fi\/peppi-ohjeet-henkilokunnalle\/wp-content\/uploads\/sites\/131\/2019\/12\/OPSin-tarkistaminen.png","type":"","width":"","height":""}],"twitter_card":"summary_large_image","twitter_misc":{"Arvioitu lukuaika":"2 minuuttia"},"schema":{"@context":"https:\/\/schema.org","@graph":[{"@type":"WebPage","@id":"https:\/\/help.jamk.fi\/peppi-ohjeet-henkilokunnalle\/fi\/opetussuunnittelu\/opetussuunnitelmat-opsit\/opsin-tarkistus-ja-hyvaksyminen\/","url":"https:\/\/help.jamk.fi\/peppi-ohjeet-henkilokunnalle\/fi\/opetussuunnittelu\/opetussuunnitelmat-opsit\/opsin-tarkistus-ja-hyvaksyminen\/","name":"OPSin tarkistus ja hyv\u00e4ksyminen - Peppi-ohjeet henkil\u00f6kunnalle","isPartOf":{"@id":"https:\/\/help.jamk.fi\/peppi-ohjeet-henkilokunnalle\/#website"},"primaryImageOfPage":{"@id":"https:\/\/help.jamk.fi\/peppi-ohjeet-henkilokunnalle\/fi\/opetussuunnittelu\/opetussuunnitelmat-opsit\/opsin-tarkistus-ja-hyvaksyminen\/#primaryimage"},"image":{"@id":"https:\/\/help.jamk.fi\/peppi-ohjeet-henkilokunnalle\/fi\/opetussuunnittelu\/opetussuunnitelmat-opsit\/opsin-tarkistus-ja-hyvaksyminen\/#primaryimage"},"thumbnailUrl":"https:\/\/help.jamk.fi\/peppi-ohjeet-henkilokunnalle\/wp-content\/uploads\/sites\/131\/2019\/12\/OPSin-tarkistaminen.png","datePublished":"2019-12-03T10:27:59+00:00","dateModified":"2024-11-13T08:58:28+00:00","breadcrumb":{"@id":"https:\/\/help.jamk.fi\/peppi-ohjeet-henkilokunnalle\/fi\/opetussuunnittelu\/opetussuunnitelmat-opsit\/opsin-tarkistus-ja-hyvaksyminen\/#breadcrumb"},"inLanguage":"fi","potentialAction":[{"@type":"ReadAction","target":["https:\/\/help.jamk.fi\/peppi-ohjeet-henkilokunnalle\/fi\/opetussuunnittelu\/opetussuunnitelmat-opsit\/opsin-tarkistus-ja-hyvaksyminen\/"]}]},{"@type":"ImageObject","inLanguage":"fi","@id":"https:\/\/help.jamk.fi\/peppi-ohjeet-henkilokunnalle\/fi\/opetussuunnittelu\/opetussuunnitelmat-opsit\/opsin-tarkistus-ja-hyvaksyminen\/#primaryimage","url":"https:\/\/help.jamk.fi\/peppi-ohjeet-henkilokunnalle\/wp-content\/uploads\/sites\/131\/2019\/12\/OPSin-tarkistaminen.png","contentUrl":"https:\/\/help.jamk.fi\/peppi-ohjeet-henkilokunnalle\/wp-content\/uploads\/sites\/131\/2019\/12\/OPSin-tarkistaminen.png","width":2266,"height":260,"caption":"Kuvio 1. OPSin tarkistaminen"},{"@type":"BreadcrumbList","@id":"https:\/\/help.jamk.fi\/peppi-ohjeet-henkilokunnalle\/fi\/opetussuunnittelu\/opetussuunnitelmat-opsit\/opsin-tarkistus-ja-hyvaksyminen\/#breadcrumb","itemListElement":[{"@type":"ListItem","position":1,"name":"Home","item":"https:\/\/help.jamk.fi\/peppi-ohjeet-henkilokunnalle\/en\/"},{"@type":"ListItem","position":2,"name":"Opetussuunnittelu","item":"https:\/\/help.jamk.fi\/peppi-ohjeet-henkilokunnalle\/fi\/opetussuunnittelu\/"},{"@type":"ListItem","position":3,"name":"Opetussuunnitelmat (OPSit)","item":"https:\/\/help.jamk.fi\/peppi-ohjeet-henkilokunnalle\/fi\/opetussuunnittelu\/opetussuunnitelmat-opsit\/"},{"@type":"ListItem","position":4,"name":"OPSin tarkistus ja hyv\u00e4ksyminen"}]},{"@type":"WebSite","@id":"https:\/\/help.jamk.fi\/peppi-ohjeet-henkilokunnalle\/#website","url":"https:\/\/help.jamk.fi\/peppi-ohjeet-henkilokunnalle\/","name":"Peppi-ohjeet henkil\u00f6kunnalle","description":"","potentialAction":[{"@type":"SearchAction","target":{"@type":"EntryPoint","urlTemplate":"https:\/\/help.jamk.fi\/peppi-ohjeet-henkilokunnalle\/?s={search_term_string}"},"query-input":{"@type":"PropertyValueSpecification","valueRequired":true,"valueName":"search_term_string"}}],"inLanguage":"fi"}]}},"_links":{"self":[{"href":"https:\/\/help.jamk.fi\/peppi-ohjeet-henkilokunnalle\/wp-json\/wp\/v2\/pages\/4545","targetHints":{"allow":["GET"]}}],"collection":[{"href":"https:\/\/help.jamk.fi\/peppi-ohjeet-henkilokunnalle\/wp-json\/wp\/v2\/pages"}],"about":[{"href":"https:\/\/help.jamk.fi\/peppi-ohjeet-henkilokunnalle\/wp-json\/wp\/v2\/types\/page"}],"author":[{"embeddable":true,"href":"https:\/\/help.jamk.fi\/peppi-ohjeet-henkilokunnalle\/wp-json\/wp\/v2\/users\/79"}],"replies":[{"embeddable":true,"href":"https:\/\/help.jamk.fi\/peppi-ohjeet-henkilokunnalle\/wp-json\/wp\/v2\/comments?post=4545"}],"version-history":[{"count":6,"href":"https:\/\/help.jamk.fi\/peppi-ohjeet-henkilokunnalle\/wp-json\/wp\/v2\/pages\/4545\/revisions"}],"predecessor-version":[{"id":7362,"href":"https:\/\/help.jamk.fi\/peppi-ohjeet-henkilokunnalle\/wp-json\/wp\/v2\/pages\/4545\/revisions\/7362"}],"up":[{"embeddable":true,"href":"https:\/\/help.jamk.fi\/peppi-ohjeet-henkilokunnalle\/wp-json\/wp\/v2\/pages\/4525"}],"wp:attachment":[{"href":"https:\/\/help.jamk.fi\/peppi-ohjeet-henkilokunnalle\/wp-json\/wp\/v2\/media?parent=4545"}],"wp:term":[{"taxonomy":"category","embeddable":true,"href":"https:\/\/help.jamk.fi\/peppi-ohjeet-henkilokunnalle\/wp-json\/wp\/v2\/categories?post=4545"},{"taxonomy":"post_tag","embeddable":true,"href":"https:\/\/help.jamk.fi\/peppi-ohjeet-henkilokunnalle\/wp-json\/wp\/v2\/tags?post=4545"}],"curies":[{"name":"wp","href":"https:\/\/api.w.org\/{rel}","templated":true}]}}