{"id":4546,"date":"2020-01-27T11:56:06","date_gmt":"2020-01-27T09:56:06","guid":{"rendered":"https:\/\/help.jamk.fi\/peppi-ohjeet-henkilokunnalle\/opetussuunnittelu\/opetussuunnitelmat-opsit\/saannot\/"},"modified":"2024-09-12T12:56:01","modified_gmt":"2024-09-12T09:56:01","slug":"saannot","status":"publish","type":"page","link":"https:\/\/help.jamk.fi\/peppi-ohjeet-henkilokunnalle\/fi\/opetussuunnittelu\/opetussuunnitelmat-opsit\/saannot\/","title":{"rendered":"S\u00e4\u00e4nn\u00f6t"},"content":{"rendered":"\n<p>Opetussuunnitelmalla voi olla joko yleisi\u00e4 tai OPS-kohtaisia s\u00e4\u00e4nt\u00f6j\u00e4. P\u00e4\u00e4k\u00e4ytt\u00e4j\u00e4n teht\u00e4v\u00e4 on m\u00e4\u00e4ritell\u00e4 s\u00e4\u00e4nn\u00f6t.<\/p>\n\n\n\n<p>S\u00e4\u00e4nt\u00f6jen tarkoituksena on varmistaa OPSien linjakkuus, yhdenmukaisuus ja laadukkuus. S\u00e4\u00e4nt\u00f6jen avulla voidaan kontrolloida esim. sit\u00e4, ettei Pepist\u00e4 siirry julkaisuj\u00e4rjestelm\u00e4\u00e4n tai opintohallintoj\u00e4rjestelm\u00e4\u00e4n puutteellista tai virheellist\u00e4 dataa.<\/p>\n\n\n\n<p>Toistaiseksi Jamkissa ei ole m\u00e4\u00e4ritelty OPSeille s\u00e4\u00e4nt\u00f6j\u00e4.<\/p>\n","protected":false},"excerpt":{"rendered":"<p>Opetussuunnitelmalla voi olla joko yleisi\u00e4 tai OPS-kohtaisia s\u00e4\u00e4nt\u00f6j\u00e4. P\u00e4\u00e4k\u00e4ytt\u00e4j\u00e4n teht\u00e4v\u00e4 on m\u00e4\u00e4ritell\u00e4 s\u00e4\u00e4nn\u00f6t. S\u00e4\u00e4nt\u00f6jen tarkoituksena on varmistaa OPSien linjakkuus, yhdenmukaisuus ja laadukkuus. S\u00e4\u00e4nt\u00f6jen avulla voidaan kontrolloida esim. sit\u00e4, ettei Pepist\u00e4 siirry julkaisuj\u00e4rjestelm\u00e4\u00e4n tai opintohallintoj\u00e4rjestelm\u00e4\u00e4n puutteellista tai virheellist\u00e4 dataa. Toistaiseksi Jamkissa ei ole m\u00e4\u00e4ritelty OPSeille s\u00e4\u00e4nt\u00f6j\u00e4.<\/p>\n","protected":false},"author":79,"featured_media":0,"parent":4525,"menu_order":9,"comment_status":"closed","ping_status":"open","template":"","meta":{"_acf_changed":false,"_relevanssi_hide_post":"","_relevanssi_hide_content":"","_relevanssi_pin_for_all":"","_relevanssi_pin_keywords":"","_relevanssi_unpin_keywords":"","_relevanssi_related_keywords":"","_relevanssi_related_include_ids":"","_relevanssi_related_exclude_ids":"","_relevanssi_related_no_append":"","_relevanssi_related_not_related":"","_relevanssi_related_posts":"","_relevanssi_noindex_reason":"","footnotes":""},"categories":[1],"tags":[],"class_list":["post-4546","page","type-page","status-publish","hentry","category-uncategorised"],"acf":[],"yoast_head":"<!-- This site is optimized with the Yoast SEO plugin v27.4 - https:\/\/yoast.com\/product\/yoast-seo-wordpress\/ -->\n<title>S\u00e4\u00e4nn\u00f6t - Peppi-ohjeet henkil\u00f6kunnalle<\/title>\n<meta name=\"robots\" content=\"index, follow, max-snippet:-1, max-image-preview:large, max-video-preview:-1\" \/>\n<link rel=\"canonical\" href=\"https:\/\/help.jamk.fi\/peppi-ohjeet-henkilokunnalle\/fi\/opetussuunnittelu\/opetussuunnitelmat-opsit\/saannot\/\" \/>\n<meta property=\"og:locale\" content=\"fi_FI\" \/>\n<meta property=\"og:type\" content=\"article\" \/>\n<meta property=\"og:title\" content=\"S\u00e4\u00e4nn\u00f6t - Peppi-ohjeet henkil\u00f6kunnalle\" \/>\n<meta property=\"og:description\" content=\"Opetussuunnitelmalla voi olla joko yleisi\u00e4 tai OPS-kohtaisia s\u00e4\u00e4nt\u00f6j\u00e4. P\u00e4\u00e4k\u00e4ytt\u00e4j\u00e4n teht\u00e4v\u00e4 on m\u00e4\u00e4ritell\u00e4 s\u00e4\u00e4nn\u00f6t. S\u00e4\u00e4nt\u00f6jen tarkoituksena on varmistaa OPSien linjakkuus, yhdenmukaisuus ja laadukkuus. S\u00e4\u00e4nt\u00f6jen avulla voidaan kontrolloida esim. sit\u00e4, ettei Pepist\u00e4 siirry julkaisuj\u00e4rjestelm\u00e4\u00e4n tai opintohallintoj\u00e4rjestelm\u00e4\u00e4n puutteellista tai virheellist\u00e4 dataa. Toistaiseksi Jamkissa ei ole m\u00e4\u00e4ritelty OPSeille s\u00e4\u00e4nt\u00f6j\u00e4.\" \/>\n<meta property=\"og:url\" content=\"https:\/\/help.jamk.fi\/peppi-ohjeet-henkilokunnalle\/fi\/opetussuunnittelu\/opetussuunnitelmat-opsit\/saannot\/\" \/>\n<meta property=\"og:site_name\" content=\"Peppi-ohjeet henkil\u00f6kunnalle\" \/>\n<meta property=\"article:modified_time\" content=\"2024-09-12T09:56:01+00:00\" \/>\n<meta name=\"twitter:card\" content=\"summary_large_image\" \/>\n<meta name=\"twitter:label1\" content=\"Arvioitu lukuaika\" \/>\n\t<meta name=\"twitter:data1\" content=\"1 minuutti\" \/>\n<script type=\"application\/ld+json\" class=\"yoast-schema-graph\">{\"@context\":\"https:\\\/\\\/schema.org\",\"@graph\":[{\"@type\":\"WebPage\",\"@id\":\"https:\\\/\\\/help.jamk.fi\\\/peppi-ohjeet-henkilokunnalle\\\/fi\\\/opetussuunnittelu\\\/opetussuunnitelmat-opsit\\\/saannot\\\/\",\"url\":\"https:\\\/\\\/help.jamk.fi\\\/peppi-ohjeet-henkilokunnalle\\\/fi\\\/opetussuunnittelu\\\/opetussuunnitelmat-opsit\\\/saannot\\\/\",\"name\":\"S\u00e4\u00e4nn\u00f6t - Peppi-ohjeet henkil\u00f6kunnalle\",\"isPartOf\":{\"@id\":\"https:\\\/\\\/help.jamk.fi\\\/peppi-ohjeet-henkilokunnalle\\\/#website\"},\"datePublished\":\"2020-01-27T09:56:06+00:00\",\"dateModified\":\"2024-09-12T09:56:01+00:00\",\"breadcrumb\":{\"@id\":\"https:\\\/\\\/help.jamk.fi\\\/peppi-ohjeet-henkilokunnalle\\\/fi\\\/opetussuunnittelu\\\/opetussuunnitelmat-opsit\\\/saannot\\\/#breadcrumb\"},\"inLanguage\":\"fi\",\"potentialAction\":[{\"@type\":\"ReadAction\",\"target\":[\"https:\\\/\\\/help.jamk.fi\\\/peppi-ohjeet-henkilokunnalle\\\/fi\\\/opetussuunnittelu\\\/opetussuunnitelmat-opsit\\\/saannot\\\/\"]}]},{\"@type\":\"BreadcrumbList\",\"@id\":\"https:\\\/\\\/help.jamk.fi\\\/peppi-ohjeet-henkilokunnalle\\\/fi\\\/opetussuunnittelu\\\/opetussuunnitelmat-opsit\\\/saannot\\\/#breadcrumb\",\"itemListElement\":[{\"@type\":\"ListItem\",\"position\":1,\"name\":\"Home\",\"item\":\"https:\\\/\\\/help.jamk.fi\\\/peppi-ohjeet-henkilokunnalle\\\/en\\\/\"},{\"@type\":\"ListItem\",\"position\":2,\"name\":\"Opetussuunnittelu\",\"item\":\"https:\\\/\\\/help.jamk.fi\\\/peppi-ohjeet-henkilokunnalle\\\/fi\\\/opetussuunnittelu\\\/\"},{\"@type\":\"ListItem\",\"position\":3,\"name\":\"Opetussuunnitelmat (OPSit)\",\"item\":\"https:\\\/\\\/help.jamk.fi\\\/peppi-ohjeet-henkilokunnalle\\\/fi\\\/opetussuunnittelu\\\/opetussuunnitelmat-opsit\\\/\"},{\"@type\":\"ListItem\",\"position\":4,\"name\":\"S\u00e4\u00e4nn\u00f6t\"}]},{\"@type\":\"WebSite\",\"@id\":\"https:\\\/\\\/help.jamk.fi\\\/peppi-ohjeet-henkilokunnalle\\\/#website\",\"url\":\"https:\\\/\\\/help.jamk.fi\\\/peppi-ohjeet-henkilokunnalle\\\/\",\"name\":\"Peppi-ohjeet henkil\u00f6kunnalle\",\"description\":\"\",\"potentialAction\":[{\"@type\":\"SearchAction\",\"target\":{\"@type\":\"EntryPoint\",\"urlTemplate\":\"https:\\\/\\\/help.jamk.fi\\\/peppi-ohjeet-henkilokunnalle\\\/?s={search_term_string}\"},\"query-input\":{\"@type\":\"PropertyValueSpecification\",\"valueRequired\":true,\"valueName\":\"search_term_string\"}}],\"inLanguage\":\"fi\"}]}<\/script>\n<!-- \/ Yoast SEO plugin. -->","yoast_head_json":{"title":"S\u00e4\u00e4nn\u00f6t - Peppi-ohjeet henkil\u00f6kunnalle","robots":{"index":"index","follow":"follow","max-snippet":"max-snippet:-1","max-image-preview":"max-image-preview:large","max-video-preview":"max-video-preview:-1"},"canonical":"https:\/\/help.jamk.fi\/peppi-ohjeet-henkilokunnalle\/fi\/opetussuunnittelu\/opetussuunnitelmat-opsit\/saannot\/","og_locale":"fi_FI","og_type":"article","og_title":"S\u00e4\u00e4nn\u00f6t - Peppi-ohjeet henkil\u00f6kunnalle","og_description":"Opetussuunnitelmalla voi olla joko yleisi\u00e4 tai OPS-kohtaisia s\u00e4\u00e4nt\u00f6j\u00e4. P\u00e4\u00e4k\u00e4ytt\u00e4j\u00e4n teht\u00e4v\u00e4 on m\u00e4\u00e4ritell\u00e4 s\u00e4\u00e4nn\u00f6t. S\u00e4\u00e4nt\u00f6jen tarkoituksena on varmistaa OPSien linjakkuus, yhdenmukaisuus ja laadukkuus. S\u00e4\u00e4nt\u00f6jen avulla voidaan kontrolloida esim. sit\u00e4, ettei Pepist\u00e4 siirry julkaisuj\u00e4rjestelm\u00e4\u00e4n tai opintohallintoj\u00e4rjestelm\u00e4\u00e4n puutteellista tai virheellist\u00e4 dataa. Toistaiseksi Jamkissa ei ole m\u00e4\u00e4ritelty OPSeille s\u00e4\u00e4nt\u00f6j\u00e4.","og_url":"https:\/\/help.jamk.fi\/peppi-ohjeet-henkilokunnalle\/fi\/opetussuunnittelu\/opetussuunnitelmat-opsit\/saannot\/","og_site_name":"Peppi-ohjeet henkil\u00f6kunnalle","article_modified_time":"2024-09-12T09:56:01+00:00","twitter_card":"summary_large_image","twitter_misc":{"Arvioitu lukuaika":"1 minuutti"},"schema":{"@context":"https:\/\/schema.org","@graph":[{"@type":"WebPage","@id":"https:\/\/help.jamk.fi\/peppi-ohjeet-henkilokunnalle\/fi\/opetussuunnittelu\/opetussuunnitelmat-opsit\/saannot\/","url":"https:\/\/help.jamk.fi\/peppi-ohjeet-henkilokunnalle\/fi\/opetussuunnittelu\/opetussuunnitelmat-opsit\/saannot\/","name":"S\u00e4\u00e4nn\u00f6t - Peppi-ohjeet henkil\u00f6kunnalle","isPartOf":{"@id":"https:\/\/help.jamk.fi\/peppi-ohjeet-henkilokunnalle\/#website"},"datePublished":"2020-01-27T09:56:06+00:00","dateModified":"2024-09-12T09:56:01+00:00","breadcrumb":{"@id":"https:\/\/help.jamk.fi\/peppi-ohjeet-henkilokunnalle\/fi\/opetussuunnittelu\/opetussuunnitelmat-opsit\/saannot\/#breadcrumb"},"inLanguage":"fi","potentialAction":[{"@type":"ReadAction","target":["https:\/\/help.jamk.fi\/peppi-ohjeet-henkilokunnalle\/fi\/opetussuunnittelu\/opetussuunnitelmat-opsit\/saannot\/"]}]},{"@type":"BreadcrumbList","@id":"https:\/\/help.jamk.fi\/peppi-ohjeet-henkilokunnalle\/fi\/opetussuunnittelu\/opetussuunnitelmat-opsit\/saannot\/#breadcrumb","itemListElement":[{"@type":"ListItem","position":1,"name":"Home","item":"https:\/\/help.jamk.fi\/peppi-ohjeet-henkilokunnalle\/en\/"},{"@type":"ListItem","position":2,"name":"Opetussuunnittelu","item":"https:\/\/help.jamk.fi\/peppi-ohjeet-henkilokunnalle\/fi\/opetussuunnittelu\/"},{"@type":"ListItem","position":3,"name":"Opetussuunnitelmat (OPSit)","item":"https:\/\/help.jamk.fi\/peppi-ohjeet-henkilokunnalle\/fi\/opetussuunnittelu\/opetussuunnitelmat-opsit\/"},{"@type":"ListItem","position":4,"name":"S\u00e4\u00e4nn\u00f6t"}]},{"@type":"WebSite","@id":"https:\/\/help.jamk.fi\/peppi-ohjeet-henkilokunnalle\/#website","url":"https:\/\/help.jamk.fi\/peppi-ohjeet-henkilokunnalle\/","name":"Peppi-ohjeet henkil\u00f6kunnalle","description":"","potentialAction":[{"@type":"SearchAction","target":{"@type":"EntryPoint","urlTemplate":"https:\/\/help.jamk.fi\/peppi-ohjeet-henkilokunnalle\/?s={search_term_string}"},"query-input":{"@type":"PropertyValueSpecification","valueRequired":true,"valueName":"search_term_string"}}],"inLanguage":"fi"}]}},"_links":{"self":[{"href":"https:\/\/help.jamk.fi\/peppi-ohjeet-henkilokunnalle\/wp-json\/wp\/v2\/pages\/4546","targetHints":{"allow":["GET"]}}],"collection":[{"href":"https:\/\/help.jamk.fi\/peppi-ohjeet-henkilokunnalle\/wp-json\/wp\/v2\/pages"}],"about":[{"href":"https:\/\/help.jamk.fi\/peppi-ohjeet-henkilokunnalle\/wp-json\/wp\/v2\/types\/page"}],"author":[{"embeddable":true,"href":"https:\/\/help.jamk.fi\/peppi-ohjeet-henkilokunnalle\/wp-json\/wp\/v2\/users\/79"}],"replies":[{"embeddable":true,"href":"https:\/\/help.jamk.fi\/peppi-ohjeet-henkilokunnalle\/wp-json\/wp\/v2\/comments?post=4546"}],"version-history":[{"count":2,"href":"https:\/\/help.jamk.fi\/peppi-ohjeet-henkilokunnalle\/wp-json\/wp\/v2\/pages\/4546\/revisions"}],"predecessor-version":[{"id":5863,"href":"https:\/\/help.jamk.fi\/peppi-ohjeet-henkilokunnalle\/wp-json\/wp\/v2\/pages\/4546\/revisions\/5863"}],"up":[{"embeddable":true,"href":"https:\/\/help.jamk.fi\/peppi-ohjeet-henkilokunnalle\/wp-json\/wp\/v2\/pages\/4525"}],"wp:attachment":[{"href":"https:\/\/help.jamk.fi\/peppi-ohjeet-henkilokunnalle\/wp-json\/wp\/v2\/media?parent=4546"}],"wp:term":[{"taxonomy":"category","embeddable":true,"href":"https:\/\/help.jamk.fi\/peppi-ohjeet-henkilokunnalle\/wp-json\/wp\/v2\/categories?post=4546"},{"taxonomy":"post_tag","embeddable":true,"href":"https:\/\/help.jamk.fi\/peppi-ohjeet-henkilokunnalle\/wp-json\/wp\/v2\/tags?post=4546"}],"curies":[{"name":"wp","href":"https:\/\/api.w.org\/{rel}","templated":true}]}}