{"id":4550,"date":"2020-01-27T13:57:40","date_gmt":"2020-01-27T11:57:40","guid":{"rendered":"https:\/\/help.jamk.fi\/peppi-ohjeet-henkilokunnalle\/opetussuunnittelu\/opintojaksot\/tarkistus\/"},"modified":"2024-09-12T12:59:25","modified_gmt":"2024-09-12T09:59:25","slug":"tarkistus","status":"publish","type":"page","link":"https:\/\/help.jamk.fi\/peppi-ohjeet-henkilokunnalle\/fi\/opetussuunnittelu\/opintojaksot\/tarkistus\/","title":{"rendered":"Tarkistus"},"content":{"rendered":"\n<p>Opintojakson Tarkistus-v\u00e4lilehdell\u00e4 pystyy tarkastelemaan sit\u00e4, t\u00e4ytt\u00e4\u00e4k\u00f6 opintojakso korkeakoulun omat vaatimukset, eli onko se p\u00e4\u00e4k\u00e4ytt\u00e4j\u00e4n luomien s\u00e4\u00e4nt\u00f6jen mukainen.<\/p>\n\n\n\n<p>Opintojaksoa koskevat s\u00e4\u00e4nn\u00f6t on jaettu s\u00e4\u00e4nt\u00f6joukkoihin. Kunkin s\u00e4\u00e4nt\u00f6rivin lopussa on joko vihre\u00e4, keltainen tai punainen ikoni. Ne ilmaisevat seuraavaa:<\/p>\n\n\n\n<ul class=\"wp-block-list\">\n<li>Vihre\u00e4 ikoni: pakollinen s\u00e4\u00e4nt\u00f6 on l\u00e4p\u00e4isty<\/li>\n\n\n\n<li>Punainen ikoni: pakollista s\u00e4\u00e4nt\u00f6\u00e4 ei ole l\u00e4p\u00e4isty<\/li>\n\n\n\n<li>Keltainen ikoni: suositeltu s\u00e4\u00e4nt\u00f6 (joko l\u00e4p\u00e4isty tai ei)<\/li>\n<\/ul>\n","protected":false},"excerpt":{"rendered":"<p>Opintojakson Tarkistus-v\u00e4lilehdell\u00e4 pystyy tarkastelemaan sit\u00e4, t\u00e4ytt\u00e4\u00e4k\u00f6 opintojakso korkeakoulun omat vaatimukset, eli onko se p\u00e4\u00e4k\u00e4ytt\u00e4j\u00e4n luomien s\u00e4\u00e4nt\u00f6jen mukainen. Opintojaksoa koskevat s\u00e4\u00e4nn\u00f6t on jaettu s\u00e4\u00e4nt\u00f6joukkoihin. Kunkin s\u00e4\u00e4nt\u00f6rivin lopussa on joko vihre\u00e4, keltainen tai punainen ikoni. Ne ilmaisevat seuraavaa:<\/p>\n","protected":false},"author":79,"featured_media":0,"parent":4526,"menu_order":4,"comment_status":"closed","ping_status":"open","template":"","meta":{"_acf_changed":false,"_relevanssi_hide_post":"","_relevanssi_hide_content":"","_relevanssi_pin_for_all":"","_relevanssi_pin_keywords":"","_relevanssi_unpin_keywords":"","_relevanssi_related_keywords":"","_relevanssi_related_include_ids":"","_relevanssi_related_exclude_ids":"","_relevanssi_related_no_append":"","_relevanssi_related_not_related":"","_relevanssi_related_posts":"","_relevanssi_noindex_reason":"","footnotes":""},"categories":[1],"tags":[],"class_list":["post-4550","page","type-page","status-publish","hentry","category-uncategorised"],"acf":[],"yoast_head":"<!-- This site is optimized with the Yoast SEO plugin v27.3 - https:\/\/yoast.com\/product\/yoast-seo-wordpress\/ -->\n<title>Tarkistus - Peppi-ohjeet henkil\u00f6kunnalle<\/title>\n<meta name=\"robots\" content=\"index, follow, max-snippet:-1, max-image-preview:large, max-video-preview:-1\" \/>\n<link rel=\"canonical\" href=\"https:\/\/help.jamk.fi\/peppi-ohjeet-henkilokunnalle\/fi\/opetussuunnittelu\/opintojaksot\/tarkistus\/\" \/>\n<meta property=\"og:locale\" content=\"fi_FI\" \/>\n<meta property=\"og:type\" content=\"article\" \/>\n<meta property=\"og:title\" content=\"Tarkistus - Peppi-ohjeet henkil\u00f6kunnalle\" \/>\n<meta property=\"og:description\" content=\"Opintojakson Tarkistus-v\u00e4lilehdell\u00e4 pystyy tarkastelemaan sit\u00e4, t\u00e4ytt\u00e4\u00e4k\u00f6 opintojakso korkeakoulun omat vaatimukset, eli onko se p\u00e4\u00e4k\u00e4ytt\u00e4j\u00e4n luomien s\u00e4\u00e4nt\u00f6jen mukainen. Opintojaksoa koskevat s\u00e4\u00e4nn\u00f6t on jaettu s\u00e4\u00e4nt\u00f6joukkoihin. Kunkin s\u00e4\u00e4nt\u00f6rivin lopussa on joko vihre\u00e4, keltainen tai punainen ikoni. Ne ilmaisevat seuraavaa:\" \/>\n<meta property=\"og:url\" content=\"https:\/\/help.jamk.fi\/peppi-ohjeet-henkilokunnalle\/fi\/opetussuunnittelu\/opintojaksot\/tarkistus\/\" \/>\n<meta property=\"og:site_name\" content=\"Peppi-ohjeet henkil\u00f6kunnalle\" \/>\n<meta property=\"article:modified_time\" content=\"2024-09-12T09:59:25+00:00\" \/>\n<meta name=\"twitter:card\" content=\"summary_large_image\" \/>\n<meta name=\"twitter:label1\" content=\"Arvioitu lukuaika\" \/>\n\t<meta name=\"twitter:data1\" content=\"1 minuutti\" \/>\n<script type=\"application\/ld+json\" class=\"yoast-schema-graph\">{\"@context\":\"https:\\\/\\\/schema.org\",\"@graph\":[{\"@type\":\"WebPage\",\"@id\":\"https:\\\/\\\/help.jamk.fi\\\/peppi-ohjeet-henkilokunnalle\\\/fi\\\/opetussuunnittelu\\\/opintojaksot\\\/tarkistus\\\/\",\"url\":\"https:\\\/\\\/help.jamk.fi\\\/peppi-ohjeet-henkilokunnalle\\\/fi\\\/opetussuunnittelu\\\/opintojaksot\\\/tarkistus\\\/\",\"name\":\"Tarkistus - Peppi-ohjeet henkil\u00f6kunnalle\",\"isPartOf\":{\"@id\":\"https:\\\/\\\/help.jamk.fi\\\/peppi-ohjeet-henkilokunnalle\\\/#website\"},\"datePublished\":\"2020-01-27T11:57:40+00:00\",\"dateModified\":\"2024-09-12T09:59:25+00:00\",\"breadcrumb\":{\"@id\":\"https:\\\/\\\/help.jamk.fi\\\/peppi-ohjeet-henkilokunnalle\\\/fi\\\/opetussuunnittelu\\\/opintojaksot\\\/tarkistus\\\/#breadcrumb\"},\"inLanguage\":\"fi\",\"potentialAction\":[{\"@type\":\"ReadAction\",\"target\":[\"https:\\\/\\\/help.jamk.fi\\\/peppi-ohjeet-henkilokunnalle\\\/fi\\\/opetussuunnittelu\\\/opintojaksot\\\/tarkistus\\\/\"]}]},{\"@type\":\"BreadcrumbList\",\"@id\":\"https:\\\/\\\/help.jamk.fi\\\/peppi-ohjeet-henkilokunnalle\\\/fi\\\/opetussuunnittelu\\\/opintojaksot\\\/tarkistus\\\/#breadcrumb\",\"itemListElement\":[{\"@type\":\"ListItem\",\"position\":1,\"name\":\"Home\",\"item\":\"https:\\\/\\\/help.jamk.fi\\\/peppi-ohjeet-henkilokunnalle\\\/en\\\/\"},{\"@type\":\"ListItem\",\"position\":2,\"name\":\"Opetussuunnittelu\",\"item\":\"https:\\\/\\\/help.jamk.fi\\\/peppi-ohjeet-henkilokunnalle\\\/fi\\\/opetussuunnittelu\\\/\"},{\"@type\":\"ListItem\",\"position\":3,\"name\":\"Opintojaksot\",\"item\":\"https:\\\/\\\/help.jamk.fi\\\/peppi-ohjeet-henkilokunnalle\\\/fi\\\/opetussuunnittelu\\\/opintojaksot\\\/\"},{\"@type\":\"ListItem\",\"position\":4,\"name\":\"Tarkistus\"}]},{\"@type\":\"WebSite\",\"@id\":\"https:\\\/\\\/help.jamk.fi\\\/peppi-ohjeet-henkilokunnalle\\\/#website\",\"url\":\"https:\\\/\\\/help.jamk.fi\\\/peppi-ohjeet-henkilokunnalle\\\/\",\"name\":\"Peppi-ohjeet henkil\u00f6kunnalle\",\"description\":\"\",\"potentialAction\":[{\"@type\":\"SearchAction\",\"target\":{\"@type\":\"EntryPoint\",\"urlTemplate\":\"https:\\\/\\\/help.jamk.fi\\\/peppi-ohjeet-henkilokunnalle\\\/?s={search_term_string}\"},\"query-input\":{\"@type\":\"PropertyValueSpecification\",\"valueRequired\":true,\"valueName\":\"search_term_string\"}}],\"inLanguage\":\"fi\"}]}<\/script>\n<!-- \/ Yoast SEO plugin. -->","yoast_head_json":{"title":"Tarkistus - Peppi-ohjeet henkil\u00f6kunnalle","robots":{"index":"index","follow":"follow","max-snippet":"max-snippet:-1","max-image-preview":"max-image-preview:large","max-video-preview":"max-video-preview:-1"},"canonical":"https:\/\/help.jamk.fi\/peppi-ohjeet-henkilokunnalle\/fi\/opetussuunnittelu\/opintojaksot\/tarkistus\/","og_locale":"fi_FI","og_type":"article","og_title":"Tarkistus - Peppi-ohjeet henkil\u00f6kunnalle","og_description":"Opintojakson Tarkistus-v\u00e4lilehdell\u00e4 pystyy tarkastelemaan sit\u00e4, t\u00e4ytt\u00e4\u00e4k\u00f6 opintojakso korkeakoulun omat vaatimukset, eli onko se p\u00e4\u00e4k\u00e4ytt\u00e4j\u00e4n luomien s\u00e4\u00e4nt\u00f6jen mukainen. Opintojaksoa koskevat s\u00e4\u00e4nn\u00f6t on jaettu s\u00e4\u00e4nt\u00f6joukkoihin. Kunkin s\u00e4\u00e4nt\u00f6rivin lopussa on joko vihre\u00e4, keltainen tai punainen ikoni. Ne ilmaisevat seuraavaa:","og_url":"https:\/\/help.jamk.fi\/peppi-ohjeet-henkilokunnalle\/fi\/opetussuunnittelu\/opintojaksot\/tarkistus\/","og_site_name":"Peppi-ohjeet henkil\u00f6kunnalle","article_modified_time":"2024-09-12T09:59:25+00:00","twitter_card":"summary_large_image","twitter_misc":{"Arvioitu lukuaika":"1 minuutti"},"schema":{"@context":"https:\/\/schema.org","@graph":[{"@type":"WebPage","@id":"https:\/\/help.jamk.fi\/peppi-ohjeet-henkilokunnalle\/fi\/opetussuunnittelu\/opintojaksot\/tarkistus\/","url":"https:\/\/help.jamk.fi\/peppi-ohjeet-henkilokunnalle\/fi\/opetussuunnittelu\/opintojaksot\/tarkistus\/","name":"Tarkistus - Peppi-ohjeet henkil\u00f6kunnalle","isPartOf":{"@id":"https:\/\/help.jamk.fi\/peppi-ohjeet-henkilokunnalle\/#website"},"datePublished":"2020-01-27T11:57:40+00:00","dateModified":"2024-09-12T09:59:25+00:00","breadcrumb":{"@id":"https:\/\/help.jamk.fi\/peppi-ohjeet-henkilokunnalle\/fi\/opetussuunnittelu\/opintojaksot\/tarkistus\/#breadcrumb"},"inLanguage":"fi","potentialAction":[{"@type":"ReadAction","target":["https:\/\/help.jamk.fi\/peppi-ohjeet-henkilokunnalle\/fi\/opetussuunnittelu\/opintojaksot\/tarkistus\/"]}]},{"@type":"BreadcrumbList","@id":"https:\/\/help.jamk.fi\/peppi-ohjeet-henkilokunnalle\/fi\/opetussuunnittelu\/opintojaksot\/tarkistus\/#breadcrumb","itemListElement":[{"@type":"ListItem","position":1,"name":"Home","item":"https:\/\/help.jamk.fi\/peppi-ohjeet-henkilokunnalle\/en\/"},{"@type":"ListItem","position":2,"name":"Opetussuunnittelu","item":"https:\/\/help.jamk.fi\/peppi-ohjeet-henkilokunnalle\/fi\/opetussuunnittelu\/"},{"@type":"ListItem","position":3,"name":"Opintojaksot","item":"https:\/\/help.jamk.fi\/peppi-ohjeet-henkilokunnalle\/fi\/opetussuunnittelu\/opintojaksot\/"},{"@type":"ListItem","position":4,"name":"Tarkistus"}]},{"@type":"WebSite","@id":"https:\/\/help.jamk.fi\/peppi-ohjeet-henkilokunnalle\/#website","url":"https:\/\/help.jamk.fi\/peppi-ohjeet-henkilokunnalle\/","name":"Peppi-ohjeet henkil\u00f6kunnalle","description":"","potentialAction":[{"@type":"SearchAction","target":{"@type":"EntryPoint","urlTemplate":"https:\/\/help.jamk.fi\/peppi-ohjeet-henkilokunnalle\/?s={search_term_string}"},"query-input":{"@type":"PropertyValueSpecification","valueRequired":true,"valueName":"search_term_string"}}],"inLanguage":"fi"}]}},"_links":{"self":[{"href":"https:\/\/help.jamk.fi\/peppi-ohjeet-henkilokunnalle\/wp-json\/wp\/v2\/pages\/4550","targetHints":{"allow":["GET"]}}],"collection":[{"href":"https:\/\/help.jamk.fi\/peppi-ohjeet-henkilokunnalle\/wp-json\/wp\/v2\/pages"}],"about":[{"href":"https:\/\/help.jamk.fi\/peppi-ohjeet-henkilokunnalle\/wp-json\/wp\/v2\/types\/page"}],"author":[{"embeddable":true,"href":"https:\/\/help.jamk.fi\/peppi-ohjeet-henkilokunnalle\/wp-json\/wp\/v2\/users\/79"}],"replies":[{"embeddable":true,"href":"https:\/\/help.jamk.fi\/peppi-ohjeet-henkilokunnalle\/wp-json\/wp\/v2\/comments?post=4550"}],"version-history":[{"count":2,"href":"https:\/\/help.jamk.fi\/peppi-ohjeet-henkilokunnalle\/wp-json\/wp\/v2\/pages\/4550\/revisions"}],"predecessor-version":[{"id":5882,"href":"https:\/\/help.jamk.fi\/peppi-ohjeet-henkilokunnalle\/wp-json\/wp\/v2\/pages\/4550\/revisions\/5882"}],"up":[{"embeddable":true,"href":"https:\/\/help.jamk.fi\/peppi-ohjeet-henkilokunnalle\/wp-json\/wp\/v2\/pages\/4526"}],"wp:attachment":[{"href":"https:\/\/help.jamk.fi\/peppi-ohjeet-henkilokunnalle\/wp-json\/wp\/v2\/media?parent=4550"}],"wp:term":[{"taxonomy":"category","embeddable":true,"href":"https:\/\/help.jamk.fi\/peppi-ohjeet-henkilokunnalle\/wp-json\/wp\/v2\/categories?post=4550"},{"taxonomy":"post_tag","embeddable":true,"href":"https:\/\/help.jamk.fi\/peppi-ohjeet-henkilokunnalle\/wp-json\/wp\/v2\/tags?post=4550"}],"curies":[{"name":"wp","href":"https:\/\/api.w.org\/{rel}","templated":true}]}}