{"id":4552,"date":"2020-01-30T07:32:11","date_gmt":"2020-01-30T05:32:11","guid":{"rendered":"https:\/\/help.jamk.fi\/peppi-ohjeet-henkilokunnalle\/opettajan-ohjeet\/"},"modified":"2023-11-10T14:19:00","modified_gmt":"2023-11-10T12:19:00","slug":"opettajan-ohjeet","status":"publish","type":"page","link":"https:\/\/help.jamk.fi\/peppi-ohjeet-henkilokunnalle\/fi\/opettajan-ohjeet\/","title":{"rendered":"Opettajan ohjeet"},"content":{"rendered":"\n<p>T\u00e4h\u00e4n osioon kootaan opettajalle liittyv\u00e4t ohjeet<\/p>\n\n\n\n<h2 class=\"wp-block-heading\"><strong>Opettajan muistilista<\/strong><\/h2>\n\n\n\n<h3 class=\"wp-block-heading\">Lukukauden alkaessa (syksy\/kev\u00e4t + kes\u00e4)<\/h3>\n\n\n\n<ul class=\"wp-block-list\">\n<li>Tee edellisen lukuvuoden ja kes\u00e4opintojaksojen arviointi. Ohjeet <a href=\"https:\/\/help.jamk.fi\/peppi-ohjeet-henkilokunnalle\/fi\/opettajan-ohjeet\/ilmoittautumiset-ja-arviointi\/toteutuksen-arviointi\/\">toteutuksen arviointi<\/a> -sivulta<\/li>\n\n\n\n<li><a href=\"https:\/\/help.jamk.fi\/peppi-ohjeet-henkilokunnalle\/fi\/opettajan-ohjeet\/toteutusten-haku\/\">Tarkista, ett\u00e4 sinulle n\u00e4kyy Pepiss\u00e4 kaikki ne toteutukset, joissa olet opettajana tulevalla kaudella<\/a><\/li>\n\n\n\n<li>Tarkista ja p\u00e4ivit\u00e4 kuntoon omien toteutusten seuraavat tiedot:\n<ul class=\"wp-block-list\">\n<li>toteutukset ovat julkaistuja<\/li>\n\n\n\n<li><a href=\"https:\/\/help.jamk.fi\/peppi-ohjeet-henkilokunnalle\/fi\/opettajan-ohjeet\/opettajan-lukujarjestysvaraukset\/lukujarjestysten-katsominen\/\">toteutuksen lukuj\u00e4rjestysvaraukset (kontakti- ja virtuaaliopetus) on tehty Peppiin<\/a><\/li>\n\n\n\n<li><a href=\"https:\/\/help.jamk.fi\/peppi-ohjeet-henkilokunnalle\/fi\/opettajan-ohjeet\/toteutussuunnitelman-tayttoohje-opettajien-ohje\/\">toteutuksen kuvaus<\/a><\/li>\n\n\n\n<li><a href=\"https:\/\/help.jamk.fi\/peppi-ohjeet-henkilokunnalle\/fi\/vuosisuunnittelu\/toteutuksen-perustaminen-ajoituksen-muuttaminen-kopionti\/\">toteutuksen aikataulu<\/a><\/li>\n<\/ul>\n<\/li>\n\n\n\n<li>Hyv\u00e4ksy tai hylk\u00e4\u00e4 opiskelijat syksyn toteutuksille. Ohjeet <a href=\"https:\/\/help.jamk.fi\/peppi-ohjeet-henkilokunnalle\/fi\/opettajan-ohjeet\/ilmoittautumiset-ja-arviointi\/ilmoittautumiset\/\">ilmoittautumiset<\/a> -sivulta<\/li>\n<\/ul>\n\n\n\n<h3 class=\"wp-block-heading\">Lukukauden aikana (syksy\/kev\u00e4t + kes\u00e4)<\/h3>\n\n\n\n<ul class=\"wp-block-list\">\n<li><a href=\"https:\/\/help.jamk.fi\/peppi-ohjeet-henkilokunnalle\/fi\/opintojaksopalaute\/opettajan-nakyma\/loppupalaute\/palautteen-avautuminen\/\">Tarkista, ett\u00e4 toteutuksilta l\u00f6ytyy opintojaksopalautteiden aukioloaika<\/a><\/li>\n\n\n\n<li>Kev\u00e4\u00e4n toteutusten ilmoittautumisten k\u00e4sittelyn voi aloittaa ennen vuoden vaihdetta. Ohjeet <a href=\"https:\/\/help.jamk.fi\/peppi-ohjeet-henkilokunnalle\/fi\/opettajan-ohjeet\/ilmoittautumiset-ja-arviointi\/ilmoittautumiset\/\">ilmoittautumiset<\/a> -sivulta<\/li>\n\n\n\n<li>Opinn\u00e4ytety\u00f6n ohjaaja, seuraa Wihi-j\u00e4rjestelm\u00e4n l\u00e4hett\u00e4mi\u00e4 viestej\u00e4 opinn\u00e4ytety\u00f6n ohjaukseen liittyen<\/li>\n\n\n\n<li>Opetutor k\u00e4y HOPS-keskusteluja opiskelijoiden kanssa ja p\u00e4ivitt\u00e4\u00e4 heid\u00e4n HOPSejaan<\/li>\n<\/ul>\n\n\n\n<h3 class=\"wp-block-heading\">Alkuvuodesta<\/h3>\n\n\n\n<ul class=\"wp-block-list\">\n<li>Tarkista vanhojen ja uusien opintojaksojesi kuvaukset. Ohjeet <a href=\"https:\/\/help.jamk.fi\/peppi-ohjeet-henkilokunnalle\/fi\/opettajan-ohjeet\/perus-ja-kuvaustiedot\/\">opintojakson kuvaustiedot<\/a> -sivulta.<\/li>\n\n\n\n<li>Hyv\u00e4ksy tai hylk\u00e4\u00e4 opiskelijat kes\u00e4n toteutuksille. Ohjeet <a href=\"https:\/\/help.jamk.fi\/peppi-ohjeet-henkilokunnalle\/fi\/opettajan-ohjeet\/ilmoittautumiset-ja-arviointi\/ilmoittautumiset\/\">ilmoittautumiset<\/a> -sivulta<\/li>\n<\/ul>\n","protected":false},"excerpt":{"rendered":"<p>T\u00e4h\u00e4n osioon kootaan opettajalle liittyv\u00e4t ohjeet Opettajan muistilista Lukukauden alkaessa (syksy\/kev\u00e4t + kes\u00e4) Lukukauden aikana (syksy\/kev\u00e4t + kes\u00e4) Alkuvuodesta<\/p>\n","protected":false},"author":76,"featured_media":0,"parent":0,"menu_order":0,"comment_status":"closed","ping_status":"open","template":"","meta":{"_acf_changed":false,"_relevanssi_hide_post":"","_relevanssi_hide_content":"","_relevanssi_pin_for_all":"","_relevanssi_pin_keywords":"","_relevanssi_unpin_keywords":"","_relevanssi_related_keywords":"","_relevanssi_related_include_ids":"","_relevanssi_related_exclude_ids":"","_relevanssi_related_no_append":"","_relevanssi_related_not_related":"","_relevanssi_related_posts":"","_relevanssi_noindex_reason":"","footnotes":""},"categories":[10],"tags":[],"class_list":["post-4552","page","type-page","status-publish","hentry","category-opettajan-tyopoyta"],"acf":[],"yoast_head":"<!-- This site is optimized with the Yoast SEO plugin v27.4 - https:\/\/yoast.com\/product\/yoast-seo-wordpress\/ -->\n<title>Opettajan ohjeet - Peppi-ohjeet henkil\u00f6kunnalle<\/title>\n<meta name=\"robots\" content=\"index, follow, max-snippet:-1, max-image-preview:large, max-video-preview:-1\" \/>\n<link rel=\"canonical\" href=\"https:\/\/help.jamk.fi\/peppi-ohjeet-henkilokunnalle\/fi\/opettajan-ohjeet\/\" \/>\n<meta property=\"og:locale\" content=\"fi_FI\" \/>\n<meta property=\"og:type\" content=\"article\" \/>\n<meta property=\"og:title\" content=\"Opettajan ohjeet - Peppi-ohjeet henkil\u00f6kunnalle\" \/>\n<meta property=\"og:description\" content=\"T\u00e4h\u00e4n osioon kootaan opettajalle liittyv\u00e4t ohjeet Opettajan muistilista Lukukauden alkaessa (syksy\/kev\u00e4t + kes\u00e4) Lukukauden aikana (syksy\/kev\u00e4t + kes\u00e4) Alkuvuodesta\" \/>\n<meta property=\"og:url\" content=\"https:\/\/help.jamk.fi\/peppi-ohjeet-henkilokunnalle\/fi\/opettajan-ohjeet\/\" \/>\n<meta property=\"og:site_name\" content=\"Peppi-ohjeet henkil\u00f6kunnalle\" \/>\n<meta property=\"article:modified_time\" content=\"2023-11-10T12:19:00+00:00\" \/>\n<meta name=\"twitter:card\" content=\"summary_large_image\" \/>\n<meta name=\"twitter:label1\" content=\"Arvioitu lukuaika\" \/>\n\t<meta name=\"twitter:data1\" content=\"1 minuutti\" \/>\n<script type=\"application\/ld+json\" class=\"yoast-schema-graph\">{\"@context\":\"https:\\\/\\\/schema.org\",\"@graph\":[{\"@type\":\"WebPage\",\"@id\":\"https:\\\/\\\/help.jamk.fi\\\/peppi-ohjeet-henkilokunnalle\\\/fi\\\/opettajan-ohjeet\\\/\",\"url\":\"https:\\\/\\\/help.jamk.fi\\\/peppi-ohjeet-henkilokunnalle\\\/fi\\\/opettajan-ohjeet\\\/\",\"name\":\"Opettajan ohjeet - Peppi-ohjeet henkil\u00f6kunnalle\",\"isPartOf\":{\"@id\":\"https:\\\/\\\/help.jamk.fi\\\/peppi-ohjeet-henkilokunnalle\\\/#website\"},\"datePublished\":\"2020-01-30T05:32:11+00:00\",\"dateModified\":\"2023-11-10T12:19:00+00:00\",\"breadcrumb\":{\"@id\":\"https:\\\/\\\/help.jamk.fi\\\/peppi-ohjeet-henkilokunnalle\\\/fi\\\/opettajan-ohjeet\\\/#breadcrumb\"},\"inLanguage\":\"fi\",\"potentialAction\":[{\"@type\":\"ReadAction\",\"target\":[\"https:\\\/\\\/help.jamk.fi\\\/peppi-ohjeet-henkilokunnalle\\\/fi\\\/opettajan-ohjeet\\\/\"]}]},{\"@type\":\"BreadcrumbList\",\"@id\":\"https:\\\/\\\/help.jamk.fi\\\/peppi-ohjeet-henkilokunnalle\\\/fi\\\/opettajan-ohjeet\\\/#breadcrumb\",\"itemListElement\":[{\"@type\":\"ListItem\",\"position\":1,\"name\":\"Home\",\"item\":\"https:\\\/\\\/help.jamk.fi\\\/peppi-ohjeet-henkilokunnalle\\\/en\\\/\"},{\"@type\":\"ListItem\",\"position\":2,\"name\":\"Opettajan ohjeet\"}]},{\"@type\":\"WebSite\",\"@id\":\"https:\\\/\\\/help.jamk.fi\\\/peppi-ohjeet-henkilokunnalle\\\/#website\",\"url\":\"https:\\\/\\\/help.jamk.fi\\\/peppi-ohjeet-henkilokunnalle\\\/\",\"name\":\"Peppi-ohjeet henkil\u00f6kunnalle\",\"description\":\"\",\"potentialAction\":[{\"@type\":\"SearchAction\",\"target\":{\"@type\":\"EntryPoint\",\"urlTemplate\":\"https:\\\/\\\/help.jamk.fi\\\/peppi-ohjeet-henkilokunnalle\\\/?s={search_term_string}\"},\"query-input\":{\"@type\":\"PropertyValueSpecification\",\"valueRequired\":true,\"valueName\":\"search_term_string\"}}],\"inLanguage\":\"fi\"}]}<\/script>\n<!-- \/ Yoast SEO plugin. -->","yoast_head_json":{"title":"Opettajan ohjeet - Peppi-ohjeet henkil\u00f6kunnalle","robots":{"index":"index","follow":"follow","max-snippet":"max-snippet:-1","max-image-preview":"max-image-preview:large","max-video-preview":"max-video-preview:-1"},"canonical":"https:\/\/help.jamk.fi\/peppi-ohjeet-henkilokunnalle\/fi\/opettajan-ohjeet\/","og_locale":"fi_FI","og_type":"article","og_title":"Opettajan ohjeet - Peppi-ohjeet henkil\u00f6kunnalle","og_description":"T\u00e4h\u00e4n osioon kootaan opettajalle liittyv\u00e4t ohjeet Opettajan muistilista Lukukauden alkaessa (syksy\/kev\u00e4t + kes\u00e4) Lukukauden aikana (syksy\/kev\u00e4t + kes\u00e4) Alkuvuodesta","og_url":"https:\/\/help.jamk.fi\/peppi-ohjeet-henkilokunnalle\/fi\/opettajan-ohjeet\/","og_site_name":"Peppi-ohjeet henkil\u00f6kunnalle","article_modified_time":"2023-11-10T12:19:00+00:00","twitter_card":"summary_large_image","twitter_misc":{"Arvioitu lukuaika":"1 minuutti"},"schema":{"@context":"https:\/\/schema.org","@graph":[{"@type":"WebPage","@id":"https:\/\/help.jamk.fi\/peppi-ohjeet-henkilokunnalle\/fi\/opettajan-ohjeet\/","url":"https:\/\/help.jamk.fi\/peppi-ohjeet-henkilokunnalle\/fi\/opettajan-ohjeet\/","name":"Opettajan ohjeet - Peppi-ohjeet henkil\u00f6kunnalle","isPartOf":{"@id":"https:\/\/help.jamk.fi\/peppi-ohjeet-henkilokunnalle\/#website"},"datePublished":"2020-01-30T05:32:11+00:00","dateModified":"2023-11-10T12:19:00+00:00","breadcrumb":{"@id":"https:\/\/help.jamk.fi\/peppi-ohjeet-henkilokunnalle\/fi\/opettajan-ohjeet\/#breadcrumb"},"inLanguage":"fi","potentialAction":[{"@type":"ReadAction","target":["https:\/\/help.jamk.fi\/peppi-ohjeet-henkilokunnalle\/fi\/opettajan-ohjeet\/"]}]},{"@type":"BreadcrumbList","@id":"https:\/\/help.jamk.fi\/peppi-ohjeet-henkilokunnalle\/fi\/opettajan-ohjeet\/#breadcrumb","itemListElement":[{"@type":"ListItem","position":1,"name":"Home","item":"https:\/\/help.jamk.fi\/peppi-ohjeet-henkilokunnalle\/en\/"},{"@type":"ListItem","position":2,"name":"Opettajan ohjeet"}]},{"@type":"WebSite","@id":"https:\/\/help.jamk.fi\/peppi-ohjeet-henkilokunnalle\/#website","url":"https:\/\/help.jamk.fi\/peppi-ohjeet-henkilokunnalle\/","name":"Peppi-ohjeet henkil\u00f6kunnalle","description":"","potentialAction":[{"@type":"SearchAction","target":{"@type":"EntryPoint","urlTemplate":"https:\/\/help.jamk.fi\/peppi-ohjeet-henkilokunnalle\/?s={search_term_string}"},"query-input":{"@type":"PropertyValueSpecification","valueRequired":true,"valueName":"search_term_string"}}],"inLanguage":"fi"}]}},"_links":{"self":[{"href":"https:\/\/help.jamk.fi\/peppi-ohjeet-henkilokunnalle\/wp-json\/wp\/v2\/pages\/4552","targetHints":{"allow":["GET"]}}],"collection":[{"href":"https:\/\/help.jamk.fi\/peppi-ohjeet-henkilokunnalle\/wp-json\/wp\/v2\/pages"}],"about":[{"href":"https:\/\/help.jamk.fi\/peppi-ohjeet-henkilokunnalle\/wp-json\/wp\/v2\/types\/page"}],"author":[{"embeddable":true,"href":"https:\/\/help.jamk.fi\/peppi-ohjeet-henkilokunnalle\/wp-json\/wp\/v2\/users\/76"}],"replies":[{"embeddable":true,"href":"https:\/\/help.jamk.fi\/peppi-ohjeet-henkilokunnalle\/wp-json\/wp\/v2\/comments?post=4552"}],"version-history":[{"count":11,"href":"https:\/\/help.jamk.fi\/peppi-ohjeet-henkilokunnalle\/wp-json\/wp\/v2\/pages\/4552\/revisions"}],"predecessor-version":[{"id":5408,"href":"https:\/\/help.jamk.fi\/peppi-ohjeet-henkilokunnalle\/wp-json\/wp\/v2\/pages\/4552\/revisions\/5408"}],"wp:attachment":[{"href":"https:\/\/help.jamk.fi\/peppi-ohjeet-henkilokunnalle\/wp-json\/wp\/v2\/media?parent=4552"}],"wp:term":[{"taxonomy":"category","embeddable":true,"href":"https:\/\/help.jamk.fi\/peppi-ohjeet-henkilokunnalle\/wp-json\/wp\/v2\/categories?post=4552"},{"taxonomy":"post_tag","embeddable":true,"href":"https:\/\/help.jamk.fi\/peppi-ohjeet-henkilokunnalle\/wp-json\/wp\/v2\/tags?post=4552"}],"curies":[{"name":"wp","href":"https:\/\/api.w.org\/{rel}","templated":true}]}}