{"id":4553,"date":"2020-01-30T11:42:11","date_gmt":"2020-01-30T09:42:11","guid":{"rendered":"https:\/\/help.jamk.fi\/peppi-ohjeet-henkilokunnalle\/opettajan-ohjeet\/tapaamisajat-opettajille-ja-ohjaushenkilostolle\/"},"modified":"2024-01-11T16:22:21","modified_gmt":"2024-01-11T14:22:21","slug":"tapaamisajat-opettajille-ja-ohjaushenkilostolle","status":"publish","type":"page","link":"https:\/\/help.jamk.fi\/peppi-ohjeet-henkilokunnalle\/fi\/opettajan-ohjeet\/tapaamisajat-opettajille-ja-ohjaushenkilostolle\/","title":{"rendered":"Tapaamisajat opettajille ja ohjaushenkil\u00f6st\u00f6lle"},"content":{"rendered":"\n<p>Pepin tapaamisaika-toiminnolla varataan opiskelijan tutorointiin ja ohjaukseen liittyv\u00e4t tapaamisajat, esimerkiksi opinn\u00e4ytety\u00f6n pienryhm\u00e4ohjauksia. T\u00e4t\u00e4 voivat k\u00e4ytt\u00e4\u00e4 opettajat, opettajatutorit, opinto-ohjaajat sek\u00e4 opiskelijapalvelut. Tapaamisaika m\u00e4\u00e4ritell\u00e4\u00e4n Opettajan ty\u00f6p\u00f6yd\u00e4ll\u00e4. <em>M\u00e4\u00e4rit\u00e4 tapaamisajat<\/em> -painike l\u00f6ytyy resurssien suunnittelun p\u00e4\u00e4sivulta.<\/p>\n\n\n\n<p><iframe loading=\"lazy\" style=\"padding: 0px; border: 1px solid #464646;\" src=\"https:\/\/panopto.jamk.fi\/Panopto\/Pages\/Embed.aspx?id=cacae316-49fa-49a3-b3d1-abb900900f0a&amp;v=1\" width=\"720\" height=\"405\" frameborder=\"0\" allowfullscreen=\"allowfullscreen\"><\/iframe><\/p>\n\n\n\n<p>Huomioitavaa tapaamisajoista:<\/p>\n\n\n\n<ul class=\"wp-block-list\">\n<li>Kun opiskelija valitsee tapaamisajan tai peruu sen, siit\u00e4 ei tule sinulle mit\u00e4\u00e4n ilmoitusta Peppiin tai Outlookiin.<\/li>\n\n\n\n<li><a href=\"https:\/\/help.jamk.fi\/peppi-ohjeet-henkilokunnalle\/fi\/resurssien-suunnittelu-ja-varaus\/\">Tekem\u00e4si tapaamisajat siirtyv\u00e4t Outlookiin<\/a>, jos olet valinnut synkronointiasetuksista <em>Muut kuin opetukseen liittyv\u00e4t varaukset. <\/em>Outlookista ei silti n\u00e4e, onko opiskelija ilmoittautunut tapaamiseen.<\/li>\n\n\n\n<li>N\u00e4et, onko opiskelija tulossa tapaamiseen, kun klikkaat haluamasi tapaamisajan auki. Jos opiskelija on tulossa, h\u00e4nen nimens\u00e4 lukee kohdassa Osallistujalukum\u00e4\u00e4r\u00e4<\/li>\n\n\n\n<li>Huom! Opiskelija voi kirjoittaa ilmoittautumisen yhteydess\u00e4 Lis\u00e4tietoja-kentt\u00e4\u00e4n teksti\u00e4, mutta t\u00e4t\u00e4 ei suositella k\u00e4ytett\u00e4v\u00e4n<\/li>\n<\/ul>\n\n\n\n<p>Tapaamisajan voi m\u00e4\u00e4ritt\u00e4\u00e4 koskemaan tiettyjen ryhmien opiskelijoita tai tiettyj\u00e4 opiskelijoita. Tapaamisaikoja voi m\u00e4\u00e4ritell\u00e4 joko yksitt\u00e4iseksi tai sellaiseksi, josta opiskelija varaa itselleen sopivimman.<\/p>\n\n\n\n<h2 class=\"wp-block-heading\">Tapaamisajan tekeminen<\/h2>\n\n\n\n<p>Tapaamisaikojen m\u00e4\u00e4rittelyn etusivu n\u00e4ytt\u00e4\u00e4 samalta kuin muutkin resurssien varausv\u00e4lineen kalenterin\u00e4kym\u00e4t. Tapaamisaika lis\u00e4t\u00e4\u00e4n, muokataan ja poistetaan samalla tavalla kuin mik\u00e4 tahansa varaus. Aloita tapaamisen luominen siirtym\u00e4ll\u00e4 haluttuun p\u00e4iv\u00e4\u00e4n ja ajankohtaan ja maalaamalla kalenterin\u00e4kym\u00e4st\u00e4 tapaamiselle haluttu aika. <a href=\"https:\/\/help.jamk.fi\/peppi-ohjeet-henkilokunnalle\/fi\/resurssien-suunnittelu-ja-varaus\/varauksen-tekeminen\/\">Lis\u00e4ohjeita varauksen tekemiseen on t\u00e4\u00e4ll\u00e4<\/a>. Voit m\u00e4\u00e4ritell\u00e4 tapahtuman yksitt\u00e4iseksi tai esimerkiksi joka viikko toistuvaksi.<\/p>\n\n\n\n<p>Jos et voi hy\u00f6dynt\u00e4\u00e4 tapaamisajoille omaa ty\u00f6huonettasi, varaa tarvitsemasi tila Outlookin kautta. Jokaisella kampuksella on erikseen ohjaustiloja, jotka soveltuvat t\u00e4h\u00e4n tarkoitukseen. Kirjoita k\u00e4ytt\u00e4m\u00e4si tilan nimi ruksaamalla varauslomakkeen kohta <em>Ulkopuolinen til<\/em>a. Aihe-kohtaan kirjoitat tilan nimen. Voit my\u00f6s laittaa sijainniksi verkko-osoitteen, jos kyseess\u00e4 on et\u00e4neuvonta:<\/p>\n\n\n\n<figure class=\"wp-block-image\"><img loading=\"lazy\" decoding=\"async\" width=\"598\" height=\"346\" src=\"https:\/\/help.jamk.fi\/peppi-ohjeet-henkilokunnalle\/wp-content\/uploads\/sites\/131\/2020\/01\/Tapaamisajan-tila.jpg\" alt=\"Kuva tapaamisajan varauslomakkeesta, jossa ruksaamalla kohdan Ulkopuolinen tila voi itse kirjoittaa k\u00e4sin sijainnin tai antaa verkko-osoitteen\" class=\"wp-image-390\"\/><\/figure>\n\n\n\n<h2 class=\"wp-block-heading\">Tapaaminen valittujen ryhmien opiskelijalle\/opiskelijoille<\/h2>\n\n\n\n<p>Varauslomakkeella voit valita, mit\u00e4 opiskelijaryhmi\u00e4 tapaamisajat koskevat. Valittujen ryhmien opiskelijat-tyyppinen varaus tulee tarjolle valittujen ryhmien opiskelijoiden Pepin Opiskelijan ty\u00f6p\u00f6yd\u00e4n <em>Tapaamisajat<\/em> -osioon. Opiskelija voi halutessaan varata kyseisen tapaamisajan itselleen.<\/p>\n\n\n\n<ul class=\"wp-block-list\">\n<li>M\u00e4\u00e4rittele, kuinka monta opiskelijaa voi osallistua samanaikaisesti t\u00e4h\u00e4n kyseiseen tapaamiseen.<\/li>\n\n\n\n<li>M\u00e4\u00e4rittele ryhm\u00e4\/t, joiden opiskelijoille tekem\u00e4si tapaamisehdotus tulee n\u00e4kyville.<\/li>\n<\/ul>\n\n\n\n<p>K\u00e4ytt\u00e4ess\u00e4si t\u00e4t\u00e4 toimintoa m\u00e4\u00e4rittelet varausta tehdess\u00e4si varaukselle keston ja paikan, opiskelija ei pysty muuttamaan varauksen aikaa eik\u00e4 paikkaa<\/p>\n\n\n\n<figure class=\"wp-block-image\"><img loading=\"lazy\" decoding=\"async\" width=\"573\" height=\"182\" src=\"https:\/\/help.jamk.fi\/peppi-ohjeet-henkilokunnalle\/wp-content\/uploads\/sites\/131\/2020\/01\/Ryhmatapaamisaika.jpg\" alt=\"Kuva varauslomakkeesta, jossa m\u00e4\u00e4ritell\u00e4\u00e4n, mit\u00e4 ryhmi\u00e4 varaus koskee ja mik\u00e4 on osallistujam\u00e4\u00e4r\u00e4\" class=\"wp-image-391\"\/><\/figure>\n\n\n\n<p>Kun opiskelija varaa tarjolla olevan tapaamisajan, h\u00e4n voi kirjoittaa vahvistuksen yhteydess\u00e4 terveisi\u00e4 tapaamiseen liittyen. N\u00e4et terveiset klikkaamalla varauksen tietoja kalenterin\u00e4kym\u00e4ss\u00e4.<\/p>\n\n\n\n<p>Huom! Opiskelijan kirjoittama viesti ei n\u00e4y pelk\u00e4st\u00e4\u00e4n varauksen tekij\u00e4lle, vaan my\u00f6s muillekin.<\/p>\n\n\n\n<h2 class=\"wp-block-heading\">Tapaaminen valitulle henkil\u00f6lle\/henkil\u00f6ille<\/h2>\n\n\n\n<p>Valitut henkil\u00f6t-tyyppinen varaus menee suoraan varaukselle liitettyjen henkil\u00f6iden (opiskelija tai henkil\u00f6kuntaan kuuluva) Pepin kalenteriin.<\/p>\n\n\n\n<p>Hae opiskelijoita varaukselle Varattu henkil\u00f6lle -kent\u00e4n vieress\u00e4 olevan suurennuslasi-painikkeen takaa.<\/p>\n\n\n\n<p>K\u00e4ytt\u00e4ess\u00e4si t\u00e4t\u00e4 toimintoa m\u00e4\u00e4rittelet varausta tehdess\u00e4si varaukselle keston ja paikan, opiskelija ei pysty muuttamaan varauksen aikaa eik\u00e4 paikkaa.<\/p>\n\n\n\n<p>Varaukselle liitetyn opiskelijan\/opiskelijoiden nimet tulevat n\u00e4kyville Muut osallistujat -kentt\u00e4\u00e4n.<\/p>\n\n\n\n<p>Opiskelijan ohjeet ovat tulossa my\u00f6hemmin, ja p\u00e4\u00e4set sitten tutustumaan opiskelijan n\u00e4kym\u00e4\u00e4n ja ohjeisiin. <a href=\"https:\/\/help.jamk.fi\/peppi\/fi\/kalenteri\/tapaamisajat\/\" target=\"_blank\" rel=\"noreferrer noopener\">Opiskelijan ohjeista n\u00e4et, milt\u00e4 tekem\u00e4si toiminnot n\u00e4ytt\u00e4v\u00e4t opiskelijan ty\u00f6p\u00f6yd\u00e4ll\u00e4.<\/a><\/p>\n","protected":false},"excerpt":{"rendered":"<p>Pepin tapaamisaika-toiminnolla varataan opiskelijan tutorointiin ja ohjaukseen liittyv\u00e4t tapaamisajat, esimerkiksi opinn\u00e4ytety\u00f6n pienryhm\u00e4ohjauksia. T\u00e4t\u00e4 voivat k\u00e4ytt\u00e4\u00e4 opettajat, opettajatutorit, opinto-ohjaajat sek\u00e4 opiskelijapalvelut. Tapaamisaika m\u00e4\u00e4ritell\u00e4\u00e4n Opettajan ty\u00f6p\u00f6yd\u00e4ll\u00e4. M\u00e4\u00e4rit\u00e4 tapaamisajat -painike l\u00f6ytyy resurssien suunnittelun p\u00e4\u00e4sivulta. Huomioitavaa tapaamisajoista: Tapaamisajan voi m\u00e4\u00e4ritt\u00e4\u00e4 koskemaan tiettyjen ryhmien opiskelijoita tai tiettyj\u00e4 opiskelijoita. Tapaamisaikoja voi m\u00e4\u00e4ritell\u00e4 joko yksitt\u00e4iseksi tai sellaiseksi, josta opiskelija varaa itselleen sopivimman. [&hellip;]<\/p>\n","protected":false},"author":76,"featured_media":0,"parent":4552,"menu_order":0,"comment_status":"closed","ping_status":"open","template":"","meta":{"_acf_changed":false,"_relevanssi_hide_post":"","_relevanssi_hide_content":"","_relevanssi_pin_for_all":"","_relevanssi_pin_keywords":"","_relevanssi_unpin_keywords":"","_relevanssi_related_keywords":"","_relevanssi_related_include_ids":"","_relevanssi_related_exclude_ids":"","_relevanssi_related_no_append":"","_relevanssi_related_not_related":"","_relevanssi_related_posts":"","_relevanssi_noindex_reason":"","footnotes":""},"categories":[1],"tags":[],"class_list":["post-4553","page","type-page","status-publish","hentry","category-uncategorised"],"acf":[],"yoast_head":"<!-- This site is optimized with the Yoast SEO plugin v27.3 - https:\/\/yoast.com\/product\/yoast-seo-wordpress\/ -->\n<title>Tapaamisajat opettajille ja ohjaushenkil\u00f6st\u00f6lle - Peppi-ohjeet henkil\u00f6kunnalle<\/title>\n<meta name=\"robots\" content=\"index, follow, max-snippet:-1, max-image-preview:large, max-video-preview:-1\" \/>\n<link rel=\"canonical\" href=\"https:\/\/help.jamk.fi\/peppi-ohjeet-henkilokunnalle\/fi\/opettajan-ohjeet\/tapaamisajat-opettajille-ja-ohjaushenkilostolle\/\" \/>\n<meta property=\"og:locale\" content=\"fi_FI\" \/>\n<meta property=\"og:type\" content=\"article\" \/>\n<meta property=\"og:title\" content=\"Tapaamisajat opettajille ja ohjaushenkil\u00f6st\u00f6lle - Peppi-ohjeet henkil\u00f6kunnalle\" \/>\n<meta property=\"og:description\" content=\"Pepin tapaamisaika-toiminnolla varataan opiskelijan tutorointiin ja ohjaukseen liittyv\u00e4t tapaamisajat, esimerkiksi opinn\u00e4ytety\u00f6n pienryhm\u00e4ohjauksia. T\u00e4t\u00e4 voivat k\u00e4ytt\u00e4\u00e4 opettajat, opettajatutorit, opinto-ohjaajat sek\u00e4 opiskelijapalvelut. Tapaamisaika m\u00e4\u00e4ritell\u00e4\u00e4n Opettajan ty\u00f6p\u00f6yd\u00e4ll\u00e4. M\u00e4\u00e4rit\u00e4 tapaamisajat -painike l\u00f6ytyy resurssien suunnittelun p\u00e4\u00e4sivulta. Huomioitavaa tapaamisajoista: Tapaamisajan voi m\u00e4\u00e4ritt\u00e4\u00e4 koskemaan tiettyjen ryhmien opiskelijoita tai tiettyj\u00e4 opiskelijoita. Tapaamisaikoja voi m\u00e4\u00e4ritell\u00e4 joko yksitt\u00e4iseksi tai sellaiseksi, josta opiskelija varaa itselleen sopivimman. [&hellip;]\" \/>\n<meta property=\"og:url\" content=\"https:\/\/help.jamk.fi\/peppi-ohjeet-henkilokunnalle\/fi\/opettajan-ohjeet\/tapaamisajat-opettajille-ja-ohjaushenkilostolle\/\" \/>\n<meta property=\"og:site_name\" content=\"Peppi-ohjeet henkil\u00f6kunnalle\" \/>\n<meta property=\"article:modified_time\" content=\"2024-01-11T14:22:21+00:00\" \/>\n<meta property=\"og:image\" content=\"https:\/\/help.jamk.fi\/peppi-ohjeet-henkilokunnalle\/wp-content\/uploads\/sites\/131\/2020\/01\/Tapaamisajan-tila.jpg\" \/>\n<meta name=\"twitter:card\" content=\"summary_large_image\" \/>\n<meta name=\"twitter:label1\" content=\"Arvioitu lukuaika\" \/>\n\t<meta name=\"twitter:data1\" content=\"3 minuuttia\" \/>\n<script type=\"application\/ld+json\" class=\"yoast-schema-graph\">{\"@context\":\"https:\\\/\\\/schema.org\",\"@graph\":[{\"@type\":\"WebPage\",\"@id\":\"https:\\\/\\\/help.jamk.fi\\\/peppi-ohjeet-henkilokunnalle\\\/fi\\\/opettajan-ohjeet\\\/tapaamisajat-opettajille-ja-ohjaushenkilostolle\\\/\",\"url\":\"https:\\\/\\\/help.jamk.fi\\\/peppi-ohjeet-henkilokunnalle\\\/fi\\\/opettajan-ohjeet\\\/tapaamisajat-opettajille-ja-ohjaushenkilostolle\\\/\",\"name\":\"Tapaamisajat opettajille ja ohjaushenkil\u00f6st\u00f6lle - Peppi-ohjeet henkil\u00f6kunnalle\",\"isPartOf\":{\"@id\":\"https:\\\/\\\/help.jamk.fi\\\/peppi-ohjeet-henkilokunnalle\\\/#website\"},\"primaryImageOfPage\":{\"@id\":\"https:\\\/\\\/help.jamk.fi\\\/peppi-ohjeet-henkilokunnalle\\\/fi\\\/opettajan-ohjeet\\\/tapaamisajat-opettajille-ja-ohjaushenkilostolle\\\/#primaryimage\"},\"image\":{\"@id\":\"https:\\\/\\\/help.jamk.fi\\\/peppi-ohjeet-henkilokunnalle\\\/fi\\\/opettajan-ohjeet\\\/tapaamisajat-opettajille-ja-ohjaushenkilostolle\\\/#primaryimage\"},\"thumbnailUrl\":\"https:\\\/\\\/help.jamk.fi\\\/peppi-ohjeet-henkilokunnalle\\\/wp-content\\\/uploads\\\/sites\\\/131\\\/2020\\\/01\\\/Tapaamisajan-tila.jpg\",\"datePublished\":\"2020-01-30T09:42:11+00:00\",\"dateModified\":\"2024-01-11T14:22:21+00:00\",\"breadcrumb\":{\"@id\":\"https:\\\/\\\/help.jamk.fi\\\/peppi-ohjeet-henkilokunnalle\\\/fi\\\/opettajan-ohjeet\\\/tapaamisajat-opettajille-ja-ohjaushenkilostolle\\\/#breadcrumb\"},\"inLanguage\":\"fi\",\"potentialAction\":[{\"@type\":\"ReadAction\",\"target\":[\"https:\\\/\\\/help.jamk.fi\\\/peppi-ohjeet-henkilokunnalle\\\/fi\\\/opettajan-ohjeet\\\/tapaamisajat-opettajille-ja-ohjaushenkilostolle\\\/\"]}]},{\"@type\":\"ImageObject\",\"inLanguage\":\"fi\",\"@id\":\"https:\\\/\\\/help.jamk.fi\\\/peppi-ohjeet-henkilokunnalle\\\/fi\\\/opettajan-ohjeet\\\/tapaamisajat-opettajille-ja-ohjaushenkilostolle\\\/#primaryimage\",\"url\":\"https:\\\/\\\/help.jamk.fi\\\/peppi-ohjeet-henkilokunnalle\\\/wp-content\\\/uploads\\\/sites\\\/131\\\/2020\\\/01\\\/Tapaamisajan-tila.jpg\",\"contentUrl\":\"https:\\\/\\\/help.jamk.fi\\\/peppi-ohjeet-henkilokunnalle\\\/wp-content\\\/uploads\\\/sites\\\/131\\\/2020\\\/01\\\/Tapaamisajan-tila.jpg\",\"width\":598,\"height\":346,\"caption\":\"Kuva tapaamisajan varauslomakkeesta, jossa ruksaamalla kohdan Ulkopuolinen tila voi itse kirjoittaa k\u00e4sin sijainnin tai antaa verkko-osoitteen\"},{\"@type\":\"BreadcrumbList\",\"@id\":\"https:\\\/\\\/help.jamk.fi\\\/peppi-ohjeet-henkilokunnalle\\\/fi\\\/opettajan-ohjeet\\\/tapaamisajat-opettajille-ja-ohjaushenkilostolle\\\/#breadcrumb\",\"itemListElement\":[{\"@type\":\"ListItem\",\"position\":1,\"name\":\"Home\",\"item\":\"https:\\\/\\\/help.jamk.fi\\\/peppi-ohjeet-henkilokunnalle\\\/en\\\/\"},{\"@type\":\"ListItem\",\"position\":2,\"name\":\"Opettajan ohjeet\",\"item\":\"https:\\\/\\\/help.jamk.fi\\\/peppi-ohjeet-henkilokunnalle\\\/fi\\\/opettajan-ohjeet\\\/\"},{\"@type\":\"ListItem\",\"position\":3,\"name\":\"Tapaamisajat opettajille ja ohjaushenkil\u00f6st\u00f6lle\"}]},{\"@type\":\"WebSite\",\"@id\":\"https:\\\/\\\/help.jamk.fi\\\/peppi-ohjeet-henkilokunnalle\\\/#website\",\"url\":\"https:\\\/\\\/help.jamk.fi\\\/peppi-ohjeet-henkilokunnalle\\\/\",\"name\":\"Peppi-ohjeet henkil\u00f6kunnalle\",\"description\":\"\",\"potentialAction\":[{\"@type\":\"SearchAction\",\"target\":{\"@type\":\"EntryPoint\",\"urlTemplate\":\"https:\\\/\\\/help.jamk.fi\\\/peppi-ohjeet-henkilokunnalle\\\/?s={search_term_string}\"},\"query-input\":{\"@type\":\"PropertyValueSpecification\",\"valueRequired\":true,\"valueName\":\"search_term_string\"}}],\"inLanguage\":\"fi\"}]}<\/script>\n<!-- \/ Yoast SEO plugin. -->","yoast_head_json":{"title":"Tapaamisajat opettajille ja ohjaushenkil\u00f6st\u00f6lle - Peppi-ohjeet henkil\u00f6kunnalle","robots":{"index":"index","follow":"follow","max-snippet":"max-snippet:-1","max-image-preview":"max-image-preview:large","max-video-preview":"max-video-preview:-1"},"canonical":"https:\/\/help.jamk.fi\/peppi-ohjeet-henkilokunnalle\/fi\/opettajan-ohjeet\/tapaamisajat-opettajille-ja-ohjaushenkilostolle\/","og_locale":"fi_FI","og_type":"article","og_title":"Tapaamisajat opettajille ja ohjaushenkil\u00f6st\u00f6lle - Peppi-ohjeet henkil\u00f6kunnalle","og_description":"Pepin tapaamisaika-toiminnolla varataan opiskelijan tutorointiin ja ohjaukseen liittyv\u00e4t tapaamisajat, esimerkiksi opinn\u00e4ytety\u00f6n pienryhm\u00e4ohjauksia. T\u00e4t\u00e4 voivat k\u00e4ytt\u00e4\u00e4 opettajat, opettajatutorit, opinto-ohjaajat sek\u00e4 opiskelijapalvelut. Tapaamisaika m\u00e4\u00e4ritell\u00e4\u00e4n Opettajan ty\u00f6p\u00f6yd\u00e4ll\u00e4. M\u00e4\u00e4rit\u00e4 tapaamisajat -painike l\u00f6ytyy resurssien suunnittelun p\u00e4\u00e4sivulta. Huomioitavaa tapaamisajoista: Tapaamisajan voi m\u00e4\u00e4ritt\u00e4\u00e4 koskemaan tiettyjen ryhmien opiskelijoita tai tiettyj\u00e4 opiskelijoita. Tapaamisaikoja voi m\u00e4\u00e4ritell\u00e4 joko yksitt\u00e4iseksi tai sellaiseksi, josta opiskelija varaa itselleen sopivimman. [&hellip;]","og_url":"https:\/\/help.jamk.fi\/peppi-ohjeet-henkilokunnalle\/fi\/opettajan-ohjeet\/tapaamisajat-opettajille-ja-ohjaushenkilostolle\/","og_site_name":"Peppi-ohjeet henkil\u00f6kunnalle","article_modified_time":"2024-01-11T14:22:21+00:00","og_image":[{"url":"https:\/\/help.jamk.fi\/peppi-ohjeet-henkilokunnalle\/wp-content\/uploads\/sites\/131\/2020\/01\/Tapaamisajan-tila.jpg","type":"","width":"","height":""}],"twitter_card":"summary_large_image","twitter_misc":{"Arvioitu lukuaika":"3 minuuttia"},"schema":{"@context":"https:\/\/schema.org","@graph":[{"@type":"WebPage","@id":"https:\/\/help.jamk.fi\/peppi-ohjeet-henkilokunnalle\/fi\/opettajan-ohjeet\/tapaamisajat-opettajille-ja-ohjaushenkilostolle\/","url":"https:\/\/help.jamk.fi\/peppi-ohjeet-henkilokunnalle\/fi\/opettajan-ohjeet\/tapaamisajat-opettajille-ja-ohjaushenkilostolle\/","name":"Tapaamisajat opettajille ja ohjaushenkil\u00f6st\u00f6lle - Peppi-ohjeet henkil\u00f6kunnalle","isPartOf":{"@id":"https:\/\/help.jamk.fi\/peppi-ohjeet-henkilokunnalle\/#website"},"primaryImageOfPage":{"@id":"https:\/\/help.jamk.fi\/peppi-ohjeet-henkilokunnalle\/fi\/opettajan-ohjeet\/tapaamisajat-opettajille-ja-ohjaushenkilostolle\/#primaryimage"},"image":{"@id":"https:\/\/help.jamk.fi\/peppi-ohjeet-henkilokunnalle\/fi\/opettajan-ohjeet\/tapaamisajat-opettajille-ja-ohjaushenkilostolle\/#primaryimage"},"thumbnailUrl":"https:\/\/help.jamk.fi\/peppi-ohjeet-henkilokunnalle\/wp-content\/uploads\/sites\/131\/2020\/01\/Tapaamisajan-tila.jpg","datePublished":"2020-01-30T09:42:11+00:00","dateModified":"2024-01-11T14:22:21+00:00","breadcrumb":{"@id":"https:\/\/help.jamk.fi\/peppi-ohjeet-henkilokunnalle\/fi\/opettajan-ohjeet\/tapaamisajat-opettajille-ja-ohjaushenkilostolle\/#breadcrumb"},"inLanguage":"fi","potentialAction":[{"@type":"ReadAction","target":["https:\/\/help.jamk.fi\/peppi-ohjeet-henkilokunnalle\/fi\/opettajan-ohjeet\/tapaamisajat-opettajille-ja-ohjaushenkilostolle\/"]}]},{"@type":"ImageObject","inLanguage":"fi","@id":"https:\/\/help.jamk.fi\/peppi-ohjeet-henkilokunnalle\/fi\/opettajan-ohjeet\/tapaamisajat-opettajille-ja-ohjaushenkilostolle\/#primaryimage","url":"https:\/\/help.jamk.fi\/peppi-ohjeet-henkilokunnalle\/wp-content\/uploads\/sites\/131\/2020\/01\/Tapaamisajan-tila.jpg","contentUrl":"https:\/\/help.jamk.fi\/peppi-ohjeet-henkilokunnalle\/wp-content\/uploads\/sites\/131\/2020\/01\/Tapaamisajan-tila.jpg","width":598,"height":346,"caption":"Kuva tapaamisajan varauslomakkeesta, jossa ruksaamalla kohdan Ulkopuolinen tila voi itse kirjoittaa k\u00e4sin sijainnin tai antaa verkko-osoitteen"},{"@type":"BreadcrumbList","@id":"https:\/\/help.jamk.fi\/peppi-ohjeet-henkilokunnalle\/fi\/opettajan-ohjeet\/tapaamisajat-opettajille-ja-ohjaushenkilostolle\/#breadcrumb","itemListElement":[{"@type":"ListItem","position":1,"name":"Home","item":"https:\/\/help.jamk.fi\/peppi-ohjeet-henkilokunnalle\/en\/"},{"@type":"ListItem","position":2,"name":"Opettajan ohjeet","item":"https:\/\/help.jamk.fi\/peppi-ohjeet-henkilokunnalle\/fi\/opettajan-ohjeet\/"},{"@type":"ListItem","position":3,"name":"Tapaamisajat opettajille ja ohjaushenkil\u00f6st\u00f6lle"}]},{"@type":"WebSite","@id":"https:\/\/help.jamk.fi\/peppi-ohjeet-henkilokunnalle\/#website","url":"https:\/\/help.jamk.fi\/peppi-ohjeet-henkilokunnalle\/","name":"Peppi-ohjeet henkil\u00f6kunnalle","description":"","potentialAction":[{"@type":"SearchAction","target":{"@type":"EntryPoint","urlTemplate":"https:\/\/help.jamk.fi\/peppi-ohjeet-henkilokunnalle\/?s={search_term_string}"},"query-input":{"@type":"PropertyValueSpecification","valueRequired":true,"valueName":"search_term_string"}}],"inLanguage":"fi"}]}},"_links":{"self":[{"href":"https:\/\/help.jamk.fi\/peppi-ohjeet-henkilokunnalle\/wp-json\/wp\/v2\/pages\/4553","targetHints":{"allow":["GET"]}}],"collection":[{"href":"https:\/\/help.jamk.fi\/peppi-ohjeet-henkilokunnalle\/wp-json\/wp\/v2\/pages"}],"about":[{"href":"https:\/\/help.jamk.fi\/peppi-ohjeet-henkilokunnalle\/wp-json\/wp\/v2\/types\/page"}],"author":[{"embeddable":true,"href":"https:\/\/help.jamk.fi\/peppi-ohjeet-henkilokunnalle\/wp-json\/wp\/v2\/users\/76"}],"replies":[{"embeddable":true,"href":"https:\/\/help.jamk.fi\/peppi-ohjeet-henkilokunnalle\/wp-json\/wp\/v2\/comments?post=4553"}],"version-history":[{"count":5,"href":"https:\/\/help.jamk.fi\/peppi-ohjeet-henkilokunnalle\/wp-json\/wp\/v2\/pages\/4553\/revisions"}],"predecessor-version":[{"id":6282,"href":"https:\/\/help.jamk.fi\/peppi-ohjeet-henkilokunnalle\/wp-json\/wp\/v2\/pages\/4553\/revisions\/6282"}],"up":[{"embeddable":true,"href":"https:\/\/help.jamk.fi\/peppi-ohjeet-henkilokunnalle\/wp-json\/wp\/v2\/pages\/4552"}],"wp:attachment":[{"href":"https:\/\/help.jamk.fi\/peppi-ohjeet-henkilokunnalle\/wp-json\/wp\/v2\/media?parent=4553"}],"wp:term":[{"taxonomy":"category","embeddable":true,"href":"https:\/\/help.jamk.fi\/peppi-ohjeet-henkilokunnalle\/wp-json\/wp\/v2\/categories?post=4553"},{"taxonomy":"post_tag","embeddable":true,"href":"https:\/\/help.jamk.fi\/peppi-ohjeet-henkilokunnalle\/wp-json\/wp\/v2\/tags?post=4553"}],"curies":[{"name":"wp","href":"https:\/\/api.w.org\/{rel}","templated":true}]}}