{"id":4554,"date":"2020-01-31T07:47:15","date_gmt":"2020-01-31T05:47:15","guid":{"rendered":"https:\/\/help.jamk.fi\/peppi-ohjeet-henkilokunnalle\/opiskelijahallinto\/"},"modified":"2023-11-14T12:05:51","modified_gmt":"2023-11-14T10:05:51","slug":"opiskelijahallinto","status":"publish","type":"page","link":"https:\/\/help.jamk.fi\/peppi-ohjeet-henkilokunnalle\/fi\/opiskelijahallinto\/","title":{"rendered":"Opiskelijahallinto"},"content":{"rendered":"\n<h2 class=\"wp-block-heading\">Opiskelijahallinta<\/h2>\n\n\n\n<p>Opiskelijahallinta l\u00f6ytyy opiskelijat-valikon alta ja sen avulla k\u00e4ytt\u00e4j\u00e4 voi hakea opiskelijan henkil\u00f6tietoja, opiskeluoikeustietoja ja suorituksia. Opiskelijahallinnan kautta voi my\u00f6s tulostaa opiskelijoihin liittyvi\u00e4 raportteja.<\/p>\n\n\n\n<p>Tarkemmat ohjeet l\u00f6ytyv\u00e4t <a href=\"https:\/\/help.jamk.fi\/peppi-ohjeet-henkilokunnalle\/fi\/opiskelijahallinto\/opiskelijat-valikko\/\">opiskelijahallinnan ohjeista<\/a>.<\/p>\n\n\n\n<h2 class=\"wp-block-heading\">HOPS-ohjaus<\/h2>\n\n\n\n<p>HOPS-ohjaus sivuilta l\u00f6ytyv\u00e4t ohjeet HOPS-ohjauksen eri toimintoihin. HOPS-ohjaus vaatii riitt\u00e4v\u00e4t oikeudet sek\u00e4 k\u00e4ytt\u00e4j\u00e4 tulee olla lis\u00e4ttyn\u00e4 ryhm\u00e4n tutoriksi. Tarkemmat ohjeet l\u00f6ytyv\u00e4t <a href=\"https:\/\/help.jamk.fi\/peppi-ohjeet-henkilokunnalle\/fi\/opiskelijahallinto\/hops-ohjaus\/\">hopsin ohjauksen ohjeista<\/a>.<\/p>\n\n\n\n<h2 class=\"wp-block-heading\">HOPSin k\u00e4sittely<\/h2>\n\n\n\n<p>HOPSin k\u00e4sittely sivuilta l\u00f6ytyv\u00e4t ohjeet opiskelijoiden HOPSien toimintoihin. HOPSien k\u00e4sittely vaatii riitt\u00e4v\u00e4t oikeudet. Tarkemmat ohjeet l\u00f6ytyv\u00e4t <a href=\"https:\/\/help.jamk.fi\/peppi-ohjeet-henkilokunnalle\/fi\/opiskelijahallinto\/hopsin-kasittely\/\">hopsin k\u00e4sittelyn ohjeista<\/a>.<\/p>\n\n\n\n<h2 class=\"wp-block-heading\">Raportit -valikko<\/h2>\n\n\n\n<p>Raportit valikosta l\u00f6ytyy eri raportteja riippuen k\u00e4ytt\u00e4j\u00e4n k\u00e4ytt\u00f6oikeuksista. Tarkemmat ohjeet l\u00f6ytyv\u00e4t <a href=\"https:\/\/help.jamk.fi\/peppi-ohjeet-henkilokunnalle\/fi\/opiskelijahallinto\/raportit-valikko-korkeakoulupalvelut\/\">raportti -valikon ohjeista<\/a><\/p>\n\n\n\n<h2 class=\"wp-block-heading\">Atomi<\/h2>\n\n\n\n<p>Atomi -sivulta l\u00f6ytyy ohjeet Atomi-palvelun k\u00e4ytt\u00f6\u00f6n. Tarkemmat ohjeet l\u00f6ytyv\u00e4t <a href=\"https:\/\/help.jamk.fi\/peppi-ohjeet-henkilokunnalle\/fi\/opiskelijahallinto\/atomi\/\">Atomi-palvelun ohjeista<\/a>.<\/p>\n","protected":false},"excerpt":{"rendered":"<p>Opiskelijahallinta Opiskelijahallinta l\u00f6ytyy opiskelijat-valikon alta ja sen avulla k\u00e4ytt\u00e4j\u00e4 voi hakea opiskelijan henkil\u00f6tietoja, opiskeluoikeustietoja ja suorituksia. Opiskelijahallinnan kautta voi my\u00f6s tulostaa opiskelijoihin liittyvi\u00e4 raportteja. Tarkemmat ohjeet l\u00f6ytyv\u00e4t opiskelijahallinnan ohjeista. HOPS-ohjaus HOPS-ohjaus sivuilta l\u00f6ytyv\u00e4t ohjeet HOPS-ohjauksen eri toimintoihin. HOPS-ohjaus vaatii riitt\u00e4v\u00e4t oikeudet sek\u00e4 k\u00e4ytt\u00e4j\u00e4 tulee olla lis\u00e4ttyn\u00e4 ryhm\u00e4n tutoriksi. Tarkemmat ohjeet l\u00f6ytyv\u00e4t hopsin ohjauksen ohjeista. HOPSin [&hellip;]<\/p>\n","protected":false},"author":77,"featured_media":0,"parent":0,"menu_order":0,"comment_status":"closed","ping_status":"open","template":"","meta":{"_acf_changed":false,"_relevanssi_hide_post":"","_relevanssi_hide_content":"","_relevanssi_pin_for_all":"","_relevanssi_pin_keywords":"","_relevanssi_unpin_keywords":"","_relevanssi_related_keywords":"","_relevanssi_related_include_ids":"","_relevanssi_related_exclude_ids":"","_relevanssi_related_no_append":"","_relevanssi_related_not_related":"","_relevanssi_related_posts":"","_relevanssi_noindex_reason":"","footnotes":""},"categories":[12],"tags":[],"class_list":["post-4554","page","type-page","status-publish","hentry","category-korkeakoulupalveluiden-tyopoyta"],"acf":[],"yoast_head":"<!-- This site is optimized with the Yoast SEO plugin v27.3 - https:\/\/yoast.com\/product\/yoast-seo-wordpress\/ -->\n<title>Opiskelijahallinto - Peppi-ohjeet henkil\u00f6kunnalle<\/title>\n<meta name=\"robots\" content=\"index, follow, max-snippet:-1, max-image-preview:large, max-video-preview:-1\" \/>\n<link rel=\"canonical\" href=\"https:\/\/help.jamk.fi\/peppi-ohjeet-henkilokunnalle\/fi\/opiskelijahallinto\/\" \/>\n<meta property=\"og:locale\" content=\"fi_FI\" \/>\n<meta property=\"og:type\" content=\"article\" \/>\n<meta property=\"og:title\" content=\"Opiskelijahallinto - Peppi-ohjeet henkil\u00f6kunnalle\" \/>\n<meta property=\"og:description\" content=\"Opiskelijahallinta Opiskelijahallinta l\u00f6ytyy opiskelijat-valikon alta ja sen avulla k\u00e4ytt\u00e4j\u00e4 voi hakea opiskelijan henkil\u00f6tietoja, opiskeluoikeustietoja ja suorituksia. Opiskelijahallinnan kautta voi my\u00f6s tulostaa opiskelijoihin liittyvi\u00e4 raportteja. Tarkemmat ohjeet l\u00f6ytyv\u00e4t opiskelijahallinnan ohjeista. HOPS-ohjaus HOPS-ohjaus sivuilta l\u00f6ytyv\u00e4t ohjeet HOPS-ohjauksen eri toimintoihin. HOPS-ohjaus vaatii riitt\u00e4v\u00e4t oikeudet sek\u00e4 k\u00e4ytt\u00e4j\u00e4 tulee olla lis\u00e4ttyn\u00e4 ryhm\u00e4n tutoriksi. Tarkemmat ohjeet l\u00f6ytyv\u00e4t hopsin ohjauksen ohjeista. HOPSin [&hellip;]\" \/>\n<meta property=\"og:url\" content=\"https:\/\/help.jamk.fi\/peppi-ohjeet-henkilokunnalle\/fi\/opiskelijahallinto\/\" \/>\n<meta property=\"og:site_name\" content=\"Peppi-ohjeet henkil\u00f6kunnalle\" \/>\n<meta property=\"article:modified_time\" content=\"2023-11-14T10:05:51+00:00\" \/>\n<meta name=\"twitter:card\" content=\"summary_large_image\" \/>\n<meta name=\"twitter:label1\" content=\"Arvioitu lukuaika\" \/>\n\t<meta name=\"twitter:data1\" content=\"1 minuutti\" \/>\n<script type=\"application\/ld+json\" class=\"yoast-schema-graph\">{\"@context\":\"https:\\\/\\\/schema.org\",\"@graph\":[{\"@type\":\"WebPage\",\"@id\":\"https:\\\/\\\/help.jamk.fi\\\/peppi-ohjeet-henkilokunnalle\\\/fi\\\/opiskelijahallinto\\\/\",\"url\":\"https:\\\/\\\/help.jamk.fi\\\/peppi-ohjeet-henkilokunnalle\\\/fi\\\/opiskelijahallinto\\\/\",\"name\":\"Opiskelijahallinto - Peppi-ohjeet henkil\u00f6kunnalle\",\"isPartOf\":{\"@id\":\"https:\\\/\\\/help.jamk.fi\\\/peppi-ohjeet-henkilokunnalle\\\/#website\"},\"datePublished\":\"2020-01-31T05:47:15+00:00\",\"dateModified\":\"2023-11-14T10:05:51+00:00\",\"breadcrumb\":{\"@id\":\"https:\\\/\\\/help.jamk.fi\\\/peppi-ohjeet-henkilokunnalle\\\/fi\\\/opiskelijahallinto\\\/#breadcrumb\"},\"inLanguage\":\"fi\",\"potentialAction\":[{\"@type\":\"ReadAction\",\"target\":[\"https:\\\/\\\/help.jamk.fi\\\/peppi-ohjeet-henkilokunnalle\\\/fi\\\/opiskelijahallinto\\\/\"]}]},{\"@type\":\"BreadcrumbList\",\"@id\":\"https:\\\/\\\/help.jamk.fi\\\/peppi-ohjeet-henkilokunnalle\\\/fi\\\/opiskelijahallinto\\\/#breadcrumb\",\"itemListElement\":[{\"@type\":\"ListItem\",\"position\":1,\"name\":\"Home\",\"item\":\"https:\\\/\\\/help.jamk.fi\\\/peppi-ohjeet-henkilokunnalle\\\/en\\\/\"},{\"@type\":\"ListItem\",\"position\":2,\"name\":\"Opiskelijahallinto\"}]},{\"@type\":\"WebSite\",\"@id\":\"https:\\\/\\\/help.jamk.fi\\\/peppi-ohjeet-henkilokunnalle\\\/#website\",\"url\":\"https:\\\/\\\/help.jamk.fi\\\/peppi-ohjeet-henkilokunnalle\\\/\",\"name\":\"Peppi-ohjeet henkil\u00f6kunnalle\",\"description\":\"\",\"potentialAction\":[{\"@type\":\"SearchAction\",\"target\":{\"@type\":\"EntryPoint\",\"urlTemplate\":\"https:\\\/\\\/help.jamk.fi\\\/peppi-ohjeet-henkilokunnalle\\\/?s={search_term_string}\"},\"query-input\":{\"@type\":\"PropertyValueSpecification\",\"valueRequired\":true,\"valueName\":\"search_term_string\"}}],\"inLanguage\":\"fi\"}]}<\/script>\n<!-- \/ Yoast SEO plugin. -->","yoast_head_json":{"title":"Opiskelijahallinto - Peppi-ohjeet henkil\u00f6kunnalle","robots":{"index":"index","follow":"follow","max-snippet":"max-snippet:-1","max-image-preview":"max-image-preview:large","max-video-preview":"max-video-preview:-1"},"canonical":"https:\/\/help.jamk.fi\/peppi-ohjeet-henkilokunnalle\/fi\/opiskelijahallinto\/","og_locale":"fi_FI","og_type":"article","og_title":"Opiskelijahallinto - Peppi-ohjeet henkil\u00f6kunnalle","og_description":"Opiskelijahallinta Opiskelijahallinta l\u00f6ytyy opiskelijat-valikon alta ja sen avulla k\u00e4ytt\u00e4j\u00e4 voi hakea opiskelijan henkil\u00f6tietoja, opiskeluoikeustietoja ja suorituksia. Opiskelijahallinnan kautta voi my\u00f6s tulostaa opiskelijoihin liittyvi\u00e4 raportteja. Tarkemmat ohjeet l\u00f6ytyv\u00e4t opiskelijahallinnan ohjeista. HOPS-ohjaus HOPS-ohjaus sivuilta l\u00f6ytyv\u00e4t ohjeet HOPS-ohjauksen eri toimintoihin. HOPS-ohjaus vaatii riitt\u00e4v\u00e4t oikeudet sek\u00e4 k\u00e4ytt\u00e4j\u00e4 tulee olla lis\u00e4ttyn\u00e4 ryhm\u00e4n tutoriksi. Tarkemmat ohjeet l\u00f6ytyv\u00e4t hopsin ohjauksen ohjeista. HOPSin [&hellip;]","og_url":"https:\/\/help.jamk.fi\/peppi-ohjeet-henkilokunnalle\/fi\/opiskelijahallinto\/","og_site_name":"Peppi-ohjeet henkil\u00f6kunnalle","article_modified_time":"2023-11-14T10:05:51+00:00","twitter_card":"summary_large_image","twitter_misc":{"Arvioitu lukuaika":"1 minuutti"},"schema":{"@context":"https:\/\/schema.org","@graph":[{"@type":"WebPage","@id":"https:\/\/help.jamk.fi\/peppi-ohjeet-henkilokunnalle\/fi\/opiskelijahallinto\/","url":"https:\/\/help.jamk.fi\/peppi-ohjeet-henkilokunnalle\/fi\/opiskelijahallinto\/","name":"Opiskelijahallinto - Peppi-ohjeet henkil\u00f6kunnalle","isPartOf":{"@id":"https:\/\/help.jamk.fi\/peppi-ohjeet-henkilokunnalle\/#website"},"datePublished":"2020-01-31T05:47:15+00:00","dateModified":"2023-11-14T10:05:51+00:00","breadcrumb":{"@id":"https:\/\/help.jamk.fi\/peppi-ohjeet-henkilokunnalle\/fi\/opiskelijahallinto\/#breadcrumb"},"inLanguage":"fi","potentialAction":[{"@type":"ReadAction","target":["https:\/\/help.jamk.fi\/peppi-ohjeet-henkilokunnalle\/fi\/opiskelijahallinto\/"]}]},{"@type":"BreadcrumbList","@id":"https:\/\/help.jamk.fi\/peppi-ohjeet-henkilokunnalle\/fi\/opiskelijahallinto\/#breadcrumb","itemListElement":[{"@type":"ListItem","position":1,"name":"Home","item":"https:\/\/help.jamk.fi\/peppi-ohjeet-henkilokunnalle\/en\/"},{"@type":"ListItem","position":2,"name":"Opiskelijahallinto"}]},{"@type":"WebSite","@id":"https:\/\/help.jamk.fi\/peppi-ohjeet-henkilokunnalle\/#website","url":"https:\/\/help.jamk.fi\/peppi-ohjeet-henkilokunnalle\/","name":"Peppi-ohjeet henkil\u00f6kunnalle","description":"","potentialAction":[{"@type":"SearchAction","target":{"@type":"EntryPoint","urlTemplate":"https:\/\/help.jamk.fi\/peppi-ohjeet-henkilokunnalle\/?s={search_term_string}"},"query-input":{"@type":"PropertyValueSpecification","valueRequired":true,"valueName":"search_term_string"}}],"inLanguage":"fi"}]}},"_links":{"self":[{"href":"https:\/\/help.jamk.fi\/peppi-ohjeet-henkilokunnalle\/wp-json\/wp\/v2\/pages\/4554","targetHints":{"allow":["GET"]}}],"collection":[{"href":"https:\/\/help.jamk.fi\/peppi-ohjeet-henkilokunnalle\/wp-json\/wp\/v2\/pages"}],"about":[{"href":"https:\/\/help.jamk.fi\/peppi-ohjeet-henkilokunnalle\/wp-json\/wp\/v2\/types\/page"}],"author":[{"embeddable":true,"href":"https:\/\/help.jamk.fi\/peppi-ohjeet-henkilokunnalle\/wp-json\/wp\/v2\/users\/77"}],"replies":[{"embeddable":true,"href":"https:\/\/help.jamk.fi\/peppi-ohjeet-henkilokunnalle\/wp-json\/wp\/v2\/comments?post=4554"}],"version-history":[{"count":4,"href":"https:\/\/help.jamk.fi\/peppi-ohjeet-henkilokunnalle\/wp-json\/wp\/v2\/pages\/4554\/revisions"}],"predecessor-version":[{"id":5523,"href":"https:\/\/help.jamk.fi\/peppi-ohjeet-henkilokunnalle\/wp-json\/wp\/v2\/pages\/4554\/revisions\/5523"}],"wp:attachment":[{"href":"https:\/\/help.jamk.fi\/peppi-ohjeet-henkilokunnalle\/wp-json\/wp\/v2\/media?parent=4554"}],"wp:term":[{"taxonomy":"category","embeddable":true,"href":"https:\/\/help.jamk.fi\/peppi-ohjeet-henkilokunnalle\/wp-json\/wp\/v2\/categories?post=4554"},{"taxonomy":"post_tag","embeddable":true,"href":"https:\/\/help.jamk.fi\/peppi-ohjeet-henkilokunnalle\/wp-json\/wp\/v2\/tags?post=4554"}],"curies":[{"name":"wp","href":"https:\/\/api.w.org\/{rel}","templated":true}]}}