{"id":4556,"date":"2020-02-03T08:07:21","date_gmt":"2020-02-03T06:07:21","guid":{"rendered":"https:\/\/help.jamk.fi\/peppi-ohjeet-henkilokunnalle\/opiskelijahallinto\/raportit-valikko-korkeakoulupalvelut\/"},"modified":"2024-01-05T12:30:56","modified_gmt":"2024-01-05T10:30:56","slug":"raportit-valikko-korkeakoulupalvelut","status":"publish","type":"page","link":"https:\/\/help.jamk.fi\/peppi-ohjeet-henkilokunnalle\/fi\/opiskelijahallinto\/raportit-valikko-korkeakoulupalvelut\/","title":{"rendered":"Raportit-valikko"},"content":{"rendered":"\n<p>Pepiss\u00e4 on lukuisia opiskeluoikeuksiin ja henkil\u00f6ihin liittyvi\u00e4 raportteja. Korkeakoulu voi muokata j\u00e4rjestelm\u00e4ss\u00e4 olevia raportteja ja luoda uusia raportteja p\u00e4\u00e4k\u00e4ytt\u00e4j\u00e4n ty\u00f6p\u00f6yd\u00e4lt\u00e4 l\u00f6ytyv\u00e4n raporttipalvelun avulla.<\/p>\n\n\n\n<h2 class=\"wp-block-heading\">Raportit yl\u00e4palkista<\/h2>\n\n\n\n<p>Korkeakoulupalveluiden ty\u00f6p\u00f6yd\u00e4n yl\u00e4palkista l\u00f6yd\u00e4t Raportit-valikon. Raportit -valikosta l\u00f6ytyy k\u00e4ytett\u00e4viss\u00e4 olevat raportit. Raportit on sijoiteltu omiin kansioihin. N\u00e4et kansiossa olevat raportit painamalla kansion nime\u00e4.<\/p>\n\n\n\n<figure class=\"wp-block-image\"><img loading=\"lazy\" decoding=\"async\" width=\"640\" height=\"148\" src=\"https:\/\/help.jamk.fi\/peppi-ohjeet-henkilokunnalle\/wp-content\/uploads\/sites\/131\/2020\/03\/Raportit.png\" alt=\"Kuva raportit -valikosta\" class=\"wp-image-1002\"\/><\/figure>\n\n\n\n<ul class=\"wp-block-list\">\n<li>Valitse haluamasi raportti (Huom! Valittavissa olevat raportit riippuvat k\u00e4ytt\u00f6oikeuksista. Mik\u00e4li listauksesta puuttuu tarvitsemasi raportti, ota yhteytt\u00e4 j\u00e4rjestelm\u00e4n p\u00e4\u00e4k\u00e4ytt\u00e4j\u00e4\u00e4n.)<\/li>\n\n\n\n<li>Valitse haluamasi raportin kohdalta rivin p\u00e4\u00e4st\u00e4 <strong>Aja raportti<\/strong> -&gt; Valitse haluamasi tiedostomuoto<\/li>\n\n\n\n<li>T\u00e4yt\u00e4 avautuvassa ikkunassa pyydetyt tietokent\u00e4t<\/li>\n\n\n\n<li>Valitse <strong>Aja raportti<\/strong><\/li>\n\n\n\n<li>J\u00e4rjestelm\u00e4 tallentaa koneellesi raportin, josta se on tarkasteltavissa ja tulostettavissa<\/li>\n<\/ul>\n\n\n\n<h2 class=\"wp-block-heading\">Opiskeluoikeuteen liittyv\u00e4t raportit ja tulosteet<\/h2>\n\n\n\n<p>Ohjeet opiskeluoikeuteen liittyvien raporttien ja tulosteiden k\u00e4ytt\u00f6\u00f6n l\u00f6yd\u00e4t t\u00e4\u00e4lt\u00e4: <a href=\"https:\/\/help.jamk.fi\/peppi-ohjeet-henkilokunnalle\/fi\/opiskelijahallinto\/opiskelijat-valikko\/raportit-ja-tulosteet\/\">Raportit ja tulosteet<\/a><\/p>\n","protected":false},"excerpt":{"rendered":"<p>Pepiss\u00e4 on lukuisia opiskeluoikeuksiin ja henkil\u00f6ihin liittyvi\u00e4 raportteja. Korkeakoulu voi muokata j\u00e4rjestelm\u00e4ss\u00e4 olevia raportteja ja luoda uusia raportteja p\u00e4\u00e4k\u00e4ytt\u00e4j\u00e4n ty\u00f6p\u00f6yd\u00e4lt\u00e4 l\u00f6ytyv\u00e4n raporttipalvelun avulla. Raportit yl\u00e4palkista Korkeakoulupalveluiden ty\u00f6p\u00f6yd\u00e4n yl\u00e4palkista l\u00f6yd\u00e4t Raportit-valikon. Raportit -valikosta l\u00f6ytyy k\u00e4ytett\u00e4viss\u00e4 olevat raportit. Raportit on sijoiteltu omiin kansioihin. N\u00e4et kansiossa olevat raportit painamalla kansion nime\u00e4. Opiskeluoikeuteen liittyv\u00e4t raportit ja tulosteet Ohjeet opiskeluoikeuteen [&hellip;]<\/p>\n","protected":false},"author":77,"featured_media":0,"parent":4554,"menu_order":10,"comment_status":"closed","ping_status":"open","template":"","meta":{"_acf_changed":false,"_relevanssi_hide_post":"","_relevanssi_hide_content":"","_relevanssi_pin_for_all":"","_relevanssi_pin_keywords":"","_relevanssi_unpin_keywords":"","_relevanssi_related_keywords":"","_relevanssi_related_include_ids":"","_relevanssi_related_exclude_ids":"","_relevanssi_related_no_append":"","_relevanssi_related_not_related":"","_relevanssi_related_posts":"","_relevanssi_noindex_reason":"","footnotes":""},"categories":[12],"tags":[],"class_list":["post-4556","page","type-page","status-publish","hentry","category-korkeakoulupalveluiden-tyopoyta"],"acf":[],"yoast_head":"<!-- This site is optimized with the Yoast SEO plugin v27.3 - https:\/\/yoast.com\/product\/yoast-seo-wordpress\/ -->\n<title>Raportit-valikko - Peppi-ohjeet henkil\u00f6kunnalle<\/title>\n<meta name=\"robots\" content=\"index, follow, max-snippet:-1, max-image-preview:large, max-video-preview:-1\" \/>\n<link rel=\"canonical\" href=\"https:\/\/help.jamk.fi\/peppi-ohjeet-henkilokunnalle\/fi\/opiskelijahallinto\/raportit-valikko-korkeakoulupalvelut\/\" \/>\n<meta property=\"og:locale\" content=\"fi_FI\" \/>\n<meta property=\"og:type\" content=\"article\" \/>\n<meta property=\"og:title\" content=\"Raportit-valikko - Peppi-ohjeet henkil\u00f6kunnalle\" \/>\n<meta property=\"og:description\" content=\"Pepiss\u00e4 on lukuisia opiskeluoikeuksiin ja henkil\u00f6ihin liittyvi\u00e4 raportteja. Korkeakoulu voi muokata j\u00e4rjestelm\u00e4ss\u00e4 olevia raportteja ja luoda uusia raportteja p\u00e4\u00e4k\u00e4ytt\u00e4j\u00e4n ty\u00f6p\u00f6yd\u00e4lt\u00e4 l\u00f6ytyv\u00e4n raporttipalvelun avulla. Raportit yl\u00e4palkista Korkeakoulupalveluiden ty\u00f6p\u00f6yd\u00e4n yl\u00e4palkista l\u00f6yd\u00e4t Raportit-valikon. Raportit -valikosta l\u00f6ytyy k\u00e4ytett\u00e4viss\u00e4 olevat raportit. Raportit on sijoiteltu omiin kansioihin. N\u00e4et kansiossa olevat raportit painamalla kansion nime\u00e4. Opiskeluoikeuteen liittyv\u00e4t raportit ja tulosteet Ohjeet opiskeluoikeuteen [&hellip;]\" \/>\n<meta property=\"og:url\" content=\"https:\/\/help.jamk.fi\/peppi-ohjeet-henkilokunnalle\/fi\/opiskelijahallinto\/raportit-valikko-korkeakoulupalvelut\/\" \/>\n<meta property=\"og:site_name\" content=\"Peppi-ohjeet henkil\u00f6kunnalle\" \/>\n<meta property=\"article:modified_time\" content=\"2024-01-05T10:30:56+00:00\" \/>\n<meta property=\"og:image\" content=\"https:\/\/help.jamk.fi\/peppi-ohjeet-henkilokunnalle\/wp-content\/uploads\/sites\/131\/2020\/03\/Raportit.png\" \/>\n<meta name=\"twitter:card\" content=\"summary_large_image\" \/>\n<meta name=\"twitter:label1\" content=\"Arvioitu lukuaika\" \/>\n\t<meta name=\"twitter:data1\" content=\"1 minuutti\" \/>\n<script type=\"application\/ld+json\" class=\"yoast-schema-graph\">{\"@context\":\"https:\\\/\\\/schema.org\",\"@graph\":[{\"@type\":\"WebPage\",\"@id\":\"https:\\\/\\\/help.jamk.fi\\\/peppi-ohjeet-henkilokunnalle\\\/fi\\\/opiskelijahallinto\\\/raportit-valikko-korkeakoulupalvelut\\\/\",\"url\":\"https:\\\/\\\/help.jamk.fi\\\/peppi-ohjeet-henkilokunnalle\\\/fi\\\/opiskelijahallinto\\\/raportit-valikko-korkeakoulupalvelut\\\/\",\"name\":\"Raportit-valikko - Peppi-ohjeet henkil\u00f6kunnalle\",\"isPartOf\":{\"@id\":\"https:\\\/\\\/help.jamk.fi\\\/peppi-ohjeet-henkilokunnalle\\\/#website\"},\"primaryImageOfPage\":{\"@id\":\"https:\\\/\\\/help.jamk.fi\\\/peppi-ohjeet-henkilokunnalle\\\/fi\\\/opiskelijahallinto\\\/raportit-valikko-korkeakoulupalvelut\\\/#primaryimage\"},\"image\":{\"@id\":\"https:\\\/\\\/help.jamk.fi\\\/peppi-ohjeet-henkilokunnalle\\\/fi\\\/opiskelijahallinto\\\/raportit-valikko-korkeakoulupalvelut\\\/#primaryimage\"},\"thumbnailUrl\":\"https:\\\/\\\/help.jamk.fi\\\/peppi-ohjeet-henkilokunnalle\\\/wp-content\\\/uploads\\\/sites\\\/131\\\/2020\\\/03\\\/Raportit.png\",\"datePublished\":\"2020-02-03T06:07:21+00:00\",\"dateModified\":\"2024-01-05T10:30:56+00:00\",\"breadcrumb\":{\"@id\":\"https:\\\/\\\/help.jamk.fi\\\/peppi-ohjeet-henkilokunnalle\\\/fi\\\/opiskelijahallinto\\\/raportit-valikko-korkeakoulupalvelut\\\/#breadcrumb\"},\"inLanguage\":\"fi\",\"potentialAction\":[{\"@type\":\"ReadAction\",\"target\":[\"https:\\\/\\\/help.jamk.fi\\\/peppi-ohjeet-henkilokunnalle\\\/fi\\\/opiskelijahallinto\\\/raportit-valikko-korkeakoulupalvelut\\\/\"]}]},{\"@type\":\"ImageObject\",\"inLanguage\":\"fi\",\"@id\":\"https:\\\/\\\/help.jamk.fi\\\/peppi-ohjeet-henkilokunnalle\\\/fi\\\/opiskelijahallinto\\\/raportit-valikko-korkeakoulupalvelut\\\/#primaryimage\",\"url\":\"https:\\\/\\\/help.jamk.fi\\\/peppi-ohjeet-henkilokunnalle\\\/wp-content\\\/uploads\\\/sites\\\/131\\\/2020\\\/03\\\/Raportit.png\",\"contentUrl\":\"https:\\\/\\\/help.jamk.fi\\\/peppi-ohjeet-henkilokunnalle\\\/wp-content\\\/uploads\\\/sites\\\/131\\\/2020\\\/03\\\/Raportit.png\",\"width\":640,\"height\":148,\"caption\":\"Kuva raportit -valikosta\"},{\"@type\":\"BreadcrumbList\",\"@id\":\"https:\\\/\\\/help.jamk.fi\\\/peppi-ohjeet-henkilokunnalle\\\/fi\\\/opiskelijahallinto\\\/raportit-valikko-korkeakoulupalvelut\\\/#breadcrumb\",\"itemListElement\":[{\"@type\":\"ListItem\",\"position\":1,\"name\":\"Home\",\"item\":\"https:\\\/\\\/help.jamk.fi\\\/peppi-ohjeet-henkilokunnalle\\\/en\\\/\"},{\"@type\":\"ListItem\",\"position\":2,\"name\":\"Opiskelijahallinto\",\"item\":\"https:\\\/\\\/help.jamk.fi\\\/peppi-ohjeet-henkilokunnalle\\\/fi\\\/opiskelijahallinto\\\/\"},{\"@type\":\"ListItem\",\"position\":3,\"name\":\"Raportit-valikko\"}]},{\"@type\":\"WebSite\",\"@id\":\"https:\\\/\\\/help.jamk.fi\\\/peppi-ohjeet-henkilokunnalle\\\/#website\",\"url\":\"https:\\\/\\\/help.jamk.fi\\\/peppi-ohjeet-henkilokunnalle\\\/\",\"name\":\"Peppi-ohjeet henkil\u00f6kunnalle\",\"description\":\"\",\"potentialAction\":[{\"@type\":\"SearchAction\",\"target\":{\"@type\":\"EntryPoint\",\"urlTemplate\":\"https:\\\/\\\/help.jamk.fi\\\/peppi-ohjeet-henkilokunnalle\\\/?s={search_term_string}\"},\"query-input\":{\"@type\":\"PropertyValueSpecification\",\"valueRequired\":true,\"valueName\":\"search_term_string\"}}],\"inLanguage\":\"fi\"}]}<\/script>\n<!-- \/ Yoast SEO plugin. -->","yoast_head_json":{"title":"Raportit-valikko - Peppi-ohjeet henkil\u00f6kunnalle","robots":{"index":"index","follow":"follow","max-snippet":"max-snippet:-1","max-image-preview":"max-image-preview:large","max-video-preview":"max-video-preview:-1"},"canonical":"https:\/\/help.jamk.fi\/peppi-ohjeet-henkilokunnalle\/fi\/opiskelijahallinto\/raportit-valikko-korkeakoulupalvelut\/","og_locale":"fi_FI","og_type":"article","og_title":"Raportit-valikko - Peppi-ohjeet henkil\u00f6kunnalle","og_description":"Pepiss\u00e4 on lukuisia opiskeluoikeuksiin ja henkil\u00f6ihin liittyvi\u00e4 raportteja. Korkeakoulu voi muokata j\u00e4rjestelm\u00e4ss\u00e4 olevia raportteja ja luoda uusia raportteja p\u00e4\u00e4k\u00e4ytt\u00e4j\u00e4n ty\u00f6p\u00f6yd\u00e4lt\u00e4 l\u00f6ytyv\u00e4n raporttipalvelun avulla. Raportit yl\u00e4palkista Korkeakoulupalveluiden ty\u00f6p\u00f6yd\u00e4n yl\u00e4palkista l\u00f6yd\u00e4t Raportit-valikon. Raportit -valikosta l\u00f6ytyy k\u00e4ytett\u00e4viss\u00e4 olevat raportit. Raportit on sijoiteltu omiin kansioihin. N\u00e4et kansiossa olevat raportit painamalla kansion nime\u00e4. Opiskeluoikeuteen liittyv\u00e4t raportit ja tulosteet Ohjeet opiskeluoikeuteen [&hellip;]","og_url":"https:\/\/help.jamk.fi\/peppi-ohjeet-henkilokunnalle\/fi\/opiskelijahallinto\/raportit-valikko-korkeakoulupalvelut\/","og_site_name":"Peppi-ohjeet henkil\u00f6kunnalle","article_modified_time":"2024-01-05T10:30:56+00:00","og_image":[{"url":"https:\/\/help.jamk.fi\/peppi-ohjeet-henkilokunnalle\/wp-content\/uploads\/sites\/131\/2020\/03\/Raportit.png","type":"","width":"","height":""}],"twitter_card":"summary_large_image","twitter_misc":{"Arvioitu lukuaika":"1 minuutti"},"schema":{"@context":"https:\/\/schema.org","@graph":[{"@type":"WebPage","@id":"https:\/\/help.jamk.fi\/peppi-ohjeet-henkilokunnalle\/fi\/opiskelijahallinto\/raportit-valikko-korkeakoulupalvelut\/","url":"https:\/\/help.jamk.fi\/peppi-ohjeet-henkilokunnalle\/fi\/opiskelijahallinto\/raportit-valikko-korkeakoulupalvelut\/","name":"Raportit-valikko - Peppi-ohjeet henkil\u00f6kunnalle","isPartOf":{"@id":"https:\/\/help.jamk.fi\/peppi-ohjeet-henkilokunnalle\/#website"},"primaryImageOfPage":{"@id":"https:\/\/help.jamk.fi\/peppi-ohjeet-henkilokunnalle\/fi\/opiskelijahallinto\/raportit-valikko-korkeakoulupalvelut\/#primaryimage"},"image":{"@id":"https:\/\/help.jamk.fi\/peppi-ohjeet-henkilokunnalle\/fi\/opiskelijahallinto\/raportit-valikko-korkeakoulupalvelut\/#primaryimage"},"thumbnailUrl":"https:\/\/help.jamk.fi\/peppi-ohjeet-henkilokunnalle\/wp-content\/uploads\/sites\/131\/2020\/03\/Raportit.png","datePublished":"2020-02-03T06:07:21+00:00","dateModified":"2024-01-05T10:30:56+00:00","breadcrumb":{"@id":"https:\/\/help.jamk.fi\/peppi-ohjeet-henkilokunnalle\/fi\/opiskelijahallinto\/raportit-valikko-korkeakoulupalvelut\/#breadcrumb"},"inLanguage":"fi","potentialAction":[{"@type":"ReadAction","target":["https:\/\/help.jamk.fi\/peppi-ohjeet-henkilokunnalle\/fi\/opiskelijahallinto\/raportit-valikko-korkeakoulupalvelut\/"]}]},{"@type":"ImageObject","inLanguage":"fi","@id":"https:\/\/help.jamk.fi\/peppi-ohjeet-henkilokunnalle\/fi\/opiskelijahallinto\/raportit-valikko-korkeakoulupalvelut\/#primaryimage","url":"https:\/\/help.jamk.fi\/peppi-ohjeet-henkilokunnalle\/wp-content\/uploads\/sites\/131\/2020\/03\/Raportit.png","contentUrl":"https:\/\/help.jamk.fi\/peppi-ohjeet-henkilokunnalle\/wp-content\/uploads\/sites\/131\/2020\/03\/Raportit.png","width":640,"height":148,"caption":"Kuva raportit -valikosta"},{"@type":"BreadcrumbList","@id":"https:\/\/help.jamk.fi\/peppi-ohjeet-henkilokunnalle\/fi\/opiskelijahallinto\/raportit-valikko-korkeakoulupalvelut\/#breadcrumb","itemListElement":[{"@type":"ListItem","position":1,"name":"Home","item":"https:\/\/help.jamk.fi\/peppi-ohjeet-henkilokunnalle\/en\/"},{"@type":"ListItem","position":2,"name":"Opiskelijahallinto","item":"https:\/\/help.jamk.fi\/peppi-ohjeet-henkilokunnalle\/fi\/opiskelijahallinto\/"},{"@type":"ListItem","position":3,"name":"Raportit-valikko"}]},{"@type":"WebSite","@id":"https:\/\/help.jamk.fi\/peppi-ohjeet-henkilokunnalle\/#website","url":"https:\/\/help.jamk.fi\/peppi-ohjeet-henkilokunnalle\/","name":"Peppi-ohjeet henkil\u00f6kunnalle","description":"","potentialAction":[{"@type":"SearchAction","target":{"@type":"EntryPoint","urlTemplate":"https:\/\/help.jamk.fi\/peppi-ohjeet-henkilokunnalle\/?s={search_term_string}"},"query-input":{"@type":"PropertyValueSpecification","valueRequired":true,"valueName":"search_term_string"}}],"inLanguage":"fi"}]}},"_links":{"self":[{"href":"https:\/\/help.jamk.fi\/peppi-ohjeet-henkilokunnalle\/wp-json\/wp\/v2\/pages\/4556","targetHints":{"allow":["GET"]}}],"collection":[{"href":"https:\/\/help.jamk.fi\/peppi-ohjeet-henkilokunnalle\/wp-json\/wp\/v2\/pages"}],"about":[{"href":"https:\/\/help.jamk.fi\/peppi-ohjeet-henkilokunnalle\/wp-json\/wp\/v2\/types\/page"}],"author":[{"embeddable":true,"href":"https:\/\/help.jamk.fi\/peppi-ohjeet-henkilokunnalle\/wp-json\/wp\/v2\/users\/77"}],"replies":[{"embeddable":true,"href":"https:\/\/help.jamk.fi\/peppi-ohjeet-henkilokunnalle\/wp-json\/wp\/v2\/comments?post=4556"}],"version-history":[{"count":5,"href":"https:\/\/help.jamk.fi\/peppi-ohjeet-henkilokunnalle\/wp-json\/wp\/v2\/pages\/4556\/revisions"}],"predecessor-version":[{"id":6117,"href":"https:\/\/help.jamk.fi\/peppi-ohjeet-henkilokunnalle\/wp-json\/wp\/v2\/pages\/4556\/revisions\/6117"}],"up":[{"embeddable":true,"href":"https:\/\/help.jamk.fi\/peppi-ohjeet-henkilokunnalle\/wp-json\/wp\/v2\/pages\/4554"}],"wp:attachment":[{"href":"https:\/\/help.jamk.fi\/peppi-ohjeet-henkilokunnalle\/wp-json\/wp\/v2\/media?parent=4556"}],"wp:term":[{"taxonomy":"category","embeddable":true,"href":"https:\/\/help.jamk.fi\/peppi-ohjeet-henkilokunnalle\/wp-json\/wp\/v2\/categories?post=4556"},{"taxonomy":"post_tag","embeddable":true,"href":"https:\/\/help.jamk.fi\/peppi-ohjeet-henkilokunnalle\/wp-json\/wp\/v2\/tags?post=4556"}],"curies":[{"name":"wp","href":"https:\/\/api.w.org\/{rel}","templated":true}]}}