{"id":4557,"date":"2020-02-03T13:45:55","date_gmt":"2020-02-03T11:45:55","guid":{"rendered":"https:\/\/help.jamk.fi\/peppi-ohjeet-henkilokunnalle\/opiskelijahallinto\/opiskelijat-valikko\/opiskeluoikeushaku\/"},"modified":"2024-01-19T17:25:47","modified_gmt":"2024-01-19T15:25:47","slug":"opiskeluoikeushaku","status":"publish","type":"page","link":"https:\/\/help.jamk.fi\/peppi-ohjeet-henkilokunnalle\/fi\/opiskelijahallinto\/opiskelijat-valikko\/opiskeluoikeushaku\/","title":{"rendered":"Opiskeluoikeuksien hakeminen"},"content":{"rendered":"\n<p>Opiskeluoikeushaulla voi hakea yhden tai useamman opiskelijan valitsemillasi hakuehdoilla. Hakuty\u00f6kaluja ovat pikahaku, perushaku ja rakenteinen haku. Hakuja on mahdollista my\u00f6s tallentaa.<\/p>\n\n\n\n<p>Opiskeluoikeushaussa haettavaa nime\u00e4 voi lyhent\u00e4\u00e4 *-merkill\u00e4. Esim. sukunimikent\u00e4ss\u00e4 Aalto* hakee kaikki Aalto-alkuiset sukunimet (Aalto, Aaltonen, Aaltoj\u00e4rvi, Meri-Aalto,&#8230;)<\/p>\n\n\n\n<h2 class=\"wp-block-heading\" id=\"o_pikahaku\">Pikahaku<\/h2>\n\n\n\n<div id=\"pikahaku\" class=\"piilotettu\">\n<p>Korkeakoulupalveluiden etusivulta l\u00f6ytyy pikahaku, jonka avulla voi hakea opiskelijoita. T\u00e4m\u00e4 toiminto on k\u00e4yt\u00f6ss\u00e4 vain korkeakoulupalveluiden ty\u00f6p\u00f6yd\u00e4ll\u00e4.<\/p>\n<p>Haun voit tehd\u00e4 n\u00e4in:<\/p>\n<ol>\n<li>Valitse korkeakoulupalveluiden etusivulla automaattit\u00e4ydentyv\u00e4 kentt\u00e4 <strong>Hae opiskelijoita<\/strong><\/li>\n<li>Aloita kirjoittamaan opiskelijan nime\u00e4 tai opiskelijanumeroa -&gt; valitse haluamasi opiskelija listalta\n<ul>\n<li>Asiosta siirtyneet opiskelijanumerot t\u00e4ytyy kirjoittaa kokonaan oikein esimerkiksi X1003<\/li>\n<li>Jos haluat hakea jo valmistuneen, eronneen tai erotetun opiskelijan, laita nimen tai numeron eteen <strong>+ (plusmerkki)<\/strong>. Hakutulokseksi tulevat aktiiviset ja ei-aktiiviset opiskelijat ja heid\u00e4n opiskeluoikeutensa<\/li>\n<\/ul>\n<\/li>\n<\/ol>\n<figure><img loading=\"lazy\" decoding=\"async\" class=\"alignnone wp-image-443 size-full\" src=\"https:\/\/help.jamk.fi\/peppi-ohjeet-henkilokunnalle\/wp-content\/uploads\/sites\/131\/2020\/02\/Pikahaku.png\" alt=\"Kuva korkeakoulupalveluiden ty\u00f6p\u00f6yd\u00e4lt\u00e4 l\u00f6ytyv\u00e4st\u00e4 pikahaku -kent\u00e4st\u00e4, josta voi hakea opiskelijoita.\" width=\"640\" height=\"190\"><\/figure><p><\/p>\n<ul>\n<li style=\"list-style-type: none;\">&nbsp;<\/li>\n<\/ul>\n<\/div>\n\n\n\n<div id=\"kehys\">\n<h2 id=\"o_haku\" class=\"otsikko\">Perushaku ja haun tallennus<\/h2>\n<div id=\"haku\" class=\"piilotettu\">\n<p>Opiskeluoikeushaku l\u00f6ytyy ty\u00f6p\u00f6yd\u00e4n yl\u00e4navigaatiosta opiskelijat -valikon alta. Haulla voit hakea opiskelijoita tai opiskeluoikeuksia k\u00e4ytt\u00e4m\u00e4ll\u00e4 hakuehtoina esimerkiksi opiskelijoiden perustietoja, opiskelutietoja tai l\u00e4sn\u00e4olo- ja opiskeluajan tietoja. Jos haluat hakea my\u00f6s valmistuneiden, eronneiden tai erotettujen opiskelijoiden tietoja, laita rasti kentt\u00e4\u00e4n <strong>Hae my\u00f6s ei-aktiivisia opiskelijoita<\/strong>.<\/p>\n<p>Perushaku ja haun tallennus:<\/p>\n<ol>\n<li>Valitse yl\u00e4navigaatiosta <strong>Opiskelijat<\/strong> -&gt; <strong>Opiskelijat<\/strong> tai <strong>Opiskelijahallinta<\/strong><\/li>\n<li>Kirjoita haluamasi hakuehto tai -ehdot. Hakuehdot on jaoteltu henkil\u00f6\u00f6n, opiskelutietoihin sek\u00e4 l\u00e4sn\u00e4olo- ja opiskeluaikoihin liittyviin hakuehtoihin<\/li>\n<li>Valitse <strong>Hae<\/strong><\/li>\n<li>Hakutuloslistaus n\u00e4ytet\u00e4\u00e4n hakuehtojen alapuolella<\/li>\n<li>Halutessasi tallentaa tekem\u00e4si haun, valitse <strong>Tallenna haku<\/strong><\/li>\n<li>Tallennettu haku on l\u00f6ydett\u00e4viss\u00e4 vasemmasta navigaatiosta kohdasta <strong>Omat haut<\/strong><\/li>\n<\/ol>\n<figure><img loading=\"lazy\" decoding=\"async\" class=\"alignnone size-full wp-image-447\" src=\"https:\/\/help.jamk.fi\/peppi-ohjeet-henkilokunnalle\/wp-content\/uploads\/sites\/131\/2020\/02\/Opiskeluoikeushaku.png\" alt=\"Kuva opiskeluoikeushausta ja hakuehdoista\" width=\"640\" height=\"328\"><\/figure><p><\/p>\n<\/div>\n<\/div>\n\n\n\n<div id=\"kehys\">\n<h2 id=\"o_rakenteinen\" class=\"otsikko\">Rakenteinen haku ja haun tallennus<\/h2>\n<div id=\"rakenteinen\" class=\"piilotettu\">\n<p>Rakenteisen haun avulla voit yhdist\u00e4\u00e4 haluamiasi hakuja yhdeksi hauksi. Voit siis hakea esimerkiksi kaikki liiketalouden koulutus- tai tutkinto-ohjelmassa opiskelevat monimuoto-opiskelijat, joiden opiskeluoikeus p\u00e4\u00e4ttyy 31.07. Jos hakutuloksiin halutaan mukaan my\u00f6s valmistuneet tai eronneet opiskelijat, laita rasti kentt\u00e4\u00e4n <strong>Hae my\u00f6s ei-aktiivisia opiskelijoita<\/strong>.<\/p>\n<ol>\n<li>Valitse vasemmasta navigaatiosta <strong>Rakenteinen haku<\/strong><\/li>\n<li>Valitse <strong>Lis\u00e4\u00e4 kentt\u00e4<\/strong><\/li>\n<li>Valitse rajaustyyppi ja rajausvalinta sek\u00e4 rajaustyyppiin liittyv\u00e4 mahdollinen lis\u00e4tieto<\/li>\n<li>Tee haluamasi m\u00e4\u00e4r\u00e4 rajauksia\n<ul>\n<li>Poista rivi valitsemalla oikeasta reunasta x-ikoni<\/li>\n<\/ul>\n<\/li>\n<li>Voit halutessasi yhdist\u00e4\u00e4 hakuehtoja. Esimerkiksi voit tehd\u00e4 haun, joka hakee kaikki liiketalouden tutkinto-ohjelmassa opiskelevat opiskelijat, joiden opiskeluoikeusaika p\u00e4\u00e4ttyy 31.12. <strong>TAI<\/strong> 31.07.\n<ul>\n<li>Valitse rivin oikeasta reunasta v-ikoni<\/li>\n<li>Yhdist\u00e4 hakuehdot painamalla <strong>Yhdist\u00e4 valitut (JA)<\/strong> tai <strong>Yhdist\u00e4 valitut (TAI)<\/strong><\/li>\n<\/ul>\n<\/li>\n<li>Valitse <strong>Hae<\/strong><\/li>\n<li>Halutessasi tallentaa tekem\u00e4si haun, valitse <strong>Tallenna haku<\/strong><\/li>\n<li>Tallennettu haku on l\u00f6ydett\u00e4viss\u00e4 vasemmasta navigaatiosta kohdasta <strong>Rakenteiset haut<\/strong><\/li>\n<\/ol>\n<figure><img loading=\"lazy\" decoding=\"async\" class=\"alignnone size-full wp-image-450\" src=\"https:\/\/help.jamk.fi\/peppi-ohjeet-henkilokunnalle\/wp-content\/uploads\/sites\/131\/2020\/02\/Opiskeluoikeushaku_rakenteinen_haku.png\" alt=\"Kuva opiskeluoikeushaun navigaatiosta, jossa on valittuna rakenteinen haku\" width=\"273\" height=\"262\"><\/figure><p><\/p>\n<figure><img loading=\"lazy\" decoding=\"async\" class=\"alignnone size-full wp-image-451\" src=\"https:\/\/help.jamk.fi\/peppi-ohjeet-henkilokunnalle\/wp-content\/uploads\/sites\/131\/2020\/02\/Opiskeluoikeushaku_rakenteinen_haku_hakuehdot.png\" alt=\"Kuva opiskeluoikeushaun rakenteisen haun hakuehdoista jossa haetaan liiketalouden monimuodon opiskelijoita joiden opiskeluaika p\u00e4\u00e4ttyy\" width=\"640\" height=\"218\"><\/figure><p><\/p>\n<figure><img loading=\"lazy\" decoding=\"async\" class=\"alignnone size-full wp-image-452\" src=\"https:\/\/help.jamk.fi\/peppi-ohjeet-henkilokunnalle\/wp-content\/uploads\/sites\/131\/2020\/02\/Opiskeluoikeushaku_rakenteinen_haku_tallennus.png\" alt=\"Kuva tehdyn rakenteisen haun nime\u00e4misest\u00e4, ryhmittelyst\u00e4 ja tallennuksesta\" width=\"640\" height=\"179\"><\/figure><p><\/p>\n<figure><img loading=\"lazy\" decoding=\"async\" class=\"alignnone size-full wp-image-472\" src=\"https:\/\/help.jamk.fi\/peppi-ohjeet-henkilokunnalle\/wp-content\/uploads\/sites\/131\/2020\/02\/Opiskeluoikeushaku_tallennettu_rakenteinen_haku.png\" alt=\"Kuva k\u00e4ytt\u00e4j\u00e4n tallentamasta rakenteisesta hausta\" width=\"418\" height=\"262\"><\/figure><p><\/p>\n<\/div>\n<\/div>\n\n\n\n<div id=\"kehys\">\n<h2 id=\"o_haku_MP\" class=\"otsikko\">Tallennettujen hakujen muokkaus ja poisto<\/h2>\n<div id=\"haku_MP\" class=\"piilotettu\">\n<p>Tallennetut haut voi poistaa valitsemalla jakoavain -kuvakkeen, joka l\u00f6ytyy omat haut tai rakenteiset haut kohdan oikealta puolelta.<br>Samasta valikosta voi vaihtaa sen ryhm\u00e4\u00e4 tai muokata haun nime\u00e4.<\/p>\n<p>Tallennetun haun poisto, ryhm\u00e4n vaihtaminen ja nimen muokkaus:<\/p>\n<ol>\n<li>Valitse vasemmasta navigaatiosta <strong>jakoavain -kuvake<\/strong> omat haut tai rakenteinen haku oikealta puolelta<\/li>\n<li>T\u00e4m\u00e4n j\u00e4lkeen Peppi avaa ikkunan, jossa voi poistaa haun, vaihtaa ryhm\u00e4\u00e4 tai muokata sen nime\u00e4:\n<ul>\n<li>Tallennetun haun voi poistaa valitsemalla ruudun <strong>\u201dPoista\u201d<\/strong> ja painamalla <strong>Tallenna<\/strong> \u2013nappulaa<\/li>\n<li>Tallennetun haun ryhm\u00e4\u00e4 voi vaihtaa toiseen jo olemassa olevaan ryhm\u00e4\u00e4n <strong>valitsemalla ryhm\u00e4n alasvetovalikosta<\/strong><br>Olemassa olevan ryhm\u00e4n tulee olla saman haun alla eli omat haut tai rakenteiset haut. T\u00e4m\u00e4n j\u00e4lkeen paina <strong>Tallenna<\/strong> -nappulaa<\/li>\n<li>Tallennetun haun nime\u00e4 voi muuttaa kirjoittamalla uuden nimen <strong>&#8221;Nimi&#8221;<\/strong> -kentt\u00e4\u00e4n. T\u00e4m\u00e4n j\u00e4lkeen paina <strong>Tallenna<\/strong> \u2013nappulaa<\/li>\n<\/ul>\n<\/li>\n<\/ol>\n<figure><img loading=\"lazy\" decoding=\"async\" class=\"alignnone size-full wp-image-475\" src=\"https:\/\/help.jamk.fi\/peppi-ohjeet-henkilokunnalle\/wp-content\/uploads\/sites\/131\/2020\/02\/Opiskeluoikeushaku_tallennettu_rakenteinen_haku_jakoavain.png\" alt=\"Kuva tallennetun opiskeluoikeushaun jakoavain -kuvakkeesta, jonka kautta voidaan poistaa tai muokata tallennettua hakua\" width=\"417\" height=\"259\"><\/figure><p><\/p>\n<figure><img loading=\"lazy\" decoding=\"async\" class=\"alignnone size-full wp-image-477\" src=\"https:\/\/help.jamk.fi\/peppi-ohjeet-henkilokunnalle\/wp-content\/uploads\/sites\/131\/2020\/02\/Opiskeluoikeushaku_tallennettu_rakenteinen_haku_muokkaus.png\" alt=\"Kuva tallennetun opiskeluoikeushaun muokkaus -valikosta, jossa voi poistaa, muokata tai siirt\u00e4\u00e4 haun\" width=\"640\" height=\"130\"><\/figure><p><\/p>\n<h2 id=\"o_haku_MP\" class=\"otsikko\">Tallennetun haun p\u00e4ivitt\u00e4minen ja kopiointi<\/h2>\n<p>Tallennettuja hakuja voi p\u00e4ivitt\u00e4\u00e4 tai kopioida uuden haun pohjaksi. Hakujen p\u00e4ivitt\u00e4minen ja kopioiminen tapahtuu valitsemalla kyseinen haku ja muokkaamalla hakuehtoja. Hakuehtojen muokkauksen j\u00e4lkeen voit tallentaa haun vanhan haun p\u00e4\u00e4lle tai uutena hakuna jolloin vanhan haku j\u00e4\u00e4 voimaan.<\/p>\n<ol>\n<li>Valitse vasemmasta navigaatiosta haluamasi tallennettu haku. Tallennettu haku avautuu sivulle<\/li>\n<li>T\u00e4m\u00e4n j\u00e4lkeen voit p\u00e4ivitt\u00e4\u00e4 hakuehtoja<\/li>\n<li>Kun hakuehdot on p\u00e4ivitetty, paina <strong>Tallenna haku<\/strong> -nappulaa\n<ul>\n<li>Jos haluat p\u00e4ivitt\u00e4\u00e4 vanhan haun: Tallenna haku samalla nimell\u00e4 ja samaan ryhm\u00e4\u00e4n kuin alkuper\u00e4inen<\/li>\n<li>Jos kopioida vanhan haun uudeksi hauksi (ja j\u00e4tt\u00e4\u00e4 vanhan voimaan): Tallenna haku eri nimell\u00e4 ja\/tai eri ryhm\u00e4\u00e4n<\/li>\n<li>Mik\u00e4li valitset jo olemassa olevan ryhm\u00e4n ja kirjoitat uuden ryhm\u00e4n nimen, tallentuu haku molempiin<\/li>\n<\/ul>\n<\/li>\n<li>Hakusi on nyt p\u00e4ivitetty uusilla hakuehdoilla tai uutena hakuna<\/li>\n<\/ol>\n<h2>Tallennetun perus- tai rakenteisen haun jakaminen<\/h2>\n<p>Voit halutessasi jakaa tekem\u00e4si perus- tai rakenteisen haun toiselle k\u00e4ytt\u00e4j\u00e4lle<\/p>\n<ol>\n<li>Paina Jaa hakuja -painiketta sivun vasemmasta reunasta.<\/li>\n<li>Etsi jaettavat haut k\u00e4ytt\u00e4m\u00e4ll\u00e4 Haut -kentt\u00e4\u00e4. Voit jakaa useita eri hakuja samalla kertaa.<\/li>\n<li>Etsi henkil\u00f6, jolle haluat jakaa haut k\u00e4ytt\u00e4m\u00e4ll\u00e4 Henkil\u00f6t -kentt\u00e4\u00e4.<\/li>\n<li>Paina Jaa -painiketta.<\/li>\n<\/ol>\n<\/div>\n<\/div>\n","protected":false},"excerpt":{"rendered":"<p>Opiskeluoikeushaulla voi hakea yhden tai useamman opiskelijan valitsemillasi hakuehdoilla. Hakuty\u00f6kaluja ovat pikahaku, perushaku ja rakenteinen haku. Hakuja on mahdollista my\u00f6s tallentaa. Opiskeluoikeushaussa haettavaa nime\u00e4 voi lyhent\u00e4\u00e4 *-merkill\u00e4. Esim. sukunimikent\u00e4ss\u00e4 Aalto* hakee kaikki Aalto-alkuiset sukunimet (Aalto, Aaltonen, Aaltoj\u00e4rvi, Meri-Aalto,&#8230;) Pikahaku Korkeakoulupalveluiden etusivulta l\u00f6ytyy pikahaku, jonka avulla voi hakea opiskelijoita. T\u00e4m\u00e4 toiminto on k\u00e4yt\u00f6ss\u00e4 vain korkeakoulupalveluiden ty\u00f6p\u00f6yd\u00e4ll\u00e4. [&hellip;]<\/p>\n","protected":false},"author":77,"featured_media":0,"parent":4555,"menu_order":1,"comment_status":"closed","ping_status":"open","template":"","meta":{"_acf_changed":false,"_relevanssi_hide_post":"","_relevanssi_hide_content":"","_relevanssi_pin_for_all":"","_relevanssi_pin_keywords":"","_relevanssi_unpin_keywords":"","_relevanssi_related_keywords":"","_relevanssi_related_include_ids":"","_relevanssi_related_exclude_ids":"","_relevanssi_related_no_append":"","_relevanssi_related_not_related":"","_relevanssi_related_posts":"","_relevanssi_noindex_reason":"","footnotes":""},"categories":[12],"tags":[],"class_list":["post-4557","page","type-page","status-publish","hentry","category-korkeakoulupalveluiden-tyopoyta"],"acf":[],"yoast_head":"<!-- This site is optimized with the Yoast SEO plugin v27.3 - https:\/\/yoast.com\/product\/yoast-seo-wordpress\/ -->\n<title>Opiskeluoikeuksien hakeminen - Peppi-ohjeet henkil\u00f6kunnalle<\/title>\n<meta name=\"robots\" content=\"index, follow, max-snippet:-1, max-image-preview:large, max-video-preview:-1\" \/>\n<link rel=\"canonical\" href=\"https:\/\/help.jamk.fi\/peppi-ohjeet-henkilokunnalle\/fi\/opiskelijahallinto\/opiskelijat-valikko\/opiskeluoikeushaku\/\" \/>\n<meta property=\"og:locale\" content=\"fi_FI\" \/>\n<meta property=\"og:type\" content=\"article\" \/>\n<meta property=\"og:title\" content=\"Opiskeluoikeuksien hakeminen - Peppi-ohjeet henkil\u00f6kunnalle\" \/>\n<meta property=\"og:description\" content=\"Opiskeluoikeushaulla voi hakea yhden tai useamman opiskelijan valitsemillasi hakuehdoilla. Hakuty\u00f6kaluja ovat pikahaku, perushaku ja rakenteinen haku. Hakuja on mahdollista my\u00f6s tallentaa. Opiskeluoikeushaussa haettavaa nime\u00e4 voi lyhent\u00e4\u00e4 *-merkill\u00e4. Esim. sukunimikent\u00e4ss\u00e4 Aalto* hakee kaikki Aalto-alkuiset sukunimet (Aalto, Aaltonen, Aaltoj\u00e4rvi, Meri-Aalto,&#8230;) Pikahaku Korkeakoulupalveluiden etusivulta l\u00f6ytyy pikahaku, jonka avulla voi hakea opiskelijoita. T\u00e4m\u00e4 toiminto on k\u00e4yt\u00f6ss\u00e4 vain korkeakoulupalveluiden ty\u00f6p\u00f6yd\u00e4ll\u00e4. [&hellip;]\" \/>\n<meta property=\"og:url\" content=\"https:\/\/help.jamk.fi\/peppi-ohjeet-henkilokunnalle\/fi\/opiskelijahallinto\/opiskelijat-valikko\/opiskeluoikeushaku\/\" \/>\n<meta property=\"og:site_name\" content=\"Peppi-ohjeet henkil\u00f6kunnalle\" \/>\n<meta property=\"article:modified_time\" content=\"2024-01-19T15:25:47+00:00\" \/>\n<meta property=\"og:image\" content=\"https:\/\/help.jamk.fi\/peppi-ohjeet-henkilokunnalle\/wp-content\/uploads\/sites\/131\/2020\/02\/Pikahaku.png\" \/>\n<meta name=\"twitter:card\" content=\"summary_large_image\" \/>\n<meta name=\"twitter:label1\" content=\"Arvioitu lukuaika\" \/>\n\t<meta name=\"twitter:data1\" content=\"6 minuuttia\" \/>\n<script type=\"application\/ld+json\" class=\"yoast-schema-graph\">{\"@context\":\"https:\\\/\\\/schema.org\",\"@graph\":[{\"@type\":\"WebPage\",\"@id\":\"https:\\\/\\\/help.jamk.fi\\\/peppi-ohjeet-henkilokunnalle\\\/fi\\\/opiskelijahallinto\\\/opiskelijat-valikko\\\/opiskeluoikeushaku\\\/\",\"url\":\"https:\\\/\\\/help.jamk.fi\\\/peppi-ohjeet-henkilokunnalle\\\/fi\\\/opiskelijahallinto\\\/opiskelijat-valikko\\\/opiskeluoikeushaku\\\/\",\"name\":\"Opiskeluoikeuksien hakeminen - Peppi-ohjeet henkil\u00f6kunnalle\",\"isPartOf\":{\"@id\":\"https:\\\/\\\/help.jamk.fi\\\/peppi-ohjeet-henkilokunnalle\\\/#website\"},\"primaryImageOfPage\":{\"@id\":\"https:\\\/\\\/help.jamk.fi\\\/peppi-ohjeet-henkilokunnalle\\\/fi\\\/opiskelijahallinto\\\/opiskelijat-valikko\\\/opiskeluoikeushaku\\\/#primaryimage\"},\"image\":{\"@id\":\"https:\\\/\\\/help.jamk.fi\\\/peppi-ohjeet-henkilokunnalle\\\/fi\\\/opiskelijahallinto\\\/opiskelijat-valikko\\\/opiskeluoikeushaku\\\/#primaryimage\"},\"thumbnailUrl\":\"https:\\\/\\\/help.jamk.fi\\\/peppi-ohjeet-henkilokunnalle\\\/wp-content\\\/uploads\\\/sites\\\/131\\\/2020\\\/02\\\/Pikahaku.png\",\"datePublished\":\"2020-02-03T11:45:55+00:00\",\"dateModified\":\"2024-01-19T15:25:47+00:00\",\"breadcrumb\":{\"@id\":\"https:\\\/\\\/help.jamk.fi\\\/peppi-ohjeet-henkilokunnalle\\\/fi\\\/opiskelijahallinto\\\/opiskelijat-valikko\\\/opiskeluoikeushaku\\\/#breadcrumb\"},\"inLanguage\":\"fi\",\"potentialAction\":[{\"@type\":\"ReadAction\",\"target\":[\"https:\\\/\\\/help.jamk.fi\\\/peppi-ohjeet-henkilokunnalle\\\/fi\\\/opiskelijahallinto\\\/opiskelijat-valikko\\\/opiskeluoikeushaku\\\/\"]}]},{\"@type\":\"ImageObject\",\"inLanguage\":\"fi\",\"@id\":\"https:\\\/\\\/help.jamk.fi\\\/peppi-ohjeet-henkilokunnalle\\\/fi\\\/opiskelijahallinto\\\/opiskelijat-valikko\\\/opiskeluoikeushaku\\\/#primaryimage\",\"url\":\"https:\\\/\\\/help.jamk.fi\\\/peppi-ohjeet-henkilokunnalle\\\/wp-content\\\/uploads\\\/sites\\\/131\\\/2020\\\/02\\\/Pikahaku.png\",\"contentUrl\":\"https:\\\/\\\/help.jamk.fi\\\/peppi-ohjeet-henkilokunnalle\\\/wp-content\\\/uploads\\\/sites\\\/131\\\/2020\\\/02\\\/Pikahaku.png\",\"width\":640,\"height\":190,\"caption\":\"Kuva korkeakoulupalveluiden ty\u00f6p\u00f6yd\u00e4lt\u00e4 l\u00f6ytyv\u00e4st\u00e4 pikahaku -kent\u00e4st\u00e4.\"},{\"@type\":\"BreadcrumbList\",\"@id\":\"https:\\\/\\\/help.jamk.fi\\\/peppi-ohjeet-henkilokunnalle\\\/fi\\\/opiskelijahallinto\\\/opiskelijat-valikko\\\/opiskeluoikeushaku\\\/#breadcrumb\",\"itemListElement\":[{\"@type\":\"ListItem\",\"position\":1,\"name\":\"Home\",\"item\":\"https:\\\/\\\/help.jamk.fi\\\/peppi-ohjeet-henkilokunnalle\\\/en\\\/\"},{\"@type\":\"ListItem\",\"position\":2,\"name\":\"Opiskelijahallinto\",\"item\":\"https:\\\/\\\/help.jamk.fi\\\/peppi-ohjeet-henkilokunnalle\\\/fi\\\/opiskelijahallinto\\\/\"},{\"@type\":\"ListItem\",\"position\":3,\"name\":\"Opiskelijoiden hallinta\",\"item\":\"https:\\\/\\\/help.jamk.fi\\\/peppi-ohjeet-henkilokunnalle\\\/fi\\\/opiskelijahallinto\\\/opiskelijat-valikko\\\/\"},{\"@type\":\"ListItem\",\"position\":4,\"name\":\"Opiskeluoikeuksien hakeminen\"}]},{\"@type\":\"WebSite\",\"@id\":\"https:\\\/\\\/help.jamk.fi\\\/peppi-ohjeet-henkilokunnalle\\\/#website\",\"url\":\"https:\\\/\\\/help.jamk.fi\\\/peppi-ohjeet-henkilokunnalle\\\/\",\"name\":\"Peppi-ohjeet henkil\u00f6kunnalle\",\"description\":\"\",\"potentialAction\":[{\"@type\":\"SearchAction\",\"target\":{\"@type\":\"EntryPoint\",\"urlTemplate\":\"https:\\\/\\\/help.jamk.fi\\\/peppi-ohjeet-henkilokunnalle\\\/?s={search_term_string}\"},\"query-input\":{\"@type\":\"PropertyValueSpecification\",\"valueRequired\":true,\"valueName\":\"search_term_string\"}}],\"inLanguage\":\"fi\"}]}<\/script>\n<!-- \/ Yoast SEO plugin. -->","yoast_head_json":{"title":"Opiskeluoikeuksien hakeminen - Peppi-ohjeet henkil\u00f6kunnalle","robots":{"index":"index","follow":"follow","max-snippet":"max-snippet:-1","max-image-preview":"max-image-preview:large","max-video-preview":"max-video-preview:-1"},"canonical":"https:\/\/help.jamk.fi\/peppi-ohjeet-henkilokunnalle\/fi\/opiskelijahallinto\/opiskelijat-valikko\/opiskeluoikeushaku\/","og_locale":"fi_FI","og_type":"article","og_title":"Opiskeluoikeuksien hakeminen - Peppi-ohjeet henkil\u00f6kunnalle","og_description":"Opiskeluoikeushaulla voi hakea yhden tai useamman opiskelijan valitsemillasi hakuehdoilla. Hakuty\u00f6kaluja ovat pikahaku, perushaku ja rakenteinen haku. Hakuja on mahdollista my\u00f6s tallentaa. Opiskeluoikeushaussa haettavaa nime\u00e4 voi lyhent\u00e4\u00e4 *-merkill\u00e4. Esim. sukunimikent\u00e4ss\u00e4 Aalto* hakee kaikki Aalto-alkuiset sukunimet (Aalto, Aaltonen, Aaltoj\u00e4rvi, Meri-Aalto,&#8230;) Pikahaku Korkeakoulupalveluiden etusivulta l\u00f6ytyy pikahaku, jonka avulla voi hakea opiskelijoita. T\u00e4m\u00e4 toiminto on k\u00e4yt\u00f6ss\u00e4 vain korkeakoulupalveluiden ty\u00f6p\u00f6yd\u00e4ll\u00e4. [&hellip;]","og_url":"https:\/\/help.jamk.fi\/peppi-ohjeet-henkilokunnalle\/fi\/opiskelijahallinto\/opiskelijat-valikko\/opiskeluoikeushaku\/","og_site_name":"Peppi-ohjeet henkil\u00f6kunnalle","article_modified_time":"2024-01-19T15:25:47+00:00","og_image":[{"url":"https:\/\/help.jamk.fi\/peppi-ohjeet-henkilokunnalle\/wp-content\/uploads\/sites\/131\/2020\/02\/Pikahaku.png","type":"","width":"","height":""}],"twitter_card":"summary_large_image","twitter_misc":{"Arvioitu lukuaika":"6 minuuttia"},"schema":{"@context":"https:\/\/schema.org","@graph":[{"@type":"WebPage","@id":"https:\/\/help.jamk.fi\/peppi-ohjeet-henkilokunnalle\/fi\/opiskelijahallinto\/opiskelijat-valikko\/opiskeluoikeushaku\/","url":"https:\/\/help.jamk.fi\/peppi-ohjeet-henkilokunnalle\/fi\/opiskelijahallinto\/opiskelijat-valikko\/opiskeluoikeushaku\/","name":"Opiskeluoikeuksien hakeminen - Peppi-ohjeet henkil\u00f6kunnalle","isPartOf":{"@id":"https:\/\/help.jamk.fi\/peppi-ohjeet-henkilokunnalle\/#website"},"primaryImageOfPage":{"@id":"https:\/\/help.jamk.fi\/peppi-ohjeet-henkilokunnalle\/fi\/opiskelijahallinto\/opiskelijat-valikko\/opiskeluoikeushaku\/#primaryimage"},"image":{"@id":"https:\/\/help.jamk.fi\/peppi-ohjeet-henkilokunnalle\/fi\/opiskelijahallinto\/opiskelijat-valikko\/opiskeluoikeushaku\/#primaryimage"},"thumbnailUrl":"https:\/\/help.jamk.fi\/peppi-ohjeet-henkilokunnalle\/wp-content\/uploads\/sites\/131\/2020\/02\/Pikahaku.png","datePublished":"2020-02-03T11:45:55+00:00","dateModified":"2024-01-19T15:25:47+00:00","breadcrumb":{"@id":"https:\/\/help.jamk.fi\/peppi-ohjeet-henkilokunnalle\/fi\/opiskelijahallinto\/opiskelijat-valikko\/opiskeluoikeushaku\/#breadcrumb"},"inLanguage":"fi","potentialAction":[{"@type":"ReadAction","target":["https:\/\/help.jamk.fi\/peppi-ohjeet-henkilokunnalle\/fi\/opiskelijahallinto\/opiskelijat-valikko\/opiskeluoikeushaku\/"]}]},{"@type":"ImageObject","inLanguage":"fi","@id":"https:\/\/help.jamk.fi\/peppi-ohjeet-henkilokunnalle\/fi\/opiskelijahallinto\/opiskelijat-valikko\/opiskeluoikeushaku\/#primaryimage","url":"https:\/\/help.jamk.fi\/peppi-ohjeet-henkilokunnalle\/wp-content\/uploads\/sites\/131\/2020\/02\/Pikahaku.png","contentUrl":"https:\/\/help.jamk.fi\/peppi-ohjeet-henkilokunnalle\/wp-content\/uploads\/sites\/131\/2020\/02\/Pikahaku.png","width":640,"height":190,"caption":"Kuva korkeakoulupalveluiden ty\u00f6p\u00f6yd\u00e4lt\u00e4 l\u00f6ytyv\u00e4st\u00e4 pikahaku -kent\u00e4st\u00e4."},{"@type":"BreadcrumbList","@id":"https:\/\/help.jamk.fi\/peppi-ohjeet-henkilokunnalle\/fi\/opiskelijahallinto\/opiskelijat-valikko\/opiskeluoikeushaku\/#breadcrumb","itemListElement":[{"@type":"ListItem","position":1,"name":"Home","item":"https:\/\/help.jamk.fi\/peppi-ohjeet-henkilokunnalle\/en\/"},{"@type":"ListItem","position":2,"name":"Opiskelijahallinto","item":"https:\/\/help.jamk.fi\/peppi-ohjeet-henkilokunnalle\/fi\/opiskelijahallinto\/"},{"@type":"ListItem","position":3,"name":"Opiskelijoiden hallinta","item":"https:\/\/help.jamk.fi\/peppi-ohjeet-henkilokunnalle\/fi\/opiskelijahallinto\/opiskelijat-valikko\/"},{"@type":"ListItem","position":4,"name":"Opiskeluoikeuksien hakeminen"}]},{"@type":"WebSite","@id":"https:\/\/help.jamk.fi\/peppi-ohjeet-henkilokunnalle\/#website","url":"https:\/\/help.jamk.fi\/peppi-ohjeet-henkilokunnalle\/","name":"Peppi-ohjeet henkil\u00f6kunnalle","description":"","potentialAction":[{"@type":"SearchAction","target":{"@type":"EntryPoint","urlTemplate":"https:\/\/help.jamk.fi\/peppi-ohjeet-henkilokunnalle\/?s={search_term_string}"},"query-input":{"@type":"PropertyValueSpecification","valueRequired":true,"valueName":"search_term_string"}}],"inLanguage":"fi"}]}},"_links":{"self":[{"href":"https:\/\/help.jamk.fi\/peppi-ohjeet-henkilokunnalle\/wp-json\/wp\/v2\/pages\/4557","targetHints":{"allow":["GET"]}}],"collection":[{"href":"https:\/\/help.jamk.fi\/peppi-ohjeet-henkilokunnalle\/wp-json\/wp\/v2\/pages"}],"about":[{"href":"https:\/\/help.jamk.fi\/peppi-ohjeet-henkilokunnalle\/wp-json\/wp\/v2\/types\/page"}],"author":[{"embeddable":true,"href":"https:\/\/help.jamk.fi\/peppi-ohjeet-henkilokunnalle\/wp-json\/wp\/v2\/users\/77"}],"replies":[{"embeddable":true,"href":"https:\/\/help.jamk.fi\/peppi-ohjeet-henkilokunnalle\/wp-json\/wp\/v2\/comments?post=4557"}],"version-history":[{"count":4,"href":"https:\/\/help.jamk.fi\/peppi-ohjeet-henkilokunnalle\/wp-json\/wp\/v2\/pages\/4557\/revisions"}],"predecessor-version":[{"id":6346,"href":"https:\/\/help.jamk.fi\/peppi-ohjeet-henkilokunnalle\/wp-json\/wp\/v2\/pages\/4557\/revisions\/6346"}],"up":[{"embeddable":true,"href":"https:\/\/help.jamk.fi\/peppi-ohjeet-henkilokunnalle\/wp-json\/wp\/v2\/pages\/4555"}],"wp:attachment":[{"href":"https:\/\/help.jamk.fi\/peppi-ohjeet-henkilokunnalle\/wp-json\/wp\/v2\/media?parent=4557"}],"wp:term":[{"taxonomy":"category","embeddable":true,"href":"https:\/\/help.jamk.fi\/peppi-ohjeet-henkilokunnalle\/wp-json\/wp\/v2\/categories?post=4557"},{"taxonomy":"post_tag","embeddable":true,"href":"https:\/\/help.jamk.fi\/peppi-ohjeet-henkilokunnalle\/wp-json\/wp\/v2\/tags?post=4557"}],"curies":[{"name":"wp","href":"https:\/\/api.w.org\/{rel}","templated":true}]}}