{"id":4558,"date":"2020-02-04T12:05:07","date_gmt":"2020-02-04T10:05:07","guid":{"rendered":"https:\/\/help.jamk.fi\/peppi-ohjeet-henkilokunnalle\/opiskelijahallinto\/opiskelijat-valikko\/henkilotietojen-tarkastelu-ja-muokkaus\/"},"modified":"2024-01-11T14:45:01","modified_gmt":"2024-01-11T12:45:01","slug":"henkilotietojen-tarkastelu-ja-muokkaus","status":"publish","type":"page","link":"https:\/\/help.jamk.fi\/peppi-ohjeet-henkilokunnalle\/fi\/opiskelijahallinto\/opiskelijat-valikko\/henkilotietojen-tarkastelu-ja-muokkaus\/","title":{"rendered":"Henkil\u00f6tietojen muokkaus ja tarkastelu"},"content":{"rendered":"\n<p>Henkil\u00f6tietojen tarkastelu ja muokkaus tehd\u00e4\u00e4n hakemalla ensin opiskelija ja t\u00e4m\u00e4n j\u00e4lkeen siirtym\u00e4ll\u00e4 h\u00e4nen tietoihin. Voit muokata opiskelijan henkil\u00f6tietoja, yhteystietoja, tietojen luovutuslupia, tietoja l\u00e4hiomaisista sek\u00e4 lis\u00e4t\u00e4 opiskelijalle muita lis\u00e4tietoja. T\u00e4t\u00e4 kautta voi my\u00f6s lis\u00e4t\u00e4 opiskelijalle opiskeluoikeuden joko manuaalisesti tai k\u00e4ytt\u00e4m\u00e4ll\u00e4 opiskeluoikeuden mallipohjaa. Opiskeluoikeuden mallipohjia yll\u00e4pidet\u00e4\u00e4n Peppi-p\u00e4\u00e4k\u00e4ytt\u00e4jien toimesta.<\/p>\n\n\n\n<h2 class=\"wp-block-heading\">Yksitt\u00e4isen opiskelijan tietojen tarkastelu ja muokkaus<\/h2>\n\n\n\n<p>Hae ensin opiskelija hakutoimintoa k\u00e4ytt\u00e4en:<\/p>\n\n\n\n<ol class=\"wp-block-list\">\n<li>Tee opiskelijahaku haluamallasi tavalla (ks. <a href=\"https:\/\/help.jamk.fi\/peppi-ohjeet-henkilokunnalle\/fi\/opettajan-ohjeet\/opiskelijahaku\/opiskeluoikeushaku\/\">Opiskeluoikeushaku<\/a>)<\/li>\n\n\n\n<li>Valitse hakutuloksista haluamasi opiskelija\n<ul class=\"wp-block-list\">\n<li>Klikkaamalla <strong>opiskelijan nimen<\/strong> kohdalta palvelu ohjautuu automaattisesti <strong>henkil\u00f6tieton\u00e4kym\u00e4\u00e4n<\/strong><\/li>\n\n\n\n<li>Klikkaamalla <strong>opiskelijanumeron<\/strong> kohdalta palvelu ohjautuu automaattisesti kyseisen <strong>opiskeluoikeuden n\u00e4kym\u00e4\u00e4n<\/strong><\/li>\n<\/ul>\n<\/li>\n<\/ol>\n\n\n\n<p>Kun olet hakenut haluamasi opiskelijan ja siirtynyt opiskelijan tietoihin, p\u00e4\u00e4set vasemmanpuoleisesta navigaatiosta muokkaamaan opiskelijan tietoja.<\/p>\n\n\n\n<figure class=\"wp-block-image size-full is-resized\"><a href=\"https:\/\/help.jamk.fi\/peppi-ohjeet-henkilokunnalle\/wp-content\/uploads\/sites\/131\/2020\/02\/Henkilotiedot_yksittainen_opiskelija.png\"><img loading=\"lazy\" decoding=\"async\" width=\"426\" height=\"640\" src=\"https:\/\/help.jamk.fi\/peppi-ohjeet-henkilokunnalle\/wp-content\/uploads\/sites\/131\/2020\/02\/Henkilotiedot_yksittainen_opiskelija.png\" alt=\"Kuva yksitt\u00e4isen opiskelijan henkil\u00f6tieto -valikko\" class=\"wp-image-495\" style=\"height:640px\"\/><\/a><\/figure>\n\n\n\n<h2 class=\"wp-block-heading\">Henkil\u00f6tiedot<\/h2>\n\n\n\n<p>Valitse vasemmasta navigaatiosta Henkil\u00f6tiedot<\/p>\n\n\n\n<p>Muokkaa henkil\u00f6tietoja<\/p>\n\n\n\n<ul class=\"wp-block-list\">\n<li>Valitse <strong>Muokkaa henkil\u00f6tietoja<\/strong> (jos et pysty muokkaamaan jotain tietoa, tiedon muokkaus on estetty k\u00e4ytt\u00e4j\u00e4profiililtasi)<\/li>\n\n\n\n<li>Muuta haluamasi tiedot<\/li>\n\n\n\n<li>Valitse <strong>Tallenna<\/strong><\/li>\n<\/ul>\n\n\n\n<p>Lis\u00e4\u00e4 opiskeluoikeus<\/p>\n\n\n\n<ul class=\"wp-block-list\">\n<li>Valitse <strong>Lis\u00e4\u00e4 opiskeluoikeus<\/strong><\/li>\n\n\n\n<li>Anna opiskeluoikeudelle pyydetyt tiedot<\/li>\n\n\n\n<li>Valitse <strong>Tallenna<\/strong><\/li>\n\n\n\n<li>Uusi opiskeluoikeus saadaan n\u00e4kyviin klikkaamalla opiskelijan nimen alapuolella olevaa nuolisymbolia:<\/li>\n<\/ul>\n\n\n\n<figure class=\"wp-block-image\"><img loading=\"lazy\" decoding=\"async\" width=\"421\" height=\"122\" src=\"https:\/\/help.jamk.fi\/peppi-ohjeet-henkilokunnalle\/wp-content\/uploads\/sites\/131\/2020\/02\/Opiskeluoikeuden_valinta_nuoli.png\" alt=\"Kuva opiskelijan opiskeluoikeuden valinnasta k\u00e4ytt\u00e4en nuolesta tulevaa pudotusvalikkoa\" class=\"wp-image-496\"\/><\/figure>\n\n\n\n<p>Lis\u00e4\u00e4 mallipohjasta<\/p>\n\n\n\n<ul class=\"wp-block-list\">\n<li>Valitse <strong>Lis\u00e4\u00e4 mallipohjasta<\/strong><\/li>\n\n\n\n<li>T\u00e4ydenn\u00e4 opiskelijan opinto-oikeuden tietoja olemassa olevista mallipohjista.<\/li>\n<\/ul>\n\n\n\n<p>Opiskeluoikeuden mallipohjia yll\u00e4pidet\u00e4\u00e4n Peppi p\u00e4\u00e4k\u00e4ytt\u00e4jien toimesta.<\/p>\n\n\n\n<h2 class=\"wp-block-heading\">Yhteystiedot<\/h2>\n\n\n\n<p>Valitse vasemmasta navigaatiosta <strong>Yhteystiedot<\/strong><\/p>\n\n\n\n<p>Muokkaa yhteystietoja<\/p>\n\n\n\n<ul class=\"wp-block-list\">\n<li>Valitse <strong>Muokkaa yhteystietoja<\/strong><\/li>\n\n\n\n<li>Muuta haluamasi tiedot (jos et pysty muokkaamaan jotain tietoa, tiedon muokkaus on estetty k\u00e4ytt\u00e4j\u00e4profiililtasi)<\/li>\n\n\n\n<li>Valitse <strong>Tallenna<\/strong><\/li>\n<\/ul>\n\n\n\n<h2 class=\"wp-block-heading\">Tietojen luovutusluvat<\/h2>\n\n\n\n<p>Valitse vasemmasta navigaatiosta <strong>Tietojen luovutusluvat. <\/strong>N\u00e4kym\u00e4ss\u00e4 on tarkasteltavissa, onko opiskelijalla turvakielto sek\u00e4 se, saako opiskelijan valmistumistiedon julkaista<\/p>\n\n\n\n<p>Muokkaa tietojen luovutuslupia<\/p>\n\n\n\n<ul class=\"wp-block-list\">\n<li>Valitse <strong>Muokkaa tietojen luovutuslupia<\/strong><\/li>\n\n\n\n<li>Valitse haluamaasi luovutuslupakohtaan arvo<\/li>\n\n\n\n<li>Valitse <strong>Tallenna<\/strong><\/li>\n<\/ul>\n\n\n\n<figure class=\"wp-block-image\"><img loading=\"lazy\" decoding=\"async\" width=\"640\" height=\"448\" src=\"https:\/\/help.jamk.fi\/peppi-ohjeet-henkilokunnalle\/wp-content\/uploads\/sites\/131\/2020\/02\/Henkilotiedot_luovutuslupa_muokkaus.png\" alt=\"Kuva henkil\u00f6n antamien luovutuslupien valinnasta\" class=\"wp-image-502\"\/><\/figure>\n\n\n\n<p>Jos et pysty muokkaamaan jotain tietoa, tiedon muokkaus on estetty k\u00e4ytt\u00e4j\u00e4profiililtasi.<\/p>\n\n\n\n<h2 class=\"wp-block-heading\">Opiskelijan lis\u00e4tiedot<\/h2>\n\n\n\n<p>Valitse vasemmasta navigaatiosta <strong>Opiskelijan lis\u00e4tiedot<\/strong><\/p>\n\n\n\n<p>Lis\u00e4\u00e4 lis\u00e4tieto opiskelijalle<\/p>\n\n\n\n<ul class=\"wp-block-list\">\n<li>Valitse <strong>Lis\u00e4\u00e4 lis\u00e4tieto<\/strong><\/li>\n\n\n\n<li>Kirjoita haluamasi lis\u00e4tieto<\/li>\n\n\n\n<li>Valitse <strong>Tallenna<\/strong><\/li>\n<\/ul>\n\n\n\n<p>Muokkaa aiempaa lis\u00e4tietoa<\/p>\n\n\n\n<ul class=\"wp-block-list\">\n<li>Valitse lis\u00e4tietorivin p\u00e4\u00e4st\u00e4 <strong>Toiminnot<\/strong><\/li>\n\n\n\n<li>Valitse <strong>Muokkaa lis\u00e4tietoja<\/strong><\/li>\n\n\n\n<li>Muokkaa lis\u00e4tietoa<\/li>\n\n\n\n<li>Valitse <strong>Tallenna<\/strong><\/li>\n<\/ul>\n\n\n\n<p>Poista lis\u00e4tieto<\/p>\n\n\n\n<ul class=\"wp-block-list\">\n<li>Valitse lis\u00e4tietorivin p\u00e4\u00e4st\u00e4 <strong>Toiminnot<\/strong><\/li>\n\n\n\n<li>Valitse <strong>Poista<\/strong><\/li>\n\n\n\n<li>Valitse <strong>OK<\/strong><\/li>\n<\/ul>\n\n\n\n<figure class=\"wp-block-image\"><img loading=\"lazy\" decoding=\"async\" width=\"223\" height=\"135\" src=\"https:\/\/help.jamk.fi\/peppi-ohjeet-henkilokunnalle\/wp-content\/uploads\/sites\/131\/2020\/02\/Henkilotiedot_lisatiedot_muokkaus.png\" alt=\"Kuva opiskelijan lis\u00e4tietojen toiminnot -valikosta, jonka kautta voidaan muokata tai poistaa lis\u00e4tietoja\" class=\"wp-image-504\"\/><\/figure>\n\n\n\n<h2 class=\"wp-block-heading\">L\u00e4hiomaiset<\/h2>\n\n\n\n<p>Valitse vasemmasta navigaatiosta L\u00e4hiomaiset<\/p>\n\n\n\n<p>Lis\u00e4\u00e4 tieto l\u00e4hiomaisesta<\/p>\n\n\n\n<ul class=\"wp-block-list\">\n<li>Valitse <strong>Lis\u00e4\u00e4 l\u00e4hiomainen<\/strong><\/li>\n\n\n\n<li>T\u00e4yt\u00e4 l\u00e4hiomaisen tiedot<\/li>\n\n\n\n<li>Valitse <strong>Tallenna<\/strong><\/li>\n<\/ul>\n\n\n\n<p>P\u00e4\u00e4set muokkaamaan jo lis\u00e4tyn l\u00e4hiomaisen tietoja<\/p>\n\n\n\n<ul class=\"wp-block-list\">\n<li>Valitse sivun oikeasta reunasta l\u00f6ytyv\u00e4\u00e4 <strong>Muokkaa<\/strong> -painiketta<\/li>\n\n\n\n<li>Muokkaa l\u00e4hiomaisen tietoja<\/li>\n\n\n\n<li>Valitse <strong>Tallenna<\/strong><\/li>\n<\/ul>\n\n\n\n<p>P\u00e4\u00e4set poistamaan jo lis\u00e4tyn l\u00e4hiomaisen tiedot<\/p>\n\n\n\n<ul class=\"wp-block-list\">\n<li>Valitse sivun oikeasta reunasta l\u00f6ytyv\u00e4\u00e4 <strong>Poista<\/strong> -painiketta<\/li>\n\n\n\n<li>Valitse <strong>OK<\/strong><\/li>\n<\/ul>\n\n\n\n<h2 class=\"wp-block-heading\">Opiskeluoikeudet<\/h2>\n\n\n\n<p>Valitse vasemmasta navigaatiosta Opiskeluoikeudet. N\u00e4kym\u00e4\u00e4n listautuu kaikki opiskelijan opiskeluoikeudet. Opiskeluoikeuden tila (Voimassaoleva opiskeluoikeus \/ P\u00e4\u00e4ttynyt opiskeluoikeus) n\u00e4kyy otsikko rivill\u00e4, jota painamalla voit avata tai sulkea n\u00e4ytett\u00e4v\u00e4t opiskeluoikeuden tiedot. Opiskeluoikeuden tietoihin voit siirty\u00e4 painamalla opiskelijanumeroa tai koulutusohjelman nime\u00e4.<\/p>\n","protected":false},"excerpt":{"rendered":"<p>Henkil\u00f6tietojen tarkastelu ja muokkaus tehd\u00e4\u00e4n hakemalla ensin opiskelija ja t\u00e4m\u00e4n j\u00e4lkeen siirtym\u00e4ll\u00e4 h\u00e4nen tietoihin. Voit muokata opiskelijan henkil\u00f6tietoja, yhteystietoja, tietojen luovutuslupia, tietoja l\u00e4hiomaisista sek\u00e4 lis\u00e4t\u00e4 opiskelijalle muita lis\u00e4tietoja. T\u00e4t\u00e4 kautta voi my\u00f6s lis\u00e4t\u00e4 opiskelijalle opiskeluoikeuden joko manuaalisesti tai k\u00e4ytt\u00e4m\u00e4ll\u00e4 opiskeluoikeuden mallipohjaa. Opiskeluoikeuden mallipohjia yll\u00e4pidet\u00e4\u00e4n Peppi-p\u00e4\u00e4k\u00e4ytt\u00e4jien toimesta. Yksitt\u00e4isen opiskelijan tietojen tarkastelu ja muokkaus Hae ensin opiskelija [&hellip;]<\/p>\n","protected":false},"author":77,"featured_media":0,"parent":4555,"menu_order":2,"comment_status":"closed","ping_status":"open","template":"","meta":{"_acf_changed":false,"_relevanssi_hide_post":"","_relevanssi_hide_content":"","_relevanssi_pin_for_all":"","_relevanssi_pin_keywords":"","_relevanssi_unpin_keywords":"","_relevanssi_related_keywords":"","_relevanssi_related_include_ids":"","_relevanssi_related_exclude_ids":"","_relevanssi_related_no_append":"","_relevanssi_related_not_related":"","_relevanssi_related_posts":"","_relevanssi_noindex_reason":"","footnotes":""},"categories":[12],"tags":[],"class_list":["post-4558","page","type-page","status-publish","hentry","category-korkeakoulupalveluiden-tyopoyta"],"acf":[],"yoast_head":"<!-- This site is optimized with the Yoast SEO plugin v27.3 - https:\/\/yoast.com\/product\/yoast-seo-wordpress\/ -->\n<title>Henkil\u00f6tietojen muokkaus ja tarkastelu - Peppi-ohjeet henkil\u00f6kunnalle<\/title>\n<meta name=\"robots\" content=\"index, follow, max-snippet:-1, max-image-preview:large, max-video-preview:-1\" \/>\n<link rel=\"canonical\" href=\"https:\/\/help.jamk.fi\/peppi-ohjeet-henkilokunnalle\/fi\/opiskelijahallinto\/opiskelijat-valikko\/henkilotietojen-tarkastelu-ja-muokkaus\/\" \/>\n<meta property=\"og:locale\" content=\"fi_FI\" \/>\n<meta property=\"og:type\" content=\"article\" \/>\n<meta property=\"og:title\" content=\"Henkil\u00f6tietojen muokkaus ja tarkastelu - Peppi-ohjeet henkil\u00f6kunnalle\" \/>\n<meta property=\"og:description\" content=\"Henkil\u00f6tietojen tarkastelu ja muokkaus tehd\u00e4\u00e4n hakemalla ensin opiskelija ja t\u00e4m\u00e4n j\u00e4lkeen siirtym\u00e4ll\u00e4 h\u00e4nen tietoihin. Voit muokata opiskelijan henkil\u00f6tietoja, yhteystietoja, tietojen luovutuslupia, tietoja l\u00e4hiomaisista sek\u00e4 lis\u00e4t\u00e4 opiskelijalle muita lis\u00e4tietoja. T\u00e4t\u00e4 kautta voi my\u00f6s lis\u00e4t\u00e4 opiskelijalle opiskeluoikeuden joko manuaalisesti tai k\u00e4ytt\u00e4m\u00e4ll\u00e4 opiskeluoikeuden mallipohjaa. Opiskeluoikeuden mallipohjia yll\u00e4pidet\u00e4\u00e4n Peppi-p\u00e4\u00e4k\u00e4ytt\u00e4jien toimesta. Yksitt\u00e4isen opiskelijan tietojen tarkastelu ja muokkaus Hae ensin opiskelija [&hellip;]\" \/>\n<meta property=\"og:url\" content=\"https:\/\/help.jamk.fi\/peppi-ohjeet-henkilokunnalle\/fi\/opiskelijahallinto\/opiskelijat-valikko\/henkilotietojen-tarkastelu-ja-muokkaus\/\" \/>\n<meta property=\"og:site_name\" content=\"Peppi-ohjeet henkil\u00f6kunnalle\" \/>\n<meta property=\"article:modified_time\" content=\"2024-01-11T12:45:01+00:00\" \/>\n<meta property=\"og:image\" content=\"https:\/\/help.jamk.fi\/peppi-ohjeet-henkilokunnalle\/wp-content\/uploads\/sites\/131\/2020\/02\/Henkilotiedot_yksittainen_opiskelija.png\" \/>\n<meta name=\"twitter:card\" content=\"summary_large_image\" \/>\n<meta name=\"twitter:label1\" content=\"Arvioitu lukuaika\" \/>\n\t<meta name=\"twitter:data1\" content=\"4 minuuttia\" \/>\n<script type=\"application\/ld+json\" class=\"yoast-schema-graph\">{\"@context\":\"https:\\\/\\\/schema.org\",\"@graph\":[{\"@type\":\"WebPage\",\"@id\":\"https:\\\/\\\/help.jamk.fi\\\/peppi-ohjeet-henkilokunnalle\\\/fi\\\/opiskelijahallinto\\\/opiskelijat-valikko\\\/henkilotietojen-tarkastelu-ja-muokkaus\\\/\",\"url\":\"https:\\\/\\\/help.jamk.fi\\\/peppi-ohjeet-henkilokunnalle\\\/fi\\\/opiskelijahallinto\\\/opiskelijat-valikko\\\/henkilotietojen-tarkastelu-ja-muokkaus\\\/\",\"name\":\"Henkil\u00f6tietojen muokkaus ja tarkastelu - Peppi-ohjeet henkil\u00f6kunnalle\",\"isPartOf\":{\"@id\":\"https:\\\/\\\/help.jamk.fi\\\/peppi-ohjeet-henkilokunnalle\\\/#website\"},\"primaryImageOfPage\":{\"@id\":\"https:\\\/\\\/help.jamk.fi\\\/peppi-ohjeet-henkilokunnalle\\\/fi\\\/opiskelijahallinto\\\/opiskelijat-valikko\\\/henkilotietojen-tarkastelu-ja-muokkaus\\\/#primaryimage\"},\"image\":{\"@id\":\"https:\\\/\\\/help.jamk.fi\\\/peppi-ohjeet-henkilokunnalle\\\/fi\\\/opiskelijahallinto\\\/opiskelijat-valikko\\\/henkilotietojen-tarkastelu-ja-muokkaus\\\/#primaryimage\"},\"thumbnailUrl\":\"https:\\\/\\\/help.jamk.fi\\\/peppi-ohjeet-henkilokunnalle\\\/wp-content\\\/uploads\\\/sites\\\/131\\\/2020\\\/02\\\/Henkilotiedot_yksittainen_opiskelija.png\",\"datePublished\":\"2020-02-04T10:05:07+00:00\",\"dateModified\":\"2024-01-11T12:45:01+00:00\",\"breadcrumb\":{\"@id\":\"https:\\\/\\\/help.jamk.fi\\\/peppi-ohjeet-henkilokunnalle\\\/fi\\\/opiskelijahallinto\\\/opiskelijat-valikko\\\/henkilotietojen-tarkastelu-ja-muokkaus\\\/#breadcrumb\"},\"inLanguage\":\"fi\",\"potentialAction\":[{\"@type\":\"ReadAction\",\"target\":[\"https:\\\/\\\/help.jamk.fi\\\/peppi-ohjeet-henkilokunnalle\\\/fi\\\/opiskelijahallinto\\\/opiskelijat-valikko\\\/henkilotietojen-tarkastelu-ja-muokkaus\\\/\"]}]},{\"@type\":\"ImageObject\",\"inLanguage\":\"fi\",\"@id\":\"https:\\\/\\\/help.jamk.fi\\\/peppi-ohjeet-henkilokunnalle\\\/fi\\\/opiskelijahallinto\\\/opiskelijat-valikko\\\/henkilotietojen-tarkastelu-ja-muokkaus\\\/#primaryimage\",\"url\":\"https:\\\/\\\/help.jamk.fi\\\/peppi-ohjeet-henkilokunnalle\\\/wp-content\\\/uploads\\\/sites\\\/131\\\/2020\\\/02\\\/Henkilotiedot_yksittainen_opiskelija.png\",\"contentUrl\":\"https:\\\/\\\/help.jamk.fi\\\/peppi-ohjeet-henkilokunnalle\\\/wp-content\\\/uploads\\\/sites\\\/131\\\/2020\\\/02\\\/Henkilotiedot_yksittainen_opiskelija.png\"},{\"@type\":\"BreadcrumbList\",\"@id\":\"https:\\\/\\\/help.jamk.fi\\\/peppi-ohjeet-henkilokunnalle\\\/fi\\\/opiskelijahallinto\\\/opiskelijat-valikko\\\/henkilotietojen-tarkastelu-ja-muokkaus\\\/#breadcrumb\",\"itemListElement\":[{\"@type\":\"ListItem\",\"position\":1,\"name\":\"Home\",\"item\":\"https:\\\/\\\/help.jamk.fi\\\/peppi-ohjeet-henkilokunnalle\\\/en\\\/\"},{\"@type\":\"ListItem\",\"position\":2,\"name\":\"Opiskelijahallinto\",\"item\":\"https:\\\/\\\/help.jamk.fi\\\/peppi-ohjeet-henkilokunnalle\\\/fi\\\/opiskelijahallinto\\\/\"},{\"@type\":\"ListItem\",\"position\":3,\"name\":\"Opiskelijoiden hallinta\",\"item\":\"https:\\\/\\\/help.jamk.fi\\\/peppi-ohjeet-henkilokunnalle\\\/fi\\\/opiskelijahallinto\\\/opiskelijat-valikko\\\/\"},{\"@type\":\"ListItem\",\"position\":4,\"name\":\"Henkil\u00f6tietojen muokkaus ja tarkastelu\"}]},{\"@type\":\"WebSite\",\"@id\":\"https:\\\/\\\/help.jamk.fi\\\/peppi-ohjeet-henkilokunnalle\\\/#website\",\"url\":\"https:\\\/\\\/help.jamk.fi\\\/peppi-ohjeet-henkilokunnalle\\\/\",\"name\":\"Peppi-ohjeet henkil\u00f6kunnalle\",\"description\":\"\",\"potentialAction\":[{\"@type\":\"SearchAction\",\"target\":{\"@type\":\"EntryPoint\",\"urlTemplate\":\"https:\\\/\\\/help.jamk.fi\\\/peppi-ohjeet-henkilokunnalle\\\/?s={search_term_string}\"},\"query-input\":{\"@type\":\"PropertyValueSpecification\",\"valueRequired\":true,\"valueName\":\"search_term_string\"}}],\"inLanguage\":\"fi\"}]}<\/script>\n<!-- \/ Yoast SEO plugin. -->","yoast_head_json":{"title":"Henkil\u00f6tietojen muokkaus ja tarkastelu - Peppi-ohjeet henkil\u00f6kunnalle","robots":{"index":"index","follow":"follow","max-snippet":"max-snippet:-1","max-image-preview":"max-image-preview:large","max-video-preview":"max-video-preview:-1"},"canonical":"https:\/\/help.jamk.fi\/peppi-ohjeet-henkilokunnalle\/fi\/opiskelijahallinto\/opiskelijat-valikko\/henkilotietojen-tarkastelu-ja-muokkaus\/","og_locale":"fi_FI","og_type":"article","og_title":"Henkil\u00f6tietojen muokkaus ja tarkastelu - Peppi-ohjeet henkil\u00f6kunnalle","og_description":"Henkil\u00f6tietojen tarkastelu ja muokkaus tehd\u00e4\u00e4n hakemalla ensin opiskelija ja t\u00e4m\u00e4n j\u00e4lkeen siirtym\u00e4ll\u00e4 h\u00e4nen tietoihin. Voit muokata opiskelijan henkil\u00f6tietoja, yhteystietoja, tietojen luovutuslupia, tietoja l\u00e4hiomaisista sek\u00e4 lis\u00e4t\u00e4 opiskelijalle muita lis\u00e4tietoja. T\u00e4t\u00e4 kautta voi my\u00f6s lis\u00e4t\u00e4 opiskelijalle opiskeluoikeuden joko manuaalisesti tai k\u00e4ytt\u00e4m\u00e4ll\u00e4 opiskeluoikeuden mallipohjaa. Opiskeluoikeuden mallipohjia yll\u00e4pidet\u00e4\u00e4n Peppi-p\u00e4\u00e4k\u00e4ytt\u00e4jien toimesta. Yksitt\u00e4isen opiskelijan tietojen tarkastelu ja muokkaus Hae ensin opiskelija [&hellip;]","og_url":"https:\/\/help.jamk.fi\/peppi-ohjeet-henkilokunnalle\/fi\/opiskelijahallinto\/opiskelijat-valikko\/henkilotietojen-tarkastelu-ja-muokkaus\/","og_site_name":"Peppi-ohjeet henkil\u00f6kunnalle","article_modified_time":"2024-01-11T12:45:01+00:00","og_image":[{"url":"https:\/\/help.jamk.fi\/peppi-ohjeet-henkilokunnalle\/wp-content\/uploads\/sites\/131\/2020\/02\/Henkilotiedot_yksittainen_opiskelija.png","type":"","width":"","height":""}],"twitter_card":"summary_large_image","twitter_misc":{"Arvioitu lukuaika":"4 minuuttia"},"schema":{"@context":"https:\/\/schema.org","@graph":[{"@type":"WebPage","@id":"https:\/\/help.jamk.fi\/peppi-ohjeet-henkilokunnalle\/fi\/opiskelijahallinto\/opiskelijat-valikko\/henkilotietojen-tarkastelu-ja-muokkaus\/","url":"https:\/\/help.jamk.fi\/peppi-ohjeet-henkilokunnalle\/fi\/opiskelijahallinto\/opiskelijat-valikko\/henkilotietojen-tarkastelu-ja-muokkaus\/","name":"Henkil\u00f6tietojen muokkaus ja tarkastelu - Peppi-ohjeet henkil\u00f6kunnalle","isPartOf":{"@id":"https:\/\/help.jamk.fi\/peppi-ohjeet-henkilokunnalle\/#website"},"primaryImageOfPage":{"@id":"https:\/\/help.jamk.fi\/peppi-ohjeet-henkilokunnalle\/fi\/opiskelijahallinto\/opiskelijat-valikko\/henkilotietojen-tarkastelu-ja-muokkaus\/#primaryimage"},"image":{"@id":"https:\/\/help.jamk.fi\/peppi-ohjeet-henkilokunnalle\/fi\/opiskelijahallinto\/opiskelijat-valikko\/henkilotietojen-tarkastelu-ja-muokkaus\/#primaryimage"},"thumbnailUrl":"https:\/\/help.jamk.fi\/peppi-ohjeet-henkilokunnalle\/wp-content\/uploads\/sites\/131\/2020\/02\/Henkilotiedot_yksittainen_opiskelija.png","datePublished":"2020-02-04T10:05:07+00:00","dateModified":"2024-01-11T12:45:01+00:00","breadcrumb":{"@id":"https:\/\/help.jamk.fi\/peppi-ohjeet-henkilokunnalle\/fi\/opiskelijahallinto\/opiskelijat-valikko\/henkilotietojen-tarkastelu-ja-muokkaus\/#breadcrumb"},"inLanguage":"fi","potentialAction":[{"@type":"ReadAction","target":["https:\/\/help.jamk.fi\/peppi-ohjeet-henkilokunnalle\/fi\/opiskelijahallinto\/opiskelijat-valikko\/henkilotietojen-tarkastelu-ja-muokkaus\/"]}]},{"@type":"ImageObject","inLanguage":"fi","@id":"https:\/\/help.jamk.fi\/peppi-ohjeet-henkilokunnalle\/fi\/opiskelijahallinto\/opiskelijat-valikko\/henkilotietojen-tarkastelu-ja-muokkaus\/#primaryimage","url":"https:\/\/help.jamk.fi\/peppi-ohjeet-henkilokunnalle\/wp-content\/uploads\/sites\/131\/2020\/02\/Henkilotiedot_yksittainen_opiskelija.png","contentUrl":"https:\/\/help.jamk.fi\/peppi-ohjeet-henkilokunnalle\/wp-content\/uploads\/sites\/131\/2020\/02\/Henkilotiedot_yksittainen_opiskelija.png"},{"@type":"BreadcrumbList","@id":"https:\/\/help.jamk.fi\/peppi-ohjeet-henkilokunnalle\/fi\/opiskelijahallinto\/opiskelijat-valikko\/henkilotietojen-tarkastelu-ja-muokkaus\/#breadcrumb","itemListElement":[{"@type":"ListItem","position":1,"name":"Home","item":"https:\/\/help.jamk.fi\/peppi-ohjeet-henkilokunnalle\/en\/"},{"@type":"ListItem","position":2,"name":"Opiskelijahallinto","item":"https:\/\/help.jamk.fi\/peppi-ohjeet-henkilokunnalle\/fi\/opiskelijahallinto\/"},{"@type":"ListItem","position":3,"name":"Opiskelijoiden hallinta","item":"https:\/\/help.jamk.fi\/peppi-ohjeet-henkilokunnalle\/fi\/opiskelijahallinto\/opiskelijat-valikko\/"},{"@type":"ListItem","position":4,"name":"Henkil\u00f6tietojen muokkaus ja tarkastelu"}]},{"@type":"WebSite","@id":"https:\/\/help.jamk.fi\/peppi-ohjeet-henkilokunnalle\/#website","url":"https:\/\/help.jamk.fi\/peppi-ohjeet-henkilokunnalle\/","name":"Peppi-ohjeet henkil\u00f6kunnalle","description":"","potentialAction":[{"@type":"SearchAction","target":{"@type":"EntryPoint","urlTemplate":"https:\/\/help.jamk.fi\/peppi-ohjeet-henkilokunnalle\/?s={search_term_string}"},"query-input":{"@type":"PropertyValueSpecification","valueRequired":true,"valueName":"search_term_string"}}],"inLanguage":"fi"}]}},"_links":{"self":[{"href":"https:\/\/help.jamk.fi\/peppi-ohjeet-henkilokunnalle\/wp-json\/wp\/v2\/pages\/4558","targetHints":{"allow":["GET"]}}],"collection":[{"href":"https:\/\/help.jamk.fi\/peppi-ohjeet-henkilokunnalle\/wp-json\/wp\/v2\/pages"}],"about":[{"href":"https:\/\/help.jamk.fi\/peppi-ohjeet-henkilokunnalle\/wp-json\/wp\/v2\/types\/page"}],"author":[{"embeddable":true,"href":"https:\/\/help.jamk.fi\/peppi-ohjeet-henkilokunnalle\/wp-json\/wp\/v2\/users\/77"}],"replies":[{"embeddable":true,"href":"https:\/\/help.jamk.fi\/peppi-ohjeet-henkilokunnalle\/wp-json\/wp\/v2\/comments?post=4558"}],"version-history":[{"count":18,"href":"https:\/\/help.jamk.fi\/peppi-ohjeet-henkilokunnalle\/wp-json\/wp\/v2\/pages\/4558\/revisions"}],"predecessor-version":[{"id":6256,"href":"https:\/\/help.jamk.fi\/peppi-ohjeet-henkilokunnalle\/wp-json\/wp\/v2\/pages\/4558\/revisions\/6256"}],"up":[{"embeddable":true,"href":"https:\/\/help.jamk.fi\/peppi-ohjeet-henkilokunnalle\/wp-json\/wp\/v2\/pages\/4555"}],"wp:attachment":[{"href":"https:\/\/help.jamk.fi\/peppi-ohjeet-henkilokunnalle\/wp-json\/wp\/v2\/media?parent=4558"}],"wp:term":[{"taxonomy":"category","embeddable":true,"href":"https:\/\/help.jamk.fi\/peppi-ohjeet-henkilokunnalle\/wp-json\/wp\/v2\/categories?post=4558"},{"taxonomy":"post_tag","embeddable":true,"href":"https:\/\/help.jamk.fi\/peppi-ohjeet-henkilokunnalle\/wp-json\/wp\/v2\/tags?post=4558"}],"curies":[{"name":"wp","href":"https:\/\/api.w.org\/{rel}","templated":true}]}}